{"id":9098,"date":"2021-07-02T17:16:05","date_gmt":"2021-07-02T17:16:05","guid":{"rendered":"https:\/\/globalmedsonlineinc.com\/fr\/?post_type=product&#038;p=9098"},"modified":"2025-11-29T18:32:02","modified_gmt":"2025-11-29T18:32:02","slug":"adderall","status":"publish","type":"product","link":"https:\/\/globalmedsonlineinc.com\/fr\/product\/anti-douleurs\/adderall\/","title":{"rendered":"Achetez les pilules Adderall en ligne"},"content":{"rendered":"<h1>Achetez de l&#8217;Adderall en ligne sans ordonnance \u2013 Livraison rapide et discr\u00e8te dans le monde entier<\/h1>\n<p><a href=\"https:\/\/globalmedsonlineinc.com\/fr\/product\/anti-douleurs\/adderall\/\">Achetez de l&#8217;Adderall en ligne sans ordonnance<\/a>. Vous avez des difficult\u00e9s de concentration, souffrez d&#8217;hyperactivit\u00e9 ou de crises de sommeil soudaines\u00a0? Achetez de l&#8217;Adderall en ligne chez Global Meds Inc. pour une solution fiable et efficace contre les sympt\u00f4mes du TDAH et de la narcolepsie. Nos comprim\u00e9s d&#8217;Adderall 30\u00a0mg associent amph\u00e9tamine et dextroamph\u00e9tamine pour stimuler la production de neurotransmetteurs comme la dopamine et la noradr\u00e9naline, am\u00e9liorant ainsi la vigilance, l&#8217;\u00e9nergie et le contr\u00f4le des impulsions. En tant que fournisseur de confiance pour l&#8217;achat d&#8217;Adderall en ligne sans ordonnance, nous proposons des g\u00e9n\u00e9riques de qualit\u00e9 sup\u00e9rieure \u00e0 des prix imbattables \u00e0 partir de 250\u00a0\u20ac, avec des options de commande en gros jusqu&#8217;\u00e0 1\u00a0200\u00a0\u20ac pour un approvisionnement prolong\u00e9.<\/p>\n<p>Pourquoi choisir l&#8217;Adderall 30\u00a0mg pour le traitement du TDAH et de la narcolepsie\u00a0?<\/p>\n<p>L&#8217;Adderall est un stimulant du syst\u00e8me nerveux central largement utilis\u00e9 aux \u00c9tats-Unis et au Canada pour traiter le trouble du d\u00e9ficit de l&#8217;attention avec hyperactivit\u00e9 (TDAH) et la narcolepsie. Contrairement \u00e0 d&#8217;autres m\u00e9dicaments, il cible directement les neurotransmetteurs, aidant ainsi \u00e0 maintenir l&#8217;attention au travail, pendant les \u00e9tudes ou les t\u00e2ches quotidiennes. Ses principaux avantages sont les suivants\u00a0:<\/p>\n<p>Am\u00e9lioration de la concentration\u00a0: R\u00e9duit les distractions et l&#8217;hyperactivit\u00e9, id\u00e9al pour les \u00e9tudiants et les professionnels.<\/p>\n<p>\u00c9nergie accrue\u00a0: Augmente le rythme cardiaque et le flux sanguin pour une \u00e9nergie durable sans coup de fatigue.<\/p>\n<p>Soulagement rapide des sympt\u00f4mes\u00a0: Effets perceptibles en quelques heures, favorisant un meilleur sommeil lorsqu&#8217;il est utilis\u00e9 conform\u00e9ment aux instructions.<\/p>\n<p>Fini les files d&#8217;attente \u00e0 la pharmacie et les complications li\u00e9es aux ordonnances. Avec notre Adderall en vente en ligne, acc\u00e9dez instantan\u00e9ment \u00e0 des produits authentiques, dont la puret\u00e9 et l&#8217;efficacit\u00e9 sont v\u00e9rifi\u00e9es. De plus, profitez de la livraison express pour vos besoins urgents\u00a0: un emballage 100\u00a0% discret garantit votre confidentialit\u00e9 \u00e0 chaque \u00e9tape.<\/p>\n<p>Posologie et pr\u00e9cautions d&#8217;emploi<\/p>\n<p>Pour des r\u00e9sultats optimaux, commencez par la dose recommand\u00e9e d&#8217;Adderall de 30\u00a0mg, une ou deux fois par jour, selon les recommandations d&#8217;un professionnel de sant\u00e9. Il est pr\u00e9f\u00e9rable de le prendre le matin pour \u00e9viter les perturbations du sommeil. Consultez toujours un m\u00e9decin si vous souffrez d&#8217;hypertension art\u00e9rielle, de glaucome, de maladie cardiaque ou si vous avez des ant\u00e9c\u00e9dents de toxicomanie.<\/p>\n<p>Avertissements importants\u00a0:<\/p>\n<p>\u00c9vitez d&#8217;associer ce m\u00e9dicament \u00e0 des inhibiteurs de la MAO (par exemple, l&#8217;isocarboxazide) pendant 14\u00a0jours afin de pr\u00e9venir des interactions graves.<\/p>\n<p>Ce m\u00e9dicament est d\u00e9conseill\u00e9 aux personnes allergiques aux stimulants, souffrant d&#8217;anxi\u00e9t\u00e9 s\u00e9v\u00e8re ou de probl\u00e8mes de d\u00e9pendance.<\/p>\n<p>Effets secondaires potentiels\u00a0: Diminution de l&#8217;app\u00e9tit pouvant entra\u00eener une perte de poids, irritabilit\u00e9 ou agitation. Un usage abusif peut provoquer une d\u00e9pendance, une d\u00e9pression ou des risques cardiaques\u00a0; utilisez ce m\u00e9dicament de fa\u00e7on responsable.<\/p>\n<p>Chez Global Meds Inc., la s\u00e9curit\u00e9 est notre priorit\u00e9. Nous fournissons des guides d\u00e9taill\u00e9s avec chaque commande d&#8217;Adderall en ligne afin de minimiser les risques et d&#8217;optimiser les bienfaits.<\/p>\n<p>Toutes les transactions sont crypt\u00e9es et s\u00e9curis\u00e9es, et nous offrons une garantie de remboursement si vous n&#8217;\u00eates pas enti\u00e8rement satisfait. Achetez de l&#8217;Adderall 30\u00a0mg en ligne d\u00e8s aujourd&#8217;hui et soulagez vos sympt\u00f4mes du TDAH en toute simplicit\u00e9.<\/p>\n<p>Livraison rapide et discr\u00e8te et assistance client\u00e8le<\/p>\n<p>Nous livrons Adderall discr\u00e8tement partout dans le monde. Votre colis arrive sous enveloppe neutre sous 3 \u00e0 7 jours ouvr\u00e9s, ou en 24h pour certaines destinations. Suivez votre commande en temps r\u00e9el et contactez notre assistance 24h\/24 et 7j\/7 pour toute question.<\/p>\n<p>Ne laissez pas le TDAH vous freiner. Commandez Adderall en ligne sans ordonnance d\u00e8s maintenant et retrouvez votre concentration. Stock limit\u00e9 \u2013 commandez le v\u00f4tre aujourd&#8217;hui\u00a0!<\/p>\n<p>Avertissement\u00a0: Ce produit est pr\u00e9sent\u00e9 \u00e0 titre informatif. Consultez un m\u00e9decin avant utilisation. Global Meds Inc. promeut un acc\u00e8s responsable aux m\u00e9dicaments.<\/p>\n","protected":false},"excerpt":{"rendered":"<p>Adderall 30 MG est un type de m\u00e9dicament qui est form\u00e9 par la combinaison et la dextroamph\u00e9tamine. Ces deux composants servent de stimulants primaires du syst\u00e8me nerveux. De plus, ces stimulants ont un impact sur les substances chimiques du cerveau et les nerfs afin de contr\u00f4ler les impulsions et l&#8217;hyperactivit\u00e9.<\/p>\n","protected":false},"featured_media":9100,"comment_status":"open","ping_status":"closed","template":"","meta":{"_acf_changed":false,"_monsterinsights_skip_tracking":false,"_monsterinsights_sitenote_active":false,"_monsterinsights_sitenote_note":"","_monsterinsights_sitenote_category":0},"product_brand":[],"product_cat":[52],"product_tag":[764,763,766,765,767,768],"class_list":{"0":"post-9098","1":"product","2":"type-product","3":"status-publish","4":"has-post-thumbnail","6":"product_cat-anti-douleurs","7":"product_tag-acheter-adderall-30-mg-en-ligne","8":"product_tag-adderall-30-mg-en-vente","9":"product_tag-commander-adderall-30-mg-en-ligne","10":"product_tag-comment-acheter-adderall-30-mg-en-ligne","11":"product_tag-le-meilleur-endroit-pour-acheter-adderall-30-mg-en-ligne","12":"product_tag-ou-acheter-adderall-30-mg-en-ligne","14":"first","15":"instock","16":"shipping-taxable","17":"purchasable","18":"product-type-variable","19":"has-default-attributes"},"acf":[],"yoast_head":"<!-- This site is optimized with the Yoast SEO plugin v27.2 - https:\/\/yoast.com\/product\/yoast-seo-wordpress\/ -->\n<title>Achetez de l&#039;Adderall en ligne sans ordonnance | Global Meds Inc.<\/title>\n<meta name=\"description\" content=\"Pilules Adderall \u00e0 vendre en ligne sans ordonnance. Nous vendons des pilules Adderall de la meilleure qualit\u00e9. Veuillez nous contacter pour plus d&#039;informations.Achetez de l&#039;Adderall 30 mg en ligne sans ordonnance chez Global Meds Inc. \u2013 Livraison rapide et discr\u00e8te pour soulager le TDAH et la narcolepsie. Comprim\u00e9s de qualit\u00e9 sup\u00e9rieure \u00e0 partir de 250 \u20ac. Commandes s\u00e9curis\u00e9es sans ordonnance avec garantie de remboursement !\" \/>\n<meta name=\"robots\" content=\"index, follow, max-snippet:-1, max-image-preview:large, max-video-preview:-1\" \/>\n<link rel=\"canonical\" href=\"https:\/\/globalmedsonlineinc.com\/fr\/product\/anti-douleurs\/adderall\/\" \/>\n<meta property=\"og:locale\" content=\"fr_FR\" \/>\n<meta property=\"og:type\" content=\"article\" \/>\n<meta property=\"og:title\" content=\"Achetez de l&#039;Adderall en ligne sans ordonnance | Global Meds Inc.\" \/>\n<meta property=\"og:description\" content=\"Pilules Adderall \u00e0 vendre en ligne sans ordonnance. Nous vendons des pilules Adderall de la meilleure qualit\u00e9. Veuillez nous contacter pour plus d&#039;informations.Achetez de l&#039;Adderall 30 mg en ligne sans ordonnance chez Global Meds Inc. \u2013 Livraison rapide et discr\u00e8te pour soulager le TDAH et la narcolepsie. Comprim\u00e9s de qualit\u00e9 sup\u00e9rieure \u00e0 partir de 250 \u20ac. Commandes s\u00e9curis\u00e9es sans ordonnance avec garantie de remboursement !\" \/>\n<meta property=\"og:url\" content=\"https:\/\/globalmedsonlineinc.com\/fr\/product\/anti-douleurs\/adderall\/\" \/>\n<meta property=\"og:site_name\" content=\"Global Meds Inc\" \/>\n<meta property=\"article:modified_time\" content=\"2025-11-29T18:32:02+00:00\" \/>\n<meta property=\"og:image\" content=\"https:\/\/globalmedsonlineinc.com\/fr\/content\/media\/uploads\/sites\/5\/2021\/07\/Buy-Adderall-30-MG.jpg\" \/>\n\t<meta property=\"og:image:width\" content=\"1200\" \/>\n\t<meta property=\"og:image:height\" content=\"1200\" \/>\n\t<meta property=\"og:image:type\" content=\"image\/jpeg\" \/>\n<meta name=\"twitter:card\" content=\"summary_large_image\" \/>\n<meta name=\"twitter:label1\" content=\"Dur\u00e9e de lecture estim\u00e9e\" \/>\n\t<meta name=\"twitter:data1\" content=\"4 minutes\" \/>\n<script type=\"application\/ld+json\" class=\"yoast-schema-graph\">{\"@context\":\"https:\/\/schema.org\",\"@graph\":[{\"@type\":\"WebPage\",\"@id\":\"https:\/\/globalmedsonlineinc.com\/fr\/product\/anti-douleurs\/adderall\/\",\"url\":\"https:\/\/globalmedsonlineinc.com\/fr\/product\/anti-douleurs\/adderall\/\",\"name\":\"Achetez de l'Adderall en ligne sans ordonnance | Global Meds Inc.\",\"isPartOf\":{\"@id\":\"https:\/\/globalmedsonlineinc.com\/fr\/#website\"},\"primaryImageOfPage\":{\"@id\":\"https:\/\/globalmedsonlineinc.com\/fr\/product\/anti-douleurs\/adderall\/#primaryimage\"},\"image\":{\"@id\":\"https:\/\/globalmedsonlineinc.com\/fr\/product\/anti-douleurs\/adderall\/#primaryimage\"},\"thumbnailUrl\":\"https:\/\/globalmedsonlineinc.com\/fr\/content\/media\/uploads\/sites\/5\/2021\/07\/Buy-Adderall-30-MG.jpg\",\"datePublished\":\"2021-07-02T17:16:05+00:00\",\"dateModified\":\"2025-11-29T18:32:02+00:00\",\"description\":\"Pilules Adderall \u00e0 vendre en ligne sans ordonnance. Nous vendons des pilules Adderall de la meilleure qualit\u00e9. Veuillez nous contacter pour plus d'informations.Achetez de l'Adderall 30 mg en ligne sans ordonnance chez Global Meds Inc. \u2013 Livraison rapide et discr\u00e8te pour soulager le TDAH et la narcolepsie. Comprim\u00e9s de qualit\u00e9 sup\u00e9rieure \u00e0 partir de 250 \u20ac. Commandes s\u00e9curis\u00e9es sans ordonnance avec garantie de remboursement !\",\"breadcrumb\":{\"@id\":\"https:\/\/globalmedsonlineinc.com\/fr\/product\/anti-douleurs\/adderall\/#breadcrumb\"},\"inLanguage\":\"fr-FR\",\"potentialAction\":[{\"@type\":\"ReadAction\",\"target\":[\"https:\/\/globalmedsonlineinc.com\/fr\/product\/anti-douleurs\/adderall\/\"]}]},{\"@type\":\"ImageObject\",\"inLanguage\":\"fr-FR\",\"@id\":\"https:\/\/globalmedsonlineinc.com\/fr\/product\/anti-douleurs\/adderall\/#primaryimage\",\"url\":\"https:\/\/globalmedsonlineinc.com\/fr\/content\/media\/uploads\/sites\/5\/2021\/07\/Buy-Adderall-30-MG.jpg\",\"contentUrl\":\"https:\/\/globalmedsonlineinc.com\/fr\/content\/media\/uploads\/sites\/5\/2021\/07\/Buy-Adderall-30-MG.jpg\",\"width\":1200,\"height\":1200,\"caption\":\"Achetez de l'Adderall en ligne sans ordonnance\"},{\"@type\":\"BreadcrumbList\",\"@id\":\"https:\/\/globalmedsonlineinc.com\/fr\/product\/anti-douleurs\/adderall\/#breadcrumb\",\"itemListElement\":[{\"@type\":\"ListItem\",\"position\":1,\"name\":\"Home\",\"item\":\"https:\/\/globalmedsonlineinc.com\/fr\/\"},{\"@type\":\"ListItem\",\"position\":2,\"name\":\"Produits\",\"item\":\"https:\/\/globalmedsonlineinc.com\/fr\/produits\/\"},{\"@type\":\"ListItem\",\"position\":3,\"name\":\"Achetez les pilules Adderall en ligne\"}]},{\"@type\":\"WebSite\",\"@id\":\"https:\/\/globalmedsonlineinc.com\/fr\/#website\",\"url\":\"https:\/\/globalmedsonlineinc.com\/fr\/\",\"name\":\"Global Meds Inc\",\"description\":\"\",\"potentialAction\":[{\"@type\":\"SearchAction\",\"target\":{\"@type\":\"EntryPoint\",\"urlTemplate\":\"https:\/\/globalmedsonlineinc.com\/fr\/?s={search_term_string}\"},\"query-input\":{\"@type\":\"PropertyValueSpecification\",\"valueRequired\":true,\"valueName\":\"search_term_string\"}}],\"inLanguage\":\"fr-FR\"}]}<\/script>\n<!-- \/ Yoast SEO plugin. -->","yoast_head_json":{"title":"Achetez de l'Adderall en ligne sans ordonnance | Global Meds Inc.","description":"Pilules Adderall \u00e0 vendre en ligne sans ordonnance. Nous vendons des pilules Adderall de la meilleure qualit\u00e9. Veuillez nous contacter pour plus d'informations.Achetez de l'Adderall 30 mg en ligne sans ordonnance chez Global Meds Inc. \u2013 Livraison rapide et discr\u00e8te pour soulager le TDAH et la narcolepsie. Comprim\u00e9s de qualit\u00e9 sup\u00e9rieure \u00e0 partir de 250 \u20ac. Commandes s\u00e9curis\u00e9es sans ordonnance avec garantie de remboursement !","robots":{"index":"index","follow":"follow","max-snippet":"max-snippet:-1","max-image-preview":"max-image-preview:large","max-video-preview":"max-video-preview:-1"},"canonical":"https:\/\/globalmedsonlineinc.com\/fr\/product\/anti-douleurs\/adderall\/","og_locale":"fr_FR","og_type":"article","og_title":"Achetez de l'Adderall en ligne sans ordonnance | Global Meds Inc.","og_description":"Pilules Adderall \u00e0 vendre en ligne sans ordonnance. Nous vendons des pilules Adderall de la meilleure qualit\u00e9. Veuillez nous contacter pour plus d'informations.Achetez de l'Adderall 30 mg en ligne sans ordonnance chez Global Meds Inc. \u2013 Livraison rapide et discr\u00e8te pour soulager le TDAH et la narcolepsie. Comprim\u00e9s de qualit\u00e9 sup\u00e9rieure \u00e0 partir de 250 \u20ac. Commandes s\u00e9curis\u00e9es sans ordonnance avec garantie de remboursement !","og_url":"https:\/\/globalmedsonlineinc.com\/fr\/product\/anti-douleurs\/adderall\/","og_site_name":"Global Meds Inc","article_modified_time":"2025-11-29T18:32:02+00:00","og_image":[{"width":1200,"height":1200,"url":"https:\/\/globalmedsonlineinc.com\/fr\/content\/media\/uploads\/sites\/5\/2021\/07\/Buy-Adderall-30-MG.jpg","type":"image\/jpeg"}],"twitter_card":"summary_large_image","twitter_misc":{"Dur\u00e9e de lecture estim\u00e9e":"4 minutes"},"schema":{"@context":"https:\/\/schema.org","@graph":[{"@type":"WebPage","@id":"https:\/\/globalmedsonlineinc.com\/fr\/product\/anti-douleurs\/adderall\/","url":"https:\/\/globalmedsonlineinc.com\/fr\/product\/anti-douleurs\/adderall\/","name":"Achetez de l'Adderall en ligne sans ordonnance | Global Meds Inc.","isPartOf":{"@id":"https:\/\/globalmedsonlineinc.com\/fr\/#website"},"primaryImageOfPage":{"@id":"https:\/\/globalmedsonlineinc.com\/fr\/product\/anti-douleurs\/adderall\/#primaryimage"},"image":{"@id":"https:\/\/globalmedsonlineinc.com\/fr\/product\/anti-douleurs\/adderall\/#primaryimage"},"thumbnailUrl":"https:\/\/globalmedsonlineinc.com\/fr\/content\/media\/uploads\/sites\/5\/2021\/07\/Buy-Adderall-30-MG.jpg","datePublished":"2021-07-02T17:16:05+00:00","dateModified":"2025-11-29T18:32:02+00:00","description":"Pilules Adderall \u00e0 vendre en ligne sans ordonnance. Nous vendons des pilules Adderall de la meilleure qualit\u00e9. Veuillez nous contacter pour plus d'informations.Achetez de l'Adderall 30 mg en ligne sans ordonnance chez Global Meds Inc. \u2013 Livraison rapide et discr\u00e8te pour soulager le TDAH et la narcolepsie. Comprim\u00e9s de qualit\u00e9 sup\u00e9rieure \u00e0 partir de 250 \u20ac. Commandes s\u00e9curis\u00e9es sans ordonnance avec garantie de remboursement !","breadcrumb":{"@id":"https:\/\/globalmedsonlineinc.com\/fr\/product\/anti-douleurs\/adderall\/#breadcrumb"},"inLanguage":"fr-FR","potentialAction":[{"@type":"ReadAction","target":["https:\/\/globalmedsonlineinc.com\/fr\/product\/anti-douleurs\/adderall\/"]}]},{"@type":"ImageObject","inLanguage":"fr-FR","@id":"https:\/\/globalmedsonlineinc.com\/fr\/product\/anti-douleurs\/adderall\/#primaryimage","url":"https:\/\/globalmedsonlineinc.com\/fr\/content\/media\/uploads\/sites\/5\/2021\/07\/Buy-Adderall-30-MG.jpg","contentUrl":"https:\/\/globalmedsonlineinc.com\/fr\/content\/media\/uploads\/sites\/5\/2021\/07\/Buy-Adderall-30-MG.jpg","width":1200,"height":1200,"caption":"Achetez de l'Adderall en ligne sans ordonnance"},{"@type":"BreadcrumbList","@id":"https:\/\/globalmedsonlineinc.com\/fr\/product\/anti-douleurs\/adderall\/#breadcrumb","itemListElement":[{"@type":"ListItem","position":1,"name":"Home","item":"https:\/\/globalmedsonlineinc.com\/fr\/"},{"@type":"ListItem","position":2,"name":"Produits","item":"https:\/\/globalmedsonlineinc.com\/fr\/produits\/"},{"@type":"ListItem","position":3,"name":"Achetez les pilules Adderall en ligne"}]},{"@type":"WebSite","@id":"https:\/\/globalmedsonlineinc.com\/fr\/#website","url":"https:\/\/globalmedsonlineinc.com\/fr\/","name":"Global Meds Inc","description":"","potentialAction":[{"@type":"SearchAction","target":{"@type":"EntryPoint","urlTemplate":"https:\/\/globalmedsonlineinc.com\/fr\/?s={search_term_string}"},"query-input":{"@type":"PropertyValueSpecification","valueRequired":true,"valueName":"search_term_string"}}],"inLanguage":"fr-FR"}]}},"_links":{"self":[{"href":"https:\/\/globalmedsonlineinc.com\/fr\/wp-json\/wp\/v2\/product\/9098","targetHints":{"allow":["GET"]}}],"collection":[{"href":"https:\/\/globalmedsonlineinc.com\/fr\/wp-json\/wp\/v2\/product"}],"about":[{"href":"https:\/\/globalmedsonlineinc.com\/fr\/wp-json\/wp\/v2\/types\/product"}],"replies":[{"embeddable":true,"href":"https:\/\/globalmedsonlineinc.com\/fr\/wp-json\/wp\/v2\/comments?post=9098"}],"wp:featuredmedia":[{"embeddable":true,"href":"https:\/\/globalmedsonlineinc.com\/fr\/wp-json\/wp\/v2\/media\/9100"}],"wp:attachment":[{"href":"https:\/\/globalmedsonlineinc.com\/fr\/wp-json\/wp\/v2\/media?parent=9098"}],"wp:term":[{"taxonomy":"product_brand","embeddable":true,"href":"https:\/\/globalmedsonlineinc.com\/fr\/wp-json\/wp\/v2\/product_brand?post=9098"},{"taxonomy":"product_cat","embeddable":true,"href":"https:\/\/globalmedsonlineinc.com\/fr\/wp-json\/wp\/v2\/product_cat?post=9098"},{"taxonomy":"product_tag","embeddable":true,"href":"https:\/\/globalmedsonlineinc.com\/fr\/wp-json\/wp\/v2\/product_tag?post=9098"}],"curies":[{"name":"wp","href":"https:\/\/api.w.org\/{rel}","templated":true}]}}