{"id":9086,"date":"2021-07-02T17:04:14","date_gmt":"2021-07-02T17:04:14","guid":{"rendered":"https:\/\/globalmedsonlineinc.com\/fr\/?post_type=product&#038;p=9086"},"modified":"2025-11-29T18:30:26","modified_gmt":"2025-11-29T18:30:26","slug":"oxycodone","status":"publish","type":"product","link":"https:\/\/globalmedsonlineinc.com\/fr\/product\/anti-douleurs\/oxycodone\/","title":{"rendered":"Achetez des pilules d&#8217;oxycodone en ligne"},"content":{"rendered":"<h1>Achetez de l&#8217;oxycodone en ligne \u2013 Soulagement rapide des douleurs mod\u00e9r\u00e9es \u00e0 s\u00e9v\u00e8res<\/h1>\n<p><a href=\"https:\/\/globalmedsonlineinc.com\/fr\/product\/anti-douleurs\/oxycodone\/\">Achetez de l&#8217;oxycodone en ligne sans ordonnance<\/a>. Vous souffrez de douleurs persistantes, mod\u00e9r\u00e9es \u00e0 s\u00e9v\u00e8res, qui perturbent votre quotidien\u00a0? L&#8217;oxycodone offre une solution fiable et un soulagement efficace de la douleur, directement chez vous. Chez Global Meds Inc., vous pouvez acheter de l&#8217;oxycodone en ligne sans ordonnance, rapidement et en toute s\u00e9curit\u00e9. Notre oxycodone de haute qualit\u00e9 est disponible en diff\u00e9rents dosages, formes, tailles et couleurs, pour r\u00e9pondre \u00e0 vos besoins\u00a0: comprim\u00e9s pratiques ou solution buvable pour une administration plus facile.<\/p>\n<p>Opio\u00efde semi-synth\u00e9tique, l&#8217;oxycodone est le principe actif de nombreux analg\u00e9siques reconnus, souvent associ\u00e9 \u00e0 du parac\u00e9tamol, de l&#8217;aspirine ou de l&#8217;ibuprof\u00e8ne pour un effet renforc\u00e9. Commercialis\u00e9 sous des noms de marque comme OxyContin, il est prescrit pour des affections telles que les douleurs dorsales chroniques, la convalescence post-op\u00e9ratoire ou les douleurs li\u00e9es \u00e0 une blessure. \u00c9vitez les tracas des consultations m\u00e9dicales et des files d&#8217;attente \u00e0 la pharmacie\u00a0: commandez de l&#8217;oxycodone en ligne d\u00e8s aujourd&#8217;hui et constatez la diff\u00e9rence.<\/p>\n<p>Pourquoi choisir l&#8217;oxycodone pour la gestion de la douleur\u00a0?<\/p>\n<p>Gr\u00e2ce \u00e0 sa formule \u00e0 action rapide, l&#8217;oxycodone en comprim\u00e9s est une solution efficace pour soulager la douleur. Voici ses principaux atouts\u00a0:<\/p>\n<p>Soulagement puissant de la douleur\u00a0: Cible les douleurs mod\u00e9r\u00e9es \u00e0 s\u00e9v\u00e8res, vous aidant \u00e0 retrouver votre mobilit\u00e9 et votre s\u00e9r\u00e9nit\u00e9.<\/p>\n<p>Dosages flexibles\u00a0: Disponible en plusieurs dosages pour r\u00e9pondre \u00e0 vos besoins sp\u00e9cifiques, des faibles doses pour une gestion quotidienne aux doses plus \u00e9lev\u00e9es pour les crises aigu\u00ebs.<\/p>\n<p>Formes vari\u00e9es\u00a0: Optez pour des comprim\u00e9s faciles \u00e0 avaler ou pour l&#8217;oxycodone liquide si vous pr\u00e9f\u00e9rez d&#8217;autres options.<\/p>\n<p>Sans ordonnance\u00a0: Nous simplifions l&#8217;achat d&#8217;oxycodone en ligne sans ordonnance, pour plus de confidentialit\u00e9 et de commodit\u00e9.<\/p>\n<p>Que vous souffriez de probl\u00e8mes chroniques comme l&#8217;arthrite, la neuropathie ou que vous soyez en convalescence apr\u00e8s un accident, acheter de l&#8217;oxycodone en ligne chez nous vous garantit une qualit\u00e9 pharmaceutique sous contr\u00f4le d&#8217;experts. De plus, notre inventaire comprend des analg\u00e9siques apparent\u00e9s comme l&#8217;OxyContin, le Percocet, l&#8217;Hydrocodone, le Tramadol et la Morphine pour un soulagement complet.<\/p>\n<p>Prix abordables et options de paiement s\u00e9curis\u00e9es<\/p>\n<p>Nous pensons que soulager la douleur ne devrait pas \u00eatre un luxe. Notre Oxycodone est disponible \u00e0 partir de 220 \u20ac pour une quantit\u00e9 standard, avec des options en gros jusqu&#8217;\u00e0 300 \u20ac pour un meilleur rapport qualit\u00e9-prix. B\u00e9n\u00e9ficiez d&#8217;une tarification transparente sans frais cach\u00e9s et profitez de notre garantie de remboursement pour une tranquillit\u00e9 d&#8217;esprit totale.<\/p>\n<p>Le paiement est simple et s\u00e9curis\u00e9 gr\u00e2ce \u00e0 des m\u00e9thodes comme les cartes de cr\u00e9dit, les portefeuilles \u00e9lectroniques et les virements bancaires. Une fois votre commande pass\u00e9e, vous recevrez une confirmation en quelques minutes. Achetez vos comprim\u00e9s d&#8217;Oxycodone en ligne et soulagez votre douleur d\u00e8s aujourd&#8217;hui.<\/p>\n<p>Livraison discr\u00e8te et ultra-rapide dans le monde entier<\/p>\n<p>Chez Global Meds Inc., nous privil\u00e9gions la confidentialit\u00e9 et la rapidit\u00e9. Notre livraison discr\u00e8te garantit que votre colis arrive sans laisser de trace\u00a0:<\/p>\n<p>Livraison express\u00a0: Livraison en 24\u00a0h ou en 24\u00a0h pour les besoins urgents. Emballage discret\u00a0: Scell\u00e9 sous papier aluminium, envelopp\u00e9 de tungst\u00e8ne et de papier carbone pour \u00e9chapper aux rayons X des douanes \u2013 sans \u00e9tiquette ni marquage.<\/p>\n<p>Livraison \u00e0 domicile\u00a0: Directement chez vous, discr\u00e8tement emball\u00e9 dans du papier neutre.<\/p>\n<p>100\u00a0% de r\u00e9ussite\u00a0: Nous garantissons des livraisons r\u00e9ussies \u00e0 100\u00a0%, avec un service client complet \u00e0 chaque \u00e9tape.<\/p>\n<p>Fini les soucis de retards ou de d\u00e9tection\u00a0! Commandez de l\u2019oxycodone en ligne et recevez-la en toute s\u00e9curit\u00e9, que vous soyez en Europe, aux \u00c9tats-Unis ou ailleurs. Nous exp\u00e9dions dans le monde entier avec suivi disponible sur demande.<\/p>\n<p>Comment acheter de l\u2019oxycodone en ligne en toute s\u00e9curit\u00e9 avec nous<\/p>\n<p>C\u2019est tr\u00e8s simple\u00a0:<\/p>\n<p>Parcourez et s\u00e9lectionnez\u00a0: Choisissez le dosage et la quantit\u00e9 d\u2019oxycodone qui vous conviennent dans notre catalogue facile \u00e0 consulter.<\/p>\n<p>Ajoutez au panier\u00a0: R\u00e9servez vos comprim\u00e9s d\u2019oxycodone en un clic.<\/p>\n<p>Payez en toute s\u00e9curit\u00e9\u00a0: Saisissez vos informations (nous ne conservons jamais vos donn\u00e9es sensibles) et effectuez votre paiement. Suivez votre commande : Recevez des mises \u00e0 jour et profitez d&#8217;une livraison en seulement 24 heures.<\/p>\n<p>Notre service client est disponible 24h\/24 et 7j\/7 pour r\u00e9pondre \u00e0 toutes vos questions. Contactez-nous par chat, e-mail ou t\u00e9l\u00e9phone. Avec un taux de satisfaction client de 100 %, des milliers de personnes font confiance \u00e0 Global Meds Inc. pour leurs besoins en analg\u00e9siques en ligne.<\/p>\n<p>D\u00e9couvrez d&#8217;autres options pour soulager la douleur<\/p>\n<p>Vous cherchez des alternatives ? Nous proposons une large gamme d&#8217;analg\u00e9siques sans ordonnance, notamment :<\/p>\n<p>Xanax pour les douleurs li\u00e9es \u00e0 l&#8217;anxi\u00e9t\u00e9<\/p>\n<p>Dilaudid et Demerol pour un soulagement intense<\/p>\n<p>M\u00e9thadone, Roxycodone et Adderall pour une prise en charge globale<\/p>\n<p>Diaz\u00e9pam, Ritalin, Concerta et bien d&#8217;autres pour un bien-\u00eatre g\u00e9n\u00e9ral<\/p>\n<p>Commandez maintenant et soulagez votre douleur d\u00e8s aujourd&#8217;hui<\/p>\n<p>Ne laissez plus la douleur vous g\u00e2cher la vie. Achetez de l&#8217;oxycodone en ligne sans ordonnance chez Global Meds Inc. et b\u00e9n\u00e9ficiez d&#8217;une qualit\u00e9, d&#8217;un prix et d&#8217;un service imbattables. Ajoutez-la \u00e0 votre panier d\u00e8s maintenant et faites le premier pas vers un soulagement durable : votre soulagement est \u00e0 port\u00e9e de clic !<\/p>\n<p>Soyez le premier \u00e0 donner votre avis sur nos comprim\u00e9s d&#8217;oxycodone et \u00e0 partager votre t\u00e9moignage.<\/p>\n","protected":false},"excerpt":{"rendered":"<p>L&#8217;oxycodone est un m\u00e9dicament \u00e0 prix mod\u00e9r\u00e9 utilis\u00e9 pour traiter les douleurs mod\u00e9r\u00e9es \u00e0 s\u00e9v\u00e8res. Ce m\u00e9dicament est l\u00e9g\u00e8rement plus populaire que les m\u00e9dicaments comparables.<\/p>\n","protected":false},"featured_media":9097,"comment_status":"open","ping_status":"closed","template":"","meta":{"_acf_changed":false,"_monsterinsights_skip_tracking":false,"_monsterinsights_sitenote_active":false,"_monsterinsights_sitenote_note":"","_monsterinsights_sitenote_category":0},"product_brand":[],"product_cat":[52],"product_tag":[161,162,163,164,165,166,167,168,169,170,171,172,173,174,175,176,177],"class_list":{"0":"post-9086","1":"product","2":"type-product","3":"status-publish","4":"has-post-thumbnail","6":"product_cat-anti-douleurs","7":"product_tag-buy-roxycodone-online","8":"product_tag-how-to-get-roxycodone","9":"product_tag-order-roxycodone","10":"product_tag-oxycodone-30mg-for-sale","11":"product_tag-oxycodone-for-sale-no-prescription","12":"product_tag-oxycodone-for-sale-overseas","13":"product_tag-oxycodone-pills-for-sale-online","14":"product_tag-oxycodone-powder-for-sale","15":"product_tag-oxycontin-80mg-for-sale","16":"product_tag-oxycontin-80mg-for-sale-online","17":"product_tag-oxycontin-for-sale","18":"product_tag-oxycontin-for-sale-no-prescription","19":"product_tag-oxycontin-for-sale-online","20":"product_tag-oxycontin-pills-for-sale","21":"product_tag-oxycontin-tablets-for-sale","22":"product_tag-roxycodone-for-sale","23":"product_tag-roxycodone-pills-for-sale-online","25":"first","26":"instock","27":"shipping-taxable","28":"purchasable","29":"product-type-variable","30":"has-default-attributes"},"acf":[],"yoast_head":"<!-- This site is optimized with the Yoast SEO plugin v27.2 - https:\/\/yoast.com\/product\/yoast-seo-wordpress\/ -->\n<title>Achetez de l&#039;oxycodone en ligne sans ordonnance | Global Meds Inc.<\/title>\n<meta name=\"description\" content=\"Achetez de l&#039;oxycodone en ligne sans ordonnance pour un soulagement rapide et efficace des douleurs mod\u00e9r\u00e9es \u00e0 s\u00e9v\u00e8res. Livraison discr\u00e8te, sans frais de douane et \u00e0 prix abordables \u00e0 partir de 220 \u20ac. Commandez d\u00e8s maintenant chez Global Meds Inc. pour une livraison express et s\u00e9curis\u00e9e\u00a0!\" \/>\n<meta name=\"robots\" content=\"index, follow, max-snippet:-1, max-image-preview:large, max-video-preview:-1\" \/>\n<link rel=\"canonical\" href=\"https:\/\/globalmedsonlineinc.com\/fr\/product\/anti-douleurs\/oxycodone\/\" \/>\n<meta property=\"og:locale\" content=\"fr_FR\" \/>\n<meta property=\"og:type\" content=\"article\" \/>\n<meta property=\"og:title\" content=\"Achetez de l&#039;oxycodone en ligne sans ordonnance | Global Meds Inc.\" \/>\n<meta property=\"og:description\" content=\"Achetez de l&#039;oxycodone en ligne sans ordonnance pour un soulagement rapide et efficace des douleurs mod\u00e9r\u00e9es \u00e0 s\u00e9v\u00e8res. Livraison discr\u00e8te, sans frais de douane et \u00e0 prix abordables \u00e0 partir de 220 \u20ac. Commandez d\u00e8s maintenant chez Global Meds Inc. pour une livraison express et s\u00e9curis\u00e9e\u00a0!\" \/>\n<meta property=\"og:url\" content=\"https:\/\/globalmedsonlineinc.com\/fr\/product\/anti-douleurs\/oxycodone\/\" \/>\n<meta property=\"og:site_name\" content=\"Global Meds Inc\" \/>\n<meta property=\"article:modified_time\" content=\"2025-11-29T18:30:26+00:00\" \/>\n<meta property=\"og:image\" content=\"https:\/\/globalmedsonlineinc.com\/fr\/content\/media\/uploads\/sites\/5\/2021\/07\/OXYCODONE-30mg-15-MG-1.png\" \/>\n\t<meta property=\"og:image:width\" content=\"590\" \/>\n\t<meta property=\"og:image:height\" content=\"472\" \/>\n\t<meta property=\"og:image:type\" content=\"image\/png\" \/>\n<meta name=\"twitter:card\" content=\"summary_large_image\" \/>\n<meta name=\"twitter:label1\" content=\"Dur\u00e9e de lecture estim\u00e9e\" \/>\n\t<meta name=\"twitter:data1\" content=\"5 minutes\" \/>\n<script type=\"application\/ld+json\" class=\"yoast-schema-graph\">{\"@context\":\"https:\/\/schema.org\",\"@graph\":[{\"@type\":\"WebPage\",\"@id\":\"https:\/\/globalmedsonlineinc.com\/fr\/product\/anti-douleurs\/oxycodone\/\",\"url\":\"https:\/\/globalmedsonlineinc.com\/fr\/product\/anti-douleurs\/oxycodone\/\",\"name\":\"Achetez de l'oxycodone en ligne sans ordonnance | Global Meds Inc.\",\"isPartOf\":{\"@id\":\"https:\/\/globalmedsonlineinc.com\/fr\/#website\"},\"primaryImageOfPage\":{\"@id\":\"https:\/\/globalmedsonlineinc.com\/fr\/product\/anti-douleurs\/oxycodone\/#primaryimage\"},\"image\":{\"@id\":\"https:\/\/globalmedsonlineinc.com\/fr\/product\/anti-douleurs\/oxycodone\/#primaryimage\"},\"thumbnailUrl\":\"https:\/\/globalmedsonlineinc.com\/fr\/content\/media\/uploads\/sites\/5\/2021\/07\/OXYCODONE-30mg-15-MG-1.png\",\"datePublished\":\"2021-07-02T17:04:14+00:00\",\"dateModified\":\"2025-11-29T18:30:26+00:00\",\"description\":\"Achetez de l'oxycodone en ligne sans ordonnance pour un soulagement rapide et efficace des douleurs mod\u00e9r\u00e9es \u00e0 s\u00e9v\u00e8res. Livraison discr\u00e8te, sans frais de douane et \u00e0 prix abordables \u00e0 partir de 220 \u20ac. Commandez d\u00e8s maintenant chez Global Meds Inc. pour une livraison express et s\u00e9curis\u00e9e\u00a0!\",\"breadcrumb\":{\"@id\":\"https:\/\/globalmedsonlineinc.com\/fr\/product\/anti-douleurs\/oxycodone\/#breadcrumb\"},\"inLanguage\":\"fr-FR\",\"potentialAction\":[{\"@type\":\"ReadAction\",\"target\":[\"https:\/\/globalmedsonlineinc.com\/fr\/product\/anti-douleurs\/oxycodone\/\"]}]},{\"@type\":\"ImageObject\",\"inLanguage\":\"fr-FR\",\"@id\":\"https:\/\/globalmedsonlineinc.com\/fr\/product\/anti-douleurs\/oxycodone\/#primaryimage\",\"url\":\"https:\/\/globalmedsonlineinc.com\/fr\/content\/media\/uploads\/sites\/5\/2021\/07\/OXYCODONE-30mg-15-MG-1.png\",\"contentUrl\":\"https:\/\/globalmedsonlineinc.com\/fr\/content\/media\/uploads\/sites\/5\/2021\/07\/OXYCODONE-30mg-15-MG-1.png\",\"width\":590,\"height\":472,\"caption\":\"Achetez de l'oxycodone en ligne sans ordonnance\"},{\"@type\":\"BreadcrumbList\",\"@id\":\"https:\/\/globalmedsonlineinc.com\/fr\/product\/anti-douleurs\/oxycodone\/#breadcrumb\",\"itemListElement\":[{\"@type\":\"ListItem\",\"position\":1,\"name\":\"Home\",\"item\":\"https:\/\/globalmedsonlineinc.com\/fr\/\"},{\"@type\":\"ListItem\",\"position\":2,\"name\":\"Produits\",\"item\":\"https:\/\/globalmedsonlineinc.com\/fr\/produits\/\"},{\"@type\":\"ListItem\",\"position\":3,\"name\":\"Achetez des pilules d&#8217;oxycodone en ligne\"}]},{\"@type\":\"WebSite\",\"@id\":\"https:\/\/globalmedsonlineinc.com\/fr\/#website\",\"url\":\"https:\/\/globalmedsonlineinc.com\/fr\/\",\"name\":\"Global Meds Inc\",\"description\":\"\",\"potentialAction\":[{\"@type\":\"SearchAction\",\"target\":{\"@type\":\"EntryPoint\",\"urlTemplate\":\"https:\/\/globalmedsonlineinc.com\/fr\/?s={search_term_string}\"},\"query-input\":{\"@type\":\"PropertyValueSpecification\",\"valueRequired\":true,\"valueName\":\"search_term_string\"}}],\"inLanguage\":\"fr-FR\"}]}<\/script>\n<!-- \/ Yoast SEO plugin. -->","yoast_head_json":{"title":"Achetez de l'oxycodone en ligne sans ordonnance | Global Meds Inc.","description":"Achetez de l'oxycodone en ligne sans ordonnance pour un soulagement rapide et efficace des douleurs mod\u00e9r\u00e9es \u00e0 s\u00e9v\u00e8res. Livraison discr\u00e8te, sans frais de douane et \u00e0 prix abordables \u00e0 partir de 220 \u20ac. Commandez d\u00e8s maintenant chez Global Meds Inc. pour une livraison express et s\u00e9curis\u00e9e\u00a0!","robots":{"index":"index","follow":"follow","max-snippet":"max-snippet:-1","max-image-preview":"max-image-preview:large","max-video-preview":"max-video-preview:-1"},"canonical":"https:\/\/globalmedsonlineinc.com\/fr\/product\/anti-douleurs\/oxycodone\/","og_locale":"fr_FR","og_type":"article","og_title":"Achetez de l'oxycodone en ligne sans ordonnance | Global Meds Inc.","og_description":"Achetez de l'oxycodone en ligne sans ordonnance pour un soulagement rapide et efficace des douleurs mod\u00e9r\u00e9es \u00e0 s\u00e9v\u00e8res. Livraison discr\u00e8te, sans frais de douane et \u00e0 prix abordables \u00e0 partir de 220 \u20ac. Commandez d\u00e8s maintenant chez Global Meds Inc. pour une livraison express et s\u00e9curis\u00e9e\u00a0!","og_url":"https:\/\/globalmedsonlineinc.com\/fr\/product\/anti-douleurs\/oxycodone\/","og_site_name":"Global Meds Inc","article_modified_time":"2025-11-29T18:30:26+00:00","og_image":[{"width":590,"height":472,"url":"https:\/\/globalmedsonlineinc.com\/fr\/content\/media\/uploads\/sites\/5\/2021\/07\/OXYCODONE-30mg-15-MG-1.png","type":"image\/png"}],"twitter_card":"summary_large_image","twitter_misc":{"Dur\u00e9e de lecture estim\u00e9e":"5 minutes"},"schema":{"@context":"https:\/\/schema.org","@graph":[{"@type":"WebPage","@id":"https:\/\/globalmedsonlineinc.com\/fr\/product\/anti-douleurs\/oxycodone\/","url":"https:\/\/globalmedsonlineinc.com\/fr\/product\/anti-douleurs\/oxycodone\/","name":"Achetez de l'oxycodone en ligne sans ordonnance | Global Meds Inc.","isPartOf":{"@id":"https:\/\/globalmedsonlineinc.com\/fr\/#website"},"primaryImageOfPage":{"@id":"https:\/\/globalmedsonlineinc.com\/fr\/product\/anti-douleurs\/oxycodone\/#primaryimage"},"image":{"@id":"https:\/\/globalmedsonlineinc.com\/fr\/product\/anti-douleurs\/oxycodone\/#primaryimage"},"thumbnailUrl":"https:\/\/globalmedsonlineinc.com\/fr\/content\/media\/uploads\/sites\/5\/2021\/07\/OXYCODONE-30mg-15-MG-1.png","datePublished":"2021-07-02T17:04:14+00:00","dateModified":"2025-11-29T18:30:26+00:00","description":"Achetez de l'oxycodone en ligne sans ordonnance pour un soulagement rapide et efficace des douleurs mod\u00e9r\u00e9es \u00e0 s\u00e9v\u00e8res. Livraison discr\u00e8te, sans frais de douane et \u00e0 prix abordables \u00e0 partir de 220 \u20ac. Commandez d\u00e8s maintenant chez Global Meds Inc. pour une livraison express et s\u00e9curis\u00e9e\u00a0!","breadcrumb":{"@id":"https:\/\/globalmedsonlineinc.com\/fr\/product\/anti-douleurs\/oxycodone\/#breadcrumb"},"inLanguage":"fr-FR","potentialAction":[{"@type":"ReadAction","target":["https:\/\/globalmedsonlineinc.com\/fr\/product\/anti-douleurs\/oxycodone\/"]}]},{"@type":"ImageObject","inLanguage":"fr-FR","@id":"https:\/\/globalmedsonlineinc.com\/fr\/product\/anti-douleurs\/oxycodone\/#primaryimage","url":"https:\/\/globalmedsonlineinc.com\/fr\/content\/media\/uploads\/sites\/5\/2021\/07\/OXYCODONE-30mg-15-MG-1.png","contentUrl":"https:\/\/globalmedsonlineinc.com\/fr\/content\/media\/uploads\/sites\/5\/2021\/07\/OXYCODONE-30mg-15-MG-1.png","width":590,"height":472,"caption":"Achetez de l'oxycodone en ligne sans ordonnance"},{"@type":"BreadcrumbList","@id":"https:\/\/globalmedsonlineinc.com\/fr\/product\/anti-douleurs\/oxycodone\/#breadcrumb","itemListElement":[{"@type":"ListItem","position":1,"name":"Home","item":"https:\/\/globalmedsonlineinc.com\/fr\/"},{"@type":"ListItem","position":2,"name":"Produits","item":"https:\/\/globalmedsonlineinc.com\/fr\/produits\/"},{"@type":"ListItem","position":3,"name":"Achetez des pilules d&#8217;oxycodone en ligne"}]},{"@type":"WebSite","@id":"https:\/\/globalmedsonlineinc.com\/fr\/#website","url":"https:\/\/globalmedsonlineinc.com\/fr\/","name":"Global Meds Inc","description":"","potentialAction":[{"@type":"SearchAction","target":{"@type":"EntryPoint","urlTemplate":"https:\/\/globalmedsonlineinc.com\/fr\/?s={search_term_string}"},"query-input":{"@type":"PropertyValueSpecification","valueRequired":true,"valueName":"search_term_string"}}],"inLanguage":"fr-FR"}]}},"_links":{"self":[{"href":"https:\/\/globalmedsonlineinc.com\/fr\/wp-json\/wp\/v2\/product\/9086","targetHints":{"allow":["GET"]}}],"collection":[{"href":"https:\/\/globalmedsonlineinc.com\/fr\/wp-json\/wp\/v2\/product"}],"about":[{"href":"https:\/\/globalmedsonlineinc.com\/fr\/wp-json\/wp\/v2\/types\/product"}],"replies":[{"embeddable":true,"href":"https:\/\/globalmedsonlineinc.com\/fr\/wp-json\/wp\/v2\/comments?post=9086"}],"wp:featuredmedia":[{"embeddable":true,"href":"https:\/\/globalmedsonlineinc.com\/fr\/wp-json\/wp\/v2\/media\/9097"}],"wp:attachment":[{"href":"https:\/\/globalmedsonlineinc.com\/fr\/wp-json\/wp\/v2\/media?parent=9086"}],"wp:term":[{"taxonomy":"product_brand","embeddable":true,"href":"https:\/\/globalmedsonlineinc.com\/fr\/wp-json\/wp\/v2\/product_brand?post=9086"},{"taxonomy":"product_cat","embeddable":true,"href":"https:\/\/globalmedsonlineinc.com\/fr\/wp-json\/wp\/v2\/product_cat?post=9086"},{"taxonomy":"product_tag","embeddable":true,"href":"https:\/\/globalmedsonlineinc.com\/fr\/wp-json\/wp\/v2\/product_tag?post=9086"}],"curies":[{"name":"wp","href":"https:\/\/api.w.org\/{rel}","templated":true}]}}