{"id":9080,"date":"2021-07-02T16:29:38","date_gmt":"2021-07-02T16:29:38","guid":{"rendered":"https:\/\/globalmedsonlineinc.com\/fr\/?post_type=product&#038;p=9080"},"modified":"2025-11-29T18:27:11","modified_gmt":"2025-11-29T18:27:11","slug":"xanax","status":"publish","type":"product","link":"https:\/\/globalmedsonlineinc.com\/fr\/product\/anti-douleurs\/xanax\/","title":{"rendered":"Achetez des pilules Xanax en ligne"},"content":{"rendered":"<h1>Acheter du Xanax en ligne sans ordonnance | Livraison rapide et discr\u00e8te<\/h1>\n<p><a href=\"https:\/\/globalmedsonlineinc.com\/fr\/product\/anti-douleurs\/xanax\/\">Achetez du Xanax en ligne sans ordonnance<\/a>. Dans le monde tr\u00e9pidant d&#8217;aujourd&#8217;hui, g\u00e9rer l&#8217;anxi\u00e9t\u00e9 et les troubles paniques peut s&#8217;av\u00e9rer insurmontable, mais un soulagement efficace est \u00e0 port\u00e9e de clic. Achetez du Xanax en ligne aupr\u00e8s de Global Meds Online Inc., votre fournisseur de confiance de comprim\u00e9s de Xanax de haute qualit\u00e9, sans ordonnance. Que vous soyez aux prises avec des crises de panique soudaines, un stress chronique ou des sympt\u00f4mes associ\u00e9s comme la d\u00e9pression et les phobies, l&#8217;alprazolam (Xanax) offre un soulagement rapide et \u00e9prouv\u00e9 pour vous aider \u00e0 reprendre le contr\u00f4le et \u00e0 retrouver le calme.<\/p>\n<p>Pourquoi choisir le Xanax pour soulager l&#8217;anxi\u00e9t\u00e9\u00a0?<\/p>\n<p>Le Xanax, une benzodiaz\u00e9pine puissante, agit en renfor\u00e7ant les effets du GABA dans le cerveau pour stabiliser les neurones hyperactifs, r\u00e9duisant ainsi l&#8217;anxi\u00e9t\u00e9 excessive et favorisant la relaxation. Il est indiqu\u00e9 par la FDA pour\u00a0:<\/p>\n<p>Troubles anxieux\u00a0: Soulager la tension, l&#8217;agitation et la d\u00e9tresse \u00e9motionnelle.<\/p>\n<p>Troubles paniques\u00a0: Contr\u00f4ler les crises de peur intenses, avec ou sans agoraphobie. Un soutien suppl\u00e9mentaire pour le syndrome pr\u00e9menstruel, certaines phobies et m\u00eame la gestion des crises d&#8217;\u00e9pilepsie.<\/p>\n<p>Les utilisateurs rapportent souvent une sensation de somnolence associ\u00e9e \u00e0 une vigilance accrue, leur permettant de mieux g\u00e9rer les d\u00e9fis du quotidien. Disponible en dosages pratiques tels que Xanax 0,5 mg, Xanax 1 mg et Xanax 2 mg, il est id\u00e9al pour ceux qui recherchent du Xanax en ligne \u00e0 prix avantageux sans compromis sur la qualit\u00e9.<\/p>\n<p>Avantages de commander du Xanax chez Global Meds<\/p>\n<p>Chez Global Meds, nous privil\u00e9gions votre confidentialit\u00e9 et votre confort\u00a0:<\/p>\n<p>Pas besoin d&#8217;ordonnance\u00a0: Commandez votre Xanax 2 mg directement en ligne, sans passer par la case m\u00e9decin.<\/p>\n<p>Prix abordables\u00a0: \u00c0 partir de seulement 250\u00a0\u20ac pour une premi\u00e8re livraison, avec des options pour les commandes group\u00e9es jusqu&#8217;\u00e0 320\u00a0\u20ac \u2013 id\u00e9al pour acheter de l&#8217;alprazolam au Royaume-Uni ou dans le monde entier.<\/p>\n<p>Emballage discret\u00a0: Nos envois sont emball\u00e9s dans du papier aluminium, scell\u00e9s avec du papier tungst\u00e8ne et du papier carbone pour \u00e9viter toute d\u00e9tection, et livr\u00e9s dans un emballage cadeau pour une discr\u00e9tion optimale. Livraison rapide : Profitez d&#8217;une livraison express en 24h ou 24h, directement \u00e0 votre domicile, avec une garantie de satisfaction \u00e0 100 %.<\/p>\n<p>Garantie satisfait ou rembours\u00e9 : Achetez en toute confiance, avec l&#8217;appui d&#8217;experts et d&#8217;un service client disponible 24h\/24 et 7j\/7.<\/p>\n<p>Commencez par une faible dose (par exemple, 0,5 mg) et augmentez-la progressivement selon vos besoins. Consultez toujours un professionnel de sant\u00e9 pour obtenir des conseils personnalis\u00e9s. Attention : un arr\u00eat brutal du traitement peut entra\u00eener des sympt\u00f4mes de sevrage tels que des convulsions ou de l&#8217;irritabilit\u00e9. Diminuez donc votre dose progressivement et de mani\u00e8re responsable.<\/p>\n<p>Pr\u00eat \u00e0 acheter du Xanax en ligne ?<\/p>\n<p>Ne laissez pas l&#8217;anxi\u00e9t\u00e9 vous freiner. Achetez du Xanax d\u00e8s aujourd&#8217;hui pour un soulagement rapide et efficace. Gr\u00e2ce \u00e0 notre plateforme s\u00e9curis\u00e9e, achetez du Xanax 1 mg en ligne ou d\u00e9couvrez les dosages plus \u00e9lev\u00e9s disponibles. Commandez maintenant et constatez la diff\u00e9rence : un soulagement livr\u00e9 chez vous, discr\u00e8tement et \u00e0 un prix abordable.<\/p>\n<p>Avertissement : Ce contenu est fourni \u00e0 titre informatif uniquement. Consultez toujours un m\u00e9decin avant de commencer un traitement m\u00e9dicamenteux. Global Meds Online Inc. garantit la qualit\u00e9 et la conformit\u00e9 aux normes internationales.<\/p>\n","protected":false},"excerpt":{"rendered":"<p>Acheter Xanax 2 MG Comprim\u00e9 est utilis\u00e9 pour traiter les troubles paniques et l&#8217;anxi\u00e9t\u00e9, comme la peur extr\u00eame inattendue et la tension due au stress. Il est recommand\u00e9 de commencer par une petite dose et de l&#8217;augmenter progressivement. N&#8217;arr\u00eatez pas de prendre ce m\u00e9dicament brusquement car il peut provoquer des sympt\u00f4mes de sevrage comme des crises, un comportement agressif, une vision floue, etc.<\/p>\n","protected":false},"featured_media":9085,"comment_status":"open","ping_status":"closed","template":"","meta":{"_acf_changed":false,"_monsterinsights_skip_tracking":false,"_monsterinsights_sitenote_active":false,"_monsterinsights_sitenote_note":"","_monsterinsights_sitenote_category":0},"product_brand":[],"product_cat":[52],"product_tag":[769,771,774,770,778,779,786,773,772,785,775,776,783,784,777,780,781,782],"class_list":{"0":"post-9080","1":"product","2":"type-product","3":"status-publish","4":"has-post-thumbnail","6":"product_cat-anti-douleurs","7":"product_tag-2mg-xanax-a-vendre","8":"product_tag-acheter-alprazolam-en-ligne","9":"product_tag-acheter-des-pilules-xanax-sur-le-web","10":"product_tag-alprazolam-a-vendre","11":"product_tag-barres-de-xanax-a-vendre","12":"product_tag-barres-de-xanax-a-vendre-en-ligne","13":"product_tag-barres-de-xanax-jaunes-a-vendre","14":"product_tag-commander-alprazolam-en-ligne","15":"product_tag-comment-acheter-alprazolam-en-ligne","16":"product_tag-comprimes-de-xanax-a-vendre","17":"product_tag-le-meilleur-endroit-pour-acheter-alprazolam-en-ligne","18":"product_tag-ou-acheter-alprazolam-en-ligne","19":"product_tag-pilules-de-xanax-a-vendre","20":"product_tag-pilules-de-xanax-a-vendre-en-ligne","21":"product_tag-xanax-2mg-a-vendre","22":"product_tag-xanax-a-vendre","23":"product_tag-xanax-a-vendre-en-ligne","24":"product_tag-xanax-a-vendre-sans-ordonnance","26":"first","27":"instock","28":"shipping-taxable","29":"purchasable","30":"product-type-variable","31":"has-default-attributes"},"acf":[],"yoast_head":"<!-- This site is optimized with the Yoast SEO plugin v27.2 - https:\/\/yoast.com\/product\/yoast-seo-wordpress\/ -->\n<title>Achetez du Xanax en ligne sans ordonnance | Global Meds Inc.<\/title>\n<meta name=\"description\" content=\"Achetez du Xanax en ligne sans ordonnance\u00a0: Alprazolam (Xanax 2\u00a0mg, 1\u00a0mg) \u00e0 prix abordable pour soulager l\u2019anxi\u00e9t\u00e9 et les crises de panique. Livraison rapide et discr\u00e8te dans le monde entier. Sans ordonnance\u00a0! \u00c0 partir de 250\u00a0\u20ac\" \/>\n<meta name=\"robots\" content=\"index, follow, max-snippet:-1, max-image-preview:large, max-video-preview:-1\" \/>\n<link rel=\"canonical\" href=\"https:\/\/globalmedsonlineinc.com\/fr\/product\/anti-douleurs\/xanax\/\" \/>\n<meta property=\"og:locale\" content=\"fr_FR\" \/>\n<meta property=\"og:type\" content=\"article\" \/>\n<meta property=\"og:title\" content=\"Achetez du Xanax en ligne sans ordonnance | Global Meds Inc.\" \/>\n<meta property=\"og:description\" content=\"Achetez du Xanax en ligne sans ordonnance\u00a0: Alprazolam (Xanax 2\u00a0mg, 1\u00a0mg) \u00e0 prix abordable pour soulager l\u2019anxi\u00e9t\u00e9 et les crises de panique. Livraison rapide et discr\u00e8te dans le monde entier. Sans ordonnance\u00a0! \u00c0 partir de 250\u00a0\u20ac\" \/>\n<meta property=\"og:url\" content=\"https:\/\/globalmedsonlineinc.com\/fr\/product\/anti-douleurs\/xanax\/\" \/>\n<meta property=\"og:site_name\" content=\"Global Meds Inc\" \/>\n<meta property=\"article:modified_time\" content=\"2025-11-29T18:27:11+00:00\" \/>\n<meta property=\"og:image\" content=\"https:\/\/globalmedsonlineinc.com\/fr\/content\/media\/uploads\/sites\/5\/2021\/07\/Buy-XANAX-XR-ALPRAZOLAM-EXTENDED-RELEASE-TABLETS-2-Mg-50-TABLETS-RX-ONLY.jpg\" \/>\n\t<meta property=\"og:image:width\" content=\"1200\" \/>\n\t<meta property=\"og:image:height\" content=\"1200\" \/>\n\t<meta property=\"og:image:type\" content=\"image\/jpeg\" \/>\n<meta name=\"twitter:card\" content=\"summary_large_image\" \/>\n<meta name=\"twitter:label1\" content=\"Dur\u00e9e de lecture estim\u00e9e\" \/>\n\t<meta name=\"twitter:data1\" content=\"3 minutes\" \/>\n<script type=\"application\/ld+json\" class=\"yoast-schema-graph\">{\"@context\":\"https:\/\/schema.org\",\"@graph\":[{\"@type\":\"WebPage\",\"@id\":\"https:\/\/globalmedsonlineinc.com\/fr\/product\/anti-douleurs\/xanax\/\",\"url\":\"https:\/\/globalmedsonlineinc.com\/fr\/product\/anti-douleurs\/xanax\/\",\"name\":\"Achetez du Xanax en ligne sans ordonnance | Global Meds Inc.\",\"isPartOf\":{\"@id\":\"https:\/\/globalmedsonlineinc.com\/fr\/#website\"},\"primaryImageOfPage\":{\"@id\":\"https:\/\/globalmedsonlineinc.com\/fr\/product\/anti-douleurs\/xanax\/#primaryimage\"},\"image\":{\"@id\":\"https:\/\/globalmedsonlineinc.com\/fr\/product\/anti-douleurs\/xanax\/#primaryimage\"},\"thumbnailUrl\":\"https:\/\/globalmedsonlineinc.com\/fr\/content\/media\/uploads\/sites\/5\/2021\/07\/Buy-XANAX-XR-ALPRAZOLAM-EXTENDED-RELEASE-TABLETS-2-Mg-50-TABLETS-RX-ONLY.jpg\",\"datePublished\":\"2021-07-02T16:29:38+00:00\",\"dateModified\":\"2025-11-29T18:27:11+00:00\",\"description\":\"Achetez du Xanax en ligne sans ordonnance\u00a0: Alprazolam (Xanax 2\u00a0mg, 1\u00a0mg) \u00e0 prix abordable pour soulager l\u2019anxi\u00e9t\u00e9 et les crises de panique. Livraison rapide et discr\u00e8te dans le monde entier. Sans ordonnance\u00a0! \u00c0 partir de 250\u00a0\u20ac\",\"breadcrumb\":{\"@id\":\"https:\/\/globalmedsonlineinc.com\/fr\/product\/anti-douleurs\/xanax\/#breadcrumb\"},\"inLanguage\":\"fr-FR\",\"potentialAction\":[{\"@type\":\"ReadAction\",\"target\":[\"https:\/\/globalmedsonlineinc.com\/fr\/product\/anti-douleurs\/xanax\/\"]}]},{\"@type\":\"ImageObject\",\"inLanguage\":\"fr-FR\",\"@id\":\"https:\/\/globalmedsonlineinc.com\/fr\/product\/anti-douleurs\/xanax\/#primaryimage\",\"url\":\"https:\/\/globalmedsonlineinc.com\/fr\/content\/media\/uploads\/sites\/5\/2021\/07\/Buy-XANAX-XR-ALPRAZOLAM-EXTENDED-RELEASE-TABLETS-2-Mg-50-TABLETS-RX-ONLY.jpg\",\"contentUrl\":\"https:\/\/globalmedsonlineinc.com\/fr\/content\/media\/uploads\/sites\/5\/2021\/07\/Buy-XANAX-XR-ALPRAZOLAM-EXTENDED-RELEASE-TABLETS-2-Mg-50-TABLETS-RX-ONLY.jpg\",\"width\":1200,\"height\":1200,\"caption\":\"Achetez du Xanax en ligne sans ordonnance\"},{\"@type\":\"BreadcrumbList\",\"@id\":\"https:\/\/globalmedsonlineinc.com\/fr\/product\/anti-douleurs\/xanax\/#breadcrumb\",\"itemListElement\":[{\"@type\":\"ListItem\",\"position\":1,\"name\":\"Home\",\"item\":\"https:\/\/globalmedsonlineinc.com\/fr\/\"},{\"@type\":\"ListItem\",\"position\":2,\"name\":\"Produits\",\"item\":\"https:\/\/globalmedsonlineinc.com\/fr\/produits\/\"},{\"@type\":\"ListItem\",\"position\":3,\"name\":\"Achetez des pilules Xanax en ligne\"}]},{\"@type\":\"WebSite\",\"@id\":\"https:\/\/globalmedsonlineinc.com\/fr\/#website\",\"url\":\"https:\/\/globalmedsonlineinc.com\/fr\/\",\"name\":\"Global Meds Inc\",\"description\":\"\",\"potentialAction\":[{\"@type\":\"SearchAction\",\"target\":{\"@type\":\"EntryPoint\",\"urlTemplate\":\"https:\/\/globalmedsonlineinc.com\/fr\/?s={search_term_string}\"},\"query-input\":{\"@type\":\"PropertyValueSpecification\",\"valueRequired\":true,\"valueName\":\"search_term_string\"}}],\"inLanguage\":\"fr-FR\"}]}<\/script>\n<!-- \/ Yoast SEO plugin. -->","yoast_head_json":{"title":"Achetez du Xanax en ligne sans ordonnance | Global Meds Inc.","description":"Achetez du Xanax en ligne sans ordonnance\u00a0: Alprazolam (Xanax 2\u00a0mg, 1\u00a0mg) \u00e0 prix abordable pour soulager l\u2019anxi\u00e9t\u00e9 et les crises de panique. Livraison rapide et discr\u00e8te dans le monde entier. Sans ordonnance\u00a0! \u00c0 partir de 250\u00a0\u20ac","robots":{"index":"index","follow":"follow","max-snippet":"max-snippet:-1","max-image-preview":"max-image-preview:large","max-video-preview":"max-video-preview:-1"},"canonical":"https:\/\/globalmedsonlineinc.com\/fr\/product\/anti-douleurs\/xanax\/","og_locale":"fr_FR","og_type":"article","og_title":"Achetez du Xanax en ligne sans ordonnance | Global Meds Inc.","og_description":"Achetez du Xanax en ligne sans ordonnance\u00a0: Alprazolam (Xanax 2\u00a0mg, 1\u00a0mg) \u00e0 prix abordable pour soulager l\u2019anxi\u00e9t\u00e9 et les crises de panique. Livraison rapide et discr\u00e8te dans le monde entier. Sans ordonnance\u00a0! \u00c0 partir de 250\u00a0\u20ac","og_url":"https:\/\/globalmedsonlineinc.com\/fr\/product\/anti-douleurs\/xanax\/","og_site_name":"Global Meds Inc","article_modified_time":"2025-11-29T18:27:11+00:00","og_image":[{"width":1200,"height":1200,"url":"https:\/\/globalmedsonlineinc.com\/fr\/content\/media\/uploads\/sites\/5\/2021\/07\/Buy-XANAX-XR-ALPRAZOLAM-EXTENDED-RELEASE-TABLETS-2-Mg-50-TABLETS-RX-ONLY.jpg","type":"image\/jpeg"}],"twitter_card":"summary_large_image","twitter_misc":{"Dur\u00e9e de lecture estim\u00e9e":"3 minutes"},"schema":{"@context":"https:\/\/schema.org","@graph":[{"@type":"WebPage","@id":"https:\/\/globalmedsonlineinc.com\/fr\/product\/anti-douleurs\/xanax\/","url":"https:\/\/globalmedsonlineinc.com\/fr\/product\/anti-douleurs\/xanax\/","name":"Achetez du Xanax en ligne sans ordonnance | Global Meds Inc.","isPartOf":{"@id":"https:\/\/globalmedsonlineinc.com\/fr\/#website"},"primaryImageOfPage":{"@id":"https:\/\/globalmedsonlineinc.com\/fr\/product\/anti-douleurs\/xanax\/#primaryimage"},"image":{"@id":"https:\/\/globalmedsonlineinc.com\/fr\/product\/anti-douleurs\/xanax\/#primaryimage"},"thumbnailUrl":"https:\/\/globalmedsonlineinc.com\/fr\/content\/media\/uploads\/sites\/5\/2021\/07\/Buy-XANAX-XR-ALPRAZOLAM-EXTENDED-RELEASE-TABLETS-2-Mg-50-TABLETS-RX-ONLY.jpg","datePublished":"2021-07-02T16:29:38+00:00","dateModified":"2025-11-29T18:27:11+00:00","description":"Achetez du Xanax en ligne sans ordonnance\u00a0: Alprazolam (Xanax 2\u00a0mg, 1\u00a0mg) \u00e0 prix abordable pour soulager l\u2019anxi\u00e9t\u00e9 et les crises de panique. Livraison rapide et discr\u00e8te dans le monde entier. Sans ordonnance\u00a0! \u00c0 partir de 250\u00a0\u20ac","breadcrumb":{"@id":"https:\/\/globalmedsonlineinc.com\/fr\/product\/anti-douleurs\/xanax\/#breadcrumb"},"inLanguage":"fr-FR","potentialAction":[{"@type":"ReadAction","target":["https:\/\/globalmedsonlineinc.com\/fr\/product\/anti-douleurs\/xanax\/"]}]},{"@type":"ImageObject","inLanguage":"fr-FR","@id":"https:\/\/globalmedsonlineinc.com\/fr\/product\/anti-douleurs\/xanax\/#primaryimage","url":"https:\/\/globalmedsonlineinc.com\/fr\/content\/media\/uploads\/sites\/5\/2021\/07\/Buy-XANAX-XR-ALPRAZOLAM-EXTENDED-RELEASE-TABLETS-2-Mg-50-TABLETS-RX-ONLY.jpg","contentUrl":"https:\/\/globalmedsonlineinc.com\/fr\/content\/media\/uploads\/sites\/5\/2021\/07\/Buy-XANAX-XR-ALPRAZOLAM-EXTENDED-RELEASE-TABLETS-2-Mg-50-TABLETS-RX-ONLY.jpg","width":1200,"height":1200,"caption":"Achetez du Xanax en ligne sans ordonnance"},{"@type":"BreadcrumbList","@id":"https:\/\/globalmedsonlineinc.com\/fr\/product\/anti-douleurs\/xanax\/#breadcrumb","itemListElement":[{"@type":"ListItem","position":1,"name":"Home","item":"https:\/\/globalmedsonlineinc.com\/fr\/"},{"@type":"ListItem","position":2,"name":"Produits","item":"https:\/\/globalmedsonlineinc.com\/fr\/produits\/"},{"@type":"ListItem","position":3,"name":"Achetez des pilules Xanax en ligne"}]},{"@type":"WebSite","@id":"https:\/\/globalmedsonlineinc.com\/fr\/#website","url":"https:\/\/globalmedsonlineinc.com\/fr\/","name":"Global Meds Inc","description":"","potentialAction":[{"@type":"SearchAction","target":{"@type":"EntryPoint","urlTemplate":"https:\/\/globalmedsonlineinc.com\/fr\/?s={search_term_string}"},"query-input":{"@type":"PropertyValueSpecification","valueRequired":true,"valueName":"search_term_string"}}],"inLanguage":"fr-FR"}]}},"_links":{"self":[{"href":"https:\/\/globalmedsonlineinc.com\/fr\/wp-json\/wp\/v2\/product\/9080","targetHints":{"allow":["GET"]}}],"collection":[{"href":"https:\/\/globalmedsonlineinc.com\/fr\/wp-json\/wp\/v2\/product"}],"about":[{"href":"https:\/\/globalmedsonlineinc.com\/fr\/wp-json\/wp\/v2\/types\/product"}],"replies":[{"embeddable":true,"href":"https:\/\/globalmedsonlineinc.com\/fr\/wp-json\/wp\/v2\/comments?post=9080"}],"wp:featuredmedia":[{"embeddable":true,"href":"https:\/\/globalmedsonlineinc.com\/fr\/wp-json\/wp\/v2\/media\/9085"}],"wp:attachment":[{"href":"https:\/\/globalmedsonlineinc.com\/fr\/wp-json\/wp\/v2\/media?parent=9080"}],"wp:term":[{"taxonomy":"product_brand","embeddable":true,"href":"https:\/\/globalmedsonlineinc.com\/fr\/wp-json\/wp\/v2\/product_brand?post=9080"},{"taxonomy":"product_cat","embeddable":true,"href":"https:\/\/globalmedsonlineinc.com\/fr\/wp-json\/wp\/v2\/product_cat?post=9080"},{"taxonomy":"product_tag","embeddable":true,"href":"https:\/\/globalmedsonlineinc.com\/fr\/wp-json\/wp\/v2\/product_tag?post=9080"}],"curies":[{"name":"wp","href":"https:\/\/api.w.org\/{rel}","templated":true}]}}