{"id":8978,"date":"2021-06-30T20:58:46","date_gmt":"2021-06-30T20:58:46","guid":{"rendered":"https:\/\/globalmedsonlineinc.com\/fr\/?post_type=product&#038;p=8978"},"modified":"2024-02-20T13:16:58","modified_gmt":"2024-02-20T13:16:58","slug":"acheter-du-phenobarbital-phenobarbital-luminal","status":"publish","type":"product","link":"https:\/\/globalmedsonlineinc.com\/fr\/product\/nembutal-pentobarbital\/acheter-du-phenobarbital-phenobarbital-luminal\/","title":{"rendered":"Acheter du Ph\u00e9nobarbital (Ph\u00e9nobarbital) \/ Luminal"},"content":{"rendered":"<h1 class=\"tt\">Comprim\u00e9s de Ph\u00e9nobarbital \u00e0 vendre en ligne<\/h1>\n<p><a href=\"https:\/\/globalmedsonlineinc.com\/fr\/product\/nembutal-pentobarbital\/acheter-du-phenobarbital-phenobarbital-luminal\/\"><span class=\"VIiyi\" lang=\"fr\"><span class=\"JLqJ4b ChMk0b C1N51c\" data-language-for-alternatives=\"fr\" data-language-to-translate-into=\"en\" data-phrase-index=\"0\">Comprim\u00e9s de Ph\u00e9nobarbital \u00e0 vendre en ligne<\/span><\/span><\/a>. La pharmacie en ligne Nembutal est une pharmacie fiable qui aide les gens \u00e0 recevoir leurs m\u00e9dicaments et leurs drogues de mani\u00e8re pratique. Si vous souhaitez acheter Phenobarbital Luminal en ligne, alors ne manquez pas de nous rendre visite en ligne. Nous vendons ce m\u00e9dicament \u00e0 des prix abordables ici.<\/p>\n<p>Notre pharmacie en ligne a \u00e9t\u00e9 coh\u00e9rente dans la fourniture de clients avec des m\u00e9dicaments de qualit\u00e9 sup\u00e9rieure. Tous les m\u00e9dicaments sont livr\u00e9s ici dans le temps allou\u00e9 aux clients. Nous ne tol\u00e9rons aucun retard dans <a href=\"https:\/\/fr.wikipedia.org\/wiki\/Ph\u00e9nobarbital\">notre<\/a> travail et sommes rapides dans chaque traitement. Si vous cherchez une pharmacie en ligne comme nous, alors connectez-vous avec nous aujourd&#8217;hui et commandez pour acheter Phenobarbital Luminal en ligne au meilleur prix et faites-vous livrer bient\u00f4t !<\/p>\n<h6 class=\"tt\">Comment pouvons-nous vous aider \u00e0 utiliser le Ph\u00e9nobarbital Luminal en toute s\u00e9curit\u00e9?<\/h6>\n<p>Ph\u00e9nobarbital Luminal est un m\u00e9dicament efficace qui est largement utilis\u00e9 pour contr\u00f4ler certains types de crises d&#8217;\u00e9pilepsie. Vous pouvez \u00e9galement utiliser ce m\u00e9dicament pour le traitement de l&#8217;anxi\u00e9t\u00e9, des probl\u00e8mes de sommeil, et autres. Il est tr\u00e8s important de parler \u00e0 votre m\u00e9decin avant d&#8217;utiliser ce m\u00e9dicament. Parlez-en \u00e0 votre m\u00e9decin pour obtenir tous les d\u00e9tails, puis commencez le traitement par Ph\u00e9nobarbital Luminal.<\/p>\n<p>Notre pharmacie en ligne fournit un guide des m\u00e9dicaments avec tous les produits. Nous sommes l\u00e0 pour vous aider \u00e0 acheter Phenobarbital Luminal en ligne de mani\u00e8re simple. Rejoignez-nous aujourd&#8217;hui et profitez des avantages de ce m\u00e9dicament. Nous sommes ici pour vous servir avec un soutien constant.<\/p>\n<p>Phenobarbital Luminal de bonne qualit\u00e9 en ligne en ligne : Il est tout \u00e0 fait entendu que les gens ne font pas rapidement confiance \u00e0 la qualit\u00e9 du Phenobarbital Luminal en ligne vendu en ligne car ils ne peuvent pas l&#8217;examiner physiquement. Mais ce n&#8217;est pas la m\u00eame chose avec les fournisseurs en ligne de Phenobarbital Luminal en ligne. Les produits ici sont fid\u00e8les \u00e0 leur description avec un entretien de haute qualit\u00e9 effectu\u00e9 sous la supervision d&#8217;experts.<\/p>\n<p>Exp\u00e9dition Rapide &amp; Discr\u00e8te : La livraison du Ph\u00e9nobarbital Luminal en ligne apr\u00e8s r\u00e9ception de la commande se fait dans les d\u00e9lais promis. L&#8217;\u00e9quipe d&#8217;exp\u00e9dition met tous ses efforts pour rendre la proc\u00e9dure d&#8217;exp\u00e9dition et de livraison fluide et rapide. Vous pouvez \u00e9galement vous attendre \u00e0 d&#8217;excellents services lors de l&#8217;achat de Phenobarbital Luminal en ligne du professionnel sur la plate-forme en ligne.<\/p>\n","protected":false},"excerpt":{"rendered":"<p><strong>O\u00f9 puis-je acheter Ph\u00e9nobarbital Luminal au meilleur prix ?<\/strong><\/p>\n<p>Vous pouvez maintenant faire l&#8217;achat de Phenobarbital Luminal sur Online Nembutal Pharmacy. Votre commande de Phenobarbital Luminal \u00e0 vendre sera trait\u00e9e dans les plus brefs d\u00e9lais. Tout ce que vous avez \u00e0 faire est de nous appeler, nous envoyer un texto ou un e-mail aujourd&#8217;hui et de recevoir vos m\u00e9dicaments bient\u00f4t. Connectez-vous maintenant !<\/p>\n","protected":false},"featured_media":8995,"comment_status":"closed","ping_status":"closed","template":"","meta":{"_acf_changed":false,"_monsterinsights_skip_tracking":false,"_monsterinsights_sitenote_active":false,"_monsterinsights_sitenote_note":"","_monsterinsights_sitenote_category":0},"product_brand":[],"product_cat":[87],"product_tag":[],"class_list":{"0":"post-8978","1":"product","2":"type-product","3":"status-publish","4":"has-post-thumbnail","6":"product_cat-nembutal-pentobarbital","8":"first","9":"instock","10":"shipping-taxable","11":"purchasable","12":"product-type-variable","13":"has-default-attributes"},"acf":[],"yoast_head":"<!-- This site is optimized with the Yoast SEO plugin v27.2 - https:\/\/yoast.com\/product\/yoast-seo-wordpress\/ -->\n<title>Comprim\u00e9s de Ph\u00e9nobarbital \u00e0 vendre en ligne | Global Meds Inc.<\/title>\n<meta name=\"description\" content=\"Comprim\u00e9s de Ph\u00e9nobarbital \u00e0 vendre en ligne. Nous vendons des comprim\u00e9s de Ph\u00e9nobarbital de la meilleure qualit\u00e9. Veuillez nous contacter pour plus d&#039;informations.\" \/>\n<meta name=\"robots\" content=\"index, follow, max-snippet:-1, max-image-preview:large, max-video-preview:-1\" \/>\n<link rel=\"canonical\" href=\"https:\/\/globalmedsonlineinc.com\/fr\/product\/nembutal-pentobarbital\/acheter-du-phenobarbital-phenobarbital-luminal\/\" \/>\n<meta property=\"og:locale\" content=\"fr_FR\" \/>\n<meta property=\"og:type\" content=\"article\" \/>\n<meta property=\"og:title\" content=\"Comprim\u00e9s de Ph\u00e9nobarbital \u00e0 vendre en ligne | Global Meds Inc.\" \/>\n<meta property=\"og:description\" content=\"Comprim\u00e9s de Ph\u00e9nobarbital \u00e0 vendre en ligne. Nous vendons des comprim\u00e9s de Ph\u00e9nobarbital de la meilleure qualit\u00e9. Veuillez nous contacter pour plus d&#039;informations.\" \/>\n<meta property=\"og:url\" content=\"https:\/\/globalmedsonlineinc.com\/fr\/product\/nembutal-pentobarbital\/acheter-du-phenobarbital-phenobarbital-luminal\/\" \/>\n<meta property=\"og:site_name\" content=\"Global Meds Inc\" \/>\n<meta property=\"article:modified_time\" content=\"2024-02-20T13:16:58+00:00\" \/>\n<meta property=\"og:image\" content=\"https:\/\/globalmedsonlineinc.com\/fr\/content\/media\/uploads\/sites\/5\/2021\/06\/PhenobarbitalLuminal.jpg\" \/>\n\t<meta property=\"og:image:width\" content=\"600\" \/>\n\t<meta property=\"og:image:height\" content=\"600\" \/>\n\t<meta property=\"og:image:type\" content=\"image\/jpeg\" \/>\n<meta name=\"twitter:card\" content=\"summary_large_image\" \/>\n<meta name=\"twitter:label1\" content=\"Dur\u00e9e de lecture estim\u00e9e\" \/>\n\t<meta name=\"twitter:data1\" content=\"3 minutes\" \/>\n<script type=\"application\/ld+json\" class=\"yoast-schema-graph\">{\"@context\":\"https:\/\/schema.org\",\"@graph\":[{\"@type\":\"WebPage\",\"@id\":\"https:\/\/globalmedsonlineinc.com\/fr\/product\/nembutal-pentobarbital\/acheter-du-phenobarbital-phenobarbital-luminal\/\",\"url\":\"https:\/\/globalmedsonlineinc.com\/fr\/product\/nembutal-pentobarbital\/acheter-du-phenobarbital-phenobarbital-luminal\/\",\"name\":\"Comprim\u00e9s de Ph\u00e9nobarbital \u00e0 vendre en ligne | Global Meds Inc.\",\"isPartOf\":{\"@id\":\"https:\/\/globalmedsonlineinc.com\/fr\/#website\"},\"primaryImageOfPage\":{\"@id\":\"https:\/\/globalmedsonlineinc.com\/fr\/product\/nembutal-pentobarbital\/acheter-du-phenobarbital-phenobarbital-luminal\/#primaryimage\"},\"image\":{\"@id\":\"https:\/\/globalmedsonlineinc.com\/fr\/product\/nembutal-pentobarbital\/acheter-du-phenobarbital-phenobarbital-luminal\/#primaryimage\"},\"thumbnailUrl\":\"https:\/\/globalmedsonlineinc.com\/fr\/content\/media\/uploads\/sites\/5\/2021\/06\/PhenobarbitalLuminal.jpg\",\"datePublished\":\"2021-06-30T20:58:46+00:00\",\"dateModified\":\"2024-02-20T13:16:58+00:00\",\"description\":\"Comprim\u00e9s de Ph\u00e9nobarbital \u00e0 vendre en ligne. Nous vendons des comprim\u00e9s de Ph\u00e9nobarbital de la meilleure qualit\u00e9. Veuillez nous contacter pour plus d'informations.\",\"breadcrumb\":{\"@id\":\"https:\/\/globalmedsonlineinc.com\/fr\/product\/nembutal-pentobarbital\/acheter-du-phenobarbital-phenobarbital-luminal\/#breadcrumb\"},\"inLanguage\":\"fr-FR\",\"potentialAction\":[{\"@type\":\"ReadAction\",\"target\":[\"https:\/\/globalmedsonlineinc.com\/fr\/product\/nembutal-pentobarbital\/acheter-du-phenobarbital-phenobarbital-luminal\/\"]}]},{\"@type\":\"ImageObject\",\"inLanguage\":\"fr-FR\",\"@id\":\"https:\/\/globalmedsonlineinc.com\/fr\/product\/nembutal-pentobarbital\/acheter-du-phenobarbital-phenobarbital-luminal\/#primaryimage\",\"url\":\"https:\/\/globalmedsonlineinc.com\/fr\/content\/media\/uploads\/sites\/5\/2021\/06\/PhenobarbitalLuminal.jpg\",\"contentUrl\":\"https:\/\/globalmedsonlineinc.com\/fr\/content\/media\/uploads\/sites\/5\/2021\/06\/PhenobarbitalLuminal.jpg\",\"width\":600,\"height\":600,\"caption\":\"Ph\u00e9nobarbital Luminal \u00e0 vendre en ligne\"},{\"@type\":\"BreadcrumbList\",\"@id\":\"https:\/\/globalmedsonlineinc.com\/fr\/product\/nembutal-pentobarbital\/acheter-du-phenobarbital-phenobarbital-luminal\/#breadcrumb\",\"itemListElement\":[{\"@type\":\"ListItem\",\"position\":1,\"name\":\"Home\",\"item\":\"https:\/\/globalmedsonlineinc.com\/fr\/\"},{\"@type\":\"ListItem\",\"position\":2,\"name\":\"Produits\",\"item\":\"https:\/\/globalmedsonlineinc.com\/fr\/produits\/\"},{\"@type\":\"ListItem\",\"position\":3,\"name\":\"Acheter du Ph\u00e9nobarbital (Ph\u00e9nobarbital) \/ Luminal\"}]},{\"@type\":\"WebSite\",\"@id\":\"https:\/\/globalmedsonlineinc.com\/fr\/#website\",\"url\":\"https:\/\/globalmedsonlineinc.com\/fr\/\",\"name\":\"Global Meds Inc\",\"description\":\"\",\"potentialAction\":[{\"@type\":\"SearchAction\",\"target\":{\"@type\":\"EntryPoint\",\"urlTemplate\":\"https:\/\/globalmedsonlineinc.com\/fr\/?s={search_term_string}\"},\"query-input\":{\"@type\":\"PropertyValueSpecification\",\"valueRequired\":true,\"valueName\":\"search_term_string\"}}],\"inLanguage\":\"fr-FR\"}]}<\/script>\n<!-- \/ Yoast SEO plugin. -->","yoast_head_json":{"title":"Comprim\u00e9s de Ph\u00e9nobarbital \u00e0 vendre en ligne | Global Meds Inc.","description":"Comprim\u00e9s de Ph\u00e9nobarbital \u00e0 vendre en ligne. Nous vendons des comprim\u00e9s de Ph\u00e9nobarbital de la meilleure qualit\u00e9. Veuillez nous contacter pour plus d'informations.","robots":{"index":"index","follow":"follow","max-snippet":"max-snippet:-1","max-image-preview":"max-image-preview:large","max-video-preview":"max-video-preview:-1"},"canonical":"https:\/\/globalmedsonlineinc.com\/fr\/product\/nembutal-pentobarbital\/acheter-du-phenobarbital-phenobarbital-luminal\/","og_locale":"fr_FR","og_type":"article","og_title":"Comprim\u00e9s de Ph\u00e9nobarbital \u00e0 vendre en ligne | Global Meds Inc.","og_description":"Comprim\u00e9s de Ph\u00e9nobarbital \u00e0 vendre en ligne. Nous vendons des comprim\u00e9s de Ph\u00e9nobarbital de la meilleure qualit\u00e9. Veuillez nous contacter pour plus d'informations.","og_url":"https:\/\/globalmedsonlineinc.com\/fr\/product\/nembutal-pentobarbital\/acheter-du-phenobarbital-phenobarbital-luminal\/","og_site_name":"Global Meds Inc","article_modified_time":"2024-02-20T13:16:58+00:00","og_image":[{"width":600,"height":600,"url":"https:\/\/globalmedsonlineinc.com\/fr\/content\/media\/uploads\/sites\/5\/2021\/06\/PhenobarbitalLuminal.jpg","type":"image\/jpeg"}],"twitter_card":"summary_large_image","twitter_misc":{"Dur\u00e9e de lecture estim\u00e9e":"3 minutes"},"schema":{"@context":"https:\/\/schema.org","@graph":[{"@type":"WebPage","@id":"https:\/\/globalmedsonlineinc.com\/fr\/product\/nembutal-pentobarbital\/acheter-du-phenobarbital-phenobarbital-luminal\/","url":"https:\/\/globalmedsonlineinc.com\/fr\/product\/nembutal-pentobarbital\/acheter-du-phenobarbital-phenobarbital-luminal\/","name":"Comprim\u00e9s de Ph\u00e9nobarbital \u00e0 vendre en ligne | Global Meds Inc.","isPartOf":{"@id":"https:\/\/globalmedsonlineinc.com\/fr\/#website"},"primaryImageOfPage":{"@id":"https:\/\/globalmedsonlineinc.com\/fr\/product\/nembutal-pentobarbital\/acheter-du-phenobarbital-phenobarbital-luminal\/#primaryimage"},"image":{"@id":"https:\/\/globalmedsonlineinc.com\/fr\/product\/nembutal-pentobarbital\/acheter-du-phenobarbital-phenobarbital-luminal\/#primaryimage"},"thumbnailUrl":"https:\/\/globalmedsonlineinc.com\/fr\/content\/media\/uploads\/sites\/5\/2021\/06\/PhenobarbitalLuminal.jpg","datePublished":"2021-06-30T20:58:46+00:00","dateModified":"2024-02-20T13:16:58+00:00","description":"Comprim\u00e9s de Ph\u00e9nobarbital \u00e0 vendre en ligne. Nous vendons des comprim\u00e9s de Ph\u00e9nobarbital de la meilleure qualit\u00e9. Veuillez nous contacter pour plus d'informations.","breadcrumb":{"@id":"https:\/\/globalmedsonlineinc.com\/fr\/product\/nembutal-pentobarbital\/acheter-du-phenobarbital-phenobarbital-luminal\/#breadcrumb"},"inLanguage":"fr-FR","potentialAction":[{"@type":"ReadAction","target":["https:\/\/globalmedsonlineinc.com\/fr\/product\/nembutal-pentobarbital\/acheter-du-phenobarbital-phenobarbital-luminal\/"]}]},{"@type":"ImageObject","inLanguage":"fr-FR","@id":"https:\/\/globalmedsonlineinc.com\/fr\/product\/nembutal-pentobarbital\/acheter-du-phenobarbital-phenobarbital-luminal\/#primaryimage","url":"https:\/\/globalmedsonlineinc.com\/fr\/content\/media\/uploads\/sites\/5\/2021\/06\/PhenobarbitalLuminal.jpg","contentUrl":"https:\/\/globalmedsonlineinc.com\/fr\/content\/media\/uploads\/sites\/5\/2021\/06\/PhenobarbitalLuminal.jpg","width":600,"height":600,"caption":"Ph\u00e9nobarbital Luminal \u00e0 vendre en ligne"},{"@type":"BreadcrumbList","@id":"https:\/\/globalmedsonlineinc.com\/fr\/product\/nembutal-pentobarbital\/acheter-du-phenobarbital-phenobarbital-luminal\/#breadcrumb","itemListElement":[{"@type":"ListItem","position":1,"name":"Home","item":"https:\/\/globalmedsonlineinc.com\/fr\/"},{"@type":"ListItem","position":2,"name":"Produits","item":"https:\/\/globalmedsonlineinc.com\/fr\/produits\/"},{"@type":"ListItem","position":3,"name":"Acheter du Ph\u00e9nobarbital (Ph\u00e9nobarbital) \/ Luminal"}]},{"@type":"WebSite","@id":"https:\/\/globalmedsonlineinc.com\/fr\/#website","url":"https:\/\/globalmedsonlineinc.com\/fr\/","name":"Global Meds Inc","description":"","potentialAction":[{"@type":"SearchAction","target":{"@type":"EntryPoint","urlTemplate":"https:\/\/globalmedsonlineinc.com\/fr\/?s={search_term_string}"},"query-input":{"@type":"PropertyValueSpecification","valueRequired":true,"valueName":"search_term_string"}}],"inLanguage":"fr-FR"}]}},"_links":{"self":[{"href":"https:\/\/globalmedsonlineinc.com\/fr\/wp-json\/wp\/v2\/product\/8978","targetHints":{"allow":["GET"]}}],"collection":[{"href":"https:\/\/globalmedsonlineinc.com\/fr\/wp-json\/wp\/v2\/product"}],"about":[{"href":"https:\/\/globalmedsonlineinc.com\/fr\/wp-json\/wp\/v2\/types\/product"}],"replies":[{"embeddable":true,"href":"https:\/\/globalmedsonlineinc.com\/fr\/wp-json\/wp\/v2\/comments?post=8978"}],"wp:featuredmedia":[{"embeddable":true,"href":"https:\/\/globalmedsonlineinc.com\/fr\/wp-json\/wp\/v2\/media\/8995"}],"wp:attachment":[{"href":"https:\/\/globalmedsonlineinc.com\/fr\/wp-json\/wp\/v2\/media?parent=8978"}],"wp:term":[{"taxonomy":"product_brand","embeddable":true,"href":"https:\/\/globalmedsonlineinc.com\/fr\/wp-json\/wp\/v2\/product_brand?post=8978"},{"taxonomy":"product_cat","embeddable":true,"href":"https:\/\/globalmedsonlineinc.com\/fr\/wp-json\/wp\/v2\/product_cat?post=8978"},{"taxonomy":"product_tag","embeddable":true,"href":"https:\/\/globalmedsonlineinc.com\/fr\/wp-json\/wp\/v2\/product_tag?post=8978"}],"curies":[{"name":"wp","href":"https:\/\/api.w.org\/{rel}","templated":true}]}}