{"id":8973,"date":"2021-06-30T20:56:09","date_gmt":"2021-06-30T20:56:09","guid":{"rendered":"https:\/\/globalmedsonlineinc.com\/fr\/?post_type=product&#038;p=8973"},"modified":"2024-02-20T13:18:16","modified_gmt":"2024-02-20T13:18:16","slug":"acheter-seconal-sodium","status":"publish","type":"product","link":"https:\/\/globalmedsonlineinc.com\/fr\/product\/nembutal-pentobarbital\/acheter-seconal-sodium\/","title":{"rendered":"Achetez Seconal Sodium en ligne"},"content":{"rendered":"<h1 class=\"tt\">Sodium Seconal \u00e0 vendre en ligne<\/h1>\n<p><a href=\"https:\/\/globalmedsonlineinc.com\/fr\/product\/nembutal-pentobarbital\/acheter-seconal-sodium\/\"><span class=\"VIiyi\" lang=\"fr\"><span class=\"JLqJ4b ChMk0b\" data-language-for-alternatives=\"fr\" data-language-to-translate-into=\"en\" data-phrase-index=\"0\">Sodium Seconal \u00e0 vendre en ligne<\/span><\/span><\/a>. La pharmacie en ligne de Nembutal est maintenant disponible avec Seconal Sodium aux meilleurs prix. Si vous voulez acheter Seconal Sodium en ligne, alors contactez notre pharmacie en ligne d\u00e8s aujourd&#8217;hui et faites le n\u00e9cessaire dans les plus brefs d\u00e9lais. Tout ce que vous avez \u00e0 faire est de commander du Seconal Sodium et notre \u00e9quipe se chargera de le pr\u00e9parer et de l&#8217;emballer pour vous, puis de le livrer dans les d\u00e9lais. Nous sommes une pharmacie professionnelle et fiable qui travaille de mani\u00e8re constante dans cette industrie depuis des d\u00e9cennies. Vous pouvez compter sur nous en termes d&#8217;obtention de m\u00e9dicaments de la meilleure qualit\u00e9 et cela dans le d\u00e9lai mentionn\u00e9.<\/p>\n<h6 class=\"tt\">Que peut vous apporter le Seconal Sodium ? Pourquoi nous choisir pour l&#8217;acheter?<\/h6>\n<p>Le Seconal Sodium est utilis\u00e9 pour vous calmer juste avant une op\u00e9ration chirurgicale. Le Sodium Seconal a sa place dans une classe de m\u00e9dicaments connus sous le nom d&#8217;hypnotiques barbituriques. Il agit en influen\u00e7ant certaines parties du cerveau pour vous calmer. Les personnes \u00e2g\u00e9es doivent discuter des risques et des avantages de ce m\u00e9dicament avec leur m\u00e9decin ou leur pharmacien, tout comme d&#8217;autres traitements puissants et probablement plus s\u00fbrs. Lisez attentivement le Guide du m\u00e9dicament fourni avec le produit par notre pharmacie en ligne avant de commencer \u00e0 prendre du Sodium Seconal et \u00e0 chaque fois que vous faites le plein. Si vous avez des questions, consultez votre m\u00e9decin ou votre sp\u00e9cialiste des m\u00e9dicaments. Prenez ce m\u00e9dicament par voie orale sur un estomac non rempli comme coordonn\u00e9 par votre m\u00e9decin avant une intervention chirurgicale.<\/p>\n<p><strong>Seconal Sodium est exclusivement utilis\u00e9 pour les affections suivantes :<\/strong><\/p>\n<ul>\n<li style=\"list-style-type: none\">\n<ul>\n<li>Asth\u00e9sie locale suppl\u00e9mentaire<\/li>\n<\/ul>\n<\/li>\n<\/ul>\n<p>.<\/p>\n<ul>\n<li style=\"list-style-type: none\">\n<ul>\n<li>Agent suppl\u00e9mentaire pour induire une anesth\u00e9sie g\u00e9n\u00e9rale<\/li>\n<\/ul>\n<\/li>\n<\/ul>\n<p>Seconal Sodium Secobarbital \u00e0 vendre \u00e0 Online Nembutal Pharmacy et nous allons livrer le m\u00eame \u00e0 votre emplacement pr\u00e9f\u00e9r\u00e9 d\u00e8s que possible. Permettez-nous de vous servir de la meilleure fa\u00e7on possible. Vous pouvez vous fier enti\u00e8rement \u00e0 notre pharmacie en ligne Nembutal et attendre de nous le meilleur. Nous sommes toujours disponibles pour nos clients importants afin de r\u00e9pondre \u00e0 leurs besoins et exigences. Contactez nous d\u00e8s maintenant !<\/p>\n<p>Seconal Sodium en ligne de bonne qualit\u00e9 : Il est tout \u00e0 fait entendu que les gens ne font pas rapidement confiance \u00e0 la qualit\u00e9 du Seconal Sodium en ligne vendu en ligne car ils ne peuvent pas l&#8217;examiner physiquement. Mais ce n&#8217;est pas la m\u00eame chose avec les fournisseurs en ligne de Sodium Seconal en ligne. Les produits ici sont fid\u00e8les \u00e0 leur description avec un entretien de haute qualit\u00e9 effectu\u00e9 sous la supervision d&#8217;experts.<\/p>\n<p>Exp\u00e9dition Rapide &amp; Discr\u00e8te : La livraison du Seconal Sodium en ligne apr\u00e8s r\u00e9ception de la commande se fait dans les d\u00e9lais promis. L&#8217;\u00e9quipe d&#8217;exp\u00e9dition met tous ses efforts pour rendre la proc\u00e9dure d&#8217;exp\u00e9dition et de livraison fluide et rapide. Vous pouvez \u00e9galement vous attendre \u00e0 d&#8217;excellents services lors de l&#8217;achat en ligne de Seconal Sodium aupr\u00e8s du professionnel sur la plateforme en ligne.<\/p>\n","protected":false},"excerpt":{"rendered":"<p><strong>Entrez en contact avec la pharmacie en ligne Nembutal<\/strong><\/p>\n<p>Online Nembutal Pharmacy est disponible pour tous les gens dans le monde entier. Vous pouvez nous joindre \u00e0 tout moment et en tout lieu. Nous r\u00e9pondons toujours \u00e0 nos clients en quelques instants et les aidons \u00e0 r\u00e9soudre leurs probl\u00e8mes. Une fois que nous avons re\u00e7u les d\u00e9tails de la commande de votre part, nous commen\u00e7ons l&#8217;emballage de la m\u00eame dans le moment suivant. Nous veillons \u00e0 ce que tous les m\u00e9dicaments parviennent \u00e0 nos clients dans un emballage s\u00fbr et appropri\u00e9, sans \u00eatre endommag\u00e9.Avec nous, vous n&#8217;avez pas \u00e0 vous inqui\u00e9ter de la qualit\u00e9 des m\u00e9dicaments ou de l&#8217;\u00e9tat de la livraison. Nous sommes pr\u00e9sents pour prendre toutes les responsabilit\u00e9s. Vous ne recevrez que le meilleur pour votre sant\u00e9 d&#8217;ici. Vous pouvez nous appeler, nous envoyer un courriel ou un message. Achetez Seconal Sodium Secobarbital 100mg aujourd&#8217;hui et faites-vous livrer dans les plus brefs d\u00e9lais par Online Nembutal Pharmacy.<\/p>\n","protected":false},"featured_media":8994,"comment_status":"open","ping_status":"closed","template":"","meta":{"_acf_changed":false,"_monsterinsights_skip_tracking":false,"_monsterinsights_sitenote_active":false,"_monsterinsights_sitenote_note":"","_monsterinsights_sitenote_category":0},"product_brand":[],"product_cat":[87],"product_tag":[],"class_list":{"0":"post-8973","1":"product","2":"type-product","3":"status-publish","4":"has-post-thumbnail","6":"product_cat-nembutal-pentobarbital","8":"first","9":"instock","10":"shipping-taxable","11":"purchasable","12":"product-type-variable","13":"has-default-attributes"},"acf":[],"yoast_head":"<!-- This site is optimized with the Yoast SEO plugin v27.2 - https:\/\/yoast.com\/product\/yoast-seo-wordpress\/ -->\n<title>Sodium Seconal \u00e0 vendre en ligne - Global Meds Inc.<\/title>\n<meta name=\"description\" content=\"Sodium Seconal \u00e0 vendre en ligne. Nous vendons du Sodium Seconal de la meilleure qualit\u00e9. Veuillez nous contacter pour plus d&#039;informations et les tarifs.\" \/>\n<meta name=\"robots\" content=\"index, follow, max-snippet:-1, max-image-preview:large, max-video-preview:-1\" \/>\n<link rel=\"canonical\" href=\"https:\/\/globalmedsonlineinc.com\/fr\/product\/nembutal-pentobarbital\/acheter-seconal-sodium\/\" \/>\n<meta property=\"og:locale\" content=\"fr_FR\" \/>\n<meta property=\"og:type\" content=\"article\" \/>\n<meta property=\"og:title\" content=\"Sodium Seconal \u00e0 vendre en ligne - Global Meds Inc.\" \/>\n<meta property=\"og:description\" content=\"Sodium Seconal \u00e0 vendre en ligne. Nous vendons du Sodium Seconal de la meilleure qualit\u00e9. Veuillez nous contacter pour plus d&#039;informations et les tarifs.\" \/>\n<meta property=\"og:url\" content=\"https:\/\/globalmedsonlineinc.com\/fr\/product\/nembutal-pentobarbital\/acheter-seconal-sodium\/\" \/>\n<meta property=\"og:site_name\" content=\"Global Meds Inc\" \/>\n<meta property=\"article:modified_time\" content=\"2024-02-20T13:18:16+00:00\" \/>\n<meta property=\"og:image\" content=\"https:\/\/globalmedsonlineinc.com\/fr\/content\/media\/uploads\/sites\/5\/2021\/06\/seconal-sodium.jpg\" \/>\n\t<meta property=\"og:image:width\" content=\"600\" \/>\n\t<meta property=\"og:image:height\" content=\"600\" \/>\n\t<meta property=\"og:image:type\" content=\"image\/jpeg\" \/>\n<meta name=\"twitter:card\" content=\"summary_large_image\" \/>\n<meta name=\"twitter:label1\" content=\"Dur\u00e9e de lecture estim\u00e9e\" \/>\n\t<meta name=\"twitter:data1\" content=\"3 minutes\" \/>\n<script type=\"application\/ld+json\" class=\"yoast-schema-graph\">{\"@context\":\"https:\/\/schema.org\",\"@graph\":[{\"@type\":\"WebPage\",\"@id\":\"https:\/\/globalmedsonlineinc.com\/fr\/product\/nembutal-pentobarbital\/acheter-seconal-sodium\/\",\"url\":\"https:\/\/globalmedsonlineinc.com\/fr\/product\/nembutal-pentobarbital\/acheter-seconal-sodium\/\",\"name\":\"Sodium Seconal \u00e0 vendre en ligne - Global Meds Inc.\",\"isPartOf\":{\"@id\":\"https:\/\/globalmedsonlineinc.com\/fr\/#website\"},\"primaryImageOfPage\":{\"@id\":\"https:\/\/globalmedsonlineinc.com\/fr\/product\/nembutal-pentobarbital\/acheter-seconal-sodium\/#primaryimage\"},\"image\":{\"@id\":\"https:\/\/globalmedsonlineinc.com\/fr\/product\/nembutal-pentobarbital\/acheter-seconal-sodium\/#primaryimage\"},\"thumbnailUrl\":\"https:\/\/globalmedsonlineinc.com\/fr\/content\/media\/uploads\/sites\/5\/2021\/06\/seconal-sodium.jpg\",\"datePublished\":\"2021-06-30T20:56:09+00:00\",\"dateModified\":\"2024-02-20T13:18:16+00:00\",\"description\":\"Sodium Seconal \u00e0 vendre en ligne. Nous vendons du Sodium Seconal de la meilleure qualit\u00e9. Veuillez nous contacter pour plus d'informations et les tarifs.\",\"breadcrumb\":{\"@id\":\"https:\/\/globalmedsonlineinc.com\/fr\/product\/nembutal-pentobarbital\/acheter-seconal-sodium\/#breadcrumb\"},\"inLanguage\":\"fr-FR\",\"potentialAction\":[{\"@type\":\"ReadAction\",\"target\":[\"https:\/\/globalmedsonlineinc.com\/fr\/product\/nembutal-pentobarbital\/acheter-seconal-sodium\/\"]}]},{\"@type\":\"ImageObject\",\"inLanguage\":\"fr-FR\",\"@id\":\"https:\/\/globalmedsonlineinc.com\/fr\/product\/nembutal-pentobarbital\/acheter-seconal-sodium\/#primaryimage\",\"url\":\"https:\/\/globalmedsonlineinc.com\/fr\/content\/media\/uploads\/sites\/5\/2021\/06\/seconal-sodium.jpg\",\"contentUrl\":\"https:\/\/globalmedsonlineinc.com\/fr\/content\/media\/uploads\/sites\/5\/2021\/06\/seconal-sodium.jpg\",\"width\":600,\"height\":600,\"caption\":\"Sodium Seconal \u00e0 vendre en ligne\"},{\"@type\":\"BreadcrumbList\",\"@id\":\"https:\/\/globalmedsonlineinc.com\/fr\/product\/nembutal-pentobarbital\/acheter-seconal-sodium\/#breadcrumb\",\"itemListElement\":[{\"@type\":\"ListItem\",\"position\":1,\"name\":\"Home\",\"item\":\"https:\/\/globalmedsonlineinc.com\/fr\/\"},{\"@type\":\"ListItem\",\"position\":2,\"name\":\"Produits\",\"item\":\"https:\/\/globalmedsonlineinc.com\/fr\/produits\/\"},{\"@type\":\"ListItem\",\"position\":3,\"name\":\"Achetez Seconal Sodium en ligne\"}]},{\"@type\":\"WebSite\",\"@id\":\"https:\/\/globalmedsonlineinc.com\/fr\/#website\",\"url\":\"https:\/\/globalmedsonlineinc.com\/fr\/\",\"name\":\"Global Meds Inc\",\"description\":\"\",\"potentialAction\":[{\"@type\":\"SearchAction\",\"target\":{\"@type\":\"EntryPoint\",\"urlTemplate\":\"https:\/\/globalmedsonlineinc.com\/fr\/?s={search_term_string}\"},\"query-input\":{\"@type\":\"PropertyValueSpecification\",\"valueRequired\":true,\"valueName\":\"search_term_string\"}}],\"inLanguage\":\"fr-FR\"}]}<\/script>\n<!-- \/ Yoast SEO plugin. -->","yoast_head_json":{"title":"Sodium Seconal \u00e0 vendre en ligne - Global Meds Inc.","description":"Sodium Seconal \u00e0 vendre en ligne. Nous vendons du Sodium Seconal de la meilleure qualit\u00e9. Veuillez nous contacter pour plus d'informations et les tarifs.","robots":{"index":"index","follow":"follow","max-snippet":"max-snippet:-1","max-image-preview":"max-image-preview:large","max-video-preview":"max-video-preview:-1"},"canonical":"https:\/\/globalmedsonlineinc.com\/fr\/product\/nembutal-pentobarbital\/acheter-seconal-sodium\/","og_locale":"fr_FR","og_type":"article","og_title":"Sodium Seconal \u00e0 vendre en ligne - Global Meds Inc.","og_description":"Sodium Seconal \u00e0 vendre en ligne. Nous vendons du Sodium Seconal de la meilleure qualit\u00e9. Veuillez nous contacter pour plus d'informations et les tarifs.","og_url":"https:\/\/globalmedsonlineinc.com\/fr\/product\/nembutal-pentobarbital\/acheter-seconal-sodium\/","og_site_name":"Global Meds Inc","article_modified_time":"2024-02-20T13:18:16+00:00","og_image":[{"width":600,"height":600,"url":"https:\/\/globalmedsonlineinc.com\/fr\/content\/media\/uploads\/sites\/5\/2021\/06\/seconal-sodium.jpg","type":"image\/jpeg"}],"twitter_card":"summary_large_image","twitter_misc":{"Dur\u00e9e de lecture estim\u00e9e":"3 minutes"},"schema":{"@context":"https:\/\/schema.org","@graph":[{"@type":"WebPage","@id":"https:\/\/globalmedsonlineinc.com\/fr\/product\/nembutal-pentobarbital\/acheter-seconal-sodium\/","url":"https:\/\/globalmedsonlineinc.com\/fr\/product\/nembutal-pentobarbital\/acheter-seconal-sodium\/","name":"Sodium Seconal \u00e0 vendre en ligne - Global Meds Inc.","isPartOf":{"@id":"https:\/\/globalmedsonlineinc.com\/fr\/#website"},"primaryImageOfPage":{"@id":"https:\/\/globalmedsonlineinc.com\/fr\/product\/nembutal-pentobarbital\/acheter-seconal-sodium\/#primaryimage"},"image":{"@id":"https:\/\/globalmedsonlineinc.com\/fr\/product\/nembutal-pentobarbital\/acheter-seconal-sodium\/#primaryimage"},"thumbnailUrl":"https:\/\/globalmedsonlineinc.com\/fr\/content\/media\/uploads\/sites\/5\/2021\/06\/seconal-sodium.jpg","datePublished":"2021-06-30T20:56:09+00:00","dateModified":"2024-02-20T13:18:16+00:00","description":"Sodium Seconal \u00e0 vendre en ligne. Nous vendons du Sodium Seconal de la meilleure qualit\u00e9. Veuillez nous contacter pour plus d'informations et les tarifs.","breadcrumb":{"@id":"https:\/\/globalmedsonlineinc.com\/fr\/product\/nembutal-pentobarbital\/acheter-seconal-sodium\/#breadcrumb"},"inLanguage":"fr-FR","potentialAction":[{"@type":"ReadAction","target":["https:\/\/globalmedsonlineinc.com\/fr\/product\/nembutal-pentobarbital\/acheter-seconal-sodium\/"]}]},{"@type":"ImageObject","inLanguage":"fr-FR","@id":"https:\/\/globalmedsonlineinc.com\/fr\/product\/nembutal-pentobarbital\/acheter-seconal-sodium\/#primaryimage","url":"https:\/\/globalmedsonlineinc.com\/fr\/content\/media\/uploads\/sites\/5\/2021\/06\/seconal-sodium.jpg","contentUrl":"https:\/\/globalmedsonlineinc.com\/fr\/content\/media\/uploads\/sites\/5\/2021\/06\/seconal-sodium.jpg","width":600,"height":600,"caption":"Sodium Seconal \u00e0 vendre en ligne"},{"@type":"BreadcrumbList","@id":"https:\/\/globalmedsonlineinc.com\/fr\/product\/nembutal-pentobarbital\/acheter-seconal-sodium\/#breadcrumb","itemListElement":[{"@type":"ListItem","position":1,"name":"Home","item":"https:\/\/globalmedsonlineinc.com\/fr\/"},{"@type":"ListItem","position":2,"name":"Produits","item":"https:\/\/globalmedsonlineinc.com\/fr\/produits\/"},{"@type":"ListItem","position":3,"name":"Achetez Seconal Sodium en ligne"}]},{"@type":"WebSite","@id":"https:\/\/globalmedsonlineinc.com\/fr\/#website","url":"https:\/\/globalmedsonlineinc.com\/fr\/","name":"Global Meds Inc","description":"","potentialAction":[{"@type":"SearchAction","target":{"@type":"EntryPoint","urlTemplate":"https:\/\/globalmedsonlineinc.com\/fr\/?s={search_term_string}"},"query-input":{"@type":"PropertyValueSpecification","valueRequired":true,"valueName":"search_term_string"}}],"inLanguage":"fr-FR"}]}},"_links":{"self":[{"href":"https:\/\/globalmedsonlineinc.com\/fr\/wp-json\/wp\/v2\/product\/8973","targetHints":{"allow":["GET"]}}],"collection":[{"href":"https:\/\/globalmedsonlineinc.com\/fr\/wp-json\/wp\/v2\/product"}],"about":[{"href":"https:\/\/globalmedsonlineinc.com\/fr\/wp-json\/wp\/v2\/types\/product"}],"replies":[{"embeddable":true,"href":"https:\/\/globalmedsonlineinc.com\/fr\/wp-json\/wp\/v2\/comments?post=8973"}],"wp:featuredmedia":[{"embeddable":true,"href":"https:\/\/globalmedsonlineinc.com\/fr\/wp-json\/wp\/v2\/media\/8994"}],"wp:attachment":[{"href":"https:\/\/globalmedsonlineinc.com\/fr\/wp-json\/wp\/v2\/media?parent=8973"}],"wp:term":[{"taxonomy":"product_brand","embeddable":true,"href":"https:\/\/globalmedsonlineinc.com\/fr\/wp-json\/wp\/v2\/product_brand?post=8973"},{"taxonomy":"product_cat","embeddable":true,"href":"https:\/\/globalmedsonlineinc.com\/fr\/wp-json\/wp\/v2\/product_cat?post=8973"},{"taxonomy":"product_tag","embeddable":true,"href":"https:\/\/globalmedsonlineinc.com\/fr\/wp-json\/wp\/v2\/product_tag?post=8973"}],"curies":[{"name":"wp","href":"https:\/\/api.w.org\/{rel}","templated":true}]}}