{"id":8927,"date":"2021-06-30T20:43:54","date_gmt":"2021-06-30T20:43:54","guid":{"rendered":"https:\/\/globalmedsonlineinc.com\/fr\/?post_type=product&#038;p=8927"},"modified":"2024-02-20T13:20:07","modified_gmt":"2024-02-20T13:20:07","slug":"acheter-pentobarbital-sodique-liquide-oral-en-ligne","status":"publish","type":"product","link":"https:\/\/globalmedsonlineinc.com\/fr\/product\/nembutal-pentobarbital\/acheter-pentobarbital-sodique-liquide-oral-en-ligne\/","title":{"rendered":"Acheter Pentobarbital sodique (liquide) (oral) en ligne"},"content":{"rendered":"<h1 class=\"tt\"><span class=\"VIiyi\" lang=\"fr\"><span class=\"JLqJ4b ChMk0b\" data-language-for-alternatives=\"fr\" data-language-to-translate-into=\"en\" data-phrase-index=\"0\">Pentobarbital Sodium solution orale liquide \u00e0 vendre en ligne <\/span><\/span><\/h1>\n<p><span class=\"VIiyi\" lang=\"fr\"><span class=\"JLqJ4b ChMk0b\" data-language-for-alternatives=\"fr\" data-language-to-translate-into=\"en\" data-phrase-index=\"0\"><a href=\"https:\/\/globalmedsonlineinc.com\/fr\/product\/nembutal-pentobarbital\/acheter-pentobarbital-sodique-liquide-oral-en-ligne\/\">Pentobarbital Sodium solution orale<\/a> liquide \u00e0 vendre en ligne <\/span><\/span>. La solution de NEMBUTAL Sodium (pentobarbital sodique injectable) est une solution st\u00e9rile pour injection intraveineuse ou intramusculaire. Chaque mL contient 50 mg de pentobarbital sodique, dans un v\u00e9hicule compos\u00e9 de propyl\u00e8ne glycol, 40 %, d&#8217;alcool, 10 % et d&#8217;eau pour injection, au <a href=\"https:\/\/en.wikipedia.org\/wiki\/Pentobarbital\">volume<\/a>. Le pH est ajust\u00e9 \u00e0 environ 9,5 avec de l&#8217;acide chlorhydrique et\/ou de l&#8217;hydroxyde de sodium. Ce m\u00e9dicament est destin\u00e9 \u00e0 \u00eatre inject\u00e9 dans un muscle ou une veine. Achat de pentobarbital sodique en ligne, Pentobarbital pour l&#8217;euthanasie, Pentobarbital sodique group\u00e9, Pentobarbital sodique liquide, Pentobarbital sodique pour l&#8217;euthanasie des animaux.<\/p>\n<p>L&#8217;achat de pentobarbital sodique en ligne est d\u00e9sormais possible chez Nembutal Group. Vous pouvez maintenant passer commande pour acheter du Pentobarbital sodique injectable et le faire livrer \u00e0 votre adresse dans les d\u00e9lais promis. Contactez nous maintenant ! Pentobarbital pour euthanasie, Pentobarbital sodique liquide, Pentobarbital sodique pour euthanasie animale,<\/p>\n<p class=\"tt\"><strong>Qu&#8217;est-ce que le pentobarbital et ses utilisations ?<\/strong><\/p>\n<p>Le pentobarbital est un barbiturique qui agit comme un d\u00e9presseur, ou s\u00e9datif, utilis\u00e9 \u00e0 <a href=\"https:\/\/fr.wikipedia.org\/wiki\/Pentobarbital\">court<\/a> terme pour traiter l&#8217;insomnie. Le pentobarbital est \u00e9galement utilis\u00e9 comme traitement d&#8217;urgence des crises d&#8217;\u00e9pilepsie, et pour endormir les patients en vue d&#8217;une intervention chirurgicale. Acheter du pentobarbital sodique en ligne, Pentobarbital pour l&#8217;euthanasie, Pentobarbital sodique pour l&#8217;euthanasie des animaux.<\/p>\n<p>\u00c0 fortes doses, le pentobarbital provoque la mort par arr\u00eat respiratoire. Il est utilis\u00e9 pour l&#8217;euthanasie v\u00e9t\u00e9rinaire et est utilis\u00e9 par certains \u00c9tats am\u00e9ricains et le gouvernement f\u00e9d\u00e9ral am\u00e9ricain pour les ex\u00e9cutions de criminels condamn\u00e9s. Acheter du Pentobarbital Sodium en ligne<sup id=\"cite_ref-2\" class=\"reference\"><\/sup><\/p>\n<p>Le pentobarbital peut provoquer la mort lorsqu&#8217;il est utilis\u00e9 \u00e0 fortes doses. Il est utilis\u00e9 pour l&#8217;euthanasie chez les humains comme chez les animaux. Il est \u00e9galement utilis\u00e9 seul, ou en association avec des agents compl\u00e9mentaires comme la ph\u00e9nyto\u00efne, dans des solutions injectables commerciales d&#8217;euthanasie animale.<\/p>\n<p><strong>Pentobarbital pour l&#8217;euthanasie<\/strong><\/p>\n<p>Le pentobarbital (Nembutal) est un barbiturique s\u00e9datif-hypnotique \u00e0 courte dur\u00e9e d&#8217;action, largement utilis\u00e9 dans la pratique v\u00e9t\u00e9rinaire pour l&#8217;anesth\u00e9sie et l&#8217;euthanasie. Il est \u00e9galement recommand\u00e9 comme m\u00e9dicament pour l&#8217;euthanasie ou le suicide assist\u00e9 en raison de l&#8217;apparition rapide du coma et de la perception d&#8217;une mort paisible. Acheter du pentobarbital sodique en ligne<\/p>\n<p><strong>Comment le pentobarbital sodique est-il administr\u00e9 ?<\/strong><\/p>\n<div id=\"_joT9X9rQHMb1gQa08rz4CA32\" class=\"gy6Qzb oNjtBb V1sL5c\" aria-labelledby=\"_joT9X9rQHMb1gQa08rz4CA33\">\n<div id=\"_joT9X9rQHMb1gQa08rz4CA34\" class=\"y8URue\" data-hveid=\"CBEQDA\" data-ved=\"2ahUKEwjaz5v_oZbuAhXGesAKHTQ5D48Qu04oAXoECBEQDA\">\n<div class=\"mod\" data-md=\"61\">\n<div class=\"LGOjhe\" role=\"heading\" data-attrid=\"wa:\/description\" data-hveid=\"CAsQAA\"><span class=\"ILfuVd NA6bn\"><span class=\"hgKElc\">Le pentobarbital peut \u00eatre administr\u00e9 par voie intrap\u00e9riton\u00e9ale ou intraveineuse. Lorsqu&#8217;il est utilis\u00e9 comme anesth\u00e9sique g\u00e9n\u00e9ral, le pentobarbital peut \u00eatre administr\u00e9 sous forme de bolus (Borkowski et al., 1990) ou d&#8217;IRC. Les solutions commerciales contiennent g\u00e9n\u00e9ralement du propyl\u00e8ne glycol, qui peut provoquer des douleurs \u00e0 l&#8217;injection et des thrombophl\u00e9bites. Acheter du pentobarbital sodique en ligne<\/span><\/span><\/div>\n<\/div>\n<\/div>\n<\/div>\n","protected":false},"excerpt":{"rendered":"<p>Le pentobarbital sodique injectable est une solution st\u00e9rile pour injection intraveineuse ou intramusculaire. Chaque mL contient 50 mg de pentobarbital sodique, dans un v\u00e9hicule compos\u00e9 de propyl\u00e8neglycol, 40 %, d&#8217;alcool, 10 % et d&#8217;eau pour injection, au volume. Le pH est ajust\u00e9 \u00e0 environ 9,5 avec de l&#8217;acide chlorhydrique et\/ou de l&#8217;hydroxyde de sodium.<\/p>\n","protected":false},"featured_media":8969,"comment_status":"open","ping_status":"closed","template":"","meta":{"_acf_changed":false,"_monsterinsights_skip_tracking":false,"_monsterinsights_sitenote_active":false,"_monsterinsights_sitenote_note":"","_monsterinsights_sitenote_category":0},"product_brand":[],"product_cat":[87],"product_tag":[835,836,837,838,839,867,866,96,832,872,873,871,869,868,870,829,97,844,843,845,847,98,850,851,852,846,865,848,849,822,862,863,854,808,809,810,819,855,856,864,853,857,117,858,859,860,861,842,841,821,840,126,820],"class_list":{"0":"post-8927","1":"product","2":"type-product","3":"status-publish","4":"has-post-thumbnail","6":"product_cat-nembutal-pentobarbital","7":"product_tag-acheter-nembutal-pentobarbital-de-sodium","8":"product_tag-acheter-pentobarbital-de-sodium","9":"product_tag-acheter-pentobarbital-de-sodium-2021","10":"product_tag-acheter-pentobarbital-de-sodium-sel-de-pentobarbital-de-sodium","11":"product_tag-acheter-pentobarbital-de-sodium-uk","12":"product_tag-duree-de-conservation-du-pentobarbital-de-sodium","13":"product_tag-fabricants-de-pentobarbital-de-sodium","14":"product_tag-nembutal","15":"product_tag-ou-acheter-du-pentobarbital-sodique","16":"product_tag-ou-acheter-du-pentobarbital-sodique-pour-les-chiens","17":"product_tag-ou-obtenir-du-pentobarbital-sodique","18":"product_tag-ou-peut-on-acheter-du-pentobarbital-sodique","19":"product_tag-ou-puis-je-acheter-du-pentobarbital-de-sodium","20":"product_tag-ou-puis-je-acheter-du-pentobarbital-de-sodium-nembutal","21":"product_tag-ou-puis-je-acheter-du-pentobarbital-de-sodium-somniferes","22":"product_tag-ou-puis-je-acheter-du-pentobarbital-sodique","23":"product_tag-pentobarbital","24":"product_tag-pentobarbital-de-sodium-acheter","25":"product_tag-pentobarbital-de-sodium-anesthesie","26":"product_tag-pentobarbital-de-sodium-chine","27":"product_tag-pentobarbital-de-sodium-dosage","28":"product_tag-pentobarbital-de-sodium-dose-letale","29":"product_tag-pentobarbital-de-sodium-groupe","30":"product_tag-pentobarbital-de-sodium-injection-pour-les-chiens","31":"product_tag-pentobarbital-de-sodium-injection-pour-les-humains","32":"product_tag-pentobarbital-de-sodium-mort","33":"product_tag-pentobarbital-de-sodium-pour-leuthanasie","34":"product_tag-pentobarbital-de-sodium-pour-les-chiens","35":"product_tag-pentobarbital-de-sodium-pour-les-humains","36":"product_tag-pentobarbital-sodique-nembutal","37":"product_tag-pentobarbital-sodique-comprimes","38":"product_tag-pentobarbital-sodique-cout","39":"product_tag-pentobarbital-sodique-injection-usp","40":"product_tag-pentobarbital-sodique-liquide","41":"product_tag-pentobarbital-sodique-nz","42":"product_tag-pentobarbital-sodique-oral","43":"product_tag-pentobarbital-sodique-ou-acheter","44":"product_tag-pentobarbital-sodique-over-the-counter","45":"product_tag-pentobarbital-sodique-pilules","46":"product_tag-pentobarbital-sodique-pour-leuthanasie-animale","47":"product_tag-pentobarbital-sodique-solution-injectable","48":"product_tag-pentobarbital-sodium-poudre","49":"product_tag-pentobarbital-sodium-prescription","50":"product_tag-pentobarbital-sodium-prix","51":"product_tag-pentobarbital-sodium-sel","52":"product_tag-pentobarbital-sodium-somniferes","53":"product_tag-pentobarbital-sodium-somniferes-en-vente-libre","54":"product_tag-peut-on-acheter-du-pentobarbital-sodique","55":"product_tag-peut-on-acheter-du-pentobarbital-sodique-sans-ordonnance","56":"product_tag-phenobarbital-sodique-intraveineux","57":"product_tag-puis-je-acheter-pentobarbital","58":"product_tag-sodium","59":"product_tag-utilisation-du-pentobarbital","61":"first","62":"instock","63":"shipping-taxable","64":"purchasable","65":"product-type-variable","66":"has-default-attributes"},"acf":[],"yoast_head":"<!-- This site is optimized with the Yoast SEO plugin v27.2 - https:\/\/yoast.com\/product\/yoast-seo-wordpress\/ -->\n<title>Pentobarbital Sodium solution orale liquide \u00e0 vendre en ligne<\/title>\n<meta name=\"description\" content=\"Pentobarbital Sodium solution orale liquide \u00e0 vendre en ligne. Nous vendons du pentobarbital sodique de la meilleure qualit\u00e9. Veuillez nous contacter pour plus d&#039;informations et les tarifs.\" \/>\n<meta name=\"robots\" content=\"index, follow, max-snippet:-1, max-image-preview:large, max-video-preview:-1\" \/>\n<link rel=\"canonical\" href=\"https:\/\/globalmedsonlineinc.com\/fr\/product\/nembutal-pentobarbital\/acheter-pentobarbital-sodique-liquide-oral-en-ligne\/\" \/>\n<meta property=\"og:locale\" content=\"fr_FR\" \/>\n<meta property=\"og:type\" content=\"article\" \/>\n<meta property=\"og:title\" content=\"Pentobarbital Sodium solution orale liquide \u00e0 vendre en ligne\" \/>\n<meta property=\"og:description\" content=\"Pentobarbital Sodium solution orale liquide \u00e0 vendre en ligne. Nous vendons du pentobarbital sodique de la meilleure qualit\u00e9. Veuillez nous contacter pour plus d&#039;informations et les tarifs.\" \/>\n<meta property=\"og:url\" content=\"https:\/\/globalmedsonlineinc.com\/fr\/product\/nembutal-pentobarbital\/acheter-pentobarbital-sodique-liquide-oral-en-ligne\/\" \/>\n<meta property=\"og:site_name\" content=\"Global Meds Inc\" \/>\n<meta property=\"article:modified_time\" content=\"2024-02-20T13:20:07+00:00\" \/>\n<meta property=\"og:image\" content=\"https:\/\/globalmedsonlineinc.com\/fr\/content\/media\/uploads\/sites\/5\/2021\/06\/Pentobarbital-sodium.jpg\" \/>\n\t<meta property=\"og:image:width\" content=\"600\" \/>\n\t<meta property=\"og:image:height\" content=\"600\" \/>\n\t<meta property=\"og:image:type\" content=\"image\/jpeg\" \/>\n<meta name=\"twitter:card\" content=\"summary_large_image\" \/>\n<meta name=\"twitter:label1\" content=\"Dur\u00e9e de lecture estim\u00e9e\" \/>\n\t<meta name=\"twitter:data1\" content=\"3 minutes\" \/>\n<script type=\"application\/ld+json\" class=\"yoast-schema-graph\">{\"@context\":\"https:\/\/schema.org\",\"@graph\":[{\"@type\":\"WebPage\",\"@id\":\"https:\/\/globalmedsonlineinc.com\/fr\/product\/nembutal-pentobarbital\/acheter-pentobarbital-sodique-liquide-oral-en-ligne\/\",\"url\":\"https:\/\/globalmedsonlineinc.com\/fr\/product\/nembutal-pentobarbital\/acheter-pentobarbital-sodique-liquide-oral-en-ligne\/\",\"name\":\"Pentobarbital Sodium solution orale liquide \u00e0 vendre en ligne\",\"isPartOf\":{\"@id\":\"https:\/\/globalmedsonlineinc.com\/fr\/#website\"},\"primaryImageOfPage\":{\"@id\":\"https:\/\/globalmedsonlineinc.com\/fr\/product\/nembutal-pentobarbital\/acheter-pentobarbital-sodique-liquide-oral-en-ligne\/#primaryimage\"},\"image\":{\"@id\":\"https:\/\/globalmedsonlineinc.com\/fr\/product\/nembutal-pentobarbital\/acheter-pentobarbital-sodique-liquide-oral-en-ligne\/#primaryimage\"},\"thumbnailUrl\":\"https:\/\/globalmedsonlineinc.com\/fr\/content\/media\/uploads\/sites\/5\/2021\/06\/Pentobarbital-sodium.jpg\",\"datePublished\":\"2021-06-30T20:43:54+00:00\",\"dateModified\":\"2024-02-20T13:20:07+00:00\",\"description\":\"Pentobarbital Sodium solution orale liquide \u00e0 vendre en ligne. Nous vendons du pentobarbital sodique de la meilleure qualit\u00e9. Veuillez nous contacter pour plus d'informations et les tarifs.\",\"breadcrumb\":{\"@id\":\"https:\/\/globalmedsonlineinc.com\/fr\/product\/nembutal-pentobarbital\/acheter-pentobarbital-sodique-liquide-oral-en-ligne\/#breadcrumb\"},\"inLanguage\":\"fr-FR\",\"potentialAction\":[{\"@type\":\"ReadAction\",\"target\":[\"https:\/\/globalmedsonlineinc.com\/fr\/product\/nembutal-pentobarbital\/acheter-pentobarbital-sodique-liquide-oral-en-ligne\/\"]}]},{\"@type\":\"ImageObject\",\"inLanguage\":\"fr-FR\",\"@id\":\"https:\/\/globalmedsonlineinc.com\/fr\/product\/nembutal-pentobarbital\/acheter-pentobarbital-sodique-liquide-oral-en-ligne\/#primaryimage\",\"url\":\"https:\/\/globalmedsonlineinc.com\/fr\/content\/media\/uploads\/sites\/5\/2021\/06\/Pentobarbital-sodium.jpg\",\"contentUrl\":\"https:\/\/globalmedsonlineinc.com\/fr\/content\/media\/uploads\/sites\/5\/2021\/06\/Pentobarbital-sodium.jpg\",\"width\":600,\"height\":600},{\"@type\":\"BreadcrumbList\",\"@id\":\"https:\/\/globalmedsonlineinc.com\/fr\/product\/nembutal-pentobarbital\/acheter-pentobarbital-sodique-liquide-oral-en-ligne\/#breadcrumb\",\"itemListElement\":[{\"@type\":\"ListItem\",\"position\":1,\"name\":\"Home\",\"item\":\"https:\/\/globalmedsonlineinc.com\/fr\/\"},{\"@type\":\"ListItem\",\"position\":2,\"name\":\"Produits\",\"item\":\"https:\/\/globalmedsonlineinc.com\/fr\/produits\/\"},{\"@type\":\"ListItem\",\"position\":3,\"name\":\"Acheter Pentobarbital sodique (liquide) (oral) en ligne\"}]},{\"@type\":\"WebSite\",\"@id\":\"https:\/\/globalmedsonlineinc.com\/fr\/#website\",\"url\":\"https:\/\/globalmedsonlineinc.com\/fr\/\",\"name\":\"Global Meds Inc\",\"description\":\"\",\"potentialAction\":[{\"@type\":\"SearchAction\",\"target\":{\"@type\":\"EntryPoint\",\"urlTemplate\":\"https:\/\/globalmedsonlineinc.com\/fr\/?s={search_term_string}\"},\"query-input\":{\"@type\":\"PropertyValueSpecification\",\"valueRequired\":true,\"valueName\":\"search_term_string\"}}],\"inLanguage\":\"fr-FR\"}]}<\/script>\n<!-- \/ Yoast SEO plugin. -->","yoast_head_json":{"title":"Pentobarbital Sodium solution orale liquide \u00e0 vendre en ligne","description":"Pentobarbital Sodium solution orale liquide \u00e0 vendre en ligne. Nous vendons du pentobarbital sodique de la meilleure qualit\u00e9. Veuillez nous contacter pour plus d'informations et les tarifs.","robots":{"index":"index","follow":"follow","max-snippet":"max-snippet:-1","max-image-preview":"max-image-preview:large","max-video-preview":"max-video-preview:-1"},"canonical":"https:\/\/globalmedsonlineinc.com\/fr\/product\/nembutal-pentobarbital\/acheter-pentobarbital-sodique-liquide-oral-en-ligne\/","og_locale":"fr_FR","og_type":"article","og_title":"Pentobarbital Sodium solution orale liquide \u00e0 vendre en ligne","og_description":"Pentobarbital Sodium solution orale liquide \u00e0 vendre en ligne. Nous vendons du pentobarbital sodique de la meilleure qualit\u00e9. Veuillez nous contacter pour plus d'informations et les tarifs.","og_url":"https:\/\/globalmedsonlineinc.com\/fr\/product\/nembutal-pentobarbital\/acheter-pentobarbital-sodique-liquide-oral-en-ligne\/","og_site_name":"Global Meds Inc","article_modified_time":"2024-02-20T13:20:07+00:00","og_image":[{"width":600,"height":600,"url":"https:\/\/globalmedsonlineinc.com\/fr\/content\/media\/uploads\/sites\/5\/2021\/06\/Pentobarbital-sodium.jpg","type":"image\/jpeg"}],"twitter_card":"summary_large_image","twitter_misc":{"Dur\u00e9e de lecture estim\u00e9e":"3 minutes"},"schema":{"@context":"https:\/\/schema.org","@graph":[{"@type":"WebPage","@id":"https:\/\/globalmedsonlineinc.com\/fr\/product\/nembutal-pentobarbital\/acheter-pentobarbital-sodique-liquide-oral-en-ligne\/","url":"https:\/\/globalmedsonlineinc.com\/fr\/product\/nembutal-pentobarbital\/acheter-pentobarbital-sodique-liquide-oral-en-ligne\/","name":"Pentobarbital Sodium solution orale liquide \u00e0 vendre en ligne","isPartOf":{"@id":"https:\/\/globalmedsonlineinc.com\/fr\/#website"},"primaryImageOfPage":{"@id":"https:\/\/globalmedsonlineinc.com\/fr\/product\/nembutal-pentobarbital\/acheter-pentobarbital-sodique-liquide-oral-en-ligne\/#primaryimage"},"image":{"@id":"https:\/\/globalmedsonlineinc.com\/fr\/product\/nembutal-pentobarbital\/acheter-pentobarbital-sodique-liquide-oral-en-ligne\/#primaryimage"},"thumbnailUrl":"https:\/\/globalmedsonlineinc.com\/fr\/content\/media\/uploads\/sites\/5\/2021\/06\/Pentobarbital-sodium.jpg","datePublished":"2021-06-30T20:43:54+00:00","dateModified":"2024-02-20T13:20:07+00:00","description":"Pentobarbital Sodium solution orale liquide \u00e0 vendre en ligne. Nous vendons du pentobarbital sodique de la meilleure qualit\u00e9. Veuillez nous contacter pour plus d'informations et les tarifs.","breadcrumb":{"@id":"https:\/\/globalmedsonlineinc.com\/fr\/product\/nembutal-pentobarbital\/acheter-pentobarbital-sodique-liquide-oral-en-ligne\/#breadcrumb"},"inLanguage":"fr-FR","potentialAction":[{"@type":"ReadAction","target":["https:\/\/globalmedsonlineinc.com\/fr\/product\/nembutal-pentobarbital\/acheter-pentobarbital-sodique-liquide-oral-en-ligne\/"]}]},{"@type":"ImageObject","inLanguage":"fr-FR","@id":"https:\/\/globalmedsonlineinc.com\/fr\/product\/nembutal-pentobarbital\/acheter-pentobarbital-sodique-liquide-oral-en-ligne\/#primaryimage","url":"https:\/\/globalmedsonlineinc.com\/fr\/content\/media\/uploads\/sites\/5\/2021\/06\/Pentobarbital-sodium.jpg","contentUrl":"https:\/\/globalmedsonlineinc.com\/fr\/content\/media\/uploads\/sites\/5\/2021\/06\/Pentobarbital-sodium.jpg","width":600,"height":600},{"@type":"BreadcrumbList","@id":"https:\/\/globalmedsonlineinc.com\/fr\/product\/nembutal-pentobarbital\/acheter-pentobarbital-sodique-liquide-oral-en-ligne\/#breadcrumb","itemListElement":[{"@type":"ListItem","position":1,"name":"Home","item":"https:\/\/globalmedsonlineinc.com\/fr\/"},{"@type":"ListItem","position":2,"name":"Produits","item":"https:\/\/globalmedsonlineinc.com\/fr\/produits\/"},{"@type":"ListItem","position":3,"name":"Acheter Pentobarbital sodique (liquide) (oral) en ligne"}]},{"@type":"WebSite","@id":"https:\/\/globalmedsonlineinc.com\/fr\/#website","url":"https:\/\/globalmedsonlineinc.com\/fr\/","name":"Global Meds Inc","description":"","potentialAction":[{"@type":"SearchAction","target":{"@type":"EntryPoint","urlTemplate":"https:\/\/globalmedsonlineinc.com\/fr\/?s={search_term_string}"},"query-input":{"@type":"PropertyValueSpecification","valueRequired":true,"valueName":"search_term_string"}}],"inLanguage":"fr-FR"}]}},"_links":{"self":[{"href":"https:\/\/globalmedsonlineinc.com\/fr\/wp-json\/wp\/v2\/product\/8927","targetHints":{"allow":["GET"]}}],"collection":[{"href":"https:\/\/globalmedsonlineinc.com\/fr\/wp-json\/wp\/v2\/product"}],"about":[{"href":"https:\/\/globalmedsonlineinc.com\/fr\/wp-json\/wp\/v2\/types\/product"}],"replies":[{"embeddable":true,"href":"https:\/\/globalmedsonlineinc.com\/fr\/wp-json\/wp\/v2\/comments?post=8927"}],"wp:featuredmedia":[{"embeddable":true,"href":"https:\/\/globalmedsonlineinc.com\/fr\/wp-json\/wp\/v2\/media\/8969"}],"wp:attachment":[{"href":"https:\/\/globalmedsonlineinc.com\/fr\/wp-json\/wp\/v2\/media?parent=8927"}],"wp:term":[{"taxonomy":"product_brand","embeddable":true,"href":"https:\/\/globalmedsonlineinc.com\/fr\/wp-json\/wp\/v2\/product_brand?post=8927"},{"taxonomy":"product_cat","embeddable":true,"href":"https:\/\/globalmedsonlineinc.com\/fr\/wp-json\/wp\/v2\/product_cat?post=8927"},{"taxonomy":"product_tag","embeddable":true,"href":"https:\/\/globalmedsonlineinc.com\/fr\/wp-json\/wp\/v2\/product_tag?post=8927"}],"curies":[{"name":"wp","href":"https:\/\/api.w.org\/{rel}","templated":true}]}}