{"id":8925,"date":"2021-06-30T20:43:24","date_gmt":"2021-06-30T20:43:24","guid":{"rendered":"https:\/\/globalmedsonlineinc.com\/fr\/?post_type=product&#038;p=8925"},"modified":"2025-11-29T19:06:25","modified_gmt":"2025-11-29T19:06:25","slug":"acheter-des-pilules-de-nembutal-en-ligne","status":"publish","type":"product","link":"https:\/\/globalmedsonlineinc.com\/fr\/product\/nembutal-pentobarbital\/acheter-des-pilules-de-nembutal-en-ligne\/","title":{"rendered":"Acheter des pilules de Nembutal en ligne"},"content":{"rendered":"<h1>Achetez du Nembutal pilules en ligne \u2013 Comprim\u00e9s de pentobarbital de qualit\u00e9 sup\u00e9rieure en vente chez Global Meds Inc.<\/h1>\n<p><a href=\"https:\/\/globalmedsonlineinc.com\/fr\/product\/nembutal-pentobarbital\/acheter-des-pilules-de-nembutal-en-ligne\/\">Achetez du Nembutal pilules\u00a0 en ligne<\/a>. Vous cherchez un site fiable pour acheter du Nembutal en ligne ? Chez Global Meds Inc., nous proposons des comprim\u00e9s de Nembutal (pentobarbital sodique) de haute qualit\u00e9, efficaces contre l\u2019insomnie, pour la s\u00e9dation et le contr\u00f4le des crises d\u2019\u00e9pilepsie. Pharmacie en ligne de confiance, nous privil\u00e9gions la discr\u00e9tion, la puret\u00e9 de nos produits (contr\u00f4l\u00e9e en laboratoire) et une livraison rapide dans le monde entier. Que vous souffriez de troubles du sommeil ou que vous vous pr\u00e9pariez \u00e0 une intervention m\u00e9dicale, nos comprim\u00e9s de Nembutal (pentobarbital) vous apportent le calme et la s\u00e9dation dont vous avez besoin, \u00e0 des prix imbattables \u00e0 partir de 300 \u20ac.<\/p>\n<p>N\u2019acceptez aucun compromis sur la qualit\u00e9. Commandez votre Nembutal en ligne d\u00e8s aujourd\u2019hui et profitez de notre service professionnel et irr\u00e9prochable. Assistance d\u2019experts 24\u00a0h\/24 et 7\u00a0j\/7, emballage s\u00e9curis\u00e9 et livraison garantie\u00a0: nous sommes votre partenaire id\u00e9al pour l\u2019achat de Nembutal en ligne.<\/p>\n<p>[Bouton Ajouter au panier \u2013 Quantit\u00e9s\u00a0: 30 comprim\u00e9s (300\u00a0\u20ac), 50 comprim\u00e9s (450\u00a0\u20ac), 100 comprim\u00e9s (750\u00a0\u20ac)]<\/p>\n<p>Que sont les comprim\u00e9s de Nembutal\u00a0? Comprendre les comprim\u00e9s de pentobarbital sodique<\/p>\n<p>Les comprim\u00e9s de Nembutal, \u00e9galement appel\u00e9s comprim\u00e9s de pentobarbital, sont un puissant barbiturique reconnu pour ses propri\u00e9t\u00e9s s\u00e9datives et hypnotiques. D\u00e9riv\u00e9s du pentobarbital sodique, ces comprim\u00e9s oraux agissent en ralentissant le syst\u00e8me nerveux central, favorisant ainsi une relaxation profonde et le sommeil. Initialement d\u00e9velopp\u00e9s pour un usage m\u00e9dical, les comprim\u00e9s de Nembutal (pentobarbital) sont devenus un traitement de r\u00e9f\u00e9rence pour diverses affections n\u00e9cessitant calme et repos.<\/p>\n<p>Chez Global Meds Inc., nos comprim\u00e9s de Nembutal proviennent de fabricants r\u00e9put\u00e9s et sont rigoureusement test\u00e9s en laboratoire afin de garantir leur efficacit\u00e9 et leur innocuit\u00e9. Disponibles sous forme de comprim\u00e9s pratiques, ils offrent un dosage pr\u00e9cis pour les adultes et sont faciles \u00e0 administrer \u2013 aucune injection n\u2019est n\u00e9cessaire. Vous vous demandez o\u00f9 acheter du Nembutal en ligne en toute s\u00e9curit\u00e9 ? Ne cherchez plus ! Nous proposons des produits authentiques accompagn\u00e9s de notices compl\u00e8tes et personnalis\u00e9es selon votre \u00e2ge, votre poids et votre \u00e9tat de sant\u00e9.<\/p>\n<p>Caract\u00e9ristiques principales de nos comprim\u00e9s de Nembutal :<\/p>\n<p>Dosage et forme : Comprim\u00e9s oraux standards (dosage exact personnalis\u00e9 sur commande ; consultez nos experts).<\/p>\n<p>Quantit\u00e9s disponibles : Bo\u00eetes de 30, 50 ou 100 comprim\u00e9s.<\/p>\n<p>Garantie de puret\u00e9 : 100 % contr\u00f4l\u00e9 en laboratoire, sans contaminants.<\/p>\n<p>Emballage discret : Bo\u00eetes neutres et sans inscription pour pr\u00e9server votre confidentialit\u00e9.<\/p>\n<p>Utilisation s\u00fbre du Nembutal : Bienfaits m\u00e9dicaux et conseils d&#8217;experts<\/p>\n<p>Utilis\u00e9 de mani\u00e8re responsable, le Nembutal contribue grandement \u00e0 am\u00e9liorer la qualit\u00e9 de vie. Voici comment l&#8217;achat de Nembutal en ligne chez nous peut faire la diff\u00e9rence :<\/p>\n<p>1. Traitement de l&#8217;insomnie et des troubles du sommeil<\/p>\n<p>Vous avez du mal \u00e0 passer des nuits paisibles ? Les comprim\u00e9s de Nembutal (pentobarbital) induisent un sommeil profond et r\u00e9parateur en calmant l&#8217;activit\u00e9 c\u00e9r\u00e9brale excessive. Id\u00e9aux pour une utilisation \u00e0 court terme en cas d&#8217;insomnie s\u00e9v\u00e8re, ils aident \u00e0 r\u00e9guler votre cycle de sommeil sans la somnolence associ\u00e9e \u00e0 d&#8217;autres s\u00e9datifs.<\/p>\n<p>2. S\u00e9dation pour les interventions m\u00e9dicales<\/p>\n<p>Avant une intervention chirurgicale ou un examen diagnostique, les comprim\u00e9s de Nembutal procurent une anesth\u00e9sie douce, apaisant l&#8217;anxi\u00e9t\u00e9 et assurant le confort du patient. Nos comprim\u00e9s sont parfaits pour la s\u00e9dation pr\u00e9op\u00e9ratoire et sont souvent associ\u00e9s \u00e0 d&#8217;autres traitements pour des r\u00e9sultats optimaux.<\/p>\n<p>3. Gestion des crises d&#8217;\u00e9pilepsie<\/p>\n<p>En cas d&#8217;\u00e9pilepsie ou de crises aigu\u00ebs, les comprim\u00e9s de pentobarbital sodique agissent comme un anticonvulsivant \u00e0 action rapide. Ils produisent un effet apaisant sur le corps, r\u00e9duisant la fr\u00e9quence des crises lorsqu&#8217;ils sont utilis\u00e9s en compl\u00e9ment des traitements prescrits.<\/p>\n<p>4. Assistance \u00e0 l&#8217;anesth\u00e9sie g\u00e9n\u00e9rale<\/p>\n<p>En milieu clinique, les comprim\u00e9s de Nembutal, disponibles en ligne, constituent un agent anesth\u00e9sique fiable, aidant les patients \u00e0 atteindre un \u00e9tat d&#8217;inconscience contr\u00f4l\u00e9.<\/p>\n<p>Note importante concernant la s\u00e9curit\u00e9\u00a0: Suivez toujours les instructions de dosage en fonction de vos ant\u00e9c\u00e9dents m\u00e9dicaux. Notre \u00e9quipe de pharmaciens est disponible 24\u00a0h\/24 et 7\u00a0j\/7 pour vous guider\u00a0; contactez-nous par chat en direct pour obtenir des conseils personnalis\u00e9s. \u00c9vitez de m\u00e9langer ce m\u00e9dicament avec de l\u2019alcool ou d\u2019autres d\u00e9presseurs du syst\u00e8me nerveux central afin de pr\u00e9venir les effets secondaires tels que la somnolence ou les probl\u00e8mes respiratoires.<\/p>\n<p>Pourquoi choisir Global Meds Inc. pour acheter des comprim\u00e9s de Nembutal en ligne\u00a0?<\/p>\n<p>Sur un march\u00e9 concurrentiel, se d\u00e9marquer passe par l\u2019excellence. Voici pourquoi des milliers de personnes nous font confiance pour leurs comprim\u00e9s de Nembutal\u00a0:<\/p>\n<p>Prix abordables\u00a0: \u00c0 partir de seulement 300\u00a0\u20ac pour 30\u00a0comprim\u00e9s \u2013 sans frais cach\u00e9s ni majorations.<\/p>\n<p>Exp\u00e9dition rapide et discr\u00e8te\u00a0: Les commandes sont trait\u00e9es sous 24\u00a0heures\u00a0; livraison dans le monde entier en 3 \u00e0 7\u00a0jours ouvrables par des m\u00e9thodes s\u00e9curis\u00e9es et suivies. Nous utilisons un emballage neutre pour garantir une confidentialit\u00e9 totale.<\/p>\n<p>Assurance qualit\u00e9\u00a0: Chaque lot est test\u00e9 dans des laboratoires certifi\u00e9s, conform\u00e9ment aux normes pharmaceutiques. De plus, nous incluons un guide d\u2019utilisation gratuit avec chaque commande. Achat simplifi\u00e9\u00a0: Paiement en ligne facile et rapide avec plusieurs options (cartes de cr\u00e9dit, portefeuilles \u00e9lectroniques, etc. \u2013 d\u00e9tails au moment du paiement).<\/p>\n<p>Assistance professionnelle 24h\/24 et 7j\/7\u00a0: Nos experts sont disponibles en permanence pour r\u00e9pondre \u00e0 vos questions sur le dosage, les effets ou les alternatives.<\/p>\n<p>Garantie de satisfaction client\u00a0: Remboursement int\u00e9gral si vous n\u2019\u00eates pas satisfait (voir conditions).<\/p>\n<p>Compar\u00e9 aux pharmacies locales ou aux vendeurs non agr\u00e9\u00e9s, acheter du Nembutal Pentobarbital en ligne chez Global Meds Inc. vous permet d\u2019\u00e9conomiser du temps, de l\u2019argent et du stress. Nous ne sommes pas qu\u2019un simple fournisseur\u00a0: nous sommes votre partenaire bien-\u00eatre.<\/p>\n<p>Produits associ\u00e9s\u00a0: D\u00e9couvrez d\u2019autres solutions de s\u00e9dation<\/p>\n<p>Compl\u00e9tez votre commande avec ces produits compl\u00e9mentaires\u00a0:<\/p>\n<p>G\u00e9lules de Nembutal\u00a0: 350\u00a0\u20ac \u2013 1\u00a0300\u00a0\u20ac \u2013 Alternative \u00e0 absorption rapide aux comprim\u00e9s.<\/p>\n<p>Pentobarbital sodique liquide (injectable)\u00a0: 350\u00a0\u20ac \u2013 750\u00a0\u20ac \u2013 Pour un dosage m\u00e9dical pr\u00e9cis.<\/p>\n<p>Pentobarbital sodique liquide (oral)\u00a0: 360\u00a0\u20ac \u2013 1\u00a0000\u00a0\u20ac \u2013 Forme liquide facile \u00e0 avaler.<\/p>\n<p>Comprim\u00e9s de Butalbital\u00a0: 345\u00a0\u20ac \u2013 1\u00a0100\u00a0\u20ac \u2013 Pour le soulagement des migraines et des tensions.<\/p>\n<p>Questions fr\u00e9quentes concernant l\u2019achat de Nembutal en ligne<\/p>\n<p>Est-il l\u00e9gal d\u2019acheter du Nembutal en ligne\u00a0?<\/p>\n<p>Le Nembutal (pentobarbital) est un m\u00e9dicament sur ordonnance dans la plupart des r\u00e9gions. Nous vous recommandons de consulter un professionnel de sant\u00e9. Global Meds Inc. livre dans les zones o\u00f9 la r\u00e9glementation est en vigueur, avec tous les documents n\u00e9cessaires.<\/p>\n<p>Quels sont les d\u00e9lais de livraison pour le Nembutal achet\u00e9 en ligne\u00a0?<\/p>\n<p>Comptez 3 \u00e0 7\u00a0jours ouvrables dans le monde entier, avec suivi en temps r\u00e9el. Nous privil\u00e9gions la rapidit\u00e9 sans compromettre la discr\u00e9tion.<\/p>\n<p>Que faire si j&#8217;ai des questions sur le dosage\u00a0?<\/p>\n<p>Notre \u00e9quipe d&#8217;assistance est disponible 24\u00a0h\/24 et 7\u00a0j\/7 et propose des consultations gratuites. Le dosage varie selon l&#8217;affection\u00a0; g\u00e9n\u00e9ralement de 100 \u00e0 200\u00a0mg pour la s\u00e9dation.<\/p>\n<p>Vos comprim\u00e9s de Nembutal sont-ils authentiques\u00a0?<\/p>\n<p>Oui\u00a0! Test\u00e9s en laboratoire et provenant directement des fabricants, leur efficacit\u00e9 est garantie.<\/p>\n<p>Pr\u00eat \u00e0 retrouver la s\u00e9r\u00e9nit\u00e9\u00a0? Achetez vos comprim\u00e9s de Nembutal en ligne d\u00e8s maintenant et rejoignez nos clients satisfaits. Ajoutez-les \u00e0 votre panier, payez en toute s\u00e9curit\u00e9 et nous nous occupons du reste.<\/p>\n<p>Avertissement\u00a0: Ce contenu est fourni \u00e0 titre informatif uniquement. Consultez un m\u00e9decin avant utilisation. Global Meds Inc. encourage une utilisation responsable des m\u00e9dicaments.<\/p>\n","protected":false},"excerpt":{"rendered":"<p><strong>Comment se connecter avec la meilleure pharmacie en ligne pour acheter des pilules de Nembutal en ligne ?<\/strong>.<\/p>\n<p>Si vous voulez savoir comment vous connecter avec la meilleure pharmacie en ligne pour acheter des pilules Nembutal en ligne, alors Pentobarbital Group est toujours accessible pour vous fournir un soutien complet. Nous sommes l\u00e0 pour vous aider \u00e0 acheter des pilules Nembutal en ligne au meilleur prix. Vous pouvez soumettre la commande ici et attendre son accomplissement dans une question de temps. Nous ne ferons aucun retard inutile dans la livraison. Contactez nous aujourd&#8217;hui !<\/p>\n","protected":false},"featured_media":8964,"comment_status":"open","ping_status":"closed","template":"","meta":{"_acf_changed":false,"_monsterinsights_skip_tracking":false,"_monsterinsights_sitenote_active":false,"_monsterinsights_sitenote_note":"","_monsterinsights_sitenote_category":0},"product_brand":[],"product_cat":[87],"product_tag":[],"class_list":{"0":"post-8925","1":"product","2":"type-product","3":"status-publish","4":"has-post-thumbnail","6":"product_cat-nembutal-pentobarbital","8":"first","9":"instock","10":"featured","11":"shipping-taxable","12":"purchasable","13":"product-type-variable","14":"has-default-attributes"},"acf":[],"yoast_head":"<!-- This site is optimized with the Yoast SEO plugin v27.2 - https:\/\/yoast.com\/product\/yoast-seo-wordpress\/ -->\n<title>Achetez du Nembutal pilules\u00a0 en ligne - Global Meds Inc.<\/title>\n<meta name=\"description\" content=\"Achetez du Nembutal pilules\u00a0 en ligne chez Global Meds Inc. \u2013 comprim\u00e9s de pentobarbital de qualit\u00e9 sup\u00e9rieure pour l&#039;insomnie, la s\u00e9dation, les crises d&#039;\u00e9pilepsie et l&#039;anesth\u00e9sie. Qualit\u00e9 test\u00e9e en laboratoire, livraison discr\u00e8te dans le monde entier, prix abordables \u00e0 partir de 300 \u20ac. Livraison rapide et s\u00e9curis\u00e9e \u2013 commandez d\u00e8s maintenant et b\u00e9n\u00e9ficiez d&#039;une assistance experte 24h\/24 et 7j\/7\u00a0!\" \/>\n<meta name=\"robots\" content=\"index, follow, max-snippet:-1, max-image-preview:large, max-video-preview:-1\" \/>\n<link rel=\"canonical\" href=\"https:\/\/globalmedsonlineinc.com\/fr\/product\/nembutal-pentobarbital\/acheter-des-pilules-de-nembutal-en-ligne\/\" \/>\n<meta property=\"og:locale\" content=\"fr_FR\" \/>\n<meta property=\"og:type\" content=\"article\" \/>\n<meta property=\"og:title\" content=\"Achetez du Nembutal pilules\u00a0 en ligne - Global Meds Inc.\" \/>\n<meta property=\"og:description\" content=\"Achetez du Nembutal pilules\u00a0 en ligne chez Global Meds Inc. \u2013 comprim\u00e9s de pentobarbital de qualit\u00e9 sup\u00e9rieure pour l&#039;insomnie, la s\u00e9dation, les crises d&#039;\u00e9pilepsie et l&#039;anesth\u00e9sie. Qualit\u00e9 test\u00e9e en laboratoire, livraison discr\u00e8te dans le monde entier, prix abordables \u00e0 partir de 300 \u20ac. Livraison rapide et s\u00e9curis\u00e9e \u2013 commandez d\u00e8s maintenant et b\u00e9n\u00e9ficiez d&#039;une assistance experte 24h\/24 et 7j\/7\u00a0!\" \/>\n<meta property=\"og:url\" content=\"https:\/\/globalmedsonlineinc.com\/fr\/product\/nembutal-pentobarbital\/acheter-des-pilules-de-nembutal-en-ligne\/\" \/>\n<meta property=\"og:site_name\" content=\"Global Meds Inc\" \/>\n<meta property=\"article:modified_time\" content=\"2025-11-29T19:06:25+00:00\" \/>\n<meta property=\"og:image\" content=\"https:\/\/globalmedsonlineinc.com\/fr\/content\/media\/uploads\/sites\/5\/2021\/06\/nembutal-pills.jpg\" \/>\n\t<meta property=\"og:image:width\" content=\"600\" \/>\n\t<meta property=\"og:image:height\" content=\"600\" \/>\n\t<meta property=\"og:image:type\" content=\"image\/jpeg\" \/>\n<meta name=\"twitter:card\" content=\"summary_large_image\" \/>\n<meta name=\"twitter:label1\" content=\"Dur\u00e9e de lecture estim\u00e9e\" \/>\n\t<meta name=\"twitter:data1\" content=\"7 minutes\" \/>\n<script type=\"application\/ld+json\" class=\"yoast-schema-graph\">{\"@context\":\"https:\/\/schema.org\",\"@graph\":[{\"@type\":\"WebPage\",\"@id\":\"https:\/\/globalmedsonlineinc.com\/fr\/product\/nembutal-pentobarbital\/acheter-des-pilules-de-nembutal-en-ligne\/\",\"url\":\"https:\/\/globalmedsonlineinc.com\/fr\/product\/nembutal-pentobarbital\/acheter-des-pilules-de-nembutal-en-ligne\/\",\"name\":\"Achetez du Nembutal pilules\u00a0 en ligne - Global Meds Inc.\",\"isPartOf\":{\"@id\":\"https:\/\/globalmedsonlineinc.com\/fr\/#website\"},\"primaryImageOfPage\":{\"@id\":\"https:\/\/globalmedsonlineinc.com\/fr\/product\/nembutal-pentobarbital\/acheter-des-pilules-de-nembutal-en-ligne\/#primaryimage\"},\"image\":{\"@id\":\"https:\/\/globalmedsonlineinc.com\/fr\/product\/nembutal-pentobarbital\/acheter-des-pilules-de-nembutal-en-ligne\/#primaryimage\"},\"thumbnailUrl\":\"https:\/\/globalmedsonlineinc.com\/fr\/content\/media\/uploads\/sites\/5\/2021\/06\/nembutal-pills.jpg\",\"datePublished\":\"2021-06-30T20:43:24+00:00\",\"dateModified\":\"2025-11-29T19:06:25+00:00\",\"description\":\"Achetez du Nembutal pilules\u00a0 en ligne chez Global Meds Inc. \u2013 comprim\u00e9s de pentobarbital de qualit\u00e9 sup\u00e9rieure pour l'insomnie, la s\u00e9dation, les crises d'\u00e9pilepsie et l'anesth\u00e9sie. Qualit\u00e9 test\u00e9e en laboratoire, livraison discr\u00e8te dans le monde entier, prix abordables \u00e0 partir de 300 \u20ac. Livraison rapide et s\u00e9curis\u00e9e \u2013 commandez d\u00e8s maintenant et b\u00e9n\u00e9ficiez d'une assistance experte 24h\/24 et 7j\/7\u00a0!\",\"breadcrumb\":{\"@id\":\"https:\/\/globalmedsonlineinc.com\/fr\/product\/nembutal-pentobarbital\/acheter-des-pilules-de-nembutal-en-ligne\/#breadcrumb\"},\"inLanguage\":\"fr-FR\",\"potentialAction\":[{\"@type\":\"ReadAction\",\"target\":[\"https:\/\/globalmedsonlineinc.com\/fr\/product\/nembutal-pentobarbital\/acheter-des-pilules-de-nembutal-en-ligne\/\"]}]},{\"@type\":\"ImageObject\",\"inLanguage\":\"fr-FR\",\"@id\":\"https:\/\/globalmedsonlineinc.com\/fr\/product\/nembutal-pentobarbital\/acheter-des-pilules-de-nembutal-en-ligne\/#primaryimage\",\"url\":\"https:\/\/globalmedsonlineinc.com\/fr\/content\/media\/uploads\/sites\/5\/2021\/06\/nembutal-pills.jpg\",\"contentUrl\":\"https:\/\/globalmedsonlineinc.com\/fr\/content\/media\/uploads\/sites\/5\/2021\/06\/nembutal-pills.jpg\",\"width\":600,\"height\":600,\"caption\":\"Achetez du Nembutal pilules\u00a0 en ligne\"},{\"@type\":\"BreadcrumbList\",\"@id\":\"https:\/\/globalmedsonlineinc.com\/fr\/product\/nembutal-pentobarbital\/acheter-des-pilules-de-nembutal-en-ligne\/#breadcrumb\",\"itemListElement\":[{\"@type\":\"ListItem\",\"position\":1,\"name\":\"Home\",\"item\":\"https:\/\/globalmedsonlineinc.com\/fr\/\"},{\"@type\":\"ListItem\",\"position\":2,\"name\":\"Produits\",\"item\":\"https:\/\/globalmedsonlineinc.com\/fr\/produits\/\"},{\"@type\":\"ListItem\",\"position\":3,\"name\":\"Acheter des pilules de Nembutal en ligne\"}]},{\"@type\":\"WebSite\",\"@id\":\"https:\/\/globalmedsonlineinc.com\/fr\/#website\",\"url\":\"https:\/\/globalmedsonlineinc.com\/fr\/\",\"name\":\"Global Meds Inc\",\"description\":\"\",\"potentialAction\":[{\"@type\":\"SearchAction\",\"target\":{\"@type\":\"EntryPoint\",\"urlTemplate\":\"https:\/\/globalmedsonlineinc.com\/fr\/?s={search_term_string}\"},\"query-input\":{\"@type\":\"PropertyValueSpecification\",\"valueRequired\":true,\"valueName\":\"search_term_string\"}}],\"inLanguage\":\"fr-FR\"}]}<\/script>\n<!-- \/ Yoast SEO plugin. -->","yoast_head_json":{"title":"Achetez du Nembutal pilules\u00a0 en ligne - Global Meds Inc.","description":"Achetez du Nembutal pilules\u00a0 en ligne chez Global Meds Inc. \u2013 comprim\u00e9s de pentobarbital de qualit\u00e9 sup\u00e9rieure pour l'insomnie, la s\u00e9dation, les crises d'\u00e9pilepsie et l'anesth\u00e9sie. Qualit\u00e9 test\u00e9e en laboratoire, livraison discr\u00e8te dans le monde entier, prix abordables \u00e0 partir de 300 \u20ac. Livraison rapide et s\u00e9curis\u00e9e \u2013 commandez d\u00e8s maintenant et b\u00e9n\u00e9ficiez d'une assistance experte 24h\/24 et 7j\/7\u00a0!","robots":{"index":"index","follow":"follow","max-snippet":"max-snippet:-1","max-image-preview":"max-image-preview:large","max-video-preview":"max-video-preview:-1"},"canonical":"https:\/\/globalmedsonlineinc.com\/fr\/product\/nembutal-pentobarbital\/acheter-des-pilules-de-nembutal-en-ligne\/","og_locale":"fr_FR","og_type":"article","og_title":"Achetez du Nembutal pilules\u00a0 en ligne - Global Meds Inc.","og_description":"Achetez du Nembutal pilules\u00a0 en ligne chez Global Meds Inc. \u2013 comprim\u00e9s de pentobarbital de qualit\u00e9 sup\u00e9rieure pour l'insomnie, la s\u00e9dation, les crises d'\u00e9pilepsie et l'anesth\u00e9sie. Qualit\u00e9 test\u00e9e en laboratoire, livraison discr\u00e8te dans le monde entier, prix abordables \u00e0 partir de 300 \u20ac. Livraison rapide et s\u00e9curis\u00e9e \u2013 commandez d\u00e8s maintenant et b\u00e9n\u00e9ficiez d'une assistance experte 24h\/24 et 7j\/7\u00a0!","og_url":"https:\/\/globalmedsonlineinc.com\/fr\/product\/nembutal-pentobarbital\/acheter-des-pilules-de-nembutal-en-ligne\/","og_site_name":"Global Meds Inc","article_modified_time":"2025-11-29T19:06:25+00:00","og_image":[{"width":600,"height":600,"url":"https:\/\/globalmedsonlineinc.com\/fr\/content\/media\/uploads\/sites\/5\/2021\/06\/nembutal-pills.jpg","type":"image\/jpeg"}],"twitter_card":"summary_large_image","twitter_misc":{"Dur\u00e9e de lecture estim\u00e9e":"7 minutes"},"schema":{"@context":"https:\/\/schema.org","@graph":[{"@type":"WebPage","@id":"https:\/\/globalmedsonlineinc.com\/fr\/product\/nembutal-pentobarbital\/acheter-des-pilules-de-nembutal-en-ligne\/","url":"https:\/\/globalmedsonlineinc.com\/fr\/product\/nembutal-pentobarbital\/acheter-des-pilules-de-nembutal-en-ligne\/","name":"Achetez du Nembutal pilules\u00a0 en ligne - Global Meds Inc.","isPartOf":{"@id":"https:\/\/globalmedsonlineinc.com\/fr\/#website"},"primaryImageOfPage":{"@id":"https:\/\/globalmedsonlineinc.com\/fr\/product\/nembutal-pentobarbital\/acheter-des-pilules-de-nembutal-en-ligne\/#primaryimage"},"image":{"@id":"https:\/\/globalmedsonlineinc.com\/fr\/product\/nembutal-pentobarbital\/acheter-des-pilules-de-nembutal-en-ligne\/#primaryimage"},"thumbnailUrl":"https:\/\/globalmedsonlineinc.com\/fr\/content\/media\/uploads\/sites\/5\/2021\/06\/nembutal-pills.jpg","datePublished":"2021-06-30T20:43:24+00:00","dateModified":"2025-11-29T19:06:25+00:00","description":"Achetez du Nembutal pilules\u00a0 en ligne chez Global Meds Inc. \u2013 comprim\u00e9s de pentobarbital de qualit\u00e9 sup\u00e9rieure pour l'insomnie, la s\u00e9dation, les crises d'\u00e9pilepsie et l'anesth\u00e9sie. Qualit\u00e9 test\u00e9e en laboratoire, livraison discr\u00e8te dans le monde entier, prix abordables \u00e0 partir de 300 \u20ac. Livraison rapide et s\u00e9curis\u00e9e \u2013 commandez d\u00e8s maintenant et b\u00e9n\u00e9ficiez d'une assistance experte 24h\/24 et 7j\/7\u00a0!","breadcrumb":{"@id":"https:\/\/globalmedsonlineinc.com\/fr\/product\/nembutal-pentobarbital\/acheter-des-pilules-de-nembutal-en-ligne\/#breadcrumb"},"inLanguage":"fr-FR","potentialAction":[{"@type":"ReadAction","target":["https:\/\/globalmedsonlineinc.com\/fr\/product\/nembutal-pentobarbital\/acheter-des-pilules-de-nembutal-en-ligne\/"]}]},{"@type":"ImageObject","inLanguage":"fr-FR","@id":"https:\/\/globalmedsonlineinc.com\/fr\/product\/nembutal-pentobarbital\/acheter-des-pilules-de-nembutal-en-ligne\/#primaryimage","url":"https:\/\/globalmedsonlineinc.com\/fr\/content\/media\/uploads\/sites\/5\/2021\/06\/nembutal-pills.jpg","contentUrl":"https:\/\/globalmedsonlineinc.com\/fr\/content\/media\/uploads\/sites\/5\/2021\/06\/nembutal-pills.jpg","width":600,"height":600,"caption":"Achetez du Nembutal pilules\u00a0 en ligne"},{"@type":"BreadcrumbList","@id":"https:\/\/globalmedsonlineinc.com\/fr\/product\/nembutal-pentobarbital\/acheter-des-pilules-de-nembutal-en-ligne\/#breadcrumb","itemListElement":[{"@type":"ListItem","position":1,"name":"Home","item":"https:\/\/globalmedsonlineinc.com\/fr\/"},{"@type":"ListItem","position":2,"name":"Produits","item":"https:\/\/globalmedsonlineinc.com\/fr\/produits\/"},{"@type":"ListItem","position":3,"name":"Acheter des pilules de Nembutal en ligne"}]},{"@type":"WebSite","@id":"https:\/\/globalmedsonlineinc.com\/fr\/#website","url":"https:\/\/globalmedsonlineinc.com\/fr\/","name":"Global Meds Inc","description":"","potentialAction":[{"@type":"SearchAction","target":{"@type":"EntryPoint","urlTemplate":"https:\/\/globalmedsonlineinc.com\/fr\/?s={search_term_string}"},"query-input":{"@type":"PropertyValueSpecification","valueRequired":true,"valueName":"search_term_string"}}],"inLanguage":"fr-FR"}]}},"_links":{"self":[{"href":"https:\/\/globalmedsonlineinc.com\/fr\/wp-json\/wp\/v2\/product\/8925","targetHints":{"allow":["GET"]}}],"collection":[{"href":"https:\/\/globalmedsonlineinc.com\/fr\/wp-json\/wp\/v2\/product"}],"about":[{"href":"https:\/\/globalmedsonlineinc.com\/fr\/wp-json\/wp\/v2\/types\/product"}],"replies":[{"embeddable":true,"href":"https:\/\/globalmedsonlineinc.com\/fr\/wp-json\/wp\/v2\/comments?post=8925"}],"wp:featuredmedia":[{"embeddable":true,"href":"https:\/\/globalmedsonlineinc.com\/fr\/wp-json\/wp\/v2\/media\/8964"}],"wp:attachment":[{"href":"https:\/\/globalmedsonlineinc.com\/fr\/wp-json\/wp\/v2\/media?parent=8925"}],"wp:term":[{"taxonomy":"product_brand","embeddable":true,"href":"https:\/\/globalmedsonlineinc.com\/fr\/wp-json\/wp\/v2\/product_brand?post=8925"},{"taxonomy":"product_cat","embeddable":true,"href":"https:\/\/globalmedsonlineinc.com\/fr\/wp-json\/wp\/v2\/product_cat?post=8925"},{"taxonomy":"product_tag","embeddable":true,"href":"https:\/\/globalmedsonlineinc.com\/fr\/wp-json\/wp\/v2\/product_tag?post=8925"}],"curies":[{"name":"wp","href":"https:\/\/api.w.org\/{rel}","templated":true}]}}