{"id":8924,"date":"2021-06-30T20:43:12","date_gmt":"2021-06-30T20:43:12","guid":{"rendered":"https:\/\/globalmedsonlineinc.com\/fr\/?post_type=product&#038;p=8924"},"modified":"2024-02-20T13:23:00","modified_gmt":"2024-02-20T13:23:00","slug":"acheter-des-capsules-de-nembutal-en-ligne","status":"publish","type":"product","link":"https:\/\/globalmedsonlineinc.com\/fr\/product\/nembutal-pentobarbital\/acheter-des-capsules-de-nembutal-en-ligne\/","title":{"rendered":"Achetez des capsules de Nembutal en ligne"},"content":{"rendered":"<h1><span class=\"VIiyi\" lang=\"fr\"><span class=\"JLqJ4b ChMk0b C1N51c\" data-language-for-alternatives=\"fr\" data-language-to-translate-into=\"en\" data-phrase-index=\"0\">Capsules de Nembutal en vente en ligne<\/span><\/span><\/h1>\n<p class=\"tt\"><span class=\"VIiyi\" lang=\"fr\"><span class=\"JLqJ4b ChMk0b C1N51c\" data-language-for-alternatives=\"fr\" data-language-to-translate-into=\"en\" data-phrase-index=\"0\"><a href=\"https:\/\/globalmedsonlineinc.com\/fr\/product\/nembutal-pentobarbital\/acheter-des-capsules-de-nembutal-en-ligne\/\">Capsules de Nembutal en vente<\/a> en ligne<\/span><\/span>. Rencontrez les meilleurs fournisseurs et revendeurs de capsules de Nembutal sur notre pharmacie en ligne de NembutalVous cherchez une pharmacie en ligne fiable et professionnelle qui peut vous aider \u00e0 acheter des capsules de Nembutal en ligne au meilleur prix ? Si oui, alors vous \u00eates certainement au bon endroit. Nous sommes une pharmacie en ligne reconnue, connue sous le nom de Online Nembutal Pharmacy. Etant les meilleurs vendeurs et fournisseurs dans le march\u00e9 en ligne, nous avons gagn\u00e9 beaucoup de clients fid\u00e8les qui <a href=\"https:\/\/fr.wikipedia.org\/wiki\/Pentobarbital\">font<\/a> r\u00e9guli\u00e8rement l&#8217;achat pour Nembutal Capsules de notre pharmacie en ligne.<\/p>\n<p>M\u00eame si vous achetez Nembutal Capsules pour la premi\u00e8re fois sur notre pharmacie en ligne, ne vous inqui\u00e9tez pas. Vous obtiendrez seulement le meilleur d&#8217;ici. Nous sommes toujours l\u00e0 pour vous aider \u00e0 acheter Nembutal Capsules en ligne d&#8217;une mani\u00e8re pratique. Nous suivons les normes industrielles appropri\u00e9es et fournissons \u00e0 nos clients leurs produits de la m\u00eame mani\u00e8re. Aucun compromis n&#8217;est fait avec la qualit\u00e9, l&#8217;emballage ou la livraison des g\u00e9lules Nembutal par notre pharmacie en ligne. Si vous \u00eates impatient d&#8217;acheter des Capsules Nembutal, alors contactez-nous aujourd&#8217;hui et obtenez vos exigences satisfaites dans une courte <a href=\"https:\/\/en.wikipedia.org\/wiki\/Pentobarbital\">p\u00e9riode<\/a>.<\/p>\n<h6 class=\"tt\">Pourquoi choisir la pharmacie en ligne de Nembutal est la meilleure d\u00e9cision pour acheter des capsules de Nembutal ?<\/h6>\n<p>Si vous voulez Nembutal Capsules d&#8217;une mani\u00e8re pr\u00e9cise avec la qualit\u00e9 v\u00e9rifi\u00e9e et la facilit\u00e9 de livraison rapide, alors nous choisir est toujours le meilleur choix. Online Nembutal Pharmacy vend la meilleure qualit\u00e9 de Nembutal Capsules \u00e0 des prix abordables dans le monde entier. Une chose qui nous maintient sur la bonne voie est que nous n&#8217;utilisons pas d&#8217;interm\u00e9diaires dans notre processus de transaction. Nous communiquons directement avec les clients et compl\u00e9tons leur commande \u00e0 temps.<\/p>\n<p>Pour avoir travaill\u00e9 dans ce domaine pendant une longue p\u00e9riode, nous avons \u00e9t\u00e9 appr\u00e9ci\u00e9s par nos clients sous la forme de critiques et de commentaires positifs. Notre \u00e9quipe s&#8217;assure que Nembutal Capsules parvient aux clients de mani\u00e8re s\u00fbre et s\u00e9curis\u00e9e. Avec chaque produit, nous fournissons un ensemble d&#8217;instructions jointes. Ces instructions vous aideront \u00e0 g\u00e9rer votre m\u00e9dication sur Nembutal Capsules d&#8217;une mani\u00e8re prot\u00e9g\u00e9e.<\/p>\n<p>Nos excellents services sont toujours disponibles pour vous. Vous pouvez obtenir plus d&#8217;informations sur le m\u00e9dicament Nembutal Capsules avec l&#8217;aide de notre pharmacie en ligne. Plus t\u00f4t, les gens avaient l&#8217;habitude de lutter avec l&#8217;achat de capsules de Nembutal. Mais avec l&#8217;avancement du temps, notre pharmacie en ligne est arriv\u00e9e avec des produits Nembutal. Vous pouvez les acheter \u00e0 tout moment, n&#8217;importe o\u00f9.<\/p>\n<p>Capsules de nembutal de bonne qualit\u00e9 en ligne : Il est tout \u00e0 fait entendu que les gens ne font pas rapidement confiance \u00e0 la qualit\u00e9 des capsules de nembutal en ligne vendues en ligne car ils ne peuvent pas l&#8217;examiner physiquement. Mais ce n&#8217;est pas la m\u00eame chose avec les fournisseurs en ligne de capsules de nembutal en ligne. Les produits ici sont fid\u00e8les \u00e0 leur description avec un entretien de haute qualit\u00e9 effectu\u00e9 sous la supervision d&#8217;experts.<\/p>\n<p>Exp\u00e9dition Rapide &amp; Discr\u00e8te : La livraison des capsules de nembutal en ligne apr\u00e8s r\u00e9ception de la commande se fait dans les d\u00e9lais promis. L&#8217;\u00e9quipe d&#8217;exp\u00e9dition met tous ses efforts pour rendre la proc\u00e9dure d&#8217;exp\u00e9dition et de livraison fluide et rapide. Vous pouvez \u00e9galement vous attendre \u00e0 d&#8217;excellents services lors de l&#8217;achat de capsules de nembutal en ligne aupr\u00e8s du professionnel sur la plateforme en ligne.<\/p>\n","protected":false},"excerpt":{"rendered":"<p><strong>Comment passer une commande de g\u00e9lules de Nembutal en ligne ?<\/strong><\/p>\n<p>Sur notre site officiel, vous pouvez ajouter votre exigence d&#8217;acheter Nembutal Capsules en ligne au meilleur prix et l&#8217;obtenir accompli dans une courte p\u00e9riode de temps. Votre commande est notre responsabilit\u00e9. Contactez-nous aujourd&#8217;hui et obtenez les capsules Nembutal \u00e0 vendre de la mani\u00e8re la plus simple !<\/p>\n","protected":false},"featured_media":8961,"comment_status":"open","ping_status":"closed","template":"","meta":{"_acf_changed":false,"_monsterinsights_skip_tracking":false,"_monsterinsights_sitenote_active":false,"_monsterinsights_sitenote_note":"","_monsterinsights_sitenote_category":0},"product_brand":[],"product_cat":[87],"product_tag":[],"class_list":{"0":"post-8924","1":"product","2":"type-product","3":"status-publish","4":"has-post-thumbnail","6":"product_cat-nembutal-pentobarbital","8":"first","9":"instock","10":"featured","11":"shipping-taxable","12":"purchasable","13":"product-type-variable","14":"has-default-attributes"},"acf":[],"yoast_head":"<!-- This site is optimized with the Yoast SEO plugin v27.2 - https:\/\/yoast.com\/product\/yoast-seo-wordpress\/ -->\n<title>Capsules de Nembutal en vente en ligne | Global Meds Inc.<\/title>\n<meta name=\"description\" content=\"Capsules de Nembutal en vente en ligne. Nous vendons des capsules Nembutal de la meilleure qualit\u00e9. Veuillez nous contacter pour plus d&#039;informations.\" \/>\n<meta name=\"robots\" content=\"index, follow, max-snippet:-1, max-image-preview:large, max-video-preview:-1\" \/>\n<link rel=\"canonical\" href=\"https:\/\/globalmedsonlineinc.com\/fr\/product\/nembutal-pentobarbital\/acheter-des-capsules-de-nembutal-en-ligne\/\" \/>\n<meta property=\"og:locale\" content=\"fr_FR\" \/>\n<meta property=\"og:type\" content=\"article\" \/>\n<meta property=\"og:title\" content=\"Capsules de Nembutal en vente en ligne | Global Meds Inc.\" \/>\n<meta property=\"og:description\" content=\"Capsules de Nembutal en vente en ligne. Nous vendons des capsules Nembutal de la meilleure qualit\u00e9. Veuillez nous contacter pour plus d&#039;informations.\" \/>\n<meta property=\"og:url\" content=\"https:\/\/globalmedsonlineinc.com\/fr\/product\/nembutal-pentobarbital\/acheter-des-capsules-de-nembutal-en-ligne\/\" \/>\n<meta property=\"og:site_name\" content=\"Global Meds Inc\" \/>\n<meta property=\"article:modified_time\" content=\"2024-02-20T13:23:00+00:00\" \/>\n<meta property=\"og:image\" content=\"https:\/\/globalmedsonlineinc.com\/fr\/content\/media\/uploads\/sites\/5\/2021\/06\/nembutal-capsules.jpg\" \/>\n\t<meta property=\"og:image:width\" content=\"600\" \/>\n\t<meta property=\"og:image:height\" content=\"600\" \/>\n\t<meta property=\"og:image:type\" content=\"image\/jpeg\" \/>\n<meta name=\"twitter:card\" content=\"summary_large_image\" \/>\n<meta name=\"twitter:label1\" content=\"Dur\u00e9e de lecture estim\u00e9e\" \/>\n\t<meta name=\"twitter:data1\" content=\"3 minutes\" \/>\n<script type=\"application\/ld+json\" class=\"yoast-schema-graph\">{\"@context\":\"https:\/\/schema.org\",\"@graph\":[{\"@type\":\"WebPage\",\"@id\":\"https:\/\/globalmedsonlineinc.com\/fr\/product\/nembutal-pentobarbital\/acheter-des-capsules-de-nembutal-en-ligne\/\",\"url\":\"https:\/\/globalmedsonlineinc.com\/fr\/product\/nembutal-pentobarbital\/acheter-des-capsules-de-nembutal-en-ligne\/\",\"name\":\"Capsules de Nembutal en vente en ligne | Global Meds Inc.\",\"isPartOf\":{\"@id\":\"https:\/\/globalmedsonlineinc.com\/fr\/#website\"},\"primaryImageOfPage\":{\"@id\":\"https:\/\/globalmedsonlineinc.com\/fr\/product\/nembutal-pentobarbital\/acheter-des-capsules-de-nembutal-en-ligne\/#primaryimage\"},\"image\":{\"@id\":\"https:\/\/globalmedsonlineinc.com\/fr\/product\/nembutal-pentobarbital\/acheter-des-capsules-de-nembutal-en-ligne\/#primaryimage\"},\"thumbnailUrl\":\"https:\/\/globalmedsonlineinc.com\/fr\/content\/media\/uploads\/sites\/5\/2021\/06\/nembutal-capsules.jpg\",\"datePublished\":\"2021-06-30T20:43:12+00:00\",\"dateModified\":\"2024-02-20T13:23:00+00:00\",\"description\":\"Capsules de Nembutal en vente en ligne. Nous vendons des capsules Nembutal de la meilleure qualit\u00e9. Veuillez nous contacter pour plus d'informations.\",\"breadcrumb\":{\"@id\":\"https:\/\/globalmedsonlineinc.com\/fr\/product\/nembutal-pentobarbital\/acheter-des-capsules-de-nembutal-en-ligne\/#breadcrumb\"},\"inLanguage\":\"fr-FR\",\"potentialAction\":[{\"@type\":\"ReadAction\",\"target\":[\"https:\/\/globalmedsonlineinc.com\/fr\/product\/nembutal-pentobarbital\/acheter-des-capsules-de-nembutal-en-ligne\/\"]}]},{\"@type\":\"ImageObject\",\"inLanguage\":\"fr-FR\",\"@id\":\"https:\/\/globalmedsonlineinc.com\/fr\/product\/nembutal-pentobarbital\/acheter-des-capsules-de-nembutal-en-ligne\/#primaryimage\",\"url\":\"https:\/\/globalmedsonlineinc.com\/fr\/content\/media\/uploads\/sites\/5\/2021\/06\/nembutal-capsules.jpg\",\"contentUrl\":\"https:\/\/globalmedsonlineinc.com\/fr\/content\/media\/uploads\/sites\/5\/2021\/06\/nembutal-capsules.jpg\",\"width\":600,\"height\":600,\"caption\":\"Capsules de Nembutal en vente en ligne\"},{\"@type\":\"BreadcrumbList\",\"@id\":\"https:\/\/globalmedsonlineinc.com\/fr\/product\/nembutal-pentobarbital\/acheter-des-capsules-de-nembutal-en-ligne\/#breadcrumb\",\"itemListElement\":[{\"@type\":\"ListItem\",\"position\":1,\"name\":\"Home\",\"item\":\"https:\/\/globalmedsonlineinc.com\/fr\/\"},{\"@type\":\"ListItem\",\"position\":2,\"name\":\"Produits\",\"item\":\"https:\/\/globalmedsonlineinc.com\/fr\/produits\/\"},{\"@type\":\"ListItem\",\"position\":3,\"name\":\"Achetez des capsules de Nembutal en ligne\"}]},{\"@type\":\"WebSite\",\"@id\":\"https:\/\/globalmedsonlineinc.com\/fr\/#website\",\"url\":\"https:\/\/globalmedsonlineinc.com\/fr\/\",\"name\":\"Global Meds Inc\",\"description\":\"\",\"potentialAction\":[{\"@type\":\"SearchAction\",\"target\":{\"@type\":\"EntryPoint\",\"urlTemplate\":\"https:\/\/globalmedsonlineinc.com\/fr\/?s={search_term_string}\"},\"query-input\":{\"@type\":\"PropertyValueSpecification\",\"valueRequired\":true,\"valueName\":\"search_term_string\"}}],\"inLanguage\":\"fr-FR\"}]}<\/script>\n<!-- \/ Yoast SEO plugin. -->","yoast_head_json":{"title":"Capsules de Nembutal en vente en ligne | Global Meds Inc.","description":"Capsules de Nembutal en vente en ligne. Nous vendons des capsules Nembutal de la meilleure qualit\u00e9. Veuillez nous contacter pour plus d'informations.","robots":{"index":"index","follow":"follow","max-snippet":"max-snippet:-1","max-image-preview":"max-image-preview:large","max-video-preview":"max-video-preview:-1"},"canonical":"https:\/\/globalmedsonlineinc.com\/fr\/product\/nembutal-pentobarbital\/acheter-des-capsules-de-nembutal-en-ligne\/","og_locale":"fr_FR","og_type":"article","og_title":"Capsules de Nembutal en vente en ligne | Global Meds Inc.","og_description":"Capsules de Nembutal en vente en ligne. Nous vendons des capsules Nembutal de la meilleure qualit\u00e9. Veuillez nous contacter pour plus d'informations.","og_url":"https:\/\/globalmedsonlineinc.com\/fr\/product\/nembutal-pentobarbital\/acheter-des-capsules-de-nembutal-en-ligne\/","og_site_name":"Global Meds Inc","article_modified_time":"2024-02-20T13:23:00+00:00","og_image":[{"width":600,"height":600,"url":"https:\/\/globalmedsonlineinc.com\/fr\/content\/media\/uploads\/sites\/5\/2021\/06\/nembutal-capsules.jpg","type":"image\/jpeg"}],"twitter_card":"summary_large_image","twitter_misc":{"Dur\u00e9e de lecture estim\u00e9e":"3 minutes"},"schema":{"@context":"https:\/\/schema.org","@graph":[{"@type":"WebPage","@id":"https:\/\/globalmedsonlineinc.com\/fr\/product\/nembutal-pentobarbital\/acheter-des-capsules-de-nembutal-en-ligne\/","url":"https:\/\/globalmedsonlineinc.com\/fr\/product\/nembutal-pentobarbital\/acheter-des-capsules-de-nembutal-en-ligne\/","name":"Capsules de Nembutal en vente en ligne | Global Meds Inc.","isPartOf":{"@id":"https:\/\/globalmedsonlineinc.com\/fr\/#website"},"primaryImageOfPage":{"@id":"https:\/\/globalmedsonlineinc.com\/fr\/product\/nembutal-pentobarbital\/acheter-des-capsules-de-nembutal-en-ligne\/#primaryimage"},"image":{"@id":"https:\/\/globalmedsonlineinc.com\/fr\/product\/nembutal-pentobarbital\/acheter-des-capsules-de-nembutal-en-ligne\/#primaryimage"},"thumbnailUrl":"https:\/\/globalmedsonlineinc.com\/fr\/content\/media\/uploads\/sites\/5\/2021\/06\/nembutal-capsules.jpg","datePublished":"2021-06-30T20:43:12+00:00","dateModified":"2024-02-20T13:23:00+00:00","description":"Capsules de Nembutal en vente en ligne. Nous vendons des capsules Nembutal de la meilleure qualit\u00e9. Veuillez nous contacter pour plus d'informations.","breadcrumb":{"@id":"https:\/\/globalmedsonlineinc.com\/fr\/product\/nembutal-pentobarbital\/acheter-des-capsules-de-nembutal-en-ligne\/#breadcrumb"},"inLanguage":"fr-FR","potentialAction":[{"@type":"ReadAction","target":["https:\/\/globalmedsonlineinc.com\/fr\/product\/nembutal-pentobarbital\/acheter-des-capsules-de-nembutal-en-ligne\/"]}]},{"@type":"ImageObject","inLanguage":"fr-FR","@id":"https:\/\/globalmedsonlineinc.com\/fr\/product\/nembutal-pentobarbital\/acheter-des-capsules-de-nembutal-en-ligne\/#primaryimage","url":"https:\/\/globalmedsonlineinc.com\/fr\/content\/media\/uploads\/sites\/5\/2021\/06\/nembutal-capsules.jpg","contentUrl":"https:\/\/globalmedsonlineinc.com\/fr\/content\/media\/uploads\/sites\/5\/2021\/06\/nembutal-capsules.jpg","width":600,"height":600,"caption":"Capsules de Nembutal en vente en ligne"},{"@type":"BreadcrumbList","@id":"https:\/\/globalmedsonlineinc.com\/fr\/product\/nembutal-pentobarbital\/acheter-des-capsules-de-nembutal-en-ligne\/#breadcrumb","itemListElement":[{"@type":"ListItem","position":1,"name":"Home","item":"https:\/\/globalmedsonlineinc.com\/fr\/"},{"@type":"ListItem","position":2,"name":"Produits","item":"https:\/\/globalmedsonlineinc.com\/fr\/produits\/"},{"@type":"ListItem","position":3,"name":"Achetez des capsules de Nembutal en ligne"}]},{"@type":"WebSite","@id":"https:\/\/globalmedsonlineinc.com\/fr\/#website","url":"https:\/\/globalmedsonlineinc.com\/fr\/","name":"Global Meds Inc","description":"","potentialAction":[{"@type":"SearchAction","target":{"@type":"EntryPoint","urlTemplate":"https:\/\/globalmedsonlineinc.com\/fr\/?s={search_term_string}"},"query-input":{"@type":"PropertyValueSpecification","valueRequired":true,"valueName":"search_term_string"}}],"inLanguage":"fr-FR"}]}},"_links":{"self":[{"href":"https:\/\/globalmedsonlineinc.com\/fr\/wp-json\/wp\/v2\/product\/8924","targetHints":{"allow":["GET"]}}],"collection":[{"href":"https:\/\/globalmedsonlineinc.com\/fr\/wp-json\/wp\/v2\/product"}],"about":[{"href":"https:\/\/globalmedsonlineinc.com\/fr\/wp-json\/wp\/v2\/types\/product"}],"replies":[{"embeddable":true,"href":"https:\/\/globalmedsonlineinc.com\/fr\/wp-json\/wp\/v2\/comments?post=8924"}],"wp:featuredmedia":[{"embeddable":true,"href":"https:\/\/globalmedsonlineinc.com\/fr\/wp-json\/wp\/v2\/media\/8961"}],"wp:attachment":[{"href":"https:\/\/globalmedsonlineinc.com\/fr\/wp-json\/wp\/v2\/media?parent=8924"}],"wp:term":[{"taxonomy":"product_brand","embeddable":true,"href":"https:\/\/globalmedsonlineinc.com\/fr\/wp-json\/wp\/v2\/product_brand?post=8924"},{"taxonomy":"product_cat","embeddable":true,"href":"https:\/\/globalmedsonlineinc.com\/fr\/wp-json\/wp\/v2\/product_cat?post=8924"},{"taxonomy":"product_tag","embeddable":true,"href":"https:\/\/globalmedsonlineinc.com\/fr\/wp-json\/wp\/v2\/product_tag?post=8924"}],"curies":[{"name":"wp","href":"https:\/\/api.w.org\/{rel}","templated":true}]}}