{"id":8922,"date":"2021-06-30T20:42:55","date_gmt":"2021-06-30T20:42:55","guid":{"rendered":"https:\/\/globalmedsonlineinc.com\/fr\/?post_type=product&#038;p=8922"},"modified":"2024-02-20T13:25:00","modified_gmt":"2024-02-20T13:25:00","slug":"acheter-du-butabarbital-en-ligne","status":"publish","type":"product","link":"https:\/\/globalmedsonlineinc.com\/fr\/product\/nembutal-pentobarbital\/acheter-du-butabarbital-en-ligne\/","title":{"rendered":"Acheter du butabarbital en ligne"},"content":{"rendered":"<h1><span class=\"VIiyi\" lang=\"fr\"><span class=\"JLqJ4b ChMk0b\" data-language-for-alternatives=\"fr\" data-language-to-translate-into=\"en\" data-phrase-index=\"0\">Butabarbital en vente en ligne sans ordonnance<\/span><\/span><\/h1>\n<p class=\"tt\"><span class=\"VIiyi\" lang=\"fr\"><span class=\"JLqJ4b ChMk0b\" data-language-for-alternatives=\"fr\" data-language-to-translate-into=\"en\" data-phrase-index=\"0\"><a href=\"https:\/\/globalmedsonlineinc.com\/fr\/product\/nembutal-pentobarbital\/acheter-du-butabarbital-en-ligne\/\">Butabarbital en vente<\/a> en ligne sans ordonnance<\/span><\/span>. Achetez Butabarbital Sodium 50 mg Comprim\u00e9s en ligne de The Top Pharmacy<\/p>\n<p>Global Meds Inc est une pharmacie id\u00e9ale pour acheter Butabarbital Sodium 50 mg Comprim\u00e9s aux meilleurs prix. Nous sommes engag\u00e9s dans cette industrie du m\u00e9dicament depuis une longue p\u00e9riode de temps. Vous pouvez compter sur nous pour recevoir le meilleur pour votre sant\u00e9. Les membres de notre \u00e9quipe de professionnels ne d\u00e9cevront en aucun cas vos attentes. Achetez maintenant !<\/p>\n<h6 class=\"tt\">Comment pouvez-vous faire le meilleur usage du Butabarbital Sodium apr\u00e8s l&#8217;avoir achet\u00e9 chez nous?<\/h6>\n<p>Butabarbital Sodium est un m\u00e9dicament parfait qui peut \u00eatre utilis\u00e9 pour le traitement de l&#8217;insomnie chez les personnes. Il s&#8217;agit g\u00e9n\u00e9ralement d&#8217;un m\u00e9dicament \u00e0 court terme. L&#8217;industrie m\u00e9dicale peut utiliser ce produit comme s\u00e9datif avant toute <a href=\"https:\/\/fr.wikipedia.org\/wiki\/Butobarbital\">intervention <\/a>chirurgicale.<\/p>\n<p>Pour assurer une m\u00e9dication correcte du Butabarbital Sodium, nous offrons un guide manuel \u00e0 nos clients. Dans ce guide manuel, toutes les instructions relatives au m\u00e9dicament sont mentionn\u00e9es. Vous pouvez facilement les lire une par une et les utiliser aux fins pr\u00e9vues. Vous pouvez faire enti\u00e8rement confiance \u00e0 notre pharmacie en ligne professionnelle. Nous pensons toujours au meilleur pour nos pr\u00e9cieux clients. Nous nous soucions toujours de la sant\u00e9 des gens et nous v\u00e9rifions tous les produits avant de les livrer.<\/p>\n<p>Afin d&#8217;acheter Butabarbital Sodium au meilleur prix, vous pouvez nous contacter. Notre \u00e9quipe interpr\u00e9tera votre commande et la pr\u00e9parera pour une livraison dans les plus brefs d\u00e9lais. Vos m\u00e9dicaments vous parviendront dans le d\u00e9lai imparti par notre pharmacie en ligne. Commandez Nembutal \u00e0 bas prix maintenant !<\/p>\n<p>Butabarbital de bonne qualit\u00e9 en ligne : Il est tout \u00e0 fait entendu que les gens ne font pas rapidement confiance \u00e0 la qualit\u00e9 du butabarbital en ligne vendu en ligne car ils ne peuvent pas l&#8217;examiner physiquement. Mais ce n&#8217;est pas la m\u00eame chose avec les fournisseurs en ligne de Butabarbital en ligne. Les produits ici sont fid\u00e8les \u00e0 leur description avec un entretien de haute qualit\u00e9 effectu\u00e9 sous la supervision d&#8217;experts.<\/p>\n<p>Exp\u00e9dition Rapide &amp; Discr\u00e8te : La livraison du Butabarbital en ligne apr\u00e8s r\u00e9ception de la commande se fait dans les d\u00e9lais promis. L&#8217;\u00e9quipe d&#8217;exp\u00e9dition met tous ses efforts pour rendre la proc\u00e9dure d&#8217;exp\u00e9dition et de livraison fluide et rapide. Vous pouvez \u00e9galement vous attendre \u00e0 d&#8217;excellents services lors de l&#8217;achat de Butabarbital en ligne aupr\u00e8s du professionnel sur la plateforme en ligne.<\/p>\n","protected":false},"excerpt":{"rendered":"<p><strong>Comment commander du Butabarbital Sodium sur Online Nembutal Pharmacy?<\/strong><\/p>\n<p>La pharmacie en ligne Nembutal est maintenant disponible au stade en ligne. Soumettez les d\u00e9tails de votre commande pour acheter Butabarbital Sodium 50 mg Comprim\u00e9s sur notre site officiel en suivant avec le paiement pour le m\u00eame. Une fois que la commande est pass\u00e9e, elle sera compl\u00e9t\u00e9e dans le d\u00e9lai mentionn\u00e9. Commandez d\u00e8s aujourd&#8217;hui !<\/p>\n","protected":false},"featured_media":8957,"comment_status":"closed","ping_status":"closed","template":"","meta":{"_acf_changed":false,"_monsterinsights_skip_tracking":false,"_monsterinsights_sitenote_active":false,"_monsterinsights_sitenote_note":"","_monsterinsights_sitenote_category":0},"product_brand":[],"product_cat":[87],"product_tag":[],"class_list":{"0":"post-8922","1":"product","2":"type-product","3":"status-publish","4":"has-post-thumbnail","6":"product_cat-nembutal-pentobarbital","8":"first","9":"instock","10":"featured","11":"shipping-taxable","12":"purchasable","13":"product-type-variable","14":"has-default-attributes"},"acf":[],"yoast_head":"<!-- This site is optimized with the Yoast SEO plugin v27.2 - https:\/\/yoast.com\/product\/yoast-seo-wordpress\/ -->\n<title>Butabarbital en vente en ligne sans ordonnance | Global Meds Inc.<\/title>\n<meta name=\"description\" content=\"Butabarbital en vente en ligne sans ordonnance. Nous vendons des pilules de Butabarbital de la meilleure qualit\u00e9. Veuillez nous contacter pour plus d&#039;informations.\" \/>\n<meta name=\"robots\" content=\"index, follow, max-snippet:-1, max-image-preview:large, max-video-preview:-1\" \/>\n<link rel=\"canonical\" href=\"https:\/\/globalmedsonlineinc.com\/fr\/product\/nembutal-pentobarbital\/acheter-du-butabarbital-en-ligne\/\" \/>\n<meta property=\"og:locale\" content=\"fr_FR\" \/>\n<meta property=\"og:type\" content=\"article\" \/>\n<meta property=\"og:title\" content=\"Butabarbital en vente en ligne sans ordonnance | Global Meds Inc.\" \/>\n<meta property=\"og:description\" content=\"Butabarbital en vente en ligne sans ordonnance. Nous vendons des pilules de Butabarbital de la meilleure qualit\u00e9. Veuillez nous contacter pour plus d&#039;informations.\" \/>\n<meta property=\"og:url\" content=\"https:\/\/globalmedsonlineinc.com\/fr\/product\/nembutal-pentobarbital\/acheter-du-butabarbital-en-ligne\/\" \/>\n<meta property=\"og:site_name\" content=\"Global Meds Inc\" \/>\n<meta property=\"article:modified_time\" content=\"2024-02-20T13:25:00+00:00\" \/>\n<meta property=\"og:image\" content=\"https:\/\/globalmedsonlineinc.com\/fr\/content\/media\/uploads\/sites\/5\/2021\/06\/Butabarbital.jpg\" \/>\n\t<meta property=\"og:image:width\" content=\"600\" \/>\n\t<meta property=\"og:image:height\" content=\"600\" \/>\n\t<meta property=\"og:image:type\" content=\"image\/jpeg\" \/>\n<meta name=\"twitter:card\" content=\"summary_large_image\" \/>\n<meta name=\"twitter:label1\" content=\"Dur\u00e9e de lecture estim\u00e9e\" \/>\n\t<meta name=\"twitter:data1\" content=\"3 minutes\" \/>\n<script type=\"application\/ld+json\" class=\"yoast-schema-graph\">{\"@context\":\"https:\/\/schema.org\",\"@graph\":[{\"@type\":\"WebPage\",\"@id\":\"https:\/\/globalmedsonlineinc.com\/fr\/product\/nembutal-pentobarbital\/acheter-du-butabarbital-en-ligne\/\",\"url\":\"https:\/\/globalmedsonlineinc.com\/fr\/product\/nembutal-pentobarbital\/acheter-du-butabarbital-en-ligne\/\",\"name\":\"Butabarbital en vente en ligne sans ordonnance | Global Meds Inc.\",\"isPartOf\":{\"@id\":\"https:\/\/globalmedsonlineinc.com\/fr\/#website\"},\"primaryImageOfPage\":{\"@id\":\"https:\/\/globalmedsonlineinc.com\/fr\/product\/nembutal-pentobarbital\/acheter-du-butabarbital-en-ligne\/#primaryimage\"},\"image\":{\"@id\":\"https:\/\/globalmedsonlineinc.com\/fr\/product\/nembutal-pentobarbital\/acheter-du-butabarbital-en-ligne\/#primaryimage\"},\"thumbnailUrl\":\"https:\/\/globalmedsonlineinc.com\/fr\/content\/media\/uploads\/sites\/5\/2021\/06\/Butabarbital.jpg\",\"datePublished\":\"2021-06-30T20:42:55+00:00\",\"dateModified\":\"2024-02-20T13:25:00+00:00\",\"description\":\"Butabarbital en vente en ligne sans ordonnance. Nous vendons des pilules de Butabarbital de la meilleure qualit\u00e9. Veuillez nous contacter pour plus d'informations.\",\"breadcrumb\":{\"@id\":\"https:\/\/globalmedsonlineinc.com\/fr\/product\/nembutal-pentobarbital\/acheter-du-butabarbital-en-ligne\/#breadcrumb\"},\"inLanguage\":\"fr-FR\",\"potentialAction\":[{\"@type\":\"ReadAction\",\"target\":[\"https:\/\/globalmedsonlineinc.com\/fr\/product\/nembutal-pentobarbital\/acheter-du-butabarbital-en-ligne\/\"]}]},{\"@type\":\"ImageObject\",\"inLanguage\":\"fr-FR\",\"@id\":\"https:\/\/globalmedsonlineinc.com\/fr\/product\/nembutal-pentobarbital\/acheter-du-butabarbital-en-ligne\/#primaryimage\",\"url\":\"https:\/\/globalmedsonlineinc.com\/fr\/content\/media\/uploads\/sites\/5\/2021\/06\/Butabarbital.jpg\",\"contentUrl\":\"https:\/\/globalmedsonlineinc.com\/fr\/content\/media\/uploads\/sites\/5\/2021\/06\/Butabarbital.jpg\",\"width\":600,\"height\":600,\"caption\":\"Butabarbital en vente en ligne sans ordonnance\"},{\"@type\":\"BreadcrumbList\",\"@id\":\"https:\/\/globalmedsonlineinc.com\/fr\/product\/nembutal-pentobarbital\/acheter-du-butabarbital-en-ligne\/#breadcrumb\",\"itemListElement\":[{\"@type\":\"ListItem\",\"position\":1,\"name\":\"Home\",\"item\":\"https:\/\/globalmedsonlineinc.com\/fr\/\"},{\"@type\":\"ListItem\",\"position\":2,\"name\":\"Produits\",\"item\":\"https:\/\/globalmedsonlineinc.com\/fr\/produits\/\"},{\"@type\":\"ListItem\",\"position\":3,\"name\":\"Acheter du butabarbital en ligne\"}]},{\"@type\":\"WebSite\",\"@id\":\"https:\/\/globalmedsonlineinc.com\/fr\/#website\",\"url\":\"https:\/\/globalmedsonlineinc.com\/fr\/\",\"name\":\"Global Meds Inc\",\"description\":\"\",\"potentialAction\":[{\"@type\":\"SearchAction\",\"target\":{\"@type\":\"EntryPoint\",\"urlTemplate\":\"https:\/\/globalmedsonlineinc.com\/fr\/?s={search_term_string}\"},\"query-input\":{\"@type\":\"PropertyValueSpecification\",\"valueRequired\":true,\"valueName\":\"search_term_string\"}}],\"inLanguage\":\"fr-FR\"}]}<\/script>\n<!-- \/ Yoast SEO plugin. -->","yoast_head_json":{"title":"Butabarbital en vente en ligne sans ordonnance | Global Meds Inc.","description":"Butabarbital en vente en ligne sans ordonnance. Nous vendons des pilules de Butabarbital de la meilleure qualit\u00e9. Veuillez nous contacter pour plus d'informations.","robots":{"index":"index","follow":"follow","max-snippet":"max-snippet:-1","max-image-preview":"max-image-preview:large","max-video-preview":"max-video-preview:-1"},"canonical":"https:\/\/globalmedsonlineinc.com\/fr\/product\/nembutal-pentobarbital\/acheter-du-butabarbital-en-ligne\/","og_locale":"fr_FR","og_type":"article","og_title":"Butabarbital en vente en ligne sans ordonnance | Global Meds Inc.","og_description":"Butabarbital en vente en ligne sans ordonnance. Nous vendons des pilules de Butabarbital de la meilleure qualit\u00e9. Veuillez nous contacter pour plus d'informations.","og_url":"https:\/\/globalmedsonlineinc.com\/fr\/product\/nembutal-pentobarbital\/acheter-du-butabarbital-en-ligne\/","og_site_name":"Global Meds Inc","article_modified_time":"2024-02-20T13:25:00+00:00","og_image":[{"width":600,"height":600,"url":"https:\/\/globalmedsonlineinc.com\/fr\/content\/media\/uploads\/sites\/5\/2021\/06\/Butabarbital.jpg","type":"image\/jpeg"}],"twitter_card":"summary_large_image","twitter_misc":{"Dur\u00e9e de lecture estim\u00e9e":"3 minutes"},"schema":{"@context":"https:\/\/schema.org","@graph":[{"@type":"WebPage","@id":"https:\/\/globalmedsonlineinc.com\/fr\/product\/nembutal-pentobarbital\/acheter-du-butabarbital-en-ligne\/","url":"https:\/\/globalmedsonlineinc.com\/fr\/product\/nembutal-pentobarbital\/acheter-du-butabarbital-en-ligne\/","name":"Butabarbital en vente en ligne sans ordonnance | Global Meds Inc.","isPartOf":{"@id":"https:\/\/globalmedsonlineinc.com\/fr\/#website"},"primaryImageOfPage":{"@id":"https:\/\/globalmedsonlineinc.com\/fr\/product\/nembutal-pentobarbital\/acheter-du-butabarbital-en-ligne\/#primaryimage"},"image":{"@id":"https:\/\/globalmedsonlineinc.com\/fr\/product\/nembutal-pentobarbital\/acheter-du-butabarbital-en-ligne\/#primaryimage"},"thumbnailUrl":"https:\/\/globalmedsonlineinc.com\/fr\/content\/media\/uploads\/sites\/5\/2021\/06\/Butabarbital.jpg","datePublished":"2021-06-30T20:42:55+00:00","dateModified":"2024-02-20T13:25:00+00:00","description":"Butabarbital en vente en ligne sans ordonnance. Nous vendons des pilules de Butabarbital de la meilleure qualit\u00e9. Veuillez nous contacter pour plus d'informations.","breadcrumb":{"@id":"https:\/\/globalmedsonlineinc.com\/fr\/product\/nembutal-pentobarbital\/acheter-du-butabarbital-en-ligne\/#breadcrumb"},"inLanguage":"fr-FR","potentialAction":[{"@type":"ReadAction","target":["https:\/\/globalmedsonlineinc.com\/fr\/product\/nembutal-pentobarbital\/acheter-du-butabarbital-en-ligne\/"]}]},{"@type":"ImageObject","inLanguage":"fr-FR","@id":"https:\/\/globalmedsonlineinc.com\/fr\/product\/nembutal-pentobarbital\/acheter-du-butabarbital-en-ligne\/#primaryimage","url":"https:\/\/globalmedsonlineinc.com\/fr\/content\/media\/uploads\/sites\/5\/2021\/06\/Butabarbital.jpg","contentUrl":"https:\/\/globalmedsonlineinc.com\/fr\/content\/media\/uploads\/sites\/5\/2021\/06\/Butabarbital.jpg","width":600,"height":600,"caption":"Butabarbital en vente en ligne sans ordonnance"},{"@type":"BreadcrumbList","@id":"https:\/\/globalmedsonlineinc.com\/fr\/product\/nembutal-pentobarbital\/acheter-du-butabarbital-en-ligne\/#breadcrumb","itemListElement":[{"@type":"ListItem","position":1,"name":"Home","item":"https:\/\/globalmedsonlineinc.com\/fr\/"},{"@type":"ListItem","position":2,"name":"Produits","item":"https:\/\/globalmedsonlineinc.com\/fr\/produits\/"},{"@type":"ListItem","position":3,"name":"Acheter du butabarbital en ligne"}]},{"@type":"WebSite","@id":"https:\/\/globalmedsonlineinc.com\/fr\/#website","url":"https:\/\/globalmedsonlineinc.com\/fr\/","name":"Global Meds Inc","description":"","potentialAction":[{"@type":"SearchAction","target":{"@type":"EntryPoint","urlTemplate":"https:\/\/globalmedsonlineinc.com\/fr\/?s={search_term_string}"},"query-input":{"@type":"PropertyValueSpecification","valueRequired":true,"valueName":"search_term_string"}}],"inLanguage":"fr-FR"}]}},"_links":{"self":[{"href":"https:\/\/globalmedsonlineinc.com\/fr\/wp-json\/wp\/v2\/product\/8922","targetHints":{"allow":["GET"]}}],"collection":[{"href":"https:\/\/globalmedsonlineinc.com\/fr\/wp-json\/wp\/v2\/product"}],"about":[{"href":"https:\/\/globalmedsonlineinc.com\/fr\/wp-json\/wp\/v2\/types\/product"}],"replies":[{"embeddable":true,"href":"https:\/\/globalmedsonlineinc.com\/fr\/wp-json\/wp\/v2\/comments?post=8922"}],"wp:featuredmedia":[{"embeddable":true,"href":"https:\/\/globalmedsonlineinc.com\/fr\/wp-json\/wp\/v2\/media\/8957"}],"wp:attachment":[{"href":"https:\/\/globalmedsonlineinc.com\/fr\/wp-json\/wp\/v2\/media?parent=8922"}],"wp:term":[{"taxonomy":"product_brand","embeddable":true,"href":"https:\/\/globalmedsonlineinc.com\/fr\/wp-json\/wp\/v2\/product_brand?post=8922"},{"taxonomy":"product_cat","embeddable":true,"href":"https:\/\/globalmedsonlineinc.com\/fr\/wp-json\/wp\/v2\/product_cat?post=8922"},{"taxonomy":"product_tag","embeddable":true,"href":"https:\/\/globalmedsonlineinc.com\/fr\/wp-json\/wp\/v2\/product_tag?post=8922"}],"curies":[{"name":"wp","href":"https:\/\/api.w.org\/{rel}","templated":true}]}}