{"id":8921,"date":"2021-06-30T20:42:49","date_gmt":"2021-06-30T20:42:49","guid":{"rendered":"https:\/\/globalmedsonlineinc.com\/fr\/?post_type=product&#038;p=8921"},"modified":"2024-02-20T13:26:13","modified_gmt":"2024-02-20T13:26:13","slug":"brallobarbital-vesparax","status":"publish","type":"product","link":"https:\/\/globalmedsonlineinc.com\/fr\/product\/nembutal-pentobarbital\/brallobarbital-vesparax\/","title":{"rendered":"Achetez du brallobarbital (Vesparax) en ligne"},"content":{"rendered":"<h1>Brallobarbital en vente en ligne sans ordonnance<\/h1>\n<p class=\"tt\"><span class=\"VIiyi\" lang=\"fr\"><span class=\"JLqJ4b ChMk0b\" data-language-for-alternatives=\"fr\" data-language-to-translate-into=\"en\" data-phrase-index=\"0\"><a href=\"https:\/\/globalmedsonlineinc.com\/fr\/product\/nembutal-pentobarbital\/brallobarbital-vesparax\/\">Brallobarbital en vente<\/a> en ligne sans ordonnance<\/span><\/span>. Achetez Brallobarbital (Vesparax) Online from the Professional Pharmacy<\/p>\n<p>La pharmacie en ligne Nembutal traite le Brallobarbital (Vesparax) sur la plate-forme en ligne et le livre dans les d\u00e9lais aux clients qui l&#8217;ont command\u00e9. Nous sommes une pharmacie en ligne professionnelle d&#8217;o\u00f9 vous pouvez acheter Vesparax en ligne aux meilleurs prix disponibles. Nos prix sont incomparables et abordables par tous. Nous avons \u00e9galement une \u00e9quipe qui r\u00e9pondra \u00e0 vos besoins et exigences concernant Nembutal Brallobarbital de mani\u00e8re pratique. Vous pouvez maintenant acheter <a href=\"https:\/\/fr.wikipedia.org\/wiki\/Barbiturique\">efficacement<\/a> Nembutal Brallobarbital de notre pharmacie et le recevoir sous peu \u00e0 votre porte.<\/p>\n<h6 class=\"tt\">Qu&#8217;est-ce que le Brallobarbital (Vesparax) et quelles en sont les utilisations?<\/h6>\n<p>Le Vesparax est largement consid\u00e9r\u00e9 comme un m\u00e9dicament antipsychotique atypique. Il agit en modifiant l&#8217;activit\u00e9 des substances chimiques pr\u00e9sentes dans le cerveau. Ce m\u00e9dicament a \u00e9t\u00e9 jug\u00e9 adapt\u00e9 pour \u00eatre utilis\u00e9 uniquement par des adultes et ne devrait pas \u00eatre donn\u00e9 \u00e0 toute personne de moins de 18 ans.<\/p>\n<h6><strong>Les utilisations du Vesparax sont les suivantes :<\/strong><\/h6>\n<ul>\n<li style=\"list-style-type: none\">\n<ul>\n<li>Aide au traitement de la schizophr\u00e9nie chez les adultes et les enfants<\/li>\n<\/ul>\n<\/li>\n<\/ul>\n<p>.<\/p>\n<ul>\n<li style=\"list-style-type: none\">\n<ul>\n<li>Indiqu\u00e9 dans le traitement des troubles bipolaires chez les adultes et les enfants<\/li>\n<\/ul>\n<\/li>\n<\/ul>\n<p>.<\/p>\n<ul>\n<li style=\"list-style-type: none\">\n<ul>\n<li>Utilis\u00e9 en association avec des antid\u00e9presseurs pour traiter le trouble d\u00e9pressif majeur chez l&#8217;adulte<\/li>\n<\/ul>\n<\/li>\n<\/ul>\n<p>Brallobarbital de bonne qualit\u00e9 (Vesparax) en ligne : Il est tout \u00e0 fait entendu que les gens ne font pas rapidement confiance \u00e0 la qualit\u00e9 du brallobarbital en ligne vendu en ligne car ils ne peuvent pas l&#8217;examiner physiquement. Mais ce n&#8217;est pas la m\u00eame chose avec les fournisseurs en ligne de Brallobarbital en ligne. Les produits ici sont fid\u00e8les \u00e0 leur description avec un entretien de haute qualit\u00e9 effectu\u00e9 sous la supervision d&#8217;experts.<\/p>\n<p>Exp\u00e9dition Rapide &amp; Discr\u00e8te : La livraison du Brallobarbital en ligne apr\u00e8s r\u00e9ception de la commande se fait dans les d\u00e9lais promis. L&#8217;\u00e9quipe d&#8217;exp\u00e9dition met tous ses efforts pour rendre la proc\u00e9dure d&#8217;exp\u00e9dition et de livraison fluide et rapide. Vous pouvez \u00e9galement vous attendre \u00e0 d&#8217;excellents services lors de l&#8217;achat de Brallobarbital en ligne aupr\u00e8s du professionnel sur la plateforme en ligne.<\/p>\n","protected":false},"excerpt":{"rendered":"<p><strong>Entrez en contact avec la pharmacie en ligne Nembutal<\/strong><\/p>\n<p>La pharmacie en ligne de Nembutal n&#8217;est plus qu&#8217;\u00e0 un clic de vous ! Vous pouvez nous appeler, nous envoyer un SMS ou un e-mail pour obtenir des r\u00e9ponses \u00e0 vos questions. Nous accomplirons votre commande dans le d\u00e9lai promis, c&#8217;est certain. Passez votre commande pour acheter Vesparax en ligne maintenant !<\/p>\n","protected":false},"featured_media":8952,"comment_status":"open","ping_status":"closed","template":"","meta":{"_acf_changed":false,"_monsterinsights_skip_tracking":false,"_monsterinsights_sitenote_active":false,"_monsterinsights_sitenote_note":"","_monsterinsights_sitenote_category":0},"product_brand":[],"product_cat":[87],"product_tag":[],"class_list":{"0":"post-8921","1":"product","2":"type-product","3":"status-publish","4":"has-post-thumbnail","6":"product_cat-nembutal-pentobarbital","8":"first","9":"instock","10":"shipping-taxable","11":"purchasable","12":"product-type-variable","13":"has-default-attributes"},"acf":[],"yoast_head":"<!-- This site is optimized with the Yoast SEO plugin v27.2 - https:\/\/yoast.com\/product\/yoast-seo-wordpress\/ -->\n<title>Brallobarbital en vente en ligne sans ordonnance | Global Meds Inc.<\/title>\n<meta name=\"description\" content=\"Brallobarbital en vente en ligne sans ordonnance. Nous vendons des pilules de Brallobarbital de la meilleure qualit\u00e9. Veuillez nous contacter pour plus d&#039;informations.\" \/>\n<meta name=\"robots\" content=\"index, follow, max-snippet:-1, max-image-preview:large, max-video-preview:-1\" \/>\n<link rel=\"canonical\" href=\"https:\/\/globalmedsonlineinc.com\/fr\/product\/nembutal-pentobarbital\/brallobarbital-vesparax\/\" \/>\n<meta property=\"og:locale\" content=\"fr_FR\" \/>\n<meta property=\"og:type\" content=\"article\" \/>\n<meta property=\"og:title\" content=\"Brallobarbital en vente en ligne sans ordonnance | Global Meds Inc.\" \/>\n<meta property=\"og:description\" content=\"Brallobarbital en vente en ligne sans ordonnance. Nous vendons des pilules de Brallobarbital de la meilleure qualit\u00e9. Veuillez nous contacter pour plus d&#039;informations.\" \/>\n<meta property=\"og:url\" content=\"https:\/\/globalmedsonlineinc.com\/fr\/product\/nembutal-pentobarbital\/brallobarbital-vesparax\/\" \/>\n<meta property=\"og:site_name\" content=\"Global Meds Inc\" \/>\n<meta property=\"article:modified_time\" content=\"2024-02-20T13:26:13+00:00\" \/>\n<meta property=\"og:image\" content=\"https:\/\/globalmedsonlineinc.com\/fr\/content\/media\/uploads\/sites\/5\/2021\/06\/brallobarbital-Vesparax.jpg\" \/>\n\t<meta property=\"og:image:width\" content=\"600\" \/>\n\t<meta property=\"og:image:height\" content=\"600\" \/>\n\t<meta property=\"og:image:type\" content=\"image\/jpeg\" \/>\n<meta name=\"twitter:card\" content=\"summary_large_image\" \/>\n<meta name=\"twitter:label1\" content=\"Dur\u00e9e de lecture estim\u00e9e\" \/>\n\t<meta name=\"twitter:data1\" content=\"2 minutes\" \/>\n<script type=\"application\/ld+json\" class=\"yoast-schema-graph\">{\"@context\":\"https:\/\/schema.org\",\"@graph\":[{\"@type\":\"WebPage\",\"@id\":\"https:\/\/globalmedsonlineinc.com\/fr\/product\/nembutal-pentobarbital\/brallobarbital-vesparax\/\",\"url\":\"https:\/\/globalmedsonlineinc.com\/fr\/product\/nembutal-pentobarbital\/brallobarbital-vesparax\/\",\"name\":\"Brallobarbital en vente en ligne sans ordonnance | Global Meds Inc.\",\"isPartOf\":{\"@id\":\"https:\/\/globalmedsonlineinc.com\/fr\/#website\"},\"primaryImageOfPage\":{\"@id\":\"https:\/\/globalmedsonlineinc.com\/fr\/product\/nembutal-pentobarbital\/brallobarbital-vesparax\/#primaryimage\"},\"image\":{\"@id\":\"https:\/\/globalmedsonlineinc.com\/fr\/product\/nembutal-pentobarbital\/brallobarbital-vesparax\/#primaryimage\"},\"thumbnailUrl\":\"https:\/\/globalmedsonlineinc.com\/fr\/content\/media\/uploads\/sites\/5\/2021\/06\/brallobarbital-Vesparax.jpg\",\"datePublished\":\"2021-06-30T20:42:49+00:00\",\"dateModified\":\"2024-02-20T13:26:13+00:00\",\"description\":\"Brallobarbital en vente en ligne sans ordonnance. Nous vendons des pilules de Brallobarbital de la meilleure qualit\u00e9. Veuillez nous contacter pour plus d'informations.\",\"breadcrumb\":{\"@id\":\"https:\/\/globalmedsonlineinc.com\/fr\/product\/nembutal-pentobarbital\/brallobarbital-vesparax\/#breadcrumb\"},\"inLanguage\":\"fr-FR\",\"potentialAction\":[{\"@type\":\"ReadAction\",\"target\":[\"https:\/\/globalmedsonlineinc.com\/fr\/product\/nembutal-pentobarbital\/brallobarbital-vesparax\/\"]}]},{\"@type\":\"ImageObject\",\"inLanguage\":\"fr-FR\",\"@id\":\"https:\/\/globalmedsonlineinc.com\/fr\/product\/nembutal-pentobarbital\/brallobarbital-vesparax\/#primaryimage\",\"url\":\"https:\/\/globalmedsonlineinc.com\/fr\/content\/media\/uploads\/sites\/5\/2021\/06\/brallobarbital-Vesparax.jpg\",\"contentUrl\":\"https:\/\/globalmedsonlineinc.com\/fr\/content\/media\/uploads\/sites\/5\/2021\/06\/brallobarbital-Vesparax.jpg\",\"width\":600,\"height\":600,\"caption\":\"Brallobarbital en vente en ligne sans ordonnance\"},{\"@type\":\"BreadcrumbList\",\"@id\":\"https:\/\/globalmedsonlineinc.com\/fr\/product\/nembutal-pentobarbital\/brallobarbital-vesparax\/#breadcrumb\",\"itemListElement\":[{\"@type\":\"ListItem\",\"position\":1,\"name\":\"Home\",\"item\":\"https:\/\/globalmedsonlineinc.com\/fr\/\"},{\"@type\":\"ListItem\",\"position\":2,\"name\":\"Produits\",\"item\":\"https:\/\/globalmedsonlineinc.com\/fr\/produits\/\"},{\"@type\":\"ListItem\",\"position\":3,\"name\":\"Achetez du brallobarbital (Vesparax) en ligne\"}]},{\"@type\":\"WebSite\",\"@id\":\"https:\/\/globalmedsonlineinc.com\/fr\/#website\",\"url\":\"https:\/\/globalmedsonlineinc.com\/fr\/\",\"name\":\"Global Meds Inc\",\"description\":\"\",\"potentialAction\":[{\"@type\":\"SearchAction\",\"target\":{\"@type\":\"EntryPoint\",\"urlTemplate\":\"https:\/\/globalmedsonlineinc.com\/fr\/?s={search_term_string}\"},\"query-input\":{\"@type\":\"PropertyValueSpecification\",\"valueRequired\":true,\"valueName\":\"search_term_string\"}}],\"inLanguage\":\"fr-FR\"}]}<\/script>\n<!-- \/ Yoast SEO plugin. -->","yoast_head_json":{"title":"Brallobarbital en vente en ligne sans ordonnance | Global Meds Inc.","description":"Brallobarbital en vente en ligne sans ordonnance. Nous vendons des pilules de Brallobarbital de la meilleure qualit\u00e9. Veuillez nous contacter pour plus d'informations.","robots":{"index":"index","follow":"follow","max-snippet":"max-snippet:-1","max-image-preview":"max-image-preview:large","max-video-preview":"max-video-preview:-1"},"canonical":"https:\/\/globalmedsonlineinc.com\/fr\/product\/nembutal-pentobarbital\/brallobarbital-vesparax\/","og_locale":"fr_FR","og_type":"article","og_title":"Brallobarbital en vente en ligne sans ordonnance | Global Meds Inc.","og_description":"Brallobarbital en vente en ligne sans ordonnance. Nous vendons des pilules de Brallobarbital de la meilleure qualit\u00e9. Veuillez nous contacter pour plus d'informations.","og_url":"https:\/\/globalmedsonlineinc.com\/fr\/product\/nembutal-pentobarbital\/brallobarbital-vesparax\/","og_site_name":"Global Meds Inc","article_modified_time":"2024-02-20T13:26:13+00:00","og_image":[{"width":600,"height":600,"url":"https:\/\/globalmedsonlineinc.com\/fr\/content\/media\/uploads\/sites\/5\/2021\/06\/brallobarbital-Vesparax.jpg","type":"image\/jpeg"}],"twitter_card":"summary_large_image","twitter_misc":{"Dur\u00e9e de lecture estim\u00e9e":"2 minutes"},"schema":{"@context":"https:\/\/schema.org","@graph":[{"@type":"WebPage","@id":"https:\/\/globalmedsonlineinc.com\/fr\/product\/nembutal-pentobarbital\/brallobarbital-vesparax\/","url":"https:\/\/globalmedsonlineinc.com\/fr\/product\/nembutal-pentobarbital\/brallobarbital-vesparax\/","name":"Brallobarbital en vente en ligne sans ordonnance | Global Meds Inc.","isPartOf":{"@id":"https:\/\/globalmedsonlineinc.com\/fr\/#website"},"primaryImageOfPage":{"@id":"https:\/\/globalmedsonlineinc.com\/fr\/product\/nembutal-pentobarbital\/brallobarbital-vesparax\/#primaryimage"},"image":{"@id":"https:\/\/globalmedsonlineinc.com\/fr\/product\/nembutal-pentobarbital\/brallobarbital-vesparax\/#primaryimage"},"thumbnailUrl":"https:\/\/globalmedsonlineinc.com\/fr\/content\/media\/uploads\/sites\/5\/2021\/06\/brallobarbital-Vesparax.jpg","datePublished":"2021-06-30T20:42:49+00:00","dateModified":"2024-02-20T13:26:13+00:00","description":"Brallobarbital en vente en ligne sans ordonnance. Nous vendons des pilules de Brallobarbital de la meilleure qualit\u00e9. Veuillez nous contacter pour plus d'informations.","breadcrumb":{"@id":"https:\/\/globalmedsonlineinc.com\/fr\/product\/nembutal-pentobarbital\/brallobarbital-vesparax\/#breadcrumb"},"inLanguage":"fr-FR","potentialAction":[{"@type":"ReadAction","target":["https:\/\/globalmedsonlineinc.com\/fr\/product\/nembutal-pentobarbital\/brallobarbital-vesparax\/"]}]},{"@type":"ImageObject","inLanguage":"fr-FR","@id":"https:\/\/globalmedsonlineinc.com\/fr\/product\/nembutal-pentobarbital\/brallobarbital-vesparax\/#primaryimage","url":"https:\/\/globalmedsonlineinc.com\/fr\/content\/media\/uploads\/sites\/5\/2021\/06\/brallobarbital-Vesparax.jpg","contentUrl":"https:\/\/globalmedsonlineinc.com\/fr\/content\/media\/uploads\/sites\/5\/2021\/06\/brallobarbital-Vesparax.jpg","width":600,"height":600,"caption":"Brallobarbital en vente en ligne sans ordonnance"},{"@type":"BreadcrumbList","@id":"https:\/\/globalmedsonlineinc.com\/fr\/product\/nembutal-pentobarbital\/brallobarbital-vesparax\/#breadcrumb","itemListElement":[{"@type":"ListItem","position":1,"name":"Home","item":"https:\/\/globalmedsonlineinc.com\/fr\/"},{"@type":"ListItem","position":2,"name":"Produits","item":"https:\/\/globalmedsonlineinc.com\/fr\/produits\/"},{"@type":"ListItem","position":3,"name":"Achetez du brallobarbital (Vesparax) en ligne"}]},{"@type":"WebSite","@id":"https:\/\/globalmedsonlineinc.com\/fr\/#website","url":"https:\/\/globalmedsonlineinc.com\/fr\/","name":"Global Meds Inc","description":"","potentialAction":[{"@type":"SearchAction","target":{"@type":"EntryPoint","urlTemplate":"https:\/\/globalmedsonlineinc.com\/fr\/?s={search_term_string}"},"query-input":{"@type":"PropertyValueSpecification","valueRequired":true,"valueName":"search_term_string"}}],"inLanguage":"fr-FR"}]}},"_links":{"self":[{"href":"https:\/\/globalmedsonlineinc.com\/fr\/wp-json\/wp\/v2\/product\/8921","targetHints":{"allow":["GET"]}}],"collection":[{"href":"https:\/\/globalmedsonlineinc.com\/fr\/wp-json\/wp\/v2\/product"}],"about":[{"href":"https:\/\/globalmedsonlineinc.com\/fr\/wp-json\/wp\/v2\/types\/product"}],"replies":[{"embeddable":true,"href":"https:\/\/globalmedsonlineinc.com\/fr\/wp-json\/wp\/v2\/comments?post=8921"}],"wp:featuredmedia":[{"embeddable":true,"href":"https:\/\/globalmedsonlineinc.com\/fr\/wp-json\/wp\/v2\/media\/8952"}],"wp:attachment":[{"href":"https:\/\/globalmedsonlineinc.com\/fr\/wp-json\/wp\/v2\/media?parent=8921"}],"wp:term":[{"taxonomy":"product_brand","embeddable":true,"href":"https:\/\/globalmedsonlineinc.com\/fr\/wp-json\/wp\/v2\/product_brand?post=8921"},{"taxonomy":"product_cat","embeddable":true,"href":"https:\/\/globalmedsonlineinc.com\/fr\/wp-json\/wp\/v2\/product_cat?post=8921"},{"taxonomy":"product_tag","embeddable":true,"href":"https:\/\/globalmedsonlineinc.com\/fr\/wp-json\/wp\/v2\/product_tag?post=8921"}],"curies":[{"name":"wp","href":"https:\/\/api.w.org\/{rel}","templated":true}]}}