{"id":8920,"date":"2021-06-30T20:42:25","date_gmt":"2021-06-30T20:42:25","guid":{"rendered":"https:\/\/globalmedsonlineinc.com\/fr\/?post_type=product&#038;p=8920"},"modified":"2024-02-20T13:27:11","modified_gmt":"2024-02-20T13:27:11","slug":"aprobarbitone","status":"publish","type":"product","link":"https:\/\/globalmedsonlineinc.com\/fr\/product\/nembutal-pentobarbital\/aprobarbitone\/","title":{"rendered":"Acheter Aprobarbitone en ligne"},"content":{"rendered":"<h1>Aprobarbitone en vente en ligne sans ordonnance<\/h1>\n<p class=\"tt\"><span class=\"VIiyi\" lang=\"fr\"><span class=\"JLqJ4b ChMk0b\" data-language-for-alternatives=\"fr\" data-language-to-translate-into=\"en\" data-phrase-index=\"0\"><a href=\"https:\/\/globalmedsonlineinc.com\/fr\/product\/nembutal-pentobarbital\/aprobarbitone\/\">Aprobarbitone en vente<\/a> en ligne sans ordonnance<\/span><\/span>. Acheter Aprobarbitone en ligne depuis la meilleure pharmacie en ligne Nembutal<\/p>\n<p>Online Nembutal Pharmacy travaille dans ce secteur depuis longtemps. Nous avons maintenant compl\u00e8tement compris les perspectives et les exigences des clients du monde entier. Nous sommes ici pour r\u00e9pondre \u00e0 toutes les exigences concernant Aprobarbitone. Si vous voulez acheter Aprobarbitone en ligne, alors notre pharmacie <a href=\"https:\/\/fr.wikipedia.org\/wiki\/Barbiturique\">est<\/a> la meilleure pour le faire. Nous sommes disponibles avec ce m\u00e9dicament \u00e0 des prix modestes. Vous pouvez commod\u00e9ment l&#8217;acheter chez nous et nous vous le livrerons dans le d\u00e9lai mentionn\u00e9.<\/p>\n<h4 class=\"tt\">Que peut faire Aprobarbitone pour vous?<\/h4>\n<p>L&#8217;utilisation d&#8217;Aprobarbitone peut vous aider \u00e0 obtenir un bon sommeil nocturne. En bref, c&#8217;est un traitement parfait pour les personnes insomniaques. Il est connu pour ses incroyables propri\u00e9t\u00e9s de s\u00e9datif, d&#8217;hypnotique et d&#8217;anti-convulsivant.<\/p>\n<h6 class=\"tt\">Pourquoi devriez-vous nous choisir pour acheter de l&#8217;Aprobarbitone en ligne?<\/h6>\n<p>Nous sommes une \u00e9quipe sp\u00e9cialis\u00e9e de personnes qui ont une profonde exp\u00e9rience dans le <a href=\"https:\/\/en.wikipedia.org\/wiki\/Aprobarbital\">domaine<\/a> des m\u00e9dicaments et des drogues. En plus de cela, nous rendons l&#8217;Aprobarbitone et d&#8217;autres produits disponibles dans toutes les parties du monde.Vous pouvez maintenant acheter l&#8217;Aprobarbitone en ligne au meilleur prix depuis votre domicile. Nous ne sommes qu&#8217;\u00e0 un clic de vous. Soumettez votre commande pour acheter Aprobarbitone en ligne aujourd&#8217;hui et faites-la livrer bient\u00f4t \u00e0 l&#8217;adresse indiqu\u00e9e.<\/p>\n<p>Aprobarbitone de bonne qualit\u00e9 (Vesparax) en ligne : Il est tout \u00e0 fait entendu que les gens ne font pas rapidement confiance \u00e0 la qualit\u00e9 de l&#8217;Aprobarbital en ligne vendu en ligne car ils ne peuvent pas l&#8217;examiner physiquement. Mais ce n&#8217;est pas la m\u00eame chose avec les fournisseurs en ligne d&#8217;Aprobarbitone en ligne. Les produits ici sont fid\u00e8les \u00e0 leur description avec un entretien de haute qualit\u00e9 effectu\u00e9 sous la supervision d&#8217;experts.<\/p>\n<p>Exp\u00e9dition Rapide &amp; Discr\u00e8te : La livraison de l&#8217;Aprobarbitone en ligne apr\u00e8s r\u00e9ception de la commande se fait dans les d\u00e9lais promis. L&#8217;\u00e9quipe d&#8217;exp\u00e9dition met tous ses efforts pour rendre la proc\u00e9dure d&#8217;exp\u00e9dition et de livraison fluide et rapide. Vous pouvez \u00e9galement vous attendre \u00e0 d&#8217;excellents services lors de l&#8217;achat d&#8217;Aprobarbitone en ligne aupr\u00e8s du professionnel sur la plate-forme en ligne.<\/p>\n","protected":false},"excerpt":{"rendered":"<p><strong>Comment commander de l&#8217;Aprobarbitone chez Online Nembutal Pharmacy?<\/strong><\/p>\n<p>Online Nembutal Pharmacy est une destination parfaite pour accomplir vos besoins et exigences concernant Aprobarbitone. Vous pouvez simplement ajouter votre m\u00e9dicament au panier, compl\u00e9ter la proc\u00e9dure de paiement et passer une commande sur notre site. Contactez notre pharmacie d\u00e8s maintenant et obtenez ce qu&#8217;il y a de mieux pour votre sant\u00e9.<\/p>\n","protected":false},"featured_media":8950,"comment_status":"open","ping_status":"closed","template":"","meta":{"_acf_changed":false,"_monsterinsights_skip_tracking":false,"_monsterinsights_sitenote_active":false,"_monsterinsights_sitenote_note":"","_monsterinsights_sitenote_category":0},"product_brand":[],"product_cat":[87],"product_tag":[],"class_list":{"0":"post-8920","1":"product","2":"type-product","3":"status-publish","4":"has-post-thumbnail","6":"product_cat-nembutal-pentobarbital","8":"first","9":"instock","10":"featured","11":"shipping-taxable","12":"purchasable","13":"product-type-variable","14":"has-default-attributes"},"acf":[],"yoast_head":"<!-- This site is optimized with the Yoast SEO plugin v27.2 - https:\/\/yoast.com\/product\/yoast-seo-wordpress\/ -->\n<title>Aprobarbitone en vente en ligne | Global Meds Inc.<\/title>\n<meta name=\"description\" content=\"Aprobarbitone en vente en ligne sans ordonnance. Nous vendons des pilules d\u2019Aprobarbitone de la meilleure qualit\u00e9. Veuillez nous contacter pour plus d&#039;informations.\" \/>\n<meta name=\"robots\" content=\"index, follow, max-snippet:-1, max-image-preview:large, max-video-preview:-1\" \/>\n<link rel=\"canonical\" href=\"https:\/\/globalmedsonlineinc.com\/fr\/product\/nembutal-pentobarbital\/aprobarbitone\/\" \/>\n<meta property=\"og:locale\" content=\"fr_FR\" \/>\n<meta property=\"og:type\" content=\"article\" \/>\n<meta property=\"og:title\" content=\"Aprobarbitone en vente en ligne | Global Meds Inc.\" \/>\n<meta property=\"og:description\" content=\"Aprobarbitone en vente en ligne sans ordonnance. Nous vendons des pilules d\u2019Aprobarbitone de la meilleure qualit\u00e9. Veuillez nous contacter pour plus d&#039;informations.\" \/>\n<meta property=\"og:url\" content=\"https:\/\/globalmedsonlineinc.com\/fr\/product\/nembutal-pentobarbital\/aprobarbitone\/\" \/>\n<meta property=\"og:site_name\" content=\"Global Meds Inc\" \/>\n<meta property=\"article:modified_time\" content=\"2024-02-20T13:27:11+00:00\" \/>\n<meta property=\"og:image\" content=\"https:\/\/globalmedsonlineinc.com\/fr\/content\/media\/uploads\/sites\/5\/2021\/06\/Aprobarbitone-1.jpg\" \/>\n\t<meta property=\"og:image:width\" content=\"600\" \/>\n\t<meta property=\"og:image:height\" content=\"600\" \/>\n\t<meta property=\"og:image:type\" content=\"image\/jpeg\" \/>\n<meta name=\"twitter:card\" content=\"summary_large_image\" \/>\n<meta name=\"twitter:label1\" content=\"Dur\u00e9e de lecture estim\u00e9e\" \/>\n\t<meta name=\"twitter:data1\" content=\"2 minutes\" \/>\n<script type=\"application\/ld+json\" class=\"yoast-schema-graph\">{\"@context\":\"https:\/\/schema.org\",\"@graph\":[{\"@type\":\"WebPage\",\"@id\":\"https:\/\/globalmedsonlineinc.com\/fr\/product\/nembutal-pentobarbital\/aprobarbitone\/\",\"url\":\"https:\/\/globalmedsonlineinc.com\/fr\/product\/nembutal-pentobarbital\/aprobarbitone\/\",\"name\":\"Aprobarbitone en vente en ligne | Global Meds Inc.\",\"isPartOf\":{\"@id\":\"https:\/\/globalmedsonlineinc.com\/fr\/#website\"},\"primaryImageOfPage\":{\"@id\":\"https:\/\/globalmedsonlineinc.com\/fr\/product\/nembutal-pentobarbital\/aprobarbitone\/#primaryimage\"},\"image\":{\"@id\":\"https:\/\/globalmedsonlineinc.com\/fr\/product\/nembutal-pentobarbital\/aprobarbitone\/#primaryimage\"},\"thumbnailUrl\":\"https:\/\/globalmedsonlineinc.com\/fr\/content\/media\/uploads\/sites\/5\/2021\/06\/Aprobarbitone-1.jpg\",\"datePublished\":\"2021-06-30T20:42:25+00:00\",\"dateModified\":\"2024-02-20T13:27:11+00:00\",\"description\":\"Aprobarbitone en vente en ligne sans ordonnance. Nous vendons des pilules d\u2019Aprobarbitone de la meilleure qualit\u00e9. Veuillez nous contacter pour plus d'informations.\",\"breadcrumb\":{\"@id\":\"https:\/\/globalmedsonlineinc.com\/fr\/product\/nembutal-pentobarbital\/aprobarbitone\/#breadcrumb\"},\"inLanguage\":\"fr-FR\",\"potentialAction\":[{\"@type\":\"ReadAction\",\"target\":[\"https:\/\/globalmedsonlineinc.com\/fr\/product\/nembutal-pentobarbital\/aprobarbitone\/\"]}]},{\"@type\":\"ImageObject\",\"inLanguage\":\"fr-FR\",\"@id\":\"https:\/\/globalmedsonlineinc.com\/fr\/product\/nembutal-pentobarbital\/aprobarbitone\/#primaryimage\",\"url\":\"https:\/\/globalmedsonlineinc.com\/fr\/content\/media\/uploads\/sites\/5\/2021\/06\/Aprobarbitone-1.jpg\",\"contentUrl\":\"https:\/\/globalmedsonlineinc.com\/fr\/content\/media\/uploads\/sites\/5\/2021\/06\/Aprobarbitone-1.jpg\",\"width\":600,\"height\":600,\"caption\":\"Aprobarbitone en vente en ligne sans ordonnance\"},{\"@type\":\"BreadcrumbList\",\"@id\":\"https:\/\/globalmedsonlineinc.com\/fr\/product\/nembutal-pentobarbital\/aprobarbitone\/#breadcrumb\",\"itemListElement\":[{\"@type\":\"ListItem\",\"position\":1,\"name\":\"Home\",\"item\":\"https:\/\/globalmedsonlineinc.com\/fr\/\"},{\"@type\":\"ListItem\",\"position\":2,\"name\":\"Produits\",\"item\":\"https:\/\/globalmedsonlineinc.com\/fr\/produits\/\"},{\"@type\":\"ListItem\",\"position\":3,\"name\":\"Acheter Aprobarbitone en ligne\"}]},{\"@type\":\"WebSite\",\"@id\":\"https:\/\/globalmedsonlineinc.com\/fr\/#website\",\"url\":\"https:\/\/globalmedsonlineinc.com\/fr\/\",\"name\":\"Global Meds Inc\",\"description\":\"\",\"potentialAction\":[{\"@type\":\"SearchAction\",\"target\":{\"@type\":\"EntryPoint\",\"urlTemplate\":\"https:\/\/globalmedsonlineinc.com\/fr\/?s={search_term_string}\"},\"query-input\":{\"@type\":\"PropertyValueSpecification\",\"valueRequired\":true,\"valueName\":\"search_term_string\"}}],\"inLanguage\":\"fr-FR\"}]}<\/script>\n<!-- \/ Yoast SEO plugin. -->","yoast_head_json":{"title":"Aprobarbitone en vente en ligne | Global Meds Inc.","description":"Aprobarbitone en vente en ligne sans ordonnance. Nous vendons des pilules d\u2019Aprobarbitone de la meilleure qualit\u00e9. Veuillez nous contacter pour plus d'informations.","robots":{"index":"index","follow":"follow","max-snippet":"max-snippet:-1","max-image-preview":"max-image-preview:large","max-video-preview":"max-video-preview:-1"},"canonical":"https:\/\/globalmedsonlineinc.com\/fr\/product\/nembutal-pentobarbital\/aprobarbitone\/","og_locale":"fr_FR","og_type":"article","og_title":"Aprobarbitone en vente en ligne | Global Meds Inc.","og_description":"Aprobarbitone en vente en ligne sans ordonnance. Nous vendons des pilules d\u2019Aprobarbitone de la meilleure qualit\u00e9. Veuillez nous contacter pour plus d'informations.","og_url":"https:\/\/globalmedsonlineinc.com\/fr\/product\/nembutal-pentobarbital\/aprobarbitone\/","og_site_name":"Global Meds Inc","article_modified_time":"2024-02-20T13:27:11+00:00","og_image":[{"width":600,"height":600,"url":"https:\/\/globalmedsonlineinc.com\/fr\/content\/media\/uploads\/sites\/5\/2021\/06\/Aprobarbitone-1.jpg","type":"image\/jpeg"}],"twitter_card":"summary_large_image","twitter_misc":{"Dur\u00e9e de lecture estim\u00e9e":"2 minutes"},"schema":{"@context":"https:\/\/schema.org","@graph":[{"@type":"WebPage","@id":"https:\/\/globalmedsonlineinc.com\/fr\/product\/nembutal-pentobarbital\/aprobarbitone\/","url":"https:\/\/globalmedsonlineinc.com\/fr\/product\/nembutal-pentobarbital\/aprobarbitone\/","name":"Aprobarbitone en vente en ligne | Global Meds Inc.","isPartOf":{"@id":"https:\/\/globalmedsonlineinc.com\/fr\/#website"},"primaryImageOfPage":{"@id":"https:\/\/globalmedsonlineinc.com\/fr\/product\/nembutal-pentobarbital\/aprobarbitone\/#primaryimage"},"image":{"@id":"https:\/\/globalmedsonlineinc.com\/fr\/product\/nembutal-pentobarbital\/aprobarbitone\/#primaryimage"},"thumbnailUrl":"https:\/\/globalmedsonlineinc.com\/fr\/content\/media\/uploads\/sites\/5\/2021\/06\/Aprobarbitone-1.jpg","datePublished":"2021-06-30T20:42:25+00:00","dateModified":"2024-02-20T13:27:11+00:00","description":"Aprobarbitone en vente en ligne sans ordonnance. Nous vendons des pilules d\u2019Aprobarbitone de la meilleure qualit\u00e9. Veuillez nous contacter pour plus d'informations.","breadcrumb":{"@id":"https:\/\/globalmedsonlineinc.com\/fr\/product\/nembutal-pentobarbital\/aprobarbitone\/#breadcrumb"},"inLanguage":"fr-FR","potentialAction":[{"@type":"ReadAction","target":["https:\/\/globalmedsonlineinc.com\/fr\/product\/nembutal-pentobarbital\/aprobarbitone\/"]}]},{"@type":"ImageObject","inLanguage":"fr-FR","@id":"https:\/\/globalmedsonlineinc.com\/fr\/product\/nembutal-pentobarbital\/aprobarbitone\/#primaryimage","url":"https:\/\/globalmedsonlineinc.com\/fr\/content\/media\/uploads\/sites\/5\/2021\/06\/Aprobarbitone-1.jpg","contentUrl":"https:\/\/globalmedsonlineinc.com\/fr\/content\/media\/uploads\/sites\/5\/2021\/06\/Aprobarbitone-1.jpg","width":600,"height":600,"caption":"Aprobarbitone en vente en ligne sans ordonnance"},{"@type":"BreadcrumbList","@id":"https:\/\/globalmedsonlineinc.com\/fr\/product\/nembutal-pentobarbital\/aprobarbitone\/#breadcrumb","itemListElement":[{"@type":"ListItem","position":1,"name":"Home","item":"https:\/\/globalmedsonlineinc.com\/fr\/"},{"@type":"ListItem","position":2,"name":"Produits","item":"https:\/\/globalmedsonlineinc.com\/fr\/produits\/"},{"@type":"ListItem","position":3,"name":"Acheter Aprobarbitone en ligne"}]},{"@type":"WebSite","@id":"https:\/\/globalmedsonlineinc.com\/fr\/#website","url":"https:\/\/globalmedsonlineinc.com\/fr\/","name":"Global Meds Inc","description":"","potentialAction":[{"@type":"SearchAction","target":{"@type":"EntryPoint","urlTemplate":"https:\/\/globalmedsonlineinc.com\/fr\/?s={search_term_string}"},"query-input":{"@type":"PropertyValueSpecification","valueRequired":true,"valueName":"search_term_string"}}],"inLanguage":"fr-FR"}]}},"_links":{"self":[{"href":"https:\/\/globalmedsonlineinc.com\/fr\/wp-json\/wp\/v2\/product\/8920","targetHints":{"allow":["GET"]}}],"collection":[{"href":"https:\/\/globalmedsonlineinc.com\/fr\/wp-json\/wp\/v2\/product"}],"about":[{"href":"https:\/\/globalmedsonlineinc.com\/fr\/wp-json\/wp\/v2\/types\/product"}],"replies":[{"embeddable":true,"href":"https:\/\/globalmedsonlineinc.com\/fr\/wp-json\/wp\/v2\/comments?post=8920"}],"wp:featuredmedia":[{"embeddable":true,"href":"https:\/\/globalmedsonlineinc.com\/fr\/wp-json\/wp\/v2\/media\/8950"}],"wp:attachment":[{"href":"https:\/\/globalmedsonlineinc.com\/fr\/wp-json\/wp\/v2\/media?parent=8920"}],"wp:term":[{"taxonomy":"product_brand","embeddable":true,"href":"https:\/\/globalmedsonlineinc.com\/fr\/wp-json\/wp\/v2\/product_brand?post=8920"},{"taxonomy":"product_cat","embeddable":true,"href":"https:\/\/globalmedsonlineinc.com\/fr\/wp-json\/wp\/v2\/product_cat?post=8920"},{"taxonomy":"product_tag","embeddable":true,"href":"https:\/\/globalmedsonlineinc.com\/fr\/wp-json\/wp\/v2\/product_tag?post=8920"}],"curies":[{"name":"wp","href":"https:\/\/api.w.org\/{rel}","templated":true}]}}