{"id":10606,"date":"2021-11-05T11:04:12","date_gmt":"2021-11-05T11:04:12","guid":{"rendered":"https:\/\/globalmedsonlineinc.com\/fr\/?post_type=product&#038;p=10606"},"modified":"2024-02-20T12:32:07","modified_gmt":"2024-02-20T12:32:07","slug":"acheter-de-la-poudre-de-gamma-hydroxybutyrate-ghb-en-ligne","status":"publish","type":"product","link":"https:\/\/globalmedsonlineinc.com\/fr\/product\/research-chemicals\/acheter-de-la-poudre-de-gamma-hydroxybutyrate-ghb-en-ligne\/","title":{"rendered":"Acheter de la poudre de Gamma Hydroxybutyrate (GHB) en ligne"},"content":{"rendered":"<h1><strong>Acheter du Gamma Hydroxybutyrate (GHB) en poudre en ligne<\/strong><\/h1>\n<p>Achetez <a href=\"https:\/\/globalmedsonlineinc.com\/fr\/product\/research-chemicals\/acheter-de-la-poudre-de-gamma-hydroxybutyrate-ghb-en-ligne\/\">Gamma Hydroxybutyrate (GHB)<\/a> en poudre en ligne. L&#8217;acide gamma-hydroxybutyrique ou acide \u03b3-Hydroxybutyrique (GHB), \u00e9galement connu sous le nom d&#8217;acide 4-hydroxybutano\u00efque, est un neurotransmetteur naturel et une drogue psychoactive. Il est un pr\u00e9curseur du GABA, du glutamate et de la glycine dans certaines zones du cerveau. Il agit sur le r\u00e9cepteur du GHB et est un faible agoniste du r\u00e9cepteur du GABAB. Le GHB a \u00e9t\u00e9 utilis\u00e9 dans le cadre m\u00e9dical comme anesth\u00e9sique g\u00e9n\u00e9ral et comme traitement de la cataplexie, de la narcolepsie et de l&#8217;alcoolisme. Il est \u00e9galement utilis\u00e9 ill\u00e9galement comme substance intoxicante, comme amplificateur de performances sportives, comme drogue du viol et comme drogue r\u00e9cr\u00e9ative.<\/p>\n<p>Il est couramment utilis\u00e9 comme anesth\u00e9sique g\u00e9n\u00e9ral.<\/p>\n<p>Il est g\u00e9n\u00e9ralement utilis\u00e9 sous la forme d&#8217;un sel, comme le \u03b3-hydroxybutyrate de sodium (NaGHB, oxybate de sodium, ou Xyrem) ou le \u03b3-hydroxybutyrate de potassium (KGHB, oxybate de potassium). Le GHB est \u00e9galement produit \u00e0 la suite d&#8217;une fermentation, et on le trouve en petites quantit\u00e9s dans certaines bi\u00e8res et certains vins, dans la viande de b\u0153uf et dans les petits agrumes.<\/p>\n<p>.<\/p>\n<p>Nous sommes des fournisseurs professionnels toujours suivre leurs <a href=\"https:\/\/fr.wikipedia.org\/wiki\/Acide_gamma-hydroxybutyrique\">devoirs<\/a> et responsabilit\u00e9s envers les clients s\u00e9rieusement. Les prix chez les fournisseurs en ligne pour l&#8217;achat de Gamma Hydroxybutyrate (GHB) en ligne ou tout autre produit connexe est raisonnable et abordable par tous. Il n&#8217;y a pas besoin de d\u00e9penser une fortune pour acheter ces produits.<\/p>\n<p>L&#8217;\u00e9quipe de cadres s&#8217;occupera des d\u00e9tails de votre commande et tentera de les compl\u00e9ter d\u00e8s que possible. L&#8217;\u00e9quipe d&#8217;emballage emballera votre commande avec la plus grande pr\u00e9cision en veillant \u00e0 ce qu&#8217;elle ne soit pas endommag\u00e9e pendant le transport. Vous pouvez donc voir \u00e0 quel point c&#8217;est facile avec nous. Vous pouvez commander du Gamma Hydroxybutyrate (GHB) en ligne aux USA, en Europe, en Australie, en CHINE, au Canada et pourquoi pas dans le monde entier.<\/p>\n<p>.<\/p>\n<p>Il est pass\u00e9 le temps o\u00f9 l&#8217;on luttait vraiment dur pour acheter du Gamma Hydroxybutyrate (GHB) Online dans les magasins hors ligne en parcourant des kilom\u00e8tres et seulement s&#8217;ils sont disponibles. Mais avec l&#8217;avanc\u00e9e du temps et de la technologie, le mode en ligne est arriv\u00e9. Vous pouvez facilement contacter un magasin \u00e0 l&#8217;aide de vos appareils, depuis chez vous, et commander du Gamma Hydroxybutyrate (GHB) en ligne. Il n&#8217;y a plus besoin de se d\u00e9placer nulle part, vous pouvez toujours commander du Gamma Hydroxybutyrate (GHB) en ligne avec nous.<\/p>\n","protected":false},"excerpt":{"rendered":"<p>Achetez de la poudre de Gamma Hydroxybutyrate (GHB) en ligne. Notre poudre de GHB est test\u00e9e \u00e0 100% en laboratoire. Nous exp\u00e9dions notre GHB en poudre en envoi discret et express au niveau international.<\/p>\n","protected":false},"featured_media":10613,"comment_status":"open","ping_status":"closed","template":"","meta":{"_acf_changed":false,"_monsterinsights_skip_tracking":false,"_monsterinsights_sitenote_active":false,"_monsterinsights_sitenote_note":"","_monsterinsights_sitenote_category":0},"product_brand":[],"product_cat":[876],"product_tag":[],"class_list":{"0":"post-10606","1":"product","2":"type-product","3":"status-publish","4":"has-post-thumbnail","6":"product_cat-research-chemicals","8":"first","9":"instock","10":"shipping-taxable","11":"purchasable","12":"product-type-simple"},"acf":[],"yoast_head":"<!-- This site is optimized with the Yoast SEO plugin v27.2 - https:\/\/yoast.com\/product\/yoast-seo-wordpress\/ -->\n<title>Acheter de la poudre de Gamma Hydroxybutyrate (GHB) en ligne -<\/title>\n<meta name=\"description\" content=\"Achetez de la poudre de Gamma Hydroxybutyrate (GHB) en ligne. Nous vendons de la poudre de GHB de la meilleure qualit\u00e9. Veuillez nous contacter pour plus d&#039;informations et les tarifs.\" \/>\n<meta name=\"robots\" content=\"index, follow, max-snippet:-1, max-image-preview:large, max-video-preview:-1\" \/>\n<link rel=\"canonical\" href=\"https:\/\/globalmedsonlineinc.com\/fr\/product\/research-chemicals\/acheter-de-la-poudre-de-gamma-hydroxybutyrate-ghb-en-ligne\/\" \/>\n<meta property=\"og:locale\" content=\"fr_FR\" \/>\n<meta property=\"og:type\" content=\"article\" \/>\n<meta property=\"og:title\" content=\"Acheter de la poudre de Gamma Hydroxybutyrate (GHB) en ligne -\" \/>\n<meta property=\"og:description\" content=\"Achetez de la poudre de Gamma Hydroxybutyrate (GHB) en ligne. Nous vendons de la poudre de GHB de la meilleure qualit\u00e9. Veuillez nous contacter pour plus d&#039;informations et les tarifs.\" \/>\n<meta property=\"og:url\" content=\"https:\/\/globalmedsonlineinc.com\/fr\/product\/research-chemicals\/acheter-de-la-poudre-de-gamma-hydroxybutyrate-ghb-en-ligne\/\" \/>\n<meta property=\"og:site_name\" content=\"Global Meds Inc\" \/>\n<meta property=\"article:modified_time\" content=\"2024-02-20T12:32:07+00:00\" \/>\n<meta property=\"og:image\" content=\"https:\/\/globalmedsonlineinc.com\/fr\/content\/media\/uploads\/sites\/5\/2021\/11\/Gamma-hydroxybutyrate-powder.jpg\" \/>\n\t<meta property=\"og:image:width\" content=\"600\" \/>\n\t<meta property=\"og:image:height\" content=\"600\" \/>\n\t<meta property=\"og:image:type\" content=\"image\/jpeg\" \/>\n<meta name=\"twitter:card\" content=\"summary_large_image\" \/>\n<meta name=\"twitter:label1\" content=\"Dur\u00e9e de lecture estim\u00e9e\" \/>\n\t<meta name=\"twitter:data1\" content=\"3 minutes\" \/>\n<script type=\"application\/ld+json\" class=\"yoast-schema-graph\">{\"@context\":\"https:\/\/schema.org\",\"@graph\":[{\"@type\":\"WebPage\",\"@id\":\"https:\/\/globalmedsonlineinc.com\/fr\/product\/research-chemicals\/acheter-de-la-poudre-de-gamma-hydroxybutyrate-ghb-en-ligne\/\",\"url\":\"https:\/\/globalmedsonlineinc.com\/fr\/product\/research-chemicals\/acheter-de-la-poudre-de-gamma-hydroxybutyrate-ghb-en-ligne\/\",\"name\":\"Acheter de la poudre de Gamma Hydroxybutyrate (GHB) en ligne -\",\"isPartOf\":{\"@id\":\"https:\/\/globalmedsonlineinc.com\/fr\/#website\"},\"primaryImageOfPage\":{\"@id\":\"https:\/\/globalmedsonlineinc.com\/fr\/product\/research-chemicals\/acheter-de-la-poudre-de-gamma-hydroxybutyrate-ghb-en-ligne\/#primaryimage\"},\"image\":{\"@id\":\"https:\/\/globalmedsonlineinc.com\/fr\/product\/research-chemicals\/acheter-de-la-poudre-de-gamma-hydroxybutyrate-ghb-en-ligne\/#primaryimage\"},\"thumbnailUrl\":\"https:\/\/globalmedsonlineinc.com\/fr\/content\/media\/uploads\/sites\/5\/2021\/11\/Gamma-hydroxybutyrate-powder.jpg\",\"datePublished\":\"2021-11-05T11:04:12+00:00\",\"dateModified\":\"2024-02-20T12:32:07+00:00\",\"description\":\"Achetez de la poudre de Gamma Hydroxybutyrate (GHB) en ligne. Nous vendons de la poudre de GHB de la meilleure qualit\u00e9. Veuillez nous contacter pour plus d'informations et les tarifs.\",\"breadcrumb\":{\"@id\":\"https:\/\/globalmedsonlineinc.com\/fr\/product\/research-chemicals\/acheter-de-la-poudre-de-gamma-hydroxybutyrate-ghb-en-ligne\/#breadcrumb\"},\"inLanguage\":\"fr-FR\",\"potentialAction\":[{\"@type\":\"ReadAction\",\"target\":[\"https:\/\/globalmedsonlineinc.com\/fr\/product\/research-chemicals\/acheter-de-la-poudre-de-gamma-hydroxybutyrate-ghb-en-ligne\/\"]}]},{\"@type\":\"ImageObject\",\"inLanguage\":\"fr-FR\",\"@id\":\"https:\/\/globalmedsonlineinc.com\/fr\/product\/research-chemicals\/acheter-de-la-poudre-de-gamma-hydroxybutyrate-ghb-en-ligne\/#primaryimage\",\"url\":\"https:\/\/globalmedsonlineinc.com\/fr\/content\/media\/uploads\/sites\/5\/2021\/11\/Gamma-hydroxybutyrate-powder.jpg\",\"contentUrl\":\"https:\/\/globalmedsonlineinc.com\/fr\/content\/media\/uploads\/sites\/5\/2021\/11\/Gamma-hydroxybutyrate-powder.jpg\",\"width\":600,\"height\":600,\"caption\":\"Acheter de la poudre de Gamma Hydroxybutyrate (GHB) en ligne\"},{\"@type\":\"BreadcrumbList\",\"@id\":\"https:\/\/globalmedsonlineinc.com\/fr\/product\/research-chemicals\/acheter-de-la-poudre-de-gamma-hydroxybutyrate-ghb-en-ligne\/#breadcrumb\",\"itemListElement\":[{\"@type\":\"ListItem\",\"position\":1,\"name\":\"Home\",\"item\":\"https:\/\/globalmedsonlineinc.com\/fr\/\"},{\"@type\":\"ListItem\",\"position\":2,\"name\":\"Produits\",\"item\":\"https:\/\/globalmedsonlineinc.com\/fr\/produits\/\"},{\"@type\":\"ListItem\",\"position\":3,\"name\":\"Acheter de la poudre de Gamma Hydroxybutyrate (GHB) en ligne\"}]},{\"@type\":\"WebSite\",\"@id\":\"https:\/\/globalmedsonlineinc.com\/fr\/#website\",\"url\":\"https:\/\/globalmedsonlineinc.com\/fr\/\",\"name\":\"Global Meds Inc\",\"description\":\"\",\"potentialAction\":[{\"@type\":\"SearchAction\",\"target\":{\"@type\":\"EntryPoint\",\"urlTemplate\":\"https:\/\/globalmedsonlineinc.com\/fr\/?s={search_term_string}\"},\"query-input\":{\"@type\":\"PropertyValueSpecification\",\"valueRequired\":true,\"valueName\":\"search_term_string\"}}],\"inLanguage\":\"fr-FR\"}]}<\/script>\n<!-- \/ Yoast SEO plugin. -->","yoast_head_json":{"title":"Acheter de la poudre de Gamma Hydroxybutyrate (GHB) en ligne -","description":"Achetez de la poudre de Gamma Hydroxybutyrate (GHB) en ligne. Nous vendons de la poudre de GHB de la meilleure qualit\u00e9. Veuillez nous contacter pour plus d'informations et les tarifs.","robots":{"index":"index","follow":"follow","max-snippet":"max-snippet:-1","max-image-preview":"max-image-preview:large","max-video-preview":"max-video-preview:-1"},"canonical":"https:\/\/globalmedsonlineinc.com\/fr\/product\/research-chemicals\/acheter-de-la-poudre-de-gamma-hydroxybutyrate-ghb-en-ligne\/","og_locale":"fr_FR","og_type":"article","og_title":"Acheter de la poudre de Gamma Hydroxybutyrate (GHB) en ligne -","og_description":"Achetez de la poudre de Gamma Hydroxybutyrate (GHB) en ligne. Nous vendons de la poudre de GHB de la meilleure qualit\u00e9. Veuillez nous contacter pour plus d'informations et les tarifs.","og_url":"https:\/\/globalmedsonlineinc.com\/fr\/product\/research-chemicals\/acheter-de-la-poudre-de-gamma-hydroxybutyrate-ghb-en-ligne\/","og_site_name":"Global Meds Inc","article_modified_time":"2024-02-20T12:32:07+00:00","og_image":[{"width":600,"height":600,"url":"https:\/\/globalmedsonlineinc.com\/fr\/content\/media\/uploads\/sites\/5\/2021\/11\/Gamma-hydroxybutyrate-powder.jpg","type":"image\/jpeg"}],"twitter_card":"summary_large_image","twitter_misc":{"Dur\u00e9e de lecture estim\u00e9e":"3 minutes"},"schema":{"@context":"https:\/\/schema.org","@graph":[{"@type":"WebPage","@id":"https:\/\/globalmedsonlineinc.com\/fr\/product\/research-chemicals\/acheter-de-la-poudre-de-gamma-hydroxybutyrate-ghb-en-ligne\/","url":"https:\/\/globalmedsonlineinc.com\/fr\/product\/research-chemicals\/acheter-de-la-poudre-de-gamma-hydroxybutyrate-ghb-en-ligne\/","name":"Acheter de la poudre de Gamma Hydroxybutyrate (GHB) en ligne -","isPartOf":{"@id":"https:\/\/globalmedsonlineinc.com\/fr\/#website"},"primaryImageOfPage":{"@id":"https:\/\/globalmedsonlineinc.com\/fr\/product\/research-chemicals\/acheter-de-la-poudre-de-gamma-hydroxybutyrate-ghb-en-ligne\/#primaryimage"},"image":{"@id":"https:\/\/globalmedsonlineinc.com\/fr\/product\/research-chemicals\/acheter-de-la-poudre-de-gamma-hydroxybutyrate-ghb-en-ligne\/#primaryimage"},"thumbnailUrl":"https:\/\/globalmedsonlineinc.com\/fr\/content\/media\/uploads\/sites\/5\/2021\/11\/Gamma-hydroxybutyrate-powder.jpg","datePublished":"2021-11-05T11:04:12+00:00","dateModified":"2024-02-20T12:32:07+00:00","description":"Achetez de la poudre de Gamma Hydroxybutyrate (GHB) en ligne. Nous vendons de la poudre de GHB de la meilleure qualit\u00e9. Veuillez nous contacter pour plus d'informations et les tarifs.","breadcrumb":{"@id":"https:\/\/globalmedsonlineinc.com\/fr\/product\/research-chemicals\/acheter-de-la-poudre-de-gamma-hydroxybutyrate-ghb-en-ligne\/#breadcrumb"},"inLanguage":"fr-FR","potentialAction":[{"@type":"ReadAction","target":["https:\/\/globalmedsonlineinc.com\/fr\/product\/research-chemicals\/acheter-de-la-poudre-de-gamma-hydroxybutyrate-ghb-en-ligne\/"]}]},{"@type":"ImageObject","inLanguage":"fr-FR","@id":"https:\/\/globalmedsonlineinc.com\/fr\/product\/research-chemicals\/acheter-de-la-poudre-de-gamma-hydroxybutyrate-ghb-en-ligne\/#primaryimage","url":"https:\/\/globalmedsonlineinc.com\/fr\/content\/media\/uploads\/sites\/5\/2021\/11\/Gamma-hydroxybutyrate-powder.jpg","contentUrl":"https:\/\/globalmedsonlineinc.com\/fr\/content\/media\/uploads\/sites\/5\/2021\/11\/Gamma-hydroxybutyrate-powder.jpg","width":600,"height":600,"caption":"Acheter de la poudre de Gamma Hydroxybutyrate (GHB) en ligne"},{"@type":"BreadcrumbList","@id":"https:\/\/globalmedsonlineinc.com\/fr\/product\/research-chemicals\/acheter-de-la-poudre-de-gamma-hydroxybutyrate-ghb-en-ligne\/#breadcrumb","itemListElement":[{"@type":"ListItem","position":1,"name":"Home","item":"https:\/\/globalmedsonlineinc.com\/fr\/"},{"@type":"ListItem","position":2,"name":"Produits","item":"https:\/\/globalmedsonlineinc.com\/fr\/produits\/"},{"@type":"ListItem","position":3,"name":"Acheter de la poudre de Gamma Hydroxybutyrate (GHB) en ligne"}]},{"@type":"WebSite","@id":"https:\/\/globalmedsonlineinc.com\/fr\/#website","url":"https:\/\/globalmedsonlineinc.com\/fr\/","name":"Global Meds Inc","description":"","potentialAction":[{"@type":"SearchAction","target":{"@type":"EntryPoint","urlTemplate":"https:\/\/globalmedsonlineinc.com\/fr\/?s={search_term_string}"},"query-input":{"@type":"PropertyValueSpecification","valueRequired":true,"valueName":"search_term_string"}}],"inLanguage":"fr-FR"}]}},"_links":{"self":[{"href":"https:\/\/globalmedsonlineinc.com\/fr\/wp-json\/wp\/v2\/product\/10606","targetHints":{"allow":["GET"]}}],"collection":[{"href":"https:\/\/globalmedsonlineinc.com\/fr\/wp-json\/wp\/v2\/product"}],"about":[{"href":"https:\/\/globalmedsonlineinc.com\/fr\/wp-json\/wp\/v2\/types\/product"}],"replies":[{"embeddable":true,"href":"https:\/\/globalmedsonlineinc.com\/fr\/wp-json\/wp\/v2\/comments?post=10606"}],"wp:featuredmedia":[{"embeddable":true,"href":"https:\/\/globalmedsonlineinc.com\/fr\/wp-json\/wp\/v2\/media\/10613"}],"wp:attachment":[{"href":"https:\/\/globalmedsonlineinc.com\/fr\/wp-json\/wp\/v2\/media?parent=10606"}],"wp:term":[{"taxonomy":"product_brand","embeddable":true,"href":"https:\/\/globalmedsonlineinc.com\/fr\/wp-json\/wp\/v2\/product_brand?post=10606"},{"taxonomy":"product_cat","embeddable":true,"href":"https:\/\/globalmedsonlineinc.com\/fr\/wp-json\/wp\/v2\/product_cat?post=10606"},{"taxonomy":"product_tag","embeddable":true,"href":"https:\/\/globalmedsonlineinc.com\/fr\/wp-json\/wp\/v2\/product_tag?post=10606"}],"curies":[{"name":"wp","href":"https:\/\/api.w.org\/{rel}","templated":true}]}}