{"id":1744,"date":"2020-10-21T08:27:27","date_gmt":"2020-10-21T08:27:27","guid":{"rendered":"http:\/\/iqonic.design\/wp-themes\/kivicare\/?page_id=1744"},"modified":"2021-07-19T21:54:12","modified_gmt":"2021-07-19T21:54:12","slug":"faq","status":"publish","type":"page","link":"https:\/\/globalmedsonlineinc.com\/fr\/faq\/","title":{"rendered":"FAQ"},"content":{"rendered":"\t\t<div data-elementor-type=\"wp-page\" data-elementor-id=\"1744\" class=\"elementor elementor-1744\">\n\t\t\t\t\t\t<div data-marvy_enable_birds_animation=\"false\" data-marvy_enable_cells_animation=\"false\" data-marvy_enable_dots_animation=\"false\" data-marvy_enable_fog_animation=\"false\" data-marvy_enable_globe_animation=\"false\" data-marvy_enable_halo_animation=\"false\" data-marvy_enable_net_animation=\"false\" data-marvy_enable_trunk_animation=\"false\" data-marvy_enable_fluid_animation=\"false\" data-marvy_enable_digitalStream_animation=\"false\" data-marvy_enable_floating_heart_animation=\"false\" data-marvy_enable_particles_wave_animation=\"false\" data-marvy_enable_dna_animation=\"false\" data-marvy_enable_drop_animation=\"false\" data-marvy_enable_fancy_rotate=\"false\" data-marvy_enable_flying_object=\"false\" data-marvy_enable_ripples_animation=\"false\" data-marvy_enable_waves_animation=\"false\" data-marvy_enable_rings_animation=\"false\" data-marvy_enable_topology_animation=\"false\" data-marvy_enable_gradient_animation=\"false\" data-marvy_enable_snow_animation=\"false\" data-marvy_enable_firework_animation=\"false\" data-marvy_enable_cloud_animation=\"false\" class=\"elementor-section elementor-top-section elementor-element elementor-element-1a58882 elementor-section-boxed elementor-section-height-default elementor-section-height-default\" data-id=\"1a58882\" data-element_type=\"section\" data-e-type=\"section\">\n\t\t\t\t\t\t<div class=\"elementor-container elementor-column-gap-default\">\n\t\t\t\t\t<div class=\"elementor-column elementor-col-100 elementor-top-column elementor-element elementor-element-44aa2ccd\" data-id=\"44aa2ccd\" data-element_type=\"column\" data-e-type=\"column\">\n\t\t\t<div class=\"elementor-widget-wrap elementor-element-populated\">\n\t\t\t\t\t\t<div class=\"elementor-element elementor-element-61468f02 elementor-widget elementor-widget-section_title\" data-id=\"61468f02\" data-element_type=\"widget\" data-e-type=\"widget\" data-widget_type=\"section_title.default\">\n\t\t\t\t<div class=\"elementor-widget-container\">\n\t\t\t\t\t\t<div class=\"text-center iq-title-box\">\n\t\t<div class=\"iq-title-icon\">\n\t\t\t\t\t<\/div>\n\n\t\t<span class=\"iq-subtitle\">FAQ<\/span>\n\t\t<h2 class=\"iq-title iq-heading-title\">\n\t\t\t<span class=\"right-text\">Questions fr\u00e9quemment <\/span>\n\t\t\t<span class=\"left-text\">pos\u00e9es<\/span>\n\t\t<\/h2>\n\t\t\t<\/div>\n\t\t\t\t<\/div>\n\t\t\t\t<\/div>\n\t\t\t\t<div class=\"elementor-element elementor-element-a399fde elementor-absolute elementor-hidden-tablet elementor-hidden-phone elementor-widget__width-auto elementor-widget elementor-widget-Iq_scrolling_text\" data-id=\"a399fde\" data-element_type=\"widget\" data-e-type=\"widget\" data-settings=\"{&quot;_position&quot;:&quot;absolute&quot;}\" data-widget_type=\"Iq_scrolling_text.default\">\n\t\t\t\t<div class=\"elementor-widget-container\">\n\t\t\t\t\t\n<div class=\"scrolling-text middle right\">\n            <div data-bottom=\"transform:translatex(-300px)\" data-top=\"transform:translatex(0);\">\n            FAQ        <\/div>\n    <\/div>\t\t\t\t<\/div>\n\t\t\t\t<\/div>\n\t\t\t\t<div data-marvy_enable_birds_animation=\"false\" data-marvy_enable_cells_animation=\"false\" data-marvy_enable_dots_animation=\"false\" data-marvy_enable_fog_animation=\"false\" data-marvy_enable_globe_animation=\"false\" data-marvy_enable_halo_animation=\"false\" data-marvy_enable_net_animation=\"false\" data-marvy_enable_trunk_animation=\"false\" data-marvy_enable_fluid_animation=\"false\" data-marvy_enable_digitalStream_animation=\"false\" data-marvy_enable_floating_heart_animation=\"false\" data-marvy_enable_particles_wave_animation=\"false\" data-marvy_enable_dna_animation=\"false\" data-marvy_enable_drop_animation=\"false\" data-marvy_enable_fancy_rotate=\"false\" data-marvy_enable_flying_object=\"false\" data-marvy_enable_ripples_animation=\"false\" data-marvy_enable_waves_animation=\"false\" data-marvy_enable_rings_animation=\"false\" data-marvy_enable_topology_animation=\"false\" data-marvy_enable_gradient_animation=\"false\" data-marvy_enable_snow_animation=\"false\" data-marvy_enable_firework_animation=\"false\" data-marvy_enable_cloud_animation=\"false\" class=\"elementor-section elementor-inner-section elementor-element elementor-element-606f3561 elementor-section-boxed elementor-section-height-default elementor-section-height-default\" data-id=\"606f3561\" data-element_type=\"section\" data-e-type=\"section\">\n\t\t\t\t\t\t<div class=\"elementor-container elementor-column-gap-default\">\n\t\t\t\t\t<div class=\"elementor-column elementor-col-100 elementor-inner-column elementor-element elementor-element-3c97a2e\" data-id=\"3c97a2e\" data-element_type=\"column\" data-e-type=\"column\">\n\t\t\t<div class=\"elementor-widget-wrap elementor-element-populated\">\n\t\t\t\t\t\t<div class=\"elementor-element elementor-element-67a6b52 elementor-widget elementor-widget-iqonic_accordion\" data-id=\"67a6b52\" data-element_type=\"widget\" data-e-type=\"widget\" data-widget_type=\"iqonic_accordion.default\">\n\t\t\t\t<div class=\"elementor-widget-container\">\n\t\t\t\t\t<div class=\"iq-accordion iq-accordion-square iq-accordion-classic\">\n  \n    <div class=\"iq-accordion-block iq-active  1\">\n      <div class=\"iq-accordion-title\">\n        <div class=\"iq-icon-right\"><i aria-hidden=\"true\" class=\"ion ion-minus-round active\"><\/i><i aria-hidden=\"true\" class=\"ion ion-plus inactive\"><\/i><\/div>        <h5 class=\"mb-0 accordion-title iq-heading-title\">\n          Je suis un client r\u00e9gulier, puis-je b\u00e9n\u00e9ficier d&#039;une r\u00e9duction ?        <\/h5>\n      <\/div>\n      <div class=\"iq-accordion-details\">\n        <p class=\"iq-content-text\"> Non, c&#8217;est nous qui d\u00e9cidons quand nous offrons des r\u00e9ductions et normalement, vous en serez inform\u00e9 par e-mail ou sur notre blog. Assurez-vous de cr\u00e9er un compte pour profiter de toutes les r\u00e9ductions et offres. Consultez notre blog pour conna\u00eetre les offres en cours ! <\/p>\n      <\/div>\n    <\/div>\n  \n    <div class=\"iq-accordion-block   2\">\n      <div class=\"iq-accordion-title\">\n        <div class=\"iq-icon-right\"><i aria-hidden=\"true\" class=\"ion ion-minus-round active\"><\/i><i aria-hidden=\"true\" class=\"ion ion-plus inactive\"><\/i><\/div>        <h5 class=\"mb-0 accordion-title iq-heading-title\">\n          J&#039;ai vu des prix plus bas que les v\u00f4tres sur un autre site web, pouvez-vous les \u00e9galer ?        <\/h5>\n      <\/div>\n      <div class=\"iq-accordion-details\">\n        <p class=\"iq-content-text\"> Oui, \u00e0 condition que le site web soit un fournisseur europ\u00e9en fiable et r\u00e9put\u00e9. Envoyez-nous un courriel. <\/p>\n      <\/div>\n    <\/div>\n  \n    <div class=\"iq-accordion-block   3\">\n      <div class=\"iq-accordion-title\">\n        <div class=\"iq-icon-right\"><i aria-hidden=\"true\" class=\"ion ion-minus-round active\"><\/i><i aria-hidden=\"true\" class=\"ion ion-plus inactive\"><\/i><\/div>        <h5 class=\"mb-0 accordion-title iq-heading-title\">\n          Ma commande n&#039;est pas arriv\u00e9e apr\u00e8s 21 jours, puis-je \u00eatre rembours\u00e9 au lieu d&#039;\u00eatre r\u00e9exp\u00e9di\u00e9 ?        <\/h5>\n      <\/div>\n      <div class=\"iq-accordion-details\">\n        <p class=\"iq-content-text\"> Non, vous ne serez pas rembours\u00e9, nous avons la gentillesse d&#8217;offrir une r\u00e9exp\u00e9dition GRATUITE pour les commandes suivies manquantes, ce qui est plus que ce que certains vendeurs offrent, donc un remboursement est hors de question. <\/p>\n      <\/div>\n    <\/div>\n  \n    <div class=\"iq-accordion-block   4\">\n      <div class=\"iq-accordion-title\">\n        <div class=\"iq-icon-right\"><i aria-hidden=\"true\" class=\"ion ion-minus-round active\"><\/i><i aria-hidden=\"true\" class=\"ion ion-plus inactive\"><\/i><\/div>        <h5 class=\"mb-0 accordion-title iq-heading-title\">\n          Avez-vous un produit qui ne figure pas sur votre site web ?        <\/h5>\n      <\/div>\n      <div class=\"iq-accordion-details\">\n        <p class=\"iq-content-text\"> Nous pouvons nous procurer la plupart des produits, quelle qu&#8217;en soit la quantit\u00e9. Si un produit vous int\u00e9resse, vous pouvez nous contacter pour plus d&#8217;informations, nous ne nous procurerons des produits non r\u00e9pertori\u00e9s sur notre site que si la commande est de 100 g ou plus. <\/p>\n      <\/div>\n    <\/div>\n  \n    <div class=\"iq-accordion-block   5\">\n      <div class=\"iq-accordion-title\">\n        <div class=\"iq-icon-right\"><i aria-hidden=\"true\" class=\"ion ion-minus-round active\"><\/i><i aria-hidden=\"true\" class=\"ion ion-plus inactive\"><\/i><\/div>        <h5 class=\"mb-0 accordion-title iq-heading-title\">\n          Est-ce que je re\u00e7ois un num\u00e9ro de suivi avec ma commande ?        <\/h5>\n      <\/div>\n      <div class=\"iq-accordion-details\">\n        <p class=\"iq-content-text\"> Oui, toutes les commandes sont fournies avec un num\u00e9ro de suivi, sauf si vous choisissez l&#8217;option sans suivi (AIRMAIL). L&#8217;envoi par avion ne comporte pas d&#8217;assurance ni d&#8217;option de r\u00e9exp\u00e9dition. <\/p>\n      <\/div>\n    <\/div>\n  \n    <div class=\"iq-accordion-block   6\">\n      <div class=\"iq-accordion-title\">\n        <div class=\"iq-icon-right\"><i aria-hidden=\"true\" class=\"ion ion-minus-round active\"><\/i><i aria-hidden=\"true\" class=\"ion ion-plus inactive\"><\/i><\/div>        <h5 class=\"mb-0 accordion-title iq-heading-title\">\n          Ma commande n&#039;est pas encore arriv\u00e9e. Pouvez-vous appeler le service postal et voir pourquoi elle est retard\u00e9e ?        <\/h5>\n      <\/div>\n      <div class=\"iq-accordion-details\">\n        <p class=\"iq-content-text\"> Non, nous ne poursuivons pas les commandes jusqu&#8217;\u00e0 ce que la p\u00e9riode de 21 jours soit \u00e9coul\u00e9e et nous r\u00e9exp\u00e9dierons simplement la commande, puis nous d\u00e9poserons une r\u00e9clamation pour colis perdu, appeler le service postal ne donnera aucune r\u00e9ponse. <\/p>\n      <\/div>\n    <\/div>\n  \n    <div class=\"iq-accordion-block   7\">\n      <div class=\"iq-accordion-title\">\n        <div class=\"iq-icon-right\"><i aria-hidden=\"true\" class=\"ion ion-minus-round active\"><\/i><i aria-hidden=\"true\" class=\"ion ion-plus inactive\"><\/i><\/div>        <h5 class=\"mb-0 accordion-title iq-heading-title\">\n          Comment pouvez-vous garantir que ma commande arrivera \u00e0 mon adresse ?        <\/h5>\n      <\/div>\n      <div class=\"iq-accordion-details\">\n        <p class=\"iq-content-text\"> Si votre commande n&#8217;arrive pas, nous vous la r\u00e9exp\u00e9dierons gratuitement dans un d\u00e9lai de 21 jours \u00e0 compter de la date d&#8217;exp\u00e9dition (uniquement pour les commandes avec suivi). Veuillez noter que nous n&#8217;autorisons qu&#8217;une seule r\u00e9exp\u00e9dition gratuite et qu&#8217;il est de votre responsabilit\u00e9 de v\u00e9rifier les aspects juridiques, si le colis a \u00e9t\u00e9 saisi par la douane parce qu&#8217;il n&#8217;est pas l\u00e9gal dans votre pays ou si votre colis n&#8217;\u00e9tait pas un colis avec suivi enregistr\u00e9, vous ne pourrez PAS b\u00e9n\u00e9ficier d&#8217;une r\u00e9exp\u00e9dition gratuite. <\/p>\n      <\/div>\n    <\/div>\n  \n    <div class=\"iq-accordion-block   8\">\n      <div class=\"iq-accordion-title\">\n        <div class=\"iq-icon-right\"><i aria-hidden=\"true\" class=\"ion ion-minus-round active\"><\/i><i aria-hidden=\"true\" class=\"ion ion-plus inactive\"><\/i><\/div>        <h5 class=\"mb-0 accordion-title iq-heading-title\">\n          Comment ma commande sera-t-elle emball\u00e9e ?        <\/h5>\n      <\/div>\n      <div class=\"iq-accordion-details\">\n        <p class=\"iq-content-text\"> Toutes les commandes sont emball\u00e9es de mani\u00e8re tr\u00e8s tr\u00e8s discr\u00e8te dans des enveloppes matelass\u00e9es et\/ou des enveloppes d&#8217;exp\u00e9dition, aucune mention du nom des produits ou du site web ne figure sur la face ext\u00e9rieure des colis. IMPORTANT : Nous n&#8217;utilisons pas d&#8217;adresse de retour. <\/p>\n      <\/div>\n    <\/div>\n  \n    <div class=\"iq-accordion-block   9\">\n      <div class=\"iq-accordion-title\">\n        <div class=\"iq-icon-right\"><i aria-hidden=\"true\" class=\"ion ion-minus-round active\"><\/i><i aria-hidden=\"true\" class=\"ion ion-plus inactive\"><\/i><\/div>        <h5 class=\"mb-0 accordion-title iq-heading-title\">\n          Votre entreprise est-elle l\u00e9gale et s\u00fbre ?        <\/h5>\n      <\/div>\n      <div class=\"iq-accordion-details\">\n        <p class=\"iq-content-text\"> La r\u00e9ponse est oui, nous sommes 100% l\u00e9gitimes et nous faisons du commerce sous une forme ou une autre depuis plusieurs ann\u00e9es maintenant. Vous pouvez rechercher en ligne des avis authentiques (pas de trolls) et des avis laiss\u00e9s par d&#8217;anciens clients. <\/p>\n      <\/div>\n    <\/div>\n  \n    <div class=\"iq-accordion-block   10\">\n      <div class=\"iq-accordion-title\">\n        <div class=\"iq-icon-right\"><i aria-hidden=\"true\" class=\"ion ion-minus-round active\"><\/i><i aria-hidden=\"true\" class=\"ion ion-plus inactive\"><\/i><\/div>        <h5 class=\"mb-0 accordion-title iq-heading-title\">\n          J&#039;ai command\u00e9 le mauvais article, puis-je le retourner ou le remplacer ?        <\/h5>\n      <\/div>\n      <div class=\"iq-accordion-details\">\n        <p class=\"iq-content-text\"> Non d\u00e9sol\u00e9, en raison de la nature de l&#8217;entreprise, toutes les ventes sont finales, vous avez du moment de l&#8217;achat au moment de l&#8217;exp\u00e9dition pour annuler ou modifier votre commande. aucune exception ! <\/p>\n      <\/div>\n    <\/div>\n  \n    <div class=\"iq-accordion-block   11\">\n      <div class=\"iq-accordion-title\">\n        <div class=\"iq-icon-right\"><i aria-hidden=\"true\" class=\"ion ion-minus-round active\"><\/i><i aria-hidden=\"true\" class=\"ion ion-plus inactive\"><\/i><\/div>        <h5 class=\"mb-0 accordion-title iq-heading-title\">\n          Fournissez-vous des \u00e9chantillons GRATUITS ?        <\/h5>\n      <\/div>\n      <div class=\"iq-accordion-details\">\n        <p class=\"iq-content-text\"> Non, nous ne fournissons PAS d&#8217;\u00e9chantillons gratuits. Cependant, nous vendons de petites quantit\u00e9s d&#8217;\u00e9chantillons sur le site web et \u00e0 des prix tr\u00e8s raisonnables. <\/p>\n      <\/div>\n    <\/div>\n  \n    <div class=\"iq-accordion-block   12\">\n      <div class=\"iq-accordion-title\">\n        <div class=\"iq-icon-right\"><i aria-hidden=\"true\" class=\"ion ion-minus-round active\"><\/i><i aria-hidden=\"true\" class=\"ion ion-plus inactive\"><\/i><\/div>        <h5 class=\"mb-0 accordion-title iq-heading-title\">\n          Acceptez-vous PayPal?        <\/h5>\n      <\/div>\n      <div class=\"iq-accordion-details\">\n        <p class=\"iq-content-text\"> Non, nous n&#8217;acceptons pas PayPal, car cela va \u00e0 l&#8217;encontre des conditions g\u00e9n\u00e9rales de PayPal et toute personne utilisant PayPal pour effectuer des paiements pour Research Chemicals le fait de mani\u00e8re ill\u00e9gale. Vous et le vendeur courez le risque de voir votre compte PayPal ferm\u00e9 et les fonds retenus pendant 180 jours ou pas du tout. <\/p>\n      <\/div>\n    <\/div>\n  \n    <div class=\"iq-accordion-block   13\">\n      <div class=\"iq-accordion-title\">\n        <div class=\"iq-icon-right\"><i aria-hidden=\"true\" class=\"ion ion-minus-round active\"><\/i><i aria-hidden=\"true\" class=\"ion ion-plus inactive\"><\/i><\/div>        <h5 class=\"mb-0 accordion-title iq-heading-title\">\n          Quelle quantit\u00e9 puis-je vous commander ?        <\/h5>\n      <\/div>\n      <div class=\"iq-accordion-details\">\n        <p class=\"iq-content-text\"> contactez-nous pour un devis. <\/p>\n      <\/div>\n    <\/div>\n  \n    <div class=\"iq-accordion-block   14\">\n      <div class=\"iq-accordion-title\">\n        <div class=\"iq-icon-right\"><i aria-hidden=\"true\" class=\"ion ion-minus-round active\"><\/i><i aria-hidden=\"true\" class=\"ion ion-plus inactive\"><\/i><\/div>        <h5 class=\"mb-0 accordion-title iq-heading-title\">\n          Proposez-vous l&#039;exp\u00e9dition express UPS ?        <\/h5>\n      <\/div>\n      <div class=\"iq-accordion-details\">\n        <p class=\"iq-content-text\"> Bient\u00f4t. <\/p>\n      <\/div>\n    <\/div>\n  \n<\/div>\t\t<script type=\"text\/javascript\">\n\t\t\t\/*------------------------\n                Accordion\n                --------------------------*\/\n\t\t\tjQuery('.iq-accordion .iq-accordion-block .iq-accordion-details').hide();\n\t\t\tjQuery('.iq-accordion .iq-accordion-block:first').addClass('iq-active').children().slideDown('slow');\n\t\t\tjQuery('.iq-accordion .iq-accordion-block').on(\"click\", function() {\n\t\t\t\tif (jQuery(this).children('div.iq-accordion-details').is(':hidden')) {\n\t\t\t\t\tjQuery('.iq-accordion .iq-accordion-block').removeClass('iq-active').children('div.iq-accordion-details').slideUp('slow');\n\t\t\t\t\tjQuery(this).toggleClass('iq-active').children('div.iq-accordion-details').slideDown('slow');\n\t\t\t\t}\n\t\t\t});\n\t\t<\/script>\n\t\t\t\t<\/div>\n\t\t\t\t<\/div>\n\t\t\t\t\t<\/div>\n\t\t<\/div>\n\t\t\t\t\t<\/div>\n\t\t<\/div>\n\t\t\t\t\t<\/div>\n\t\t<\/div>\n\t\t\t\t\t<\/div>\n\t\t<\/div>\n\t\t\t\t<\/div>\n\t\t","protected":false},"excerpt":{"rendered":"<p>FAQ Questions fr\u00e9quemment pos\u00e9es FAQ Je suis un client r\u00e9gulier, puis-je b\u00e9n\u00e9ficier d&#039;une r\u00e9duction ? Non, c&#8217;est nous qui d\u00e9cidons quand nous offrons des r\u00e9ductions et normalement, vous en serez inform\u00e9 par e-mail ou sur notre blog. Assurez-vous de cr\u00e9er un compte pour profiter de toutes les r\u00e9ductions et offres. Consultez notre blog pour conna\u00eetre [&hellip;]<\/p>\n","protected":false},"author":1,"featured_media":0,"parent":0,"menu_order":0,"comment_status":"closed","ping_status":"closed","template":"","meta":{"_acf_changed":false,"_monsterinsights_skip_tracking":false,"_monsterinsights_sitenote_active":false,"_monsterinsights_sitenote_note":"","_monsterinsights_sitenote_category":0,"footnotes":""},"class_list":["post-1744","page","type-page","status-publish","hentry"],"acf":[],"yoast_head":"<!-- This site is optimized with the Yoast SEO plugin v27.2 - https:\/\/yoast.com\/product\/yoast-seo-wordpress\/ -->\n<title>FAQ - Global Meds Inc<\/title>\n<meta name=\"robots\" content=\"index, follow, max-snippet:-1, max-image-preview:large, max-video-preview:-1\" \/>\n<link rel=\"canonical\" href=\"https:\/\/globalmedsonlineinc.com\/fr\/faq\/\" \/>\n<meta property=\"og:locale\" content=\"fr_FR\" \/>\n<meta property=\"og:type\" content=\"article\" \/>\n<meta property=\"og:title\" content=\"FAQ - Global Meds Inc\" \/>\n<meta property=\"og:description\" content=\"FAQ Questions fr\u00e9quemment pos\u00e9es FAQ Je suis un client r\u00e9gulier, puis-je b\u00e9n\u00e9ficier d&#039;une r\u00e9duction ? Non, c&#8217;est nous qui d\u00e9cidons quand nous offrons des r\u00e9ductions et normalement, vous en serez inform\u00e9 par e-mail ou sur notre blog. Assurez-vous de cr\u00e9er un compte pour profiter de toutes les r\u00e9ductions et offres. Consultez notre blog pour conna\u00eetre [&hellip;]\" \/>\n<meta property=\"og:url\" content=\"https:\/\/globalmedsonlineinc.com\/fr\/faq\/\" \/>\n<meta property=\"og:site_name\" content=\"Global Meds Inc\" \/>\n<meta property=\"article:modified_time\" content=\"2021-07-19T21:54:12+00:00\" \/>\n<meta name=\"twitter:card\" content=\"summary_large_image\" \/>\n<meta name=\"twitter:label1\" content=\"Dur\u00e9e de lecture estim\u00e9e\" \/>\n\t<meta name=\"twitter:data1\" content=\"4 minutes\" \/>\n<script type=\"application\/ld+json\" class=\"yoast-schema-graph\">{\"@context\":\"https:\/\/schema.org\",\"@graph\":[{\"@type\":\"WebPage\",\"@id\":\"https:\/\/globalmedsonlineinc.com\/fr\/faq\/\",\"url\":\"https:\/\/globalmedsonlineinc.com\/fr\/faq\/\",\"name\":\"FAQ - Global Meds Inc\",\"isPartOf\":{\"@id\":\"https:\/\/globalmedsonlineinc.com\/fr\/#website\"},\"datePublished\":\"2020-10-21T08:27:27+00:00\",\"dateModified\":\"2021-07-19T21:54:12+00:00\",\"breadcrumb\":{\"@id\":\"https:\/\/globalmedsonlineinc.com\/fr\/faq\/#breadcrumb\"},\"inLanguage\":\"fr-FR\",\"potentialAction\":[{\"@type\":\"ReadAction\",\"target\":[\"https:\/\/globalmedsonlineinc.com\/fr\/faq\/\"]}]},{\"@type\":\"BreadcrumbList\",\"@id\":\"https:\/\/globalmedsonlineinc.com\/fr\/faq\/#breadcrumb\",\"itemListElement\":[{\"@type\":\"ListItem\",\"position\":1,\"name\":\"Home\",\"item\":\"https:\/\/globalmedsonlineinc.com\/fr\/\"},{\"@type\":\"ListItem\",\"position\":2,\"name\":\"FAQ\"}]},{\"@type\":\"WebSite\",\"@id\":\"https:\/\/globalmedsonlineinc.com\/fr\/#website\",\"url\":\"https:\/\/globalmedsonlineinc.com\/fr\/\",\"name\":\"Global Meds Inc\",\"description\":\"\",\"potentialAction\":[{\"@type\":\"SearchAction\",\"target\":{\"@type\":\"EntryPoint\",\"urlTemplate\":\"https:\/\/globalmedsonlineinc.com\/fr\/?s={search_term_string}\"},\"query-input\":{\"@type\":\"PropertyValueSpecification\",\"valueRequired\":true,\"valueName\":\"search_term_string\"}}],\"inLanguage\":\"fr-FR\"}]}<\/script>\n<!-- \/ Yoast SEO plugin. -->","yoast_head_json":{"title":"FAQ - Global Meds Inc","robots":{"index":"index","follow":"follow","max-snippet":"max-snippet:-1","max-image-preview":"max-image-preview:large","max-video-preview":"max-video-preview:-1"},"canonical":"https:\/\/globalmedsonlineinc.com\/fr\/faq\/","og_locale":"fr_FR","og_type":"article","og_title":"FAQ - Global Meds Inc","og_description":"FAQ Questions fr\u00e9quemment pos\u00e9es FAQ Je suis un client r\u00e9gulier, puis-je b\u00e9n\u00e9ficier d&#039;une r\u00e9duction ? Non, c&#8217;est nous qui d\u00e9cidons quand nous offrons des r\u00e9ductions et normalement, vous en serez inform\u00e9 par e-mail ou sur notre blog. Assurez-vous de cr\u00e9er un compte pour profiter de toutes les r\u00e9ductions et offres. Consultez notre blog pour conna\u00eetre [&hellip;]","og_url":"https:\/\/globalmedsonlineinc.com\/fr\/faq\/","og_site_name":"Global Meds Inc","article_modified_time":"2021-07-19T21:54:12+00:00","twitter_card":"summary_large_image","twitter_misc":{"Dur\u00e9e de lecture estim\u00e9e":"4 minutes"},"schema":{"@context":"https:\/\/schema.org","@graph":[{"@type":"WebPage","@id":"https:\/\/globalmedsonlineinc.com\/fr\/faq\/","url":"https:\/\/globalmedsonlineinc.com\/fr\/faq\/","name":"FAQ - Global Meds Inc","isPartOf":{"@id":"https:\/\/globalmedsonlineinc.com\/fr\/#website"},"datePublished":"2020-10-21T08:27:27+00:00","dateModified":"2021-07-19T21:54:12+00:00","breadcrumb":{"@id":"https:\/\/globalmedsonlineinc.com\/fr\/faq\/#breadcrumb"},"inLanguage":"fr-FR","potentialAction":[{"@type":"ReadAction","target":["https:\/\/globalmedsonlineinc.com\/fr\/faq\/"]}]},{"@type":"BreadcrumbList","@id":"https:\/\/globalmedsonlineinc.com\/fr\/faq\/#breadcrumb","itemListElement":[{"@type":"ListItem","position":1,"name":"Home","item":"https:\/\/globalmedsonlineinc.com\/fr\/"},{"@type":"ListItem","position":2,"name":"FAQ"}]},{"@type":"WebSite","@id":"https:\/\/globalmedsonlineinc.com\/fr\/#website","url":"https:\/\/globalmedsonlineinc.com\/fr\/","name":"Global Meds Inc","description":"","potentialAction":[{"@type":"SearchAction","target":{"@type":"EntryPoint","urlTemplate":"https:\/\/globalmedsonlineinc.com\/fr\/?s={search_term_string}"},"query-input":{"@type":"PropertyValueSpecification","valueRequired":true,"valueName":"search_term_string"}}],"inLanguage":"fr-FR"}]}},"_links":{"self":[{"href":"https:\/\/globalmedsonlineinc.com\/fr\/wp-json\/wp\/v2\/pages\/1744","targetHints":{"allow":["GET"]}}],"collection":[{"href":"https:\/\/globalmedsonlineinc.com\/fr\/wp-json\/wp\/v2\/pages"}],"about":[{"href":"https:\/\/globalmedsonlineinc.com\/fr\/wp-json\/wp\/v2\/types\/page"}],"author":[{"embeddable":true,"href":"https:\/\/globalmedsonlineinc.com\/fr\/wp-json\/wp\/v2\/users\/1"}],"replies":[{"embeddable":true,"href":"https:\/\/globalmedsonlineinc.com\/fr\/wp-json\/wp\/v2\/comments?post=1744"}],"version-history":[{"count":6,"href":"https:\/\/globalmedsonlineinc.com\/fr\/wp-json\/wp\/v2\/pages\/1744\/revisions"}],"predecessor-version":[{"id":10539,"href":"https:\/\/globalmedsonlineinc.com\/fr\/wp-json\/wp\/v2\/pages\/1744\/revisions\/10539"}],"wp:attachment":[{"href":"https:\/\/globalmedsonlineinc.com\/fr\/wp-json\/wp\/v2\/media?parent=1744"}],"curies":[{"name":"wp","href":"https:\/\/api.w.org\/{rel}","templated":true}]}}