{"id":9247,"date":"2021-07-02T22:30:11","date_gmt":"2021-07-02T22:30:11","guid":{"rendered":"https:\/\/globalmedsonlineinc.com\/es\/?post_type=product&#038;p=9247"},"modified":"2024-02-19T15:32:19","modified_gmt":"2024-02-19T15:32:19","slug":"buphedrone","status":"publish","type":"product","link":"https:\/\/globalmedsonlineinc.com\/es\/product\/productos-quimicos-de-investigacion\/buphedrone\/","title":{"rendered":"Comprar Bufedrona online"},"content":{"rendered":"<h1>Comprar Polvo de Bufedrona online<\/h1>\n<p><a href=\"https:\/\/globalmedsonlineinc.com\/es\/product\/productos-quimicos-de-investigacion\/buphedrone\/\">Comprar Polvo de Bufedrona<\/a> online. La historia de Buphedrone comienza en 1928. Cuando se sintetiz\u00f3 por primera vez este producto qu\u00edmico de investigaci\u00f3n, se incluy\u00f3 en la clase de las fenetilaminas y catinonas. Est\u00e1 <a href=\"https:\/\/en.wikipedia.org\/wiki\/Buphedrone\">prohibido<\/a> consumir buphedrone para la venta, pero est\u00e1 disponible en el mercado de productos qu\u00edmicos de investigaci\u00f3n para fines de investigaci\u00f3n y forenses. En nuestra tienda online de buphedrone encontrar\u00e1s Buphedrone a la venta as\u00ed como muchos otros estimulantes a la venta similares a Buphedrone.<\/p>\n<p>Conocida como MABP esta droga de dise\u00f1o es una beta-cetona. Si necesitas comprar an\u00e1logos de la metanfetamina MABP ser\u00e1 una buena opci\u00f3n.<\/p>\n<p>Usted puede comprar MABP en l\u00ednea con la entrega en todo el mundo. Nuestra empresa se dedica a la venta al por mayor de MABP. Al estar incluido en la zona gris de investigaci\u00f3n qu\u00edmica MABP es ampliamente utilizado entre los investigadores y cient\u00edficos en diversas pruebas y experimentos. Cuando necesite MABP compre en l\u00ednea SOLO a vendedores de confianza. De esta manera obtendr\u00e1 sustancias puras a un precio asequible.<\/p>\n<p>Antes de que los clientes ordenen MABP en l\u00ednea, aconsejamos leer la informaci\u00f3n sobre los efectos y los efectos secundarios de MABP para saber qu\u00e9 esperar de la experiencia de MABP. Tambi\u00e9n es posible conocer los informes de viaje de MABP y los casos de muerte de MABP, as\u00ed como el mal viaje de MABP y las lesiones de las declaraciones de los usuarios anteriores que visitan la p\u00e1gina de MABP Erowid.<\/p>\n<p>Todos los usuarios de MABP declararon sentirse euf\u00f3ricos. Tambi\u00e9n admitieron que es muy importante c\u00f3mo tomar y usar MABP. No s\u00f3lo conduce a un estado de \u00e1nimo elevado, sino que la gente se vuelve m\u00e1s habladora, su ritmo card\u00edaco aumenta. Se les dificulta el habla y no pueden conciliar el sue\u00f1o. Se sent\u00edan inquietos y ten\u00edan una mayor capacidad de comunicaci\u00f3n, as\u00ed como motivaci\u00f3n.<\/p>\n<p>La MABP es un potente liberador de dopamina. Comparando la MABP y la metanfetamina, la MABP es m\u00e1s euf\u00f3rica y menos estimulante.<\/p>\n<p>La sensaci\u00f3n de euforia fue declarada por todos los usuarios de Bufedrona. Tambi\u00e9n admitieron que es muy importante c\u00f3mo tomar y usar la Bufedrona. No s\u00f3lo conduce a un estado de \u00e1nimo elevado, sino que la gente se vuelve m\u00e1s habladora, su ritmo card\u00edaco aumenta. El habla se vuelve confusa y no pueden conciliar el sue\u00f1o. Se sent\u00edan inquietos y ten\u00edan una mayor capacidad de comunicaci\u00f3n, as\u00ed como motivaci\u00f3n.<\/p>\n<p>Buphedrone de buena calidad en l\u00ednea: se entiende completamente que las personas no conf\u00edan r\u00e1pidamente en la calidad del Buphedrone que se vende en l\u00ednea porque no pueden examinarlo f\u00edsicamente. Pero no es lo mismo con los proveedores de Buphedrone en l\u00ednea. Los productos aqu\u00ed son fieles a su descripci\u00f3n con un mantenimiento de alta calidad realizado bajo la supervisi\u00f3n de expertos.<\/p>\n<p>Env\u00edo r\u00e1pido y discreto: la entrega del Buphedrone despu\u00e9s de recibir el pedido se realiza dentro del plazo prometido. El equipo de env\u00edo pone todo su esfuerzo en hacer que el procedimiento de env\u00edo y entrega sea sencillo y r\u00e1pido. Tambi\u00e9n puede esperar excelentes servicios al comprar Buphedrone a un profesional en la plataforma en l\u00ednea.<\/p>\n","protected":false},"excerpt":{"rendered":"<p>Comprar Bufedrona online<a href=\"https:\/\/en.wikipedia.org\/wiki\/Buphedrone\">La historia de la Bufedrona<\/a> comienza en 1928. Cuando el producto qu\u00edmico de investigaci\u00f3n se sintetiz\u00f3 por primera vez, se incluy\u00f3 en la clase de las fenetilaminas y catinonas. Est\u00e1 prohibido el consumo de buphedrone para la venta, pero est\u00e1 disponible en el mercado de productos qu\u00edmicos de investigaci\u00f3n para fines de investigaci\u00f3n y forenses. En nuestra tienda online de buphedrone, encontrar\u00e1 Buphedrone a la venta, as\u00ed como muchos otros estimulantes a la venta similares a Buphedrone.<\/p>\n","protected":false},"featured_media":9254,"comment_status":"open","ping_status":"closed","template":"","meta":{"_acf_changed":false,"_monsterinsights_skip_tracking":false,"_monsterinsights_sitenote_active":false,"_monsterinsights_sitenote_note":"","_monsterinsights_sitenote_category":0},"product_brand":[],"product_cat":[53],"product_tag":[476,477,478,479,480,481,482,483,484],"class_list":{"0":"post-9247","1":"product","2":"type-product","3":"status-publish","4":"has-post-thumbnail","6":"product_cat-productos-quimicos-de-investigacion","7":"product_tag-buphedrone","8":"product_tag-buphedrone-buy","9":"product_tag-buphedrone-for-sale","10":"product_tag-buphedrone-priz","11":"product_tag-buy-buphedrone-online","12":"product_tag-buy-mabp","13":"product_tag-buy-mabp-online","14":"product_tag-mabp-for-sale","15":"product_tag-order-buphedrone","17":"first","18":"instock","19":"shipping-taxable","20":"purchasable","21":"product-type-variable","22":"has-default-attributes"},"acf":[],"yoast_head":"<!-- This site is optimized with the Yoast SEO plugin v27.2 - https:\/\/yoast.com\/product\/yoast-seo-wordpress\/ -->\n<title>Comprar Polvo de Bufedrona en l\u00ednea | Global Meds Inc.<\/title>\n<meta name=\"description\" content=\"Comprar Polvo de Bufedrona en l\u00ednea. Vendemos polvo de bufedrona de la mejor calidad. Por favor cont\u00e1ctenos para m\u00e1s informaci\u00f3n y precios.\" \/>\n<meta name=\"robots\" content=\"index, follow, max-snippet:-1, max-image-preview:large, max-video-preview:-1\" \/>\n<link rel=\"canonical\" href=\"https:\/\/globalmedsonlineinc.com\/es\/product\/productos-quimicos-de-investigacion\/buphedrone\/\" \/>\n<meta property=\"og:locale\" content=\"es_ES\" \/>\n<meta property=\"og:type\" content=\"article\" \/>\n<meta property=\"og:title\" content=\"Comprar Polvo de Bufedrona en l\u00ednea | Global Meds Inc.\" \/>\n<meta property=\"og:description\" content=\"Comprar Polvo de Bufedrona en l\u00ednea. Vendemos polvo de bufedrona de la mejor calidad. Por favor cont\u00e1ctenos para m\u00e1s informaci\u00f3n y precios.\" \/>\n<meta property=\"og:url\" content=\"https:\/\/globalmedsonlineinc.com\/es\/product\/productos-quimicos-de-investigacion\/buphedrone\/\" \/>\n<meta property=\"og:site_name\" content=\"Global Meds Inc\" \/>\n<meta property=\"article:modified_time\" content=\"2024-02-19T15:32:19+00:00\" \/>\n<meta property=\"og:image\" content=\"https:\/\/globalmedsonlineinc.com\/es\/content\/media\/uploads\/sites\/6\/2021\/07\/Buphedrone.jpg\" \/>\n\t<meta property=\"og:image:width\" content=\"1200\" \/>\n\t<meta property=\"og:image:height\" content=\"1200\" \/>\n\t<meta property=\"og:image:type\" content=\"image\/jpeg\" \/>\n<meta name=\"twitter:card\" content=\"summary_large_image\" \/>\n<meta name=\"twitter:label1\" content=\"Tiempo de lectura\" \/>\n\t<meta name=\"twitter:data1\" content=\"3 minutos\" \/>\n<script type=\"application\/ld+json\" class=\"yoast-schema-graph\">{\"@context\":\"https:\/\/schema.org\",\"@graph\":[{\"@type\":\"WebPage\",\"@id\":\"https:\/\/globalmedsonlineinc.com\/es\/product\/productos-quimicos-de-investigacion\/buphedrone\/\",\"url\":\"https:\/\/globalmedsonlineinc.com\/es\/product\/productos-quimicos-de-investigacion\/buphedrone\/\",\"name\":\"Comprar Polvo de Bufedrona en l\u00ednea | Global Meds Inc.\",\"isPartOf\":{\"@id\":\"https:\/\/globalmedsonlineinc.com\/es\/#website\"},\"primaryImageOfPage\":{\"@id\":\"https:\/\/globalmedsonlineinc.com\/es\/product\/productos-quimicos-de-investigacion\/buphedrone\/#primaryimage\"},\"image\":{\"@id\":\"https:\/\/globalmedsonlineinc.com\/es\/product\/productos-quimicos-de-investigacion\/buphedrone\/#primaryimage\"},\"thumbnailUrl\":\"https:\/\/globalmedsonlineinc.com\/es\/content\/media\/uploads\/sites\/6\/2021\/07\/Buphedrone.jpg\",\"datePublished\":\"2021-07-02T22:30:11+00:00\",\"dateModified\":\"2024-02-19T15:32:19+00:00\",\"description\":\"Comprar Polvo de Bufedrona en l\u00ednea. Vendemos polvo de bufedrona de la mejor calidad. Por favor cont\u00e1ctenos para m\u00e1s informaci\u00f3n y precios.\",\"breadcrumb\":{\"@id\":\"https:\/\/globalmedsonlineinc.com\/es\/product\/productos-quimicos-de-investigacion\/buphedrone\/#breadcrumb\"},\"inLanguage\":\"es\",\"potentialAction\":[{\"@type\":\"ReadAction\",\"target\":[\"https:\/\/globalmedsonlineinc.com\/es\/product\/productos-quimicos-de-investigacion\/buphedrone\/\"]}]},{\"@type\":\"ImageObject\",\"inLanguage\":\"es\",\"@id\":\"https:\/\/globalmedsonlineinc.com\/es\/product\/productos-quimicos-de-investigacion\/buphedrone\/#primaryimage\",\"url\":\"https:\/\/globalmedsonlineinc.com\/es\/content\/media\/uploads\/sites\/6\/2021\/07\/Buphedrone.jpg\",\"contentUrl\":\"https:\/\/globalmedsonlineinc.com\/es\/content\/media\/uploads\/sites\/6\/2021\/07\/Buphedrone.jpg\",\"width\":1200,\"height\":1200,\"caption\":\"Comprar Polvo de Bufedrona en l\u00ednea\"},{\"@type\":\"BreadcrumbList\",\"@id\":\"https:\/\/globalmedsonlineinc.com\/es\/product\/productos-quimicos-de-investigacion\/buphedrone\/#breadcrumb\",\"itemListElement\":[{\"@type\":\"ListItem\",\"position\":1,\"name\":\"Home\",\"item\":\"https:\/\/globalmedsonlineinc.com\/es\/\"},{\"@type\":\"ListItem\",\"position\":2,\"name\":\"Productos\",\"item\":\"https:\/\/globalmedsonlineinc.com\/es\/productos\/\"},{\"@type\":\"ListItem\",\"position\":3,\"name\":\"Comprar Bufedrona online\"}]},{\"@type\":\"WebSite\",\"@id\":\"https:\/\/globalmedsonlineinc.com\/es\/#website\",\"url\":\"https:\/\/globalmedsonlineinc.com\/es\/\",\"name\":\"Global Meds Inc\",\"description\":\"\",\"potentialAction\":[{\"@type\":\"SearchAction\",\"target\":{\"@type\":\"EntryPoint\",\"urlTemplate\":\"https:\/\/globalmedsonlineinc.com\/es\/?s={search_term_string}\"},\"query-input\":{\"@type\":\"PropertyValueSpecification\",\"valueRequired\":true,\"valueName\":\"search_term_string\"}}],\"inLanguage\":\"es\"}]}<\/script>\n<!-- \/ Yoast SEO plugin. -->","yoast_head_json":{"title":"Comprar Polvo de Bufedrona en l\u00ednea | Global Meds Inc.","description":"Comprar Polvo de Bufedrona en l\u00ednea. Vendemos polvo de bufedrona de la mejor calidad. Por favor cont\u00e1ctenos para m\u00e1s informaci\u00f3n y precios.","robots":{"index":"index","follow":"follow","max-snippet":"max-snippet:-1","max-image-preview":"max-image-preview:large","max-video-preview":"max-video-preview:-1"},"canonical":"https:\/\/globalmedsonlineinc.com\/es\/product\/productos-quimicos-de-investigacion\/buphedrone\/","og_locale":"es_ES","og_type":"article","og_title":"Comprar Polvo de Bufedrona en l\u00ednea | Global Meds Inc.","og_description":"Comprar Polvo de Bufedrona en l\u00ednea. Vendemos polvo de bufedrona de la mejor calidad. Por favor cont\u00e1ctenos para m\u00e1s informaci\u00f3n y precios.","og_url":"https:\/\/globalmedsonlineinc.com\/es\/product\/productos-quimicos-de-investigacion\/buphedrone\/","og_site_name":"Global Meds Inc","article_modified_time":"2024-02-19T15:32:19+00:00","og_image":[{"width":1200,"height":1200,"url":"https:\/\/globalmedsonlineinc.com\/es\/content\/media\/uploads\/sites\/6\/2021\/07\/Buphedrone.jpg","type":"image\/jpeg"}],"twitter_card":"summary_large_image","twitter_misc":{"Tiempo de lectura":"3 minutos"},"schema":{"@context":"https:\/\/schema.org","@graph":[{"@type":"WebPage","@id":"https:\/\/globalmedsonlineinc.com\/es\/product\/productos-quimicos-de-investigacion\/buphedrone\/","url":"https:\/\/globalmedsonlineinc.com\/es\/product\/productos-quimicos-de-investigacion\/buphedrone\/","name":"Comprar Polvo de Bufedrona en l\u00ednea | Global Meds Inc.","isPartOf":{"@id":"https:\/\/globalmedsonlineinc.com\/es\/#website"},"primaryImageOfPage":{"@id":"https:\/\/globalmedsonlineinc.com\/es\/product\/productos-quimicos-de-investigacion\/buphedrone\/#primaryimage"},"image":{"@id":"https:\/\/globalmedsonlineinc.com\/es\/product\/productos-quimicos-de-investigacion\/buphedrone\/#primaryimage"},"thumbnailUrl":"https:\/\/globalmedsonlineinc.com\/es\/content\/media\/uploads\/sites\/6\/2021\/07\/Buphedrone.jpg","datePublished":"2021-07-02T22:30:11+00:00","dateModified":"2024-02-19T15:32:19+00:00","description":"Comprar Polvo de Bufedrona en l\u00ednea. Vendemos polvo de bufedrona de la mejor calidad. Por favor cont\u00e1ctenos para m\u00e1s informaci\u00f3n y precios.","breadcrumb":{"@id":"https:\/\/globalmedsonlineinc.com\/es\/product\/productos-quimicos-de-investigacion\/buphedrone\/#breadcrumb"},"inLanguage":"es","potentialAction":[{"@type":"ReadAction","target":["https:\/\/globalmedsonlineinc.com\/es\/product\/productos-quimicos-de-investigacion\/buphedrone\/"]}]},{"@type":"ImageObject","inLanguage":"es","@id":"https:\/\/globalmedsonlineinc.com\/es\/product\/productos-quimicos-de-investigacion\/buphedrone\/#primaryimage","url":"https:\/\/globalmedsonlineinc.com\/es\/content\/media\/uploads\/sites\/6\/2021\/07\/Buphedrone.jpg","contentUrl":"https:\/\/globalmedsonlineinc.com\/es\/content\/media\/uploads\/sites\/6\/2021\/07\/Buphedrone.jpg","width":1200,"height":1200,"caption":"Comprar Polvo de Bufedrona en l\u00ednea"},{"@type":"BreadcrumbList","@id":"https:\/\/globalmedsonlineinc.com\/es\/product\/productos-quimicos-de-investigacion\/buphedrone\/#breadcrumb","itemListElement":[{"@type":"ListItem","position":1,"name":"Home","item":"https:\/\/globalmedsonlineinc.com\/es\/"},{"@type":"ListItem","position":2,"name":"Productos","item":"https:\/\/globalmedsonlineinc.com\/es\/productos\/"},{"@type":"ListItem","position":3,"name":"Comprar Bufedrona online"}]},{"@type":"WebSite","@id":"https:\/\/globalmedsonlineinc.com\/es\/#website","url":"https:\/\/globalmedsonlineinc.com\/es\/","name":"Global Meds Inc","description":"","potentialAction":[{"@type":"SearchAction","target":{"@type":"EntryPoint","urlTemplate":"https:\/\/globalmedsonlineinc.com\/es\/?s={search_term_string}"},"query-input":{"@type":"PropertyValueSpecification","valueRequired":true,"valueName":"search_term_string"}}],"inLanguage":"es"}]}},"_links":{"self":[{"href":"https:\/\/globalmedsonlineinc.com\/es\/wp-json\/wp\/v2\/product\/9247","targetHints":{"allow":["GET"]}}],"collection":[{"href":"https:\/\/globalmedsonlineinc.com\/es\/wp-json\/wp\/v2\/product"}],"about":[{"href":"https:\/\/globalmedsonlineinc.com\/es\/wp-json\/wp\/v2\/types\/product"}],"replies":[{"embeddable":true,"href":"https:\/\/globalmedsonlineinc.com\/es\/wp-json\/wp\/v2\/comments?post=9247"}],"wp:featuredmedia":[{"embeddable":true,"href":"https:\/\/globalmedsonlineinc.com\/es\/wp-json\/wp\/v2\/media\/9254"}],"wp:attachment":[{"href":"https:\/\/globalmedsonlineinc.com\/es\/wp-json\/wp\/v2\/media?parent=9247"}],"wp:term":[{"taxonomy":"product_brand","embeddable":true,"href":"https:\/\/globalmedsonlineinc.com\/es\/wp-json\/wp\/v2\/product_brand?post=9247"},{"taxonomy":"product_cat","embeddable":true,"href":"https:\/\/globalmedsonlineinc.com\/es\/wp-json\/wp\/v2\/product_cat?post=9247"},{"taxonomy":"product_tag","embeddable":true,"href":"https:\/\/globalmedsonlineinc.com\/es\/wp-json\/wp\/v2\/product_tag?post=9247"}],"curies":[{"name":"wp","href":"https:\/\/api.w.org\/{rel}","templated":true}]}}