{"id":9239,"date":"2021-07-02T22:17:23","date_gmt":"2021-07-02T22:17:23","guid":{"rendered":"https:\/\/globalmedsonlineinc.com\/es\/?post_type=product&#038;p=9239"},"modified":"2024-02-19T15:34:42","modified_gmt":"2024-02-19T15:34:42","slug":"butilona-butylone","status":"publish","type":"product","link":"https:\/\/globalmedsonlineinc.com\/es\/product\/productos-quimicos-de-investigacion\/butilona-butylone\/","title":{"rendered":"Compre butilona en l\u00ednea"},"content":{"rendered":"<h1><span class=\"VIiyi\" lang=\"es\"><span class=\"JLqJ4b ChMk0b C1N51c\" data-language-for-alternatives=\"es\" data-language-to-translate-into=\"en\" data-phrase-index=\"0\">Polvo de Butilona a la venta en l\u00ednea<br \/>\n<\/span><\/span><\/h1>\n<p><a href=\"https:\/\/globalmedsonlineinc.com\/es\/product\/productos-quimicos-de-investigacion\/butilona-butylone\/\"><span class=\"VIiyi\" lang=\"es\"><span class=\"JLqJ4b ChMk0b C1N51c\" data-language-for-alternatives=\"es\" data-language-to-translate-into=\"en\" data-phrase-index=\"0\">Polvo de Butilona a la venta <\/span><\/span> en l\u00ednea<\/a>. La butilona (tambi\u00e9n conocida como \u03b2-ceto-N-metilbenzodioxolilbutanamina, \u03b2k-MBDB o B1) es un entact\u00f3geno y estimulante sint\u00e9tico de las clases de la fenetilamina y la catinona. La butilona es el \u03b2-ceto an\u00e1logo de la MBDB y el an\u00e1logo metilendioxi sustituido de la bufedrona.<\/p>\n<p>Como droga de dise\u00f1o, suele venderse en la calle junto con la etilona como sustituto o falsificaci\u00f3n de la MDMA y la metilona (todas ellas han pasado a denominarse colectivamente &#8220;Molly&#8221;) debido a la <a href=\"https:\/\/en.wikipedia.org\/wiki\/Butylone\">menor<\/a> disponibilidad de la metilona en el mercado de productos qu\u00edmicos de investigaci\u00f3n.<\/p>\n<p>Sin embargo, a pesar de las similitudes conductuales y farmacol\u00f3gicas entre la butilona y la MDMA, los efectos subjetivos observados de ambas sustancias no son completamente id\u00e9nticos.<\/p>\n<p>La butilona tiene una corta historia de uso humano y se informa que es menos potente que sus parientes la metilona y la etilona, adem\u00e1s de poseer m\u00e1s efectos estimulantes cl\u00e1sicos que entact\u00f3genos.<\/p>\n<p>Tambi\u00e9n llamada \u03b2-ceto-N-metilbenzodioxolilbutanamina, es una mol\u00e9cula sint\u00e9tica de la familia de las catinonas. Las catinonas son estructuralmente similares a las anfetaminas en el sentido de que contienen un n\u00facleo de fenetilamina con un anillo de fenilo unido a un grupo amino (NH2) a trav\u00e9s de una cadena et\u00edlica con una sustituci\u00f3n et\u00edlica adicional en R\u03b1. Las catinonas, como la butilona, son fenetilaminas alfa-metiladas (es decir, anfetaminas), pero se diferencian de ellas por la adici\u00f3n de un grupo funcional cetona (un grupo carbonilo en R\u03b2). La butilona contiene una sustituci\u00f3n de metilo en RN, una sustituci\u00f3n que comparte con la MDEA, la etilona, la 4-MEC y algunos otros estimulantes y entact\u00f3genos. Adem\u00e1s, la butilona contiene sustituciones en R3 y R4 del anillo de fenilo con grupos de ox\u00edgeno. Estos grupos de ox\u00edgeno se incorporan a un anillo de metilendioxi a trav\u00e9s de una cadena de metileno. La butilona comparte este anillo de metilendioxi con la MDA, la MDAI y la MDMA.<\/p>\n<p>Act\u00faa como un inhibidor mixto de la recaptaci\u00f3n\/agente liberador de serotonina, norepinefrina y dopamina. Estos son los neurotransmisores encargados del placer, la recompensa, la motivaci\u00f3n y la concentraci\u00f3n. Esto se consigue inhibiendo la recaptaci\u00f3n y reabsorci\u00f3n de los neurotransmisores despu\u00e9s de que hayan realizado su funci\u00f3n de transmitir un impulso neuronal, permitiendo esencialmente que se acumulen y se reutilicen, causando efectos f\u00edsicamente estimulantes y euf\u00f3ricos.<\/p>\n<p>Butilona de buena calidad en l\u00ednea: se entiende completamente que las personas no conf\u00edan r\u00e1pidamente en la calidad de la butilona que se vende en l\u00ednea porque no pueden examinarla f\u00edsicamente. Pero no es lo mismo con los proveedores de butilona en l\u00ednea. Los productos aqu\u00ed son fieles a su descripci\u00f3n con un mantenimiento de alta calidad realizado bajo la supervisi\u00f3n de expertos.<\/p>\n<p>Env\u00edo r\u00e1pido y discreto: la entrega de butilona despu\u00e9s de recibir el pedido se realiza dentro del plazo prometido. El equipo de env\u00edo pone todo su esfuerzo en hacer que el procedimiento de env\u00edo y entrega sea sencillo y r\u00e1pido. Tambi\u00e9n puede esperar excelentes servicios al comprar Butylone del profesional en la plataforma en l\u00ednea.<\/p>\n","protected":false},"excerpt":{"rendered":"<p>La butilona (tambi\u00e9n conocida como \u03b2-ceto-N-metilbenzodioxolilbutanamina, \u03b2k-MBDB o B1) es un entact\u00f3geno y estimulante sint\u00e9tico de las clases de la fenetilamina y la catinona. La butilona es el \u03b2-ceto an\u00e1logo de la MBDB y el an\u00e1logo metilendioxi sustituido de la bufedrona.<\/p>\n","protected":false},"featured_media":9246,"comment_status":"open","ping_status":"closed","template":"","meta":{"_acf_changed":false,"_monsterinsights_skip_tracking":false,"_monsterinsights_sitenote_active":false,"_monsterinsights_sitenote_note":"","_monsterinsights_sitenote_category":0},"product_brand":[],"product_cat":[53],"product_tag":[456,452,457,458,465,471,466,453,454,459,455,460,461,467,472,468,473,469,474,462,475,463,470,464],"class_list":{"0":"post-9239","1":"product","2":"type-product","3":"status-publish","4":"has-post-thumbnail","6":"product_cat-productos-quimicos-de-investigacion","7":"product_tag-99-purity-butylone-online","8":"product_tag-butylone","9":"product_tag-butylone-bk-mbdb-for-sale","10":"product_tag-butylone-bk-mbdb-for-sale-worldwide","11":"product_tag-butylone-crystal-for-sale","12":"product_tag-butylone-for-sale","13":"product_tag-buy-butylone-crystal-online","14":"product_tag-buy-butylone-online","15":"product_tag-buy-butylone-powder-and-crystals-online-buy-methylone-powder-and-crystal-online","16":"product_tag-buy-cheap-butylone-online","17":"product_tag-buy-ethylone-powder-and-crystal-online","18":"product_tag-cheap-butylone-for-sale","19":"product_tag-fast-delivery-research-chemical","20":"product_tag-how-to-buy-butylone-crystal-online","21":"product_tag-how-to-buy-butylone-onlinel","22":"product_tag-order-butylone-crystal-online","23":"product_tag-order-butylone-online","24":"product_tag-purchase-butylone-crystal-online","25":"product_tag-purchase-butylone-online","26":"product_tag-purchase-butylone-with-bitcoin","27":"product_tag-the-best-place-to-buy-butylone-online","28":"product_tag-where-to-buy-butylone-bk-mbdb","29":"product_tag-where-to-buy-butylone-crystal-online","30":"product_tag-where-to-buy-butylone-online","32":"first","33":"instock","34":"sale","35":"shipping-taxable","36":"purchasable","37":"product-type-variable","38":"has-default-attributes"},"acf":[],"yoast_head":"<!-- This site is optimized with the Yoast SEO plugin v27.2 - https:\/\/yoast.com\/product\/yoast-seo-wordpress\/ -->\n<title>Polvo de Butilona a la venta en l\u00ednea | Global Meds Inc.<\/title>\n<meta name=\"description\" content=\"Polvo de Butilona para la venta en l\u00ednea. Vendemos polvo de butilona de la mejor calidad. Por favor cont\u00e1ctenos para m\u00e1s informaci\u00f3n y precios.\" \/>\n<meta name=\"robots\" content=\"index, follow, max-snippet:-1, max-image-preview:large, max-video-preview:-1\" \/>\n<link rel=\"canonical\" href=\"https:\/\/globalmedsonlineinc.com\/es\/product\/productos-quimicos-de-investigacion\/butilona-butylone\/\" \/>\n<meta property=\"og:locale\" content=\"es_ES\" \/>\n<meta property=\"og:type\" content=\"article\" \/>\n<meta property=\"og:title\" content=\"Polvo de Butilona a la venta en l\u00ednea | Global Meds Inc.\" \/>\n<meta property=\"og:description\" content=\"Polvo de Butilona para la venta en l\u00ednea. Vendemos polvo de butilona de la mejor calidad. Por favor cont\u00e1ctenos para m\u00e1s informaci\u00f3n y precios.\" \/>\n<meta property=\"og:url\" content=\"https:\/\/globalmedsonlineinc.com\/es\/product\/productos-quimicos-de-investigacion\/butilona-butylone\/\" \/>\n<meta property=\"og:site_name\" content=\"Global Meds Inc\" \/>\n<meta property=\"article:modified_time\" content=\"2024-02-19T15:34:42+00:00\" \/>\n<meta property=\"og:image\" content=\"https:\/\/globalmedsonlineinc.com\/es\/content\/media\/uploads\/sites\/6\/2021\/07\/Buy-Butylone-powder.jpg\" \/>\n\t<meta property=\"og:image:width\" content=\"1200\" \/>\n\t<meta property=\"og:image:height\" content=\"1200\" \/>\n\t<meta property=\"og:image:type\" content=\"image\/jpeg\" \/>\n<meta name=\"twitter:card\" content=\"summary_large_image\" \/>\n<meta name=\"twitter:label1\" content=\"Tiempo de lectura\" \/>\n\t<meta name=\"twitter:data1\" content=\"3 minutos\" \/>\n<script type=\"application\/ld+json\" class=\"yoast-schema-graph\">{\"@context\":\"https:\/\/schema.org\",\"@graph\":[{\"@type\":\"WebPage\",\"@id\":\"https:\/\/globalmedsonlineinc.com\/es\/product\/productos-quimicos-de-investigacion\/butilona-butylone\/\",\"url\":\"https:\/\/globalmedsonlineinc.com\/es\/product\/productos-quimicos-de-investigacion\/butilona-butylone\/\",\"name\":\"Polvo de Butilona a la venta en l\u00ednea | Global Meds Inc.\",\"isPartOf\":{\"@id\":\"https:\/\/globalmedsonlineinc.com\/es\/#website\"},\"primaryImageOfPage\":{\"@id\":\"https:\/\/globalmedsonlineinc.com\/es\/product\/productos-quimicos-de-investigacion\/butilona-butylone\/#primaryimage\"},\"image\":{\"@id\":\"https:\/\/globalmedsonlineinc.com\/es\/product\/productos-quimicos-de-investigacion\/butilona-butylone\/#primaryimage\"},\"thumbnailUrl\":\"https:\/\/globalmedsonlineinc.com\/es\/content\/media\/uploads\/sites\/6\/2021\/07\/Buy-Butylone-powder.jpg\",\"datePublished\":\"2021-07-02T22:17:23+00:00\",\"dateModified\":\"2024-02-19T15:34:42+00:00\",\"description\":\"Polvo de Butilona para la venta en l\u00ednea. Vendemos polvo de butilona de la mejor calidad. Por favor cont\u00e1ctenos para m\u00e1s informaci\u00f3n y precios.\",\"breadcrumb\":{\"@id\":\"https:\/\/globalmedsonlineinc.com\/es\/product\/productos-quimicos-de-investigacion\/butilona-butylone\/#breadcrumb\"},\"inLanguage\":\"es\",\"potentialAction\":[{\"@type\":\"ReadAction\",\"target\":[\"https:\/\/globalmedsonlineinc.com\/es\/product\/productos-quimicos-de-investigacion\/butilona-butylone\/\"]}]},{\"@type\":\"ImageObject\",\"inLanguage\":\"es\",\"@id\":\"https:\/\/globalmedsonlineinc.com\/es\/product\/productos-quimicos-de-investigacion\/butilona-butylone\/#primaryimage\",\"url\":\"https:\/\/globalmedsonlineinc.com\/es\/content\/media\/uploads\/sites\/6\/2021\/07\/Buy-Butylone-powder.jpg\",\"contentUrl\":\"https:\/\/globalmedsonlineinc.com\/es\/content\/media\/uploads\/sites\/6\/2021\/07\/Buy-Butylone-powder.jpg\",\"width\":1200,\"height\":1200,\"caption\":\"Polvo de Butilona a la venta en l\u00ednea\"},{\"@type\":\"BreadcrumbList\",\"@id\":\"https:\/\/globalmedsonlineinc.com\/es\/product\/productos-quimicos-de-investigacion\/butilona-butylone\/#breadcrumb\",\"itemListElement\":[{\"@type\":\"ListItem\",\"position\":1,\"name\":\"Home\",\"item\":\"https:\/\/globalmedsonlineinc.com\/es\/\"},{\"@type\":\"ListItem\",\"position\":2,\"name\":\"Productos\",\"item\":\"https:\/\/globalmedsonlineinc.com\/es\/productos\/\"},{\"@type\":\"ListItem\",\"position\":3,\"name\":\"Compre butilona en l\u00ednea\"}]},{\"@type\":\"WebSite\",\"@id\":\"https:\/\/globalmedsonlineinc.com\/es\/#website\",\"url\":\"https:\/\/globalmedsonlineinc.com\/es\/\",\"name\":\"Global Meds Inc\",\"description\":\"\",\"potentialAction\":[{\"@type\":\"SearchAction\",\"target\":{\"@type\":\"EntryPoint\",\"urlTemplate\":\"https:\/\/globalmedsonlineinc.com\/es\/?s={search_term_string}\"},\"query-input\":{\"@type\":\"PropertyValueSpecification\",\"valueRequired\":true,\"valueName\":\"search_term_string\"}}],\"inLanguage\":\"es\"}]}<\/script>\n<!-- \/ Yoast SEO plugin. -->","yoast_head_json":{"title":"Polvo de Butilona a la venta en l\u00ednea | Global Meds Inc.","description":"Polvo de Butilona para la venta en l\u00ednea. Vendemos polvo de butilona de la mejor calidad. Por favor cont\u00e1ctenos para m\u00e1s informaci\u00f3n y precios.","robots":{"index":"index","follow":"follow","max-snippet":"max-snippet:-1","max-image-preview":"max-image-preview:large","max-video-preview":"max-video-preview:-1"},"canonical":"https:\/\/globalmedsonlineinc.com\/es\/product\/productos-quimicos-de-investigacion\/butilona-butylone\/","og_locale":"es_ES","og_type":"article","og_title":"Polvo de Butilona a la venta en l\u00ednea | Global Meds Inc.","og_description":"Polvo de Butilona para la venta en l\u00ednea. Vendemos polvo de butilona de la mejor calidad. Por favor cont\u00e1ctenos para m\u00e1s informaci\u00f3n y precios.","og_url":"https:\/\/globalmedsonlineinc.com\/es\/product\/productos-quimicos-de-investigacion\/butilona-butylone\/","og_site_name":"Global Meds Inc","article_modified_time":"2024-02-19T15:34:42+00:00","og_image":[{"width":1200,"height":1200,"url":"https:\/\/globalmedsonlineinc.com\/es\/content\/media\/uploads\/sites\/6\/2021\/07\/Buy-Butylone-powder.jpg","type":"image\/jpeg"}],"twitter_card":"summary_large_image","twitter_misc":{"Tiempo de lectura":"3 minutos"},"schema":{"@context":"https:\/\/schema.org","@graph":[{"@type":"WebPage","@id":"https:\/\/globalmedsonlineinc.com\/es\/product\/productos-quimicos-de-investigacion\/butilona-butylone\/","url":"https:\/\/globalmedsonlineinc.com\/es\/product\/productos-quimicos-de-investigacion\/butilona-butylone\/","name":"Polvo de Butilona a la venta en l\u00ednea | Global Meds Inc.","isPartOf":{"@id":"https:\/\/globalmedsonlineinc.com\/es\/#website"},"primaryImageOfPage":{"@id":"https:\/\/globalmedsonlineinc.com\/es\/product\/productos-quimicos-de-investigacion\/butilona-butylone\/#primaryimage"},"image":{"@id":"https:\/\/globalmedsonlineinc.com\/es\/product\/productos-quimicos-de-investigacion\/butilona-butylone\/#primaryimage"},"thumbnailUrl":"https:\/\/globalmedsonlineinc.com\/es\/content\/media\/uploads\/sites\/6\/2021\/07\/Buy-Butylone-powder.jpg","datePublished":"2021-07-02T22:17:23+00:00","dateModified":"2024-02-19T15:34:42+00:00","description":"Polvo de Butilona para la venta en l\u00ednea. Vendemos polvo de butilona de la mejor calidad. Por favor cont\u00e1ctenos para m\u00e1s informaci\u00f3n y precios.","breadcrumb":{"@id":"https:\/\/globalmedsonlineinc.com\/es\/product\/productos-quimicos-de-investigacion\/butilona-butylone\/#breadcrumb"},"inLanguage":"es","potentialAction":[{"@type":"ReadAction","target":["https:\/\/globalmedsonlineinc.com\/es\/product\/productos-quimicos-de-investigacion\/butilona-butylone\/"]}]},{"@type":"ImageObject","inLanguage":"es","@id":"https:\/\/globalmedsonlineinc.com\/es\/product\/productos-quimicos-de-investigacion\/butilona-butylone\/#primaryimage","url":"https:\/\/globalmedsonlineinc.com\/es\/content\/media\/uploads\/sites\/6\/2021\/07\/Buy-Butylone-powder.jpg","contentUrl":"https:\/\/globalmedsonlineinc.com\/es\/content\/media\/uploads\/sites\/6\/2021\/07\/Buy-Butylone-powder.jpg","width":1200,"height":1200,"caption":"Polvo de Butilona a la venta en l\u00ednea"},{"@type":"BreadcrumbList","@id":"https:\/\/globalmedsonlineinc.com\/es\/product\/productos-quimicos-de-investigacion\/butilona-butylone\/#breadcrumb","itemListElement":[{"@type":"ListItem","position":1,"name":"Home","item":"https:\/\/globalmedsonlineinc.com\/es\/"},{"@type":"ListItem","position":2,"name":"Productos","item":"https:\/\/globalmedsonlineinc.com\/es\/productos\/"},{"@type":"ListItem","position":3,"name":"Compre butilona en l\u00ednea"}]},{"@type":"WebSite","@id":"https:\/\/globalmedsonlineinc.com\/es\/#website","url":"https:\/\/globalmedsonlineinc.com\/es\/","name":"Global Meds Inc","description":"","potentialAction":[{"@type":"SearchAction","target":{"@type":"EntryPoint","urlTemplate":"https:\/\/globalmedsonlineinc.com\/es\/?s={search_term_string}"},"query-input":{"@type":"PropertyValueSpecification","valueRequired":true,"valueName":"search_term_string"}}],"inLanguage":"es"}]}},"_links":{"self":[{"href":"https:\/\/globalmedsonlineinc.com\/es\/wp-json\/wp\/v2\/product\/9239","targetHints":{"allow":["GET"]}}],"collection":[{"href":"https:\/\/globalmedsonlineinc.com\/es\/wp-json\/wp\/v2\/product"}],"about":[{"href":"https:\/\/globalmedsonlineinc.com\/es\/wp-json\/wp\/v2\/types\/product"}],"replies":[{"embeddable":true,"href":"https:\/\/globalmedsonlineinc.com\/es\/wp-json\/wp\/v2\/comments?post=9239"}],"wp:featuredmedia":[{"embeddable":true,"href":"https:\/\/globalmedsonlineinc.com\/es\/wp-json\/wp\/v2\/media\/9246"}],"wp:attachment":[{"href":"https:\/\/globalmedsonlineinc.com\/es\/wp-json\/wp\/v2\/media?parent=9239"}],"wp:term":[{"taxonomy":"product_brand","embeddable":true,"href":"https:\/\/globalmedsonlineinc.com\/es\/wp-json\/wp\/v2\/product_brand?post=9239"},{"taxonomy":"product_cat","embeddable":true,"href":"https:\/\/globalmedsonlineinc.com\/es\/wp-json\/wp\/v2\/product_cat?post=9239"},{"taxonomy":"product_tag","embeddable":true,"href":"https:\/\/globalmedsonlineinc.com\/es\/wp-json\/wp\/v2\/product_tag?post=9239"}],"curies":[{"name":"wp","href":"https:\/\/api.w.org\/{rel}","templated":true}]}}