{"id":9223,"date":"2021-07-02T21:32:15","date_gmt":"2021-07-02T21:32:15","guid":{"rendered":"https:\/\/globalmedsonlineinc.com\/es\/?post_type=product&#038;p=9223"},"modified":"2026-04-30T17:43:10","modified_gmt":"2026-04-30T17:43:10","slug":"mdai","status":"publish","type":"product","link":"https:\/\/globalmedsonlineinc.com\/es\/product\/productos-quimicos-de-investigacion\/mdai\/","title":{"rendered":"Compre MDAI en l\u00ednea"},"content":{"rendered":"<h1><span class=\"VIiyi\" lang=\"es\"><span class=\"JLqJ4b ChMk0b\" data-language-for-alternatives=\"es\" data-language-to-translate-into=\"en\" data-phrase-index=\"0\">Cristal MDAI a la venta en l\u00ednea<br \/>\n<\/span><\/span><\/h1>\n<p><a href=\"https:\/\/globalmedsonlineinc.com\/es\/product\/productos-quimicos-de-investigacion\/mdai\/\"><span class=\"VIiyi\" lang=\"es\"><span class=\"JLqJ4b ChMk0b\" data-language-for-alternatives=\"es\" data-language-to-translate-into=\"en\" data-phrase-index=\"0\">Cristal MDAI a la venta <\/span><\/span>en l\u00ednea<\/a>. El MDAI y cualquier otra fenetilamina vendida en este sitio se propone para la investigaci\u00f3n y las aplicaciones cient\u00edficas. El sint\u00e9tico de examen llamado MDA.I es una droga de arquitecto con posibles impactos fisiol\u00f3gicos y psicoactivos y tiene la ecuaci\u00f3n sub-at\u00f3mica C10H11NO2 &#8211; HCl. El peso de la ecuaci\u00f3n tiene el valor de 213,7 g\/mol. Comprar MDAI en la web.<\/p>\n<p>Esta sustancia es genuinamente nueva, por lo que las propiedades toxicol\u00f3gicas y fisiol\u00f3gicas de MDAI no se conocen.filiales de fenetilamina, por ejemplo, 5,6-methylenedioxy-2-aminoindan pueden tener propiedades energizantes y entactogenic. Compre MDAI en la web.<\/p>\n<p>6,7-Dihydro-5H-indeno[5,6-d]-1,3-dioxol-6-amina, monohidrocloruro y cualquier otra droga creadora vendida en este sitio se propone para la investigaci\u00f3n y las aplicaciones medibles.<\/p>\n<p>Por favor, almacene esta fenetilamina en un lugar fresco y seco. La seguridad del compuesto de fenetilamina MDA.I es de hasta 2 a\u00f1os en condiciones leg\u00edtimas de capacidad. Comprar MDA.I en la web.<\/p>\n<p>\u00bfPor qu\u00e9 comprar MDA.I de nosotros?<\/p>\n<p>\u2605 Tenemos una larga historia de intercambio el mercado, <a href=\"https:\/\/en.wikipedia.org\/wiki\/MDAI#:~:text=MDAI%20(5%2C6-methylenedioxy,produces%20entactogen%20effects%20in%20humans.\">por<\/a> lo que se beneficiar\u00e1 con nuestra experiencia.<\/p>\n<p>\u2605 MDAI ha sido probado y comprobado.<\/p>\n<p>\u2605 Puedes comprar MDAI utilizando Bitcoin, \u00a0o movimiento bancario.<\/p>\n<p>\u00bfQu\u00e9 obtiene cuando compra MDA.I de nosotros?<\/p>\n<p>&#8211; Un bolsillo fijo de papel de aluminio que contiene 6,7-dihidro-5H-indeno[5,6-d]-1,3-dioxole-6-amina, monohidrato de investigaci\u00f3n sint\u00e9tica de la mayor calidad<\/p>\n<p>&#8211; Receta fuerte similar a la del vidrio puro<\/p>\n<p>&#8211; \u226598% de inmaculabilidad<\/p>\n<p>MDAI solicitud en la web, MDAI disponible para ser comprado, MDAI remedio, MDAI 10mg, MDAI p\u00edldoras disponibles para ser comprado en la web, c\u00f3mo obtener la soluci\u00f3n MDAI, c\u00f3mo obtener MDAI, MDAI, MDAI dosis, MDAI 60 mg disponible para ser comprado, MDAI 15 mg carretera estima, MDAI p\u00edldoras disponibles para ser comprado, MDAI disponible para ser comprado sin remedio, MDAI sulfato tabletas disponibles para ser comprado, MDAI disponible para comprar, MDAI disponible para comprar, MDAI 30mg disponible para comprar, MDAI pastillas disponibles para comprar en la web, MDAI polvo disponible para comprar, MDAI disponible para comprar, MDAI disponible para comprar sin remedio, MDAI disponible para comprar en el extranjero, comprar MDAI en la web, MDAI disponible para comprar, como conseguir MDAI, solicitar MDAI .<\/p>\n<p>Ofrecemos un servicio acelerado entre 1-2 d\u00edas universalmente. Nuestros transportes son 100% cuidadosos y expresos de esta manera asegura a todos los clientes y paquetes para el transporte haciendo que el negocio sea constantemente un triunfo.<\/p>\n<p>MDAI de buena calidad en l\u00ednea: se entiende completamente que las personas no conf\u00edan r\u00e1pidamente en la calidad de MDAI que se vende en l\u00ednea porque no pueden examinarlo f\u00edsicamente. Pero no es lo mismo con los proveedores en l\u00ednea de MDAI en l\u00ednea. Los productos aqu\u00ed son fieles a su descripci\u00f3n con un mantenimiento de alta calidad realizado bajo la supervisi\u00f3n de expertos.<\/p>\n<p>Env\u00edo r\u00e1pido y discreto: la entrega del MDAIonline despu\u00e9s de recibir el pedido se realiza dentro del plazo prometido. El equipo de env\u00edo pone todo su esfuerzo en hacer que el procedimiento de env\u00edo y entrega sea sencillo y r\u00e1pido. Tambi\u00e9n puede esperar excelentes servicios al comprar MDAI en l\u00ednea del profesional en la plataforma en l\u00ednea.<\/p>\n","protected":false},"excerpt":{"rendered":"<p>El MDAI que se vende en l\u00ednea tiene un nombre IUPAC completo de 6,7-dihidro-5H-indeno[5,6-d]-1,3-dioxol-6-amina, monohidrocloruro que pertenece a una clase de productos qu\u00edmicos de investigaci\u00f3n de fenetilamina.<br \/>\nLa MDAI podr\u00eda tener propiedades entact\u00f3genas y estimulantes.<\/p>\n","protected":false},"featured_media":9230,"comment_status":"open","ping_status":"closed","template":"","meta":{"_acf_changed":false,"_monsterinsights_skip_tracking":false,"_monsterinsights_sitenote_active":false,"_monsterinsights_sitenote_note":"","_monsterinsights_sitenote_category":0},"product_brand":[],"product_cat":[53],"product_tag":[443,444,445,446,447,448,449,450],"class_list":{"0":"post-9223","1":"product","2":"type-product","3":"status-publish","4":"has-post-thumbnail","6":"product_cat-productos-quimicos-de-investigacion","7":"product_tag-buy-mdai-online","8":"product_tag-how-to-get-mdai","9":"product_tag-mdai-for-sale","10":"product_tag-mdai-for-sale-no-prescription","11":"product_tag-mdai-for-sale-overseas","12":"product_tag-mdai-street-value","13":"product_tag-order-mdai","14":"product_tag-order-mdai-online","16":"first","17":"instock","18":"shipping-taxable","19":"purchasable","20":"product-type-variable","21":"has-default-attributes"},"acf":[],"yoast_head":"<!-- This site is optimized with the Yoast SEO plugin v27.2 - https:\/\/yoast.com\/product\/yoast-seo-wordpress\/ -->\n<title>Cristal MDAI a la venta online | Global Meds Inc.<\/title>\n<meta name=\"description\" content=\"Cristal MDAI a la venta en l\u00ednea. Vendemos Cristal MDAI de la mejor calidad. Por favor cont\u00e1ctenos para m\u00e1s informaci\u00f3n y precios.\" \/>\n<meta name=\"robots\" content=\"index, follow, max-snippet:-1, max-image-preview:large, max-video-preview:-1\" \/>\n<link rel=\"canonical\" href=\"https:\/\/globalmedsonlineinc.com\/es\/product\/productos-quimicos-de-investigacion\/mdai\/\" \/>\n<meta property=\"og:locale\" content=\"es_ES\" \/>\n<meta property=\"og:type\" content=\"article\" \/>\n<meta property=\"og:title\" content=\"Cristal MDAI a la venta online | Global Meds Inc.\" \/>\n<meta property=\"og:description\" content=\"Cristal MDAI a la venta en l\u00ednea. Vendemos Cristal MDAI de la mejor calidad. Por favor cont\u00e1ctenos para m\u00e1s informaci\u00f3n y precios.\" \/>\n<meta property=\"og:url\" content=\"https:\/\/globalmedsonlineinc.com\/es\/product\/productos-quimicos-de-investigacion\/mdai\/\" \/>\n<meta property=\"og:site_name\" content=\"Global Meds Inc\" \/>\n<meta property=\"article:modified_time\" content=\"2026-04-30T17:43:10+00:00\" \/>\n<meta property=\"og:image\" content=\"https:\/\/globalmedsonlineinc.com\/es\/content\/media\/uploads\/sites\/6\/2021\/07\/MDAI.jpg\" \/>\n\t<meta property=\"og:image:width\" content=\"1200\" \/>\n\t<meta property=\"og:image:height\" content=\"1200\" \/>\n\t<meta property=\"og:image:type\" content=\"image\/jpeg\" \/>\n<meta name=\"twitter:card\" content=\"summary_large_image\" \/>\n<meta name=\"twitter:label1\" content=\"Tiempo de lectura\" \/>\n\t<meta name=\"twitter:data1\" content=\"3 minutos\" \/>\n<script type=\"application\/ld+json\" class=\"yoast-schema-graph\">{\"@context\":\"https:\/\/schema.org\",\"@graph\":[{\"@type\":\"WebPage\",\"@id\":\"https:\/\/globalmedsonlineinc.com\/es\/product\/productos-quimicos-de-investigacion\/mdai\/\",\"url\":\"https:\/\/globalmedsonlineinc.com\/es\/product\/productos-quimicos-de-investigacion\/mdai\/\",\"name\":\"Cristal MDAI a la venta online | Global Meds Inc.\",\"isPartOf\":{\"@id\":\"https:\/\/globalmedsonlineinc.com\/es\/#website\"},\"primaryImageOfPage\":{\"@id\":\"https:\/\/globalmedsonlineinc.com\/es\/product\/productos-quimicos-de-investigacion\/mdai\/#primaryimage\"},\"image\":{\"@id\":\"https:\/\/globalmedsonlineinc.com\/es\/product\/productos-quimicos-de-investigacion\/mdai\/#primaryimage\"},\"thumbnailUrl\":\"https:\/\/globalmedsonlineinc.com\/es\/content\/media\/uploads\/sites\/6\/2021\/07\/MDAI.jpg\",\"datePublished\":\"2021-07-02T21:32:15+00:00\",\"dateModified\":\"2026-04-30T17:43:10+00:00\",\"description\":\"Cristal MDAI a la venta en l\u00ednea. Vendemos Cristal MDAI de la mejor calidad. Por favor cont\u00e1ctenos para m\u00e1s informaci\u00f3n y precios.\",\"breadcrumb\":{\"@id\":\"https:\/\/globalmedsonlineinc.com\/es\/product\/productos-quimicos-de-investigacion\/mdai\/#breadcrumb\"},\"inLanguage\":\"es\",\"potentialAction\":[{\"@type\":\"ReadAction\",\"target\":[\"https:\/\/globalmedsonlineinc.com\/es\/product\/productos-quimicos-de-investigacion\/mdai\/\"]}]},{\"@type\":\"ImageObject\",\"inLanguage\":\"es\",\"@id\":\"https:\/\/globalmedsonlineinc.com\/es\/product\/productos-quimicos-de-investigacion\/mdai\/#primaryimage\",\"url\":\"https:\/\/globalmedsonlineinc.com\/es\/content\/media\/uploads\/sites\/6\/2021\/07\/MDAI.jpg\",\"contentUrl\":\"https:\/\/globalmedsonlineinc.com\/es\/content\/media\/uploads\/sites\/6\/2021\/07\/MDAI.jpg\",\"width\":1200,\"height\":1200,\"caption\":\"Cristal MDAI a la venta en l\u00ednea\"},{\"@type\":\"BreadcrumbList\",\"@id\":\"https:\/\/globalmedsonlineinc.com\/es\/product\/productos-quimicos-de-investigacion\/mdai\/#breadcrumb\",\"itemListElement\":[{\"@type\":\"ListItem\",\"position\":1,\"name\":\"Home\",\"item\":\"https:\/\/globalmedsonlineinc.com\/es\/\"},{\"@type\":\"ListItem\",\"position\":2,\"name\":\"Productos\",\"item\":\"https:\/\/globalmedsonlineinc.com\/es\/productos\/\"},{\"@type\":\"ListItem\",\"position\":3,\"name\":\"Compre MDAI en l\u00ednea\"}]},{\"@type\":\"WebSite\",\"@id\":\"https:\/\/globalmedsonlineinc.com\/es\/#website\",\"url\":\"https:\/\/globalmedsonlineinc.com\/es\/\",\"name\":\"Global Meds Inc\",\"description\":\"\",\"potentialAction\":[{\"@type\":\"SearchAction\",\"target\":{\"@type\":\"EntryPoint\",\"urlTemplate\":\"https:\/\/globalmedsonlineinc.com\/es\/?s={search_term_string}\"},\"query-input\":{\"@type\":\"PropertyValueSpecification\",\"valueRequired\":true,\"valueName\":\"search_term_string\"}}],\"inLanguage\":\"es\"}]}<\/script>\n<!-- \/ Yoast SEO plugin. -->","yoast_head_json":{"title":"Cristal MDAI a la venta online | Global Meds Inc.","description":"Cristal MDAI a la venta en l\u00ednea. Vendemos Cristal MDAI de la mejor calidad. Por favor cont\u00e1ctenos para m\u00e1s informaci\u00f3n y precios.","robots":{"index":"index","follow":"follow","max-snippet":"max-snippet:-1","max-image-preview":"max-image-preview:large","max-video-preview":"max-video-preview:-1"},"canonical":"https:\/\/globalmedsonlineinc.com\/es\/product\/productos-quimicos-de-investigacion\/mdai\/","og_locale":"es_ES","og_type":"article","og_title":"Cristal MDAI a la venta online | Global Meds Inc.","og_description":"Cristal MDAI a la venta en l\u00ednea. Vendemos Cristal MDAI de la mejor calidad. Por favor cont\u00e1ctenos para m\u00e1s informaci\u00f3n y precios.","og_url":"https:\/\/globalmedsonlineinc.com\/es\/product\/productos-quimicos-de-investigacion\/mdai\/","og_site_name":"Global Meds Inc","article_modified_time":"2026-04-30T17:43:10+00:00","og_image":[{"width":1200,"height":1200,"url":"https:\/\/globalmedsonlineinc.com\/es\/content\/media\/uploads\/sites\/6\/2021\/07\/MDAI.jpg","type":"image\/jpeg"}],"twitter_card":"summary_large_image","twitter_misc":{"Tiempo de lectura":"3 minutos"},"schema":{"@context":"https:\/\/schema.org","@graph":[{"@type":"WebPage","@id":"https:\/\/globalmedsonlineinc.com\/es\/product\/productos-quimicos-de-investigacion\/mdai\/","url":"https:\/\/globalmedsonlineinc.com\/es\/product\/productos-quimicos-de-investigacion\/mdai\/","name":"Cristal MDAI a la venta online | Global Meds Inc.","isPartOf":{"@id":"https:\/\/globalmedsonlineinc.com\/es\/#website"},"primaryImageOfPage":{"@id":"https:\/\/globalmedsonlineinc.com\/es\/product\/productos-quimicos-de-investigacion\/mdai\/#primaryimage"},"image":{"@id":"https:\/\/globalmedsonlineinc.com\/es\/product\/productos-quimicos-de-investigacion\/mdai\/#primaryimage"},"thumbnailUrl":"https:\/\/globalmedsonlineinc.com\/es\/content\/media\/uploads\/sites\/6\/2021\/07\/MDAI.jpg","datePublished":"2021-07-02T21:32:15+00:00","dateModified":"2026-04-30T17:43:10+00:00","description":"Cristal MDAI a la venta en l\u00ednea. Vendemos Cristal MDAI de la mejor calidad. Por favor cont\u00e1ctenos para m\u00e1s informaci\u00f3n y precios.","breadcrumb":{"@id":"https:\/\/globalmedsonlineinc.com\/es\/product\/productos-quimicos-de-investigacion\/mdai\/#breadcrumb"},"inLanguage":"es","potentialAction":[{"@type":"ReadAction","target":["https:\/\/globalmedsonlineinc.com\/es\/product\/productos-quimicos-de-investigacion\/mdai\/"]}]},{"@type":"ImageObject","inLanguage":"es","@id":"https:\/\/globalmedsonlineinc.com\/es\/product\/productos-quimicos-de-investigacion\/mdai\/#primaryimage","url":"https:\/\/globalmedsonlineinc.com\/es\/content\/media\/uploads\/sites\/6\/2021\/07\/MDAI.jpg","contentUrl":"https:\/\/globalmedsonlineinc.com\/es\/content\/media\/uploads\/sites\/6\/2021\/07\/MDAI.jpg","width":1200,"height":1200,"caption":"Cristal MDAI a la venta en l\u00ednea"},{"@type":"BreadcrumbList","@id":"https:\/\/globalmedsonlineinc.com\/es\/product\/productos-quimicos-de-investigacion\/mdai\/#breadcrumb","itemListElement":[{"@type":"ListItem","position":1,"name":"Home","item":"https:\/\/globalmedsonlineinc.com\/es\/"},{"@type":"ListItem","position":2,"name":"Productos","item":"https:\/\/globalmedsonlineinc.com\/es\/productos\/"},{"@type":"ListItem","position":3,"name":"Compre MDAI en l\u00ednea"}]},{"@type":"WebSite","@id":"https:\/\/globalmedsonlineinc.com\/es\/#website","url":"https:\/\/globalmedsonlineinc.com\/es\/","name":"Global Meds Inc","description":"","potentialAction":[{"@type":"SearchAction","target":{"@type":"EntryPoint","urlTemplate":"https:\/\/globalmedsonlineinc.com\/es\/?s={search_term_string}"},"query-input":{"@type":"PropertyValueSpecification","valueRequired":true,"valueName":"search_term_string"}}],"inLanguage":"es"}]}},"_links":{"self":[{"href":"https:\/\/globalmedsonlineinc.com\/es\/wp-json\/wp\/v2\/product\/9223","targetHints":{"allow":["GET"]}}],"collection":[{"href":"https:\/\/globalmedsonlineinc.com\/es\/wp-json\/wp\/v2\/product"}],"about":[{"href":"https:\/\/globalmedsonlineinc.com\/es\/wp-json\/wp\/v2\/types\/product"}],"replies":[{"embeddable":true,"href":"https:\/\/globalmedsonlineinc.com\/es\/wp-json\/wp\/v2\/comments?post=9223"}],"wp:featuredmedia":[{"embeddable":true,"href":"https:\/\/globalmedsonlineinc.com\/es\/wp-json\/wp\/v2\/media\/9230"}],"wp:attachment":[{"href":"https:\/\/globalmedsonlineinc.com\/es\/wp-json\/wp\/v2\/media?parent=9223"}],"wp:term":[{"taxonomy":"product_brand","embeddable":true,"href":"https:\/\/globalmedsonlineinc.com\/es\/wp-json\/wp\/v2\/product_brand?post=9223"},{"taxonomy":"product_cat","embeddable":true,"href":"https:\/\/globalmedsonlineinc.com\/es\/wp-json\/wp\/v2\/product_cat?post=9223"},{"taxonomy":"product_tag","embeddable":true,"href":"https:\/\/globalmedsonlineinc.com\/es\/wp-json\/wp\/v2\/product_tag?post=9223"}],"curies":[{"name":"wp","href":"https:\/\/api.w.org\/{rel}","templated":true}]}}