{"id":9208,"date":"2021-07-02T21:05:42","date_gmt":"2021-07-02T21:05:42","guid":{"rendered":"https:\/\/globalmedsonlineinc.com\/es\/?post_type=product&#038;p=9208"},"modified":"2024-02-19T15:40:15","modified_gmt":"2024-02-19T15:40:15","slug":"jwh-250","status":"publish","type":"product","link":"https:\/\/globalmedsonlineinc.com\/es\/product\/productos-quimicos-de-investigacion\/jwh-250\/","title":{"rendered":"Compre JWH-250 en l\u00ednea"},"content":{"rendered":"<h1><span class=\"VIiyi\" lang=\"es\"><span class=\"JLqJ4b ChMk0b C1N51c\" data-language-for-alternatives=\"es\" data-language-to-translate-into=\"en\" data-phrase-index=\"0\">Polvo de JWH-250 a la venta en l\u00ednea <\/span><\/span><\/h1>\n<p><a href=\"https:\/\/globalmedsonlineinc.com\/es\/product\/productos-quimicos-de-investigacion\/jwh-250\/\"><span class=\"VIiyi\" lang=\"es\"><span class=\"JLqJ4b ChMk0b C1N51c\" data-language-for-alternatives=\"es\" data-language-to-translate-into=\"en\" data-phrase-index=\"0\">Polvo de JWH-250 a la venta <\/span><\/span>en l\u00ednea<\/a>. JWH-250 es un agonista del receptor cannabinoide fabricado que ha sido identificado en art\u00edculos desde la \u00faltima parte de la d\u00e9cada de 2000. Fue creado por el Dr. John W. Huffman y un informe sobre el mismo fue distribuido en 2005 por Huffman et al Comprar JWH-250 en la web.<\/p>\n<p>El medicamento es un fenilacetilindol y act\u00faa como agonista de los receptores CB1 y CB2. Tiene una parcialidad de ~11 nM en CB1 y ~33 nM en CB2.<\/p>\n<p>Un par de a\u00f1os despu\u00e9s de que se mencionara por primera vez en los escritos, el JWH-250 lleg\u00f3 al mercado, y la principal identificaci\u00f3n provino de la polic\u00eda alemana en mayo de 2009. Descubrieron el medicamento en una mezcla natural para fumar. Comprar JWH-250 en la web<\/p>\n<p>Tambi\u00e9n se reconoci\u00f3 en polvos y combinaciones que se vend\u00edan a trav\u00e9s <a href=\"https:\/\/es.wikipedia.org\/wiki\/Receptor_cannabinoide_de_tipo_1\">de<\/a> la web a los analistas en Jap\u00f3n. Estos ejemplos conten\u00edan entre 77 y 165 mg por cada art\u00edculo.<\/p>\n<p>Debido a la forma en que se vend\u00eda, es casi <a href=\"https:\/\/en.wikipedia.org\/wiki\/JWH-250\">seguro<\/a> que los individuos han entrado en contacto con JWH-250 sin reconocerlo.<\/p>\n<p>Masa molar: 335,439 g\/mol<\/p>\n<p>ChEMBL Id: 188031<\/p>\n<p>ID de ChemSpider: 23256117<\/p>\n<p>PubChem CID: 44397540<\/p>\n<p>Receta: C22H25NO2<\/p>\n<p>JWH-250 de buena calidad en l\u00ednea: se entiende completamente que las personas no conf\u00edan r\u00e1pidamente en la calidad del JWH-250 que se vende en l\u00ednea porque no pueden examinarlo f\u00edsicamente. Pero no es lo mismo con los proveedores en l\u00ednea de Online JWH-250. Los productos aqu\u00ed son fieles a su descripci\u00f3n con un mantenimiento de alta calidad realizado bajo la supervisi\u00f3n de expertos.<\/p>\n<p>Env\u00edo r\u00e1pido y discreto: la entrega del JWH-250 en l\u00ednea despu\u00e9s de recibir el pedido se realiza dentro del plazo prometido. El equipo de env\u00edo pone todo su esfuerzo en hacer que el procedimiento de env\u00edo y entrega sea sencillo y r\u00e1pido. Tambi\u00e9n puede esperar excelentes servicios al comprar JWH-250 en l\u00ednea del profesional en la plataforma en l\u00ednea.<\/p>\n","protected":false},"excerpt":{"rendered":"<p>Comprar <a href=\"https:\/\/en.wikipedia.org\/wiki\/JWH-250\">JWH-250<\/a> en la web. JWH-250 es un agonista del receptor cannabinoide fabricado que ha sido identificado en art\u00edculos desde la \u00faltima parte de la d\u00e9cada de 2000. Fue creado por el Dr. John W. Huffman y un informe sobre \u00e9l fue distribuido en 2005 por Huffman et al Purchase JWH-250 on the web.<\/p>\n","protected":false},"featured_media":9213,"comment_status":"open","ping_status":"closed","template":"","meta":{"_acf_changed":false,"_monsterinsights_skip_tracking":false,"_monsterinsights_sitenote_active":false,"_monsterinsights_sitenote_note":"","_monsterinsights_sitenote_category":0},"product_brand":[],"product_cat":[53],"product_tag":[390,398,369,370,371,372,402,399,400,373,378,381,387,374,375,379,382,397,384,386,380,395,389,396,391,377,392,407,409,408,410,406,404,383,376,394,393,405,385,403,401,388],"class_list":{"0":"post-9208","1":"product","2":"type-product","3":"status-publish","4":"has-post-thumbnail","6":"product_cat-productos-quimicos-de-investigacion","7":"product_tag-best-spot-to-purchase-jwh-250","8":"product_tag-buy-jwh-250","9":"product_tag-buy-jwh-250-at-affordable-prices","10":"product_tag-buy-jwh-250-for-personal-use","11":"product_tag-buy-jwh-250-online","12":"product_tag-buy-legit-jwh-250-for-sale-webpage","13":"product_tag-buy-modest-jwh-250-for-plant-use","14":"product_tag-buy-modest-jwh-250-online","15":"product_tag-buy-modest-mephedrone-online","16":"product_tag-how-to-buy-cheap-jwh-250-worlwide-shipping","17":"product_tag-how-to-purchase-modest-jwh-250-worlwide-dispatching","18":"product_tag-jwh-250-available-to-be-purchased","19":"product_tag-jwh-250-deal","20":"product_tag-jwh-250-drug-for-sale","21":"product_tag-jwh-250-for-sale","22":"product_tag-jwh-250-medication-available-to-be-purchased","23":"product_tag-jwh-250-plant-nourishment-for-sale","24":"product_tag-jwh-250-purchase","25":"product_tag-jwh-250-purchase-sites","26":"product_tag-jwh-250-request","27":"product_tag-jwh-250-shower-salts-available-to-be-purchased","28":"product_tag-jwh-250-store","29":"product_tag-jwh-250-where-to-purchase","30":"product_tag-jwh-250-wholesale","31":"product_tag-mjwh-250-providers","32":"product_tag-purchase-genuine-jwh-250-available-to-be-purchased-page","33":"product_tag-purchase-jwh-250","34":"product_tag-purchase-jwh-250-at-modest-value","35":"product_tag-purchase-jwh-250-available-to-be-purchased","36":"product_tag-purchase-jwh-250-for-individual-use","37":"product_tag-purchase-jwh-250-on-the-web","38":"product_tag-purchase-mass-jwh-250","39":"product_tag-purchase-modest-jwh-250","40":"product_tag-quality-jwh-250-available-to-be-purchased","41":"product_tag-quality-jwh-250-for-sale","42":"product_tag-shop-jwh-250","43":"product_tag-unadulterated-jwh-250","44":"product_tag-where-to-get-jwh-250-available-to-be-purchased","45":"product_tag-where-to-purchase-jwh-250","46":"product_tag-where-to-purchase-jwh-250for-individual-use","47":"product_tag-where-to-purchase-modest-jwh-250-shop","48":"product_tag-where-would-i-be-able-to-purchase-jwh-250","50":"first","51":"instock","52":"sale","53":"featured","54":"shipping-taxable","55":"purchasable","56":"product-type-variable","57":"has-default-attributes"},"acf":[],"yoast_head":"<!-- This site is optimized with the Yoast SEO plugin v27.2 - https:\/\/yoast.com\/product\/yoast-seo-wordpress\/ -->\n<title>Polvo de JWH-250 a la venta en l\u00ednea | Global Meds Inc.<\/title>\n<meta name=\"description\" content=\"Polvo de JWH-250 a la venta en l\u00ednea. Vendemos polvo JWH-250 de la mejor calidad. Por favor cont\u00e1ctenos para m\u00e1s informaci\u00f3n y precios.\" \/>\n<meta name=\"robots\" content=\"index, follow, max-snippet:-1, max-image-preview:large, max-video-preview:-1\" \/>\n<link rel=\"canonical\" href=\"https:\/\/globalmedsonlineinc.com\/es\/product\/productos-quimicos-de-investigacion\/jwh-250\/\" \/>\n<meta property=\"og:locale\" content=\"es_ES\" \/>\n<meta property=\"og:type\" content=\"article\" \/>\n<meta property=\"og:title\" content=\"Polvo de JWH-250 a la venta en l\u00ednea | Global Meds Inc.\" \/>\n<meta property=\"og:description\" content=\"Polvo de JWH-250 a la venta en l\u00ednea. Vendemos polvo JWH-250 de la mejor calidad. Por favor cont\u00e1ctenos para m\u00e1s informaci\u00f3n y precios.\" \/>\n<meta property=\"og:url\" content=\"https:\/\/globalmedsonlineinc.com\/es\/product\/productos-quimicos-de-investigacion\/jwh-250\/\" \/>\n<meta property=\"og:site_name\" content=\"Global Meds Inc\" \/>\n<meta property=\"article:modified_time\" content=\"2024-02-19T15:40:15+00:00\" \/>\n<meta property=\"og:image\" content=\"https:\/\/globalmedsonlineinc.com\/es\/content\/media\/uploads\/sites\/6\/2021\/07\/jwh-250.jpg\" \/>\n\t<meta property=\"og:image:width\" content=\"1200\" \/>\n\t<meta property=\"og:image:height\" content=\"1200\" \/>\n\t<meta property=\"og:image:type\" content=\"image\/jpeg\" \/>\n<meta name=\"twitter:card\" content=\"summary_large_image\" \/>\n<meta name=\"twitter:label1\" content=\"Tiempo de lectura\" \/>\n\t<meta name=\"twitter:data1\" content=\"2 minutos\" \/>\n<script type=\"application\/ld+json\" class=\"yoast-schema-graph\">{\"@context\":\"https:\/\/schema.org\",\"@graph\":[{\"@type\":\"WebPage\",\"@id\":\"https:\/\/globalmedsonlineinc.com\/es\/product\/productos-quimicos-de-investigacion\/jwh-250\/\",\"url\":\"https:\/\/globalmedsonlineinc.com\/es\/product\/productos-quimicos-de-investigacion\/jwh-250\/\",\"name\":\"Polvo de JWH-250 a la venta en l\u00ednea | Global Meds Inc.\",\"isPartOf\":{\"@id\":\"https:\/\/globalmedsonlineinc.com\/es\/#website\"},\"primaryImageOfPage\":{\"@id\":\"https:\/\/globalmedsonlineinc.com\/es\/product\/productos-quimicos-de-investigacion\/jwh-250\/#primaryimage\"},\"image\":{\"@id\":\"https:\/\/globalmedsonlineinc.com\/es\/product\/productos-quimicos-de-investigacion\/jwh-250\/#primaryimage\"},\"thumbnailUrl\":\"https:\/\/globalmedsonlineinc.com\/es\/content\/media\/uploads\/sites\/6\/2021\/07\/jwh-250.jpg\",\"datePublished\":\"2021-07-02T21:05:42+00:00\",\"dateModified\":\"2024-02-19T15:40:15+00:00\",\"description\":\"Polvo de JWH-250 a la venta en l\u00ednea. Vendemos polvo JWH-250 de la mejor calidad. Por favor cont\u00e1ctenos para m\u00e1s informaci\u00f3n y precios.\",\"breadcrumb\":{\"@id\":\"https:\/\/globalmedsonlineinc.com\/es\/product\/productos-quimicos-de-investigacion\/jwh-250\/#breadcrumb\"},\"inLanguage\":\"es\",\"potentialAction\":[{\"@type\":\"ReadAction\",\"target\":[\"https:\/\/globalmedsonlineinc.com\/es\/product\/productos-quimicos-de-investigacion\/jwh-250\/\"]}]},{\"@type\":\"ImageObject\",\"inLanguage\":\"es\",\"@id\":\"https:\/\/globalmedsonlineinc.com\/es\/product\/productos-quimicos-de-investigacion\/jwh-250\/#primaryimage\",\"url\":\"https:\/\/globalmedsonlineinc.com\/es\/content\/media\/uploads\/sites\/6\/2021\/07\/jwh-250.jpg\",\"contentUrl\":\"https:\/\/globalmedsonlineinc.com\/es\/content\/media\/uploads\/sites\/6\/2021\/07\/jwh-250.jpg\",\"width\":1200,\"height\":1200,\"caption\":\"Polvo de JWH-250 a la venta en l\u00ednea\"},{\"@type\":\"BreadcrumbList\",\"@id\":\"https:\/\/globalmedsonlineinc.com\/es\/product\/productos-quimicos-de-investigacion\/jwh-250\/#breadcrumb\",\"itemListElement\":[{\"@type\":\"ListItem\",\"position\":1,\"name\":\"Home\",\"item\":\"https:\/\/globalmedsonlineinc.com\/es\/\"},{\"@type\":\"ListItem\",\"position\":2,\"name\":\"Productos\",\"item\":\"https:\/\/globalmedsonlineinc.com\/es\/productos\/\"},{\"@type\":\"ListItem\",\"position\":3,\"name\":\"Compre JWH-250 en l\u00ednea\"}]},{\"@type\":\"WebSite\",\"@id\":\"https:\/\/globalmedsonlineinc.com\/es\/#website\",\"url\":\"https:\/\/globalmedsonlineinc.com\/es\/\",\"name\":\"Global Meds Inc\",\"description\":\"\",\"potentialAction\":[{\"@type\":\"SearchAction\",\"target\":{\"@type\":\"EntryPoint\",\"urlTemplate\":\"https:\/\/globalmedsonlineinc.com\/es\/?s={search_term_string}\"},\"query-input\":{\"@type\":\"PropertyValueSpecification\",\"valueRequired\":true,\"valueName\":\"search_term_string\"}}],\"inLanguage\":\"es\"}]}<\/script>\n<!-- \/ Yoast SEO plugin. -->","yoast_head_json":{"title":"Polvo de JWH-250 a la venta en l\u00ednea | Global Meds Inc.","description":"Polvo de JWH-250 a la venta en l\u00ednea. Vendemos polvo JWH-250 de la mejor calidad. Por favor cont\u00e1ctenos para m\u00e1s informaci\u00f3n y precios.","robots":{"index":"index","follow":"follow","max-snippet":"max-snippet:-1","max-image-preview":"max-image-preview:large","max-video-preview":"max-video-preview:-1"},"canonical":"https:\/\/globalmedsonlineinc.com\/es\/product\/productos-quimicos-de-investigacion\/jwh-250\/","og_locale":"es_ES","og_type":"article","og_title":"Polvo de JWH-250 a la venta en l\u00ednea | Global Meds Inc.","og_description":"Polvo de JWH-250 a la venta en l\u00ednea. Vendemos polvo JWH-250 de la mejor calidad. Por favor cont\u00e1ctenos para m\u00e1s informaci\u00f3n y precios.","og_url":"https:\/\/globalmedsonlineinc.com\/es\/product\/productos-quimicos-de-investigacion\/jwh-250\/","og_site_name":"Global Meds Inc","article_modified_time":"2024-02-19T15:40:15+00:00","og_image":[{"width":1200,"height":1200,"url":"https:\/\/globalmedsonlineinc.com\/es\/content\/media\/uploads\/sites\/6\/2021\/07\/jwh-250.jpg","type":"image\/jpeg"}],"twitter_card":"summary_large_image","twitter_misc":{"Tiempo de lectura":"2 minutos"},"schema":{"@context":"https:\/\/schema.org","@graph":[{"@type":"WebPage","@id":"https:\/\/globalmedsonlineinc.com\/es\/product\/productos-quimicos-de-investigacion\/jwh-250\/","url":"https:\/\/globalmedsonlineinc.com\/es\/product\/productos-quimicos-de-investigacion\/jwh-250\/","name":"Polvo de JWH-250 a la venta en l\u00ednea | Global Meds Inc.","isPartOf":{"@id":"https:\/\/globalmedsonlineinc.com\/es\/#website"},"primaryImageOfPage":{"@id":"https:\/\/globalmedsonlineinc.com\/es\/product\/productos-quimicos-de-investigacion\/jwh-250\/#primaryimage"},"image":{"@id":"https:\/\/globalmedsonlineinc.com\/es\/product\/productos-quimicos-de-investigacion\/jwh-250\/#primaryimage"},"thumbnailUrl":"https:\/\/globalmedsonlineinc.com\/es\/content\/media\/uploads\/sites\/6\/2021\/07\/jwh-250.jpg","datePublished":"2021-07-02T21:05:42+00:00","dateModified":"2024-02-19T15:40:15+00:00","description":"Polvo de JWH-250 a la venta en l\u00ednea. Vendemos polvo JWH-250 de la mejor calidad. Por favor cont\u00e1ctenos para m\u00e1s informaci\u00f3n y precios.","breadcrumb":{"@id":"https:\/\/globalmedsonlineinc.com\/es\/product\/productos-quimicos-de-investigacion\/jwh-250\/#breadcrumb"},"inLanguage":"es","potentialAction":[{"@type":"ReadAction","target":["https:\/\/globalmedsonlineinc.com\/es\/product\/productos-quimicos-de-investigacion\/jwh-250\/"]}]},{"@type":"ImageObject","inLanguage":"es","@id":"https:\/\/globalmedsonlineinc.com\/es\/product\/productos-quimicos-de-investigacion\/jwh-250\/#primaryimage","url":"https:\/\/globalmedsonlineinc.com\/es\/content\/media\/uploads\/sites\/6\/2021\/07\/jwh-250.jpg","contentUrl":"https:\/\/globalmedsonlineinc.com\/es\/content\/media\/uploads\/sites\/6\/2021\/07\/jwh-250.jpg","width":1200,"height":1200,"caption":"Polvo de JWH-250 a la venta en l\u00ednea"},{"@type":"BreadcrumbList","@id":"https:\/\/globalmedsonlineinc.com\/es\/product\/productos-quimicos-de-investigacion\/jwh-250\/#breadcrumb","itemListElement":[{"@type":"ListItem","position":1,"name":"Home","item":"https:\/\/globalmedsonlineinc.com\/es\/"},{"@type":"ListItem","position":2,"name":"Productos","item":"https:\/\/globalmedsonlineinc.com\/es\/productos\/"},{"@type":"ListItem","position":3,"name":"Compre JWH-250 en l\u00ednea"}]},{"@type":"WebSite","@id":"https:\/\/globalmedsonlineinc.com\/es\/#website","url":"https:\/\/globalmedsonlineinc.com\/es\/","name":"Global Meds Inc","description":"","potentialAction":[{"@type":"SearchAction","target":{"@type":"EntryPoint","urlTemplate":"https:\/\/globalmedsonlineinc.com\/es\/?s={search_term_string}"},"query-input":{"@type":"PropertyValueSpecification","valueRequired":true,"valueName":"search_term_string"}}],"inLanguage":"es"}]}},"_links":{"self":[{"href":"https:\/\/globalmedsonlineinc.com\/es\/wp-json\/wp\/v2\/product\/9208","targetHints":{"allow":["GET"]}}],"collection":[{"href":"https:\/\/globalmedsonlineinc.com\/es\/wp-json\/wp\/v2\/product"}],"about":[{"href":"https:\/\/globalmedsonlineinc.com\/es\/wp-json\/wp\/v2\/types\/product"}],"replies":[{"embeddable":true,"href":"https:\/\/globalmedsonlineinc.com\/es\/wp-json\/wp\/v2\/comments?post=9208"}],"wp:featuredmedia":[{"embeddable":true,"href":"https:\/\/globalmedsonlineinc.com\/es\/wp-json\/wp\/v2\/media\/9213"}],"wp:attachment":[{"href":"https:\/\/globalmedsonlineinc.com\/es\/wp-json\/wp\/v2\/media?parent=9208"}],"wp:term":[{"taxonomy":"product_brand","embeddable":true,"href":"https:\/\/globalmedsonlineinc.com\/es\/wp-json\/wp\/v2\/product_brand?post=9208"},{"taxonomy":"product_cat","embeddable":true,"href":"https:\/\/globalmedsonlineinc.com\/es\/wp-json\/wp\/v2\/product_cat?post=9208"},{"taxonomy":"product_tag","embeddable":true,"href":"https:\/\/globalmedsonlineinc.com\/es\/wp-json\/wp\/v2\/product_tag?post=9208"}],"curies":[{"name":"wp","href":"https:\/\/api.w.org\/{rel}","templated":true}]}}