{"id":9188,"date":"2021-07-02T20:30:30","date_gmt":"2021-07-02T20:30:30","guid":{"rendered":"https:\/\/globalmedsonlineinc.com\/es\/?post_type=product&#038;p=9188"},"modified":"2024-02-19T15:45:05","modified_gmt":"2024-02-19T15:45:05","slug":"metilona","status":"publish","type":"product","link":"https:\/\/globalmedsonlineinc.com\/es\/product\/productos-quimicos-de-investigacion\/metilona\/","title":{"rendered":"Compre metilona en l\u00ednea"},"content":{"rendered":"<h1><span class=\"VIiyi\" lang=\"es\"><span class=\"JLqJ4b ChMk0b\" data-language-for-alternatives=\"es\" data-language-to-translate-into=\"en\" data-phrase-index=\"0\">Cristales de Metilona a la venta en l\u00ednea<br \/>\n<\/span><\/span><\/h1>\n<p><a href=\"https:\/\/globalmedsonlineinc.com\/es\/product\/productos-quimicos-de-investigacion\/metilona\/\"><span class=\"VIiyi\" lang=\"es\"><span class=\"JLqJ4b ChMk0b\" data-language-for-alternatives=\"es\" data-language-to-translate-into=\"en\" data-phrase-index=\"0\">Cristales de Metilona a la venta <\/span><\/span><\/a>en l\u00ednea. Comprar Metilona (Bk-MDMA) barato en l\u00ednea &#8211; Droga global Ofrecemos Bk-MDMA barato en polvo y <em>cristales<\/em> en Reino Unido,<br \/>\nEuropa, Alemania, Rusia, EE.UU. que con muy alta calidad.<\/p>\n<p>Etilona <em>Cristal<\/em> BK-ebdp 4-CMC <em>Cristal<\/em> 3-CMC <em>Cristal<\/em> 4CMC <em>Cristal<\/em> 4-BMC, <em>cristal<\/em> Mefedrona 4mmc MDPV <em>Methylone<\/em> (bk-MDMA)<\/p>\n<p>La metilona es una droga qu\u00edmica de estructura muy <a href=\"https:\/\/es.wikipedia.org\/wiki\/Clorhidrato_de_metilona\">similar<\/a> a la MDMA y con efectos comparables.<\/p>\n<p>La metilona es un estimulante con un ligero efecto alucin\u00f3geno. Como es una sustancia relativamente nueva, se denomina sustancia qu\u00edmica de investigaci\u00f3n. Se recomienda tratar la metilona con precauci\u00f3n: debido a su corta existencia no se han realizado muchas investigaciones y no se sabe mucho sobre los efectos a largo plazo o las tasas de adicci\u00f3n.<\/p>\n<p>Por lo general, se ofrece en forma de polvo, pero tambi\u00e9n circulan pastillas. Al igual que con el XTC, estas pastillas pueden diferir en tama\u00f1o, color y potencia.<\/p>\n<p>La metilona puede adquirirse en First Trust Chemical en cualquiera de sus tres formas: cristales grandes (nuestra m\u00e1s popular), polvo farmac\u00e9utico fino o cristales peque\u00f1os. Por favor, vea nuestra lista de otros productos finos disponibles para usted ahora. First Trust Chemical es su proveedor de productos de alta calidad y puede comprar ahora.<\/p>\n<h6>SU CUENTA SER\u00c1 TRATADA CON CUIDADO PARA COMPRAR METILONA<\/h6>\n<p>Todas las consultas de ventas son confidenciales. Cuando se convierte en cliente, la informaci\u00f3n de su cuenta nunca se comparte ni se distribuye. Es posible que le hagamos preguntas antes de proceder a la venta que usted solicita, pero esto es por su propia seguridad. First Trust Chemical quiere ser conocido s\u00f3lo por la alta calidad y la satisfacci\u00f3n del cliente.<\/p>\n<p>Una vez que su compra es aprobada por First Trust Chemical para comprar . Su entrega est\u00e1 garantizada. No prometemos la venta de ning\u00fan pedido que no podamos entregar.<\/p>\n<p>La metilona es una droga qu\u00edmica que es muy similar en estructura a la MDMA y tiene efectos comparables. es un estimulante con un efecto alucin\u00f3geno suave. Debido a que es una sustancia relativamente nueva, se le llama producto qu\u00edmico de investigaci\u00f3n. Se recomienda tratar la metilona con precauci\u00f3n: debido a su corta existencia no se han realizado muchas investigaciones y no se sabe mucho sobre los efectos a largo plazo o las tasas de adicci\u00f3n.<\/p>\n<p>Normalmente, se ofrece en forma de polvo, pero tambi\u00e9n circulan pastillas. Al igual que con el XTC, estas pastillas pueden diferir en tama\u00f1o, color y potencia.<\/p>\n<p>Metilona de buena calidad en l\u00ednea: se entiende completamente que las personas no conf\u00edan r\u00e1pidamente en la calidad de la metilona en l\u00ednea que se vende en l\u00ednea porque no pueden examinarla f\u00edsicamente. Pero no es lo mismo con los proveedores en l\u00ednea de metilona en l\u00ednea. Los productos aqu\u00ed son fieles a su descripci\u00f3n con un mantenimiento de alta calidad realizado bajo la supervisi\u00f3n de expertos.<\/p>\n<p>Env\u00edo r\u00e1pido y discreto: la entrega de la metilona en l\u00ednea despu\u00e9s de recibir el pedido se realiza dentro del plazo prometido. El equipo de env\u00edo pone todo su esfuerzo en hacer que el procedimiento de env\u00edo y entrega sea sencillo y r\u00e1pido. Tambi\u00e9n puede esperar excelentes servicios al comprar Metilona en l\u00ednea del profesional en la plataforma en l\u00ednea.<\/p>\n","protected":false},"excerpt":{"rendered":"<p>La metilona es un estimulante con un ligero efecto alucin\u00f3geno. Como es una sustancia relativamente nueva, se denomina producto qu\u00edmico de investigaci\u00f3n. Se recomienda tratar la metilona con precauci\u00f3n: debido a su corta existencia no se han realizado muchas investigaciones y no se sabe mucho sobre los efectos a largo plazo o las tasas de adicci\u00f3n.<\/p>\n","protected":false},"featured_media":9195,"comment_status":"open","ping_status":"closed","template":"","meta":{"_acf_changed":false,"_monsterinsights_skip_tracking":false,"_monsterinsights_sitenote_active":false,"_monsterinsights_sitenote_note":"","_monsterinsights_sitenote_category":0},"product_brand":[],"product_cat":[53],"product_tag":[348,349,350,351,352,353,354],"class_list":{"0":"post-9188","1":"product","2":"type-product","3":"status-publish","4":"has-post-thumbnail","6":"product_cat-productos-quimicos-de-investigacion","7":"product_tag-buy-methylone-online","8":"product_tag-how-to-buy-methylone-online","9":"product_tag-methylone","10":"product_tag-methylone-for-sale","11":"product_tag-order-methylone-online","12":"product_tag-purchase-methylone-online","13":"product_tag-where-to-buy-methylone-online","15":"first","16":"instock","17":"shipping-taxable","18":"purchasable","19":"product-type-variable","20":"has-default-attributes"},"acf":[],"yoast_head":"<!-- This site is optimized with the Yoast SEO plugin v27.2 - https:\/\/yoast.com\/product\/yoast-seo-wordpress\/ -->\n<title>Cristales de Metilona a la venta en l\u00ednea | Global Meds Inc.<\/title>\n<meta name=\"description\" content=\"Cristales de Metilona a la venta en l\u00ednea. Vendemos cristales de metilona de la mejor calidad. Por favor cont\u00e1ctenos para m\u00e1s informaci\u00f3n y precios.\" \/>\n<meta name=\"robots\" content=\"index, follow, max-snippet:-1, max-image-preview:large, max-video-preview:-1\" \/>\n<link rel=\"canonical\" href=\"https:\/\/globalmedsonlineinc.com\/es\/product\/productos-quimicos-de-investigacion\/metilona\/\" \/>\n<meta property=\"og:locale\" content=\"es_ES\" \/>\n<meta property=\"og:type\" content=\"article\" \/>\n<meta property=\"og:title\" content=\"Cristales de Metilona a la venta en l\u00ednea | Global Meds Inc.\" \/>\n<meta property=\"og:description\" content=\"Cristales de Metilona a la venta en l\u00ednea. Vendemos cristales de metilona de la mejor calidad. Por favor cont\u00e1ctenos para m\u00e1s informaci\u00f3n y precios.\" \/>\n<meta property=\"og:url\" content=\"https:\/\/globalmedsonlineinc.com\/es\/product\/productos-quimicos-de-investigacion\/metilona\/\" \/>\n<meta property=\"og:site_name\" content=\"Global Meds Inc\" \/>\n<meta property=\"article:modified_time\" content=\"2024-02-19T15:45:05+00:00\" \/>\n<meta property=\"og:image\" content=\"https:\/\/globalmedsonlineinc.com\/es\/content\/media\/uploads\/sites\/6\/2021\/07\/Buy-METHYLONE-CRYSTAL.jpg\" \/>\n\t<meta property=\"og:image:width\" content=\"1200\" \/>\n\t<meta property=\"og:image:height\" content=\"1200\" \/>\n\t<meta property=\"og:image:type\" content=\"image\/jpeg\" \/>\n<meta name=\"twitter:card\" content=\"summary_large_image\" \/>\n<meta name=\"twitter:label1\" content=\"Tiempo de lectura\" \/>\n\t<meta name=\"twitter:data1\" content=\"3 minutos\" \/>\n<script type=\"application\/ld+json\" class=\"yoast-schema-graph\">{\"@context\":\"https:\/\/schema.org\",\"@graph\":[{\"@type\":\"WebPage\",\"@id\":\"https:\/\/globalmedsonlineinc.com\/es\/product\/productos-quimicos-de-investigacion\/metilona\/\",\"url\":\"https:\/\/globalmedsonlineinc.com\/es\/product\/productos-quimicos-de-investigacion\/metilona\/\",\"name\":\"Cristales de Metilona a la venta en l\u00ednea | Global Meds Inc.\",\"isPartOf\":{\"@id\":\"https:\/\/globalmedsonlineinc.com\/es\/#website\"},\"primaryImageOfPage\":{\"@id\":\"https:\/\/globalmedsonlineinc.com\/es\/product\/productos-quimicos-de-investigacion\/metilona\/#primaryimage\"},\"image\":{\"@id\":\"https:\/\/globalmedsonlineinc.com\/es\/product\/productos-quimicos-de-investigacion\/metilona\/#primaryimage\"},\"thumbnailUrl\":\"https:\/\/globalmedsonlineinc.com\/es\/content\/media\/uploads\/sites\/6\/2021\/07\/Buy-METHYLONE-CRYSTAL.jpg\",\"datePublished\":\"2021-07-02T20:30:30+00:00\",\"dateModified\":\"2024-02-19T15:45:05+00:00\",\"description\":\"Cristales de Metilona a la venta en l\u00ednea. Vendemos cristales de metilona de la mejor calidad. Por favor cont\u00e1ctenos para m\u00e1s informaci\u00f3n y precios.\",\"breadcrumb\":{\"@id\":\"https:\/\/globalmedsonlineinc.com\/es\/product\/productos-quimicos-de-investigacion\/metilona\/#breadcrumb\"},\"inLanguage\":\"es\",\"potentialAction\":[{\"@type\":\"ReadAction\",\"target\":[\"https:\/\/globalmedsonlineinc.com\/es\/product\/productos-quimicos-de-investigacion\/metilona\/\"]}]},{\"@type\":\"ImageObject\",\"inLanguage\":\"es\",\"@id\":\"https:\/\/globalmedsonlineinc.com\/es\/product\/productos-quimicos-de-investigacion\/metilona\/#primaryimage\",\"url\":\"https:\/\/globalmedsonlineinc.com\/es\/content\/media\/uploads\/sites\/6\/2021\/07\/Buy-METHYLONE-CRYSTAL.jpg\",\"contentUrl\":\"https:\/\/globalmedsonlineinc.com\/es\/content\/media\/uploads\/sites\/6\/2021\/07\/Buy-METHYLONE-CRYSTAL.jpg\",\"width\":1200,\"height\":1200,\"caption\":\"Cristales de Metilona a la venta online\"},{\"@type\":\"BreadcrumbList\",\"@id\":\"https:\/\/globalmedsonlineinc.com\/es\/product\/productos-quimicos-de-investigacion\/metilona\/#breadcrumb\",\"itemListElement\":[{\"@type\":\"ListItem\",\"position\":1,\"name\":\"Home\",\"item\":\"https:\/\/globalmedsonlineinc.com\/es\/\"},{\"@type\":\"ListItem\",\"position\":2,\"name\":\"Productos\",\"item\":\"https:\/\/globalmedsonlineinc.com\/es\/productos\/\"},{\"@type\":\"ListItem\",\"position\":3,\"name\":\"Compre metilona en l\u00ednea\"}]},{\"@type\":\"WebSite\",\"@id\":\"https:\/\/globalmedsonlineinc.com\/es\/#website\",\"url\":\"https:\/\/globalmedsonlineinc.com\/es\/\",\"name\":\"Global Meds Inc\",\"description\":\"\",\"potentialAction\":[{\"@type\":\"SearchAction\",\"target\":{\"@type\":\"EntryPoint\",\"urlTemplate\":\"https:\/\/globalmedsonlineinc.com\/es\/?s={search_term_string}\"},\"query-input\":{\"@type\":\"PropertyValueSpecification\",\"valueRequired\":true,\"valueName\":\"search_term_string\"}}],\"inLanguage\":\"es\"}]}<\/script>\n<!-- \/ Yoast SEO plugin. -->","yoast_head_json":{"title":"Cristales de Metilona a la venta en l\u00ednea | Global Meds Inc.","description":"Cristales de Metilona a la venta en l\u00ednea. Vendemos cristales de metilona de la mejor calidad. Por favor cont\u00e1ctenos para m\u00e1s informaci\u00f3n y precios.","robots":{"index":"index","follow":"follow","max-snippet":"max-snippet:-1","max-image-preview":"max-image-preview:large","max-video-preview":"max-video-preview:-1"},"canonical":"https:\/\/globalmedsonlineinc.com\/es\/product\/productos-quimicos-de-investigacion\/metilona\/","og_locale":"es_ES","og_type":"article","og_title":"Cristales de Metilona a la venta en l\u00ednea | Global Meds Inc.","og_description":"Cristales de Metilona a la venta en l\u00ednea. Vendemos cristales de metilona de la mejor calidad. Por favor cont\u00e1ctenos para m\u00e1s informaci\u00f3n y precios.","og_url":"https:\/\/globalmedsonlineinc.com\/es\/product\/productos-quimicos-de-investigacion\/metilona\/","og_site_name":"Global Meds Inc","article_modified_time":"2024-02-19T15:45:05+00:00","og_image":[{"width":1200,"height":1200,"url":"https:\/\/globalmedsonlineinc.com\/es\/content\/media\/uploads\/sites\/6\/2021\/07\/Buy-METHYLONE-CRYSTAL.jpg","type":"image\/jpeg"}],"twitter_card":"summary_large_image","twitter_misc":{"Tiempo de lectura":"3 minutos"},"schema":{"@context":"https:\/\/schema.org","@graph":[{"@type":"WebPage","@id":"https:\/\/globalmedsonlineinc.com\/es\/product\/productos-quimicos-de-investigacion\/metilona\/","url":"https:\/\/globalmedsonlineinc.com\/es\/product\/productos-quimicos-de-investigacion\/metilona\/","name":"Cristales de Metilona a la venta en l\u00ednea | Global Meds Inc.","isPartOf":{"@id":"https:\/\/globalmedsonlineinc.com\/es\/#website"},"primaryImageOfPage":{"@id":"https:\/\/globalmedsonlineinc.com\/es\/product\/productos-quimicos-de-investigacion\/metilona\/#primaryimage"},"image":{"@id":"https:\/\/globalmedsonlineinc.com\/es\/product\/productos-quimicos-de-investigacion\/metilona\/#primaryimage"},"thumbnailUrl":"https:\/\/globalmedsonlineinc.com\/es\/content\/media\/uploads\/sites\/6\/2021\/07\/Buy-METHYLONE-CRYSTAL.jpg","datePublished":"2021-07-02T20:30:30+00:00","dateModified":"2024-02-19T15:45:05+00:00","description":"Cristales de Metilona a la venta en l\u00ednea. Vendemos cristales de metilona de la mejor calidad. Por favor cont\u00e1ctenos para m\u00e1s informaci\u00f3n y precios.","breadcrumb":{"@id":"https:\/\/globalmedsonlineinc.com\/es\/product\/productos-quimicos-de-investigacion\/metilona\/#breadcrumb"},"inLanguage":"es","potentialAction":[{"@type":"ReadAction","target":["https:\/\/globalmedsonlineinc.com\/es\/product\/productos-quimicos-de-investigacion\/metilona\/"]}]},{"@type":"ImageObject","inLanguage":"es","@id":"https:\/\/globalmedsonlineinc.com\/es\/product\/productos-quimicos-de-investigacion\/metilona\/#primaryimage","url":"https:\/\/globalmedsonlineinc.com\/es\/content\/media\/uploads\/sites\/6\/2021\/07\/Buy-METHYLONE-CRYSTAL.jpg","contentUrl":"https:\/\/globalmedsonlineinc.com\/es\/content\/media\/uploads\/sites\/6\/2021\/07\/Buy-METHYLONE-CRYSTAL.jpg","width":1200,"height":1200,"caption":"Cristales de Metilona a la venta online"},{"@type":"BreadcrumbList","@id":"https:\/\/globalmedsonlineinc.com\/es\/product\/productos-quimicos-de-investigacion\/metilona\/#breadcrumb","itemListElement":[{"@type":"ListItem","position":1,"name":"Home","item":"https:\/\/globalmedsonlineinc.com\/es\/"},{"@type":"ListItem","position":2,"name":"Productos","item":"https:\/\/globalmedsonlineinc.com\/es\/productos\/"},{"@type":"ListItem","position":3,"name":"Compre metilona en l\u00ednea"}]},{"@type":"WebSite","@id":"https:\/\/globalmedsonlineinc.com\/es\/#website","url":"https:\/\/globalmedsonlineinc.com\/es\/","name":"Global Meds Inc","description":"","potentialAction":[{"@type":"SearchAction","target":{"@type":"EntryPoint","urlTemplate":"https:\/\/globalmedsonlineinc.com\/es\/?s={search_term_string}"},"query-input":{"@type":"PropertyValueSpecification","valueRequired":true,"valueName":"search_term_string"}}],"inLanguage":"es"}]}},"_links":{"self":[{"href":"https:\/\/globalmedsonlineinc.com\/es\/wp-json\/wp\/v2\/product\/9188","targetHints":{"allow":["GET"]}}],"collection":[{"href":"https:\/\/globalmedsonlineinc.com\/es\/wp-json\/wp\/v2\/product"}],"about":[{"href":"https:\/\/globalmedsonlineinc.com\/es\/wp-json\/wp\/v2\/types\/product"}],"replies":[{"embeddable":true,"href":"https:\/\/globalmedsonlineinc.com\/es\/wp-json\/wp\/v2\/comments?post=9188"}],"wp:featuredmedia":[{"embeddable":true,"href":"https:\/\/globalmedsonlineinc.com\/es\/wp-json\/wp\/v2\/media\/9195"}],"wp:attachment":[{"href":"https:\/\/globalmedsonlineinc.com\/es\/wp-json\/wp\/v2\/media?parent=9188"}],"wp:term":[{"taxonomy":"product_brand","embeddable":true,"href":"https:\/\/globalmedsonlineinc.com\/es\/wp-json\/wp\/v2\/product_brand?post=9188"},{"taxonomy":"product_cat","embeddable":true,"href":"https:\/\/globalmedsonlineinc.com\/es\/wp-json\/wp\/v2\/product_cat?post=9188"},{"taxonomy":"product_tag","embeddable":true,"href":"https:\/\/globalmedsonlineinc.com\/es\/wp-json\/wp\/v2\/product_tag?post=9188"}],"curies":[{"name":"wp","href":"https:\/\/api.w.org\/{rel}","templated":true}]}}