{"id":9098,"date":"2021-07-02T17:16:05","date_gmt":"2021-07-02T17:16:05","guid":{"rendered":"https:\/\/globalmedsonlineinc.com\/es\/?post_type=product&#038;p=9098"},"modified":"2025-11-27T23:31:36","modified_gmt":"2025-11-27T23:31:36","slug":"adderall","status":"publish","type":"product","link":"https:\/\/globalmedsonlineinc.com\/es\/product\/analgesicos\/adderall\/","title":{"rendered":"Compre pastillas de Adderall en l\u00ednea"},"content":{"rendered":"<h1>Compre Adderall en l\u00ednea sin receta: env\u00edo r\u00e1pido y discreto a todo el mundo<\/h1>\n<p><a href=\"https:\/\/globalmedsonlineinc.com\/es\/product\/analgesicos\/adderall\/\">Compre Adderall en l\u00ednea sin receta<\/a>. \u00bfTiene problemas de concentraci\u00f3n, hiperactividad o ataques de sue\u00f1o repentinos? Compre Adderall en l\u00ednea en Global Meds Inc. para una soluci\u00f3n confiable para controlar eficazmente los s\u00edntomas del TDAH y la narcolepsia. Nuestras pastillas de Adderall de 30 mg combinan anfetamina y dextroanfetamina para estimular sustancias qu\u00edmicas cerebrales como la dopamina y la noradrenalina, mejorando el estado de alerta, la energ\u00eda y el control de los impulsos. Como proveedor confiable para comprar Adderall en l\u00ednea sin receta, ofrecemos gen\u00e9ricos de primera calidad a precios inmejorables desde 250 \u20ac, con opciones de compra al por mayor de hasta 1200 \u20ac para un suministro prolongado.<\/p>\n<p>\u00bfPor qu\u00e9 elegir Adderall de 30 mg para el tratamiento del TDAH y la narcolepsia?<\/p>\n<p>Adderall es un estimulante del sistema nervioso central ampliamente utilizado en EE. UU. y Canad\u00e1 para tratar el trastorno por d\u00e9ficit de atenci\u00f3n e hiperactividad (TDAH) y la narcolepsia. A diferencia de otros medicamentos, act\u00faa directamente sobre los neurotransmisores, ayudando a los usuarios a mantener la atenci\u00f3n durante el trabajo, los estudios o las tareas diarias. Sus principales beneficios incluyen:<\/p>\n<p>Mejor enfoque y concentraci\u00f3n: Reduce las distracciones y la hiperactividad, ideal para estudiantes o profesionales.<br \/>\nMayor energ\u00eda: Aumenta la frecuencia card\u00edaca y el flujo sangu\u00edneo para una energ\u00eda sostenida sin bajones.<br \/>\nAlivio r\u00e1pido de los s\u00edntomas: Efectos notables en cuesti\u00f3n de horas, lo que promueve mejores patrones de sue\u00f1o si se usa seg\u00fan las indicaciones.<\/p>\n<p>Se acabaron las colas en las farmacias y los problemas con las recetas. Con Adderall en l\u00ednea, obtiene acceso instant\u00e1neo a productos aut\u00e9nticos con pureza y potencia verificadas. Adem\u00e1s, disfrute de opciones de entrega al d\u00eda siguiente para necesidades urgentes: el empaque 100 % discreto garantiza su privacidad en todo momento.<\/p>\n<p>Dosificaci\u00f3n y precauciones para un uso seguro<\/p>\n<p>Para obtener resultados \u00f3ptimos, comience con la dosis recomendada de Adderall de 30 mg una o dos veces al d\u00eda, seg\u00fan las indicaciones de un profesional de la salud. Se recomienda tomarlo por la ma\u00f1ana para evitar la interrupci\u00f3n del sue\u00f1o. Consulte siempre a un m\u00e9dico si padece afecciones como hipertensi\u00f3n arterial, glaucoma, cardiopat\u00edas o antecedentes de abuso de sustancias.<\/p>\n<p>Advertencias importantes:<\/p>\n<p>Evite combinarlo con inhibidores de la MAO (p. ej., isocarboxazida) en los \u00faltimos 14 d\u00edas para evitar interacciones graves.<br \/>\nNo apto para personas con alergias a estimulantes, ansiedad grave o problemas de adicci\u00f3n.<br \/>\nPosibles efectos secundarios: Supresi\u00f3n del apetito que provoca p\u00e9rdida de peso, irritabilidad o inquietud. El abuso puede causar dependencia, depresi\u00f3n o riesgos card\u00edacos; \u00faselo con responsabilidad.<\/p>\n<p>En Global Meds Inc., la seguridad es nuestra prioridad. Proporcionamos gu\u00edas detalladas con cada pedido de Adderall en l\u00ednea para minimizar los riesgos y maximizar los beneficios.<\/p>\n<p>Todas las transacciones est\u00e1n cifradas y son seguras, con garant\u00eda de devoluci\u00f3n de dinero si no queda completamente satisfecho. Compre Adderall 30 mg en l\u00ednea hoy mismo y experimente un alivio sin complicaciones de los s\u00edntomas del TDAH.<\/p>\n<p>Env\u00edos r\u00e1pidos y discretos, adem\u00e1s de atenci\u00f3n al cliente<\/p>\n<p>Realizamos env\u00edos a todo el mundo con entrega discreta de Adderall: su paquete llega en sobres sencillos en un plazo de 3 a 7 d\u00edas laborables, o al d\u00eda siguiente en ubicaciones seleccionadas. Rastree su pedido en tiempo real y contacte con nuestro servicio de atenci\u00f3n al cliente 24\/7 para cualquier consulta.<\/p>\n<p>No deje que el TDAH le impida seguir adelante. Pida Adderall online sin receta ahora y recupere su concentraci\u00f3n. \u00a1Disponibilidad limitada! \u00a1Consiga el suyo hoy mismo!<\/p>\n<p>Aviso legal: Este producto es solo para fines informativos. Consulte a un m\u00e9dico antes de usarlo. Global Meds Inc. promueve el acceso responsable a los medicamentos.<\/p>\n","protected":false},"excerpt":{"rendered":"<p>Adderall 30 MG es un tipo de droga que se forma mediante la combinaci\u00f3n y dextroanfetamina. Estos dos componentes sirven como estimulantes primarios de un sistema nervioso. Adem\u00e1s, estos estimulantes impacto en los productos qu\u00edmicos del cerebro y los nervios para controlar el impulso y la hiperactividad<\/p>\n","protected":false},"featured_media":9100,"comment_status":"open","ping_status":"closed","template":"","meta":{"_acf_changed":false,"_monsterinsights_skip_tracking":false,"_monsterinsights_sitenote_active":false,"_monsterinsights_sitenote_note":"","_monsterinsights_sitenote_category":0},"product_brand":[],"product_cat":[52],"product_tag":[178,179,180,181,182,183,184],"class_list":{"0":"post-9098","1":"product","2":"type-product","3":"status-publish","4":"has-post-thumbnail","6":"product_cat-analgesicos","7":"product_tag-adderall-30-mg-for-sale","8":"product_tag-buy-adderall-30-mg-online","9":"product_tag-how-to-buy-adderall-30-mg-online","10":"product_tag-order-adderall-30-mg-online","11":"product_tag-purchase-adderall-30-mg-online","12":"product_tag-the-best-place-to-buy-adderall-30-mg-online","13":"product_tag-where-to-buy-adderall-30-mg-online","15":"first","16":"instock","17":"shipping-taxable","18":"purchasable","19":"product-type-variable","20":"has-default-attributes"},"acf":[],"yoast_head":"<!-- This site is optimized with the Yoast SEO plugin v27.2 - https:\/\/yoast.com\/product\/yoast-seo-wordpress\/ -->\n<title>Compre Adderall en l\u00ednea sin receta | Global Meds Inc.<\/title>\n<meta name=\"description\" content=\"Compre Adderall 30 mg en l\u00ednea sin receta en Global Meds Inc. \u2013 Env\u00edo r\u00e1pido y discreto para el alivio del TDAH y la narcolepsia. Pastillas premium desde 250 \u20ac. \u00a1Pedidos seguros sin receta con garant\u00eda de devoluci\u00f3n de dinero!\" \/>\n<meta name=\"robots\" content=\"index, follow, max-snippet:-1, max-image-preview:large, max-video-preview:-1\" \/>\n<link rel=\"canonical\" href=\"https:\/\/globalmedsonlineinc.com\/es\/product\/analgesicos\/adderall\/\" \/>\n<meta property=\"og:locale\" content=\"es_ES\" \/>\n<meta property=\"og:type\" content=\"article\" \/>\n<meta property=\"og:title\" content=\"Compre Adderall en l\u00ednea sin receta | Global Meds Inc.\" \/>\n<meta property=\"og:description\" content=\"Compre Adderall 30 mg en l\u00ednea sin receta en Global Meds Inc. \u2013 Env\u00edo r\u00e1pido y discreto para el alivio del TDAH y la narcolepsia. Pastillas premium desde 250 \u20ac. \u00a1Pedidos seguros sin receta con garant\u00eda de devoluci\u00f3n de dinero!\" \/>\n<meta property=\"og:url\" content=\"https:\/\/globalmedsonlineinc.com\/es\/product\/analgesicos\/adderall\/\" \/>\n<meta property=\"og:site_name\" content=\"Global Meds Inc\" \/>\n<meta property=\"article:modified_time\" content=\"2025-11-27T23:31:36+00:00\" \/>\n<meta property=\"og:image\" content=\"https:\/\/globalmedsonlineinc.com\/es\/content\/media\/uploads\/sites\/6\/2021\/07\/Buy-Adderall-30-MG.jpg\" \/>\n\t<meta property=\"og:image:width\" content=\"1200\" \/>\n\t<meta property=\"og:image:height\" content=\"1200\" \/>\n\t<meta property=\"og:image:type\" content=\"image\/jpeg\" \/>\n<meta name=\"twitter:card\" content=\"summary_large_image\" \/>\n<meta name=\"twitter:label1\" content=\"Tiempo de lectura\" \/>\n\t<meta name=\"twitter:data1\" content=\"3 minutos\" \/>\n<script type=\"application\/ld+json\" class=\"yoast-schema-graph\">{\"@context\":\"https:\/\/schema.org\",\"@graph\":[{\"@type\":\"WebPage\",\"@id\":\"https:\/\/globalmedsonlineinc.com\/es\/product\/analgesicos\/adderall\/\",\"url\":\"https:\/\/globalmedsonlineinc.com\/es\/product\/analgesicos\/adderall\/\",\"name\":\"Compre Adderall en l\u00ednea sin receta | Global Meds Inc.\",\"isPartOf\":{\"@id\":\"https:\/\/globalmedsonlineinc.com\/es\/#website\"},\"primaryImageOfPage\":{\"@id\":\"https:\/\/globalmedsonlineinc.com\/es\/product\/analgesicos\/adderall\/#primaryimage\"},\"image\":{\"@id\":\"https:\/\/globalmedsonlineinc.com\/es\/product\/analgesicos\/adderall\/#primaryimage\"},\"thumbnailUrl\":\"https:\/\/globalmedsonlineinc.com\/es\/content\/media\/uploads\/sites\/6\/2021\/07\/Buy-Adderall-30-MG.jpg\",\"datePublished\":\"2021-07-02T17:16:05+00:00\",\"dateModified\":\"2025-11-27T23:31:36+00:00\",\"description\":\"Compre Adderall 30 mg en l\u00ednea sin receta en Global Meds Inc. \u2013 Env\u00edo r\u00e1pido y discreto para el alivio del TDAH y la narcolepsia. Pastillas premium desde 250 \u20ac. \u00a1Pedidos seguros sin receta con garant\u00eda de devoluci\u00f3n de dinero!\",\"breadcrumb\":{\"@id\":\"https:\/\/globalmedsonlineinc.com\/es\/product\/analgesicos\/adderall\/#breadcrumb\"},\"inLanguage\":\"es\",\"potentialAction\":[{\"@type\":\"ReadAction\",\"target\":[\"https:\/\/globalmedsonlineinc.com\/es\/product\/analgesicos\/adderall\/\"]}]},{\"@type\":\"ImageObject\",\"inLanguage\":\"es\",\"@id\":\"https:\/\/globalmedsonlineinc.com\/es\/product\/analgesicos\/adderall\/#primaryimage\",\"url\":\"https:\/\/globalmedsonlineinc.com\/es\/content\/media\/uploads\/sites\/6\/2021\/07\/Buy-Adderall-30-MG.jpg\",\"contentUrl\":\"https:\/\/globalmedsonlineinc.com\/es\/content\/media\/uploads\/sites\/6\/2021\/07\/Buy-Adderall-30-MG.jpg\",\"width\":1200,\"height\":1200,\"caption\":\"Compre Adderall en l\u00ednea sin receta\"},{\"@type\":\"BreadcrumbList\",\"@id\":\"https:\/\/globalmedsonlineinc.com\/es\/product\/analgesicos\/adderall\/#breadcrumb\",\"itemListElement\":[{\"@type\":\"ListItem\",\"position\":1,\"name\":\"Home\",\"item\":\"https:\/\/globalmedsonlineinc.com\/es\/\"},{\"@type\":\"ListItem\",\"position\":2,\"name\":\"Productos\",\"item\":\"https:\/\/globalmedsonlineinc.com\/es\/productos\/\"},{\"@type\":\"ListItem\",\"position\":3,\"name\":\"Compre pastillas de Adderall en l\u00ednea\"}]},{\"@type\":\"WebSite\",\"@id\":\"https:\/\/globalmedsonlineinc.com\/es\/#website\",\"url\":\"https:\/\/globalmedsonlineinc.com\/es\/\",\"name\":\"Global Meds Inc\",\"description\":\"\",\"potentialAction\":[{\"@type\":\"SearchAction\",\"target\":{\"@type\":\"EntryPoint\",\"urlTemplate\":\"https:\/\/globalmedsonlineinc.com\/es\/?s={search_term_string}\"},\"query-input\":{\"@type\":\"PropertyValueSpecification\",\"valueRequired\":true,\"valueName\":\"search_term_string\"}}],\"inLanguage\":\"es\"}]}<\/script>\n<!-- \/ Yoast SEO plugin. -->","yoast_head_json":{"title":"Compre Adderall en l\u00ednea sin receta | Global Meds Inc.","description":"Compre Adderall 30 mg en l\u00ednea sin receta en Global Meds Inc. \u2013 Env\u00edo r\u00e1pido y discreto para el alivio del TDAH y la narcolepsia. Pastillas premium desde 250 \u20ac. \u00a1Pedidos seguros sin receta con garant\u00eda de devoluci\u00f3n de dinero!","robots":{"index":"index","follow":"follow","max-snippet":"max-snippet:-1","max-image-preview":"max-image-preview:large","max-video-preview":"max-video-preview:-1"},"canonical":"https:\/\/globalmedsonlineinc.com\/es\/product\/analgesicos\/adderall\/","og_locale":"es_ES","og_type":"article","og_title":"Compre Adderall en l\u00ednea sin receta | Global Meds Inc.","og_description":"Compre Adderall 30 mg en l\u00ednea sin receta en Global Meds Inc. \u2013 Env\u00edo r\u00e1pido y discreto para el alivio del TDAH y la narcolepsia. Pastillas premium desde 250 \u20ac. \u00a1Pedidos seguros sin receta con garant\u00eda de devoluci\u00f3n de dinero!","og_url":"https:\/\/globalmedsonlineinc.com\/es\/product\/analgesicos\/adderall\/","og_site_name":"Global Meds Inc","article_modified_time":"2025-11-27T23:31:36+00:00","og_image":[{"width":1200,"height":1200,"url":"https:\/\/globalmedsonlineinc.com\/es\/content\/media\/uploads\/sites\/6\/2021\/07\/Buy-Adderall-30-MG.jpg","type":"image\/jpeg"}],"twitter_card":"summary_large_image","twitter_misc":{"Tiempo de lectura":"3 minutos"},"schema":{"@context":"https:\/\/schema.org","@graph":[{"@type":"WebPage","@id":"https:\/\/globalmedsonlineinc.com\/es\/product\/analgesicos\/adderall\/","url":"https:\/\/globalmedsonlineinc.com\/es\/product\/analgesicos\/adderall\/","name":"Compre Adderall en l\u00ednea sin receta | Global Meds Inc.","isPartOf":{"@id":"https:\/\/globalmedsonlineinc.com\/es\/#website"},"primaryImageOfPage":{"@id":"https:\/\/globalmedsonlineinc.com\/es\/product\/analgesicos\/adderall\/#primaryimage"},"image":{"@id":"https:\/\/globalmedsonlineinc.com\/es\/product\/analgesicos\/adderall\/#primaryimage"},"thumbnailUrl":"https:\/\/globalmedsonlineinc.com\/es\/content\/media\/uploads\/sites\/6\/2021\/07\/Buy-Adderall-30-MG.jpg","datePublished":"2021-07-02T17:16:05+00:00","dateModified":"2025-11-27T23:31:36+00:00","description":"Compre Adderall 30 mg en l\u00ednea sin receta en Global Meds Inc. \u2013 Env\u00edo r\u00e1pido y discreto para el alivio del TDAH y la narcolepsia. Pastillas premium desde 250 \u20ac. \u00a1Pedidos seguros sin receta con garant\u00eda de devoluci\u00f3n de dinero!","breadcrumb":{"@id":"https:\/\/globalmedsonlineinc.com\/es\/product\/analgesicos\/adderall\/#breadcrumb"},"inLanguage":"es","potentialAction":[{"@type":"ReadAction","target":["https:\/\/globalmedsonlineinc.com\/es\/product\/analgesicos\/adderall\/"]}]},{"@type":"ImageObject","inLanguage":"es","@id":"https:\/\/globalmedsonlineinc.com\/es\/product\/analgesicos\/adderall\/#primaryimage","url":"https:\/\/globalmedsonlineinc.com\/es\/content\/media\/uploads\/sites\/6\/2021\/07\/Buy-Adderall-30-MG.jpg","contentUrl":"https:\/\/globalmedsonlineinc.com\/es\/content\/media\/uploads\/sites\/6\/2021\/07\/Buy-Adderall-30-MG.jpg","width":1200,"height":1200,"caption":"Compre Adderall en l\u00ednea sin receta"},{"@type":"BreadcrumbList","@id":"https:\/\/globalmedsonlineinc.com\/es\/product\/analgesicos\/adderall\/#breadcrumb","itemListElement":[{"@type":"ListItem","position":1,"name":"Home","item":"https:\/\/globalmedsonlineinc.com\/es\/"},{"@type":"ListItem","position":2,"name":"Productos","item":"https:\/\/globalmedsonlineinc.com\/es\/productos\/"},{"@type":"ListItem","position":3,"name":"Compre pastillas de Adderall en l\u00ednea"}]},{"@type":"WebSite","@id":"https:\/\/globalmedsonlineinc.com\/es\/#website","url":"https:\/\/globalmedsonlineinc.com\/es\/","name":"Global Meds Inc","description":"","potentialAction":[{"@type":"SearchAction","target":{"@type":"EntryPoint","urlTemplate":"https:\/\/globalmedsonlineinc.com\/es\/?s={search_term_string}"},"query-input":{"@type":"PropertyValueSpecification","valueRequired":true,"valueName":"search_term_string"}}],"inLanguage":"es"}]}},"_links":{"self":[{"href":"https:\/\/globalmedsonlineinc.com\/es\/wp-json\/wp\/v2\/product\/9098","targetHints":{"allow":["GET"]}}],"collection":[{"href":"https:\/\/globalmedsonlineinc.com\/es\/wp-json\/wp\/v2\/product"}],"about":[{"href":"https:\/\/globalmedsonlineinc.com\/es\/wp-json\/wp\/v2\/types\/product"}],"replies":[{"embeddable":true,"href":"https:\/\/globalmedsonlineinc.com\/es\/wp-json\/wp\/v2\/comments?post=9098"}],"wp:featuredmedia":[{"embeddable":true,"href":"https:\/\/globalmedsonlineinc.com\/es\/wp-json\/wp\/v2\/media\/9100"}],"wp:attachment":[{"href":"https:\/\/globalmedsonlineinc.com\/es\/wp-json\/wp\/v2\/media?parent=9098"}],"wp:term":[{"taxonomy":"product_brand","embeddable":true,"href":"https:\/\/globalmedsonlineinc.com\/es\/wp-json\/wp\/v2\/product_brand?post=9098"},{"taxonomy":"product_cat","embeddable":true,"href":"https:\/\/globalmedsonlineinc.com\/es\/wp-json\/wp\/v2\/product_cat?post=9098"},{"taxonomy":"product_tag","embeddable":true,"href":"https:\/\/globalmedsonlineinc.com\/es\/wp-json\/wp\/v2\/product_tag?post=9098"}],"curies":[{"name":"wp","href":"https:\/\/api.w.org\/{rel}","templated":true}]}}