{"id":9086,"date":"2021-07-02T17:04:14","date_gmt":"2021-07-02T17:04:14","guid":{"rendered":"https:\/\/globalmedsonlineinc.com\/es\/?post_type=product&#038;p=9086"},"modified":"2025-11-27T23:30:24","modified_gmt":"2025-11-27T23:30:24","slug":"oxicodona","status":"publish","type":"product","link":"https:\/\/globalmedsonlineinc.com\/es\/product\/analgesicos\/oxicodona\/","title":{"rendered":"Compre pastillas de oxicodona en l\u00ednea"},"content":{"rendered":"<h1>Compre oxicodona en l\u00ednea: Alivio r\u00e1pido para el dolor moderado a intenso<\/h1>\n<p><a href=\"https:\/\/globalmedsonlineinc.com\/es\/product\/analgesicos\/oxicodona\/\">Compre oxicodona en l\u00ednea sin receta<\/a>. \u00bfSufre de dolor persistente de moderado a intenso que interrumpe su vida diaria? La oxicodona en l\u00ednea ofrece una soluci\u00f3n confiable, brindando un potente alivio del dolor desde la comodidad de su hogar. En Global Meds Inc., puede comprar oxicodona en l\u00ednea sin receta de forma r\u00e1pida y segura. Nuestra oxicodona de alta calidad est\u00e1 disponible en diversas concentraciones, formas, tama\u00f1os y colores, adaptados a sus necesidades, ya sea en forma de p\u00edldora o l\u00edquido para una administraci\u00f3n m\u00e1s sencilla.<\/p>\n<p>Como opioide semisint\u00e9tico, la oxicodona es el ingrediente activo de muchos analg\u00e9sicos de confianza, a menudo combinado con acetaminof\u00e9n, aspirina o ibuprofeno para potenciar sus efectos. Conocida com\u00fanmente bajo nombres comerciales como OxyContin, se receta para afecciones como dolor de espalda cr\u00f3nico, recuperaci\u00f3n posquir\u00fargica o molestias relacionadas con lesiones. Olv\u00eddate de las molestias de las visitas al m\u00e9dico y las filas en la farmacia: pide oxicodona en l\u00ednea hoy mismo y siente la diferencia.<\/p>\n<p>\u00bfPor qu\u00e9 elegir oxicodona para el control del dolor?<\/p>\n<p>Las pastillas de oxicodona son la opci\u00f3n ideal para un control eficaz del dolor gracias a su f\u00f3rmula de acci\u00f3n r\u00e1pida. Estas son sus caracter\u00edsticas:<\/p>\n<p>Alivio potente del dolor: Alivia el dolor de moderado a intenso, ayud\u00e1ndote a recuperar la movilidad y la tranquilidad.<br \/>\nDosis flexibles: Disponibles en m\u00faltiples concentraciones para adaptarse a tus necesidades espec\u00edficas, desde dosis bajas para el control diario hasta dosis m\u00e1s altas para episodios agudos.<br \/>\nPresentaciones vers\u00e1tiles: Elige entre pastillas f\u00e1ciles de tragar u oxicodona l\u00edquida para quienes prefieren alternativas.<br \/>\nSin receta: Simplificamos la compra de oxicodona en l\u00ednea sin receta, garantizando privacidad y comodidad.<\/p>\n<p>Ya sea que est\u00e9s lidiando con problemas cr\u00f3nicos como artritis, neuropat\u00eda o recuper\u00e1ndote de un accidente, comprar oxicodona en l\u00ednea con nosotros te garantiza calidad farmac\u00e9utica bajo la supervisi\u00f3n de expertos. Adem\u00e1s, nuestro inventario incluye analg\u00e9sicos relacionados como OxyContin, Percocet, hidrocodona, tramadol y morfina para un alivio completo.<\/p>\n<p>Precios asequibles y opciones de pago seguras<\/p>\n<p>Creemos que el alivio del dolor no deber\u00eda ser costoso. Nuestra oxicodona a la venta comienza desde tan solo 220 \u20ac por un suministro est\u00e1ndar, con opciones de compra al por mayor de hasta 300 \u20ac para un mayor valor. Disfrute de precios transparentes sin cargos ocultos y aproveche nuestra garant\u00eda de devoluci\u00f3n de dinero para su total tranquilidad.<\/p>\n<p>Pague sin complicaciones con m\u00e9todos seguros como tarjetas de cr\u00e9dito, monederos electr\u00f3nicos y transferencias bancarias. Una vez realizado su pedido, espere la confirmaci\u00f3n en minutos: compre pastillas de oxicodona en l\u00ednea y comience su camino hacia el alivio hoy mismo.<\/p>\n<p>Env\u00edo discreto y ultrarr\u00e1pido a todo el mundo<\/p>\n<p>En Global Meds Inc., priorizamos su privacidad y rapidez. Nuestro env\u00edo discreto garantiza que su paquete llegue sin dejar rastro:<\/p>\n<p>Entrega expr\u00e9s: Opciones de entrega al d\u00eda siguiente o en 24 horas para necesidades urgentes. Empaque discreto: Sellado en papel de aluminio, envuelto con tungsteno y papel carb\u00f3n para evitar los rayos X de la aduana; sin etiquetas ni marcas.<br \/>\nServicio a domicilio: Directo a su puerta, elegantemente camuflado en papel de regalo sencillo.<br \/>\nTasa de \u00e9xito del 100 %: Hemos logrado un r\u00e9cord perfecto de entregas exitosas, con atenci\u00f3n al cliente completa en cada paso del proceso.<\/p>\n<p>Olv\u00eddese de las demoras o la detecci\u00f3n: pida oxicodona en l\u00ednea y rec\u00edbala de forma segura, ya sea en Europa, EE. UU. o cualquier otro lugar. Realizamos env\u00edos a todo el mundo con seguimiento disponible si lo solicita.<\/p>\n<p>C\u00f3mo comprar oxicodona en l\u00ednea de forma segura con nosotros<\/p>\n<p>Comenzar es muy f\u00e1cil:<\/p>\n<p>Explore y seleccione: Elija la dosis y cantidad de oxicodona que prefiera de nuestro cat\u00e1logo f\u00e1cil de navegar.<br \/>\nA\u00f1adir al carrito: Asegure la venta de sus pastillas de oxicodona con un solo clic.<br \/>\nPague de forma segura: Introduzca sus datos (nunca almacenamos informaci\u00f3n confidencial) y complete el pago. Rastrea tu pedido: Recibe actualizaciones y disfruta de la entrega en tan solo 24 horas.<\/p>\n<p>Nuestro equipo de atenci\u00f3n al cliente est\u00e1 disponible las 24 horas, los 7 d\u00edas de la semana, para cualquier pregunta. Cont\u00e1ctanos por chat, correo electr\u00f3nico o tel\u00e9fono. Con una satisfacci\u00f3n del cliente del 100%, miles de personas conf\u00edan en Global Meds Inc. para sus necesidades de analg\u00e9sicos en l\u00ednea.<\/p>\n<p>Descubre m\u00e1s opciones para aliviar el dolor<\/p>\n<p>\u00bfBuscas alternativas? Disponemos de una amplia gama de analg\u00e9sicos con receta sin receta, incluyendo:<\/p>\n<p>Xanax para el dolor relacionado con la ansiedad<br \/>\nDilaudid y Demerol para un alivio intenso<br \/>\nMetadona, Roxycodone y Adderall para un tratamiento multifac\u00e9tico<br \/>\nDiazepam, Ritalin, Concerta y m\u00e1s para un bienestar integral<br \/>\nPide ahora y acaba con tu dolor hoy mismo<\/p>\n<p>No dejes que el dolor controle tu vida por m\u00e1s tiempo. Compra oxicodona en l\u00ednea sin receta en Global Meds Inc. y disfruta de una calidad, precio y servicio inigualables. A\u00f1\u00e1delo al carrito ahora y da el primer paso hacia un alivio duradero: \u00a1tu alivio est\u00e1 a solo un clic!<\/p>\n<p>Sea el primero en revisar nuestras pastillas de oxicodona y compartir su historia de \u00e9xito.<\/p>\n","protected":false},"excerpt":{"rendered":"<p>La oxicodona es un f\u00e1rmaco de precio moderado que se utiliza para tratar el dolor de moderado a intenso. Este f\u00e1rmaco es ligeramente m\u00e1s popular que otros comparables.<\/p>\n","protected":false},"featured_media":9097,"comment_status":"open","ping_status":"closed","template":"","meta":{"_acf_changed":false,"_monsterinsights_skip_tracking":false,"_monsterinsights_sitenote_active":false,"_monsterinsights_sitenote_note":"","_monsterinsights_sitenote_category":0},"product_brand":[],"product_cat":[52],"product_tag":[161,162,163,164,165,166,167,168,169,170,171,172,173,174,175,176,177],"class_list":{"0":"post-9086","1":"product","2":"type-product","3":"status-publish","4":"has-post-thumbnail","6":"product_cat-analgesicos","7":"product_tag-buy-roxycodone-online","8":"product_tag-how-to-get-roxycodone","9":"product_tag-order-roxycodone","10":"product_tag-oxycodone-30mg-for-sale","11":"product_tag-oxycodone-for-sale-no-prescription","12":"product_tag-oxycodone-for-sale-overseas","13":"product_tag-oxycodone-pills-for-sale-online","14":"product_tag-oxycodone-powder-for-sale","15":"product_tag-oxycontin-80mg-for-sale","16":"product_tag-oxycontin-80mg-for-sale-online","17":"product_tag-oxycontin-for-sale","18":"product_tag-oxycontin-for-sale-no-prescription","19":"product_tag-oxycontin-for-sale-online","20":"product_tag-oxycontin-pills-for-sale","21":"product_tag-oxycontin-tablets-for-sale","22":"product_tag-roxycodone-for-sale","23":"product_tag-roxycodone-pills-for-sale-online","25":"first","26":"instock","27":"shipping-taxable","28":"purchasable","29":"product-type-variable","30":"has-default-attributes"},"acf":[],"yoast_head":"<!-- This site is optimized with the Yoast SEO plugin v27.2 - https:\/\/yoast.com\/product\/yoast-seo-wordpress\/ -->\n<title>Compre oxicodona en l\u00ednea sin receta | Global Meds Inc.<\/title>\n<meta name=\"description\" content=\"Compre pastillas de oxicodona en l\u00ednea sin receta para un alivio r\u00e1pido y eficaz del dolor moderado a intenso. Env\u00edo discreto, sin tr\u00e1mites aduaneros y precios asequibles desde 220 \u20ac. \u00a1Compre ahora en Global Meds Inc. y reciba un env\u00edo expr\u00e9s seguro!\" \/>\n<meta name=\"robots\" content=\"index, follow, max-snippet:-1, max-image-preview:large, max-video-preview:-1\" \/>\n<link rel=\"canonical\" href=\"https:\/\/globalmedsonlineinc.com\/es\/product\/analgesicos\/oxicodona\/\" \/>\n<meta property=\"og:locale\" content=\"es_ES\" \/>\n<meta property=\"og:type\" content=\"article\" \/>\n<meta property=\"og:title\" content=\"Compre oxicodona en l\u00ednea sin receta | Global Meds Inc.\" \/>\n<meta property=\"og:description\" content=\"Compre pastillas de oxicodona en l\u00ednea sin receta para un alivio r\u00e1pido y eficaz del dolor moderado a intenso. Env\u00edo discreto, sin tr\u00e1mites aduaneros y precios asequibles desde 220 \u20ac. \u00a1Compre ahora en Global Meds Inc. y reciba un env\u00edo expr\u00e9s seguro!\" \/>\n<meta property=\"og:url\" content=\"https:\/\/globalmedsonlineinc.com\/es\/product\/analgesicos\/oxicodona\/\" \/>\n<meta property=\"og:site_name\" content=\"Global Meds Inc\" \/>\n<meta property=\"article:modified_time\" content=\"2025-11-27T23:30:24+00:00\" \/>\n<meta property=\"og:image\" content=\"https:\/\/globalmedsonlineinc.com\/es\/content\/media\/uploads\/sites\/6\/2021\/07\/OXYCODONE-30mg-15-MG-1.png\" \/>\n\t<meta property=\"og:image:width\" content=\"590\" \/>\n\t<meta property=\"og:image:height\" content=\"472\" \/>\n\t<meta property=\"og:image:type\" content=\"image\/png\" \/>\n<meta name=\"twitter:card\" content=\"summary_large_image\" \/>\n<meta name=\"twitter:label1\" content=\"Tiempo de lectura\" \/>\n\t<meta name=\"twitter:data1\" content=\"5 minutos\" \/>\n<script type=\"application\/ld+json\" class=\"yoast-schema-graph\">{\"@context\":\"https:\/\/schema.org\",\"@graph\":[{\"@type\":\"WebPage\",\"@id\":\"https:\/\/globalmedsonlineinc.com\/es\/product\/analgesicos\/oxicodona\/\",\"url\":\"https:\/\/globalmedsonlineinc.com\/es\/product\/analgesicos\/oxicodona\/\",\"name\":\"Compre oxicodona en l\u00ednea sin receta | Global Meds Inc.\",\"isPartOf\":{\"@id\":\"https:\/\/globalmedsonlineinc.com\/es\/#website\"},\"primaryImageOfPage\":{\"@id\":\"https:\/\/globalmedsonlineinc.com\/es\/product\/analgesicos\/oxicodona\/#primaryimage\"},\"image\":{\"@id\":\"https:\/\/globalmedsonlineinc.com\/es\/product\/analgesicos\/oxicodona\/#primaryimage\"},\"thumbnailUrl\":\"https:\/\/globalmedsonlineinc.com\/es\/content\/media\/uploads\/sites\/6\/2021\/07\/OXYCODONE-30mg-15-MG-1.png\",\"datePublished\":\"2021-07-02T17:04:14+00:00\",\"dateModified\":\"2025-11-27T23:30:24+00:00\",\"description\":\"Compre pastillas de oxicodona en l\u00ednea sin receta para un alivio r\u00e1pido y eficaz del dolor moderado a intenso. Env\u00edo discreto, sin tr\u00e1mites aduaneros y precios asequibles desde 220 \u20ac. \u00a1Compre ahora en Global Meds Inc. y reciba un env\u00edo expr\u00e9s seguro!\",\"breadcrumb\":{\"@id\":\"https:\/\/globalmedsonlineinc.com\/es\/product\/analgesicos\/oxicodona\/#breadcrumb\"},\"inLanguage\":\"es\",\"potentialAction\":[{\"@type\":\"ReadAction\",\"target\":[\"https:\/\/globalmedsonlineinc.com\/es\/product\/analgesicos\/oxicodona\/\"]}]},{\"@type\":\"ImageObject\",\"inLanguage\":\"es\",\"@id\":\"https:\/\/globalmedsonlineinc.com\/es\/product\/analgesicos\/oxicodona\/#primaryimage\",\"url\":\"https:\/\/globalmedsonlineinc.com\/es\/content\/media\/uploads\/sites\/6\/2021\/07\/OXYCODONE-30mg-15-MG-1.png\",\"contentUrl\":\"https:\/\/globalmedsonlineinc.com\/es\/content\/media\/uploads\/sites\/6\/2021\/07\/OXYCODONE-30mg-15-MG-1.png\",\"width\":590,\"height\":472,\"caption\":\"Compre oxicodona en l\u00ednea sin receta\"},{\"@type\":\"BreadcrumbList\",\"@id\":\"https:\/\/globalmedsonlineinc.com\/es\/product\/analgesicos\/oxicodona\/#breadcrumb\",\"itemListElement\":[{\"@type\":\"ListItem\",\"position\":1,\"name\":\"Home\",\"item\":\"https:\/\/globalmedsonlineinc.com\/es\/\"},{\"@type\":\"ListItem\",\"position\":2,\"name\":\"Productos\",\"item\":\"https:\/\/globalmedsonlineinc.com\/es\/productos\/\"},{\"@type\":\"ListItem\",\"position\":3,\"name\":\"Compre pastillas de oxicodona en l\u00ednea\"}]},{\"@type\":\"WebSite\",\"@id\":\"https:\/\/globalmedsonlineinc.com\/es\/#website\",\"url\":\"https:\/\/globalmedsonlineinc.com\/es\/\",\"name\":\"Global Meds Inc\",\"description\":\"\",\"potentialAction\":[{\"@type\":\"SearchAction\",\"target\":{\"@type\":\"EntryPoint\",\"urlTemplate\":\"https:\/\/globalmedsonlineinc.com\/es\/?s={search_term_string}\"},\"query-input\":{\"@type\":\"PropertyValueSpecification\",\"valueRequired\":true,\"valueName\":\"search_term_string\"}}],\"inLanguage\":\"es\"}]}<\/script>\n<!-- \/ Yoast SEO plugin. -->","yoast_head_json":{"title":"Compre oxicodona en l\u00ednea sin receta | Global Meds Inc.","description":"Compre pastillas de oxicodona en l\u00ednea sin receta para un alivio r\u00e1pido y eficaz del dolor moderado a intenso. Env\u00edo discreto, sin tr\u00e1mites aduaneros y precios asequibles desde 220 \u20ac. \u00a1Compre ahora en Global Meds Inc. y reciba un env\u00edo expr\u00e9s seguro!","robots":{"index":"index","follow":"follow","max-snippet":"max-snippet:-1","max-image-preview":"max-image-preview:large","max-video-preview":"max-video-preview:-1"},"canonical":"https:\/\/globalmedsonlineinc.com\/es\/product\/analgesicos\/oxicodona\/","og_locale":"es_ES","og_type":"article","og_title":"Compre oxicodona en l\u00ednea sin receta | Global Meds Inc.","og_description":"Compre pastillas de oxicodona en l\u00ednea sin receta para un alivio r\u00e1pido y eficaz del dolor moderado a intenso. Env\u00edo discreto, sin tr\u00e1mites aduaneros y precios asequibles desde 220 \u20ac. \u00a1Compre ahora en Global Meds Inc. y reciba un env\u00edo expr\u00e9s seguro!","og_url":"https:\/\/globalmedsonlineinc.com\/es\/product\/analgesicos\/oxicodona\/","og_site_name":"Global Meds Inc","article_modified_time":"2025-11-27T23:30:24+00:00","og_image":[{"width":590,"height":472,"url":"https:\/\/globalmedsonlineinc.com\/es\/content\/media\/uploads\/sites\/6\/2021\/07\/OXYCODONE-30mg-15-MG-1.png","type":"image\/png"}],"twitter_card":"summary_large_image","twitter_misc":{"Tiempo de lectura":"5 minutos"},"schema":{"@context":"https:\/\/schema.org","@graph":[{"@type":"WebPage","@id":"https:\/\/globalmedsonlineinc.com\/es\/product\/analgesicos\/oxicodona\/","url":"https:\/\/globalmedsonlineinc.com\/es\/product\/analgesicos\/oxicodona\/","name":"Compre oxicodona en l\u00ednea sin receta | Global Meds Inc.","isPartOf":{"@id":"https:\/\/globalmedsonlineinc.com\/es\/#website"},"primaryImageOfPage":{"@id":"https:\/\/globalmedsonlineinc.com\/es\/product\/analgesicos\/oxicodona\/#primaryimage"},"image":{"@id":"https:\/\/globalmedsonlineinc.com\/es\/product\/analgesicos\/oxicodona\/#primaryimage"},"thumbnailUrl":"https:\/\/globalmedsonlineinc.com\/es\/content\/media\/uploads\/sites\/6\/2021\/07\/OXYCODONE-30mg-15-MG-1.png","datePublished":"2021-07-02T17:04:14+00:00","dateModified":"2025-11-27T23:30:24+00:00","description":"Compre pastillas de oxicodona en l\u00ednea sin receta para un alivio r\u00e1pido y eficaz del dolor moderado a intenso. Env\u00edo discreto, sin tr\u00e1mites aduaneros y precios asequibles desde 220 \u20ac. \u00a1Compre ahora en Global Meds Inc. y reciba un env\u00edo expr\u00e9s seguro!","breadcrumb":{"@id":"https:\/\/globalmedsonlineinc.com\/es\/product\/analgesicos\/oxicodona\/#breadcrumb"},"inLanguage":"es","potentialAction":[{"@type":"ReadAction","target":["https:\/\/globalmedsonlineinc.com\/es\/product\/analgesicos\/oxicodona\/"]}]},{"@type":"ImageObject","inLanguage":"es","@id":"https:\/\/globalmedsonlineinc.com\/es\/product\/analgesicos\/oxicodona\/#primaryimage","url":"https:\/\/globalmedsonlineinc.com\/es\/content\/media\/uploads\/sites\/6\/2021\/07\/OXYCODONE-30mg-15-MG-1.png","contentUrl":"https:\/\/globalmedsonlineinc.com\/es\/content\/media\/uploads\/sites\/6\/2021\/07\/OXYCODONE-30mg-15-MG-1.png","width":590,"height":472,"caption":"Compre oxicodona en l\u00ednea sin receta"},{"@type":"BreadcrumbList","@id":"https:\/\/globalmedsonlineinc.com\/es\/product\/analgesicos\/oxicodona\/#breadcrumb","itemListElement":[{"@type":"ListItem","position":1,"name":"Home","item":"https:\/\/globalmedsonlineinc.com\/es\/"},{"@type":"ListItem","position":2,"name":"Productos","item":"https:\/\/globalmedsonlineinc.com\/es\/productos\/"},{"@type":"ListItem","position":3,"name":"Compre pastillas de oxicodona en l\u00ednea"}]},{"@type":"WebSite","@id":"https:\/\/globalmedsonlineinc.com\/es\/#website","url":"https:\/\/globalmedsonlineinc.com\/es\/","name":"Global Meds Inc","description":"","potentialAction":[{"@type":"SearchAction","target":{"@type":"EntryPoint","urlTemplate":"https:\/\/globalmedsonlineinc.com\/es\/?s={search_term_string}"},"query-input":{"@type":"PropertyValueSpecification","valueRequired":true,"valueName":"search_term_string"}}],"inLanguage":"es"}]}},"_links":{"self":[{"href":"https:\/\/globalmedsonlineinc.com\/es\/wp-json\/wp\/v2\/product\/9086","targetHints":{"allow":["GET"]}}],"collection":[{"href":"https:\/\/globalmedsonlineinc.com\/es\/wp-json\/wp\/v2\/product"}],"about":[{"href":"https:\/\/globalmedsonlineinc.com\/es\/wp-json\/wp\/v2\/types\/product"}],"replies":[{"embeddable":true,"href":"https:\/\/globalmedsonlineinc.com\/es\/wp-json\/wp\/v2\/comments?post=9086"}],"wp:featuredmedia":[{"embeddable":true,"href":"https:\/\/globalmedsonlineinc.com\/es\/wp-json\/wp\/v2\/media\/9097"}],"wp:attachment":[{"href":"https:\/\/globalmedsonlineinc.com\/es\/wp-json\/wp\/v2\/media?parent=9086"}],"wp:term":[{"taxonomy":"product_brand","embeddable":true,"href":"https:\/\/globalmedsonlineinc.com\/es\/wp-json\/wp\/v2\/product_brand?post=9086"},{"taxonomy":"product_cat","embeddable":true,"href":"https:\/\/globalmedsonlineinc.com\/es\/wp-json\/wp\/v2\/product_cat?post=9086"},{"taxonomy":"product_tag","embeddable":true,"href":"https:\/\/globalmedsonlineinc.com\/es\/wp-json\/wp\/v2\/product_tag?post=9086"}],"curies":[{"name":"wp","href":"https:\/\/api.w.org\/{rel}","templated":true}]}}