{"id":8978,"date":"2021-06-30T20:58:46","date_gmt":"2021-06-30T20:58:46","guid":{"rendered":"https:\/\/globalmedsonlineinc.com\/es\/?post_type=product&#038;p=8978"},"modified":"2024-02-19T16:07:36","modified_gmt":"2024-02-19T16:07:36","slug":"comprar-fenobarbital-phenobarbital-luminal","status":"publish","type":"product","link":"https:\/\/globalmedsonlineinc.com\/es\/product\/nembutal-pentobarbital\/comprar-fenobarbital-phenobarbital-luminal\/","title":{"rendered":"Comprar Fenobarbital (Phenobarbital) \/ Luminal"},"content":{"rendered":"<h1 class=\"lRu31\" dir=\"ltr\"><span class=\"HwtZe\" lang=\"es\"><span class=\"jCAhz ChMk0b\"><span class=\"ryNqvb\">Tabletas de fenobarbital a la venta en l\u00ednea<\/span><\/span><\/span><\/h1>\n<p><span class=\"VIiyi\" lang=\"es\"><span class=\"JLqJ4b ChMk0b\" data-language-for-alternatives=\"es\" data-language-to-translate-into=\"en\" data-phrase-index=\"0\"><a href=\"https:\/\/globalmedsonlineinc.com\/es\/product\/nembutal-pentobarbital\/comprar-fenobarbital-phenobarbital-luminal\/\"><span class=\"HwtZe\" lang=\"es\"><span class=\"jCAhz ChMk0b\"><span class=\"ryNqvb\">Tabletas de <\/span><\/span><\/span>Fenobarbital Luminal a la venta en l\u00ednea<\/a>. <\/span><\/span>La farmacia de Nembutal en l\u00ednea es una farmacia <a href=\"https:\/\/es.wikipedia.org\/wiki\/Fenobarbital\">confiable<\/a> que ayuda a las personas a recibir sus medicamentos y drogas de manera conveniente. Si usted est\u00e1 dispuesto a comprar Phenobarbital Luminal en l\u00ednea, entonces no se pierda ninguna oportunidad de visitarnos en l\u00ednea. Estamos vendiendo este medicamento a precios asequibles aqu\u00ed.<\/p>\n<p>Nuestra farmacia en l\u00ednea ha sido consistente en proporcionar a los clientes con medicamentos de primera calidad. Todos los medicamentos se entregan aqu\u00ed dentro del tiempo asignado a los clientes. No tenemos ning\u00fan retraso en nuestro trabajo y somos r\u00e1pidos con cada proceso. Si usted est\u00e1 buscando una farmacia en l\u00ednea como nosotros, entonces con\u00e9ctese con nosotros hoy y ordene comprar Fenobarbital Luminal en l\u00ednea al mejor precio y cons\u00edgalo pronto.<\/p>\n<h6 class=\"tt\">\u00bfC\u00f3mo podemos ayudarle a utilizar con seguridad Fenobarbital Luminal?<\/h6>\n<p>Fenobarbital Luminal es un medicamento eficaz que se utiliza ampliamente para controlar ciertos tipos de convulsiones. Tambi\u00e9n puede utilizar este medicamento para el tratamiento de la ansiedad, los problemas de sue\u00f1o y otros. Es muy importante que hable con su m\u00e9dico antes de usar este medicamento. Hable con su m\u00e9dico para obtener los detalles completos y luego comenzar la medicaci\u00f3n en Phenobarbital Luminal.<\/p>\n<p>Nuestra farmacia en l\u00ednea da una gu\u00eda de medicaci\u00f3n junto con todos los productos. Estamos aqu\u00ed para ayudarle a comprar Phenobarbital Luminal en l\u00ednea de una manera f\u00e1cil. Llegar a nosotros hoy y hacer uso de los beneficios de esta droga. Estamos aqu\u00ed para servirle con el apoyo constante.<\/p>\n<p>Fenobarbital Luminal de buena calidad en l\u00ednea: Se entiende completamente que las personas no conf\u00edan r\u00e1pidamente en la calidad del Fenobarbital Luminal que se vende en l\u00ednea porque no pueden examinarlo f\u00edsicamente. Pero no es lo mismo con los proveedores en l\u00ednea de Fenobarbital Luminal en l\u00ednea. Los productos aqu\u00ed son fieles a su descripci\u00f3n con un mantenimiento de alta calidad realizado bajo la supervisi\u00f3n de expertos.<\/p>\n<p>Env\u00edo r\u00e1pido y discreto: la entrega del Fenobarbital Luminal en l\u00ednea despu\u00e9s de recibir el pedido se realiza dentro del plazo prometido. El equipo de env\u00edo pone todo su esfuerzo en hacer que el procedimiento de env\u00edo y entrega sea sencillo y r\u00e1pido. Tambi\u00e9n puede esperar excelentes servicios al comprar Phenobarbital Luminal en l\u00ednea del profesional en la plataforma en l\u00ednea.<\/p>\n","protected":false},"excerpt":{"rendered":"<p><strong>\u00bfD\u00f3nde puedo comprar Fenobarbital Luminal al mejor precio?<\/strong><\/p>\n<p>Ahora puede hacer la compra de Phenobarbital Luminal en la farmacia online de Nembutal. Su pedido de Fenobarbital Luminal para la venta se completar\u00e1 en el menor tiempo posible. Todo lo que necesita hacer es golpear a nosotros una llamada, texto o correo electr\u00f3nico hoy y obtener sus medicamentos entregados pronto. \u00a1Con\u00e9ctese ahora!<\/p>\n","protected":false},"featured_media":8995,"comment_status":"closed","ping_status":"closed","template":"","meta":{"_acf_changed":false,"_monsterinsights_skip_tracking":false,"_monsterinsights_sitenote_active":false,"_monsterinsights_sitenote_note":"","_monsterinsights_sitenote_category":0},"product_brand":[],"product_cat":[87],"product_tag":[],"class_list":{"0":"post-8978","1":"product","2":"type-product","3":"status-publish","4":"has-post-thumbnail","6":"product_cat-nembutal-pentobarbital","8":"first","9":"instock","10":"shipping-taxable","11":"purchasable","12":"product-type-variable","13":"has-default-attributes"},"acf":[],"yoast_head":"<!-- This site is optimized with the Yoast SEO plugin v27.2 - https:\/\/yoast.com\/product\/yoast-seo-wordpress\/ -->\n<title>Tabletas de Fenobarbital a la venta en l\u00ednea | Global Meds Inc.<\/title>\n<meta name=\"description\" content=\"Tabletas de Fenobarbital Luminal a la venta en l\u00ednea. Vendemos tabletas de fenobarbital de la mejor calidad. Por favor cont\u00e1ctenos para m\u00e1s informaci\u00f3n.\" \/>\n<meta name=\"robots\" content=\"index, follow, max-snippet:-1, max-image-preview:large, max-video-preview:-1\" \/>\n<link rel=\"canonical\" href=\"https:\/\/globalmedsonlineinc.com\/es\/product\/nembutal-pentobarbital\/comprar-fenobarbital-phenobarbital-luminal\/\" \/>\n<meta property=\"og:locale\" content=\"es_ES\" \/>\n<meta property=\"og:type\" content=\"article\" \/>\n<meta property=\"og:title\" content=\"Tabletas de Fenobarbital a la venta en l\u00ednea | Global Meds Inc.\" \/>\n<meta property=\"og:description\" content=\"Tabletas de Fenobarbital Luminal a la venta en l\u00ednea. Vendemos tabletas de fenobarbital de la mejor calidad. Por favor cont\u00e1ctenos para m\u00e1s informaci\u00f3n.\" \/>\n<meta property=\"og:url\" content=\"https:\/\/globalmedsonlineinc.com\/es\/product\/nembutal-pentobarbital\/comprar-fenobarbital-phenobarbital-luminal\/\" \/>\n<meta property=\"og:site_name\" content=\"Global Meds Inc\" \/>\n<meta property=\"article:modified_time\" content=\"2024-02-19T16:07:36+00:00\" \/>\n<meta property=\"og:image\" content=\"https:\/\/globalmedsonlineinc.com\/es\/content\/media\/uploads\/sites\/6\/2021\/06\/PhenobarbitalLuminal.jpg\" \/>\n\t<meta property=\"og:image:width\" content=\"600\" \/>\n\t<meta property=\"og:image:height\" content=\"600\" \/>\n\t<meta property=\"og:image:type\" content=\"image\/jpeg\" \/>\n<meta name=\"twitter:card\" content=\"summary_large_image\" \/>\n<meta name=\"twitter:label1\" content=\"Tiempo de lectura\" \/>\n\t<meta name=\"twitter:data1\" content=\"2 minutos\" \/>\n<script type=\"application\/ld+json\" class=\"yoast-schema-graph\">{\"@context\":\"https:\/\/schema.org\",\"@graph\":[{\"@type\":\"WebPage\",\"@id\":\"https:\/\/globalmedsonlineinc.com\/es\/product\/nembutal-pentobarbital\/comprar-fenobarbital-phenobarbital-luminal\/\",\"url\":\"https:\/\/globalmedsonlineinc.com\/es\/product\/nembutal-pentobarbital\/comprar-fenobarbital-phenobarbital-luminal\/\",\"name\":\"Tabletas de Fenobarbital a la venta en l\u00ednea | Global Meds Inc.\",\"isPartOf\":{\"@id\":\"https:\/\/globalmedsonlineinc.com\/es\/#website\"},\"primaryImageOfPage\":{\"@id\":\"https:\/\/globalmedsonlineinc.com\/es\/product\/nembutal-pentobarbital\/comprar-fenobarbital-phenobarbital-luminal\/#primaryimage\"},\"image\":{\"@id\":\"https:\/\/globalmedsonlineinc.com\/es\/product\/nembutal-pentobarbital\/comprar-fenobarbital-phenobarbital-luminal\/#primaryimage\"},\"thumbnailUrl\":\"https:\/\/globalmedsonlineinc.com\/es\/content\/media\/uploads\/sites\/6\/2021\/06\/PhenobarbitalLuminal.jpg\",\"datePublished\":\"2021-06-30T20:58:46+00:00\",\"dateModified\":\"2024-02-19T16:07:36+00:00\",\"description\":\"Tabletas de Fenobarbital Luminal a la venta en l\u00ednea. Vendemos tabletas de fenobarbital de la mejor calidad. Por favor cont\u00e1ctenos para m\u00e1s informaci\u00f3n.\",\"breadcrumb\":{\"@id\":\"https:\/\/globalmedsonlineinc.com\/es\/product\/nembutal-pentobarbital\/comprar-fenobarbital-phenobarbital-luminal\/#breadcrumb\"},\"inLanguage\":\"es\",\"potentialAction\":[{\"@type\":\"ReadAction\",\"target\":[\"https:\/\/globalmedsonlineinc.com\/es\/product\/nembutal-pentobarbital\/comprar-fenobarbital-phenobarbital-luminal\/\"]}]},{\"@type\":\"ImageObject\",\"inLanguage\":\"es\",\"@id\":\"https:\/\/globalmedsonlineinc.com\/es\/product\/nembutal-pentobarbital\/comprar-fenobarbital-phenobarbital-luminal\/#primaryimage\",\"url\":\"https:\/\/globalmedsonlineinc.com\/es\/content\/media\/uploads\/sites\/6\/2021\/06\/PhenobarbitalLuminal.jpg\",\"contentUrl\":\"https:\/\/globalmedsonlineinc.com\/es\/content\/media\/uploads\/sites\/6\/2021\/06\/PhenobarbitalLuminal.jpg\",\"width\":600,\"height\":600,\"caption\":\"Fenobarbital Luminal a la venta en l\u00ednea\"},{\"@type\":\"BreadcrumbList\",\"@id\":\"https:\/\/globalmedsonlineinc.com\/es\/product\/nembutal-pentobarbital\/comprar-fenobarbital-phenobarbital-luminal\/#breadcrumb\",\"itemListElement\":[{\"@type\":\"ListItem\",\"position\":1,\"name\":\"Home\",\"item\":\"https:\/\/globalmedsonlineinc.com\/es\/\"},{\"@type\":\"ListItem\",\"position\":2,\"name\":\"Productos\",\"item\":\"https:\/\/globalmedsonlineinc.com\/es\/productos\/\"},{\"@type\":\"ListItem\",\"position\":3,\"name\":\"Comprar Fenobarbital (Phenobarbital) \/ Luminal\"}]},{\"@type\":\"WebSite\",\"@id\":\"https:\/\/globalmedsonlineinc.com\/es\/#website\",\"url\":\"https:\/\/globalmedsonlineinc.com\/es\/\",\"name\":\"Global Meds Inc\",\"description\":\"\",\"potentialAction\":[{\"@type\":\"SearchAction\",\"target\":{\"@type\":\"EntryPoint\",\"urlTemplate\":\"https:\/\/globalmedsonlineinc.com\/es\/?s={search_term_string}\"},\"query-input\":{\"@type\":\"PropertyValueSpecification\",\"valueRequired\":true,\"valueName\":\"search_term_string\"}}],\"inLanguage\":\"es\"}]}<\/script>\n<!-- \/ Yoast SEO plugin. -->","yoast_head_json":{"title":"Tabletas de Fenobarbital a la venta en l\u00ednea | Global Meds Inc.","description":"Tabletas de Fenobarbital Luminal a la venta en l\u00ednea. Vendemos tabletas de fenobarbital de la mejor calidad. Por favor cont\u00e1ctenos para m\u00e1s informaci\u00f3n.","robots":{"index":"index","follow":"follow","max-snippet":"max-snippet:-1","max-image-preview":"max-image-preview:large","max-video-preview":"max-video-preview:-1"},"canonical":"https:\/\/globalmedsonlineinc.com\/es\/product\/nembutal-pentobarbital\/comprar-fenobarbital-phenobarbital-luminal\/","og_locale":"es_ES","og_type":"article","og_title":"Tabletas de Fenobarbital a la venta en l\u00ednea | Global Meds Inc.","og_description":"Tabletas de Fenobarbital Luminal a la venta en l\u00ednea. Vendemos tabletas de fenobarbital de la mejor calidad. Por favor cont\u00e1ctenos para m\u00e1s informaci\u00f3n.","og_url":"https:\/\/globalmedsonlineinc.com\/es\/product\/nembutal-pentobarbital\/comprar-fenobarbital-phenobarbital-luminal\/","og_site_name":"Global Meds Inc","article_modified_time":"2024-02-19T16:07:36+00:00","og_image":[{"width":600,"height":600,"url":"https:\/\/globalmedsonlineinc.com\/es\/content\/media\/uploads\/sites\/6\/2021\/06\/PhenobarbitalLuminal.jpg","type":"image\/jpeg"}],"twitter_card":"summary_large_image","twitter_misc":{"Tiempo de lectura":"2 minutos"},"schema":{"@context":"https:\/\/schema.org","@graph":[{"@type":"WebPage","@id":"https:\/\/globalmedsonlineinc.com\/es\/product\/nembutal-pentobarbital\/comprar-fenobarbital-phenobarbital-luminal\/","url":"https:\/\/globalmedsonlineinc.com\/es\/product\/nembutal-pentobarbital\/comprar-fenobarbital-phenobarbital-luminal\/","name":"Tabletas de Fenobarbital a la venta en l\u00ednea | Global Meds Inc.","isPartOf":{"@id":"https:\/\/globalmedsonlineinc.com\/es\/#website"},"primaryImageOfPage":{"@id":"https:\/\/globalmedsonlineinc.com\/es\/product\/nembutal-pentobarbital\/comprar-fenobarbital-phenobarbital-luminal\/#primaryimage"},"image":{"@id":"https:\/\/globalmedsonlineinc.com\/es\/product\/nembutal-pentobarbital\/comprar-fenobarbital-phenobarbital-luminal\/#primaryimage"},"thumbnailUrl":"https:\/\/globalmedsonlineinc.com\/es\/content\/media\/uploads\/sites\/6\/2021\/06\/PhenobarbitalLuminal.jpg","datePublished":"2021-06-30T20:58:46+00:00","dateModified":"2024-02-19T16:07:36+00:00","description":"Tabletas de Fenobarbital Luminal a la venta en l\u00ednea. Vendemos tabletas de fenobarbital de la mejor calidad. Por favor cont\u00e1ctenos para m\u00e1s informaci\u00f3n.","breadcrumb":{"@id":"https:\/\/globalmedsonlineinc.com\/es\/product\/nembutal-pentobarbital\/comprar-fenobarbital-phenobarbital-luminal\/#breadcrumb"},"inLanguage":"es","potentialAction":[{"@type":"ReadAction","target":["https:\/\/globalmedsonlineinc.com\/es\/product\/nembutal-pentobarbital\/comprar-fenobarbital-phenobarbital-luminal\/"]}]},{"@type":"ImageObject","inLanguage":"es","@id":"https:\/\/globalmedsonlineinc.com\/es\/product\/nembutal-pentobarbital\/comprar-fenobarbital-phenobarbital-luminal\/#primaryimage","url":"https:\/\/globalmedsonlineinc.com\/es\/content\/media\/uploads\/sites\/6\/2021\/06\/PhenobarbitalLuminal.jpg","contentUrl":"https:\/\/globalmedsonlineinc.com\/es\/content\/media\/uploads\/sites\/6\/2021\/06\/PhenobarbitalLuminal.jpg","width":600,"height":600,"caption":"Fenobarbital Luminal a la venta en l\u00ednea"},{"@type":"BreadcrumbList","@id":"https:\/\/globalmedsonlineinc.com\/es\/product\/nembutal-pentobarbital\/comprar-fenobarbital-phenobarbital-luminal\/#breadcrumb","itemListElement":[{"@type":"ListItem","position":1,"name":"Home","item":"https:\/\/globalmedsonlineinc.com\/es\/"},{"@type":"ListItem","position":2,"name":"Productos","item":"https:\/\/globalmedsonlineinc.com\/es\/productos\/"},{"@type":"ListItem","position":3,"name":"Comprar Fenobarbital (Phenobarbital) \/ Luminal"}]},{"@type":"WebSite","@id":"https:\/\/globalmedsonlineinc.com\/es\/#website","url":"https:\/\/globalmedsonlineinc.com\/es\/","name":"Global Meds Inc","description":"","potentialAction":[{"@type":"SearchAction","target":{"@type":"EntryPoint","urlTemplate":"https:\/\/globalmedsonlineinc.com\/es\/?s={search_term_string}"},"query-input":{"@type":"PropertyValueSpecification","valueRequired":true,"valueName":"search_term_string"}}],"inLanguage":"es"}]}},"_links":{"self":[{"href":"https:\/\/globalmedsonlineinc.com\/es\/wp-json\/wp\/v2\/product\/8978","targetHints":{"allow":["GET"]}}],"collection":[{"href":"https:\/\/globalmedsonlineinc.com\/es\/wp-json\/wp\/v2\/product"}],"about":[{"href":"https:\/\/globalmedsonlineinc.com\/es\/wp-json\/wp\/v2\/types\/product"}],"replies":[{"embeddable":true,"href":"https:\/\/globalmedsonlineinc.com\/es\/wp-json\/wp\/v2\/comments?post=8978"}],"wp:featuredmedia":[{"embeddable":true,"href":"https:\/\/globalmedsonlineinc.com\/es\/wp-json\/wp\/v2\/media\/8995"}],"wp:attachment":[{"href":"https:\/\/globalmedsonlineinc.com\/es\/wp-json\/wp\/v2\/media?parent=8978"}],"wp:term":[{"taxonomy":"product_brand","embeddable":true,"href":"https:\/\/globalmedsonlineinc.com\/es\/wp-json\/wp\/v2\/product_brand?post=8978"},{"taxonomy":"product_cat","embeddable":true,"href":"https:\/\/globalmedsonlineinc.com\/es\/wp-json\/wp\/v2\/product_cat?post=8978"},{"taxonomy":"product_tag","embeddable":true,"href":"https:\/\/globalmedsonlineinc.com\/es\/wp-json\/wp\/v2\/product_tag?post=8978"}],"curies":[{"name":"wp","href":"https:\/\/api.w.org\/{rel}","templated":true}]}}