{"id":8973,"date":"2021-06-30T20:56:09","date_gmt":"2021-06-30T20:56:09","guid":{"rendered":"https:\/\/globalmedsonlineinc.com\/es\/?post_type=product&#038;p=8973"},"modified":"2024-02-19T16:09:30","modified_gmt":"2024-02-19T16:09:30","slug":"comprar-seconal-sodico","status":"publish","type":"product","link":"https:\/\/globalmedsonlineinc.com\/es\/product\/nembutal-pentobarbital\/comprar-seconal-sodico\/","title":{"rendered":"Compre Seconal Sodium en l\u00ednea"},"content":{"rendered":"<h1 class=\"lRu31\" dir=\"ltr\"><span class=\"HwtZe\" lang=\"es\"><span class=\"jCAhz ChMk0b\"><span class=\"ryNqvb\">Seconal Sodio a la venta en l\u00ednea<\/span><\/span><\/span><\/h1>\n<div class=\"lRu31\" dir=\"ltr\">\n<div id=\"ow18455\"><a href=\"https:\/\/globalmedsonlineinc.com\/es\/product\/nembutal-pentobarbital\/comprar-seconal-sodico\/\"><span class=\"VIiyi\" lang=\"es\"><span class=\"JLqJ4b ChMk0b C1N51c\" data-language-for-alternatives=\"es\" data-language-to-translate-into=\"en\" data-phrase-index=\"0\"> <span class=\"HwtZe\" lang=\"es\"><span class=\"jCAhz ChMk0b\"><span class=\"ryNqvb\">Seconal Sodio <\/span><\/span><\/span>a la venta <\/span><\/span>en l\u00ednea<\/a><span style=\"font-size: 1rem\">. Farmacia en l\u00ednea Nembutal est\u00e1 ahora disponible con Seconal Sodio a los mejores precios. Si desea comprar Seconal Sodium en l\u00ednea, entonces golpee sus requisitos en nuestra farmacia en l\u00ednea <a href=\"https:\/\/es.wikipedia.org\/wiki\/Secobarbital\">hoy<\/a> y consiga que se cumplan dentro de un corto per\u00edodo de tiempo. Todo lo que necesita hacer es pedir Seconal Sodium y los miembros de nuestro equipo lo preparar\u00e1n y empaquetar\u00e1n para usted seguido de una entrega oportuna. Somos una farmacia profesional y fiable que ha estado trabajando constantemente en esta industria durante d\u00e9cadas. Puede contar con nosotros en t\u00e9rminos de obtener los mejores medicamentos de calidad y eso tambi\u00e9n dentro del per\u00edodo de tiempo mencionado.<\/span><\/div>\n<\/div>\n<h6 class=\"tt\">\u00bfQu\u00e9 puede proporcionarle el Seconal S\u00f3dico? \u00bfPor qu\u00e9 elegirnos para comprarlo?<\/h6>\n<p>Seconal Sodio se utiliza para calmarlo antes de la cirug\u00eda. Seconal Sodio tiene un lugar con una clase de medicamentos conocidos como hipn\u00f3ticos barbit\u00faricos. Funciona influyendo en ciertas partes del cerebro para calmarle. Los adultos mayores deben hablar sobre los riesgos y las ventajas de este medicamento con su m\u00e9dico o especialista en medicamentos, al igual que otros tratamientos potentes y posiblemente m\u00e1s seguros. Lea la Gu\u00eda del Medicamento proporcionada junto con el producto por nuestra farmacia en l\u00ednea antes de empezar a tomar Seconal S\u00f3dico y cada vez que se le remate. Si tiene alguna duda, consulte a su m\u00e9dico o especialista en medicamentos. Tome este medicamento por v\u00eda oral con el est\u00f3mago vac\u00edo, seg\u00fan lo coordinado por su m\u00e9dico antes de la cirug\u00eda.<\/p>\n<p><strong>Seconal Sodio se utiliza exclusivamente para las siguientes afecciones:<\/strong><\/p>\n<ul>\n<li style=\"list-style-type: none\">\n<ul>\n<li>Anestesia local adicional<\/li>\n<\/ul>\n<\/li>\n<\/ul>\n<p>.<\/p>\n<ul>\n<li style=\"list-style-type: none\">\n<ul>\n<li>Agente adicional para inducir la anestesia general<\/li>\n<\/ul>\n<\/li>\n<\/ul>\n<p>.<\/p>\n<p>Seconal Sodium Secobarbital a la venta en la Farmacia Online de Nembutal y le entregaremos el mismo en su ubicaci\u00f3n preferida tan pronto como sea posible. Perm\u00edtanos servirle de la mejor manera posible. Puede confiar plenamente en nuestra farmacia de Nembutal en l\u00ednea y esperar lo mejor de nosotros. Siempre estamos disponibles para nuestros clientes importantes en el cumplimiento de sus necesidades y requisitos. \u00a1P\u00f3ngase en contacto con nosotros de inmediato!<\/p>\n<p>Seconal Sodium de buena calidad en l\u00ednea: Se entiende completamente que las personas no conf\u00edan r\u00e1pidamente en la calidad del Seconal Sodium que se vende en l\u00ednea porque no pueden examinarlo f\u00edsicamente. Pero no es lo mismo con los proveedores en l\u00ednea de Online Seconal Sodium. Los productos aqu\u00ed son fieles a su descripci\u00f3n con un mantenimiento de alta calidad realizado bajo la supervisi\u00f3n de expertos.<\/p>\n<p>Env\u00edo r\u00e1pido y discreto: la entrega de Seconal Sodium en l\u00ednea despu\u00e9s de recibir el pedido se realiza dentro del plazo prometido. El equipo de env\u00edo pone todo su esfuerzo en hacer que el procedimiento de env\u00edo y entrega sea sencillo y r\u00e1pido. Tambi\u00e9n puede esperar excelentes servicios al comprar Seconal Sodium en l\u00ednea del profesional en la plataforma en l\u00ednea.<\/p>\n","protected":false},"excerpt":{"rendered":"<p><strong>Entre en contacto con la farmacia de Nembutal en l\u00ednea<\/strong><\/p>\n<p>La Farmacia Nembutal Online est\u00e1 disponible para todas las personas a nivel mundial. Puede contactar con nosotros en cualquier momento y en cualquier lugar. Siempre respondemos a nuestros clientes en pocos momentos y les ayudamos con sus consultas. Una vez que hemos recibido los detalles de la orden de usted, empezamos el embalaje de la misma en el momento siguiente. Nos aseguramos de que todos los medicamentos est\u00e1n llegando a nuestros clientes en el embalaje seguro y adecuado sin conseguir damaged.With nosotros, usted no tiene que cualquiera de preocuparse por la calidad de los medicamentos o el estado de la entrega. Estamos presentes para asumir todas las responsabilidades. S\u00f3lo recibir\u00e1 lo mejor para su salud desde aqu\u00ed. Usted puede dar una llamada, correo electr\u00f3nico o texto a nosotros. Comprar Seconal Sodio Secobarbital 100mg hoy y obtenerlo entregado en un corto per\u00edodo de tiempo de la Farmacia Online Nembutal.<\/p>\n","protected":false},"featured_media":8994,"comment_status":"closed","ping_status":"closed","template":"","meta":{"_acf_changed":false,"_monsterinsights_skip_tracking":false,"_monsterinsights_sitenote_active":false,"_monsterinsights_sitenote_note":"","_monsterinsights_sitenote_category":0},"product_brand":[],"product_cat":[87],"product_tag":[],"class_list":{"0":"post-8973","1":"product","2":"type-product","3":"status-publish","4":"has-post-thumbnail","6":"product_cat-nembutal-pentobarbital","8":"first","9":"instock","10":"shipping-taxable","11":"purchasable","12":"product-type-variable","13":"has-default-attributes"},"acf":[],"yoast_head":"<!-- This site is optimized with the Yoast SEO plugin v27.2 - https:\/\/yoast.com\/product\/yoast-seo-wordpress\/ -->\n<title>Seconal Sodio a la venta en l\u00ednea - Global Meds Inc.<\/title>\n<meta name=\"description\" content=\"Seconal Sodio a la venta en l\u00ednea. Vendemos sodio Seconal de la mejor calidad. Por favor cont\u00e1ctenos para m\u00e1s informaci\u00f3n y precios.\" \/>\n<meta name=\"robots\" content=\"index, follow, max-snippet:-1, max-image-preview:large, max-video-preview:-1\" \/>\n<link rel=\"canonical\" href=\"https:\/\/globalmedsonlineinc.com\/es\/product\/nembutal-pentobarbital\/comprar-seconal-sodico\/\" \/>\n<meta property=\"og:locale\" content=\"es_ES\" \/>\n<meta property=\"og:type\" content=\"article\" \/>\n<meta property=\"og:title\" content=\"Seconal Sodio a la venta en l\u00ednea - Global Meds Inc.\" \/>\n<meta property=\"og:description\" content=\"Seconal Sodio a la venta en l\u00ednea. Vendemos sodio Seconal de la mejor calidad. Por favor cont\u00e1ctenos para m\u00e1s informaci\u00f3n y precios.\" \/>\n<meta property=\"og:url\" content=\"https:\/\/globalmedsonlineinc.com\/es\/product\/nembutal-pentobarbital\/comprar-seconal-sodico\/\" \/>\n<meta property=\"og:site_name\" content=\"Global Meds Inc\" \/>\n<meta property=\"article:modified_time\" content=\"2024-02-19T16:09:30+00:00\" \/>\n<meta property=\"og:image\" content=\"https:\/\/globalmedsonlineinc.com\/es\/content\/media\/uploads\/sites\/6\/2021\/06\/seconal-sodium.jpg\" \/>\n\t<meta property=\"og:image:width\" content=\"600\" \/>\n\t<meta property=\"og:image:height\" content=\"600\" \/>\n\t<meta property=\"og:image:type\" content=\"image\/jpeg\" \/>\n<meta name=\"twitter:card\" content=\"summary_large_image\" \/>\n<meta name=\"twitter:label1\" content=\"Tiempo de lectura\" \/>\n\t<meta name=\"twitter:data1\" content=\"3 minutos\" \/>\n<script type=\"application\/ld+json\" class=\"yoast-schema-graph\">{\"@context\":\"https:\/\/schema.org\",\"@graph\":[{\"@type\":\"WebPage\",\"@id\":\"https:\/\/globalmedsonlineinc.com\/es\/product\/nembutal-pentobarbital\/comprar-seconal-sodico\/\",\"url\":\"https:\/\/globalmedsonlineinc.com\/es\/product\/nembutal-pentobarbital\/comprar-seconal-sodico\/\",\"name\":\"Seconal Sodio a la venta en l\u00ednea - Global Meds Inc.\",\"isPartOf\":{\"@id\":\"https:\/\/globalmedsonlineinc.com\/es\/#website\"},\"primaryImageOfPage\":{\"@id\":\"https:\/\/globalmedsonlineinc.com\/es\/product\/nembutal-pentobarbital\/comprar-seconal-sodico\/#primaryimage\"},\"image\":{\"@id\":\"https:\/\/globalmedsonlineinc.com\/es\/product\/nembutal-pentobarbital\/comprar-seconal-sodico\/#primaryimage\"},\"thumbnailUrl\":\"https:\/\/globalmedsonlineinc.com\/es\/content\/media\/uploads\/sites\/6\/2021\/06\/seconal-sodium.jpg\",\"datePublished\":\"2021-06-30T20:56:09+00:00\",\"dateModified\":\"2024-02-19T16:09:30+00:00\",\"description\":\"Seconal Sodio a la venta en l\u00ednea. Vendemos sodio Seconal de la mejor calidad. Por favor cont\u00e1ctenos para m\u00e1s informaci\u00f3n y precios.\",\"breadcrumb\":{\"@id\":\"https:\/\/globalmedsonlineinc.com\/es\/product\/nembutal-pentobarbital\/comprar-seconal-sodico\/#breadcrumb\"},\"inLanguage\":\"es\",\"potentialAction\":[{\"@type\":\"ReadAction\",\"target\":[\"https:\/\/globalmedsonlineinc.com\/es\/product\/nembutal-pentobarbital\/comprar-seconal-sodico\/\"]}]},{\"@type\":\"ImageObject\",\"inLanguage\":\"es\",\"@id\":\"https:\/\/globalmedsonlineinc.com\/es\/product\/nembutal-pentobarbital\/comprar-seconal-sodico\/#primaryimage\",\"url\":\"https:\/\/globalmedsonlineinc.com\/es\/content\/media\/uploads\/sites\/6\/2021\/06\/seconal-sodium.jpg\",\"contentUrl\":\"https:\/\/globalmedsonlineinc.com\/es\/content\/media\/uploads\/sites\/6\/2021\/06\/seconal-sodium.jpg\",\"width\":600,\"height\":600,\"caption\":\"Seconal Sodium a la venta en l\u00ednea\"},{\"@type\":\"BreadcrumbList\",\"@id\":\"https:\/\/globalmedsonlineinc.com\/es\/product\/nembutal-pentobarbital\/comprar-seconal-sodico\/#breadcrumb\",\"itemListElement\":[{\"@type\":\"ListItem\",\"position\":1,\"name\":\"Home\",\"item\":\"https:\/\/globalmedsonlineinc.com\/es\/\"},{\"@type\":\"ListItem\",\"position\":2,\"name\":\"Productos\",\"item\":\"https:\/\/globalmedsonlineinc.com\/es\/productos\/\"},{\"@type\":\"ListItem\",\"position\":3,\"name\":\"Compre Seconal Sodium en l\u00ednea\"}]},{\"@type\":\"WebSite\",\"@id\":\"https:\/\/globalmedsonlineinc.com\/es\/#website\",\"url\":\"https:\/\/globalmedsonlineinc.com\/es\/\",\"name\":\"Global Meds Inc\",\"description\":\"\",\"potentialAction\":[{\"@type\":\"SearchAction\",\"target\":{\"@type\":\"EntryPoint\",\"urlTemplate\":\"https:\/\/globalmedsonlineinc.com\/es\/?s={search_term_string}\"},\"query-input\":{\"@type\":\"PropertyValueSpecification\",\"valueRequired\":true,\"valueName\":\"search_term_string\"}}],\"inLanguage\":\"es\"}]}<\/script>\n<!-- \/ Yoast SEO plugin. -->","yoast_head_json":{"title":"Seconal Sodio a la venta en l\u00ednea - Global Meds Inc.","description":"Seconal Sodio a la venta en l\u00ednea. Vendemos sodio Seconal de la mejor calidad. Por favor cont\u00e1ctenos para m\u00e1s informaci\u00f3n y precios.","robots":{"index":"index","follow":"follow","max-snippet":"max-snippet:-1","max-image-preview":"max-image-preview:large","max-video-preview":"max-video-preview:-1"},"canonical":"https:\/\/globalmedsonlineinc.com\/es\/product\/nembutal-pentobarbital\/comprar-seconal-sodico\/","og_locale":"es_ES","og_type":"article","og_title":"Seconal Sodio a la venta en l\u00ednea - Global Meds Inc.","og_description":"Seconal Sodio a la venta en l\u00ednea. Vendemos sodio Seconal de la mejor calidad. Por favor cont\u00e1ctenos para m\u00e1s informaci\u00f3n y precios.","og_url":"https:\/\/globalmedsonlineinc.com\/es\/product\/nembutal-pentobarbital\/comprar-seconal-sodico\/","og_site_name":"Global Meds Inc","article_modified_time":"2024-02-19T16:09:30+00:00","og_image":[{"width":600,"height":600,"url":"https:\/\/globalmedsonlineinc.com\/es\/content\/media\/uploads\/sites\/6\/2021\/06\/seconal-sodium.jpg","type":"image\/jpeg"}],"twitter_card":"summary_large_image","twitter_misc":{"Tiempo de lectura":"3 minutos"},"schema":{"@context":"https:\/\/schema.org","@graph":[{"@type":"WebPage","@id":"https:\/\/globalmedsonlineinc.com\/es\/product\/nembutal-pentobarbital\/comprar-seconal-sodico\/","url":"https:\/\/globalmedsonlineinc.com\/es\/product\/nembutal-pentobarbital\/comprar-seconal-sodico\/","name":"Seconal Sodio a la venta en l\u00ednea - Global Meds Inc.","isPartOf":{"@id":"https:\/\/globalmedsonlineinc.com\/es\/#website"},"primaryImageOfPage":{"@id":"https:\/\/globalmedsonlineinc.com\/es\/product\/nembutal-pentobarbital\/comprar-seconal-sodico\/#primaryimage"},"image":{"@id":"https:\/\/globalmedsonlineinc.com\/es\/product\/nembutal-pentobarbital\/comprar-seconal-sodico\/#primaryimage"},"thumbnailUrl":"https:\/\/globalmedsonlineinc.com\/es\/content\/media\/uploads\/sites\/6\/2021\/06\/seconal-sodium.jpg","datePublished":"2021-06-30T20:56:09+00:00","dateModified":"2024-02-19T16:09:30+00:00","description":"Seconal Sodio a la venta en l\u00ednea. Vendemos sodio Seconal de la mejor calidad. Por favor cont\u00e1ctenos para m\u00e1s informaci\u00f3n y precios.","breadcrumb":{"@id":"https:\/\/globalmedsonlineinc.com\/es\/product\/nembutal-pentobarbital\/comprar-seconal-sodico\/#breadcrumb"},"inLanguage":"es","potentialAction":[{"@type":"ReadAction","target":["https:\/\/globalmedsonlineinc.com\/es\/product\/nembutal-pentobarbital\/comprar-seconal-sodico\/"]}]},{"@type":"ImageObject","inLanguage":"es","@id":"https:\/\/globalmedsonlineinc.com\/es\/product\/nembutal-pentobarbital\/comprar-seconal-sodico\/#primaryimage","url":"https:\/\/globalmedsonlineinc.com\/es\/content\/media\/uploads\/sites\/6\/2021\/06\/seconal-sodium.jpg","contentUrl":"https:\/\/globalmedsonlineinc.com\/es\/content\/media\/uploads\/sites\/6\/2021\/06\/seconal-sodium.jpg","width":600,"height":600,"caption":"Seconal Sodium a la venta en l\u00ednea"},{"@type":"BreadcrumbList","@id":"https:\/\/globalmedsonlineinc.com\/es\/product\/nembutal-pentobarbital\/comprar-seconal-sodico\/#breadcrumb","itemListElement":[{"@type":"ListItem","position":1,"name":"Home","item":"https:\/\/globalmedsonlineinc.com\/es\/"},{"@type":"ListItem","position":2,"name":"Productos","item":"https:\/\/globalmedsonlineinc.com\/es\/productos\/"},{"@type":"ListItem","position":3,"name":"Compre Seconal Sodium en l\u00ednea"}]},{"@type":"WebSite","@id":"https:\/\/globalmedsonlineinc.com\/es\/#website","url":"https:\/\/globalmedsonlineinc.com\/es\/","name":"Global Meds Inc","description":"","potentialAction":[{"@type":"SearchAction","target":{"@type":"EntryPoint","urlTemplate":"https:\/\/globalmedsonlineinc.com\/es\/?s={search_term_string}"},"query-input":{"@type":"PropertyValueSpecification","valueRequired":true,"valueName":"search_term_string"}}],"inLanguage":"es"}]}},"_links":{"self":[{"href":"https:\/\/globalmedsonlineinc.com\/es\/wp-json\/wp\/v2\/product\/8973","targetHints":{"allow":["GET"]}}],"collection":[{"href":"https:\/\/globalmedsonlineinc.com\/es\/wp-json\/wp\/v2\/product"}],"about":[{"href":"https:\/\/globalmedsonlineinc.com\/es\/wp-json\/wp\/v2\/types\/product"}],"replies":[{"embeddable":true,"href":"https:\/\/globalmedsonlineinc.com\/es\/wp-json\/wp\/v2\/comments?post=8973"}],"wp:featuredmedia":[{"embeddable":true,"href":"https:\/\/globalmedsonlineinc.com\/es\/wp-json\/wp\/v2\/media\/8994"}],"wp:attachment":[{"href":"https:\/\/globalmedsonlineinc.com\/es\/wp-json\/wp\/v2\/media?parent=8973"}],"wp:term":[{"taxonomy":"product_brand","embeddable":true,"href":"https:\/\/globalmedsonlineinc.com\/es\/wp-json\/wp\/v2\/product_brand?post=8973"},{"taxonomy":"product_cat","embeddable":true,"href":"https:\/\/globalmedsonlineinc.com\/es\/wp-json\/wp\/v2\/product_cat?post=8973"},{"taxonomy":"product_tag","embeddable":true,"href":"https:\/\/globalmedsonlineinc.com\/es\/wp-json\/wp\/v2\/product_tag?post=8973"}],"curies":[{"name":"wp","href":"https:\/\/api.w.org\/{rel}","templated":true}]}}