{"id":8927,"date":"2021-06-30T20:43:54","date_gmt":"2021-06-30T20:43:54","guid":{"rendered":"https:\/\/globalmedsonlineinc.com\/es\/?post_type=product&#038;p=8927"},"modified":"2024-02-19T16:10:19","modified_gmt":"2024-02-19T16:10:19","slug":"comprar-pentobarbital-sodico-liquido-oral-online","status":"publish","type":"product","link":"https:\/\/globalmedsonlineinc.com\/es\/product\/nembutal-pentobarbital\/comprar-pentobarbital-sodico-liquido-oral-online\/","title":{"rendered":"Comprar Pentobarbital S\u00f3dico (L\u00edquido) (Oral) Online"},"content":{"rendered":"<h1 class=\"tt\"><span class=\"VIiyi\" lang=\"es\"><span class=\"JLqJ4b ChMk0b C1N51c\" data-language-for-alternatives=\"es\" data-language-to-translate-into=\"en\" data-phrase-index=\"0\">Soluci\u00f3n l\u00edquida oral de pentobarbital s\u00f3dico a la venta en l\u00ednea<\/span><\/span><\/h1>\n<p><span class=\"VIiyi\" lang=\"es\"><span class=\"JLqJ4b ChMk0b C1N51c\" data-language-for-alternatives=\"es\" data-language-to-translate-into=\"en\" data-phrase-index=\"0\">Soluci\u00f3n <a href=\"https:\/\/globalmedsonlineinc.com\/es\/product\/nembutal-pentobarbital\/comprar-pentobarbital-sodico-liquido-oral-online\/\">l\u00edquida oral de pentobarbital s\u00f3dico<\/a> a la venta en l\u00ednea<\/span><\/span>. NEMBUTAL Soluci\u00f3n S\u00f3dica (pentobarbital s\u00f3dico inyectable) es una soluci\u00f3n est\u00e9ril para inyecci\u00f3n intravenosa o intramuscular. Cada mL contiene pentobarbital s\u00f3dico 50 mg, en un veh\u00edculo de propilenglicol, 40%, alcohol, 10% y agua para inyecci\u00f3n, al volumen. El pH se ajusta a aproximadamente 9,5 con \u00e1cido clorh\u00eddrico y\/o hidr\u00f3xido de sodio. Este medicamento es para inyecci\u00f3n en un m\u00fasculo o una vena. Comprar Pentobarbital S\u00f3dico Online, Pentobarbital para la eutanasia, Pentobarbital s\u00f3dico grupo, Pentobarbital s\u00f3dico l\u00edquido, Pentobarbital s\u00f3dico para la eutanasia animal.<\/p>\n<p>La compra de pentobarbital s\u00f3dico en l\u00ednea es ahora <a href=\"https:\/\/es.wikipedia.org\/wiki\/Pentobarbital\">posible<\/a> en el Grupo Nembutal. Usted puede ahora poner en orden para comprar Pentobarbital S\u00f3dico Inyecci\u00f3n y obtenerlo en su direcci\u00f3n dentro del plazo prometido. \u00a1P\u00f3ngase en contacto con nosotros ahora! Pentobarbital para la eutanasia, Pentobarbital s\u00f3dico l\u00edquido, Pentobarbital s\u00f3dico para la eutanasia animal,<\/p>\n<p class=\"tt\"><strong>\u00bfQu\u00e9 es el pentobarbital y sus usos?<\/strong><\/p>\n<p>El pentobarbital es un barbit\u00farico que act\u00faa como depresor, o sedante, utilizado a corto plazo para tratar el insomnio. El pentobarbital tambi\u00e9n se utiliza como tratamiento de emergencia para las convulsiones, y para hacer que los pacientes se duerman para la cirug\u00eda. Comprar pentobarbital s\u00f3dico online, Pentobarbital para la eutanasia, Pentobarbital s\u00f3dico para la eutanasia animal.<\/p>\n<p>En dosis altas, el pentobarbital provoca la muerte por paro respiratorio. Se utiliza para la eutanasia veterinaria y es utilizado por algunos estados de EE.UU. y el gobierno federal de EE.UU. para las ejecuciones de los criminales condenados. Comprar Pentobarbital S\u00f3dico Online<sup id=\"cite_ref-2\" class=\"reference\"><\/sup><\/p>\n<p>El pentobarbital puede causar la muerte cuando se utiliza en dosis altas. Se utiliza para la eutanasia tanto en humanos como en animales. Tambi\u00e9n se utiliza por s\u00ed mismo, o en combinaci\u00f3n con agentes complementarios como la fenito\u00edna, en soluciones inyectables comerciales para la eutanasia de animales.<\/p>\n<p><strong>Pentobarbital para la eutanasia<\/strong><\/p>\n<p>El pentobarbital (Nembutal) es un sedante-hipn\u00f3tico barbit\u00farico de acci\u00f3n corta que se utiliza ampliamente en la pr\u00e1ctica veterinaria para la anestesia y la eutanasia. Tambi\u00e9n se recomienda como f\u00e1rmaco para la eutanasia o el suicidio asistido debido a su r\u00e1pida aparici\u00f3n del coma y la percepci\u00f3n de una muerte pac\u00edfica. Comprar Pentobarbital S\u00f3dico Online<\/p>\n<p><strong>\u00bfC\u00f3mo se administra el pentobarbital s\u00f3dico?<\/strong><\/p>\n<div id=\"_joT9X9rQHMb1gQa08rz4CA32\" class=\"gy6Qzb oNjtBb V1sL5c\" aria-labelledby=\"_joT9X9rQHMb1gQa08rz4CA33\">\n<div>\n<div id=\"_joT9X9rQHMb1gQa08rz4CA34\" class=\"y8URue\" data-hveid=\"CBEQDA\" data-ved=\"2ahUKEwjaz5v_oZbuAhXGesAKHTQ5D48Qu04oAXoECBEQDA\">\n<div class=\"mod\" data-md=\"61\">\n<div class=\"LGOjhe\" role=\"heading\" data-attrid=\"wa:\/description\" data-hveid=\"CAsQAA\"><span class=\"ILfuVd NA6bn\"><span class=\"hgKElc\">El pentobarbital puede administrarse por v\u00eda intraperitoneal o intravenosa. Cuando se utiliza como anest\u00e9sico general, el pentobarbital puede administrarse en forma de bolo (Borkowski et al., 1990) o CRI. Las soluciones comerciales suelen contener propilenglicol, que puede causar dolor en la inyecci\u00f3n y tromboflebitis. Comprar Pentobarbital S\u00f3dico Online<\/span><\/span><\/div>\n<\/div>\n<div><\/div>\n<div><\/div>\n<div>\n\n<\/div>\n<\/div>\n<\/div>\n<\/div>\n","protected":false},"excerpt":{"rendered":"<p>El pentobarbital s\u00f3dico inyectable es una soluci\u00f3n est\u00e9ril para inyecci\u00f3n intravenosa o intramuscular. Cada mL contiene pentobarbital s\u00f3dico 50 mg, en un veh\u00edculo de propilenglicol, 40%, alcohol, 10% y agua para inyecci\u00f3n, al volumen. El pH se ajusta a aproximadamente 9,5 con \u00e1cido clorh\u00eddrico y\/o hidr\u00f3xido de sodio.<\/p>\n","protected":false},"featured_media":8969,"comment_status":"open","ping_status":"closed","template":"","meta":{"_acf_changed":false,"_monsterinsights_skip_tracking":false,"_monsterinsights_sitenote_active":false,"_monsterinsights_sitenote_note":"","_monsterinsights_sitenote_category":0},"product_brand":[],"product_cat":[87],"product_tag":[88,89,90,91,92,93,94,95,96,97,98,99,100,101,102,103,104,105,106,107,108,109,110,111,112,113,114,115,116,117,118,119,120,121,122,123,124,125,126,127,128,129,130,131,132,133,134,135,136,137,138,139,140],"class_list":{"0":"post-8927","1":"product","2":"type-product","3":"status-publish","4":"has-post-thumbnail","6":"product_cat-nembutal-pentobarbital","7":"product_tag-buy-nembutal-pentobarbital-sodium","8":"product_tag-buy-pentobarbital-sodium","9":"product_tag-buy-pentobarbital-sodium-2021","10":"product_tag-buy-pentobarbital-sodium-pentobarbital-sodium-salt","11":"product_tag-buy-sodium-pentobarbital-uk","12":"product_tag-can-i-buy-pentobarbital","13":"product_tag-can-you-buy-pentobarbital-sodium-over-the-counter","14":"product_tag-can-you-buy-sodium-pentobarbital","15":"product_tag-nembutal","16":"product_tag-pentobarbital","17":"product_tag-pentobarbital-de-sodium-dose-letale","18":"product_tag-pentobarbital-sodium-anesthesia","19":"product_tag-pentobarbital-sodium-buy","20":"product_tag-pentobarbital-sodium-china","21":"product_tag-pentobarbital-sodium-death","22":"product_tag-pentobarbital-sodium-dosage","23":"product_tag-pentobarbital-sodium-for-dogs","24":"product_tag-pentobarbital-sodium-for-humans","25":"product_tag-pentobarbital-sodium-group","26":"product_tag-pentobarbital-sodium-injection-for-dogs","27":"product_tag-pentobarbital-sodium-injection-for-humans","28":"product_tag-pentobarbital-sodium-injection-solution","29":"product_tag-pentobarbital-sodium-injection-usp","30":"product_tag-pentobarbital-sodium-liquid","31":"product_tag-pentobarbital-sodium-nz","32":"product_tag-pentobarbital-sodium-oral","33":"product_tag-pentobarbital-sodium-over-the-counter","34":"product_tag-pentobarbital-sodium-pills","35":"product_tag-pentobarbital-sodium-powder","36":"product_tag-pentobarbital-sodium-prescription","37":"product_tag-pentobarbital-sodium-price","38":"product_tag-pentobarbital-sodium-salt","39":"product_tag-pentobarbital-sodium-sleeping-pills","40":"product_tag-pentobarbital-sodium-sleeping-pills-over-the-counter","41":"product_tag-pentobarbital-sodium-tablets","42":"product_tag-pentobarbital-sodium-where-to-buy","43":"product_tag-pentobarbital-use","44":"product_tag-phenobarbital-sodium-intravenous","45":"product_tag-sodium","46":"product_tag-sodium-pentobarbital-nembutal","47":"product_tag-sodium-pentobarbital-cost","48":"product_tag-sodium-pentobarbital-for-animal-euthanasia","49":"product_tag-sodium-pentobarbital-for-euthanasia","50":"product_tag-sodium-pentobarbital-manufacturers","51":"product_tag-sodium-pentobarbital-shelf-life","52":"product_tag-where-can-i-buy-nembutal-sodium-pentobarbital","53":"product_tag-where-can-i-buy-pentobarbital-sodium","54":"product_tag-where-can-i-buy-pentobarbital-sodium-sleeping-pills","55":"product_tag-where-can-i-buy-sodium-pentobarbital","56":"product_tag-where-can-you-buy-pentobarbital-sodium","57":"product_tag-where-to-buy-pentobarbital-sodium","58":"product_tag-where-to-buy-pentobarbital-sodium-for-dogs","59":"product_tag-where-to-get-pentobarbital-sodium","61":"first","62":"instock","63":"shipping-taxable","64":"purchasable","65":"product-type-variable","66":"has-default-attributes"},"acf":[],"yoast_head":"<!-- This site is optimized with the Yoast SEO plugin v27.2 - https:\/\/yoast.com\/product\/yoast-seo-wordpress\/ -->\n<title>Soluci\u00f3n l\u00edquida oral de pentobarbital s\u00f3dico a la venta en l\u00ednea<\/title>\n<meta name=\"description\" content=\"Soluci\u00f3n l\u00edquida de pentobarbital s\u00f3dico a la venta en l\u00ednea. Vendemos pentobarbital s\u00f3dico de la mejor calidad. Por favor cont\u00e1ctenos para m\u00e1s informaci\u00f3n.\" \/>\n<meta name=\"robots\" content=\"index, follow, max-snippet:-1, max-image-preview:large, max-video-preview:-1\" \/>\n<link rel=\"canonical\" href=\"https:\/\/globalmedsonlineinc.com\/es\/product\/nembutal-pentobarbital\/comprar-pentobarbital-sodico-liquido-oral-online\/\" \/>\n<meta property=\"og:locale\" content=\"es_ES\" \/>\n<meta property=\"og:type\" content=\"article\" \/>\n<meta property=\"og:title\" content=\"Soluci\u00f3n l\u00edquida oral de pentobarbital s\u00f3dico a la venta en l\u00ednea\" \/>\n<meta property=\"og:description\" content=\"Soluci\u00f3n l\u00edquida de pentobarbital s\u00f3dico a la venta en l\u00ednea. Vendemos pentobarbital s\u00f3dico de la mejor calidad. Por favor cont\u00e1ctenos para m\u00e1s informaci\u00f3n.\" \/>\n<meta property=\"og:url\" content=\"https:\/\/globalmedsonlineinc.com\/es\/product\/nembutal-pentobarbital\/comprar-pentobarbital-sodico-liquido-oral-online\/\" \/>\n<meta property=\"og:site_name\" content=\"Global Meds Inc\" \/>\n<meta property=\"article:modified_time\" content=\"2024-02-19T16:10:19+00:00\" \/>\n<meta property=\"og:image\" content=\"https:\/\/globalmedsonlineinc.com\/es\/content\/media\/uploads\/sites\/6\/2021\/06\/Pentobarbital-sodium.jpg\" \/>\n\t<meta property=\"og:image:width\" content=\"600\" \/>\n\t<meta property=\"og:image:height\" content=\"600\" \/>\n\t<meta property=\"og:image:type\" content=\"image\/jpeg\" \/>\n<meta name=\"twitter:card\" content=\"summary_large_image\" \/>\n<meta name=\"twitter:label1\" content=\"Tiempo de lectura\" \/>\n\t<meta name=\"twitter:data1\" content=\"2 minutos\" \/>\n<script type=\"application\/ld+json\" class=\"yoast-schema-graph\">{\"@context\":\"https:\/\/schema.org\",\"@graph\":[{\"@type\":\"WebPage\",\"@id\":\"https:\/\/globalmedsonlineinc.com\/es\/product\/nembutal-pentobarbital\/comprar-pentobarbital-sodico-liquido-oral-online\/\",\"url\":\"https:\/\/globalmedsonlineinc.com\/es\/product\/nembutal-pentobarbital\/comprar-pentobarbital-sodico-liquido-oral-online\/\",\"name\":\"Soluci\u00f3n l\u00edquida oral de pentobarbital s\u00f3dico a la venta en l\u00ednea\",\"isPartOf\":{\"@id\":\"https:\/\/globalmedsonlineinc.com\/es\/#website\"},\"primaryImageOfPage\":{\"@id\":\"https:\/\/globalmedsonlineinc.com\/es\/product\/nembutal-pentobarbital\/comprar-pentobarbital-sodico-liquido-oral-online\/#primaryimage\"},\"image\":{\"@id\":\"https:\/\/globalmedsonlineinc.com\/es\/product\/nembutal-pentobarbital\/comprar-pentobarbital-sodico-liquido-oral-online\/#primaryimage\"},\"thumbnailUrl\":\"https:\/\/globalmedsonlineinc.com\/es\/content\/media\/uploads\/sites\/6\/2021\/06\/Pentobarbital-sodium.jpg\",\"datePublished\":\"2021-06-30T20:43:54+00:00\",\"dateModified\":\"2024-02-19T16:10:19+00:00\",\"description\":\"Soluci\u00f3n l\u00edquida de pentobarbital s\u00f3dico a la venta en l\u00ednea. Vendemos pentobarbital s\u00f3dico de la mejor calidad. Por favor cont\u00e1ctenos para m\u00e1s informaci\u00f3n.\",\"breadcrumb\":{\"@id\":\"https:\/\/globalmedsonlineinc.com\/es\/product\/nembutal-pentobarbital\/comprar-pentobarbital-sodico-liquido-oral-online\/#breadcrumb\"},\"inLanguage\":\"es\",\"potentialAction\":[{\"@type\":\"ReadAction\",\"target\":[\"https:\/\/globalmedsonlineinc.com\/es\/product\/nembutal-pentobarbital\/comprar-pentobarbital-sodico-liquido-oral-online\/\"]}]},{\"@type\":\"ImageObject\",\"inLanguage\":\"es\",\"@id\":\"https:\/\/globalmedsonlineinc.com\/es\/product\/nembutal-pentobarbital\/comprar-pentobarbital-sodico-liquido-oral-online\/#primaryimage\",\"url\":\"https:\/\/globalmedsonlineinc.com\/es\/content\/media\/uploads\/sites\/6\/2021\/06\/Pentobarbital-sodium.jpg\",\"contentUrl\":\"https:\/\/globalmedsonlineinc.com\/es\/content\/media\/uploads\/sites\/6\/2021\/06\/Pentobarbital-sodium.jpg\",\"width\":600,\"height\":600},{\"@type\":\"BreadcrumbList\",\"@id\":\"https:\/\/globalmedsonlineinc.com\/es\/product\/nembutal-pentobarbital\/comprar-pentobarbital-sodico-liquido-oral-online\/#breadcrumb\",\"itemListElement\":[{\"@type\":\"ListItem\",\"position\":1,\"name\":\"Home\",\"item\":\"https:\/\/globalmedsonlineinc.com\/es\/\"},{\"@type\":\"ListItem\",\"position\":2,\"name\":\"Productos\",\"item\":\"https:\/\/globalmedsonlineinc.com\/es\/productos\/\"},{\"@type\":\"ListItem\",\"position\":3,\"name\":\"Comprar Pentobarbital S\u00f3dico (L\u00edquido) (Oral) Online\"}]},{\"@type\":\"WebSite\",\"@id\":\"https:\/\/globalmedsonlineinc.com\/es\/#website\",\"url\":\"https:\/\/globalmedsonlineinc.com\/es\/\",\"name\":\"Global Meds Inc\",\"description\":\"\",\"potentialAction\":[{\"@type\":\"SearchAction\",\"target\":{\"@type\":\"EntryPoint\",\"urlTemplate\":\"https:\/\/globalmedsonlineinc.com\/es\/?s={search_term_string}\"},\"query-input\":{\"@type\":\"PropertyValueSpecification\",\"valueRequired\":true,\"valueName\":\"search_term_string\"}}],\"inLanguage\":\"es\"}]}<\/script>\n<!-- \/ Yoast SEO plugin. -->","yoast_head_json":{"title":"Soluci\u00f3n l\u00edquida oral de pentobarbital s\u00f3dico a la venta en l\u00ednea","description":"Soluci\u00f3n l\u00edquida de pentobarbital s\u00f3dico a la venta en l\u00ednea. Vendemos pentobarbital s\u00f3dico de la mejor calidad. Por favor cont\u00e1ctenos para m\u00e1s informaci\u00f3n.","robots":{"index":"index","follow":"follow","max-snippet":"max-snippet:-1","max-image-preview":"max-image-preview:large","max-video-preview":"max-video-preview:-1"},"canonical":"https:\/\/globalmedsonlineinc.com\/es\/product\/nembutal-pentobarbital\/comprar-pentobarbital-sodico-liquido-oral-online\/","og_locale":"es_ES","og_type":"article","og_title":"Soluci\u00f3n l\u00edquida oral de pentobarbital s\u00f3dico a la venta en l\u00ednea","og_description":"Soluci\u00f3n l\u00edquida de pentobarbital s\u00f3dico a la venta en l\u00ednea. Vendemos pentobarbital s\u00f3dico de la mejor calidad. Por favor cont\u00e1ctenos para m\u00e1s informaci\u00f3n.","og_url":"https:\/\/globalmedsonlineinc.com\/es\/product\/nembutal-pentobarbital\/comprar-pentobarbital-sodico-liquido-oral-online\/","og_site_name":"Global Meds Inc","article_modified_time":"2024-02-19T16:10:19+00:00","og_image":[{"width":600,"height":600,"url":"https:\/\/globalmedsonlineinc.com\/es\/content\/media\/uploads\/sites\/6\/2021\/06\/Pentobarbital-sodium.jpg","type":"image\/jpeg"}],"twitter_card":"summary_large_image","twitter_misc":{"Tiempo de lectura":"2 minutos"},"schema":{"@context":"https:\/\/schema.org","@graph":[{"@type":"WebPage","@id":"https:\/\/globalmedsonlineinc.com\/es\/product\/nembutal-pentobarbital\/comprar-pentobarbital-sodico-liquido-oral-online\/","url":"https:\/\/globalmedsonlineinc.com\/es\/product\/nembutal-pentobarbital\/comprar-pentobarbital-sodico-liquido-oral-online\/","name":"Soluci\u00f3n l\u00edquida oral de pentobarbital s\u00f3dico a la venta en l\u00ednea","isPartOf":{"@id":"https:\/\/globalmedsonlineinc.com\/es\/#website"},"primaryImageOfPage":{"@id":"https:\/\/globalmedsonlineinc.com\/es\/product\/nembutal-pentobarbital\/comprar-pentobarbital-sodico-liquido-oral-online\/#primaryimage"},"image":{"@id":"https:\/\/globalmedsonlineinc.com\/es\/product\/nembutal-pentobarbital\/comprar-pentobarbital-sodico-liquido-oral-online\/#primaryimage"},"thumbnailUrl":"https:\/\/globalmedsonlineinc.com\/es\/content\/media\/uploads\/sites\/6\/2021\/06\/Pentobarbital-sodium.jpg","datePublished":"2021-06-30T20:43:54+00:00","dateModified":"2024-02-19T16:10:19+00:00","description":"Soluci\u00f3n l\u00edquida de pentobarbital s\u00f3dico a la venta en l\u00ednea. Vendemos pentobarbital s\u00f3dico de la mejor calidad. Por favor cont\u00e1ctenos para m\u00e1s informaci\u00f3n.","breadcrumb":{"@id":"https:\/\/globalmedsonlineinc.com\/es\/product\/nembutal-pentobarbital\/comprar-pentobarbital-sodico-liquido-oral-online\/#breadcrumb"},"inLanguage":"es","potentialAction":[{"@type":"ReadAction","target":["https:\/\/globalmedsonlineinc.com\/es\/product\/nembutal-pentobarbital\/comprar-pentobarbital-sodico-liquido-oral-online\/"]}]},{"@type":"ImageObject","inLanguage":"es","@id":"https:\/\/globalmedsonlineinc.com\/es\/product\/nembutal-pentobarbital\/comprar-pentobarbital-sodico-liquido-oral-online\/#primaryimage","url":"https:\/\/globalmedsonlineinc.com\/es\/content\/media\/uploads\/sites\/6\/2021\/06\/Pentobarbital-sodium.jpg","contentUrl":"https:\/\/globalmedsonlineinc.com\/es\/content\/media\/uploads\/sites\/6\/2021\/06\/Pentobarbital-sodium.jpg","width":600,"height":600},{"@type":"BreadcrumbList","@id":"https:\/\/globalmedsonlineinc.com\/es\/product\/nembutal-pentobarbital\/comprar-pentobarbital-sodico-liquido-oral-online\/#breadcrumb","itemListElement":[{"@type":"ListItem","position":1,"name":"Home","item":"https:\/\/globalmedsonlineinc.com\/es\/"},{"@type":"ListItem","position":2,"name":"Productos","item":"https:\/\/globalmedsonlineinc.com\/es\/productos\/"},{"@type":"ListItem","position":3,"name":"Comprar Pentobarbital S\u00f3dico (L\u00edquido) (Oral) Online"}]},{"@type":"WebSite","@id":"https:\/\/globalmedsonlineinc.com\/es\/#website","url":"https:\/\/globalmedsonlineinc.com\/es\/","name":"Global Meds Inc","description":"","potentialAction":[{"@type":"SearchAction","target":{"@type":"EntryPoint","urlTemplate":"https:\/\/globalmedsonlineinc.com\/es\/?s={search_term_string}"},"query-input":{"@type":"PropertyValueSpecification","valueRequired":true,"valueName":"search_term_string"}}],"inLanguage":"es"}]}},"_links":{"self":[{"href":"https:\/\/globalmedsonlineinc.com\/es\/wp-json\/wp\/v2\/product\/8927","targetHints":{"allow":["GET"]}}],"collection":[{"href":"https:\/\/globalmedsonlineinc.com\/es\/wp-json\/wp\/v2\/product"}],"about":[{"href":"https:\/\/globalmedsonlineinc.com\/es\/wp-json\/wp\/v2\/types\/product"}],"replies":[{"embeddable":true,"href":"https:\/\/globalmedsonlineinc.com\/es\/wp-json\/wp\/v2\/comments?post=8927"}],"wp:featuredmedia":[{"embeddable":true,"href":"https:\/\/globalmedsonlineinc.com\/es\/wp-json\/wp\/v2\/media\/8969"}],"wp:attachment":[{"href":"https:\/\/globalmedsonlineinc.com\/es\/wp-json\/wp\/v2\/media?parent=8927"}],"wp:term":[{"taxonomy":"product_brand","embeddable":true,"href":"https:\/\/globalmedsonlineinc.com\/es\/wp-json\/wp\/v2\/product_brand?post=8927"},{"taxonomy":"product_cat","embeddable":true,"href":"https:\/\/globalmedsonlineinc.com\/es\/wp-json\/wp\/v2\/product_cat?post=8927"},{"taxonomy":"product_tag","embeddable":true,"href":"https:\/\/globalmedsonlineinc.com\/es\/wp-json\/wp\/v2\/product_tag?post=8927"}],"curies":[{"name":"wp","href":"https:\/\/api.w.org\/{rel}","templated":true}]}}