{"id":8926,"date":"2021-06-30T20:43:38","date_gmt":"2021-06-30T20:43:38","guid":{"rendered":"https:\/\/globalmedsonlineinc.com\/es\/?post_type=product&#038;p=8926"},"modified":"2025-11-28T00:06:26","modified_gmt":"2025-11-28T00:06:26","slug":"comprar-nembutal-en-polvo","status":"publish","type":"product","link":"https:\/\/globalmedsonlineinc.com\/es\/product\/nembutal-pentobarbital\/comprar-nembutal-en-polvo\/","title":{"rendered":"Compre polvo de Nembutal en l\u00ednea"},"content":{"rendered":"<h1>Compre Nembutal en polvo en l\u00ednea: Pentobarbital de alta calidad a la venta en Global Meds Inc.<\/h1>\n<p><a href=\"https:\/\/globalmedsonlineinc.com\/es\/product\/nembutal-pentobarbital\/comprar-nembutal-en-polvo\/\">Compre Nembutal en polvo en l\u00ednea<\/a>. \u00bfBusca un lugar confiable para comprar Nembutal en polvo en l\u00ednea? No busque m\u00e1s: Global Meds Inc. es su farmacia en l\u00ednea de confianza que ofrece Nembutal (Pentobarbital) premium en un pr\u00e1ctico formato en polvo. Como proveedor l\u00edder de sedantes de grado farmac\u00e9utico, garantizamos que cada pedido cumpla con los m\u00e1s altos est\u00e1ndares de pureza y eficacia. Ya sea que est\u00e9 tratando el insomnio cr\u00f3nico o buscando una potente soluci\u00f3n contra el nerviosismo, nuestro Nembutal en polvo a la venta ofrece resultados r\u00e1pidos y discretos.<\/p>\n<p>El Nembutal en polvo, la versi\u00f3n en polvo del reconocido barbit\u00farico Pentobarbital, es un medicamento vers\u00e1til ampliamente reconocido por sus propiedades sedantes. Procedente directamente de instalaciones supervisadas por expertos, nuestro producto es fiel a la descripci\u00f3n: puro, potente y listo para satisfacer sus necesidades. Disponible en cantidades flexibles de 20 g, 25 g, 50 g y 100 g, es f\u00e1cil pedir exactamente lo que necesita sin excederse.<\/p>\n<p>Usos y beneficios clave del Nembutal en polvo<\/p>\n<p>El Nembutal en polvo ha sido una soluci\u00f3n de referencia en el \u00e1mbito m\u00e9dico durante d\u00e9cadas. Por eso es la mejor opci\u00f3n para quienes buscan comprar Nembutal en polvo:<\/p>\n<p>Provoca un sue\u00f1o profundo y reparador: Perfecto para personas con insomnio o dificultades persistentes para dormir. Promueve un sue\u00f1o reparador, ayud\u00e1ndole a lograr el descanso de calidad que su cuerpo anhela.<br \/>\nSedante antinervioso: Alivia la ansiedad y la inquietud, proporcionando calma en situaciones de alto estr\u00e9s. Muchos usuarios reportan una profunda sensaci\u00f3n de relajaci\u00f3n sin aturdimiento persistente.<br \/>\nAplicaci\u00f3n vers\u00e1til: En su presentaci\u00f3n en polvo, es altamente adaptable para una dosificaci\u00f3n precisa en diversos escenarios terap\u00e9uticos, lo que lo hace ideal tanto para uso a corto plazo como continuo.<\/p>\n<p>En Global Meds Inc., priorizamos su bienestar. Nuestras opciones de compra de Nembutal en polvo est\u00e1n respaldadas por rigurosos controles de calidad, lo que garantiza que cada gramo est\u00e9 libre de impurezas y se mantenga en condiciones de grado farmac\u00e9utico.<\/p>\n<p>Precios y pedidos online f\u00e1ciles<\/p>\n<p>Creemos en la transparencia y la asequibilidad. Nuestro Nembutal en polvo est\u00e1 disponible online desde tan solo 300 \u20ac en paquetes peque\u00f1os, y su precio aumenta hasta 900 \u20ac en opciones a granel de 100 g, todo a precios competitivos y sin cargos ocultos. Asegura tu suministro hoy mismo con sencillos pasos:<\/p>\n<p>Explora nuestra selecci\u00f3n y elige la cantidad.<br \/>\nCompleta un pago r\u00e1pido y encriptado.<br \/>\nRecibe la confirmaci\u00f3n y los detalles de seguimiento al instante.<\/p>\n<p>No se requieren recetas para pedidos internacionales: solo acceso directo a pentobarbital en polvo genuino.<\/p>\n<p>Env\u00edo r\u00e1pido y discreto a todo el mundo<\/p>\n<p>El tiempo es oro cuando se trata de problemas de sue\u00f1o o ansiedad. Por eso ofrecemos env\u00edos r\u00e1pidos y discretos en todas las compras de Nembutal en polvo. Una vez realizado tu pedido, nuestro equipo especializado lo procesa en cuesti\u00f3n de horas, garantizando la entrega a tu ubicaci\u00f3n preferida en un plazo breve, generalmente de 3 a 7 d\u00edas h\u00e1biles a nivel mundial. Los paquetes llegan en un envoltorio sencillo y sin etiquetas para una total privacidad. Realizamos env\u00edos a los principales destinos, incluyendo EE. UU., Europa, Canad\u00e1, Australia y otros pa\u00edses, con seguimiento en tiempo real para su tranquilidad.<\/p>\n<p>\u00bfPor qu\u00e9 elegir Global Meds Inc. para sus necesidades de Nembutal?<br \/>\nAseguramiento de calidad experto: Cada lote de Nembutal (Pentobarbital) es supervisado por profesionales farmac\u00e9uticos, lo que garantiza su autenticidad y potencia.<br \/>\nPrivacidad del cliente: Su informaci\u00f3n personal y de pago se cifra y nunca se comparte; su confianza es nuestra m\u00e1xima prioridad.<br \/>\nSatisfacci\u00f3n garantizada: Miles de clientes satisfechos en todo el mundo conf\u00edan en nosotros como su farmacia de Nembutal en l\u00ednea. \u00danase a ellos y experimente la diferencia.<\/p>\n<p>\u00bfListo para recuperar noches de descanso y d\u00edas tranquilos? Compre Nembutal en polvo en l\u00ednea hoy mismo en Global Meds Inc. y d\u00e9 el primer paso hacia un sue\u00f1o mejor. \u00bfTiene preguntas? Nuestro equipo de soporte est\u00e1 disponible las 24 horas, los 7 d\u00edas de la semana.<\/p>\n<p>Descargo de responsabilidad: Este producto est\u00e1 destinado a fines m\u00e9dicos o de investigaci\u00f3n leg\u00edtimos. Consulte a un profesional de la salud antes de usarlo. Global Meds Inc. cumple con todas las regulaciones aplicables.<\/p>\n","protected":false},"excerpt":{"rendered":"<p>Farmacia en l\u00ednea Nembutal es ahora accesible desde su propia casa. Env\u00ede su pedido y Nembutal polvo para la venta a los mejores precios disponibles aqu\u00ed. La entrega se har\u00e1 en un corto espacio de tiempo.<\/p>\n","protected":false},"featured_media":8967,"comment_status":"open","ping_status":"closed","template":"","meta":{"_acf_changed":false,"_monsterinsights_skip_tracking":false,"_monsterinsights_sitenote_active":false,"_monsterinsights_sitenote_note":"","_monsterinsights_sitenote_category":0},"product_brand":[],"product_cat":[87],"product_tag":[],"class_list":{"0":"post-8926","1":"product","2":"type-product","3":"status-publish","4":"has-post-thumbnail","6":"product_cat-nembutal-pentobarbital","8":"first","9":"instock","10":"featured","11":"shipping-taxable","12":"purchasable","13":"product-type-variable","14":"has-default-attributes"},"acf":[],"yoast_head":"<!-- This site is optimized with the Yoast SEO plugin v27.2 - https:\/\/yoast.com\/product\/yoast-seo-wordpress\/ -->\n<title>Compre Nembutal en polvo en l\u00ednea | Global Meds Inc.<\/title>\n<meta name=\"description\" content=\"Compre Nembutal en polvo (Pentobarbital) de alta calidad en l\u00ednea en Global Meds Inc. Env\u00edos r\u00e1pidos y discretos a todo el mundo. Disponible en paquetes de 20 g a 100 g desde 300 \u20ac. Eficaz para el insomnio y la sedaci\u00f3n. \u00a1Compre ahora!\" \/>\n<meta name=\"robots\" content=\"index, follow, max-snippet:-1, max-image-preview:large, max-video-preview:-1\" \/>\n<link rel=\"canonical\" href=\"https:\/\/globalmedsonlineinc.com\/es\/product\/nembutal-pentobarbital\/comprar-nembutal-en-polvo\/\" \/>\n<meta property=\"og:locale\" content=\"es_ES\" \/>\n<meta property=\"og:type\" content=\"article\" \/>\n<meta property=\"og:title\" content=\"Compre Nembutal en polvo en l\u00ednea | Global Meds Inc.\" \/>\n<meta property=\"og:description\" content=\"Compre Nembutal en polvo (Pentobarbital) de alta calidad en l\u00ednea en Global Meds Inc. Env\u00edos r\u00e1pidos y discretos a todo el mundo. Disponible en paquetes de 20 g a 100 g desde 300 \u20ac. Eficaz para el insomnio y la sedaci\u00f3n. \u00a1Compre ahora!\" \/>\n<meta property=\"og:url\" content=\"https:\/\/globalmedsonlineinc.com\/es\/product\/nembutal-pentobarbital\/comprar-nembutal-en-polvo\/\" \/>\n<meta property=\"og:site_name\" content=\"Global Meds Inc\" \/>\n<meta property=\"article:modified_time\" content=\"2025-11-28T00:06:26+00:00\" \/>\n<meta property=\"og:image\" content=\"https:\/\/globalmedsonlineinc.com\/es\/content\/media\/uploads\/sites\/6\/2021\/06\/nembutal-powder.jpg\" \/>\n\t<meta property=\"og:image:width\" content=\"600\" \/>\n\t<meta property=\"og:image:height\" content=\"600\" \/>\n\t<meta property=\"og:image:type\" content=\"image\/jpeg\" \/>\n<meta name=\"twitter:card\" content=\"summary_large_image\" \/>\n<meta name=\"twitter:label1\" content=\"Tiempo de lectura\" \/>\n\t<meta name=\"twitter:data1\" content=\"4 minutos\" \/>\n<script type=\"application\/ld+json\" class=\"yoast-schema-graph\">{\"@context\":\"https:\/\/schema.org\",\"@graph\":[{\"@type\":\"WebPage\",\"@id\":\"https:\/\/globalmedsonlineinc.com\/es\/product\/nembutal-pentobarbital\/comprar-nembutal-en-polvo\/\",\"url\":\"https:\/\/globalmedsonlineinc.com\/es\/product\/nembutal-pentobarbital\/comprar-nembutal-en-polvo\/\",\"name\":\"Compre Nembutal en polvo en l\u00ednea | Global Meds Inc.\",\"isPartOf\":{\"@id\":\"https:\/\/globalmedsonlineinc.com\/es\/#website\"},\"primaryImageOfPage\":{\"@id\":\"https:\/\/globalmedsonlineinc.com\/es\/product\/nembutal-pentobarbital\/comprar-nembutal-en-polvo\/#primaryimage\"},\"image\":{\"@id\":\"https:\/\/globalmedsonlineinc.com\/es\/product\/nembutal-pentobarbital\/comprar-nembutal-en-polvo\/#primaryimage\"},\"thumbnailUrl\":\"https:\/\/globalmedsonlineinc.com\/es\/content\/media\/uploads\/sites\/6\/2021\/06\/nembutal-powder.jpg\",\"datePublished\":\"2021-06-30T20:43:38+00:00\",\"dateModified\":\"2025-11-28T00:06:26+00:00\",\"description\":\"Compre Nembutal en polvo (Pentobarbital) de alta calidad en l\u00ednea en Global Meds Inc. Env\u00edos r\u00e1pidos y discretos a todo el mundo. Disponible en paquetes de 20 g a 100 g desde 300 \u20ac. Eficaz para el insomnio y la sedaci\u00f3n. \u00a1Compre ahora!\",\"breadcrumb\":{\"@id\":\"https:\/\/globalmedsonlineinc.com\/es\/product\/nembutal-pentobarbital\/comprar-nembutal-en-polvo\/#breadcrumb\"},\"inLanguage\":\"es\",\"potentialAction\":[{\"@type\":\"ReadAction\",\"target\":[\"https:\/\/globalmedsonlineinc.com\/es\/product\/nembutal-pentobarbital\/comprar-nembutal-en-polvo\/\"]}]},{\"@type\":\"ImageObject\",\"inLanguage\":\"es\",\"@id\":\"https:\/\/globalmedsonlineinc.com\/es\/product\/nembutal-pentobarbital\/comprar-nembutal-en-polvo\/#primaryimage\",\"url\":\"https:\/\/globalmedsonlineinc.com\/es\/content\/media\/uploads\/sites\/6\/2021\/06\/nembutal-powder.jpg\",\"contentUrl\":\"https:\/\/globalmedsonlineinc.com\/es\/content\/media\/uploads\/sites\/6\/2021\/06\/nembutal-powder.jpg\",\"width\":600,\"height\":600,\"caption\":\"Compre Nembutal en polvo en l\u00ednea\"},{\"@type\":\"BreadcrumbList\",\"@id\":\"https:\/\/globalmedsonlineinc.com\/es\/product\/nembutal-pentobarbital\/comprar-nembutal-en-polvo\/#breadcrumb\",\"itemListElement\":[{\"@type\":\"ListItem\",\"position\":1,\"name\":\"Home\",\"item\":\"https:\/\/globalmedsonlineinc.com\/es\/\"},{\"@type\":\"ListItem\",\"position\":2,\"name\":\"Productos\",\"item\":\"https:\/\/globalmedsonlineinc.com\/es\/productos\/\"},{\"@type\":\"ListItem\",\"position\":3,\"name\":\"Compre polvo de Nembutal en l\u00ednea\"}]},{\"@type\":\"WebSite\",\"@id\":\"https:\/\/globalmedsonlineinc.com\/es\/#website\",\"url\":\"https:\/\/globalmedsonlineinc.com\/es\/\",\"name\":\"Global Meds Inc\",\"description\":\"\",\"potentialAction\":[{\"@type\":\"SearchAction\",\"target\":{\"@type\":\"EntryPoint\",\"urlTemplate\":\"https:\/\/globalmedsonlineinc.com\/es\/?s={search_term_string}\"},\"query-input\":{\"@type\":\"PropertyValueSpecification\",\"valueRequired\":true,\"valueName\":\"search_term_string\"}}],\"inLanguage\":\"es\"}]}<\/script>\n<!-- \/ Yoast SEO plugin. -->","yoast_head_json":{"title":"Compre Nembutal en polvo en l\u00ednea | Global Meds Inc.","description":"Compre Nembutal en polvo (Pentobarbital) de alta calidad en l\u00ednea en Global Meds Inc. Env\u00edos r\u00e1pidos y discretos a todo el mundo. Disponible en paquetes de 20 g a 100 g desde 300 \u20ac. Eficaz para el insomnio y la sedaci\u00f3n. \u00a1Compre ahora!","robots":{"index":"index","follow":"follow","max-snippet":"max-snippet:-1","max-image-preview":"max-image-preview:large","max-video-preview":"max-video-preview:-1"},"canonical":"https:\/\/globalmedsonlineinc.com\/es\/product\/nembutal-pentobarbital\/comprar-nembutal-en-polvo\/","og_locale":"es_ES","og_type":"article","og_title":"Compre Nembutal en polvo en l\u00ednea | Global Meds Inc.","og_description":"Compre Nembutal en polvo (Pentobarbital) de alta calidad en l\u00ednea en Global Meds Inc. Env\u00edos r\u00e1pidos y discretos a todo el mundo. Disponible en paquetes de 20 g a 100 g desde 300 \u20ac. Eficaz para el insomnio y la sedaci\u00f3n. \u00a1Compre ahora!","og_url":"https:\/\/globalmedsonlineinc.com\/es\/product\/nembutal-pentobarbital\/comprar-nembutal-en-polvo\/","og_site_name":"Global Meds Inc","article_modified_time":"2025-11-28T00:06:26+00:00","og_image":[{"width":600,"height":600,"url":"https:\/\/globalmedsonlineinc.com\/es\/content\/media\/uploads\/sites\/6\/2021\/06\/nembutal-powder.jpg","type":"image\/jpeg"}],"twitter_card":"summary_large_image","twitter_misc":{"Tiempo de lectura":"4 minutos"},"schema":{"@context":"https:\/\/schema.org","@graph":[{"@type":"WebPage","@id":"https:\/\/globalmedsonlineinc.com\/es\/product\/nembutal-pentobarbital\/comprar-nembutal-en-polvo\/","url":"https:\/\/globalmedsonlineinc.com\/es\/product\/nembutal-pentobarbital\/comprar-nembutal-en-polvo\/","name":"Compre Nembutal en polvo en l\u00ednea | Global Meds Inc.","isPartOf":{"@id":"https:\/\/globalmedsonlineinc.com\/es\/#website"},"primaryImageOfPage":{"@id":"https:\/\/globalmedsonlineinc.com\/es\/product\/nembutal-pentobarbital\/comprar-nembutal-en-polvo\/#primaryimage"},"image":{"@id":"https:\/\/globalmedsonlineinc.com\/es\/product\/nembutal-pentobarbital\/comprar-nembutal-en-polvo\/#primaryimage"},"thumbnailUrl":"https:\/\/globalmedsonlineinc.com\/es\/content\/media\/uploads\/sites\/6\/2021\/06\/nembutal-powder.jpg","datePublished":"2021-06-30T20:43:38+00:00","dateModified":"2025-11-28T00:06:26+00:00","description":"Compre Nembutal en polvo (Pentobarbital) de alta calidad en l\u00ednea en Global Meds Inc. Env\u00edos r\u00e1pidos y discretos a todo el mundo. Disponible en paquetes de 20 g a 100 g desde 300 \u20ac. Eficaz para el insomnio y la sedaci\u00f3n. \u00a1Compre ahora!","breadcrumb":{"@id":"https:\/\/globalmedsonlineinc.com\/es\/product\/nembutal-pentobarbital\/comprar-nembutal-en-polvo\/#breadcrumb"},"inLanguage":"es","potentialAction":[{"@type":"ReadAction","target":["https:\/\/globalmedsonlineinc.com\/es\/product\/nembutal-pentobarbital\/comprar-nembutal-en-polvo\/"]}]},{"@type":"ImageObject","inLanguage":"es","@id":"https:\/\/globalmedsonlineinc.com\/es\/product\/nembutal-pentobarbital\/comprar-nembutal-en-polvo\/#primaryimage","url":"https:\/\/globalmedsonlineinc.com\/es\/content\/media\/uploads\/sites\/6\/2021\/06\/nembutal-powder.jpg","contentUrl":"https:\/\/globalmedsonlineinc.com\/es\/content\/media\/uploads\/sites\/6\/2021\/06\/nembutal-powder.jpg","width":600,"height":600,"caption":"Compre Nembutal en polvo en l\u00ednea"},{"@type":"BreadcrumbList","@id":"https:\/\/globalmedsonlineinc.com\/es\/product\/nembutal-pentobarbital\/comprar-nembutal-en-polvo\/#breadcrumb","itemListElement":[{"@type":"ListItem","position":1,"name":"Home","item":"https:\/\/globalmedsonlineinc.com\/es\/"},{"@type":"ListItem","position":2,"name":"Productos","item":"https:\/\/globalmedsonlineinc.com\/es\/productos\/"},{"@type":"ListItem","position":3,"name":"Compre polvo de Nembutal en l\u00ednea"}]},{"@type":"WebSite","@id":"https:\/\/globalmedsonlineinc.com\/es\/#website","url":"https:\/\/globalmedsonlineinc.com\/es\/","name":"Global Meds Inc","description":"","potentialAction":[{"@type":"SearchAction","target":{"@type":"EntryPoint","urlTemplate":"https:\/\/globalmedsonlineinc.com\/es\/?s={search_term_string}"},"query-input":{"@type":"PropertyValueSpecification","valueRequired":true,"valueName":"search_term_string"}}],"inLanguage":"es"}]}},"_links":{"self":[{"href":"https:\/\/globalmedsonlineinc.com\/es\/wp-json\/wp\/v2\/product\/8926","targetHints":{"allow":["GET"]}}],"collection":[{"href":"https:\/\/globalmedsonlineinc.com\/es\/wp-json\/wp\/v2\/product"}],"about":[{"href":"https:\/\/globalmedsonlineinc.com\/es\/wp-json\/wp\/v2\/types\/product"}],"replies":[{"embeddable":true,"href":"https:\/\/globalmedsonlineinc.com\/es\/wp-json\/wp\/v2\/comments?post=8926"}],"wp:featuredmedia":[{"embeddable":true,"href":"https:\/\/globalmedsonlineinc.com\/es\/wp-json\/wp\/v2\/media\/8967"}],"wp:attachment":[{"href":"https:\/\/globalmedsonlineinc.com\/es\/wp-json\/wp\/v2\/media?parent=8926"}],"wp:term":[{"taxonomy":"product_brand","embeddable":true,"href":"https:\/\/globalmedsonlineinc.com\/es\/wp-json\/wp\/v2\/product_brand?post=8926"},{"taxonomy":"product_cat","embeddable":true,"href":"https:\/\/globalmedsonlineinc.com\/es\/wp-json\/wp\/v2\/product_cat?post=8926"},{"taxonomy":"product_tag","embeddable":true,"href":"https:\/\/globalmedsonlineinc.com\/es\/wp-json\/wp\/v2\/product_tag?post=8926"}],"curies":[{"name":"wp","href":"https:\/\/api.w.org\/{rel}","templated":true}]}}