{"id":8924,"date":"2021-06-30T20:43:12","date_gmt":"2021-06-30T20:43:12","guid":{"rendered":"https:\/\/globalmedsonlineinc.com\/es\/?post_type=product&#038;p=8924"},"modified":"2024-02-19T16:13:41","modified_gmt":"2024-02-19T16:13:41","slug":"comprar-capsulas-de-nembutal-en-linea","status":"publish","type":"product","link":"https:\/\/globalmedsonlineinc.com\/es\/product\/nembutal-pentobarbital\/comprar-capsulas-de-nembutal-en-linea\/","title":{"rendered":"Compre c\u00e1psulas de Nembutal en l\u00ednea"},"content":{"rendered":"<h1><span class=\"VIiyi\" lang=\"es\"><span class=\"JLqJ4b ChMk0b\" data-language-for-alternatives=\"es\" data-language-to-translate-into=\"en\" data-phrase-index=\"0\">C\u00e1psulas de Nembutal a la venta online<\/span><\/span><\/h1>\n<p class=\"tt\"><a href=\"https:\/\/globalmedsonlineinc.com\/es\/product\/nembutal-pentobarbital\/comprar-capsulas-de-nembutal-en-linea\/\"><span class=\"VIiyi\" lang=\"es\"><span class=\"JLqJ4b ChMk0b\" data-language-for-alternatives=\"es\" data-language-to-translate-into=\"en\" data-phrase-index=\"0\">C\u00e1psulas de Nembutal a la venta online<\/span><\/span><\/a>. Conozca a los mejores proveedores y distribuidores de Nembutal Capsules en nuestra farmacia online de Nembutal<\/p>\n<p>\u00bfEst\u00e1 buscando una farmacia en l\u00ednea confiable y profesional que pueda ayudarle a comprar Nembutal Capsules en l\u00ednea al mejor precio? Si es as\u00ed, entonces definitivamente ha llegado al lugar correcto. Somos una reconocida farmacia en l\u00ednea conocida bajo el nombre de Farmacia Nembutal en l\u00ednea. Siendo los mejores vendedores y proveedores en el mercado en l\u00ednea, hemos ganado una gran cantidad de clientes leales que regularmente hacen la compra de Nembutal C\u00e1psulas de nuestra farmacia en l\u00ednea.<\/p>\n<p>Incluso si usted est\u00e1 comprando Nembutal Capsules por primera vez en nuestra farmacia en l\u00ednea, no se preocupe por nada. S\u00f3lo obtendr\u00e1 lo mejor de aqu\u00ed. Siempre estamos aqu\u00ed <a href=\"https:\/\/es.wikipedia.org\/wiki\/Pentobarbital\">para<\/a> ayudarle a comprar Nembutal C\u00e1psulas en l\u00ednea de una manera conveniente. Estamos siguiendo las normas adecuadas de la industria y proporcionar a nuestros clientes con sus productos de la misma manera. Nuestra farmacia en l\u00ednea no hace concesiones en cuanto a la calidad, el embalaje o la entrega de las c\u00e1psulas de Nembutal. Si usted est\u00e1 mirando adelante a comprar Nembutal C\u00e1psulas, a continuaci\u00f3n, p\u00f3ngase en contacto con nosotros hoy y obtener sus necesidades cumplidas en un corto per\u00edodo.<\/p>\n<h6 class=\"tt\">\u00bfPor qu\u00e9 elegir la farmacia en l\u00ednea de Nembutal es la mejor decisi\u00f3n para comprar c\u00e1psulas de Nembutal?<\/h6>\n<p>Si desea Nembutal Capsules de manera precisa con calidad comprobada y facilidad de entrega r\u00e1pida, entonces elegirnos es siempre la mejor opci\u00f3n. Online Nembutal Pharmacy vende la mejor calidad de Nembutal Capsules a precios asequibles en todo el mundo. Una cosa que nos mantiene en el camino es que no utilizamos intermediarios en nuestro proceso de transacci\u00f3n. Nos comunicamos directamente con los clientes y completamos su pedido a tiempo.<\/p>\n<p>Por trabajar en este \u00e1mbito durante un largo per\u00edodo, hemos sido apreciados por nuestros clientes en forma de comentarios y opiniones positivas. Nuestro equipo se asegura de que Nembutal C\u00e1psulas est\u00e1 llegando a los clientes de una manera segura y protegida. Con cada producto, proporcionamos un conjunto de instrucciones adjuntas. Estas instrucciones le ayudar\u00e1n a manejar su medicaci\u00f3n en Nembutal C\u00e1psulas de una manera protegida.<\/p>\n<p>Nuestros excelentes servicios est\u00e1n todo el tiempo disponibles para usted. Usted puede agarrar m\u00e1s informaci\u00f3n sobre la medicaci\u00f3n en Nembutal C\u00e1psulas con la ayuda de nuestra farmacia en l\u00ednea. Anteriormente, la gente sol\u00eda luchar con la compra de Nembutal C\u00e1psulas. Pero con el avance del tiempo, nuestra farmacia en l\u00ednea ha llegado con los productos de Nembutal. Usted puede comprarlos en cualquier momento y en cualquier lugar.<\/p>\n<p>C\u00e1psulas de nembutal de buena calidad en l\u00ednea: se entiende completamente que las personas no conf\u00edan r\u00e1pidamente en la calidad de las c\u00e1psulas de nembutal que se venden en l\u00ednea porque no pueden examinarlas f\u00edsicamente. Pero no es lo mismo con los proveedores en l\u00ednea de c\u00e1psulas de nembutal en l\u00ednea. Los productos aqu\u00ed son fieles a su descripci\u00f3n con un mantenimiento de alta calidad realizado bajo la supervisi\u00f3n de expertos.<\/p>\n<p>Env\u00edo r\u00e1pido y discreto: la entrega de las c\u00e1psulas nembutal en l\u00ednea despu\u00e9s de recibir el pedido se realiza dentro del plazo prometido. El equipo de env\u00edo pone todo su esfuerzo en hacer que el procedimiento de env\u00edo y entrega sea sencillo y r\u00e1pido. Tambi\u00e9n puede esperar excelentes servicios al comprar c\u00e1psulas nembutal en l\u00ednea del profesional en la plataforma en l\u00ednea.<\/p>\n","protected":false},"excerpt":{"rendered":"<p><strong>\u00bfC\u00f3mo hacer un pedido de c\u00e1psulas de Nembutal en l\u00ednea?<\/strong><\/p>\n<p>En nuestro sitio web oficial, puede a\u00f1adir su requisito para comprar Nembutal C\u00e1psulas en l\u00ednea al mejor precio y obtenerlo en un corto per\u00edodo de tiempo. Su pedido es nuestra responsabilidad. P\u00f3ngase en contacto con nosotros hoy y obtenga C\u00e1psulas de Nembutal en venta de la manera m\u00e1s sencilla.<\/p>\n","protected":false},"featured_media":8961,"comment_status":"closed","ping_status":"closed","template":"","meta":{"_acf_changed":false,"_monsterinsights_skip_tracking":false,"_monsterinsights_sitenote_active":false,"_monsterinsights_sitenote_note":"","_monsterinsights_sitenote_category":0},"product_brand":[],"product_cat":[87],"product_tag":[],"class_list":{"0":"post-8924","1":"product","2":"type-product","3":"status-publish","4":"has-post-thumbnail","6":"product_cat-nembutal-pentobarbital","8":"first","9":"instock","10":"featured","11":"shipping-taxable","12":"purchasable","13":"product-type-variable","14":"has-default-attributes"},"acf":[],"yoast_head":"<!-- This site is optimized with the Yoast SEO plugin v27.2 - https:\/\/yoast.com\/product\/yoast-seo-wordpress\/ -->\n<title>C\u00e1psulas de Nembutal a la venta online - Global Meds Inc.<\/title>\n<meta name=\"description\" content=\"C\u00e1psulas de Nembutal a la venta online. Vendemos c\u00e1psulas de Nembutal de la mejor calidad. Por favor cont\u00e1ctenos para m\u00e1s informaci\u00f3n y precios.\" \/>\n<meta name=\"robots\" content=\"index, follow, max-snippet:-1, max-image-preview:large, max-video-preview:-1\" \/>\n<link rel=\"canonical\" href=\"https:\/\/globalmedsonlineinc.com\/es\/product\/nembutal-pentobarbital\/comprar-capsulas-de-nembutal-en-linea\/\" \/>\n<meta property=\"og:locale\" content=\"es_ES\" \/>\n<meta property=\"og:type\" content=\"article\" \/>\n<meta property=\"og:title\" content=\"C\u00e1psulas de Nembutal a la venta online - Global Meds Inc.\" \/>\n<meta property=\"og:description\" content=\"C\u00e1psulas de Nembutal a la venta online. Vendemos c\u00e1psulas de Nembutal de la mejor calidad. Por favor cont\u00e1ctenos para m\u00e1s informaci\u00f3n y precios.\" \/>\n<meta property=\"og:url\" content=\"https:\/\/globalmedsonlineinc.com\/es\/product\/nembutal-pentobarbital\/comprar-capsulas-de-nembutal-en-linea\/\" \/>\n<meta property=\"og:site_name\" content=\"Global Meds Inc\" \/>\n<meta property=\"article:modified_time\" content=\"2024-02-19T16:13:41+00:00\" \/>\n<meta property=\"og:image\" content=\"https:\/\/globalmedsonlineinc.com\/es\/content\/media\/uploads\/sites\/6\/2021\/06\/nembutal-capsules.jpg\" \/>\n\t<meta property=\"og:image:width\" content=\"600\" \/>\n\t<meta property=\"og:image:height\" content=\"600\" \/>\n\t<meta property=\"og:image:type\" content=\"image\/jpeg\" \/>\n<meta name=\"twitter:card\" content=\"summary_large_image\" \/>\n<meta name=\"twitter:label1\" content=\"Tiempo de lectura\" \/>\n\t<meta name=\"twitter:data1\" content=\"3 minutos\" \/>\n<script type=\"application\/ld+json\" class=\"yoast-schema-graph\">{\"@context\":\"https:\/\/schema.org\",\"@graph\":[{\"@type\":\"WebPage\",\"@id\":\"https:\/\/globalmedsonlineinc.com\/es\/product\/nembutal-pentobarbital\/comprar-capsulas-de-nembutal-en-linea\/\",\"url\":\"https:\/\/globalmedsonlineinc.com\/es\/product\/nembutal-pentobarbital\/comprar-capsulas-de-nembutal-en-linea\/\",\"name\":\"C\u00e1psulas de Nembutal a la venta online - Global Meds Inc.\",\"isPartOf\":{\"@id\":\"https:\/\/globalmedsonlineinc.com\/es\/#website\"},\"primaryImageOfPage\":{\"@id\":\"https:\/\/globalmedsonlineinc.com\/es\/product\/nembutal-pentobarbital\/comprar-capsulas-de-nembutal-en-linea\/#primaryimage\"},\"image\":{\"@id\":\"https:\/\/globalmedsonlineinc.com\/es\/product\/nembutal-pentobarbital\/comprar-capsulas-de-nembutal-en-linea\/#primaryimage\"},\"thumbnailUrl\":\"https:\/\/globalmedsonlineinc.com\/es\/content\/media\/uploads\/sites\/6\/2021\/06\/nembutal-capsules.jpg\",\"datePublished\":\"2021-06-30T20:43:12+00:00\",\"dateModified\":\"2024-02-19T16:13:41+00:00\",\"description\":\"C\u00e1psulas de Nembutal a la venta online. Vendemos c\u00e1psulas de Nembutal de la mejor calidad. Por favor cont\u00e1ctenos para m\u00e1s informaci\u00f3n y precios.\",\"breadcrumb\":{\"@id\":\"https:\/\/globalmedsonlineinc.com\/es\/product\/nembutal-pentobarbital\/comprar-capsulas-de-nembutal-en-linea\/#breadcrumb\"},\"inLanguage\":\"es\",\"potentialAction\":[{\"@type\":\"ReadAction\",\"target\":[\"https:\/\/globalmedsonlineinc.com\/es\/product\/nembutal-pentobarbital\/comprar-capsulas-de-nembutal-en-linea\/\"]}]},{\"@type\":\"ImageObject\",\"inLanguage\":\"es\",\"@id\":\"https:\/\/globalmedsonlineinc.com\/es\/product\/nembutal-pentobarbital\/comprar-capsulas-de-nembutal-en-linea\/#primaryimage\",\"url\":\"https:\/\/globalmedsonlineinc.com\/es\/content\/media\/uploads\/sites\/6\/2021\/06\/nembutal-capsules.jpg\",\"contentUrl\":\"https:\/\/globalmedsonlineinc.com\/es\/content\/media\/uploads\/sites\/6\/2021\/06\/nembutal-capsules.jpg\",\"width\":600,\"height\":600,\"caption\":\"C\u00e1psulas de Nembutal a la venta online\"},{\"@type\":\"BreadcrumbList\",\"@id\":\"https:\/\/globalmedsonlineinc.com\/es\/product\/nembutal-pentobarbital\/comprar-capsulas-de-nembutal-en-linea\/#breadcrumb\",\"itemListElement\":[{\"@type\":\"ListItem\",\"position\":1,\"name\":\"Home\",\"item\":\"https:\/\/globalmedsonlineinc.com\/es\/\"},{\"@type\":\"ListItem\",\"position\":2,\"name\":\"Productos\",\"item\":\"https:\/\/globalmedsonlineinc.com\/es\/productos\/\"},{\"@type\":\"ListItem\",\"position\":3,\"name\":\"Compre c\u00e1psulas de Nembutal en l\u00ednea\"}]},{\"@type\":\"WebSite\",\"@id\":\"https:\/\/globalmedsonlineinc.com\/es\/#website\",\"url\":\"https:\/\/globalmedsonlineinc.com\/es\/\",\"name\":\"Global Meds Inc\",\"description\":\"\",\"potentialAction\":[{\"@type\":\"SearchAction\",\"target\":{\"@type\":\"EntryPoint\",\"urlTemplate\":\"https:\/\/globalmedsonlineinc.com\/es\/?s={search_term_string}\"},\"query-input\":{\"@type\":\"PropertyValueSpecification\",\"valueRequired\":true,\"valueName\":\"search_term_string\"}}],\"inLanguage\":\"es\"}]}<\/script>\n<!-- \/ Yoast SEO plugin. -->","yoast_head_json":{"title":"C\u00e1psulas de Nembutal a la venta online - Global Meds Inc.","description":"C\u00e1psulas de Nembutal a la venta online. Vendemos c\u00e1psulas de Nembutal de la mejor calidad. Por favor cont\u00e1ctenos para m\u00e1s informaci\u00f3n y precios.","robots":{"index":"index","follow":"follow","max-snippet":"max-snippet:-1","max-image-preview":"max-image-preview:large","max-video-preview":"max-video-preview:-1"},"canonical":"https:\/\/globalmedsonlineinc.com\/es\/product\/nembutal-pentobarbital\/comprar-capsulas-de-nembutal-en-linea\/","og_locale":"es_ES","og_type":"article","og_title":"C\u00e1psulas de Nembutal a la venta online - Global Meds Inc.","og_description":"C\u00e1psulas de Nembutal a la venta online. Vendemos c\u00e1psulas de Nembutal de la mejor calidad. Por favor cont\u00e1ctenos para m\u00e1s informaci\u00f3n y precios.","og_url":"https:\/\/globalmedsonlineinc.com\/es\/product\/nembutal-pentobarbital\/comprar-capsulas-de-nembutal-en-linea\/","og_site_name":"Global Meds Inc","article_modified_time":"2024-02-19T16:13:41+00:00","og_image":[{"width":600,"height":600,"url":"https:\/\/globalmedsonlineinc.com\/es\/content\/media\/uploads\/sites\/6\/2021\/06\/nembutal-capsules.jpg","type":"image\/jpeg"}],"twitter_card":"summary_large_image","twitter_misc":{"Tiempo de lectura":"3 minutos"},"schema":{"@context":"https:\/\/schema.org","@graph":[{"@type":"WebPage","@id":"https:\/\/globalmedsonlineinc.com\/es\/product\/nembutal-pentobarbital\/comprar-capsulas-de-nembutal-en-linea\/","url":"https:\/\/globalmedsonlineinc.com\/es\/product\/nembutal-pentobarbital\/comprar-capsulas-de-nembutal-en-linea\/","name":"C\u00e1psulas de Nembutal a la venta online - Global Meds Inc.","isPartOf":{"@id":"https:\/\/globalmedsonlineinc.com\/es\/#website"},"primaryImageOfPage":{"@id":"https:\/\/globalmedsonlineinc.com\/es\/product\/nembutal-pentobarbital\/comprar-capsulas-de-nembutal-en-linea\/#primaryimage"},"image":{"@id":"https:\/\/globalmedsonlineinc.com\/es\/product\/nembutal-pentobarbital\/comprar-capsulas-de-nembutal-en-linea\/#primaryimage"},"thumbnailUrl":"https:\/\/globalmedsonlineinc.com\/es\/content\/media\/uploads\/sites\/6\/2021\/06\/nembutal-capsules.jpg","datePublished":"2021-06-30T20:43:12+00:00","dateModified":"2024-02-19T16:13:41+00:00","description":"C\u00e1psulas de Nembutal a la venta online. Vendemos c\u00e1psulas de Nembutal de la mejor calidad. Por favor cont\u00e1ctenos para m\u00e1s informaci\u00f3n y precios.","breadcrumb":{"@id":"https:\/\/globalmedsonlineinc.com\/es\/product\/nembutal-pentobarbital\/comprar-capsulas-de-nembutal-en-linea\/#breadcrumb"},"inLanguage":"es","potentialAction":[{"@type":"ReadAction","target":["https:\/\/globalmedsonlineinc.com\/es\/product\/nembutal-pentobarbital\/comprar-capsulas-de-nembutal-en-linea\/"]}]},{"@type":"ImageObject","inLanguage":"es","@id":"https:\/\/globalmedsonlineinc.com\/es\/product\/nembutal-pentobarbital\/comprar-capsulas-de-nembutal-en-linea\/#primaryimage","url":"https:\/\/globalmedsonlineinc.com\/es\/content\/media\/uploads\/sites\/6\/2021\/06\/nembutal-capsules.jpg","contentUrl":"https:\/\/globalmedsonlineinc.com\/es\/content\/media\/uploads\/sites\/6\/2021\/06\/nembutal-capsules.jpg","width":600,"height":600,"caption":"C\u00e1psulas de Nembutal a la venta online"},{"@type":"BreadcrumbList","@id":"https:\/\/globalmedsonlineinc.com\/es\/product\/nembutal-pentobarbital\/comprar-capsulas-de-nembutal-en-linea\/#breadcrumb","itemListElement":[{"@type":"ListItem","position":1,"name":"Home","item":"https:\/\/globalmedsonlineinc.com\/es\/"},{"@type":"ListItem","position":2,"name":"Productos","item":"https:\/\/globalmedsonlineinc.com\/es\/productos\/"},{"@type":"ListItem","position":3,"name":"Compre c\u00e1psulas de Nembutal en l\u00ednea"}]},{"@type":"WebSite","@id":"https:\/\/globalmedsonlineinc.com\/es\/#website","url":"https:\/\/globalmedsonlineinc.com\/es\/","name":"Global Meds Inc","description":"","potentialAction":[{"@type":"SearchAction","target":{"@type":"EntryPoint","urlTemplate":"https:\/\/globalmedsonlineinc.com\/es\/?s={search_term_string}"},"query-input":{"@type":"PropertyValueSpecification","valueRequired":true,"valueName":"search_term_string"}}],"inLanguage":"es"}]}},"_links":{"self":[{"href":"https:\/\/globalmedsonlineinc.com\/es\/wp-json\/wp\/v2\/product\/8924","targetHints":{"allow":["GET"]}}],"collection":[{"href":"https:\/\/globalmedsonlineinc.com\/es\/wp-json\/wp\/v2\/product"}],"about":[{"href":"https:\/\/globalmedsonlineinc.com\/es\/wp-json\/wp\/v2\/types\/product"}],"replies":[{"embeddable":true,"href":"https:\/\/globalmedsonlineinc.com\/es\/wp-json\/wp\/v2\/comments?post=8924"}],"wp:featuredmedia":[{"embeddable":true,"href":"https:\/\/globalmedsonlineinc.com\/es\/wp-json\/wp\/v2\/media\/8961"}],"wp:attachment":[{"href":"https:\/\/globalmedsonlineinc.com\/es\/wp-json\/wp\/v2\/media?parent=8924"}],"wp:term":[{"taxonomy":"product_brand","embeddable":true,"href":"https:\/\/globalmedsonlineinc.com\/es\/wp-json\/wp\/v2\/product_brand?post=8924"},{"taxonomy":"product_cat","embeddable":true,"href":"https:\/\/globalmedsonlineinc.com\/es\/wp-json\/wp\/v2\/product_cat?post=8924"},{"taxonomy":"product_tag","embeddable":true,"href":"https:\/\/globalmedsonlineinc.com\/es\/wp-json\/wp\/v2\/product_tag?post=8924"}],"curies":[{"name":"wp","href":"https:\/\/api.w.org\/{rel}","templated":true}]}}