{"id":8922,"date":"2021-06-30T20:42:55","date_gmt":"2021-06-30T20:42:55","guid":{"rendered":"https:\/\/globalmedsonlineinc.com\/es\/?post_type=product&#038;p=8922"},"modified":"2024-02-19T16:15:02","modified_gmt":"2024-02-19T16:15:02","slug":"comprar-butabarbital-online","status":"publish","type":"product","link":"https:\/\/globalmedsonlineinc.com\/es\/product\/nembutal-pentobarbital\/comprar-butabarbital-online\/","title":{"rendered":"Compre butabarbital en l\u00ednea"},"content":{"rendered":"<h1><span class=\"VIiyi\" lang=\"es\"><span class=\"JLqJ4b ChMk0b\" data-language-for-alternatives=\"es\" data-language-to-translate-into=\"en\" data-phrase-index=\"0\">Butabarbital para la venta en l\u00ednea sin receta<\/span><\/span><\/h1>\n<p class=\"tt\"><span class=\"VIiyi\" lang=\"es\"><span class=\"JLqJ4b ChMk0b\" data-language-for-alternatives=\"es\" data-language-to-translate-into=\"en\" data-phrase-index=\"0\"><a href=\"https:\/\/globalmedsonlineinc.com\/es\/product\/nembutal-pentobarbital\/comprar-butabarbital-online\/\">Butabarbital para la venta<\/a> en l\u00ednea sin receta<\/span><\/span>. Comprar Butabarbital S\u00f3dico 50 mg Comprimidos en l\u00ednea de la mejor farmacia<\/p>\n<p>La Farmacia Online de Nembutal es una farmacia ideal para comprar Butabarbital S\u00f3dico 50 mg Comprimidos a los mejores precios. Estamos comprometidos en esta industria de la medicina por un largo per\u00edodo de tiempo. Usted puede confiar en nosotros en t\u00e9rminos de recibir lo mejor para su salud. Los miembros de nuestro equipo profesional no defraudar\u00e1n sus expectativas de <a href=\"https:\/\/en.wikipedia.org\/wiki\/Butabarbital\">ninguna<\/a> manera. \u00a1Compre ahora!<\/p>\n<h6 class=\"tt\">\u00bfC\u00f3mo puede hacer el mejor uso de Butabarbital S\u00f3dico despu\u00e9s de comprarlo de nosotros?<\/h6>\n<p>Butabarbital de sodio es un medicamento perfecto que puede ser utilizado para el tratamiento del insomnio en las personas. Por lo general, es un medicamento a corto plazo. La industria m\u00e9dica puede utilizar este producto como un sedante antes de cualquier cirug\u00eda.<\/p>\n<p>Para asegurar una medicaci\u00f3n adecuada sobre el Butabarbital S\u00f3dico, ofrecemos <a href=\"https:\/\/es.wikipedia.org\/wiki\/Butobarbital\">una<\/a> gu\u00eda manual a nuestros clientes. En esta gu\u00eda manual, se mencionan todas las instrucciones relacionadas con el medicamento. Usted puede leer f\u00e1cilmente uno por uno y utilizarlo para sus prop\u00f3sitos previstos. Puede confiar plenamente en nuestra farmacia profesional en l\u00ednea. Siempre pensamos lo mejor para nuestros valiosos clientes. Siempre nos preocupamos por la salud de las personas y comprobamos todos los productos antes de entregarlos.<\/p>\n<p>Para comprar Butabarbital S\u00f3dico al mejor precio, puede ponerse en contacto con nosotros. Nuestro equipo interpretar\u00e1 su pedido y preparar\u00e1 el mismo para la entrega en el momento siguiente. Sus medicamentos llegar\u00e1n a usted dentro del tiempo asignado por nuestra farmacia en l\u00ednea. \u00a1Ordene Nembutal barato ahora!<\/p>\n<p>Butabarbital de buena calidad en l\u00ednea: se entiende completamente que las personas no conf\u00edan r\u00e1pidamente en la calidad del butabarbital en l\u00ednea que se vende en l\u00ednea porque no pueden examinarlo f\u00edsicamente. Pero no es lo mismo con los proveedores online de Butabarbital Online. Los productos aqu\u00ed son fieles a su descripci\u00f3n con un mantenimiento de alta calidad realizado bajo la supervisi\u00f3n de expertos.<\/p>\n<p>Env\u00edo r\u00e1pido y discreto: la entrega del butabarbital en l\u00ednea despu\u00e9s de recibir el pedido se realiza dentro del plazo prometido. El equipo de env\u00edo pone todo su esfuerzo en hacer que el procedimiento de env\u00edo y entrega sea sencillo y r\u00e1pido. Tambi\u00e9n puede esperar excelentes servicios al comprar Butabarbital en l\u00ednea del profesional en la plataforma en l\u00ednea.<\/p>\n","protected":false},"excerpt":{"rendered":"<p><strong>How to order Butabarbital Sodium from Online Nembutal Pharmacy?<\/strong><\/p>\n<p>Online Nembutal Pharmacy is now available at the online stage. Submit your order details to buy Butabarbital Sodium 50 mg Tablets at our official website following with the payment for the same. Once the order is placed, it will be completed inside the mentioned timeframe. Order today!<\/p>\n","protected":false},"featured_media":8957,"comment_status":"closed","ping_status":"closed","template":"","meta":{"_acf_changed":false,"_monsterinsights_skip_tracking":false,"_monsterinsights_sitenote_active":false,"_monsterinsights_sitenote_note":"","_monsterinsights_sitenote_category":0},"product_brand":[],"product_cat":[87],"product_tag":[],"class_list":{"0":"post-8922","1":"product","2":"type-product","3":"status-publish","4":"has-post-thumbnail","6":"product_cat-nembutal-pentobarbital","8":"first","9":"instock","10":"featured","11":"shipping-taxable","12":"purchasable","13":"product-type-variable","14":"has-default-attributes"},"acf":[],"yoast_head":"<!-- This site is optimized with the Yoast SEO plugin v27.2 - https:\/\/yoast.com\/product\/yoast-seo-wordpress\/ -->\n<title>Butabarbital para la venta en l\u00ednea sin receta | Global Meds Inc.<\/title>\n<meta name=\"description\" content=\"Butabarbital a la venta en l\u00ednea sin receta. Vendemos pastillas de Butabarbital de la mejor calidad. Por favor cont\u00e1ctenos para m\u00e1s informaci\u00f3n y precios.\" \/>\n<meta name=\"robots\" content=\"index, follow, max-snippet:-1, max-image-preview:large, max-video-preview:-1\" \/>\n<link rel=\"canonical\" href=\"https:\/\/globalmedsonlineinc.com\/es\/product\/nembutal-pentobarbital\/comprar-butabarbital-online\/\" \/>\n<meta property=\"og:locale\" content=\"es_ES\" \/>\n<meta property=\"og:type\" content=\"article\" \/>\n<meta property=\"og:title\" content=\"Butabarbital para la venta en l\u00ednea sin receta | Global Meds Inc.\" \/>\n<meta property=\"og:description\" content=\"Butabarbital a la venta en l\u00ednea sin receta. Vendemos pastillas de Butabarbital de la mejor calidad. Por favor cont\u00e1ctenos para m\u00e1s informaci\u00f3n y precios.\" \/>\n<meta property=\"og:url\" content=\"https:\/\/globalmedsonlineinc.com\/es\/product\/nembutal-pentobarbital\/comprar-butabarbital-online\/\" \/>\n<meta property=\"og:site_name\" content=\"Global Meds Inc\" \/>\n<meta property=\"article:modified_time\" content=\"2024-02-19T16:15:02+00:00\" \/>\n<meta property=\"og:image\" content=\"https:\/\/globalmedsonlineinc.com\/es\/content\/media\/uploads\/sites\/6\/2021\/06\/Butabarbital.jpg\" \/>\n\t<meta property=\"og:image:width\" content=\"600\" \/>\n\t<meta property=\"og:image:height\" content=\"600\" \/>\n\t<meta property=\"og:image:type\" content=\"image\/jpeg\" \/>\n<meta name=\"twitter:card\" content=\"summary_large_image\" \/>\n<meta name=\"twitter:label1\" content=\"Tiempo de lectura\" \/>\n\t<meta name=\"twitter:data1\" content=\"2 minutos\" \/>\n<script type=\"application\/ld+json\" class=\"yoast-schema-graph\">{\"@context\":\"https:\/\/schema.org\",\"@graph\":[{\"@type\":\"WebPage\",\"@id\":\"https:\/\/globalmedsonlineinc.com\/es\/product\/nembutal-pentobarbital\/comprar-butabarbital-online\/\",\"url\":\"https:\/\/globalmedsonlineinc.com\/es\/product\/nembutal-pentobarbital\/comprar-butabarbital-online\/\",\"name\":\"Butabarbital para la venta en l\u00ednea sin receta | Global Meds Inc.\",\"isPartOf\":{\"@id\":\"https:\/\/globalmedsonlineinc.com\/es\/#website\"},\"primaryImageOfPage\":{\"@id\":\"https:\/\/globalmedsonlineinc.com\/es\/product\/nembutal-pentobarbital\/comprar-butabarbital-online\/#primaryimage\"},\"image\":{\"@id\":\"https:\/\/globalmedsonlineinc.com\/es\/product\/nembutal-pentobarbital\/comprar-butabarbital-online\/#primaryimage\"},\"thumbnailUrl\":\"https:\/\/globalmedsonlineinc.com\/es\/content\/media\/uploads\/sites\/6\/2021\/06\/Butabarbital.jpg\",\"datePublished\":\"2021-06-30T20:42:55+00:00\",\"dateModified\":\"2024-02-19T16:15:02+00:00\",\"description\":\"Butabarbital a la venta en l\u00ednea sin receta. Vendemos pastillas de Butabarbital de la mejor calidad. Por favor cont\u00e1ctenos para m\u00e1s informaci\u00f3n y precios.\",\"breadcrumb\":{\"@id\":\"https:\/\/globalmedsonlineinc.com\/es\/product\/nembutal-pentobarbital\/comprar-butabarbital-online\/#breadcrumb\"},\"inLanguage\":\"es\",\"potentialAction\":[{\"@type\":\"ReadAction\",\"target\":[\"https:\/\/globalmedsonlineinc.com\/es\/product\/nembutal-pentobarbital\/comprar-butabarbital-online\/\"]}]},{\"@type\":\"ImageObject\",\"inLanguage\":\"es\",\"@id\":\"https:\/\/globalmedsonlineinc.com\/es\/product\/nembutal-pentobarbital\/comprar-butabarbital-online\/#primaryimage\",\"url\":\"https:\/\/globalmedsonlineinc.com\/es\/content\/media\/uploads\/sites\/6\/2021\/06\/Butabarbital.jpg\",\"contentUrl\":\"https:\/\/globalmedsonlineinc.com\/es\/content\/media\/uploads\/sites\/6\/2021\/06\/Butabarbital.jpg\",\"width\":600,\"height\":600,\"caption\":\"Butabarbital para la venta en l\u00ednea sin receta\"},{\"@type\":\"BreadcrumbList\",\"@id\":\"https:\/\/globalmedsonlineinc.com\/es\/product\/nembutal-pentobarbital\/comprar-butabarbital-online\/#breadcrumb\",\"itemListElement\":[{\"@type\":\"ListItem\",\"position\":1,\"name\":\"Home\",\"item\":\"https:\/\/globalmedsonlineinc.com\/es\/\"},{\"@type\":\"ListItem\",\"position\":2,\"name\":\"Productos\",\"item\":\"https:\/\/globalmedsonlineinc.com\/es\/productos\/\"},{\"@type\":\"ListItem\",\"position\":3,\"name\":\"Compre butabarbital en l\u00ednea\"}]},{\"@type\":\"WebSite\",\"@id\":\"https:\/\/globalmedsonlineinc.com\/es\/#website\",\"url\":\"https:\/\/globalmedsonlineinc.com\/es\/\",\"name\":\"Global Meds Inc\",\"description\":\"\",\"potentialAction\":[{\"@type\":\"SearchAction\",\"target\":{\"@type\":\"EntryPoint\",\"urlTemplate\":\"https:\/\/globalmedsonlineinc.com\/es\/?s={search_term_string}\"},\"query-input\":{\"@type\":\"PropertyValueSpecification\",\"valueRequired\":true,\"valueName\":\"search_term_string\"}}],\"inLanguage\":\"es\"}]}<\/script>\n<!-- \/ Yoast SEO plugin. -->","yoast_head_json":{"title":"Butabarbital para la venta en l\u00ednea sin receta | Global Meds Inc.","description":"Butabarbital a la venta en l\u00ednea sin receta. Vendemos pastillas de Butabarbital de la mejor calidad. Por favor cont\u00e1ctenos para m\u00e1s informaci\u00f3n y precios.","robots":{"index":"index","follow":"follow","max-snippet":"max-snippet:-1","max-image-preview":"max-image-preview:large","max-video-preview":"max-video-preview:-1"},"canonical":"https:\/\/globalmedsonlineinc.com\/es\/product\/nembutal-pentobarbital\/comprar-butabarbital-online\/","og_locale":"es_ES","og_type":"article","og_title":"Butabarbital para la venta en l\u00ednea sin receta | Global Meds Inc.","og_description":"Butabarbital a la venta en l\u00ednea sin receta. Vendemos pastillas de Butabarbital de la mejor calidad. Por favor cont\u00e1ctenos para m\u00e1s informaci\u00f3n y precios.","og_url":"https:\/\/globalmedsonlineinc.com\/es\/product\/nembutal-pentobarbital\/comprar-butabarbital-online\/","og_site_name":"Global Meds Inc","article_modified_time":"2024-02-19T16:15:02+00:00","og_image":[{"width":600,"height":600,"url":"https:\/\/globalmedsonlineinc.com\/es\/content\/media\/uploads\/sites\/6\/2021\/06\/Butabarbital.jpg","type":"image\/jpeg"}],"twitter_card":"summary_large_image","twitter_misc":{"Tiempo de lectura":"2 minutos"},"schema":{"@context":"https:\/\/schema.org","@graph":[{"@type":"WebPage","@id":"https:\/\/globalmedsonlineinc.com\/es\/product\/nembutal-pentobarbital\/comprar-butabarbital-online\/","url":"https:\/\/globalmedsonlineinc.com\/es\/product\/nembutal-pentobarbital\/comprar-butabarbital-online\/","name":"Butabarbital para la venta en l\u00ednea sin receta | Global Meds Inc.","isPartOf":{"@id":"https:\/\/globalmedsonlineinc.com\/es\/#website"},"primaryImageOfPage":{"@id":"https:\/\/globalmedsonlineinc.com\/es\/product\/nembutal-pentobarbital\/comprar-butabarbital-online\/#primaryimage"},"image":{"@id":"https:\/\/globalmedsonlineinc.com\/es\/product\/nembutal-pentobarbital\/comprar-butabarbital-online\/#primaryimage"},"thumbnailUrl":"https:\/\/globalmedsonlineinc.com\/es\/content\/media\/uploads\/sites\/6\/2021\/06\/Butabarbital.jpg","datePublished":"2021-06-30T20:42:55+00:00","dateModified":"2024-02-19T16:15:02+00:00","description":"Butabarbital a la venta en l\u00ednea sin receta. Vendemos pastillas de Butabarbital de la mejor calidad. Por favor cont\u00e1ctenos para m\u00e1s informaci\u00f3n y precios.","breadcrumb":{"@id":"https:\/\/globalmedsonlineinc.com\/es\/product\/nembutal-pentobarbital\/comprar-butabarbital-online\/#breadcrumb"},"inLanguage":"es","potentialAction":[{"@type":"ReadAction","target":["https:\/\/globalmedsonlineinc.com\/es\/product\/nembutal-pentobarbital\/comprar-butabarbital-online\/"]}]},{"@type":"ImageObject","inLanguage":"es","@id":"https:\/\/globalmedsonlineinc.com\/es\/product\/nembutal-pentobarbital\/comprar-butabarbital-online\/#primaryimage","url":"https:\/\/globalmedsonlineinc.com\/es\/content\/media\/uploads\/sites\/6\/2021\/06\/Butabarbital.jpg","contentUrl":"https:\/\/globalmedsonlineinc.com\/es\/content\/media\/uploads\/sites\/6\/2021\/06\/Butabarbital.jpg","width":600,"height":600,"caption":"Butabarbital para la venta en l\u00ednea sin receta"},{"@type":"BreadcrumbList","@id":"https:\/\/globalmedsonlineinc.com\/es\/product\/nembutal-pentobarbital\/comprar-butabarbital-online\/#breadcrumb","itemListElement":[{"@type":"ListItem","position":1,"name":"Home","item":"https:\/\/globalmedsonlineinc.com\/es\/"},{"@type":"ListItem","position":2,"name":"Productos","item":"https:\/\/globalmedsonlineinc.com\/es\/productos\/"},{"@type":"ListItem","position":3,"name":"Compre butabarbital en l\u00ednea"}]},{"@type":"WebSite","@id":"https:\/\/globalmedsonlineinc.com\/es\/#website","url":"https:\/\/globalmedsonlineinc.com\/es\/","name":"Global Meds Inc","description":"","potentialAction":[{"@type":"SearchAction","target":{"@type":"EntryPoint","urlTemplate":"https:\/\/globalmedsonlineinc.com\/es\/?s={search_term_string}"},"query-input":{"@type":"PropertyValueSpecification","valueRequired":true,"valueName":"search_term_string"}}],"inLanguage":"es"}]}},"_links":{"self":[{"href":"https:\/\/globalmedsonlineinc.com\/es\/wp-json\/wp\/v2\/product\/8922","targetHints":{"allow":["GET"]}}],"collection":[{"href":"https:\/\/globalmedsonlineinc.com\/es\/wp-json\/wp\/v2\/product"}],"about":[{"href":"https:\/\/globalmedsonlineinc.com\/es\/wp-json\/wp\/v2\/types\/product"}],"replies":[{"embeddable":true,"href":"https:\/\/globalmedsonlineinc.com\/es\/wp-json\/wp\/v2\/comments?post=8922"}],"wp:featuredmedia":[{"embeddable":true,"href":"https:\/\/globalmedsonlineinc.com\/es\/wp-json\/wp\/v2\/media\/8957"}],"wp:attachment":[{"href":"https:\/\/globalmedsonlineinc.com\/es\/wp-json\/wp\/v2\/media?parent=8922"}],"wp:term":[{"taxonomy":"product_brand","embeddable":true,"href":"https:\/\/globalmedsonlineinc.com\/es\/wp-json\/wp\/v2\/product_brand?post=8922"},{"taxonomy":"product_cat","embeddable":true,"href":"https:\/\/globalmedsonlineinc.com\/es\/wp-json\/wp\/v2\/product_cat?post=8922"},{"taxonomy":"product_tag","embeddable":true,"href":"https:\/\/globalmedsonlineinc.com\/es\/wp-json\/wp\/v2\/product_tag?post=8922"}],"curies":[{"name":"wp","href":"https:\/\/api.w.org\/{rel}","templated":true}]}}