{"id":8921,"date":"2021-06-30T20:42:49","date_gmt":"2021-06-30T20:42:49","guid":{"rendered":"https:\/\/globalmedsonlineinc.com\/es\/?post_type=product&#038;p=8921"},"modified":"2024-02-19T16:16:03","modified_gmt":"2024-02-19T16:16:03","slug":"brallobarbital-vesparax","status":"publish","type":"product","link":"https:\/\/globalmedsonlineinc.com\/es\/product\/nembutal-pentobarbital\/brallobarbital-vesparax\/","title":{"rendered":"Compre Brallobarbital (Vesparax) en l\u00ednea"},"content":{"rendered":"<h1><span class=\"VIiyi\" lang=\"es\"><span class=\"JLqJ4b ChMk0b\" data-language-for-alternatives=\"es\" data-language-to-translate-into=\"en\" data-phrase-index=\"0\">Brallobarbital para la venta en l\u00ednea sin receta<\/span><\/span><\/h1>\n<p class=\"tt\"><span class=\"VIiyi\" lang=\"es\"><span class=\"JLqJ4b ChMk0b\" data-language-for-alternatives=\"es\" data-language-to-translate-into=\"en\" data-phrase-index=\"0\"><a href=\"https:\/\/globalmedsonlineinc.com\/es\/product\/nembutal-pentobarbital\/brallobarbital-vesparax\/\">Brallobarbital para la venta<\/a> en l\u00ednea sin receta<\/span><\/span>. Comprar Brallobarbital (Vesparax) en l\u00ednea de la farmacia profesional<\/p>\n<p>La farmacia de Nembutal en l\u00ednea se ocupa de Brallobarbital (Vesparax) en la plataforma en l\u00ednea y lo entrega dentro del plazo a los clientes que han hecho un pedido para ello. Somos una farmacia profesional en l\u00ednea desde donde se puede comprar Vesparax en l\u00ednea a los mejores precios disponibles. Nuestros precios son incomparables y asequibles para todos. Tambi\u00e9n contamos con un equipo que cumplir\u00e1 con sus necesidades y requisitos en relaci\u00f3n con el Nembutal Brallobarbital de una manera conveniente. Ahora puede comprar Nembutal Brallobarbital <a href=\"https:\/\/es.wikipedia.org\/wiki\/Barbit\u00farico\">de<\/a> forma eficiente en nuestra farmacia y recibirlo en breve en su <a href=\"https:\/\/en.wikipedia.org\/wiki\/Brallobarbital\">puerta<\/a>.<\/p>\n<h6 class=\"tt\">\u00bfQu\u00e9 es el Brallobarbital (Vesparax) y cu\u00e1les son sus usos?<\/h6>\n<p>El Vesparax est\u00e1 considerado como un medicamento antipsic\u00f3tico at\u00edpico. Funciona alterando las actividades de las sustancias qu\u00edmicas presentes en el cerebro. Este f\u00e1rmaco se ha considerado adecuado para ser utilizado s\u00f3lo por adultos y no debe administrarse a menores de 18 a\u00f1os.<\/p>\n<h6><strong>Los usos de Vesparax incluyen los siguientes:<\/strong><\/h6>\n<ul>\n<li style=\"list-style-type: none\">\n<ul>\n<li>Ayuda en el tratamiento de la esquizofrenia en adultos y ni\u00f1os<\/li>\n<\/ul>\n<\/li>\n<\/ul>\n<p>.<\/p>\n<ul>\n<li style=\"list-style-type: none\">\n<ul>\n<li>Indicado para el tratamiento del trastorno bipolar en adultos y ni\u00f1os<\/li>\n<\/ul>\n<\/li>\n<\/ul>\n<p>.<\/p>\n<ul>\n<li style=\"list-style-type: none\">\n<ul>\n<li>Se utiliza en combinaci\u00f3n con antidepresivos para tratar el trastorno depresivo mayor en adultos<\/li>\n<\/ul>\n<\/li>\n<\/ul>\n\n<p>Brallobarbital (Vesparax) de buena calidad en l\u00ednea: se entiende completamente que las personas no conf\u00edan r\u00e1pidamente en la calidad del brallobarbital que se vende en l\u00ednea porque no pueden examinarlo f\u00edsicamente. Pero no es lo mismo con los proveedores online de Brallobarbital Online. Los productos aqu\u00ed son fieles a su descripci\u00f3n con un mantenimiento de alta calidad realizado bajo la supervisi\u00f3n de expertos.<\/p>\n<p>Env\u00edo r\u00e1pido y discreto: la entrega de Brallobarbital en l\u00ednea despu\u00e9s de recibir el pedido se realiza dentro del plazo prometido. El equipo de env\u00edo pone todo su esfuerzo en hacer que el procedimiento de env\u00edo y entrega sea sencillo y r\u00e1pido. Tambi\u00e9n puede esperar excelentes servicios al comprar Brallobarbital en l\u00ednea del profesional en la plataforma en l\u00ednea.<\/p>\n","protected":false},"excerpt":{"rendered":"<p><strong>Entre en contacto con la farmacia de Nembutal en l\u00ednea<\/strong><\/p>\n<p>La farmacia de Nembutal en l\u00ednea est\u00e1 ahora a un clic de distancia. Puede llamarnos, enviarnos un mensaje de texto o un correo electr\u00f3nico para resolver sus dudas. Cumpliremos con su pedido dentro del per\u00edodo de tiempo prometido con seguridad. \u00a1Haga su pedido para comprar Vesparax en l\u00ednea ahora!<\/p>\n","protected":false},"featured_media":8952,"comment_status":"open","ping_status":"closed","template":"","meta":{"_acf_changed":false,"_monsterinsights_skip_tracking":false,"_monsterinsights_sitenote_active":false,"_monsterinsights_sitenote_note":"","_monsterinsights_sitenote_category":0},"product_brand":[],"product_cat":[87],"product_tag":[],"class_list":{"0":"post-8921","1":"product","2":"type-product","3":"status-publish","4":"has-post-thumbnail","6":"product_cat-nembutal-pentobarbital","8":"first","9":"instock","10":"shipping-taxable","11":"purchasable","12":"product-type-variable","13":"has-default-attributes"},"acf":[],"yoast_head":"<!-- This site is optimized with the Yoast SEO plugin v27.2 - https:\/\/yoast.com\/product\/yoast-seo-wordpress\/ -->\n<title>Brallobarbital para la venta en l\u00ednea sin receta | Global Meds Inc.<\/title>\n<meta name=\"description\" content=\"Brallobarbital para la venta en l\u00ednea sin receta. Vendemos pastillas de brallobarbital de la mejor calidad. Por favor cont\u00e1ctenos para m\u00e1s informaci\u00f3n.\" \/>\n<meta name=\"robots\" content=\"index, follow, max-snippet:-1, max-image-preview:large, max-video-preview:-1\" \/>\n<link rel=\"canonical\" href=\"https:\/\/globalmedsonlineinc.com\/es\/product\/nembutal-pentobarbital\/brallobarbital-vesparax\/\" \/>\n<meta property=\"og:locale\" content=\"es_ES\" \/>\n<meta property=\"og:type\" content=\"article\" \/>\n<meta property=\"og:title\" content=\"Brallobarbital para la venta en l\u00ednea sin receta | Global Meds Inc.\" \/>\n<meta property=\"og:description\" content=\"Brallobarbital para la venta en l\u00ednea sin receta. Vendemos pastillas de brallobarbital de la mejor calidad. Por favor cont\u00e1ctenos para m\u00e1s informaci\u00f3n.\" \/>\n<meta property=\"og:url\" content=\"https:\/\/globalmedsonlineinc.com\/es\/product\/nembutal-pentobarbital\/brallobarbital-vesparax\/\" \/>\n<meta property=\"og:site_name\" content=\"Global Meds Inc\" \/>\n<meta property=\"article:modified_time\" content=\"2024-02-19T16:16:03+00:00\" \/>\n<meta property=\"og:image\" content=\"https:\/\/globalmedsonlineinc.com\/es\/content\/media\/uploads\/sites\/6\/2021\/06\/brallobarbital-Vesparax.jpg\" \/>\n\t<meta property=\"og:image:width\" content=\"600\" \/>\n\t<meta property=\"og:image:height\" content=\"600\" \/>\n\t<meta property=\"og:image:type\" content=\"image\/jpeg\" \/>\n<meta name=\"twitter:card\" content=\"summary_large_image\" \/>\n<meta name=\"twitter:label1\" content=\"Tiempo de lectura\" \/>\n\t<meta name=\"twitter:data1\" content=\"2 minutos\" \/>\n<script type=\"application\/ld+json\" class=\"yoast-schema-graph\">{\"@context\":\"https:\/\/schema.org\",\"@graph\":[{\"@type\":\"WebPage\",\"@id\":\"https:\/\/globalmedsonlineinc.com\/es\/product\/nembutal-pentobarbital\/brallobarbital-vesparax\/\",\"url\":\"https:\/\/globalmedsonlineinc.com\/es\/product\/nembutal-pentobarbital\/brallobarbital-vesparax\/\",\"name\":\"Brallobarbital para la venta en l\u00ednea sin receta | Global Meds Inc.\",\"isPartOf\":{\"@id\":\"https:\/\/globalmedsonlineinc.com\/es\/#website\"},\"primaryImageOfPage\":{\"@id\":\"https:\/\/globalmedsonlineinc.com\/es\/product\/nembutal-pentobarbital\/brallobarbital-vesparax\/#primaryimage\"},\"image\":{\"@id\":\"https:\/\/globalmedsonlineinc.com\/es\/product\/nembutal-pentobarbital\/brallobarbital-vesparax\/#primaryimage\"},\"thumbnailUrl\":\"https:\/\/globalmedsonlineinc.com\/es\/content\/media\/uploads\/sites\/6\/2021\/06\/brallobarbital-Vesparax.jpg\",\"datePublished\":\"2021-06-30T20:42:49+00:00\",\"dateModified\":\"2024-02-19T16:16:03+00:00\",\"description\":\"Brallobarbital para la venta en l\u00ednea sin receta. Vendemos pastillas de brallobarbital de la mejor calidad. Por favor cont\u00e1ctenos para m\u00e1s informaci\u00f3n.\",\"breadcrumb\":{\"@id\":\"https:\/\/globalmedsonlineinc.com\/es\/product\/nembutal-pentobarbital\/brallobarbital-vesparax\/#breadcrumb\"},\"inLanguage\":\"es\",\"potentialAction\":[{\"@type\":\"ReadAction\",\"target\":[\"https:\/\/globalmedsonlineinc.com\/es\/product\/nembutal-pentobarbital\/brallobarbital-vesparax\/\"]}]},{\"@type\":\"ImageObject\",\"inLanguage\":\"es\",\"@id\":\"https:\/\/globalmedsonlineinc.com\/es\/product\/nembutal-pentobarbital\/brallobarbital-vesparax\/#primaryimage\",\"url\":\"https:\/\/globalmedsonlineinc.com\/es\/content\/media\/uploads\/sites\/6\/2021\/06\/brallobarbital-Vesparax.jpg\",\"contentUrl\":\"https:\/\/globalmedsonlineinc.com\/es\/content\/media\/uploads\/sites\/6\/2021\/06\/brallobarbital-Vesparax.jpg\",\"width\":600,\"height\":600,\"caption\":\"Brallobarbital para la venta en l\u00ednea sin receta\"},{\"@type\":\"BreadcrumbList\",\"@id\":\"https:\/\/globalmedsonlineinc.com\/es\/product\/nembutal-pentobarbital\/brallobarbital-vesparax\/#breadcrumb\",\"itemListElement\":[{\"@type\":\"ListItem\",\"position\":1,\"name\":\"Home\",\"item\":\"https:\/\/globalmedsonlineinc.com\/es\/\"},{\"@type\":\"ListItem\",\"position\":2,\"name\":\"Productos\",\"item\":\"https:\/\/globalmedsonlineinc.com\/es\/productos\/\"},{\"@type\":\"ListItem\",\"position\":3,\"name\":\"Compre Brallobarbital (Vesparax) en l\u00ednea\"}]},{\"@type\":\"WebSite\",\"@id\":\"https:\/\/globalmedsonlineinc.com\/es\/#website\",\"url\":\"https:\/\/globalmedsonlineinc.com\/es\/\",\"name\":\"Global Meds Inc\",\"description\":\"\",\"potentialAction\":[{\"@type\":\"SearchAction\",\"target\":{\"@type\":\"EntryPoint\",\"urlTemplate\":\"https:\/\/globalmedsonlineinc.com\/es\/?s={search_term_string}\"},\"query-input\":{\"@type\":\"PropertyValueSpecification\",\"valueRequired\":true,\"valueName\":\"search_term_string\"}}],\"inLanguage\":\"es\"}]}<\/script>\n<!-- \/ Yoast SEO plugin. -->","yoast_head_json":{"title":"Brallobarbital para la venta en l\u00ednea sin receta | Global Meds Inc.","description":"Brallobarbital para la venta en l\u00ednea sin receta. Vendemos pastillas de brallobarbital de la mejor calidad. Por favor cont\u00e1ctenos para m\u00e1s informaci\u00f3n.","robots":{"index":"index","follow":"follow","max-snippet":"max-snippet:-1","max-image-preview":"max-image-preview:large","max-video-preview":"max-video-preview:-1"},"canonical":"https:\/\/globalmedsonlineinc.com\/es\/product\/nembutal-pentobarbital\/brallobarbital-vesparax\/","og_locale":"es_ES","og_type":"article","og_title":"Brallobarbital para la venta en l\u00ednea sin receta | Global Meds Inc.","og_description":"Brallobarbital para la venta en l\u00ednea sin receta. Vendemos pastillas de brallobarbital de la mejor calidad. Por favor cont\u00e1ctenos para m\u00e1s informaci\u00f3n.","og_url":"https:\/\/globalmedsonlineinc.com\/es\/product\/nembutal-pentobarbital\/brallobarbital-vesparax\/","og_site_name":"Global Meds Inc","article_modified_time":"2024-02-19T16:16:03+00:00","og_image":[{"width":600,"height":600,"url":"https:\/\/globalmedsonlineinc.com\/es\/content\/media\/uploads\/sites\/6\/2021\/06\/brallobarbital-Vesparax.jpg","type":"image\/jpeg"}],"twitter_card":"summary_large_image","twitter_misc":{"Tiempo de lectura":"2 minutos"},"schema":{"@context":"https:\/\/schema.org","@graph":[{"@type":"WebPage","@id":"https:\/\/globalmedsonlineinc.com\/es\/product\/nembutal-pentobarbital\/brallobarbital-vesparax\/","url":"https:\/\/globalmedsonlineinc.com\/es\/product\/nembutal-pentobarbital\/brallobarbital-vesparax\/","name":"Brallobarbital para la venta en l\u00ednea sin receta | Global Meds Inc.","isPartOf":{"@id":"https:\/\/globalmedsonlineinc.com\/es\/#website"},"primaryImageOfPage":{"@id":"https:\/\/globalmedsonlineinc.com\/es\/product\/nembutal-pentobarbital\/brallobarbital-vesparax\/#primaryimage"},"image":{"@id":"https:\/\/globalmedsonlineinc.com\/es\/product\/nembutal-pentobarbital\/brallobarbital-vesparax\/#primaryimage"},"thumbnailUrl":"https:\/\/globalmedsonlineinc.com\/es\/content\/media\/uploads\/sites\/6\/2021\/06\/brallobarbital-Vesparax.jpg","datePublished":"2021-06-30T20:42:49+00:00","dateModified":"2024-02-19T16:16:03+00:00","description":"Brallobarbital para la venta en l\u00ednea sin receta. Vendemos pastillas de brallobarbital de la mejor calidad. Por favor cont\u00e1ctenos para m\u00e1s informaci\u00f3n.","breadcrumb":{"@id":"https:\/\/globalmedsonlineinc.com\/es\/product\/nembutal-pentobarbital\/brallobarbital-vesparax\/#breadcrumb"},"inLanguage":"es","potentialAction":[{"@type":"ReadAction","target":["https:\/\/globalmedsonlineinc.com\/es\/product\/nembutal-pentobarbital\/brallobarbital-vesparax\/"]}]},{"@type":"ImageObject","inLanguage":"es","@id":"https:\/\/globalmedsonlineinc.com\/es\/product\/nembutal-pentobarbital\/brallobarbital-vesparax\/#primaryimage","url":"https:\/\/globalmedsonlineinc.com\/es\/content\/media\/uploads\/sites\/6\/2021\/06\/brallobarbital-Vesparax.jpg","contentUrl":"https:\/\/globalmedsonlineinc.com\/es\/content\/media\/uploads\/sites\/6\/2021\/06\/brallobarbital-Vesparax.jpg","width":600,"height":600,"caption":"Brallobarbital para la venta en l\u00ednea sin receta"},{"@type":"BreadcrumbList","@id":"https:\/\/globalmedsonlineinc.com\/es\/product\/nembutal-pentobarbital\/brallobarbital-vesparax\/#breadcrumb","itemListElement":[{"@type":"ListItem","position":1,"name":"Home","item":"https:\/\/globalmedsonlineinc.com\/es\/"},{"@type":"ListItem","position":2,"name":"Productos","item":"https:\/\/globalmedsonlineinc.com\/es\/productos\/"},{"@type":"ListItem","position":3,"name":"Compre Brallobarbital (Vesparax) en l\u00ednea"}]},{"@type":"WebSite","@id":"https:\/\/globalmedsonlineinc.com\/es\/#website","url":"https:\/\/globalmedsonlineinc.com\/es\/","name":"Global Meds Inc","description":"","potentialAction":[{"@type":"SearchAction","target":{"@type":"EntryPoint","urlTemplate":"https:\/\/globalmedsonlineinc.com\/es\/?s={search_term_string}"},"query-input":{"@type":"PropertyValueSpecification","valueRequired":true,"valueName":"search_term_string"}}],"inLanguage":"es"}]}},"_links":{"self":[{"href":"https:\/\/globalmedsonlineinc.com\/es\/wp-json\/wp\/v2\/product\/8921","targetHints":{"allow":["GET"]}}],"collection":[{"href":"https:\/\/globalmedsonlineinc.com\/es\/wp-json\/wp\/v2\/product"}],"about":[{"href":"https:\/\/globalmedsonlineinc.com\/es\/wp-json\/wp\/v2\/types\/product"}],"replies":[{"embeddable":true,"href":"https:\/\/globalmedsonlineinc.com\/es\/wp-json\/wp\/v2\/comments?post=8921"}],"wp:featuredmedia":[{"embeddable":true,"href":"https:\/\/globalmedsonlineinc.com\/es\/wp-json\/wp\/v2\/media\/8952"}],"wp:attachment":[{"href":"https:\/\/globalmedsonlineinc.com\/es\/wp-json\/wp\/v2\/media?parent=8921"}],"wp:term":[{"taxonomy":"product_brand","embeddable":true,"href":"https:\/\/globalmedsonlineinc.com\/es\/wp-json\/wp\/v2\/product_brand?post=8921"},{"taxonomy":"product_cat","embeddable":true,"href":"https:\/\/globalmedsonlineinc.com\/es\/wp-json\/wp\/v2\/product_cat?post=8921"},{"taxonomy":"product_tag","embeddable":true,"href":"https:\/\/globalmedsonlineinc.com\/es\/wp-json\/wp\/v2\/product_tag?post=8921"}],"curies":[{"name":"wp","href":"https:\/\/api.w.org\/{rel}","templated":true}]}}