{"id":8920,"date":"2021-06-30T20:42:25","date_gmt":"2021-06-30T20:42:25","guid":{"rendered":"https:\/\/globalmedsonlineinc.com\/es\/?post_type=product&#038;p=8920"},"modified":"2024-02-19T16:17:33","modified_gmt":"2024-02-19T16:17:33","slug":"aprobarbitona","status":"publish","type":"product","link":"https:\/\/globalmedsonlineinc.com\/es\/product\/nembutal-pentobarbital\/aprobarbitona\/","title":{"rendered":"Compre Aprobarbitone en l\u00ednea"},"content":{"rendered":"<h1><span class=\"VIiyi\" lang=\"es\"><span class=\"JLqJ4b ChMk0b\" data-language-for-alternatives=\"es\" data-language-to-translate-into=\"en\" data-phrase-index=\"0\">Aprobarbitone para la venta en l\u00ednea sin receta<\/span><\/span><\/h1>\n<p class=\"tt\"><span class=\"VIiyi\" lang=\"es\"><span class=\"JLqJ4b ChMk0b\" data-language-for-alternatives=\"es\" data-language-to-translate-into=\"en\" data-phrase-index=\"0\"><a href=\"https:\/\/globalmedsonlineinc.com\/es\/product\/nembutal-pentobarbital\/aprobarbitona\/\">Aprobarbitone para la venta<\/a> en l\u00ednea sin receta<\/span><\/span>. Comprar Aprobarbitona en l\u00ednea de la mejor farmacia de Nembutal en l\u00ednea<\/p>\n<p>Online Nembutal Pharmacy ha estado trabajando en esta industria durante un largo per\u00edodo. Ahora hemos entendido completamente las perspectivas y los requisitos de los clientes de todo el mundo. Estamos aqu\u00ed para completar todos los requisitos relativos a Aprobarbitone. Si usted quiere comprar Aprobarbitone en l\u00ednea, entonces nuestra farmacia es la mejor para hacerlo. Estamos disponibles con este medicamento <a href=\"https:\/\/es.wikipedia.org\/wiki\/Barbit\u00farico\">a<\/a> precios modestos. Puede comprarlo c\u00f3modamente con nosotros y se lo <a href=\"https:\/\/en.wikipedia.org\/wiki\/Aprobarbital\">entregaremos<\/a> en el plazo mencionado.<\/p>\n<h6 class=\"tt\">\u00bfQu\u00e9 puede hacer la Aprobarbitona por usted?<\/h6>\n<p>El uso de Aprobarbitona puede ayudarle a conseguir un buen sue\u00f1o nocturno. En definitiva, es un tratamiento perfecto para las personas con insomnio. Es conocida por sus incre\u00edbles propiedades de ser un sedante, hipn\u00f3tico y anticonvulsivo.<\/p>\n<h6 class=\"tt\">\u00bfPor qu\u00e9 deber\u00eda elegirnos para comprar Aprobarbitona online?<\/h6>\n<p>Somos un equipo de personas especializadas y profundamente experimentadas en el campo de los medicamentos y las drogas. Adem\u00e1s, hacemos que la Aprobarbitona y otros productos est\u00e9n disponibles en todas las partes del mundo. Estamos a un clic de distancia. Env\u00ede su pedido para comprar Aprobarbitone en l\u00ednea hoy mismo y rec\u00edbalo pronto en su direcci\u00f3n mencionada.<\/p>\n<p>Aprobarbitone de buena calidad (Vesparax) en l\u00ednea: se entiende completamente que las personas no conf\u00edan r\u00e1pidamente en la calidad de Aprobarbitone que se vende en l\u00ednea porque no pueden examinarlo f\u00edsicamente. Pero no es lo mismo con los proveedores en l\u00ednea de Aprobarbitone en l\u00ednea. Los productos aqu\u00ed son fieles a su descripci\u00f3n con un mantenimiento de alta calidad realizado bajo la supervisi\u00f3n de expertos.<\/p>\n<p>Env\u00edo r\u00e1pido y discreto: la entrega del Aprobarbitone en l\u00ednea despu\u00e9s de recibir el pedido se realiza dentro del plazo prometido. El equipo de env\u00edo pone todo su esfuerzo en hacer que el procedimiento de env\u00edo y entrega sea sencillo y r\u00e1pido. Tambi\u00e9n puede esperar excelentes servicios al comprar Aprobarbitone en l\u00ednea del profesional en la plataforma en l\u00ednea.<\/p>\n","protected":false},"excerpt":{"rendered":"<p><strong>\u00bfC\u00f3mo pedir Aprobarbitona en la Farmacia Nembutal Online?<\/strong><\/p>\n<p>La farmacia Nembutal en l\u00ednea es un destino perfecto para cumplir con sus necesidades y requisitos relativos a la Aprobarbitona. Simplemente puede a\u00f1adir su medicamento al carrito, completar el procedimiento de pago y realizar un pedido en nuestro sitio web. \u00a1Llegar a nuestra farmacia ahora y obtener lo mejor para su salud.Obtener Aprobarbital para la venta hoy!<\/p>\n","protected":false},"featured_media":8950,"comment_status":"open","ping_status":"closed","template":"","meta":{"_acf_changed":false,"_monsterinsights_skip_tracking":false,"_monsterinsights_sitenote_active":false,"_monsterinsights_sitenote_note":"","_monsterinsights_sitenote_category":0},"product_brand":[],"product_cat":[87],"product_tag":[],"class_list":{"0":"post-8920","1":"product","2":"type-product","3":"status-publish","4":"has-post-thumbnail","6":"product_cat-nembutal-pentobarbital","8":"first","9":"instock","10":"featured","11":"shipping-taxable","12":"purchasable","13":"product-type-variable","14":"has-default-attributes"},"acf":[],"yoast_head":"<!-- This site is optimized with the Yoast SEO plugin v27.2 - https:\/\/yoast.com\/product\/yoast-seo-wordpress\/ -->\n<title>Aprobarbitone para la venta en l\u00ednea sin receta - Global Meds Inc.<\/title>\n<meta name=\"description\" content=\"Aprobarbitone para la venta en l\u00ednea sin receta. Vendemos pastillas de Aprobarbitone de la mejor calidad. Por favor cont\u00e1ctenos para m\u00e1s informaci\u00f3n.\" \/>\n<meta name=\"robots\" content=\"index, follow, max-snippet:-1, max-image-preview:large, max-video-preview:-1\" \/>\n<link rel=\"canonical\" href=\"https:\/\/globalmedsonlineinc.com\/es\/product\/nembutal-pentobarbital\/aprobarbitona\/\" \/>\n<meta property=\"og:locale\" content=\"es_ES\" \/>\n<meta property=\"og:type\" content=\"article\" \/>\n<meta property=\"og:title\" content=\"Aprobarbitone para la venta en l\u00ednea sin receta - Global Meds Inc.\" \/>\n<meta property=\"og:description\" content=\"Aprobarbitone para la venta en l\u00ednea sin receta. Vendemos pastillas de Aprobarbitone de la mejor calidad. Por favor cont\u00e1ctenos para m\u00e1s informaci\u00f3n.\" \/>\n<meta property=\"og:url\" content=\"https:\/\/globalmedsonlineinc.com\/es\/product\/nembutal-pentobarbital\/aprobarbitona\/\" \/>\n<meta property=\"og:site_name\" content=\"Global Meds Inc\" \/>\n<meta property=\"article:modified_time\" content=\"2024-02-19T16:17:33+00:00\" \/>\n<meta property=\"og:image\" content=\"https:\/\/globalmedsonlineinc.com\/es\/content\/media\/uploads\/sites\/6\/2021\/06\/Aprobarbitone-1.jpg\" \/>\n\t<meta property=\"og:image:width\" content=\"600\" \/>\n\t<meta property=\"og:image:height\" content=\"600\" \/>\n\t<meta property=\"og:image:type\" content=\"image\/jpeg\" \/>\n<meta name=\"twitter:card\" content=\"summary_large_image\" \/>\n<meta name=\"twitter:label1\" content=\"Tiempo de lectura\" \/>\n\t<meta name=\"twitter:data1\" content=\"2 minutos\" \/>\n<script type=\"application\/ld+json\" class=\"yoast-schema-graph\">{\"@context\":\"https:\/\/schema.org\",\"@graph\":[{\"@type\":\"WebPage\",\"@id\":\"https:\/\/globalmedsonlineinc.com\/es\/product\/nembutal-pentobarbital\/aprobarbitona\/\",\"url\":\"https:\/\/globalmedsonlineinc.com\/es\/product\/nembutal-pentobarbital\/aprobarbitona\/\",\"name\":\"Aprobarbitone para la venta en l\u00ednea sin receta - Global Meds Inc.\",\"isPartOf\":{\"@id\":\"https:\/\/globalmedsonlineinc.com\/es\/#website\"},\"primaryImageOfPage\":{\"@id\":\"https:\/\/globalmedsonlineinc.com\/es\/product\/nembutal-pentobarbital\/aprobarbitona\/#primaryimage\"},\"image\":{\"@id\":\"https:\/\/globalmedsonlineinc.com\/es\/product\/nembutal-pentobarbital\/aprobarbitona\/#primaryimage\"},\"thumbnailUrl\":\"https:\/\/globalmedsonlineinc.com\/es\/content\/media\/uploads\/sites\/6\/2021\/06\/Aprobarbitone-1.jpg\",\"datePublished\":\"2021-06-30T20:42:25+00:00\",\"dateModified\":\"2024-02-19T16:17:33+00:00\",\"description\":\"Aprobarbitone para la venta en l\u00ednea sin receta. Vendemos pastillas de Aprobarbitone de la mejor calidad. Por favor cont\u00e1ctenos para m\u00e1s informaci\u00f3n.\",\"breadcrumb\":{\"@id\":\"https:\/\/globalmedsonlineinc.com\/es\/product\/nembutal-pentobarbital\/aprobarbitona\/#breadcrumb\"},\"inLanguage\":\"es\",\"potentialAction\":[{\"@type\":\"ReadAction\",\"target\":[\"https:\/\/globalmedsonlineinc.com\/es\/product\/nembutal-pentobarbital\/aprobarbitona\/\"]}]},{\"@type\":\"ImageObject\",\"inLanguage\":\"es\",\"@id\":\"https:\/\/globalmedsonlineinc.com\/es\/product\/nembutal-pentobarbital\/aprobarbitona\/#primaryimage\",\"url\":\"https:\/\/globalmedsonlineinc.com\/es\/content\/media\/uploads\/sites\/6\/2021\/06\/Aprobarbitone-1.jpg\",\"contentUrl\":\"https:\/\/globalmedsonlineinc.com\/es\/content\/media\/uploads\/sites\/6\/2021\/06\/Aprobarbitone-1.jpg\",\"width\":600,\"height\":600,\"caption\":\"Aprobarbitone para la venta en l\u00ednea sin receta\"},{\"@type\":\"BreadcrumbList\",\"@id\":\"https:\/\/globalmedsonlineinc.com\/es\/product\/nembutal-pentobarbital\/aprobarbitona\/#breadcrumb\",\"itemListElement\":[{\"@type\":\"ListItem\",\"position\":1,\"name\":\"Home\",\"item\":\"https:\/\/globalmedsonlineinc.com\/es\/\"},{\"@type\":\"ListItem\",\"position\":2,\"name\":\"Productos\",\"item\":\"https:\/\/globalmedsonlineinc.com\/es\/productos\/\"},{\"@type\":\"ListItem\",\"position\":3,\"name\":\"Compre Aprobarbitone en l\u00ednea\"}]},{\"@type\":\"WebSite\",\"@id\":\"https:\/\/globalmedsonlineinc.com\/es\/#website\",\"url\":\"https:\/\/globalmedsonlineinc.com\/es\/\",\"name\":\"Global Meds Inc\",\"description\":\"\",\"potentialAction\":[{\"@type\":\"SearchAction\",\"target\":{\"@type\":\"EntryPoint\",\"urlTemplate\":\"https:\/\/globalmedsonlineinc.com\/es\/?s={search_term_string}\"},\"query-input\":{\"@type\":\"PropertyValueSpecification\",\"valueRequired\":true,\"valueName\":\"search_term_string\"}}],\"inLanguage\":\"es\"}]}<\/script>\n<!-- \/ Yoast SEO plugin. -->","yoast_head_json":{"title":"Aprobarbitone para la venta en l\u00ednea sin receta - Global Meds Inc.","description":"Aprobarbitone para la venta en l\u00ednea sin receta. Vendemos pastillas de Aprobarbitone de la mejor calidad. Por favor cont\u00e1ctenos para m\u00e1s informaci\u00f3n.","robots":{"index":"index","follow":"follow","max-snippet":"max-snippet:-1","max-image-preview":"max-image-preview:large","max-video-preview":"max-video-preview:-1"},"canonical":"https:\/\/globalmedsonlineinc.com\/es\/product\/nembutal-pentobarbital\/aprobarbitona\/","og_locale":"es_ES","og_type":"article","og_title":"Aprobarbitone para la venta en l\u00ednea sin receta - Global Meds Inc.","og_description":"Aprobarbitone para la venta en l\u00ednea sin receta. Vendemos pastillas de Aprobarbitone de la mejor calidad. Por favor cont\u00e1ctenos para m\u00e1s informaci\u00f3n.","og_url":"https:\/\/globalmedsonlineinc.com\/es\/product\/nembutal-pentobarbital\/aprobarbitona\/","og_site_name":"Global Meds Inc","article_modified_time":"2024-02-19T16:17:33+00:00","og_image":[{"width":600,"height":600,"url":"https:\/\/globalmedsonlineinc.com\/es\/content\/media\/uploads\/sites\/6\/2021\/06\/Aprobarbitone-1.jpg","type":"image\/jpeg"}],"twitter_card":"summary_large_image","twitter_misc":{"Tiempo de lectura":"2 minutos"},"schema":{"@context":"https:\/\/schema.org","@graph":[{"@type":"WebPage","@id":"https:\/\/globalmedsonlineinc.com\/es\/product\/nembutal-pentobarbital\/aprobarbitona\/","url":"https:\/\/globalmedsonlineinc.com\/es\/product\/nembutal-pentobarbital\/aprobarbitona\/","name":"Aprobarbitone para la venta en l\u00ednea sin receta - Global Meds Inc.","isPartOf":{"@id":"https:\/\/globalmedsonlineinc.com\/es\/#website"},"primaryImageOfPage":{"@id":"https:\/\/globalmedsonlineinc.com\/es\/product\/nembutal-pentobarbital\/aprobarbitona\/#primaryimage"},"image":{"@id":"https:\/\/globalmedsonlineinc.com\/es\/product\/nembutal-pentobarbital\/aprobarbitona\/#primaryimage"},"thumbnailUrl":"https:\/\/globalmedsonlineinc.com\/es\/content\/media\/uploads\/sites\/6\/2021\/06\/Aprobarbitone-1.jpg","datePublished":"2021-06-30T20:42:25+00:00","dateModified":"2024-02-19T16:17:33+00:00","description":"Aprobarbitone para la venta en l\u00ednea sin receta. Vendemos pastillas de Aprobarbitone de la mejor calidad. Por favor cont\u00e1ctenos para m\u00e1s informaci\u00f3n.","breadcrumb":{"@id":"https:\/\/globalmedsonlineinc.com\/es\/product\/nembutal-pentobarbital\/aprobarbitona\/#breadcrumb"},"inLanguage":"es","potentialAction":[{"@type":"ReadAction","target":["https:\/\/globalmedsonlineinc.com\/es\/product\/nembutal-pentobarbital\/aprobarbitona\/"]}]},{"@type":"ImageObject","inLanguage":"es","@id":"https:\/\/globalmedsonlineinc.com\/es\/product\/nembutal-pentobarbital\/aprobarbitona\/#primaryimage","url":"https:\/\/globalmedsonlineinc.com\/es\/content\/media\/uploads\/sites\/6\/2021\/06\/Aprobarbitone-1.jpg","contentUrl":"https:\/\/globalmedsonlineinc.com\/es\/content\/media\/uploads\/sites\/6\/2021\/06\/Aprobarbitone-1.jpg","width":600,"height":600,"caption":"Aprobarbitone para la venta en l\u00ednea sin receta"},{"@type":"BreadcrumbList","@id":"https:\/\/globalmedsonlineinc.com\/es\/product\/nembutal-pentobarbital\/aprobarbitona\/#breadcrumb","itemListElement":[{"@type":"ListItem","position":1,"name":"Home","item":"https:\/\/globalmedsonlineinc.com\/es\/"},{"@type":"ListItem","position":2,"name":"Productos","item":"https:\/\/globalmedsonlineinc.com\/es\/productos\/"},{"@type":"ListItem","position":3,"name":"Compre Aprobarbitone en l\u00ednea"}]},{"@type":"WebSite","@id":"https:\/\/globalmedsonlineinc.com\/es\/#website","url":"https:\/\/globalmedsonlineinc.com\/es\/","name":"Global Meds Inc","description":"","potentialAction":[{"@type":"SearchAction","target":{"@type":"EntryPoint","urlTemplate":"https:\/\/globalmedsonlineinc.com\/es\/?s={search_term_string}"},"query-input":{"@type":"PropertyValueSpecification","valueRequired":true,"valueName":"search_term_string"}}],"inLanguage":"es"}]}},"_links":{"self":[{"href":"https:\/\/globalmedsonlineinc.com\/es\/wp-json\/wp\/v2\/product\/8920","targetHints":{"allow":["GET"]}}],"collection":[{"href":"https:\/\/globalmedsonlineinc.com\/es\/wp-json\/wp\/v2\/product"}],"about":[{"href":"https:\/\/globalmedsonlineinc.com\/es\/wp-json\/wp\/v2\/types\/product"}],"replies":[{"embeddable":true,"href":"https:\/\/globalmedsonlineinc.com\/es\/wp-json\/wp\/v2\/comments?post=8920"}],"wp:featuredmedia":[{"embeddable":true,"href":"https:\/\/globalmedsonlineinc.com\/es\/wp-json\/wp\/v2\/media\/8950"}],"wp:attachment":[{"href":"https:\/\/globalmedsonlineinc.com\/es\/wp-json\/wp\/v2\/media?parent=8920"}],"wp:term":[{"taxonomy":"product_brand","embeddable":true,"href":"https:\/\/globalmedsonlineinc.com\/es\/wp-json\/wp\/v2\/product_brand?post=8920"},{"taxonomy":"product_cat","embeddable":true,"href":"https:\/\/globalmedsonlineinc.com\/es\/wp-json\/wp\/v2\/product_cat?post=8920"},{"taxonomy":"product_tag","embeddable":true,"href":"https:\/\/globalmedsonlineinc.com\/es\/wp-json\/wp\/v2\/product_tag?post=8920"}],"curies":[{"name":"wp","href":"https:\/\/api.w.org\/{rel}","templated":true}]}}