{"id":10603,"date":"2021-11-05T11:15:42","date_gmt":"2021-11-05T11:15:42","guid":{"rendered":"https:\/\/globalmedsonlineinc.com\/es\/?post_type=product&#038;p=10603"},"modified":"2024-02-19T15:25:05","modified_gmt":"2024-02-19T15:25:05","slug":"compre-gamma-hidroxibutirato-ghb-en-polvo-en-linea","status":"publish","type":"product","link":"https:\/\/globalmedsonlineinc.com\/es\/product\/research-chemicals\/compre-gamma-hidroxibutirato-ghb-en-polvo-en-linea\/","title":{"rendered":"Compre Gamma Hidroxibutirato (GHB) en polvo en l\u00ednea"},"content":{"rendered":"<h1>Compre Gamma Hidroxibutirato (GHB) en polvo en l\u00ednea<\/h1>\n<p>Comprar <a href=\"https:\/\/globalmedsonlineinc.com\/es\/product\/research-chemicals\/compre-gamma-hidroxibutirato-ghb-en-polvo-en-linea\/\">Gamma Hidroxibutirato (GHB)<\/a> en polvo online. El \u00e1cido gamma-hidroxibut\u00edrico o \u00e1cido \u03b3-hidroxibut\u00edrico (GHB), tambi\u00e9n conocido como \u00e1cido 4-hidroxibutanoico, es un neurotransmisor natural y una droga psicoactiva. Es un precursor del GABA, el glutamato y la glicina en determinadas zonas del cerebro. Act\u00faa sobre el receptor GHB y es un agonista d\u00e9bil del receptor GABAB. El GHB se ha utilizado en el \u00e1mbito m\u00e9dico como anest\u00e9sico general y como tratamiento para la cataplexia, la narcolepsia y el alcoholismo. Tambi\u00e9n se utiliza ilegalmente como intoxicante, como potenciador del rendimiento deportivo, <a href=\"https:\/\/es.wikipedia.org\/wiki\/\u00c1cido_\u03b3-hidroxibut\u00edrico\">como<\/a> droga de violaci\u00f3n y como droga recreativa.<\/p>\n<p>Se suele utilizar en forma de sal, como el \u03b3-hidroxibutirato de sodio (NaGHB, oxibato de sodio o Xyrem) o el \u03b3-hidroxibutirato de potasio (KGHB, oxibato de potasio). El GHB tambi\u00e9n se produce como resultado de la fermentaci\u00f3n, y se encuentra en peque\u00f1as cantidades en algunas cervezas y vinos, carne de vacuno y peque\u00f1os c\u00edtricos.<\/p>\n<p>Somos proveedores profesionales que siempre siguen sus deberes y responsabilidades hacia los clientes con seriedad. Los precios en los proveedores en l\u00ednea para comprar Gamma Hydroxybutyrate (GHB) Online o cualquier otro producto relacionado es razonable y asequible por todos. No hay necesidad de gastar una fortuna para comprar estos productos.<\/p>\n<p>El equipo de ejecutivos atender\u00e1 los detalles de su pedido e intentar\u00e1 completarlo lo antes posible. El equipo de empaquetado empaquetar\u00e1 su pedido con la m\u00e1xima precisi\u00f3n asegurando que no se da\u00f1e durante el transporte. As\u00ed que puede ver lo f\u00e1cil que es con nosotros. Usted puede pedir Gamma Hydroxybutyrate (GHB) Online a USA, Europa, Australia, USA, CHINA, Canad\u00e1 y por qu\u00e9 no a todo el mundo.<\/p>\n<p>Ha pasado el tiempo cuando uno sol\u00eda luchar muy duro para comprar Gamma Hydroxybutyrate (GHB) Online en las tiendas fuera de l\u00ednea viajando kil\u00f3metros y s\u00f3lo si est\u00e1n disponibles. Pero con el avance en el tiempo y la tecnolog\u00eda, el modo en l\u00ednea ha llegado. Usted puede f\u00e1cilmente en contacto con una tienda utilizando sus dispositivos en su lugar y el orden de Gamma Hydroxybutyrate (GHB) en l\u00ednea. No hay necesidad de viajar a cualquier lugar siempre se puede ordenar Gamma Hydroxybutyrate (GHB) en l\u00ednea con nosotros.<\/p>\n","protected":false},"excerpt":{"rendered":"<p>Compre Gamma Hydroxybutyrate (GHB) en polvo en l\u00ednea. Nuestro polvo de GHB es 100% probado en laboratorio. Enviamos nuestro polvo de GHB como env\u00edo discreto y expreso internacionalmente.<\/p>\n","protected":false},"featured_media":10610,"comment_status":"open","ping_status":"closed","template":"","meta":{"_acf_changed":false,"_monsterinsights_skip_tracking":false,"_monsterinsights_sitenote_active":false,"_monsterinsights_sitenote_note":"","_monsterinsights_sitenote_category":0},"product_brand":[],"product_cat":[496],"product_tag":[],"class_list":{"0":"post-10603","1":"product","2":"type-product","3":"status-publish","4":"has-post-thumbnail","6":"product_cat-research-chemicals","8":"first","9":"instock","10":"shipping-taxable","11":"purchasable","12":"product-type-simple"},"acf":[],"yoast_head":"<!-- This site is optimized with the Yoast SEO plugin v27.2 - https:\/\/yoast.com\/product\/yoast-seo-wordpress\/ -->\n<title>Compre Gamma Hidroxibutirato (GHB) en polvo en l\u00ednea - Global Meds Inc<\/title>\n<meta name=\"description\" content=\"Compre Gamma Hydroxybutyrate (GHB) en polvo en l\u00ednea. Vendemos polvo de GHB de la mejor calidad. Por favor cont\u00e1ctenos para m\u00e1s informaci\u00f3n y precios.\" \/>\n<meta name=\"robots\" content=\"index, follow, max-snippet:-1, max-image-preview:large, max-video-preview:-1\" \/>\n<link rel=\"canonical\" href=\"https:\/\/globalmedsonlineinc.com\/es\/product\/research-chemicals\/compre-gamma-hidroxibutirato-ghb-en-polvo-en-linea\/\" \/>\n<meta property=\"og:locale\" content=\"es_ES\" \/>\n<meta property=\"og:type\" content=\"article\" \/>\n<meta property=\"og:title\" content=\"Compre Gamma Hidroxibutirato (GHB) en polvo en l\u00ednea - Global Meds Inc\" \/>\n<meta property=\"og:description\" content=\"Compre Gamma Hydroxybutyrate (GHB) en polvo en l\u00ednea. Vendemos polvo de GHB de la mejor calidad. Por favor cont\u00e1ctenos para m\u00e1s informaci\u00f3n y precios.\" \/>\n<meta property=\"og:url\" content=\"https:\/\/globalmedsonlineinc.com\/es\/product\/research-chemicals\/compre-gamma-hidroxibutirato-ghb-en-polvo-en-linea\/\" \/>\n<meta property=\"og:site_name\" content=\"Global Meds Inc\" \/>\n<meta property=\"article:modified_time\" content=\"2024-02-19T15:25:05+00:00\" \/>\n<meta property=\"og:image\" content=\"https:\/\/globalmedsonlineinc.com\/es\/content\/media\/uploads\/sites\/6\/2021\/11\/Gamma-hydroxybutyrate-powder.jpg\" \/>\n\t<meta property=\"og:image:width\" content=\"600\" \/>\n\t<meta property=\"og:image:height\" content=\"600\" \/>\n\t<meta property=\"og:image:type\" content=\"image\/jpeg\" \/>\n<meta name=\"twitter:card\" content=\"summary_large_image\" \/>\n<meta name=\"twitter:label1\" content=\"Tiempo de lectura\" \/>\n\t<meta name=\"twitter:data1\" content=\"2 minutos\" \/>\n<script type=\"application\/ld+json\" class=\"yoast-schema-graph\">{\"@context\":\"https:\/\/schema.org\",\"@graph\":[{\"@type\":\"WebPage\",\"@id\":\"https:\/\/globalmedsonlineinc.com\/es\/product\/research-chemicals\/compre-gamma-hidroxibutirato-ghb-en-polvo-en-linea\/\",\"url\":\"https:\/\/globalmedsonlineinc.com\/es\/product\/research-chemicals\/compre-gamma-hidroxibutirato-ghb-en-polvo-en-linea\/\",\"name\":\"Compre Gamma Hidroxibutirato (GHB) en polvo en l\u00ednea - Global Meds Inc\",\"isPartOf\":{\"@id\":\"https:\/\/globalmedsonlineinc.com\/es\/#website\"},\"primaryImageOfPage\":{\"@id\":\"https:\/\/globalmedsonlineinc.com\/es\/product\/research-chemicals\/compre-gamma-hidroxibutirato-ghb-en-polvo-en-linea\/#primaryimage\"},\"image\":{\"@id\":\"https:\/\/globalmedsonlineinc.com\/es\/product\/research-chemicals\/compre-gamma-hidroxibutirato-ghb-en-polvo-en-linea\/#primaryimage\"},\"thumbnailUrl\":\"https:\/\/globalmedsonlineinc.com\/es\/content\/media\/uploads\/sites\/6\/2021\/11\/Gamma-hydroxybutyrate-powder.jpg\",\"datePublished\":\"2021-11-05T11:15:42+00:00\",\"dateModified\":\"2024-02-19T15:25:05+00:00\",\"description\":\"Compre Gamma Hydroxybutyrate (GHB) en polvo en l\u00ednea. Vendemos polvo de GHB de la mejor calidad. Por favor cont\u00e1ctenos para m\u00e1s informaci\u00f3n y precios.\",\"breadcrumb\":{\"@id\":\"https:\/\/globalmedsonlineinc.com\/es\/product\/research-chemicals\/compre-gamma-hidroxibutirato-ghb-en-polvo-en-linea\/#breadcrumb\"},\"inLanguage\":\"es\",\"potentialAction\":[{\"@type\":\"ReadAction\",\"target\":[\"https:\/\/globalmedsonlineinc.com\/es\/product\/research-chemicals\/compre-gamma-hidroxibutirato-ghb-en-polvo-en-linea\/\"]}]},{\"@type\":\"ImageObject\",\"inLanguage\":\"es\",\"@id\":\"https:\/\/globalmedsonlineinc.com\/es\/product\/research-chemicals\/compre-gamma-hidroxibutirato-ghb-en-polvo-en-linea\/#primaryimage\",\"url\":\"https:\/\/globalmedsonlineinc.com\/es\/content\/media\/uploads\/sites\/6\/2021\/11\/Gamma-hydroxybutyrate-powder.jpg\",\"contentUrl\":\"https:\/\/globalmedsonlineinc.com\/es\/content\/media\/uploads\/sites\/6\/2021\/11\/Gamma-hydroxybutyrate-powder.jpg\",\"width\":600,\"height\":600,\"caption\":\"Compre Gamma Hidroxibutirato (GHB) en polvo en l\u00ednea\"},{\"@type\":\"BreadcrumbList\",\"@id\":\"https:\/\/globalmedsonlineinc.com\/es\/product\/research-chemicals\/compre-gamma-hidroxibutirato-ghb-en-polvo-en-linea\/#breadcrumb\",\"itemListElement\":[{\"@type\":\"ListItem\",\"position\":1,\"name\":\"Home\",\"item\":\"https:\/\/globalmedsonlineinc.com\/es\/\"},{\"@type\":\"ListItem\",\"position\":2,\"name\":\"Productos\",\"item\":\"https:\/\/globalmedsonlineinc.com\/es\/productos\/\"},{\"@type\":\"ListItem\",\"position\":3,\"name\":\"Compre Gamma Hidroxibutirato (GHB) en polvo en l\u00ednea\"}]},{\"@type\":\"WebSite\",\"@id\":\"https:\/\/globalmedsonlineinc.com\/es\/#website\",\"url\":\"https:\/\/globalmedsonlineinc.com\/es\/\",\"name\":\"Global Meds Inc\",\"description\":\"\",\"potentialAction\":[{\"@type\":\"SearchAction\",\"target\":{\"@type\":\"EntryPoint\",\"urlTemplate\":\"https:\/\/globalmedsonlineinc.com\/es\/?s={search_term_string}\"},\"query-input\":{\"@type\":\"PropertyValueSpecification\",\"valueRequired\":true,\"valueName\":\"search_term_string\"}}],\"inLanguage\":\"es\"}]}<\/script>\n<!-- \/ Yoast SEO plugin. -->","yoast_head_json":{"title":"Compre Gamma Hidroxibutirato (GHB) en polvo en l\u00ednea - Global Meds Inc","description":"Compre Gamma Hydroxybutyrate (GHB) en polvo en l\u00ednea. Vendemos polvo de GHB de la mejor calidad. Por favor cont\u00e1ctenos para m\u00e1s informaci\u00f3n y precios.","robots":{"index":"index","follow":"follow","max-snippet":"max-snippet:-1","max-image-preview":"max-image-preview:large","max-video-preview":"max-video-preview:-1"},"canonical":"https:\/\/globalmedsonlineinc.com\/es\/product\/research-chemicals\/compre-gamma-hidroxibutirato-ghb-en-polvo-en-linea\/","og_locale":"es_ES","og_type":"article","og_title":"Compre Gamma Hidroxibutirato (GHB) en polvo en l\u00ednea - Global Meds Inc","og_description":"Compre Gamma Hydroxybutyrate (GHB) en polvo en l\u00ednea. Vendemos polvo de GHB de la mejor calidad. Por favor cont\u00e1ctenos para m\u00e1s informaci\u00f3n y precios.","og_url":"https:\/\/globalmedsonlineinc.com\/es\/product\/research-chemicals\/compre-gamma-hidroxibutirato-ghb-en-polvo-en-linea\/","og_site_name":"Global Meds Inc","article_modified_time":"2024-02-19T15:25:05+00:00","og_image":[{"width":600,"height":600,"url":"https:\/\/globalmedsonlineinc.com\/es\/content\/media\/uploads\/sites\/6\/2021\/11\/Gamma-hydroxybutyrate-powder.jpg","type":"image\/jpeg"}],"twitter_card":"summary_large_image","twitter_misc":{"Tiempo de lectura":"2 minutos"},"schema":{"@context":"https:\/\/schema.org","@graph":[{"@type":"WebPage","@id":"https:\/\/globalmedsonlineinc.com\/es\/product\/research-chemicals\/compre-gamma-hidroxibutirato-ghb-en-polvo-en-linea\/","url":"https:\/\/globalmedsonlineinc.com\/es\/product\/research-chemicals\/compre-gamma-hidroxibutirato-ghb-en-polvo-en-linea\/","name":"Compre Gamma Hidroxibutirato (GHB) en polvo en l\u00ednea - Global Meds Inc","isPartOf":{"@id":"https:\/\/globalmedsonlineinc.com\/es\/#website"},"primaryImageOfPage":{"@id":"https:\/\/globalmedsonlineinc.com\/es\/product\/research-chemicals\/compre-gamma-hidroxibutirato-ghb-en-polvo-en-linea\/#primaryimage"},"image":{"@id":"https:\/\/globalmedsonlineinc.com\/es\/product\/research-chemicals\/compre-gamma-hidroxibutirato-ghb-en-polvo-en-linea\/#primaryimage"},"thumbnailUrl":"https:\/\/globalmedsonlineinc.com\/es\/content\/media\/uploads\/sites\/6\/2021\/11\/Gamma-hydroxybutyrate-powder.jpg","datePublished":"2021-11-05T11:15:42+00:00","dateModified":"2024-02-19T15:25:05+00:00","description":"Compre Gamma Hydroxybutyrate (GHB) en polvo en l\u00ednea. Vendemos polvo de GHB de la mejor calidad. Por favor cont\u00e1ctenos para m\u00e1s informaci\u00f3n y precios.","breadcrumb":{"@id":"https:\/\/globalmedsonlineinc.com\/es\/product\/research-chemicals\/compre-gamma-hidroxibutirato-ghb-en-polvo-en-linea\/#breadcrumb"},"inLanguage":"es","potentialAction":[{"@type":"ReadAction","target":["https:\/\/globalmedsonlineinc.com\/es\/product\/research-chemicals\/compre-gamma-hidroxibutirato-ghb-en-polvo-en-linea\/"]}]},{"@type":"ImageObject","inLanguage":"es","@id":"https:\/\/globalmedsonlineinc.com\/es\/product\/research-chemicals\/compre-gamma-hidroxibutirato-ghb-en-polvo-en-linea\/#primaryimage","url":"https:\/\/globalmedsonlineinc.com\/es\/content\/media\/uploads\/sites\/6\/2021\/11\/Gamma-hydroxybutyrate-powder.jpg","contentUrl":"https:\/\/globalmedsonlineinc.com\/es\/content\/media\/uploads\/sites\/6\/2021\/11\/Gamma-hydroxybutyrate-powder.jpg","width":600,"height":600,"caption":"Compre Gamma Hidroxibutirato (GHB) en polvo en l\u00ednea"},{"@type":"BreadcrumbList","@id":"https:\/\/globalmedsonlineinc.com\/es\/product\/research-chemicals\/compre-gamma-hidroxibutirato-ghb-en-polvo-en-linea\/#breadcrumb","itemListElement":[{"@type":"ListItem","position":1,"name":"Home","item":"https:\/\/globalmedsonlineinc.com\/es\/"},{"@type":"ListItem","position":2,"name":"Productos","item":"https:\/\/globalmedsonlineinc.com\/es\/productos\/"},{"@type":"ListItem","position":3,"name":"Compre Gamma Hidroxibutirato (GHB) en polvo en l\u00ednea"}]},{"@type":"WebSite","@id":"https:\/\/globalmedsonlineinc.com\/es\/#website","url":"https:\/\/globalmedsonlineinc.com\/es\/","name":"Global Meds Inc","description":"","potentialAction":[{"@type":"SearchAction","target":{"@type":"EntryPoint","urlTemplate":"https:\/\/globalmedsonlineinc.com\/es\/?s={search_term_string}"},"query-input":{"@type":"PropertyValueSpecification","valueRequired":true,"valueName":"search_term_string"}}],"inLanguage":"es"}]}},"_links":{"self":[{"href":"https:\/\/globalmedsonlineinc.com\/es\/wp-json\/wp\/v2\/product\/10603","targetHints":{"allow":["GET"]}}],"collection":[{"href":"https:\/\/globalmedsonlineinc.com\/es\/wp-json\/wp\/v2\/product"}],"about":[{"href":"https:\/\/globalmedsonlineinc.com\/es\/wp-json\/wp\/v2\/types\/product"}],"replies":[{"embeddable":true,"href":"https:\/\/globalmedsonlineinc.com\/es\/wp-json\/wp\/v2\/comments?post=10603"}],"wp:featuredmedia":[{"embeddable":true,"href":"https:\/\/globalmedsonlineinc.com\/es\/wp-json\/wp\/v2\/media\/10610"}],"wp:attachment":[{"href":"https:\/\/globalmedsonlineinc.com\/es\/wp-json\/wp\/v2\/media?parent=10603"}],"wp:term":[{"taxonomy":"product_brand","embeddable":true,"href":"https:\/\/globalmedsonlineinc.com\/es\/wp-json\/wp\/v2\/product_brand?post=10603"},{"taxonomy":"product_cat","embeddable":true,"href":"https:\/\/globalmedsonlineinc.com\/es\/wp-json\/wp\/v2\/product_cat?post=10603"},{"taxonomy":"product_tag","embeddable":true,"href":"https:\/\/globalmedsonlineinc.com\/es\/wp-json\/wp\/v2\/product_tag?post=10603"}],"curies":[{"name":"wp","href":"https:\/\/api.w.org\/{rel}","templated":true}]}}