{"id":1744,"date":"2020-10-21T08:27:27","date_gmt":"2020-10-21T08:27:27","guid":{"rendered":"http:\/\/iqonic.design\/wp-themes\/kivicare\/?page_id=1744"},"modified":"2021-07-19T22:02:26","modified_gmt":"2021-07-19T22:02:26","slug":"faq","status":"publish","type":"page","link":"https:\/\/globalmedsonlineinc.com\/es\/faq\/","title":{"rendered":"FAQ"},"content":{"rendered":"\t\t<div data-elementor-type=\"wp-page\" data-elementor-id=\"1744\" class=\"elementor elementor-1744\">\n\t\t\t\t\t\t<div data-marvy_enable_birds_animation=\"false\" data-marvy_enable_cells_animation=\"false\" data-marvy_enable_dots_animation=\"false\" data-marvy_enable_fog_animation=\"false\" data-marvy_enable_globe_animation=\"false\" data-marvy_enable_halo_animation=\"false\" data-marvy_enable_net_animation=\"false\" data-marvy_enable_trunk_animation=\"false\" data-marvy_enable_fluid_animation=\"false\" data-marvy_enable_digitalStream_animation=\"false\" data-marvy_enable_floating_heart_animation=\"false\" data-marvy_enable_particles_wave_animation=\"false\" data-marvy_enable_dna_animation=\"false\" data-marvy_enable_drop_animation=\"false\" data-marvy_enable_fancy_rotate=\"false\" data-marvy_enable_flying_object=\"false\" data-marvy_enable_ripples_animation=\"false\" data-marvy_enable_waves_animation=\"false\" data-marvy_enable_rings_animation=\"false\" data-marvy_enable_topology_animation=\"false\" data-marvy_enable_gradient_animation=\"false\" data-marvy_enable_snow_animation=\"false\" data-marvy_enable_firework_animation=\"false\" data-marvy_enable_cloud_animation=\"false\" class=\"elementor-section elementor-top-section elementor-element elementor-element-1a58882 elementor-section-boxed elementor-section-height-default elementor-section-height-default\" data-id=\"1a58882\" data-element_type=\"section\" data-e-type=\"section\">\n\t\t\t\t\t\t<div class=\"elementor-container elementor-column-gap-default\">\n\t\t\t\t\t<div class=\"elementor-column elementor-col-100 elementor-top-column elementor-element elementor-element-44aa2ccd\" data-id=\"44aa2ccd\" data-element_type=\"column\" data-e-type=\"column\">\n\t\t\t<div class=\"elementor-widget-wrap elementor-element-populated\">\n\t\t\t\t\t\t<div class=\"elementor-element elementor-element-61468f02 elementor-widget elementor-widget-section_title\" data-id=\"61468f02\" data-element_type=\"widget\" data-e-type=\"widget\" data-widget_type=\"section_title.default\">\n\t\t\t\t<div class=\"elementor-widget-container\">\n\t\t\t\t\t\t<div class=\"text-center iq-title-box\">\n\t\t<div class=\"iq-title-icon\">\n\t\t\t\t\t<\/div>\n\n\t\t<span class=\"iq-subtitle\">FAQ<\/span>\n\t\t<h2 class=\"iq-title iq-heading-title\">\n\t\t\t<span class=\"right-text\">Preguntas M\u00e1s <\/span>\n\t\t\t<span class=\"left-text\">Frecuentes<\/span>\n\t\t<\/h2>\n\t\t\t<\/div>\n\t\t\t\t<\/div>\n\t\t\t\t<\/div>\n\t\t\t\t<div class=\"elementor-element elementor-element-a399fde elementor-absolute elementor-hidden-tablet elementor-hidden-phone elementor-widget__width-auto elementor-widget elementor-widget-Iq_scrolling_text\" data-id=\"a399fde\" data-element_type=\"widget\" data-e-type=\"widget\" data-settings=\"{&quot;_position&quot;:&quot;absolute&quot;}\" data-widget_type=\"Iq_scrolling_text.default\">\n\t\t\t\t<div class=\"elementor-widget-container\">\n\t\t\t\t\t\n<div class=\"scrolling-text middle right\">\n            <div data-bottom=\"transform:translatex(-300px)\" data-top=\"transform:translatex(0);\">\n            FAQ        <\/div>\n    <\/div>\t\t\t\t<\/div>\n\t\t\t\t<\/div>\n\t\t\t\t<div data-marvy_enable_birds_animation=\"false\" data-marvy_enable_cells_animation=\"false\" data-marvy_enable_dots_animation=\"false\" data-marvy_enable_fog_animation=\"false\" data-marvy_enable_globe_animation=\"false\" data-marvy_enable_halo_animation=\"false\" data-marvy_enable_net_animation=\"false\" data-marvy_enable_trunk_animation=\"false\" data-marvy_enable_fluid_animation=\"false\" data-marvy_enable_digitalStream_animation=\"false\" data-marvy_enable_floating_heart_animation=\"false\" data-marvy_enable_particles_wave_animation=\"false\" data-marvy_enable_dna_animation=\"false\" data-marvy_enable_drop_animation=\"false\" data-marvy_enable_fancy_rotate=\"false\" data-marvy_enable_flying_object=\"false\" data-marvy_enable_ripples_animation=\"false\" data-marvy_enable_waves_animation=\"false\" data-marvy_enable_rings_animation=\"false\" data-marvy_enable_topology_animation=\"false\" data-marvy_enable_gradient_animation=\"false\" data-marvy_enable_snow_animation=\"false\" data-marvy_enable_firework_animation=\"false\" data-marvy_enable_cloud_animation=\"false\" class=\"elementor-section elementor-inner-section elementor-element elementor-element-606f3561 elementor-section-boxed elementor-section-height-default elementor-section-height-default\" data-id=\"606f3561\" data-element_type=\"section\" data-e-type=\"section\">\n\t\t\t\t\t\t<div class=\"elementor-container elementor-column-gap-default\">\n\t\t\t\t\t<div class=\"elementor-column elementor-col-100 elementor-inner-column elementor-element elementor-element-3c97a2e\" data-id=\"3c97a2e\" data-element_type=\"column\" data-e-type=\"column\">\n\t\t\t<div class=\"elementor-widget-wrap elementor-element-populated\">\n\t\t\t\t\t\t<div class=\"elementor-element elementor-element-67a6b52 elementor-widget elementor-widget-iqonic_accordion\" data-id=\"67a6b52\" data-element_type=\"widget\" data-e-type=\"widget\" data-widget_type=\"iqonic_accordion.default\">\n\t\t\t\t<div class=\"elementor-widget-container\">\n\t\t\t\t\t<div class=\"iq-accordion iq-accordion-square iq-accordion-classic\">\n  \n    <div class=\"iq-accordion-block iq-active  1\">\n      <div class=\"iq-accordion-title\">\n        <div class=\"iq-icon-right\"><i aria-hidden=\"true\" class=\"ion ion-minus-round active\"><\/i><i aria-hidden=\"true\" class=\"ion ion-plus inactive\"><\/i><\/div>        <h5 class=\"mb-0 accordion-title iq-heading-title\">\n          Soy un cliente habitual, \u00bfpuedo tener un descuento?        <\/h5>\n      <\/div>\n      <div class=\"iq-accordion-details\">\n        <p class=\"iq-content-text\"> No, nosotros decidimos cu\u00e1ndo ofrecemos descuentos y normalmente se te notificar\u00e1 por correo electr\u00f3nico o en nuestro blog, as\u00ed que aseg\u00farate de hacerte una cuenta para aprovechar todos los descuentos y ofertas. Consulta nuestro blog para ver las ofertas que hay ahora. <\/p>\n      <\/div>\n    <\/div>\n  \n    <div class=\"iq-accordion-block   2\">\n      <div class=\"iq-accordion-title\">\n        <div class=\"iq-icon-right\"><i aria-hidden=\"true\" class=\"ion ion-minus-round active\"><\/i><i aria-hidden=\"true\" class=\"ion ion-plus inactive\"><\/i><\/div>        <h5 class=\"mb-0 accordion-title iq-heading-title\">\n          He visto precios m\u00e1s baratos que los suyos en otro sitio web, \u00bfigualar\u00e1n el precio?        <\/h5>\n      <\/div>\n      <div class=\"iq-accordion-details\">\n        <p class=\"iq-content-text\"> S\u00ed, siempre que el sitio web sea un proveedor de la UE de confianza y con buena reputaci\u00f3n. Env\u00edenos un correo electr\u00f3nico. <\/p>\n      <\/div>\n    <\/div>\n  \n    <div class=\"iq-accordion-block   3\">\n      <div class=\"iq-accordion-title\">\n        <div class=\"iq-icon-right\"><i aria-hidden=\"true\" class=\"ion ion-minus-round active\"><\/i><i aria-hidden=\"true\" class=\"ion ion-plus inactive\"><\/i><\/div>        <h5 class=\"mb-0 accordion-title iq-heading-title\">\n          Mi pedido no ha llegado despu\u00e9s de 21 d\u00edas, \u00bfpuedo obtener un reembolso en lugar de un reenv\u00edo?        <\/h5>\n      <\/div>\n      <div class=\"iq-accordion-details\">\n        <p class=\"iq-content-text\"> No, no obtendr\u00e1 ning\u00fan reembolso, tenemos la amabilidad de ofrecer un reenv\u00edo GRATIS en los pedidos perdidos con seguimiento, que es m\u00e1s de lo que ofrecen algunos vendedores, por lo que un reembolso est\u00e1 fuera de discusi\u00f3n. <\/p>\n      <\/div>\n    <\/div>\n  \n    <div class=\"iq-accordion-block   4\">\n      <div class=\"iq-accordion-title\">\n        <div class=\"iq-icon-right\"><i aria-hidden=\"true\" class=\"ion ion-minus-round active\"><\/i><i aria-hidden=\"true\" class=\"ion ion-plus inactive\"><\/i><\/div>        <h5 class=\"mb-0 accordion-title iq-heading-title\">\n          \u00bfTiene un producto que no aparece en su sitio web?        <\/h5>\n      <\/div>\n      <div class=\"iq-accordion-details\">\n        <p class=\"iq-content-text\"> Podemos suministrar la mayor\u00eda de los productos en cualquier cantidad, si es un producto que le interesa puede ponerse en contacto con nosotros para obtener m\u00e1s informaci\u00f3n, s\u00f3lo vamos a la fuente de productos que no figuran en nuestro sitio web si el pedido es 100g o m\u00e1s. <\/p>\n      <\/div>\n    <\/div>\n  \n    <div class=\"iq-accordion-block   5\">\n      <div class=\"iq-accordion-title\">\n        <div class=\"iq-icon-right\"><i aria-hidden=\"true\" class=\"ion ion-minus-round active\"><\/i><i aria-hidden=\"true\" class=\"ion ion-plus inactive\"><\/i><\/div>        <h5 class=\"mb-0 accordion-title iq-heading-title\">\n          \u00bfRecibo un n\u00famero de seguimiento con mi pedido?        <\/h5>\n      <\/div>\n      <div class=\"iq-accordion-details\">\n        <p class=\"iq-content-text\"> S\u00ed, todos los pedidos se suministran con un n\u00famero de seguimiento a menos que seleccione la opci\u00f3n de no seguimiento (AIRMAIL). El correo a\u00e9reo no tiene seguro ni opci\u00f3n de reenv\u00edo. <\/p>\n      <\/div>\n    <\/div>\n  \n    <div class=\"iq-accordion-block   6\">\n      <div class=\"iq-accordion-title\">\n        <div class=\"iq-icon-right\"><i aria-hidden=\"true\" class=\"ion ion-minus-round active\"><\/i><i aria-hidden=\"true\" class=\"ion ion-plus inactive\"><\/i><\/div>        <h5 class=\"mb-0 accordion-title iq-heading-title\">\n          Mi pedido no ha llegado todav\u00eda, \u00bfpuede llamar al servicio de correos para ver por qu\u00e9 se retrasa?        <\/h5>\n      <\/div>\n      <div class=\"iq-accordion-details\">\n        <p class=\"iq-content-text\"> No, no perseguimos los pedidos hasta que haya pasado el periodo de 21 d\u00edas y simplemente volveremos a enviar el pedido y luego presentaremos una reclamaci\u00f3n por un paquete perdido, llamando al servicio de correos no obtendr\u00e1 ninguna respuesta. <\/p>\n      <\/div>\n    <\/div>\n  \n    <div class=\"iq-accordion-block   7\">\n      <div class=\"iq-accordion-title\">\n        <div class=\"iq-icon-right\"><i aria-hidden=\"true\" class=\"ion ion-minus-round active\"><\/i><i aria-hidden=\"true\" class=\"ion ion-plus inactive\"><\/i><\/div>        <h5 class=\"mb-0 accordion-title iq-heading-title\">\n          \u00bfC\u00f3mo pueden garantizar que mi pedido llegue a mi direcci\u00f3n?        <\/h5>\n      <\/div>\n      <div class=\"iq-accordion-details\">\n        <p class=\"iq-content-text\"> Si su pedido no llega, simplemente lo reenviaremos de forma gratuita despu\u00e9s de 21 d\u00edas desde la fecha de env\u00edo (s\u00f3lo pedidos con seguimiento), por favor, tenga en cuenta que s\u00f3lo permitiremos 1 reenv\u00edo gratuito y es su responsabilidad comprobar las legalidades, si el paquete ha sido tomado por las aduanas porque no es legal en su pa\u00eds o su paquete no era un paquete con seguimiento registrado, entonces NO tendr\u00e1 derecho a ning\u00fan reenv\u00edo gratuito. <\/p>\n      <\/div>\n    <\/div>\n  \n    <div class=\"iq-accordion-block   8\">\n      <div class=\"iq-accordion-title\">\n        <div class=\"iq-icon-right\"><i aria-hidden=\"true\" class=\"ion ion-minus-round active\"><\/i><i aria-hidden=\"true\" class=\"ion ion-plus inactive\"><\/i><\/div>        <h5 class=\"mb-0 accordion-title iq-heading-title\">\n          \u00bfC\u00f3mo se empaquetar\u00e1 mi pedido?        <\/h5>\n      <\/div>\n      <div class=\"iq-accordion-details\">\n        <p class=\"iq-content-text\"> Todos los pedidos se empaquetan de forma muy discreta en sobres acolchados y o enverlopes, no se mencionan los nombres de los productos o el nombre del sitio web en la parte exterior de los paquetes. IMPORTANTE: No utilizamos una direcci\u00f3n de retorno. <\/p>\n      <\/div>\n    <\/div>\n  \n    <div class=\"iq-accordion-block   9\">\n      <div class=\"iq-accordion-title\">\n        <div class=\"iq-icon-right\"><i aria-hidden=\"true\" class=\"ion ion-minus-round active\"><\/i><i aria-hidden=\"true\" class=\"ion ion-plus inactive\"><\/i><\/div>        <h5 class=\"mb-0 accordion-title iq-heading-title\">\n          \u00bfSu empresa es leg\u00edtima y segura?        <\/h5>\n      <\/div>\n      <div class=\"iq-accordion-details\">\n        <p class=\"iq-content-text\"> La respuesta es s\u00ed, somos 100% leg\u00edtimos en el comercio de 1 forma desde hace varios a\u00f1os. Usted puede buscar en l\u00ednea para los comentarios genuinos en l\u00ednea (no trolls) y los comentarios dejados por los clientes anteriores. <\/p>\n      <\/div>\n    <\/div>\n  \n    <div class=\"iq-accordion-block   10\">\n      <div class=\"iq-accordion-title\">\n        <div class=\"iq-icon-right\"><i aria-hidden=\"true\" class=\"ion ion-minus-round active\"><\/i><i aria-hidden=\"true\" class=\"ion ion-plus inactive\"><\/i><\/div>        <h5 class=\"mb-0 accordion-title iq-heading-title\">\n          He pedido un art\u00edculo equivocado, \u00bfpuedo devolverlo o cambiarlo?        <\/h5>\n      <\/div>\n      <div class=\"iq-accordion-details\">\n        <p class=\"iq-content-text\"> No, lo siento, debido a la naturaleza del negocio todas las ventas son finales, tienes desde el momento de la compra hasta el momento del env\u00edo para cancelar o modificar tu pedido. <\/p>\n      <\/div>\n    <\/div>\n  \n    <div class=\"iq-accordion-block   11\">\n      <div class=\"iq-accordion-title\">\n        <div class=\"iq-icon-right\"><i aria-hidden=\"true\" class=\"ion ion-minus-round active\"><\/i><i aria-hidden=\"true\" class=\"ion ion-plus inactive\"><\/i><\/div>        <h5 class=\"mb-0 accordion-title iq-heading-title\">\n          \u00bfSuministran muestras gratuitas?        <\/h5>\n      <\/div>\n      <div class=\"iq-accordion-details\">\n        <p class=\"iq-content-text\"> No, no suministramos muestras gratuitas. Sin embargo, vendemos peque\u00f1as cantidades de muestras en el sitio web y a un precio muy razonable. <\/p>\n      <\/div>\n    <\/div>\n  \n    <div class=\"iq-accordion-block   12\">\n      <div class=\"iq-accordion-title\">\n        <div class=\"iq-icon-right\"><i aria-hidden=\"true\" class=\"ion ion-minus-round active\"><\/i><i aria-hidden=\"true\" class=\"ion ion-plus inactive\"><\/i><\/div>        <h5 class=\"mb-0 accordion-title iq-heading-title\">\n          \u00bfAcepta PayPal?        <\/h5>\n      <\/div>\n      <div class=\"iq-accordion-details\">\n        <p class=\"iq-content-text\"> No, no aceptamos PayPal, la raz\u00f3n es que va en contra de los T&#038;Cs de PayPal y cualquiera que use PayPal para tomar pagos para Research Chemicals est\u00e1 tomando pagos ilegalmente. Usted y el vendedor corren el riesgo de tener su cuenta de PayPal cerrada y los fondos retenidos durante 180 d\u00edas o no en absoluto. <\/p>\n      <\/div>\n    <\/div>\n  \n    <div class=\"iq-accordion-block   13\">\n      <div class=\"iq-accordion-title\">\n        <div class=\"iq-icon-right\"><i aria-hidden=\"true\" class=\"ion ion-minus-round active\"><\/i><i aria-hidden=\"true\" class=\"ion ion-plus inactive\"><\/i><\/div>        <h5 class=\"mb-0 accordion-title iq-heading-title\">\n          \u00bfCu\u00e1nto puedo pedirles?        <\/h5>\n      <\/div>\n      <div class=\"iq-accordion-details\">\n        <p class=\"iq-content-text\"> p\u00f3ngase en contacto con nosotros para solicitar un presupuesto. <\/p>\n      <\/div>\n    <\/div>\n  \n    <div class=\"iq-accordion-block   14\">\n      <div class=\"iq-accordion-title\">\n        <div class=\"iq-icon-right\"><i aria-hidden=\"true\" class=\"ion ion-minus-round active\"><\/i><i aria-hidden=\"true\" class=\"ion ion-plus inactive\"><\/i><\/div>        <h5 class=\"mb-0 accordion-title iq-heading-title\">\n          \u00bfOfrece UPS Express Shipping?        <\/h5>\n      <\/div>\n      <div class=\"iq-accordion-details\">\n        <p class=\"iq-content-text\"> Pronto. <\/p>\n      <\/div>\n    <\/div>\n  \n<\/div>\t\t<script type=\"text\/javascript\">\n\t\t\t\/*------------------------\n                Accordion\n                --------------------------*\/\n\t\t\tjQuery('.iq-accordion .iq-accordion-block .iq-accordion-details').hide();\n\t\t\tjQuery('.iq-accordion .iq-accordion-block:first').addClass('iq-active').children().slideDown('slow');\n\t\t\tjQuery('.iq-accordion .iq-accordion-block').on(\"click\", function() {\n\t\t\t\tif (jQuery(this).children('div.iq-accordion-details').is(':hidden')) {\n\t\t\t\t\tjQuery('.iq-accordion .iq-accordion-block').removeClass('iq-active').children('div.iq-accordion-details').slideUp('slow');\n\t\t\t\t\tjQuery(this).toggleClass('iq-active').children('div.iq-accordion-details').slideDown('slow');\n\t\t\t\t}\n\t\t\t});\n\t\t<\/script>\n\t\t\t\t<\/div>\n\t\t\t\t<\/div>\n\t\t\t\t\t<\/div>\n\t\t<\/div>\n\t\t\t\t\t<\/div>\n\t\t<\/div>\n\t\t\t\t\t<\/div>\n\t\t<\/div>\n\t\t\t\t\t<\/div>\n\t\t<\/div>\n\t\t\t\t<\/div>\n\t\t","protected":false},"excerpt":{"rendered":"<p>FAQ Preguntas M\u00e1s Frecuentes FAQ Soy un cliente habitual, \u00bfpuedo tener un descuento? No, nosotros decidimos cu\u00e1ndo ofrecemos descuentos y normalmente se te notificar\u00e1 por correo electr\u00f3nico o en nuestro blog, as\u00ed que aseg\u00farate de hacerte una cuenta para aprovechar todos los descuentos y ofertas. Consulta nuestro blog para ver las ofertas que hay ahora. [&hellip;]<\/p>\n","protected":false},"author":1,"featured_media":0,"parent":0,"menu_order":0,"comment_status":"closed","ping_status":"closed","template":"","meta":{"_acf_changed":false,"_monsterinsights_skip_tracking":false,"_monsterinsights_sitenote_active":false,"_monsterinsights_sitenote_note":"","_monsterinsights_sitenote_category":0,"footnotes":""},"class_list":["post-1744","page","type-page","status-publish","hentry"],"acf":[],"yoast_head":"<!-- This site is optimized with the Yoast SEO plugin v27.2 - https:\/\/yoast.com\/product\/yoast-seo-wordpress\/ -->\n<title>FAQ - Global Meds Inc<\/title>\n<meta name=\"robots\" content=\"index, follow, max-snippet:-1, max-image-preview:large, max-video-preview:-1\" \/>\n<link rel=\"canonical\" href=\"https:\/\/globalmedsonlineinc.com\/es\/faq\/\" \/>\n<meta property=\"og:locale\" content=\"es_ES\" \/>\n<meta property=\"og:type\" content=\"article\" \/>\n<meta property=\"og:title\" content=\"FAQ - Global Meds Inc\" \/>\n<meta property=\"og:description\" content=\"FAQ Preguntas M\u00e1s Frecuentes FAQ Soy un cliente habitual, \u00bfpuedo tener un descuento? No, nosotros decidimos cu\u00e1ndo ofrecemos descuentos y normalmente se te notificar\u00e1 por correo electr\u00f3nico o en nuestro blog, as\u00ed que aseg\u00farate de hacerte una cuenta para aprovechar todos los descuentos y ofertas. Consulta nuestro blog para ver las ofertas que hay ahora. [&hellip;]\" \/>\n<meta property=\"og:url\" content=\"https:\/\/globalmedsonlineinc.com\/es\/faq\/\" \/>\n<meta property=\"og:site_name\" content=\"Global Meds Inc\" \/>\n<meta property=\"article:modified_time\" content=\"2021-07-19T22:02:26+00:00\" \/>\n<meta name=\"twitter:card\" content=\"summary_large_image\" \/>\n<meta name=\"twitter:label1\" content=\"Tiempo de lectura\" \/>\n\t<meta name=\"twitter:data1\" content=\"3 minutos\" \/>\n<script type=\"application\/ld+json\" class=\"yoast-schema-graph\">{\"@context\":\"https:\/\/schema.org\",\"@graph\":[{\"@type\":\"WebPage\",\"@id\":\"https:\/\/globalmedsonlineinc.com\/es\/faq\/\",\"url\":\"https:\/\/globalmedsonlineinc.com\/es\/faq\/\",\"name\":\"FAQ - Global Meds Inc\",\"isPartOf\":{\"@id\":\"https:\/\/globalmedsonlineinc.com\/es\/#website\"},\"datePublished\":\"2020-10-21T08:27:27+00:00\",\"dateModified\":\"2021-07-19T22:02:26+00:00\",\"breadcrumb\":{\"@id\":\"https:\/\/globalmedsonlineinc.com\/es\/faq\/#breadcrumb\"},\"inLanguage\":\"es\",\"potentialAction\":[{\"@type\":\"ReadAction\",\"target\":[\"https:\/\/globalmedsonlineinc.com\/es\/faq\/\"]}]},{\"@type\":\"BreadcrumbList\",\"@id\":\"https:\/\/globalmedsonlineinc.com\/es\/faq\/#breadcrumb\",\"itemListElement\":[{\"@type\":\"ListItem\",\"position\":1,\"name\":\"Home\",\"item\":\"https:\/\/globalmedsonlineinc.com\/es\/\"},{\"@type\":\"ListItem\",\"position\":2,\"name\":\"FAQ\"}]},{\"@type\":\"WebSite\",\"@id\":\"https:\/\/globalmedsonlineinc.com\/es\/#website\",\"url\":\"https:\/\/globalmedsonlineinc.com\/es\/\",\"name\":\"Global Meds Inc\",\"description\":\"\",\"potentialAction\":[{\"@type\":\"SearchAction\",\"target\":{\"@type\":\"EntryPoint\",\"urlTemplate\":\"https:\/\/globalmedsonlineinc.com\/es\/?s={search_term_string}\"},\"query-input\":{\"@type\":\"PropertyValueSpecification\",\"valueRequired\":true,\"valueName\":\"search_term_string\"}}],\"inLanguage\":\"es\"}]}<\/script>\n<!-- \/ Yoast SEO plugin. -->","yoast_head_json":{"title":"FAQ - Global Meds Inc","robots":{"index":"index","follow":"follow","max-snippet":"max-snippet:-1","max-image-preview":"max-image-preview:large","max-video-preview":"max-video-preview:-1"},"canonical":"https:\/\/globalmedsonlineinc.com\/es\/faq\/","og_locale":"es_ES","og_type":"article","og_title":"FAQ - Global Meds Inc","og_description":"FAQ Preguntas M\u00e1s Frecuentes FAQ Soy un cliente habitual, \u00bfpuedo tener un descuento? No, nosotros decidimos cu\u00e1ndo ofrecemos descuentos y normalmente se te notificar\u00e1 por correo electr\u00f3nico o en nuestro blog, as\u00ed que aseg\u00farate de hacerte una cuenta para aprovechar todos los descuentos y ofertas. Consulta nuestro blog para ver las ofertas que hay ahora. [&hellip;]","og_url":"https:\/\/globalmedsonlineinc.com\/es\/faq\/","og_site_name":"Global Meds Inc","article_modified_time":"2021-07-19T22:02:26+00:00","twitter_card":"summary_large_image","twitter_misc":{"Tiempo de lectura":"3 minutos"},"schema":{"@context":"https:\/\/schema.org","@graph":[{"@type":"WebPage","@id":"https:\/\/globalmedsonlineinc.com\/es\/faq\/","url":"https:\/\/globalmedsonlineinc.com\/es\/faq\/","name":"FAQ - Global Meds Inc","isPartOf":{"@id":"https:\/\/globalmedsonlineinc.com\/es\/#website"},"datePublished":"2020-10-21T08:27:27+00:00","dateModified":"2021-07-19T22:02:26+00:00","breadcrumb":{"@id":"https:\/\/globalmedsonlineinc.com\/es\/faq\/#breadcrumb"},"inLanguage":"es","potentialAction":[{"@type":"ReadAction","target":["https:\/\/globalmedsonlineinc.com\/es\/faq\/"]}]},{"@type":"BreadcrumbList","@id":"https:\/\/globalmedsonlineinc.com\/es\/faq\/#breadcrumb","itemListElement":[{"@type":"ListItem","position":1,"name":"Home","item":"https:\/\/globalmedsonlineinc.com\/es\/"},{"@type":"ListItem","position":2,"name":"FAQ"}]},{"@type":"WebSite","@id":"https:\/\/globalmedsonlineinc.com\/es\/#website","url":"https:\/\/globalmedsonlineinc.com\/es\/","name":"Global Meds Inc","description":"","potentialAction":[{"@type":"SearchAction","target":{"@type":"EntryPoint","urlTemplate":"https:\/\/globalmedsonlineinc.com\/es\/?s={search_term_string}"},"query-input":{"@type":"PropertyValueSpecification","valueRequired":true,"valueName":"search_term_string"}}],"inLanguage":"es"}]}},"_links":{"self":[{"href":"https:\/\/globalmedsonlineinc.com\/es\/wp-json\/wp\/v2\/pages\/1744","targetHints":{"allow":["GET"]}}],"collection":[{"href":"https:\/\/globalmedsonlineinc.com\/es\/wp-json\/wp\/v2\/pages"}],"about":[{"href":"https:\/\/globalmedsonlineinc.com\/es\/wp-json\/wp\/v2\/types\/page"}],"author":[{"embeddable":true,"href":"https:\/\/globalmedsonlineinc.com\/es\/wp-json\/wp\/v2\/users\/1"}],"replies":[{"embeddable":true,"href":"https:\/\/globalmedsonlineinc.com\/es\/wp-json\/wp\/v2\/comments?post=1744"}],"version-history":[{"count":3,"href":"https:\/\/globalmedsonlineinc.com\/es\/wp-json\/wp\/v2\/pages\/1744\/revisions"}],"predecessor-version":[{"id":10460,"href":"https:\/\/globalmedsonlineinc.com\/es\/wp-json\/wp\/v2\/pages\/1744\/revisions\/10460"}],"wp:attachment":[{"href":"https:\/\/globalmedsonlineinc.com\/es\/wp-json\/wp\/v2\/media?parent=1744"}],"curies":[{"name":"wp","href":"https:\/\/api.w.org\/{rel}","templated":true}]}}