{"id":9247,"date":"2021-07-02T22:30:11","date_gmt":"2021-07-02T22:30:11","guid":{"rendered":"https:\/\/globalmedsonlineinc.com\/de\/?post_type=product&#038;p=9247"},"modified":"2024-02-19T10:54:03","modified_gmt":"2024-02-19T10:54:03","slug":"buphedrone","status":"publish","type":"product","link":"https:\/\/globalmedsonlineinc.com\/de\/product\/research-chemicals\/buphedrone\/","title":{"rendered":"Buphedron online kaufen"},"content":{"rendered":"<h1 class=\"lRu31\" dir=\"ltr\"><span class=\"HwtZe\" lang=\"de\"><span class=\"jCAhz ChMk0b\"><span class=\"ryNqvb\">Buphedron-Pulver zum Online-Verkauf<\/span><\/span><\/span><\/h1>\n<div class=\"lRu31\" dir=\"ltr\"><a href=\"https:\/\/globalmedsonlineinc.com\/de\/product\/research-chemicals\/buphedrone\/\"><span class=\"HwtZe\" lang=\"de\"><span class=\"jCAhz ChMk0b\"><span class=\"ryNqvb\">Buphedron-Pulver zum Online-Verkauf<\/span><\/span><\/span><\/a><span style=\"font-size: 1rem\">. Die Geschichte von Buphedron beginnt im Jahr 1928. Als die Forschungschemikalie erstmals synthetisiert wurde, wurde sie in die Klasse der Phenethylamine und Cathinone aufgenommen. Es ist verboten, Buphedron f\u00fcr den Verkauf zu konsumieren, aber es ist auf dem Markt der Forschungschemikalien f\u00fcr Forschungs- und forensische Zwecke erh\u00e4ltlich. In unserem Buphedron-Online-Shop finden Sie Buphedron zum Verkauf sowie viele andere Stimulanzien zum Verkauf, die Buphedron \u00e4hnlich sind.<\/span><\/div>\n<p>Bekannt als MABP ist diese Designerdroge ein Beta-Keton. Wenn Sie brauchen, um Methamphetamin-Analoga zu kaufen, wird MABP eine gute Wahl sein.<\/p>\n<p>Sie k\u00f6nnen MABP online mit weltweiter Lieferung kaufen. Unser Unternehmen ist in MABP Gro\u00dfhandel besch\u00e4ftigt. Als in der Grauzone Forschung chemische MABP ist weit verbreitet unter den Forschern und Wissenschaftlern in verschiedenen Tests und Experimenten verwendet. Wenn Sie MABP ben\u00f6tigen, kaufen Sie online von vertrauensw\u00fcrdigen Anbietern NUR. Auf diese Weise erhalten Sie reine Substanzen f\u00fcr erschwinglichen Preis.<\/p>\n<p>Bevor Kunden MABP online bestellen, raten wir Ihnen, die Informationen \u00fcber MABP Wirkungen und Nebenwirkungen zu lesen, um zu wissen, was Sie von MABP Erfahrung erwarten k\u00f6nnen. Es ist auch m\u00f6glich, sich mit MABP-Trip-Berichten und MABP-Todesf\u00e4llen sowie MABP-&#8220;bad trip&#8221; und Verletzungen aus den Aussagen fr\u00fcherer Nutzer vertraut zu machen, die die MABP-Erowid-Seite besuchen.<\/p>\n<p>Das Gef\u00fchl der Euphorie wurde von allen MABP-Benutzern angegeben. Sie gaben auch zu, dass es sehr wichtig ist, wie man MABP einnimmt und verwendet. Es f\u00fchrt nicht nur zu einer erh\u00f6hten Stimmung, sondern die Leute wurden gespr\u00e4chiger, ihre Herzfrequenz erh\u00f6ht sich. Ihre Sprache wurde undeutlich und sie konnten <a href=\"https:\/\/en.wikipedia.org\/wiki\/Buphedrone\">nicht<\/a> einschlafen. Sie f\u00fchlten sich unruhig und hatten erh\u00f6hte Kommunikationsf\u00e4higkeiten sowie Motivation.<\/p>\n<p>MABP ist ein starker Freisetzer von Dopamin. Beim Vergleich von MABP und Methamphetamin ist MABP euphorischer und weniger stimulierend.<\/p>\n<p>Das Gef\u00fchl der Euphorie wurde von allen Buphedron-Konsumenten angegeben. Sie gaben auch zu, dass es sehr wichtig ist, wie man Buphedron einnimmt und verwendet. Es f\u00fchrt nicht nur zu einer gehobenen Stimmung, sondern die Leute werden gespr\u00e4chiger, ihre Herzfrequenz erh\u00f6ht sich. Ihre Sprache wurde undeutlich und sie konnten nicht einschlafen. Sie f\u00fchlten sich unruhig und hatten erh\u00f6hte Kommunikationsf\u00e4higkeiten sowie Motivation.<\/p>\n<p>Gute Qualit\u00e4t von Buphedrone online: Es ist v\u00f6llig klar, dass die Leute der Qualit\u00e4t von online verkauftem Buphedron nicht so schnell vertrauen, weil sie es nicht physisch untersuchen k\u00f6nnen. Bei Online Buphedrone-Anbietern ist dies jedoch nicht dasselbe. Die Produkte hier entsprechen ihrer Beschreibung mit einer hochwertigen Wartung unter der Aufsicht von Experten.<\/p>\n<p>Schneller &amp; diskreter Versand: Die Lieferung des Buphedrone nach Eingang der Bestellung erfolgt innerhalb des zugesagten Zeitrahmens. Das Versandteam setzt alles daran, den Versand- und Liefervorgang reibungslos und schnell zu gestalten. Auch beim Kauf von Buphedrone vom Profi auf der Online-Plattform k\u00f6nnen Sie exzellente Leistungen erwarten.<\/p>\n","protected":false},"excerpt":{"rendered":"<p>Buphedron online kaufen<a href=\"https:\/\/en.wikipedia.org\/wiki\/Buphedrone\">. Die Geschichte von Buphedron<\/a> beginnt im Jahr 1928. Als die Forschungschemikalie zum ersten Mal synthetisiert wurde, wurde sie in die Klasse der Phenethylamine und Cathinone aufgenommen. Es ist verboten, Buphedron f\u00fcr den Verkauf zu konsumieren, aber es ist auf dem Markt der Forschungschemikalien f\u00fcr Forschungs- und forensische Zwecke erh\u00e4ltlich. In unserem Buphedron Online-Shop finden Sie Buphedron zum Verkauf sowie viele andere Stimulanzien zum Verkauf \u00e4hnlich wie Buphedron.<\/p>\n","protected":false},"featured_media":9254,"comment_status":"open","ping_status":"closed","template":"","meta":{"_acf_changed":false,"_monsterinsights_skip_tracking":false,"_monsterinsights_sitenote_active":false,"_monsterinsights_sitenote_note":"","_monsterinsights_sitenote_category":0},"product_brand":[],"product_cat":[53],"product_tag":[501,497,496,495,476,494,498,499,500],"class_list":{"0":"post-9247","1":"product","2":"type-product","3":"status-publish","4":"has-post-thumbnail","6":"product_cat-research-chemicals","7":"product_tag-buphedron-bestellen","8":"product_tag-buphedron-online-kaufen","9":"product_tag-buphedron-priz","10":"product_tag-buphedron-zum-verkauf","11":"product_tag-buphedrone","12":"product_tag-buphedrone-kaufen","13":"product_tag-mabp-kaufen","14":"product_tag-mabp-online-kaufen","15":"product_tag-mabp-zum-verkauf","17":"first","18":"instock","19":"shipping-taxable","20":"purchasable","21":"product-type-variable","22":"has-default-attributes"},"acf":[],"yoast_head":"<!-- This site is optimized with the Yoast SEO plugin v27.2 - https:\/\/yoast.com\/product\/yoast-seo-wordpress\/ -->\n<title>Buphedron-Pulver zum Online-Verkauf - Global Meds Inc.<\/title>\n<meta name=\"description\" content=\"Buphedron-Pulver zum Online-Verkauf. Wir verkaufen Buphedron-Pulver in bester Qualit\u00e4t. F\u00fcr weitere Informationen und Preise kontaktieren Sie uns bitte.\" \/>\n<meta name=\"robots\" content=\"index, follow, max-snippet:-1, max-image-preview:large, max-video-preview:-1\" \/>\n<link rel=\"canonical\" href=\"https:\/\/globalmedsonlineinc.com\/de\/product\/research-chemicals\/buphedrone\/\" \/>\n<meta property=\"og:locale\" content=\"de_DE\" \/>\n<meta property=\"og:type\" content=\"article\" \/>\n<meta property=\"og:title\" content=\"Buphedron-Pulver zum Online-Verkauf - Global Meds Inc.\" \/>\n<meta property=\"og:description\" content=\"Buphedron-Pulver zum Online-Verkauf. Wir verkaufen Buphedron-Pulver in bester Qualit\u00e4t. F\u00fcr weitere Informationen und Preise kontaktieren Sie uns bitte.\" \/>\n<meta property=\"og:url\" content=\"https:\/\/globalmedsonlineinc.com\/de\/product\/research-chemicals\/buphedrone\/\" \/>\n<meta property=\"og:site_name\" content=\"Global Meds Inc\" \/>\n<meta property=\"article:modified_time\" content=\"2024-02-19T10:54:03+00:00\" \/>\n<meta property=\"og:image\" content=\"https:\/\/globalmedsonlineinc.com\/de\/content\/media\/uploads\/sites\/2\/2021\/07\/Buphedrone.jpg\" \/>\n\t<meta property=\"og:image:width\" content=\"1200\" \/>\n\t<meta property=\"og:image:height\" content=\"1200\" \/>\n\t<meta property=\"og:image:type\" content=\"image\/jpeg\" \/>\n<meta name=\"twitter:card\" content=\"summary_large_image\" \/>\n<meta name=\"twitter:label1\" content=\"Gesch\u00e4tzte Lesezeit\" \/>\n\t<meta name=\"twitter:data1\" content=\"3\u00a0Minuten\" \/>\n<script type=\"application\/ld+json\" class=\"yoast-schema-graph\">{\"@context\":\"https:\/\/schema.org\",\"@graph\":[{\"@type\":\"WebPage\",\"@id\":\"https:\/\/globalmedsonlineinc.com\/de\/product\/research-chemicals\/buphedrone\/\",\"url\":\"https:\/\/globalmedsonlineinc.com\/de\/product\/research-chemicals\/buphedrone\/\",\"name\":\"Buphedron-Pulver zum Online-Verkauf - Global Meds Inc.\",\"isPartOf\":{\"@id\":\"https:\/\/globalmedsonlineinc.com\/de\/#website\"},\"primaryImageOfPage\":{\"@id\":\"https:\/\/globalmedsonlineinc.com\/de\/product\/research-chemicals\/buphedrone\/#primaryimage\"},\"image\":{\"@id\":\"https:\/\/globalmedsonlineinc.com\/de\/product\/research-chemicals\/buphedrone\/#primaryimage\"},\"thumbnailUrl\":\"https:\/\/globalmedsonlineinc.com\/de\/content\/media\/uploads\/sites\/2\/2021\/07\/Buphedrone.jpg\",\"datePublished\":\"2021-07-02T22:30:11+00:00\",\"dateModified\":\"2024-02-19T10:54:03+00:00\",\"description\":\"Buphedron-Pulver zum Online-Verkauf. Wir verkaufen Buphedron-Pulver in bester Qualit\u00e4t. F\u00fcr weitere Informationen und Preise kontaktieren Sie uns bitte.\",\"breadcrumb\":{\"@id\":\"https:\/\/globalmedsonlineinc.com\/de\/product\/research-chemicals\/buphedrone\/#breadcrumb\"},\"inLanguage\":\"de\",\"potentialAction\":[{\"@type\":\"ReadAction\",\"target\":[\"https:\/\/globalmedsonlineinc.com\/de\/product\/research-chemicals\/buphedrone\/\"]}]},{\"@type\":\"ImageObject\",\"inLanguage\":\"de\",\"@id\":\"https:\/\/globalmedsonlineinc.com\/de\/product\/research-chemicals\/buphedrone\/#primaryimage\",\"url\":\"https:\/\/globalmedsonlineinc.com\/de\/content\/media\/uploads\/sites\/2\/2021\/07\/Buphedrone.jpg\",\"contentUrl\":\"https:\/\/globalmedsonlineinc.com\/de\/content\/media\/uploads\/sites\/2\/2021\/07\/Buphedrone.jpg\",\"width\":1200,\"height\":1200,\"caption\":\"Buphedron-Pulver zum Online-Verkauf\"},{\"@type\":\"BreadcrumbList\",\"@id\":\"https:\/\/globalmedsonlineinc.com\/de\/product\/research-chemicals\/buphedrone\/#breadcrumb\",\"itemListElement\":[{\"@type\":\"ListItem\",\"position\":1,\"name\":\"Home\",\"item\":\"https:\/\/globalmedsonlineinc.com\/de\/\"},{\"@type\":\"ListItem\",\"position\":2,\"name\":\"Produkte\",\"item\":\"https:\/\/globalmedsonlineinc.com\/de\/produkte\/\"},{\"@type\":\"ListItem\",\"position\":3,\"name\":\"Buphedron online kaufen\"}]},{\"@type\":\"WebSite\",\"@id\":\"https:\/\/globalmedsonlineinc.com\/de\/#website\",\"url\":\"https:\/\/globalmedsonlineinc.com\/de\/\",\"name\":\"Global Meds Inc\",\"description\":\"\",\"potentialAction\":[{\"@type\":\"SearchAction\",\"target\":{\"@type\":\"EntryPoint\",\"urlTemplate\":\"https:\/\/globalmedsonlineinc.com\/de\/?s={search_term_string}\"},\"query-input\":{\"@type\":\"PropertyValueSpecification\",\"valueRequired\":true,\"valueName\":\"search_term_string\"}}],\"inLanguage\":\"de\"}]}<\/script>\n<!-- \/ Yoast SEO plugin. -->","yoast_head_json":{"title":"Buphedron-Pulver zum Online-Verkauf - Global Meds Inc.","description":"Buphedron-Pulver zum Online-Verkauf. Wir verkaufen Buphedron-Pulver in bester Qualit\u00e4t. F\u00fcr weitere Informationen und Preise kontaktieren Sie uns bitte.","robots":{"index":"index","follow":"follow","max-snippet":"max-snippet:-1","max-image-preview":"max-image-preview:large","max-video-preview":"max-video-preview:-1"},"canonical":"https:\/\/globalmedsonlineinc.com\/de\/product\/research-chemicals\/buphedrone\/","og_locale":"de_DE","og_type":"article","og_title":"Buphedron-Pulver zum Online-Verkauf - Global Meds Inc.","og_description":"Buphedron-Pulver zum Online-Verkauf. Wir verkaufen Buphedron-Pulver in bester Qualit\u00e4t. F\u00fcr weitere Informationen und Preise kontaktieren Sie uns bitte.","og_url":"https:\/\/globalmedsonlineinc.com\/de\/product\/research-chemicals\/buphedrone\/","og_site_name":"Global Meds Inc","article_modified_time":"2024-02-19T10:54:03+00:00","og_image":[{"width":1200,"height":1200,"url":"https:\/\/globalmedsonlineinc.com\/de\/content\/media\/uploads\/sites\/2\/2021\/07\/Buphedrone.jpg","type":"image\/jpeg"}],"twitter_card":"summary_large_image","twitter_misc":{"Gesch\u00e4tzte Lesezeit":"3\u00a0Minuten"},"schema":{"@context":"https:\/\/schema.org","@graph":[{"@type":"WebPage","@id":"https:\/\/globalmedsonlineinc.com\/de\/product\/research-chemicals\/buphedrone\/","url":"https:\/\/globalmedsonlineinc.com\/de\/product\/research-chemicals\/buphedrone\/","name":"Buphedron-Pulver zum Online-Verkauf - Global Meds Inc.","isPartOf":{"@id":"https:\/\/globalmedsonlineinc.com\/de\/#website"},"primaryImageOfPage":{"@id":"https:\/\/globalmedsonlineinc.com\/de\/product\/research-chemicals\/buphedrone\/#primaryimage"},"image":{"@id":"https:\/\/globalmedsonlineinc.com\/de\/product\/research-chemicals\/buphedrone\/#primaryimage"},"thumbnailUrl":"https:\/\/globalmedsonlineinc.com\/de\/content\/media\/uploads\/sites\/2\/2021\/07\/Buphedrone.jpg","datePublished":"2021-07-02T22:30:11+00:00","dateModified":"2024-02-19T10:54:03+00:00","description":"Buphedron-Pulver zum Online-Verkauf. Wir verkaufen Buphedron-Pulver in bester Qualit\u00e4t. F\u00fcr weitere Informationen und Preise kontaktieren Sie uns bitte.","breadcrumb":{"@id":"https:\/\/globalmedsonlineinc.com\/de\/product\/research-chemicals\/buphedrone\/#breadcrumb"},"inLanguage":"de","potentialAction":[{"@type":"ReadAction","target":["https:\/\/globalmedsonlineinc.com\/de\/product\/research-chemicals\/buphedrone\/"]}]},{"@type":"ImageObject","inLanguage":"de","@id":"https:\/\/globalmedsonlineinc.com\/de\/product\/research-chemicals\/buphedrone\/#primaryimage","url":"https:\/\/globalmedsonlineinc.com\/de\/content\/media\/uploads\/sites\/2\/2021\/07\/Buphedrone.jpg","contentUrl":"https:\/\/globalmedsonlineinc.com\/de\/content\/media\/uploads\/sites\/2\/2021\/07\/Buphedrone.jpg","width":1200,"height":1200,"caption":"Buphedron-Pulver zum Online-Verkauf"},{"@type":"BreadcrumbList","@id":"https:\/\/globalmedsonlineinc.com\/de\/product\/research-chemicals\/buphedrone\/#breadcrumb","itemListElement":[{"@type":"ListItem","position":1,"name":"Home","item":"https:\/\/globalmedsonlineinc.com\/de\/"},{"@type":"ListItem","position":2,"name":"Produkte","item":"https:\/\/globalmedsonlineinc.com\/de\/produkte\/"},{"@type":"ListItem","position":3,"name":"Buphedron online kaufen"}]},{"@type":"WebSite","@id":"https:\/\/globalmedsonlineinc.com\/de\/#website","url":"https:\/\/globalmedsonlineinc.com\/de\/","name":"Global Meds Inc","description":"","potentialAction":[{"@type":"SearchAction","target":{"@type":"EntryPoint","urlTemplate":"https:\/\/globalmedsonlineinc.com\/de\/?s={search_term_string}"},"query-input":{"@type":"PropertyValueSpecification","valueRequired":true,"valueName":"search_term_string"}}],"inLanguage":"de"}]}},"_links":{"self":[{"href":"https:\/\/globalmedsonlineinc.com\/de\/wp-json\/wp\/v2\/product\/9247","targetHints":{"allow":["GET"]}}],"collection":[{"href":"https:\/\/globalmedsonlineinc.com\/de\/wp-json\/wp\/v2\/product"}],"about":[{"href":"https:\/\/globalmedsonlineinc.com\/de\/wp-json\/wp\/v2\/types\/product"}],"replies":[{"embeddable":true,"href":"https:\/\/globalmedsonlineinc.com\/de\/wp-json\/wp\/v2\/comments?post=9247"}],"wp:featuredmedia":[{"embeddable":true,"href":"https:\/\/globalmedsonlineinc.com\/de\/wp-json\/wp\/v2\/media\/9254"}],"wp:attachment":[{"href":"https:\/\/globalmedsonlineinc.com\/de\/wp-json\/wp\/v2\/media?parent=9247"}],"wp:term":[{"taxonomy":"product_brand","embeddable":true,"href":"https:\/\/globalmedsonlineinc.com\/de\/wp-json\/wp\/v2\/product_brand?post=9247"},{"taxonomy":"product_cat","embeddable":true,"href":"https:\/\/globalmedsonlineinc.com\/de\/wp-json\/wp\/v2\/product_cat?post=9247"},{"taxonomy":"product_tag","embeddable":true,"href":"https:\/\/globalmedsonlineinc.com\/de\/wp-json\/wp\/v2\/product_tag?post=9247"}],"curies":[{"name":"wp","href":"https:\/\/api.w.org\/{rel}","templated":true}]}}