{"id":9239,"date":"2021-07-02T22:17:23","date_gmt":"2021-07-02T22:17:23","guid":{"rendered":"https:\/\/globalmedsonlineinc.com\/de\/?post_type=product&#038;p=9239"},"modified":"2024-02-19T10:56:24","modified_gmt":"2024-02-19T10:56:24","slug":"butylone","status":"publish","type":"product","link":"https:\/\/globalmedsonlineinc.com\/de\/product\/research-chemicals\/butylone\/","title":{"rendered":"Kaufen Sie Butylon online"},"content":{"rendered":"<h1 class=\"lRu31\" dir=\"ltr\"><span class=\"HwtZe\" lang=\"de\"><span class=\"jCAhz ChMk0b\"><span class=\"ryNqvb\">Butylonpulver zum Online-Verkauf<\/span><\/span><\/span><\/h1>\n<div class=\"lRu31\" dir=\"ltr\"><a href=\"https:\/\/globalmedsonlineinc.com\/de\/product\/research-chemicals\/butylone\/\"><span class=\"HwtZe\" lang=\"de\"><span class=\"jCAhz ChMk0b\"><span class=\"ryNqvb\">Butylonpulver zum Online-Verkauf<\/span><\/span><\/span><\/a><span style=\"font-size: 1rem\">. Butylon (auch bekannt als \u03b2-Keto-N-Methylbenzodioxolylbutanamin, \u03b2k-MBDB oder B1) ist ein synthetisches Entaktogen und Stimulans der Phenethylamin- und Cathinon-Klasse. Butylon ist das \u03b2-Keto-Analogon von MBDB und das substituierte Methylendioxy-Analogon von Buphedron.<\/span><\/div>\n<p>Als Designerdroge wird es h\u00e4ufig zusammen mit Ethylon auf der <a href=\"https:\/\/en.wikipedia.org\/wiki\/Butylone\">Stra\u00dfe<\/a> als Ersatz oder F\u00e4lschung f\u00fcr MDMA und Methylon (die alle zusammen als &#8220;Molly&#8221; bezeichnet werden) verkauft, da Methylon auf dem Markt f\u00fcr Forschungschemikalien immer weniger verf\u00fcgbar ist.<\/p>\n<p>Trotz der verhaltensm\u00e4\u00dfigen und pharmakologischen \u00c4hnlichkeiten zwischen Butylon und MDMA sind die beobachteten subjektiven Wirkungen beider Substanzen jedoch nicht v\u00f6llig identisch.<\/p>\n<p>Butylon hat nur eine kurze Geschichte der Verwendung beim Menschen und ist Berichten zufolge weniger potent als seine Verwandten Methylon und Ethylon sowie besitzt mehr klassische Stimulanzien im Gegensatz zu entaktogenen Wirkungen.<\/p>\n<p>Auch \u03b2-Keto-N-Methylbenzodioxolylbutanamin genannt, ist ein synthetisches Molek\u00fcl aus der Familie der Cathinone. Cathinone sind strukturell den Amphetaminen insofern \u00e4hnlich, als sie einen Phenethylaminkern mit einem Phenylring enthalten, der \u00fcber eine Ethylkette mit einer zus\u00e4tzlichen Ethylsubstitution an R\u03b1 an eine Aminogruppe (NH2) gebunden ist. Cathinone wie z. B. Butylon sind alpha-methylierte Phenethylamine (d. h. Amphetamine), unterscheiden sich von diesen jedoch durch die Hinzuf\u00fcgung einer funktionellen Keton-Gruppe (eine Carbonylgruppe am R\u03b2). Butylon enth\u00e4lt eine Methylsubstitution an RN, eine Substitution, die mit MDEA, Ethylon, 4-MEC und bestimmten anderen Stimulanzien und Entaktogenen gemeinsam ist. Zus\u00e4tzlich enth\u00e4lt Butylon Substitutionen an R3 und R4 des Phenylrings mit Sauerstoffgruppen. Diese Sauerstoffgruppen sind \u00fcber eine Methylenkette in einen Methylendioxyring eingebaut. Butylon teilt sich diesen Methylendioxy-Ring mit MDA, MDAI und MDMA.<\/p>\n<p>Es wirkt als gemischter Wiederaufnahme-Hemmer\/Freisetzungs-Agent von Serotonin, Noradrenalin und Dopamin. Dies sind die Neurotransmitter, die f\u00fcr Vergn\u00fcgen, Belohnung, Motivation und Fokus verantwortlich sind. Dies geschieht durch die Hemmung der Wiederaufnahme und Wiederabsorption der Neurotransmitter, nachdem sie ihre Funktion der \u00dcbertragung eines neuronalen Impulses erf\u00fcllt haben, so dass sie sich im Wesentlichen ansammeln und wiederverwendet werden k\u00f6nnen, was zu k\u00f6rperlich stimulierenden und euphorischen Effekten f\u00fchrt.<\/p>\n<p>Butylone von guter Qualit\u00e4t online: Es ist v\u00f6llig klar, dass die Leute der Qualit\u00e4t von online verkauftem Butylone nicht schnell vertrauen, weil sie es nicht physisch \u00fcberpr\u00fcfen k\u00f6nnen. Bei Online-Butylon -Lieferanten ist dies jedoch nicht dasselbe. Die Produkte hier entsprechen ihrer Beschreibung mit einer hochwertigen Wartung unter der Aufsicht von Experten.<\/p>\n<p>Schneller und diskreter Versand: Die Lieferung des Butylones nach Erhalt der Bestellung erfolgt innerhalb des zugesagten Zeitrahmens. Das Versandteam setzt alles daran, den Versand- und Liefervorgang reibungslos und schnell zu gestalten. Auch beim Kauf von Butylone vom Profi auf der Online-Plattform k\u00f6nnen Sie einen hervorragenden Service erwarten.<\/p>\n","protected":false},"excerpt":{"rendered":"<p>Butylon (auch bekannt als \u03b2-Keto-N-Methylbenzodioxolylbutanamin, \u03b2k-MBDB oder B1) ist ein synthetisches Entaktogen und Stimulans der Phenethylamin- und Cathinon-Klasse. Butylon ist das \u03b2-Keto-Analogon von MBDB und das substituierte Methylendioxy-Analogon von Buphedron.<\/p>\n","protected":false},"featured_media":9246,"comment_status":"open","ping_status":"closed","template":"","meta":{"_acf_changed":false,"_monsterinsights_skip_tracking":false,"_monsterinsights_sitenote_active":false,"_monsterinsights_sitenote_note":"","_monsterinsights_sitenote_category":0},"product_brand":[],"product_cat":[53],"product_tag":[502,517,518,452,503,504,513,507,505,511,508,509,506,522,512,519,521,520,510,514,523,515,516,524,525,526],"class_list":{"0":"post-9239","1":"product","2":"type-product","3":"status-publish","4":"has-post-thumbnail","6":"product_cat-research-chemicals","7":"product_tag-99-reinheit-butylone-online","8":"product_tag-bestellen-butylone-crystal-online","9":"product_tag-bestellen-butylone-online","10":"product_tag-butylone","11":"product_tag-butylone-bk-mbdb-zum-verkauf","12":"product_tag-butylone-bk-mbdb-zum-verkauf-weltweit","13":"product_tag-butylone-billig-zum-verkauf","14":"product_tag-butylone-crystal-online-kaufen","15":"product_tag-butylone-crystal-zum-verkauf","16":"product_tag-butylone-online-billig-kaufen","17":"product_tag-butylone-online-kaufen","18":"product_tag-butylone-pulver-und-kristalle-online-kaufen","19":"product_tag-butylone-zum-verkauf","20":"product_tag-der-beste-ort","21":"product_tag-ethylone-pulver-und-kristalle-online-kaufen","22":"product_tag-kauf-butylone-crystal-online","23":"product_tag-kauf-butylone-mit-bitcoin","24":"product_tag-kauf-butylone-online","25":"product_tag-methylone-pulver-und-kristalle-online-kaufen","26":"product_tag-schnelle-lieferung-forschung-chemikalie","27":"product_tag-um-butylone-online-zu-kaufen","28":"product_tag-wie-zu-kaufen-butylone-crystal-online","29":"product_tag-wie-zu-kaufen-butylone-onlinel","30":"product_tag-wo-zu-kaufen-butylone-bk-mbdb","31":"product_tag-wo-zu-kaufen-butylone-crystal-online","32":"product_tag-wo-zu-kaufen-butylone-online","34":"first","35":"instock","36":"sale","37":"shipping-taxable","38":"purchasable","39":"product-type-variable","40":"has-default-attributes"},"acf":[],"yoast_head":"<!-- This site is optimized with the Yoast SEO plugin v27.2 - https:\/\/yoast.com\/product\/yoast-seo-wordpress\/ -->\n<title>Butylonpulver zum Online-Verkauf - Global Meds Inc.<\/title>\n<meta name=\"description\" content=\"Butylonpulver zum Online-Verkauf. Wir verkaufen Butylonpulver bester Qualit\u00e4t. F\u00fcr weitere Informationen und Preise kontaktieren Sie uns bitte.\" \/>\n<meta name=\"robots\" content=\"index, follow, max-snippet:-1, max-image-preview:large, max-video-preview:-1\" \/>\n<link rel=\"canonical\" href=\"https:\/\/globalmedsonlineinc.com\/de\/product\/research-chemicals\/butylone\/\" \/>\n<meta property=\"og:locale\" content=\"de_DE\" \/>\n<meta property=\"og:type\" content=\"article\" \/>\n<meta property=\"og:title\" content=\"Butylonpulver zum Online-Verkauf - Global Meds Inc.\" \/>\n<meta property=\"og:description\" content=\"Butylonpulver zum Online-Verkauf. Wir verkaufen Butylonpulver bester Qualit\u00e4t. F\u00fcr weitere Informationen und Preise kontaktieren Sie uns bitte.\" \/>\n<meta property=\"og:url\" content=\"https:\/\/globalmedsonlineinc.com\/de\/product\/research-chemicals\/butylone\/\" \/>\n<meta property=\"og:site_name\" content=\"Global Meds Inc\" \/>\n<meta property=\"article:modified_time\" content=\"2024-02-19T10:56:24+00:00\" \/>\n<meta property=\"og:image\" content=\"https:\/\/globalmedsonlineinc.com\/de\/content\/media\/uploads\/sites\/2\/2021\/07\/Buy-Butylone-powder.jpg\" \/>\n\t<meta property=\"og:image:width\" content=\"1200\" \/>\n\t<meta property=\"og:image:height\" content=\"1200\" \/>\n\t<meta property=\"og:image:type\" content=\"image\/jpeg\" \/>\n<meta name=\"twitter:card\" content=\"summary_large_image\" \/>\n<meta name=\"twitter:label1\" content=\"Gesch\u00e4tzte Lesezeit\" \/>\n\t<meta name=\"twitter:data1\" content=\"3\u00a0Minuten\" \/>\n<script type=\"application\/ld+json\" class=\"yoast-schema-graph\">{\"@context\":\"https:\/\/schema.org\",\"@graph\":[{\"@type\":\"WebPage\",\"@id\":\"https:\/\/globalmedsonlineinc.com\/de\/product\/research-chemicals\/butylone\/\",\"url\":\"https:\/\/globalmedsonlineinc.com\/de\/product\/research-chemicals\/butylone\/\",\"name\":\"Butylonpulver zum Online-Verkauf - Global Meds Inc.\",\"isPartOf\":{\"@id\":\"https:\/\/globalmedsonlineinc.com\/de\/#website\"},\"primaryImageOfPage\":{\"@id\":\"https:\/\/globalmedsonlineinc.com\/de\/product\/research-chemicals\/butylone\/#primaryimage\"},\"image\":{\"@id\":\"https:\/\/globalmedsonlineinc.com\/de\/product\/research-chemicals\/butylone\/#primaryimage\"},\"thumbnailUrl\":\"https:\/\/globalmedsonlineinc.com\/de\/content\/media\/uploads\/sites\/2\/2021\/07\/Buy-Butylone-powder.jpg\",\"datePublished\":\"2021-07-02T22:17:23+00:00\",\"dateModified\":\"2024-02-19T10:56:24+00:00\",\"description\":\"Butylonpulver zum Online-Verkauf. Wir verkaufen Butylonpulver bester Qualit\u00e4t. F\u00fcr weitere Informationen und Preise kontaktieren Sie uns bitte.\",\"breadcrumb\":{\"@id\":\"https:\/\/globalmedsonlineinc.com\/de\/product\/research-chemicals\/butylone\/#breadcrumb\"},\"inLanguage\":\"de\",\"potentialAction\":[{\"@type\":\"ReadAction\",\"target\":[\"https:\/\/globalmedsonlineinc.com\/de\/product\/research-chemicals\/butylone\/\"]}]},{\"@type\":\"ImageObject\",\"inLanguage\":\"de\",\"@id\":\"https:\/\/globalmedsonlineinc.com\/de\/product\/research-chemicals\/butylone\/#primaryimage\",\"url\":\"https:\/\/globalmedsonlineinc.com\/de\/content\/media\/uploads\/sites\/2\/2021\/07\/Buy-Butylone-powder.jpg\",\"contentUrl\":\"https:\/\/globalmedsonlineinc.com\/de\/content\/media\/uploads\/sites\/2\/2021\/07\/Buy-Butylone-powder.jpg\",\"width\":1200,\"height\":1200,\"caption\":\"Butylonpulver zum Online-Verkauf\"},{\"@type\":\"BreadcrumbList\",\"@id\":\"https:\/\/globalmedsonlineinc.com\/de\/product\/research-chemicals\/butylone\/#breadcrumb\",\"itemListElement\":[{\"@type\":\"ListItem\",\"position\":1,\"name\":\"Home\",\"item\":\"https:\/\/globalmedsonlineinc.com\/de\/\"},{\"@type\":\"ListItem\",\"position\":2,\"name\":\"Produkte\",\"item\":\"https:\/\/globalmedsonlineinc.com\/de\/produkte\/\"},{\"@type\":\"ListItem\",\"position\":3,\"name\":\"Kaufen Sie Butylon online\"}]},{\"@type\":\"WebSite\",\"@id\":\"https:\/\/globalmedsonlineinc.com\/de\/#website\",\"url\":\"https:\/\/globalmedsonlineinc.com\/de\/\",\"name\":\"Global Meds Inc\",\"description\":\"\",\"potentialAction\":[{\"@type\":\"SearchAction\",\"target\":{\"@type\":\"EntryPoint\",\"urlTemplate\":\"https:\/\/globalmedsonlineinc.com\/de\/?s={search_term_string}\"},\"query-input\":{\"@type\":\"PropertyValueSpecification\",\"valueRequired\":true,\"valueName\":\"search_term_string\"}}],\"inLanguage\":\"de\"}]}<\/script>\n<!-- \/ Yoast SEO plugin. -->","yoast_head_json":{"title":"Butylonpulver zum Online-Verkauf - Global Meds Inc.","description":"Butylonpulver zum Online-Verkauf. Wir verkaufen Butylonpulver bester Qualit\u00e4t. F\u00fcr weitere Informationen und Preise kontaktieren Sie uns bitte.","robots":{"index":"index","follow":"follow","max-snippet":"max-snippet:-1","max-image-preview":"max-image-preview:large","max-video-preview":"max-video-preview:-1"},"canonical":"https:\/\/globalmedsonlineinc.com\/de\/product\/research-chemicals\/butylone\/","og_locale":"de_DE","og_type":"article","og_title":"Butylonpulver zum Online-Verkauf - Global Meds Inc.","og_description":"Butylonpulver zum Online-Verkauf. Wir verkaufen Butylonpulver bester Qualit\u00e4t. F\u00fcr weitere Informationen und Preise kontaktieren Sie uns bitte.","og_url":"https:\/\/globalmedsonlineinc.com\/de\/product\/research-chemicals\/butylone\/","og_site_name":"Global Meds Inc","article_modified_time":"2024-02-19T10:56:24+00:00","og_image":[{"width":1200,"height":1200,"url":"https:\/\/globalmedsonlineinc.com\/de\/content\/media\/uploads\/sites\/2\/2021\/07\/Buy-Butylone-powder.jpg","type":"image\/jpeg"}],"twitter_card":"summary_large_image","twitter_misc":{"Gesch\u00e4tzte Lesezeit":"3\u00a0Minuten"},"schema":{"@context":"https:\/\/schema.org","@graph":[{"@type":"WebPage","@id":"https:\/\/globalmedsonlineinc.com\/de\/product\/research-chemicals\/butylone\/","url":"https:\/\/globalmedsonlineinc.com\/de\/product\/research-chemicals\/butylone\/","name":"Butylonpulver zum Online-Verkauf - Global Meds Inc.","isPartOf":{"@id":"https:\/\/globalmedsonlineinc.com\/de\/#website"},"primaryImageOfPage":{"@id":"https:\/\/globalmedsonlineinc.com\/de\/product\/research-chemicals\/butylone\/#primaryimage"},"image":{"@id":"https:\/\/globalmedsonlineinc.com\/de\/product\/research-chemicals\/butylone\/#primaryimage"},"thumbnailUrl":"https:\/\/globalmedsonlineinc.com\/de\/content\/media\/uploads\/sites\/2\/2021\/07\/Buy-Butylone-powder.jpg","datePublished":"2021-07-02T22:17:23+00:00","dateModified":"2024-02-19T10:56:24+00:00","description":"Butylonpulver zum Online-Verkauf. Wir verkaufen Butylonpulver bester Qualit\u00e4t. F\u00fcr weitere Informationen und Preise kontaktieren Sie uns bitte.","breadcrumb":{"@id":"https:\/\/globalmedsonlineinc.com\/de\/product\/research-chemicals\/butylone\/#breadcrumb"},"inLanguage":"de","potentialAction":[{"@type":"ReadAction","target":["https:\/\/globalmedsonlineinc.com\/de\/product\/research-chemicals\/butylone\/"]}]},{"@type":"ImageObject","inLanguage":"de","@id":"https:\/\/globalmedsonlineinc.com\/de\/product\/research-chemicals\/butylone\/#primaryimage","url":"https:\/\/globalmedsonlineinc.com\/de\/content\/media\/uploads\/sites\/2\/2021\/07\/Buy-Butylone-powder.jpg","contentUrl":"https:\/\/globalmedsonlineinc.com\/de\/content\/media\/uploads\/sites\/2\/2021\/07\/Buy-Butylone-powder.jpg","width":1200,"height":1200,"caption":"Butylonpulver zum Online-Verkauf"},{"@type":"BreadcrumbList","@id":"https:\/\/globalmedsonlineinc.com\/de\/product\/research-chemicals\/butylone\/#breadcrumb","itemListElement":[{"@type":"ListItem","position":1,"name":"Home","item":"https:\/\/globalmedsonlineinc.com\/de\/"},{"@type":"ListItem","position":2,"name":"Produkte","item":"https:\/\/globalmedsonlineinc.com\/de\/produkte\/"},{"@type":"ListItem","position":3,"name":"Kaufen Sie Butylon online"}]},{"@type":"WebSite","@id":"https:\/\/globalmedsonlineinc.com\/de\/#website","url":"https:\/\/globalmedsonlineinc.com\/de\/","name":"Global Meds Inc","description":"","potentialAction":[{"@type":"SearchAction","target":{"@type":"EntryPoint","urlTemplate":"https:\/\/globalmedsonlineinc.com\/de\/?s={search_term_string}"},"query-input":{"@type":"PropertyValueSpecification","valueRequired":true,"valueName":"search_term_string"}}],"inLanguage":"de"}]}},"_links":{"self":[{"href":"https:\/\/globalmedsonlineinc.com\/de\/wp-json\/wp\/v2\/product\/9239","targetHints":{"allow":["GET"]}}],"collection":[{"href":"https:\/\/globalmedsonlineinc.com\/de\/wp-json\/wp\/v2\/product"}],"about":[{"href":"https:\/\/globalmedsonlineinc.com\/de\/wp-json\/wp\/v2\/types\/product"}],"replies":[{"embeddable":true,"href":"https:\/\/globalmedsonlineinc.com\/de\/wp-json\/wp\/v2\/comments?post=9239"}],"wp:featuredmedia":[{"embeddable":true,"href":"https:\/\/globalmedsonlineinc.com\/de\/wp-json\/wp\/v2\/media\/9246"}],"wp:attachment":[{"href":"https:\/\/globalmedsonlineinc.com\/de\/wp-json\/wp\/v2\/media?parent=9239"}],"wp:term":[{"taxonomy":"product_brand","embeddable":true,"href":"https:\/\/globalmedsonlineinc.com\/de\/wp-json\/wp\/v2\/product_brand?post=9239"},{"taxonomy":"product_cat","embeddable":true,"href":"https:\/\/globalmedsonlineinc.com\/de\/wp-json\/wp\/v2\/product_cat?post=9239"},{"taxonomy":"product_tag","embeddable":true,"href":"https:\/\/globalmedsonlineinc.com\/de\/wp-json\/wp\/v2\/product_tag?post=9239"}],"curies":[{"name":"wp","href":"https:\/\/api.w.org\/{rel}","templated":true}]}}