{"id":9223,"date":"2021-07-02T21:32:15","date_gmt":"2021-07-02T21:32:15","guid":{"rendered":"https:\/\/globalmedsonlineinc.com\/de\/?post_type=product&#038;p=9223"},"modified":"2024-02-19T11:04:50","modified_gmt":"2024-02-19T11:04:50","slug":"mdai","status":"publish","type":"product","link":"https:\/\/globalmedsonlineinc.com\/de\/product\/research-chemicals\/mdai\/","title":{"rendered":"Kaufen Sie MDAI online"},"content":{"rendered":"<h1><span class=\"VIiyi\" lang=\"de\"><span class=\"JLqJ4b ChMk0b\" data-language-for-alternatives=\"de\" data-language-to-translate-into=\"en\" data-phrase-index=\"0\">MDAI-Kristalle online zu verkaufen <\/span><\/span><\/h1>\n<p><a href=\"https:\/\/globalmedsonlineinc.com\/de\/product\/research-chemicals\/mdai\/\"><span class=\"VIiyi\" lang=\"de\"><span class=\"JLqJ4b ChMk0b\" data-language-for-alternatives=\"de\" data-language-to-translate-into=\"en\" data-phrase-index=\"0\">MDAI-Kristalle online zu verkaufen<\/span><\/span><\/a>. MDAI und alle anderen Phenethylamine, die auf dieser Seite verkauft werden, werden f\u00fcr Forschung und wissenschaftliche Anwendungen vorgeschlagen. Die Untersuchung synthetische namens MDA.I ist ein Architekt Droge mit m\u00f6glichen physiologischen und psychoaktiven Auswirkungen und hat die subatomare Gleichung C10H11NO2 &#8211; HCl. Die Gleichung Gewicht hat den Wert 213,7 g\/mol. Kaufen Sie MDAI im Internet.<\/p>\n<p>Diese Substanz ist wirklich neu, so dass die toxikologischen und physiologischen Eigenschaften von MDAI nicht bekannt sind.Phenethylamin Tochtergesellschaften, zum Beispiel, 5,6-Methylendioxy-2-aminoindan kann Energizer und entactogenic Eigenschaften haben. Kaufen Sie MDAI im Internet.<\/p>\n<p>6,7-Dihydro-5H-indeno[5,6-d]-1,3-dioxol-6-amin, Monohydrochlorid und alle \u00fcbrigen Sch\u00f6pfer Drogen verkauft auf dieser Website sind f\u00fcr die Forschung und messbare Anwendungen vorgeschlagen.<\/p>\n<p>Bewahren Sie dieses Phenethylamin bitte an einem k\u00fchlen und trockenen Ort auf. Die Sicherheit von Phenethylamin Verbindung MDA.I ist so lange wie 2 Jahre unter legitimen Bedingungen Kapazit\u00e4t. Kaufen Sie MDA.I im Internet.<\/p>\n<p>Warum kaufen Sie MDA.I von uns?<\/p>\n<p>\u2605 Wir haben eine lange Austauschgeschichte auf dem Markt, so dass Sie von unserer Erfahrung profitieren werden.<\/p>\n<p>\u2605 MDAI wurde getestet und gepr\u00fcft.<\/p>\n<p>\u2605 Sie k\u00f6nnen MDAI mit Bitcoin, MoneyGram und Western Union oder per Bank\u00fcberweisung kaufen.<\/p>\n<p>Was erhalten Sie, wenn Sie MDA.I bei uns kaufen?<\/p>\n<p>&#8211; Eine feste Alufolientasche, die 6,7-Dihydro-5H-indeno[5,6-d]-1,3-dioxol-6-amin, Monohydrochlorid Forschungssynthese von h\u00f6chster Qualit\u00e4t enth\u00e4lt<\/p>\n<p>&#8211; Rein glasartig starke Rezeptur<\/p>\n<p>&#8211; \u226598% Unbeflecktheit<\/p>\n<p>Wir bieten Eilservice zwischen 1-2 Tagen universell. Unsere Bef\u00f6rderungen sind 100% sorgf\u00e4ltig und express auf diese Weise sichert alle Kunden und B\u00fcndel f\u00fcr die Bef\u00f6rderung machen Gesch\u00e4ft konsequent ein Triumph.<\/p>\n<p>Gute Qualit\u00e4t von MDAI online: Es ist v\u00f6llig klar, dass <a href=\"https:\/\/en.wikipedia.org\/wiki\/MDAI#:~:text=MDAI%20(5%2C6-methylenedioxy,produces%20entactogen%20effects%20in%20humans.\">die<\/a> Leute der Qualit\u00e4t von online verkauften MDAI nicht schnell vertrauen, weil sie sie nicht physisch \u00fcberpr\u00fcfen k\u00f6nnen. Bei Online-MDAI-Online-Anbietern ist dies jedoch nicht dasselbe. Die Produkte hier entsprechen ihrer Beschreibung mit einer hochwertigen Wartung unter der Aufsicht von Experten.<\/p>\n<p>Schneller &amp; diskreter Versand: Die Lieferung des MDAIonline nach Eingang der Bestellung erfolgt innerhalb des zugesagten Zeitrahmens. Das Versandteam setzt alles daran, den Versand- und Liefervorgang reibungslos und schnell zu gestalten. Auch beim Online-Kauf von MDAI vom Profi auf der Online-Plattform k\u00f6nnen Sie einen exzellenten Service erwarten.<\/p>\n","protected":false},"excerpt":{"rendered":"<p>MDAI, das online verkauft wird, hat den vollst\u00e4ndigen IUPAC-Namen 6,7-Dihydro-5H-indeno[5,6-d]-1,3-dioxol-6-amin, Monohydrochlorid, das zu einer Klasse von Phenethylamin-Forschungschemikalien geh\u00f6rt.<br \/>\nMDAI k\u00f6nnte entaktogene und stimulierende Eigenschaften haben.<\/p>\n","protected":false},"featured_media":9230,"comment_status":"open","ping_status":"closed","template":"","meta":{"_acf_changed":false,"_monsterinsights_skip_tracking":false,"_monsterinsights_sitenote_active":false,"_monsterinsights_sitenote_note":"","_monsterinsights_sitenote_category":0},"product_brand":[],"product_cat":[53],"product_tag":[708,713,710,712,711,714,715,709],"class_list":{"0":"post-9223","1":"product","2":"type-product","3":"status-publish","4":"has-post-thumbnail","6":"product_cat-research-chemicals","7":"product_tag-kaufen-mdai-online","8":"product_tag-mdai-strassenwert","9":"product_tag-mdai-zum-verkauf","10":"product_tag-mdai-zum-verkauf-in-uebersee","11":"product_tag-mdai-zum-verkauf-ohne-rezept","12":"product_tag-um-mdai","13":"product_tag-um-mdai-online","14":"product_tag-wie-mdai-zu-bekommen","16":"first","17":"instock","18":"shipping-taxable","19":"purchasable","20":"product-type-variable","21":"has-default-attributes"},"acf":[],"yoast_head":"<!-- This site is optimized with the Yoast SEO plugin v27.2 - https:\/\/yoast.com\/product\/yoast-seo-wordpress\/ -->\n<title>MDAI-Kristalle online zu verkaufen | Global Meds Inc.<\/title>\n<meta name=\"description\" content=\"MDAI-Kristalle online zu verkaufen. Wir verkaufen MDAI-Kristalle bester Qualit\u00e4t. F\u00fcr weitere Informationen und Preise kontaktieren Sie uns bitte.\" \/>\n<meta name=\"robots\" content=\"index, follow, max-snippet:-1, max-image-preview:large, max-video-preview:-1\" \/>\n<link rel=\"canonical\" href=\"https:\/\/globalmedsonlineinc.com\/de\/product\/research-chemicals\/mdai\/\" \/>\n<meta property=\"og:locale\" content=\"de_DE\" \/>\n<meta property=\"og:type\" content=\"article\" \/>\n<meta property=\"og:title\" content=\"MDAI-Kristalle online zu verkaufen | Global Meds Inc.\" \/>\n<meta property=\"og:description\" content=\"MDAI-Kristalle online zu verkaufen. Wir verkaufen MDAI-Kristalle bester Qualit\u00e4t. F\u00fcr weitere Informationen und Preise kontaktieren Sie uns bitte.\" \/>\n<meta property=\"og:url\" content=\"https:\/\/globalmedsonlineinc.com\/de\/product\/research-chemicals\/mdai\/\" \/>\n<meta property=\"og:site_name\" content=\"Global Meds Inc\" \/>\n<meta property=\"article:modified_time\" content=\"2024-02-19T11:04:50+00:00\" \/>\n<meta property=\"og:image\" content=\"https:\/\/globalmedsonlineinc.com\/de\/content\/media\/uploads\/sites\/2\/2021\/07\/MDAI.jpg\" \/>\n\t<meta property=\"og:image:width\" content=\"1200\" \/>\n\t<meta property=\"og:image:height\" content=\"1200\" \/>\n\t<meta property=\"og:image:type\" content=\"image\/jpeg\" \/>\n<meta name=\"twitter:card\" content=\"summary_large_image\" \/>\n<meta name=\"twitter:label1\" content=\"Gesch\u00e4tzte Lesezeit\" \/>\n\t<meta name=\"twitter:data1\" content=\"2\u00a0Minuten\" \/>\n<script type=\"application\/ld+json\" class=\"yoast-schema-graph\">{\"@context\":\"https:\/\/schema.org\",\"@graph\":[{\"@type\":\"WebPage\",\"@id\":\"https:\/\/globalmedsonlineinc.com\/de\/product\/research-chemicals\/mdai\/\",\"url\":\"https:\/\/globalmedsonlineinc.com\/de\/product\/research-chemicals\/mdai\/\",\"name\":\"MDAI-Kristalle online zu verkaufen | Global Meds Inc.\",\"isPartOf\":{\"@id\":\"https:\/\/globalmedsonlineinc.com\/de\/#website\"},\"primaryImageOfPage\":{\"@id\":\"https:\/\/globalmedsonlineinc.com\/de\/product\/research-chemicals\/mdai\/#primaryimage\"},\"image\":{\"@id\":\"https:\/\/globalmedsonlineinc.com\/de\/product\/research-chemicals\/mdai\/#primaryimage\"},\"thumbnailUrl\":\"https:\/\/globalmedsonlineinc.com\/de\/content\/media\/uploads\/sites\/2\/2021\/07\/MDAI.jpg\",\"datePublished\":\"2021-07-02T21:32:15+00:00\",\"dateModified\":\"2024-02-19T11:04:50+00:00\",\"description\":\"MDAI-Kristalle online zu verkaufen. Wir verkaufen MDAI-Kristalle bester Qualit\u00e4t. F\u00fcr weitere Informationen und Preise kontaktieren Sie uns bitte.\",\"breadcrumb\":{\"@id\":\"https:\/\/globalmedsonlineinc.com\/de\/product\/research-chemicals\/mdai\/#breadcrumb\"},\"inLanguage\":\"de\",\"potentialAction\":[{\"@type\":\"ReadAction\",\"target\":[\"https:\/\/globalmedsonlineinc.com\/de\/product\/research-chemicals\/mdai\/\"]}]},{\"@type\":\"ImageObject\",\"inLanguage\":\"de\",\"@id\":\"https:\/\/globalmedsonlineinc.com\/de\/product\/research-chemicals\/mdai\/#primaryimage\",\"url\":\"https:\/\/globalmedsonlineinc.com\/de\/content\/media\/uploads\/sites\/2\/2021\/07\/MDAI.jpg\",\"contentUrl\":\"https:\/\/globalmedsonlineinc.com\/de\/content\/media\/uploads\/sites\/2\/2021\/07\/MDAI.jpg\",\"width\":1200,\"height\":1200,\"caption\":\"MDAI-Kristalle online zu verkaufen\"},{\"@type\":\"BreadcrumbList\",\"@id\":\"https:\/\/globalmedsonlineinc.com\/de\/product\/research-chemicals\/mdai\/#breadcrumb\",\"itemListElement\":[{\"@type\":\"ListItem\",\"position\":1,\"name\":\"Home\",\"item\":\"https:\/\/globalmedsonlineinc.com\/de\/\"},{\"@type\":\"ListItem\",\"position\":2,\"name\":\"Produkte\",\"item\":\"https:\/\/globalmedsonlineinc.com\/de\/produkte\/\"},{\"@type\":\"ListItem\",\"position\":3,\"name\":\"Kaufen Sie MDAI online\"}]},{\"@type\":\"WebSite\",\"@id\":\"https:\/\/globalmedsonlineinc.com\/de\/#website\",\"url\":\"https:\/\/globalmedsonlineinc.com\/de\/\",\"name\":\"Global Meds Inc\",\"description\":\"\",\"potentialAction\":[{\"@type\":\"SearchAction\",\"target\":{\"@type\":\"EntryPoint\",\"urlTemplate\":\"https:\/\/globalmedsonlineinc.com\/de\/?s={search_term_string}\"},\"query-input\":{\"@type\":\"PropertyValueSpecification\",\"valueRequired\":true,\"valueName\":\"search_term_string\"}}],\"inLanguage\":\"de\"}]}<\/script>\n<!-- \/ Yoast SEO plugin. -->","yoast_head_json":{"title":"MDAI-Kristalle online zu verkaufen | Global Meds Inc.","description":"MDAI-Kristalle online zu verkaufen. Wir verkaufen MDAI-Kristalle bester Qualit\u00e4t. F\u00fcr weitere Informationen und Preise kontaktieren Sie uns bitte.","robots":{"index":"index","follow":"follow","max-snippet":"max-snippet:-1","max-image-preview":"max-image-preview:large","max-video-preview":"max-video-preview:-1"},"canonical":"https:\/\/globalmedsonlineinc.com\/de\/product\/research-chemicals\/mdai\/","og_locale":"de_DE","og_type":"article","og_title":"MDAI-Kristalle online zu verkaufen | Global Meds Inc.","og_description":"MDAI-Kristalle online zu verkaufen. Wir verkaufen MDAI-Kristalle bester Qualit\u00e4t. F\u00fcr weitere Informationen und Preise kontaktieren Sie uns bitte.","og_url":"https:\/\/globalmedsonlineinc.com\/de\/product\/research-chemicals\/mdai\/","og_site_name":"Global Meds Inc","article_modified_time":"2024-02-19T11:04:50+00:00","og_image":[{"width":1200,"height":1200,"url":"https:\/\/globalmedsonlineinc.com\/de\/content\/media\/uploads\/sites\/2\/2021\/07\/MDAI.jpg","type":"image\/jpeg"}],"twitter_card":"summary_large_image","twitter_misc":{"Gesch\u00e4tzte Lesezeit":"2\u00a0Minuten"},"schema":{"@context":"https:\/\/schema.org","@graph":[{"@type":"WebPage","@id":"https:\/\/globalmedsonlineinc.com\/de\/product\/research-chemicals\/mdai\/","url":"https:\/\/globalmedsonlineinc.com\/de\/product\/research-chemicals\/mdai\/","name":"MDAI-Kristalle online zu verkaufen | Global Meds Inc.","isPartOf":{"@id":"https:\/\/globalmedsonlineinc.com\/de\/#website"},"primaryImageOfPage":{"@id":"https:\/\/globalmedsonlineinc.com\/de\/product\/research-chemicals\/mdai\/#primaryimage"},"image":{"@id":"https:\/\/globalmedsonlineinc.com\/de\/product\/research-chemicals\/mdai\/#primaryimage"},"thumbnailUrl":"https:\/\/globalmedsonlineinc.com\/de\/content\/media\/uploads\/sites\/2\/2021\/07\/MDAI.jpg","datePublished":"2021-07-02T21:32:15+00:00","dateModified":"2024-02-19T11:04:50+00:00","description":"MDAI-Kristalle online zu verkaufen. Wir verkaufen MDAI-Kristalle bester Qualit\u00e4t. F\u00fcr weitere Informationen und Preise kontaktieren Sie uns bitte.","breadcrumb":{"@id":"https:\/\/globalmedsonlineinc.com\/de\/product\/research-chemicals\/mdai\/#breadcrumb"},"inLanguage":"de","potentialAction":[{"@type":"ReadAction","target":["https:\/\/globalmedsonlineinc.com\/de\/product\/research-chemicals\/mdai\/"]}]},{"@type":"ImageObject","inLanguage":"de","@id":"https:\/\/globalmedsonlineinc.com\/de\/product\/research-chemicals\/mdai\/#primaryimage","url":"https:\/\/globalmedsonlineinc.com\/de\/content\/media\/uploads\/sites\/2\/2021\/07\/MDAI.jpg","contentUrl":"https:\/\/globalmedsonlineinc.com\/de\/content\/media\/uploads\/sites\/2\/2021\/07\/MDAI.jpg","width":1200,"height":1200,"caption":"MDAI-Kristalle online zu verkaufen"},{"@type":"BreadcrumbList","@id":"https:\/\/globalmedsonlineinc.com\/de\/product\/research-chemicals\/mdai\/#breadcrumb","itemListElement":[{"@type":"ListItem","position":1,"name":"Home","item":"https:\/\/globalmedsonlineinc.com\/de\/"},{"@type":"ListItem","position":2,"name":"Produkte","item":"https:\/\/globalmedsonlineinc.com\/de\/produkte\/"},{"@type":"ListItem","position":3,"name":"Kaufen Sie MDAI online"}]},{"@type":"WebSite","@id":"https:\/\/globalmedsonlineinc.com\/de\/#website","url":"https:\/\/globalmedsonlineinc.com\/de\/","name":"Global Meds Inc","description":"","potentialAction":[{"@type":"SearchAction","target":{"@type":"EntryPoint","urlTemplate":"https:\/\/globalmedsonlineinc.com\/de\/?s={search_term_string}"},"query-input":{"@type":"PropertyValueSpecification","valueRequired":true,"valueName":"search_term_string"}}],"inLanguage":"de"}]}},"_links":{"self":[{"href":"https:\/\/globalmedsonlineinc.com\/de\/wp-json\/wp\/v2\/product\/9223","targetHints":{"allow":["GET"]}}],"collection":[{"href":"https:\/\/globalmedsonlineinc.com\/de\/wp-json\/wp\/v2\/product"}],"about":[{"href":"https:\/\/globalmedsonlineinc.com\/de\/wp-json\/wp\/v2\/types\/product"}],"replies":[{"embeddable":true,"href":"https:\/\/globalmedsonlineinc.com\/de\/wp-json\/wp\/v2\/comments?post=9223"}],"wp:featuredmedia":[{"embeddable":true,"href":"https:\/\/globalmedsonlineinc.com\/de\/wp-json\/wp\/v2\/media\/9230"}],"wp:attachment":[{"href":"https:\/\/globalmedsonlineinc.com\/de\/wp-json\/wp\/v2\/media?parent=9223"}],"wp:term":[{"taxonomy":"product_brand","embeddable":true,"href":"https:\/\/globalmedsonlineinc.com\/de\/wp-json\/wp\/v2\/product_brand?post=9223"},{"taxonomy":"product_cat","embeddable":true,"href":"https:\/\/globalmedsonlineinc.com\/de\/wp-json\/wp\/v2\/product_cat?post=9223"},{"taxonomy":"product_tag","embeddable":true,"href":"https:\/\/globalmedsonlineinc.com\/de\/wp-json\/wp\/v2\/product_tag?post=9223"}],"curies":[{"name":"wp","href":"https:\/\/api.w.org\/{rel}","templated":true}]}}