{"id":9208,"date":"2021-07-02T21:05:42","date_gmt":"2021-07-02T21:05:42","guid":{"rendered":"https:\/\/globalmedsonlineinc.com\/de\/?post_type=product&#038;p=9208"},"modified":"2024-02-19T11:08:00","modified_gmt":"2024-02-19T11:08:00","slug":"jwh-250","status":"publish","type":"product","link":"https:\/\/globalmedsonlineinc.com\/de\/product\/research-chemicals\/jwh-250\/","title":{"rendered":"JWH-250 online kaufen"},"content":{"rendered":"<h1><span class=\"VIiyi\" lang=\"de\"><span class=\"JLqJ4b ChMk0b\" data-language-for-alternatives=\"de\" data-language-to-translate-into=\"en\" data-phrase-index=\"0\">JWH-250-Pulver online zu verkaufen <\/span><\/span><\/h1>\n<p><a href=\"https:\/\/globalmedsonlineinc.com\/de\/product\/research-chemicals\/jwh-250\/\"><span class=\"VIiyi\" lang=\"de\"><span class=\"JLqJ4b ChMk0b\" data-language-for-alternatives=\"de\" data-language-to-translate-into=\"en\" data-phrase-index=\"0\">JWH-250-Pulver online zu verkaufen <\/span><\/span><\/a>. JWH-250 ist ein hergestellter Cannabinoid-Rezeptor-Agonist, der in Artikeln seit dem letzten Teil der 2000er Jahre identifiziert wurde. Es wurde von Dr. John W. Huffman geschaffen und ein Bericht dar\u00fcber wurde 2005 von Huffman et al Purchase JWH-250 im Web verbreitet.<\/p>\n<p>Das Medikament ist ein Phenylacetylindol und es geht \u00fcber als Agonist an CB1 und CB2-Rezeptoren. Es hat eine Partialit\u00e4t von ~11 nM an CB1 und ~33 nM an CB2.<\/p>\n<p>Ein paar Jahre nachdem es zum ersten Mal in der Schrift erw\u00e4hnt wurde, kam JWH-250 auf den Markt, wobei die erste Identifizierung im Mai 2009 von der deutschen Polizei kam. Sie entdeckten das Medikament <a href=\"https:\/\/de.wikipedia.org\/wiki\/Cannabinoide#Synthetische_Cannabinoide\">in<\/a> einer nat\u00fcrlichen Mischung zum Rauchen. JWH-250 im Internet kaufen<\/p>\n<p>Es wurde ebenfalls in Pulvern und Kombinationen erkannt, die \u00fcber das Internet an Analysten in Japan verkauft wurden. Diese Exemplare enthielten 77-165 mg f\u00fcr jedes St\u00fcck.<\/p>\n<p>Aufgrund der Art und Weise, wie es verkauft wurde, sind mit ziemlicher Sicherheit Personen mit JWH-250 in Kontakt gekommen, ohne es zu erkennen.<\/p>\n<p>Molare Masse: 335,439 g\/mol<\/p>\n<p>ChEMBL Id: 188031<\/p>\n<p>ChemSpider ID: 23256117<\/p>\n<p>PubChem CID: 44397540<\/p>\n<p>Rezeptur: C22H25NO2<\/p>\n<p>Gute Qualit\u00e4t von JWH-250 online: Es ist v\u00f6llig klar, dass die Leute der Qualit\u00e4t von online verkauften JWH-250 nicht so schnell vertrauen, weil sie sie nicht physisch \u00fcberpr\u00fcfen k\u00f6nnen. Aber es ist nicht dasselbe mit Online JWH-250 Online-Anbietern. Die Produkte hier entsprechen ihrer Beschreibung mit einer hochwertigen Wartung unter der Aufsicht von Experten.<\/p>\n<p>Schneller &amp; diskreter Versand: Die Lieferung des JWH-250 online nach Eingang der Bestellung erfolgt innerhalb des zugesagten Zeitrahmens. Das Versandteam setzt alles daran, den Versand- und Liefervorgang reibungslos und schnell zu gestalten. Auch beim Online-Kauf von JWH-250 vom Profi auf der Online-Plattform k\u00f6nnen Sie einen exzellenten Service erwarten.<\/p>\n","protected":false},"excerpt":{"rendered":"<p>Kaufen Sie <a href=\"https:\/\/en.wikipedia.org\/wiki\/JWH-250\">JWH-250<\/a> im Internet. JWH-250 ist ein hergestellter Cannabinoid-Rezeptor-Agonist, der in Artikeln seit dem letzten Teil der 2000er Jahre identifiziert wurde. Es wurde von Dr. John W. Huffman erstellt und ein Bericht dar\u00fcber wurde 2005 von Huffman et al Purchase JWH-250 on the web verbreitet.<\/p>\n","protected":false},"featured_media":9213,"comment_status":"open","ping_status":"closed","template":"","meta":{"_acf_changed":false,"_monsterinsights_skip_tracking":false,"_monsterinsights_sitenote_active":false,"_monsterinsights_sitenote_note":"","_monsterinsights_sitenote_category":0},"product_brand":[],"product_cat":[53],"product_tag":[667,683,387,374,684,375,687,681,682,379,680,685,686,679,674,675,676,689,669,692,671,691,693,672,690,670,673,688,668,678,677],"class_list":{"0":"post-9208","1":"product","2":"type-product","3":"status-publish","4":"has-post-thumbnail","6":"product_cat-research-chemicals","7":"product_tag-beste-ort","8":"product_tag-jwh-250-anfrage","9":"product_tag-jwh-250-deal","10":"product_tag-jwh-250-drug-for-sale","11":"product_tag-jwh-250-duschsalze-verfuegbar-zu-kaufen","12":"product_tag-jwh-250-for-sale","13":"product_tag-jwh-250-grosshandel","14":"product_tag-jwh-250-kaufen","15":"product_tag-jwh-250-kaufseiten","16":"product_tag-jwh-250-medication-available-to-be-purchased","17":"product_tag-jwh-250-pflanzennahrung-zu-verkaufen","18":"product_tag-jwh-250-speichern","19":"product_tag-jwh-250-wo-zu-kaufen","20":"product_tag-jwh-250-zu-kaufen","21":"product_tag-kaufen-bescheiden-jwh-250-fuer-den-einsatz-pflanze","22":"product_tag-kaufen-bescheiden-jwh-250-online","23":"product_tag-kaufen-bescheiden-mephedron-online","24":"product_tag-kaufen-echte-jwh-250-gekauft-werden-koennen-seite","25":"product_tag-kaufen-jwh-250","26":"product_tag-kaufen-jwh-250-fuer-den-individuellen-gebrauch","27":"product_tag-kaufen-jwh-250-fuer-den-persoenlichen-gebrauch","28":"product_tag-kaufen-jwh-250-gekauft-werden-koennen","29":"product_tag-kaufen-jwh-250-im-web","30":"product_tag-kaufen-jwh-250-online","31":"product_tag-kaufen-jwh-250-zu-bescheidenen-wert","32":"product_tag-kaufen-jwh-250-zu-erschwinglichen-preisen","33":"product_tag-kaufen-legit-jwh-250-zum-verkauf-webseite","34":"product_tag-mjwh-250-anbieter","35":"product_tag-um-jwh-250-zu-kaufen","36":"product_tag-wie-kaufe-ich-bescheiden-jwh-250-weltweiter-versand","37":"product_tag-wie-kaufe-ich-billig-jwh-250-weltweiter-versand","39":"first","40":"instock","41":"sale","42":"shipping-taxable","43":"purchasable","44":"product-type-variable","45":"has-default-attributes"},"acf":[],"yoast_head":"<!-- This site is optimized with the Yoast SEO plugin v27.2 - https:\/\/yoast.com\/product\/yoast-seo-wordpress\/ -->\n<title>JWH-250-Pulver online zu verkaufen | Global Meds Inc.<\/title>\n<meta name=\"description\" content=\"JWH-250-Pulver online zu verkaufen. Wir verkaufen JWH-250-Pulver in bester Qualit\u00e4t. F\u00fcr weitere Informationen und Preise kontaktieren Sie uns bitte.\" \/>\n<meta name=\"robots\" content=\"index, follow, max-snippet:-1, max-image-preview:large, max-video-preview:-1\" \/>\n<link rel=\"canonical\" href=\"https:\/\/globalmedsonlineinc.com\/de\/product\/research-chemicals\/jwh-250\/\" \/>\n<meta property=\"og:locale\" content=\"de_DE\" \/>\n<meta property=\"og:type\" content=\"article\" \/>\n<meta property=\"og:title\" content=\"JWH-250-Pulver online zu verkaufen | Global Meds Inc.\" \/>\n<meta property=\"og:description\" content=\"JWH-250-Pulver online zu verkaufen. Wir verkaufen JWH-250-Pulver in bester Qualit\u00e4t. F\u00fcr weitere Informationen und Preise kontaktieren Sie uns bitte.\" \/>\n<meta property=\"og:url\" content=\"https:\/\/globalmedsonlineinc.com\/de\/product\/research-chemicals\/jwh-250\/\" \/>\n<meta property=\"og:site_name\" content=\"Global Meds Inc\" \/>\n<meta property=\"article:modified_time\" content=\"2024-02-19T11:08:00+00:00\" \/>\n<meta property=\"og:image\" content=\"https:\/\/globalmedsonlineinc.com\/de\/content\/media\/uploads\/sites\/2\/2021\/07\/jwh-250.jpg\" \/>\n\t<meta property=\"og:image:width\" content=\"1200\" \/>\n\t<meta property=\"og:image:height\" content=\"1200\" \/>\n\t<meta property=\"og:image:type\" content=\"image\/jpeg\" \/>\n<meta name=\"twitter:card\" content=\"summary_large_image\" \/>\n<meta name=\"twitter:label1\" content=\"Gesch\u00e4tzte Lesezeit\" \/>\n\t<meta name=\"twitter:data1\" content=\"2\u00a0Minuten\" \/>\n<script type=\"application\/ld+json\" class=\"yoast-schema-graph\">{\"@context\":\"https:\/\/schema.org\",\"@graph\":[{\"@type\":\"WebPage\",\"@id\":\"https:\/\/globalmedsonlineinc.com\/de\/product\/research-chemicals\/jwh-250\/\",\"url\":\"https:\/\/globalmedsonlineinc.com\/de\/product\/research-chemicals\/jwh-250\/\",\"name\":\"JWH-250-Pulver online zu verkaufen | Global Meds Inc.\",\"isPartOf\":{\"@id\":\"https:\/\/globalmedsonlineinc.com\/de\/#website\"},\"primaryImageOfPage\":{\"@id\":\"https:\/\/globalmedsonlineinc.com\/de\/product\/research-chemicals\/jwh-250\/#primaryimage\"},\"image\":{\"@id\":\"https:\/\/globalmedsonlineinc.com\/de\/product\/research-chemicals\/jwh-250\/#primaryimage\"},\"thumbnailUrl\":\"https:\/\/globalmedsonlineinc.com\/de\/content\/media\/uploads\/sites\/2\/2021\/07\/jwh-250.jpg\",\"datePublished\":\"2021-07-02T21:05:42+00:00\",\"dateModified\":\"2024-02-19T11:08:00+00:00\",\"description\":\"JWH-250-Pulver online zu verkaufen. Wir verkaufen JWH-250-Pulver in bester Qualit\u00e4t. F\u00fcr weitere Informationen und Preise kontaktieren Sie uns bitte.\",\"breadcrumb\":{\"@id\":\"https:\/\/globalmedsonlineinc.com\/de\/product\/research-chemicals\/jwh-250\/#breadcrumb\"},\"inLanguage\":\"de\",\"potentialAction\":[{\"@type\":\"ReadAction\",\"target\":[\"https:\/\/globalmedsonlineinc.com\/de\/product\/research-chemicals\/jwh-250\/\"]}]},{\"@type\":\"ImageObject\",\"inLanguage\":\"de\",\"@id\":\"https:\/\/globalmedsonlineinc.com\/de\/product\/research-chemicals\/jwh-250\/#primaryimage\",\"url\":\"https:\/\/globalmedsonlineinc.com\/de\/content\/media\/uploads\/sites\/2\/2021\/07\/jwh-250.jpg\",\"contentUrl\":\"https:\/\/globalmedsonlineinc.com\/de\/content\/media\/uploads\/sites\/2\/2021\/07\/jwh-250.jpg\",\"width\":1200,\"height\":1200,\"caption\":\"JWH-250-Pulver online zu verkaufen\"},{\"@type\":\"BreadcrumbList\",\"@id\":\"https:\/\/globalmedsonlineinc.com\/de\/product\/research-chemicals\/jwh-250\/#breadcrumb\",\"itemListElement\":[{\"@type\":\"ListItem\",\"position\":1,\"name\":\"Home\",\"item\":\"https:\/\/globalmedsonlineinc.com\/de\/\"},{\"@type\":\"ListItem\",\"position\":2,\"name\":\"Produkte\",\"item\":\"https:\/\/globalmedsonlineinc.com\/de\/produkte\/\"},{\"@type\":\"ListItem\",\"position\":3,\"name\":\"JWH-250 online kaufen\"}]},{\"@type\":\"WebSite\",\"@id\":\"https:\/\/globalmedsonlineinc.com\/de\/#website\",\"url\":\"https:\/\/globalmedsonlineinc.com\/de\/\",\"name\":\"Global Meds Inc\",\"description\":\"\",\"potentialAction\":[{\"@type\":\"SearchAction\",\"target\":{\"@type\":\"EntryPoint\",\"urlTemplate\":\"https:\/\/globalmedsonlineinc.com\/de\/?s={search_term_string}\"},\"query-input\":{\"@type\":\"PropertyValueSpecification\",\"valueRequired\":true,\"valueName\":\"search_term_string\"}}],\"inLanguage\":\"de\"}]}<\/script>\n<!-- \/ Yoast SEO plugin. -->","yoast_head_json":{"title":"JWH-250-Pulver online zu verkaufen | Global Meds Inc.","description":"JWH-250-Pulver online zu verkaufen. Wir verkaufen JWH-250-Pulver in bester Qualit\u00e4t. F\u00fcr weitere Informationen und Preise kontaktieren Sie uns bitte.","robots":{"index":"index","follow":"follow","max-snippet":"max-snippet:-1","max-image-preview":"max-image-preview:large","max-video-preview":"max-video-preview:-1"},"canonical":"https:\/\/globalmedsonlineinc.com\/de\/product\/research-chemicals\/jwh-250\/","og_locale":"de_DE","og_type":"article","og_title":"JWH-250-Pulver online zu verkaufen | Global Meds Inc.","og_description":"JWH-250-Pulver online zu verkaufen. Wir verkaufen JWH-250-Pulver in bester Qualit\u00e4t. F\u00fcr weitere Informationen und Preise kontaktieren Sie uns bitte.","og_url":"https:\/\/globalmedsonlineinc.com\/de\/product\/research-chemicals\/jwh-250\/","og_site_name":"Global Meds Inc","article_modified_time":"2024-02-19T11:08:00+00:00","og_image":[{"width":1200,"height":1200,"url":"https:\/\/globalmedsonlineinc.com\/de\/content\/media\/uploads\/sites\/2\/2021\/07\/jwh-250.jpg","type":"image\/jpeg"}],"twitter_card":"summary_large_image","twitter_misc":{"Gesch\u00e4tzte Lesezeit":"2\u00a0Minuten"},"schema":{"@context":"https:\/\/schema.org","@graph":[{"@type":"WebPage","@id":"https:\/\/globalmedsonlineinc.com\/de\/product\/research-chemicals\/jwh-250\/","url":"https:\/\/globalmedsonlineinc.com\/de\/product\/research-chemicals\/jwh-250\/","name":"JWH-250-Pulver online zu verkaufen | Global Meds Inc.","isPartOf":{"@id":"https:\/\/globalmedsonlineinc.com\/de\/#website"},"primaryImageOfPage":{"@id":"https:\/\/globalmedsonlineinc.com\/de\/product\/research-chemicals\/jwh-250\/#primaryimage"},"image":{"@id":"https:\/\/globalmedsonlineinc.com\/de\/product\/research-chemicals\/jwh-250\/#primaryimage"},"thumbnailUrl":"https:\/\/globalmedsonlineinc.com\/de\/content\/media\/uploads\/sites\/2\/2021\/07\/jwh-250.jpg","datePublished":"2021-07-02T21:05:42+00:00","dateModified":"2024-02-19T11:08:00+00:00","description":"JWH-250-Pulver online zu verkaufen. Wir verkaufen JWH-250-Pulver in bester Qualit\u00e4t. F\u00fcr weitere Informationen und Preise kontaktieren Sie uns bitte.","breadcrumb":{"@id":"https:\/\/globalmedsonlineinc.com\/de\/product\/research-chemicals\/jwh-250\/#breadcrumb"},"inLanguage":"de","potentialAction":[{"@type":"ReadAction","target":["https:\/\/globalmedsonlineinc.com\/de\/product\/research-chemicals\/jwh-250\/"]}]},{"@type":"ImageObject","inLanguage":"de","@id":"https:\/\/globalmedsonlineinc.com\/de\/product\/research-chemicals\/jwh-250\/#primaryimage","url":"https:\/\/globalmedsonlineinc.com\/de\/content\/media\/uploads\/sites\/2\/2021\/07\/jwh-250.jpg","contentUrl":"https:\/\/globalmedsonlineinc.com\/de\/content\/media\/uploads\/sites\/2\/2021\/07\/jwh-250.jpg","width":1200,"height":1200,"caption":"JWH-250-Pulver online zu verkaufen"},{"@type":"BreadcrumbList","@id":"https:\/\/globalmedsonlineinc.com\/de\/product\/research-chemicals\/jwh-250\/#breadcrumb","itemListElement":[{"@type":"ListItem","position":1,"name":"Home","item":"https:\/\/globalmedsonlineinc.com\/de\/"},{"@type":"ListItem","position":2,"name":"Produkte","item":"https:\/\/globalmedsonlineinc.com\/de\/produkte\/"},{"@type":"ListItem","position":3,"name":"JWH-250 online kaufen"}]},{"@type":"WebSite","@id":"https:\/\/globalmedsonlineinc.com\/de\/#website","url":"https:\/\/globalmedsonlineinc.com\/de\/","name":"Global Meds Inc","description":"","potentialAction":[{"@type":"SearchAction","target":{"@type":"EntryPoint","urlTemplate":"https:\/\/globalmedsonlineinc.com\/de\/?s={search_term_string}"},"query-input":{"@type":"PropertyValueSpecification","valueRequired":true,"valueName":"search_term_string"}}],"inLanguage":"de"}]}},"_links":{"self":[{"href":"https:\/\/globalmedsonlineinc.com\/de\/wp-json\/wp\/v2\/product\/9208","targetHints":{"allow":["GET"]}}],"collection":[{"href":"https:\/\/globalmedsonlineinc.com\/de\/wp-json\/wp\/v2\/product"}],"about":[{"href":"https:\/\/globalmedsonlineinc.com\/de\/wp-json\/wp\/v2\/types\/product"}],"replies":[{"embeddable":true,"href":"https:\/\/globalmedsonlineinc.com\/de\/wp-json\/wp\/v2\/comments?post=9208"}],"wp:featuredmedia":[{"embeddable":true,"href":"https:\/\/globalmedsonlineinc.com\/de\/wp-json\/wp\/v2\/media\/9213"}],"wp:attachment":[{"href":"https:\/\/globalmedsonlineinc.com\/de\/wp-json\/wp\/v2\/media?parent=9208"}],"wp:term":[{"taxonomy":"product_brand","embeddable":true,"href":"https:\/\/globalmedsonlineinc.com\/de\/wp-json\/wp\/v2\/product_brand?post=9208"},{"taxonomy":"product_cat","embeddable":true,"href":"https:\/\/globalmedsonlineinc.com\/de\/wp-json\/wp\/v2\/product_cat?post=9208"},{"taxonomy":"product_tag","embeddable":true,"href":"https:\/\/globalmedsonlineinc.com\/de\/wp-json\/wp\/v2\/product_tag?post=9208"}],"curies":[{"name":"wp","href":"https:\/\/api.w.org\/{rel}","templated":true}]}}