{"id":9188,"date":"2021-07-02T20:30:30","date_gmt":"2021-07-02T20:30:30","guid":{"rendered":"https:\/\/globalmedsonlineinc.com\/de\/?post_type=product&#038;p=9188"},"modified":"2024-02-19T11:13:54","modified_gmt":"2024-02-19T11:13:54","slug":"methylone","status":"publish","type":"product","link":"https:\/\/globalmedsonlineinc.com\/de\/product\/research-chemicals\/methylone\/","title":{"rendered":"Methylon online kaufen"},"content":{"rendered":"<h1><span class=\"VIiyi\" lang=\"de\"><span class=\"JLqJ4b ChMk0b C1N51c\" data-language-for-alternatives=\"de\" data-language-to-translate-into=\"en\" data-phrase-index=\"1\">Methylon-Kristall zum Verkauf online<\/span><\/span><\/h1>\n<p><a href=\"https:\/\/globalmedsonlineinc.com\/de\/product\/research-chemicals\/methylone\/\"><span class=\"VIiyi\" lang=\"de\"><span class=\"JLqJ4b ChMk0b C1N51c\" data-language-for-alternatives=\"de\" data-language-to-translate-into=\"en\" data-phrase-index=\"0\">Methylon-Kristall zum Verkauf online<\/span><\/span><\/a>. Kaufen Sie g\u00fcnstiges Methylon (Bk-MDMA) Online &#8211; Globales Medikament Wir bieten g\u00fcnstiges Bk-MDMA-Pulver und -Kristalle in Gro\u00dfbritannien an<\/p>\n<p>Methylon ist eine chemische Droge, die in ihrer Struktur dem MDMA sehr \u00e4hnlich ist und vergleichbare Wirkungen hat.<\/p>\n<p>Methylon ist ein Stimulans mit einer leichten halluzinogenen Wirkung. Weil es eine relativ neue Substanz ist, wird sie als Forschungschemikalie bezeichnet. Es wird empfohlen, Methylon mit Vorsicht zu genie\u00dfen: Aufgrund seiner kurzen Existenz wurde noch nicht viel geforscht und es ist nicht viel \u00fcber Langzeiteffekte oder Abh\u00e4ngigkeitsraten bekannt.<\/p>\n<p>Normalerweise wird es als Pulver angeboten, aber es sind auch Tabletten im Umlauf. Wie bei XTC k\u00f6nnen sich diese Tabletten in Gr\u00f6\u00dfe, Farbe und St\u00e4rke unterscheiden.<\/p>\n<p>Methylone kann bei First Trust Chemical in einer von drei Formen erworben werden: gro\u00dfe Kristalle (unser beliebtestes Produkt), feines pharmazeutisches Pulver oder kleine Kristalle. Bitte sehen Sie sich unsere Liste der anderen feinen Produkte an, die Ihnen jetzt zur Verf\u00fcgung stehen. First Trust Chemical ist Ihr Lieferant f\u00fcr hochwertige Produkte <a href=\"https:\/\/de.wikipedia.org\/wiki\/Methylon\">und<\/a> Sie k\u00f6nnen jetzt kaufen.<\/p>\n<h6>Ihr Konto wird mit Sorgfalt behandelt, um METHYLONE zu kaufen<\/h6>\n<p>Alle Verkaufsanfragen werden vertraulich behandelt. Wenn Sie ein Kunde werden, werden Ihre Kontoinformationen niemals weitergegeben oder verteilt. Es kann sein, dass wir Ihnen Fragen stellen, bevor wir mit dem von Ihnen gew\u00fcnschten Verkauf fortfahren, aber das ist zu Ihrer eigenen Sicherheit. First Trust Chemical m\u00f6chte f\u00fcr nichts anderes als hohe Qualit\u00e4t und Kundenzufriedenheit bekannt sein.<\/p>\n<p>Sobald Ihr Kauf von First Trust Chemical zum Kauf freigegeben ist. Ihre Lieferung ist garantiert. Wir werden nicht den Verkauf einer Bestellung versprechen, die wir nicht liefern k\u00f6nnen.<\/p>\n<p>Methylone ist eine chemische Droge, die in ihrer Struktur MDMA sehr \u00e4hnlich ist und vergleichbare Effekte hat. Es ist ein Stimulans mit einem milden halluzinogenen Effekt. Weil es eine relativ neue Substanz ist, wird sie als Forschungschemikalie bezeichnet. Es wird empfohlen, Methylon mit Vorsicht zu genie\u00dfen: aufgrund seiner kurzen Existenz wurde noch nicht viel geforscht und es ist nicht viel \u00fcber Langzeiteffekte oder Abh\u00e4ngigkeitsraten bekannt.<\/p>\n<p>Normalerweise wird es als Pulver angeboten, aber es sind auch Tabletten im Umlauf. Wie bei XTC k\u00f6nnen sich diese Tabletten in Gr\u00f6\u00dfe, Farbe und St\u00e4rke unterscheiden.<\/p>\n<p>Gute Qualit\u00e4t von Methylone online: Es ist v\u00f6llig klar, dass die Leute der Qualit\u00e4t von online verkauftem Methylone nicht schnell vertrauen, weil sie es nicht physisch \u00fcberpr\u00fcfen k\u00f6nnen. Bei Online-Methylone-Online-Anbietern ist dies jedoch nicht dasselbe. Die Produkte hier entsprechen ihrer Beschreibung mit einer hochwertigen Wartung unter der Aufsicht von Experten.<\/p>\n<p>Schneller und diskreter Versand: Die Lieferung des Methylone online nach Eingang der Bestellung erfolgt innerhalb des zugesagten Zeitrahmens. Das Versandteam setzt alles daran, den Versand- und Liefervorgang reibungslos und schnell zu gestalten. Auch beim Online-Kauf von Methylone vom Profi auf der Online-Plattform k\u00f6nnen Sie einen exzellenten Service erwarten.<\/p>\n","protected":false},"excerpt":{"rendered":"<p>Methylone ist ein Stimulans mit einer leichten halluzinogenen Wirkung. Weil es eine relativ neue Substanz ist, wird es als Forschungschemikalie bezeichnet. Es wird empfohlen, Methylon mit Vorsicht zu behandeln: Aufgrund seiner kurzen Existenz wurde noch nicht viel Forschung betrieben und es ist nicht viel \u00fcber Langzeiteffekte oder Abh\u00e4ngigkeitsraten bekannt.<\/p>\n","protected":false},"featured_media":9195,"comment_status":"open","ping_status":"closed","template":"","meta":{"_acf_changed":false,"_monsterinsights_skip_tracking":false,"_monsterinsights_sitenote_active":false,"_monsterinsights_sitenote_note":"","_monsterinsights_sitenote_category":0},"product_brand":[],"product_cat":[53],"product_tag":[653,650,350,652,651,654],"class_list":{"0":"post-9188","1":"product","2":"type-product","3":"status-publish","4":"has-post-thumbnail","6":"product_cat-research-chemicals","7":"product_tag-bestellen-sie-methylone-online","8":"product_tag-kaufen-sie-methylone-online","9":"product_tag-methylone","10":"product_tag-methylone-zum-verkauf","11":"product_tag-wie-kaufe-ich-methylone-online","12":"product_tag-wo-kaufen-sie-methylone-online","14":"first","15":"instock","16":"shipping-taxable","17":"purchasable","18":"product-type-variable","19":"has-default-attributes"},"acf":[],"yoast_head":"<!-- This site is optimized with the Yoast SEO plugin v27.2 - https:\/\/yoast.com\/product\/yoast-seo-wordpress\/ -->\n<title>Methylon-Kristall zum Verkauf online | Global Meds Inc.<\/title>\n<meta name=\"description\" content=\"Methylon-Kristall zum Verkauf online. Wir verkaufen Methylon-Kristalle bester Qualit\u00e4t. F\u00fcr weitere Informationen und Preise kontaktieren Sie uns bitte.\" \/>\n<meta name=\"robots\" content=\"index, follow, max-snippet:-1, max-image-preview:large, max-video-preview:-1\" \/>\n<link rel=\"canonical\" href=\"https:\/\/globalmedsonlineinc.com\/de\/product\/research-chemicals\/methylone\/\" \/>\n<meta property=\"og:locale\" content=\"de_DE\" \/>\n<meta property=\"og:type\" content=\"article\" \/>\n<meta property=\"og:title\" content=\"Methylon-Kristall zum Verkauf online | Global Meds Inc.\" \/>\n<meta property=\"og:description\" content=\"Methylon-Kristall zum Verkauf online. Wir verkaufen Methylon-Kristalle bester Qualit\u00e4t. F\u00fcr weitere Informationen und Preise kontaktieren Sie uns bitte.\" \/>\n<meta property=\"og:url\" content=\"https:\/\/globalmedsonlineinc.com\/de\/product\/research-chemicals\/methylone\/\" \/>\n<meta property=\"og:site_name\" content=\"Global Meds Inc\" \/>\n<meta property=\"article:modified_time\" content=\"2024-02-19T11:13:54+00:00\" \/>\n<meta property=\"og:image\" content=\"https:\/\/globalmedsonlineinc.com\/de\/content\/media\/uploads\/sites\/2\/2021\/07\/Buy-METHYLONE-CRYSTAL.jpg\" \/>\n\t<meta property=\"og:image:width\" content=\"1200\" \/>\n\t<meta property=\"og:image:height\" content=\"1200\" \/>\n\t<meta property=\"og:image:type\" content=\"image\/jpeg\" \/>\n<meta name=\"twitter:card\" content=\"summary_large_image\" \/>\n<meta name=\"twitter:label1\" content=\"Gesch\u00e4tzte Lesezeit\" \/>\n\t<meta name=\"twitter:data1\" content=\"3\u00a0Minuten\" \/>\n<script type=\"application\/ld+json\" class=\"yoast-schema-graph\">{\"@context\":\"https:\/\/schema.org\",\"@graph\":[{\"@type\":\"WebPage\",\"@id\":\"https:\/\/globalmedsonlineinc.com\/de\/product\/research-chemicals\/methylone\/\",\"url\":\"https:\/\/globalmedsonlineinc.com\/de\/product\/research-chemicals\/methylone\/\",\"name\":\"Methylon-Kristall zum Verkauf online | Global Meds Inc.\",\"isPartOf\":{\"@id\":\"https:\/\/globalmedsonlineinc.com\/de\/#website\"},\"primaryImageOfPage\":{\"@id\":\"https:\/\/globalmedsonlineinc.com\/de\/product\/research-chemicals\/methylone\/#primaryimage\"},\"image\":{\"@id\":\"https:\/\/globalmedsonlineinc.com\/de\/product\/research-chemicals\/methylone\/#primaryimage\"},\"thumbnailUrl\":\"https:\/\/globalmedsonlineinc.com\/de\/content\/media\/uploads\/sites\/2\/2021\/07\/Buy-METHYLONE-CRYSTAL.jpg\",\"datePublished\":\"2021-07-02T20:30:30+00:00\",\"dateModified\":\"2024-02-19T11:13:54+00:00\",\"description\":\"Methylon-Kristall zum Verkauf online. Wir verkaufen Methylon-Kristalle bester Qualit\u00e4t. F\u00fcr weitere Informationen und Preise kontaktieren Sie uns bitte.\",\"breadcrumb\":{\"@id\":\"https:\/\/globalmedsonlineinc.com\/de\/product\/research-chemicals\/methylone\/#breadcrumb\"},\"inLanguage\":\"de\",\"potentialAction\":[{\"@type\":\"ReadAction\",\"target\":[\"https:\/\/globalmedsonlineinc.com\/de\/product\/research-chemicals\/methylone\/\"]}]},{\"@type\":\"ImageObject\",\"inLanguage\":\"de\",\"@id\":\"https:\/\/globalmedsonlineinc.com\/de\/product\/research-chemicals\/methylone\/#primaryimage\",\"url\":\"https:\/\/globalmedsonlineinc.com\/de\/content\/media\/uploads\/sites\/2\/2021\/07\/Buy-METHYLONE-CRYSTAL.jpg\",\"contentUrl\":\"https:\/\/globalmedsonlineinc.com\/de\/content\/media\/uploads\/sites\/2\/2021\/07\/Buy-METHYLONE-CRYSTAL.jpg\",\"width\":1200,\"height\":1200,\"caption\":\"Methylon-Kristall zum Verkauf online\"},{\"@type\":\"BreadcrumbList\",\"@id\":\"https:\/\/globalmedsonlineinc.com\/de\/product\/research-chemicals\/methylone\/#breadcrumb\",\"itemListElement\":[{\"@type\":\"ListItem\",\"position\":1,\"name\":\"Home\",\"item\":\"https:\/\/globalmedsonlineinc.com\/de\/\"},{\"@type\":\"ListItem\",\"position\":2,\"name\":\"Produkte\",\"item\":\"https:\/\/globalmedsonlineinc.com\/de\/produkte\/\"},{\"@type\":\"ListItem\",\"position\":3,\"name\":\"Methylon online kaufen\"}]},{\"@type\":\"WebSite\",\"@id\":\"https:\/\/globalmedsonlineinc.com\/de\/#website\",\"url\":\"https:\/\/globalmedsonlineinc.com\/de\/\",\"name\":\"Global Meds Inc\",\"description\":\"\",\"potentialAction\":[{\"@type\":\"SearchAction\",\"target\":{\"@type\":\"EntryPoint\",\"urlTemplate\":\"https:\/\/globalmedsonlineinc.com\/de\/?s={search_term_string}\"},\"query-input\":{\"@type\":\"PropertyValueSpecification\",\"valueRequired\":true,\"valueName\":\"search_term_string\"}}],\"inLanguage\":\"de\"}]}<\/script>\n<!-- \/ Yoast SEO plugin. -->","yoast_head_json":{"title":"Methylon-Kristall zum Verkauf online | Global Meds Inc.","description":"Methylon-Kristall zum Verkauf online. Wir verkaufen Methylon-Kristalle bester Qualit\u00e4t. F\u00fcr weitere Informationen und Preise kontaktieren Sie uns bitte.","robots":{"index":"index","follow":"follow","max-snippet":"max-snippet:-1","max-image-preview":"max-image-preview:large","max-video-preview":"max-video-preview:-1"},"canonical":"https:\/\/globalmedsonlineinc.com\/de\/product\/research-chemicals\/methylone\/","og_locale":"de_DE","og_type":"article","og_title":"Methylon-Kristall zum Verkauf online | Global Meds Inc.","og_description":"Methylon-Kristall zum Verkauf online. Wir verkaufen Methylon-Kristalle bester Qualit\u00e4t. F\u00fcr weitere Informationen und Preise kontaktieren Sie uns bitte.","og_url":"https:\/\/globalmedsonlineinc.com\/de\/product\/research-chemicals\/methylone\/","og_site_name":"Global Meds Inc","article_modified_time":"2024-02-19T11:13:54+00:00","og_image":[{"width":1200,"height":1200,"url":"https:\/\/globalmedsonlineinc.com\/de\/content\/media\/uploads\/sites\/2\/2021\/07\/Buy-METHYLONE-CRYSTAL.jpg","type":"image\/jpeg"}],"twitter_card":"summary_large_image","twitter_misc":{"Gesch\u00e4tzte Lesezeit":"3\u00a0Minuten"},"schema":{"@context":"https:\/\/schema.org","@graph":[{"@type":"WebPage","@id":"https:\/\/globalmedsonlineinc.com\/de\/product\/research-chemicals\/methylone\/","url":"https:\/\/globalmedsonlineinc.com\/de\/product\/research-chemicals\/methylone\/","name":"Methylon-Kristall zum Verkauf online | Global Meds Inc.","isPartOf":{"@id":"https:\/\/globalmedsonlineinc.com\/de\/#website"},"primaryImageOfPage":{"@id":"https:\/\/globalmedsonlineinc.com\/de\/product\/research-chemicals\/methylone\/#primaryimage"},"image":{"@id":"https:\/\/globalmedsonlineinc.com\/de\/product\/research-chemicals\/methylone\/#primaryimage"},"thumbnailUrl":"https:\/\/globalmedsonlineinc.com\/de\/content\/media\/uploads\/sites\/2\/2021\/07\/Buy-METHYLONE-CRYSTAL.jpg","datePublished":"2021-07-02T20:30:30+00:00","dateModified":"2024-02-19T11:13:54+00:00","description":"Methylon-Kristall zum Verkauf online. Wir verkaufen Methylon-Kristalle bester Qualit\u00e4t. F\u00fcr weitere Informationen und Preise kontaktieren Sie uns bitte.","breadcrumb":{"@id":"https:\/\/globalmedsonlineinc.com\/de\/product\/research-chemicals\/methylone\/#breadcrumb"},"inLanguage":"de","potentialAction":[{"@type":"ReadAction","target":["https:\/\/globalmedsonlineinc.com\/de\/product\/research-chemicals\/methylone\/"]}]},{"@type":"ImageObject","inLanguage":"de","@id":"https:\/\/globalmedsonlineinc.com\/de\/product\/research-chemicals\/methylone\/#primaryimage","url":"https:\/\/globalmedsonlineinc.com\/de\/content\/media\/uploads\/sites\/2\/2021\/07\/Buy-METHYLONE-CRYSTAL.jpg","contentUrl":"https:\/\/globalmedsonlineinc.com\/de\/content\/media\/uploads\/sites\/2\/2021\/07\/Buy-METHYLONE-CRYSTAL.jpg","width":1200,"height":1200,"caption":"Methylon-Kristall zum Verkauf online"},{"@type":"BreadcrumbList","@id":"https:\/\/globalmedsonlineinc.com\/de\/product\/research-chemicals\/methylone\/#breadcrumb","itemListElement":[{"@type":"ListItem","position":1,"name":"Home","item":"https:\/\/globalmedsonlineinc.com\/de\/"},{"@type":"ListItem","position":2,"name":"Produkte","item":"https:\/\/globalmedsonlineinc.com\/de\/produkte\/"},{"@type":"ListItem","position":3,"name":"Methylon online kaufen"}]},{"@type":"WebSite","@id":"https:\/\/globalmedsonlineinc.com\/de\/#website","url":"https:\/\/globalmedsonlineinc.com\/de\/","name":"Global Meds Inc","description":"","potentialAction":[{"@type":"SearchAction","target":{"@type":"EntryPoint","urlTemplate":"https:\/\/globalmedsonlineinc.com\/de\/?s={search_term_string}"},"query-input":{"@type":"PropertyValueSpecification","valueRequired":true,"valueName":"search_term_string"}}],"inLanguage":"de"}]}},"_links":{"self":[{"href":"https:\/\/globalmedsonlineinc.com\/de\/wp-json\/wp\/v2\/product\/9188","targetHints":{"allow":["GET"]}}],"collection":[{"href":"https:\/\/globalmedsonlineinc.com\/de\/wp-json\/wp\/v2\/product"}],"about":[{"href":"https:\/\/globalmedsonlineinc.com\/de\/wp-json\/wp\/v2\/types\/product"}],"replies":[{"embeddable":true,"href":"https:\/\/globalmedsonlineinc.com\/de\/wp-json\/wp\/v2\/comments?post=9188"}],"wp:featuredmedia":[{"embeddable":true,"href":"https:\/\/globalmedsonlineinc.com\/de\/wp-json\/wp\/v2\/media\/9195"}],"wp:attachment":[{"href":"https:\/\/globalmedsonlineinc.com\/de\/wp-json\/wp\/v2\/media?parent=9188"}],"wp:term":[{"taxonomy":"product_brand","embeddable":true,"href":"https:\/\/globalmedsonlineinc.com\/de\/wp-json\/wp\/v2\/product_brand?post=9188"},{"taxonomy":"product_cat","embeddable":true,"href":"https:\/\/globalmedsonlineinc.com\/de\/wp-json\/wp\/v2\/product_cat?post=9188"},{"taxonomy":"product_tag","embeddable":true,"href":"https:\/\/globalmedsonlineinc.com\/de\/wp-json\/wp\/v2\/product_tag?post=9188"}],"curies":[{"name":"wp","href":"https:\/\/api.w.org\/{rel}","templated":true}]}}