{"id":8978,"date":"2021-06-30T20:58:46","date_gmt":"2021-06-30T20:58:46","guid":{"rendered":"https:\/\/globalmedsonlineinc.com\/de\/?post_type=product&#038;p=8978"},"modified":"2021-10-06T22:53:35","modified_gmt":"2021-10-06T22:53:35","slug":"phenobarbital-phenobarbital-luminal-kaufen","status":"publish","type":"product","link":"https:\/\/globalmedsonlineinc.com\/de\/product\/nembutal-pentobarbital\/phenobarbital-phenobarbital-luminal-kaufen\/","title":{"rendered":"Phenobarbital (Phenobarbital) \/ Luminal kaufen"},"content":{"rendered":"<h1 class=\"tt\">Phenobarbital Luminal online kaufen<\/h1>\n<p><span class=\"VIiyi\" lang=\"de\"><span class=\"JLqJ4b ChMk0b C1N51c\" data-language-for-alternatives=\"de\" data-language-to-translate-into=\"en\" data-phrase-index=\"0\"><a href=\"https:\/\/globalmedsonlineinc.com\/de\/product\/nembutal-pentobarbital\/phenobarbital-phenobarbital-luminal-kaufen\/\">Phenobarbital Luminal online kaufen<\/a>. <\/span><\/span>Global Meds Inc Apotheke ist <a href=\"https:\/\/en.wikipedia.org\/wiki\/Phenobarbital\">eine<\/a> zuverl\u00e4ssige Apotheke, die Menschen in den Erhalt ihrer Medikamente und Drogen in einer bequemen Weise hilft. Wenn Sie bereit sind, zu kaufen Phenobarbital Luminal online, dann verpassen Sie keine Chance, besuchen Sie uns . Wir verkaufen dieses Medikament zu erschwinglichen Preisen hier.<\/p>\n<p>Unsere Online-Apotheke wurde konsequent bei der Bereitstellung von Kunden mit erstklassigen Qualit\u00e4t Medikamente. Alle Medikamente werden hier innerhalb der vorgegebenen Zeit an die Kunden geliefert. Wir unterhalten keine Verz\u00f6gerungen in unserer Arbeit und sind schnell mit jeder Verarbeitung. Wenn Sie auf der Suche nach einer -Apotheke wie uns sind, dann verbinden Sie sich mit uns heute und bestellen Sie Phenobarbital Luminal online zum besten Preis kaufen und bekommen es bald geliefert!<\/p>\n<h3 class=\"tt\">Wie k\u00f6nnen wir Ihnen helfen, Phenobarbital Luminal sicher zu verwenden?<\/h3>\n<p>Phenobarbital Luminal ist ein wirksames Medikament, das h\u00e4ufig verwendet wird, um bestimmte Arten von Anf\u00e4llen zu kontrollieren. Sie k\u00f6nnen dieses Medikament auch zur Behandlung von Angstzust\u00e4nden, Schlafst\u00f6rungen und anderen Problemen verwenden. Es ist sehr wichtig, dass Sie mit Ihrem Arzt sprechen, bevor Sie dieses Medikament verwenden. Sprechen Sie mit Ihrem Arzt f\u00fcr alle Details und dann starten Sie das Medikament auf Phenobarbital Luminal.<\/p>\n<p>Unsere Online-Apotheke gibt eine Medikation F\u00fchrer zusammen mit allen Produkten. Wir sind hier, um Ihnen zu helfen, Phenobarbital Luminal online auf eine einfache Weise zu kaufen. Erreichen Sie uns heute und nutzen Sie die Vorteile dieser Droge. Wir sind hier, um Sie mit konsequenter Unterst\u00fctzung zu dienen.<\/p>\n<p>Phenobarbital Luminal kaufen Phenobarbital Luminal zum Verkauf, wie man Phenobarbital Luminal herstellt, wie sieht Phenobarbital Luminal aus, Phenobarbital Luminal Stra\u00dfenpreis, Phenobarbital Luminal Preis, wo kann man Phenobarbital Luminal kaufen, reines Fentanyl Pulver, wo kann ich Phenobarbital Luminal Pulver online kaufen.<\/p>\n<p>Phenobarbital Luminal von guter Qualit\u00e4t online online: Es ist v\u00f6llig klar, dass die Leute der Qualit\u00e4t von online verkauftem Phenobarbital Luminal nicht so schnell vertrauen, weil sie es nicht physisch untersuchen k\u00f6nnen. Aber bei Online-Anbietern von Phenobarbital Luminal ist es nicht dasselbe. Die Produkte hier entsprechen ihrer Beschreibung mit einer hochwertigen Wartung unter der Aufsicht von Experten.<\/p>\n<p>Schneller &amp; diskreter Versand: Die Lieferung des Phenobarbital Luminal online nach Eingang der Bestellung erfolgt innerhalb des zugesagten Zeitrahmens. Das Versandteam setzt alles daran, den Versand- und Liefervorgang reibungslos und schnell zu gestalten. Auch beim Online-Kauf von Phenobarbital Luminal vom Profi auf der Online-Plattform k\u00f6nnen Sie exzellente Leistungen erwarten.<\/p>\n","protected":false},"excerpt":{"rendered":"<p><strong>Wo kann ich Phenobarbital Luminal zum besten Preis kaufen?<\/strong><\/p>\n<p>Sie k\u00f6nnen jetzt den Kauf f\u00fcr Phenobarbital Luminal bei Online Nembutal Apotheke machen. Ihre Bestellung f\u00fcr Phenobarbital Luminal zum Verkauf wird in k\u00fcrzester Zeit abgeschlossen werden. Alles, was Sie tun m\u00fcssen, ist uns einen Anruf, Text, oder E-Mail heute und erhalten Sie Ihre Medikamente bald geliefert. Jetzt verbinden!<\/p>\n","protected":false},"featured_media":8995,"comment_status":"open","ping_status":"closed","template":"","meta":{"_acf_changed":false,"_monsterinsights_skip_tracking":false,"_monsterinsights_sitenote_active":false,"_monsterinsights_sitenote_note":"","_monsterinsights_sitenote_category":0},"product_brand":[],"product_cat":[87],"product_tag":[],"class_list":{"0":"post-8978","1":"product","2":"type-product","3":"status-publish","4":"has-post-thumbnail","6":"product_cat-nembutal-pentobarbital","8":"first","9":"instock","10":"shipping-taxable","11":"purchasable","12":"product-type-variable","13":"has-default-attributes"},"acf":[],"yoast_head":"<!-- This site is optimized with the Yoast SEO plugin v27.2 - https:\/\/yoast.com\/product\/yoast-seo-wordpress\/ -->\n<title>Phenobarbital Luminal online kaufen | Global Meds Inc.<\/title>\n<meta name=\"description\" content=\"Phenobarbital Luminal online kaufen. Wenn Sie Phenobarbital Luminal online kaufen m\u00f6chten, dann sind Sie hier richtig, um Phenobarbital Luminal online zu kaufen.\" \/>\n<meta name=\"robots\" content=\"index, follow, max-snippet:-1, max-image-preview:large, max-video-preview:-1\" \/>\n<link rel=\"canonical\" href=\"https:\/\/globalmedsonlineinc.com\/de\/product\/nembutal-pentobarbital\/phenobarbital-phenobarbital-luminal-kaufen\/\" \/>\n<meta property=\"og:locale\" content=\"de_DE\" \/>\n<meta property=\"og:type\" content=\"article\" \/>\n<meta property=\"og:title\" content=\"Phenobarbital Luminal online kaufen | Global Meds Inc.\" \/>\n<meta property=\"og:description\" content=\"Phenobarbital Luminal online kaufen. Wenn Sie Phenobarbital Luminal online kaufen m\u00f6chten, dann sind Sie hier richtig, um Phenobarbital Luminal online zu kaufen.\" \/>\n<meta property=\"og:url\" content=\"https:\/\/globalmedsonlineinc.com\/de\/product\/nembutal-pentobarbital\/phenobarbital-phenobarbital-luminal-kaufen\/\" \/>\n<meta property=\"og:site_name\" content=\"Global Meds Inc\" \/>\n<meta property=\"article:modified_time\" content=\"2021-10-06T22:53:35+00:00\" \/>\n<meta property=\"og:image\" content=\"https:\/\/globalmedsonlineinc.com\/de\/content\/media\/uploads\/sites\/2\/2021\/06\/PhenobarbitalLuminal.jpg\" \/>\n\t<meta property=\"og:image:width\" content=\"600\" \/>\n\t<meta property=\"og:image:height\" content=\"600\" \/>\n\t<meta property=\"og:image:type\" content=\"image\/jpeg\" \/>\n<meta name=\"twitter:card\" content=\"summary_large_image\" \/>\n<meta name=\"twitter:label1\" content=\"Gesch\u00e4tzte Lesezeit\" \/>\n\t<meta name=\"twitter:data1\" content=\"2\u00a0Minuten\" \/>\n<script type=\"application\/ld+json\" class=\"yoast-schema-graph\">{\"@context\":\"https:\/\/schema.org\",\"@graph\":[{\"@type\":\"WebPage\",\"@id\":\"https:\/\/globalmedsonlineinc.com\/de\/product\/nembutal-pentobarbital\/phenobarbital-phenobarbital-luminal-kaufen\/\",\"url\":\"https:\/\/globalmedsonlineinc.com\/de\/product\/nembutal-pentobarbital\/phenobarbital-phenobarbital-luminal-kaufen\/\",\"name\":\"Phenobarbital Luminal online kaufen | Global Meds Inc.\",\"isPartOf\":{\"@id\":\"https:\/\/globalmedsonlineinc.com\/de\/#website\"},\"primaryImageOfPage\":{\"@id\":\"https:\/\/globalmedsonlineinc.com\/de\/product\/nembutal-pentobarbital\/phenobarbital-phenobarbital-luminal-kaufen\/#primaryimage\"},\"image\":{\"@id\":\"https:\/\/globalmedsonlineinc.com\/de\/product\/nembutal-pentobarbital\/phenobarbital-phenobarbital-luminal-kaufen\/#primaryimage\"},\"thumbnailUrl\":\"https:\/\/globalmedsonlineinc.com\/de\/content\/media\/uploads\/sites\/2\/2021\/06\/PhenobarbitalLuminal.jpg\",\"datePublished\":\"2021-06-30T20:58:46+00:00\",\"dateModified\":\"2021-10-06T22:53:35+00:00\",\"description\":\"Phenobarbital Luminal online kaufen. Wenn Sie Phenobarbital Luminal online kaufen m\u00f6chten, dann sind Sie hier richtig, um Phenobarbital Luminal online zu kaufen.\",\"breadcrumb\":{\"@id\":\"https:\/\/globalmedsonlineinc.com\/de\/product\/nembutal-pentobarbital\/phenobarbital-phenobarbital-luminal-kaufen\/#breadcrumb\"},\"inLanguage\":\"de\",\"potentialAction\":[{\"@type\":\"ReadAction\",\"target\":[\"https:\/\/globalmedsonlineinc.com\/de\/product\/nembutal-pentobarbital\/phenobarbital-phenobarbital-luminal-kaufen\/\"]}]},{\"@type\":\"ImageObject\",\"inLanguage\":\"de\",\"@id\":\"https:\/\/globalmedsonlineinc.com\/de\/product\/nembutal-pentobarbital\/phenobarbital-phenobarbital-luminal-kaufen\/#primaryimage\",\"url\":\"https:\/\/globalmedsonlineinc.com\/de\/content\/media\/uploads\/sites\/2\/2021\/06\/PhenobarbitalLuminal.jpg\",\"contentUrl\":\"https:\/\/globalmedsonlineinc.com\/de\/content\/media\/uploads\/sites\/2\/2021\/06\/PhenobarbitalLuminal.jpg\",\"width\":600,\"height\":600,\"caption\":\"Phenobarbital Luminal online kaufen\"},{\"@type\":\"BreadcrumbList\",\"@id\":\"https:\/\/globalmedsonlineinc.com\/de\/product\/nembutal-pentobarbital\/phenobarbital-phenobarbital-luminal-kaufen\/#breadcrumb\",\"itemListElement\":[{\"@type\":\"ListItem\",\"position\":1,\"name\":\"Home\",\"item\":\"https:\/\/globalmedsonlineinc.com\/de\/\"},{\"@type\":\"ListItem\",\"position\":2,\"name\":\"Produkte\",\"item\":\"https:\/\/globalmedsonlineinc.com\/de\/produkte\/\"},{\"@type\":\"ListItem\",\"position\":3,\"name\":\"Phenobarbital (Phenobarbital) \/ Luminal kaufen\"}]},{\"@type\":\"WebSite\",\"@id\":\"https:\/\/globalmedsonlineinc.com\/de\/#website\",\"url\":\"https:\/\/globalmedsonlineinc.com\/de\/\",\"name\":\"Global Meds Inc\",\"description\":\"\",\"potentialAction\":[{\"@type\":\"SearchAction\",\"target\":{\"@type\":\"EntryPoint\",\"urlTemplate\":\"https:\/\/globalmedsonlineinc.com\/de\/?s={search_term_string}\"},\"query-input\":{\"@type\":\"PropertyValueSpecification\",\"valueRequired\":true,\"valueName\":\"search_term_string\"}}],\"inLanguage\":\"de\"}]}<\/script>\n<!-- \/ Yoast SEO plugin. -->","yoast_head_json":{"title":"Phenobarbital Luminal online kaufen | Global Meds Inc.","description":"Phenobarbital Luminal online kaufen. Wenn Sie Phenobarbital Luminal online kaufen m\u00f6chten, dann sind Sie hier richtig, um Phenobarbital Luminal online zu kaufen.","robots":{"index":"index","follow":"follow","max-snippet":"max-snippet:-1","max-image-preview":"max-image-preview:large","max-video-preview":"max-video-preview:-1"},"canonical":"https:\/\/globalmedsonlineinc.com\/de\/product\/nembutal-pentobarbital\/phenobarbital-phenobarbital-luminal-kaufen\/","og_locale":"de_DE","og_type":"article","og_title":"Phenobarbital Luminal online kaufen | Global Meds Inc.","og_description":"Phenobarbital Luminal online kaufen. Wenn Sie Phenobarbital Luminal online kaufen m\u00f6chten, dann sind Sie hier richtig, um Phenobarbital Luminal online zu kaufen.","og_url":"https:\/\/globalmedsonlineinc.com\/de\/product\/nembutal-pentobarbital\/phenobarbital-phenobarbital-luminal-kaufen\/","og_site_name":"Global Meds Inc","article_modified_time":"2021-10-06T22:53:35+00:00","og_image":[{"width":600,"height":600,"url":"https:\/\/globalmedsonlineinc.com\/de\/content\/media\/uploads\/sites\/2\/2021\/06\/PhenobarbitalLuminal.jpg","type":"image\/jpeg"}],"twitter_card":"summary_large_image","twitter_misc":{"Gesch\u00e4tzte Lesezeit":"2\u00a0Minuten"},"schema":{"@context":"https:\/\/schema.org","@graph":[{"@type":"WebPage","@id":"https:\/\/globalmedsonlineinc.com\/de\/product\/nembutal-pentobarbital\/phenobarbital-phenobarbital-luminal-kaufen\/","url":"https:\/\/globalmedsonlineinc.com\/de\/product\/nembutal-pentobarbital\/phenobarbital-phenobarbital-luminal-kaufen\/","name":"Phenobarbital Luminal online kaufen | Global Meds Inc.","isPartOf":{"@id":"https:\/\/globalmedsonlineinc.com\/de\/#website"},"primaryImageOfPage":{"@id":"https:\/\/globalmedsonlineinc.com\/de\/product\/nembutal-pentobarbital\/phenobarbital-phenobarbital-luminal-kaufen\/#primaryimage"},"image":{"@id":"https:\/\/globalmedsonlineinc.com\/de\/product\/nembutal-pentobarbital\/phenobarbital-phenobarbital-luminal-kaufen\/#primaryimage"},"thumbnailUrl":"https:\/\/globalmedsonlineinc.com\/de\/content\/media\/uploads\/sites\/2\/2021\/06\/PhenobarbitalLuminal.jpg","datePublished":"2021-06-30T20:58:46+00:00","dateModified":"2021-10-06T22:53:35+00:00","description":"Phenobarbital Luminal online kaufen. Wenn Sie Phenobarbital Luminal online kaufen m\u00f6chten, dann sind Sie hier richtig, um Phenobarbital Luminal online zu kaufen.","breadcrumb":{"@id":"https:\/\/globalmedsonlineinc.com\/de\/product\/nembutal-pentobarbital\/phenobarbital-phenobarbital-luminal-kaufen\/#breadcrumb"},"inLanguage":"de","potentialAction":[{"@type":"ReadAction","target":["https:\/\/globalmedsonlineinc.com\/de\/product\/nembutal-pentobarbital\/phenobarbital-phenobarbital-luminal-kaufen\/"]}]},{"@type":"ImageObject","inLanguage":"de","@id":"https:\/\/globalmedsonlineinc.com\/de\/product\/nembutal-pentobarbital\/phenobarbital-phenobarbital-luminal-kaufen\/#primaryimage","url":"https:\/\/globalmedsonlineinc.com\/de\/content\/media\/uploads\/sites\/2\/2021\/06\/PhenobarbitalLuminal.jpg","contentUrl":"https:\/\/globalmedsonlineinc.com\/de\/content\/media\/uploads\/sites\/2\/2021\/06\/PhenobarbitalLuminal.jpg","width":600,"height":600,"caption":"Phenobarbital Luminal online kaufen"},{"@type":"BreadcrumbList","@id":"https:\/\/globalmedsonlineinc.com\/de\/product\/nembutal-pentobarbital\/phenobarbital-phenobarbital-luminal-kaufen\/#breadcrumb","itemListElement":[{"@type":"ListItem","position":1,"name":"Home","item":"https:\/\/globalmedsonlineinc.com\/de\/"},{"@type":"ListItem","position":2,"name":"Produkte","item":"https:\/\/globalmedsonlineinc.com\/de\/produkte\/"},{"@type":"ListItem","position":3,"name":"Phenobarbital (Phenobarbital) \/ Luminal kaufen"}]},{"@type":"WebSite","@id":"https:\/\/globalmedsonlineinc.com\/de\/#website","url":"https:\/\/globalmedsonlineinc.com\/de\/","name":"Global Meds Inc","description":"","potentialAction":[{"@type":"SearchAction","target":{"@type":"EntryPoint","urlTemplate":"https:\/\/globalmedsonlineinc.com\/de\/?s={search_term_string}"},"query-input":{"@type":"PropertyValueSpecification","valueRequired":true,"valueName":"search_term_string"}}],"inLanguage":"de"}]}},"_links":{"self":[{"href":"https:\/\/globalmedsonlineinc.com\/de\/wp-json\/wp\/v2\/product\/8978","targetHints":{"allow":["GET"]}}],"collection":[{"href":"https:\/\/globalmedsonlineinc.com\/de\/wp-json\/wp\/v2\/product"}],"about":[{"href":"https:\/\/globalmedsonlineinc.com\/de\/wp-json\/wp\/v2\/types\/product"}],"replies":[{"embeddable":true,"href":"https:\/\/globalmedsonlineinc.com\/de\/wp-json\/wp\/v2\/comments?post=8978"}],"wp:featuredmedia":[{"embeddable":true,"href":"https:\/\/globalmedsonlineinc.com\/de\/wp-json\/wp\/v2\/media\/8995"}],"wp:attachment":[{"href":"https:\/\/globalmedsonlineinc.com\/de\/wp-json\/wp\/v2\/media?parent=8978"}],"wp:term":[{"taxonomy":"product_brand","embeddable":true,"href":"https:\/\/globalmedsonlineinc.com\/de\/wp-json\/wp\/v2\/product_brand?post=8978"},{"taxonomy":"product_cat","embeddable":true,"href":"https:\/\/globalmedsonlineinc.com\/de\/wp-json\/wp\/v2\/product_cat?post=8978"},{"taxonomy":"product_tag","embeddable":true,"href":"https:\/\/globalmedsonlineinc.com\/de\/wp-json\/wp\/v2\/product_tag?post=8978"}],"curies":[{"name":"wp","href":"https:\/\/api.w.org\/{rel}","templated":true}]}}