{"id":8973,"date":"2021-06-30T20:56:09","date_gmt":"2021-06-30T20:56:09","guid":{"rendered":"https:\/\/globalmedsonlineinc.com\/de\/?post_type=product&#038;p=8973"},"modified":"2024-02-19T11:41:51","modified_gmt":"2024-02-19T11:41:51","slug":"seconal-natrium-kaufen","status":"publish","type":"product","link":"https:\/\/globalmedsonlineinc.com\/de\/product\/nembutal-pentobarbital\/seconal-natrium-kaufen\/","title":{"rendered":"Kaufen Sie Seconal Natrium online"},"content":{"rendered":"<h1 class=\"lRu31\" dir=\"ltr\"><span class=\"HwtZe\" lang=\"de\"><span class=\"jCAhz ChMk0b\"><span class=\"ryNqvb\">Seconal-Natrium zum Online-Verkauf<\/span><\/span><\/span><\/h1>\n<p><a href=\"https:\/\/globalmedsonlineinc.com\/de\/product\/nembutal-pentobarbital\/seconal-natrium-kaufen\/\"><span class=\"VIiyi\" lang=\"de\"><span class=\"JLqJ4b ChMk0b\" data-language-for-alternatives=\"de\" data-language-to-translate-into=\"en\" data-phrase-index=\"0\">Seconal Natrium zum Verkauf online<\/span><\/span><\/a>. Online-Apotheke Nembutal ist jetzt verf\u00fcgbar mit Seconal Natrium zu den besten Preisen. Wenn Sie Seconal Natrium online kaufen wollen, dann treffen Sie Ihre Anforderungen an unsere Online-Apotheke heute und erhalten sie innerhalb einer kurzen Zeitspanne erreicht. Alles, was Sie tun m\u00fcssen, ist Seconal Natrium zu bestellen und unsere Teammitglieder werden es f\u00fcr Sie vorbereiten und verpacken, gefolgt von rechtzeitiger Lieferung. Wir sind eine professionelle und zuverl\u00e4ssige Apotheke, die seit Jahrzehnten konsequent in dieser Branche t\u00e4tig ist. Sie k\u00f6nnen sich auf uns verlassen, wenn es darum geht, die beste Qualit\u00e4t von Medikamenten zu bekommen und das auch noch innerhalb der genannten Zeitspanne.<\/p>\n<h6 class=\"tt\">Was kann Seconal Natrium Ihnen bieten? Warum w\u00e4hlen Sie uns, um es zu kaufen?<\/h6>\n<p>Seconal Sodium wird verwendet, um Sie kurz vor der Operation zu beruhigen. Seconal Natrium hat einen Platz bei einer Klasse von Medikamenten, die als Barbiturat-Hypnotika bekannt sind. Es wirkt durch die Beeinflussung bestimmter Teile des Gehirns, um Sie zu beruhigen. \u00c4ltere Erwachsene sollten \u00fcber die Risiken und Vorteile dieses Medikaments mit ihrem <a href=\"https:\/\/de.wikipedia.org\/wiki\/Secobarbital\">Arzt<\/a> oder Arzneimittelspezialisten sprechen, genau wie andere starke und m\u00f6glicherweise sicherere Behandlungen. Lesen Sie die Packungsbeilage, die Ihnen unsere Online-Apotheke zusammen mit dem Produkt zur Verf\u00fcgung stellt, bevor Sie mit der Einnahme von Seconal-Natrium beginnen und jedes Mal, wenn Sie eine Nachf\u00fcllpackung erhalten. Wenn Sie Fragen haben, wenden Sie sich an Ihren Arzt oder Arzneimittelspezialisten. Nehmen Sie dieses Medikament auf n\u00fcchternen Magen nach Absprache mit Ihrem Arzt vor der Operation ein.<\/p>\n<p><strong>Seconal-Natrium wird ausschlie\u00dflich f\u00fcr die folgenden Bedingungen verwendet:<\/strong><\/p>\n<ul>\n<li>zus\u00e4tzliche Lokalan\u00e4sthesie<\/li>\n<li>zus\u00e4tzliches Mittel zur Einleitung einer Allgemeinan\u00e4sthesie<\/li>\n<\/ul>\n<p>Seconal Natrium Secobarbital zum Verkauf bei Online Nembutal Apotheke und wir werden das gleiche an Ihrem bevorzugten Standort so schnell wie m\u00f6glich liefern. Erlauben Sie uns, Sie in der besten Art und Weise zu dienen wir konnten. Sie k\u00f6nnen sich ganz auf unsere Online Nembutal Apotheke verlassen und das Beste von uns erwarten. Wir sind immer f\u00fcr unsere wichtigen Kunden bei der Erf\u00fcllung ihrer Bed\u00fcrfnisse und Anforderungen zur Verf\u00fcgung. Kontaktieren Sie uns sofort!<\/p>\n<p>Seconal Sodium von guter Qualit\u00e4t online: Es ist v\u00f6llig klar, dass die Leute der Qualit\u00e4t von online verkauftem Seconal Sodium nicht so schnell vertrauen, weil sie es nicht physisch untersuchen k\u00f6nnen. Bei den Online-Anbietern von Online Seconal Sodium ist dies jedoch nicht dasselbe. Die Produkte hier entsprechen ihrer Beschreibung mit einer hochwertigen Wartung unter der Aufsicht von Experten.<\/p>\n<p>Schneller &amp; diskreter Versand: Die Lieferung des Seconal Sodiums online nach Eingang der Bestellung erfolgt innerhalb des zugesagten Zeitrahmens. Das Versandteam setzt alles daran, den Versand- und Liefervorgang reibungslos und schnell zu gestalten. Auch beim Online-Kauf von Seconal Sodium vom Profi auf der Online-Plattform k\u00f6nnen Sie einen exzellenten Service erwarten.<\/p>\n","protected":false},"excerpt":{"rendered":"<p><strong>Get In Touch With Online Nembutal Pharmacy<\/strong><\/p>\n<p>Online Nembutal Pharmacy ist f\u00fcr alle Menschen weltweit verf\u00fcgbar. Sie k\u00f6nnen uns jederzeit und \u00fcberall erreichen. Wir reagieren immer innerhalb weniger Augenblicke auf unsere Kunden und helfen ihnen bei ihren Fragen. Sobald wir die Bestelldaten von Ihnen erhalten haben, beginnen wir im n\u00e4chsten Moment mit dem Verpacken derselben. Wir stellen sicher, dass alle Medikamente erreichen unsere Kunden in sicheren und ordnungsgem\u00e4\u00dfen Verpackung, ohne besch\u00e4digt zu werden.mit uns, m\u00fcssen Sie nicht entweder \u00fcber die Qualit\u00e4t der Medikamente oder den Lieferstatus zu k\u00fcmmern. Wir sind anwesend, um alle Verantwortungen zu \u00fcbernehmen. Sie werden nur das Beste f\u00fcr Ihre Gesundheit von hier erhalten. Sie k\u00f6nnen einen Anruf, E-Mail oder Text zu uns geben. Kaufen Sie Seconal Natrium Secobarbital 100mg heute und erhalten Sie es in einem kurzen Zeitraum von Online Nembutal Apotheke geliefert.<\/p>\n","protected":false},"featured_media":8994,"comment_status":"closed","ping_status":"closed","template":"","meta":{"_acf_changed":false,"_monsterinsights_skip_tracking":false,"_monsterinsights_sitenote_active":false,"_monsterinsights_sitenote_note":"","_monsterinsights_sitenote_category":0},"product_brand":[],"product_cat":[87],"product_tag":[],"class_list":{"0":"post-8973","1":"product","2":"type-product","3":"status-publish","4":"has-post-thumbnail","6":"product_cat-nembutal-pentobarbital","8":"first","9":"instock","10":"shipping-taxable","11":"purchasable","12":"product-type-variable","13":"has-default-attributes"},"acf":[],"yoast_head":"<!-- This site is optimized with the Yoast SEO plugin v27.2 - https:\/\/yoast.com\/product\/yoast-seo-wordpress\/ -->\n<title>Seconal Natrium zum Verkauf online - Global Meds Inc.<\/title>\n<meta name=\"description\" content=\"Seconal Natrium zum Verkauf online. Wir verkaufen Seconal-Natrium in bester Qualit\u00e4t. F\u00fcr weitere Informationen und Preise kontaktieren Sie uns bitte.\" \/>\n<meta name=\"robots\" content=\"index, follow, max-snippet:-1, max-image-preview:large, max-video-preview:-1\" \/>\n<link rel=\"canonical\" href=\"https:\/\/globalmedsonlineinc.com\/de\/product\/nembutal-pentobarbital\/seconal-natrium-kaufen\/\" \/>\n<meta property=\"og:locale\" content=\"de_DE\" \/>\n<meta property=\"og:type\" content=\"article\" \/>\n<meta property=\"og:title\" content=\"Seconal Natrium zum Verkauf online - Global Meds Inc.\" \/>\n<meta property=\"og:description\" content=\"Seconal Natrium zum Verkauf online. Wir verkaufen Seconal-Natrium in bester Qualit\u00e4t. F\u00fcr weitere Informationen und Preise kontaktieren Sie uns bitte.\" \/>\n<meta property=\"og:url\" content=\"https:\/\/globalmedsonlineinc.com\/de\/product\/nembutal-pentobarbital\/seconal-natrium-kaufen\/\" \/>\n<meta property=\"og:site_name\" content=\"Global Meds Inc\" \/>\n<meta property=\"article:modified_time\" content=\"2024-02-19T11:41:51+00:00\" \/>\n<meta property=\"og:image\" content=\"https:\/\/globalmedsonlineinc.com\/de\/content\/media\/uploads\/sites\/2\/2021\/06\/seconal-sodium.jpg\" \/>\n\t<meta property=\"og:image:width\" content=\"600\" \/>\n\t<meta property=\"og:image:height\" content=\"600\" \/>\n\t<meta property=\"og:image:type\" content=\"image\/jpeg\" \/>\n<meta name=\"twitter:card\" content=\"summary_large_image\" \/>\n<meta name=\"twitter:label1\" content=\"Gesch\u00e4tzte Lesezeit\" \/>\n\t<meta name=\"twitter:data1\" content=\"3\u00a0Minuten\" \/>\n<script type=\"application\/ld+json\" class=\"yoast-schema-graph\">{\"@context\":\"https:\/\/schema.org\",\"@graph\":[{\"@type\":\"WebPage\",\"@id\":\"https:\/\/globalmedsonlineinc.com\/de\/product\/nembutal-pentobarbital\/seconal-natrium-kaufen\/\",\"url\":\"https:\/\/globalmedsonlineinc.com\/de\/product\/nembutal-pentobarbital\/seconal-natrium-kaufen\/\",\"name\":\"Seconal Natrium zum Verkauf online - Global Meds Inc.\",\"isPartOf\":{\"@id\":\"https:\/\/globalmedsonlineinc.com\/de\/#website\"},\"primaryImageOfPage\":{\"@id\":\"https:\/\/globalmedsonlineinc.com\/de\/product\/nembutal-pentobarbital\/seconal-natrium-kaufen\/#primaryimage\"},\"image\":{\"@id\":\"https:\/\/globalmedsonlineinc.com\/de\/product\/nembutal-pentobarbital\/seconal-natrium-kaufen\/#primaryimage\"},\"thumbnailUrl\":\"https:\/\/globalmedsonlineinc.com\/de\/content\/media\/uploads\/sites\/2\/2021\/06\/seconal-sodium.jpg\",\"datePublished\":\"2021-06-30T20:56:09+00:00\",\"dateModified\":\"2024-02-19T11:41:51+00:00\",\"description\":\"Seconal Natrium zum Verkauf online. Wir verkaufen Seconal-Natrium in bester Qualit\u00e4t. F\u00fcr weitere Informationen und Preise kontaktieren Sie uns bitte.\",\"breadcrumb\":{\"@id\":\"https:\/\/globalmedsonlineinc.com\/de\/product\/nembutal-pentobarbital\/seconal-natrium-kaufen\/#breadcrumb\"},\"inLanguage\":\"de\",\"potentialAction\":[{\"@type\":\"ReadAction\",\"target\":[\"https:\/\/globalmedsonlineinc.com\/de\/product\/nembutal-pentobarbital\/seconal-natrium-kaufen\/\"]}]},{\"@type\":\"ImageObject\",\"inLanguage\":\"de\",\"@id\":\"https:\/\/globalmedsonlineinc.com\/de\/product\/nembutal-pentobarbital\/seconal-natrium-kaufen\/#primaryimage\",\"url\":\"https:\/\/globalmedsonlineinc.com\/de\/content\/media\/uploads\/sites\/2\/2021\/06\/seconal-sodium.jpg\",\"contentUrl\":\"https:\/\/globalmedsonlineinc.com\/de\/content\/media\/uploads\/sites\/2\/2021\/06\/seconal-sodium.jpg\",\"width\":600,\"height\":600,\"caption\":\"Seconal Natrium zum Verkauf online\"},{\"@type\":\"BreadcrumbList\",\"@id\":\"https:\/\/globalmedsonlineinc.com\/de\/product\/nembutal-pentobarbital\/seconal-natrium-kaufen\/#breadcrumb\",\"itemListElement\":[{\"@type\":\"ListItem\",\"position\":1,\"name\":\"Home\",\"item\":\"https:\/\/globalmedsonlineinc.com\/de\/\"},{\"@type\":\"ListItem\",\"position\":2,\"name\":\"Produkte\",\"item\":\"https:\/\/globalmedsonlineinc.com\/de\/produkte\/\"},{\"@type\":\"ListItem\",\"position\":3,\"name\":\"Kaufen Sie Seconal Natrium online\"}]},{\"@type\":\"WebSite\",\"@id\":\"https:\/\/globalmedsonlineinc.com\/de\/#website\",\"url\":\"https:\/\/globalmedsonlineinc.com\/de\/\",\"name\":\"Global Meds Inc\",\"description\":\"\",\"potentialAction\":[{\"@type\":\"SearchAction\",\"target\":{\"@type\":\"EntryPoint\",\"urlTemplate\":\"https:\/\/globalmedsonlineinc.com\/de\/?s={search_term_string}\"},\"query-input\":{\"@type\":\"PropertyValueSpecification\",\"valueRequired\":true,\"valueName\":\"search_term_string\"}}],\"inLanguage\":\"de\"}]}<\/script>\n<!-- \/ Yoast SEO plugin. -->","yoast_head_json":{"title":"Seconal Natrium zum Verkauf online - Global Meds Inc.","description":"Seconal Natrium zum Verkauf online. Wir verkaufen Seconal-Natrium in bester Qualit\u00e4t. F\u00fcr weitere Informationen und Preise kontaktieren Sie uns bitte.","robots":{"index":"index","follow":"follow","max-snippet":"max-snippet:-1","max-image-preview":"max-image-preview:large","max-video-preview":"max-video-preview:-1"},"canonical":"https:\/\/globalmedsonlineinc.com\/de\/product\/nembutal-pentobarbital\/seconal-natrium-kaufen\/","og_locale":"de_DE","og_type":"article","og_title":"Seconal Natrium zum Verkauf online - Global Meds Inc.","og_description":"Seconal Natrium zum Verkauf online. Wir verkaufen Seconal-Natrium in bester Qualit\u00e4t. F\u00fcr weitere Informationen und Preise kontaktieren Sie uns bitte.","og_url":"https:\/\/globalmedsonlineinc.com\/de\/product\/nembutal-pentobarbital\/seconal-natrium-kaufen\/","og_site_name":"Global Meds Inc","article_modified_time":"2024-02-19T11:41:51+00:00","og_image":[{"width":600,"height":600,"url":"https:\/\/globalmedsonlineinc.com\/de\/content\/media\/uploads\/sites\/2\/2021\/06\/seconal-sodium.jpg","type":"image\/jpeg"}],"twitter_card":"summary_large_image","twitter_misc":{"Gesch\u00e4tzte Lesezeit":"3\u00a0Minuten"},"schema":{"@context":"https:\/\/schema.org","@graph":[{"@type":"WebPage","@id":"https:\/\/globalmedsonlineinc.com\/de\/product\/nembutal-pentobarbital\/seconal-natrium-kaufen\/","url":"https:\/\/globalmedsonlineinc.com\/de\/product\/nembutal-pentobarbital\/seconal-natrium-kaufen\/","name":"Seconal Natrium zum Verkauf online - Global Meds Inc.","isPartOf":{"@id":"https:\/\/globalmedsonlineinc.com\/de\/#website"},"primaryImageOfPage":{"@id":"https:\/\/globalmedsonlineinc.com\/de\/product\/nembutal-pentobarbital\/seconal-natrium-kaufen\/#primaryimage"},"image":{"@id":"https:\/\/globalmedsonlineinc.com\/de\/product\/nembutal-pentobarbital\/seconal-natrium-kaufen\/#primaryimage"},"thumbnailUrl":"https:\/\/globalmedsonlineinc.com\/de\/content\/media\/uploads\/sites\/2\/2021\/06\/seconal-sodium.jpg","datePublished":"2021-06-30T20:56:09+00:00","dateModified":"2024-02-19T11:41:51+00:00","description":"Seconal Natrium zum Verkauf online. Wir verkaufen Seconal-Natrium in bester Qualit\u00e4t. F\u00fcr weitere Informationen und Preise kontaktieren Sie uns bitte.","breadcrumb":{"@id":"https:\/\/globalmedsonlineinc.com\/de\/product\/nembutal-pentobarbital\/seconal-natrium-kaufen\/#breadcrumb"},"inLanguage":"de","potentialAction":[{"@type":"ReadAction","target":["https:\/\/globalmedsonlineinc.com\/de\/product\/nembutal-pentobarbital\/seconal-natrium-kaufen\/"]}]},{"@type":"ImageObject","inLanguage":"de","@id":"https:\/\/globalmedsonlineinc.com\/de\/product\/nembutal-pentobarbital\/seconal-natrium-kaufen\/#primaryimage","url":"https:\/\/globalmedsonlineinc.com\/de\/content\/media\/uploads\/sites\/2\/2021\/06\/seconal-sodium.jpg","contentUrl":"https:\/\/globalmedsonlineinc.com\/de\/content\/media\/uploads\/sites\/2\/2021\/06\/seconal-sodium.jpg","width":600,"height":600,"caption":"Seconal Natrium zum Verkauf online"},{"@type":"BreadcrumbList","@id":"https:\/\/globalmedsonlineinc.com\/de\/product\/nembutal-pentobarbital\/seconal-natrium-kaufen\/#breadcrumb","itemListElement":[{"@type":"ListItem","position":1,"name":"Home","item":"https:\/\/globalmedsonlineinc.com\/de\/"},{"@type":"ListItem","position":2,"name":"Produkte","item":"https:\/\/globalmedsonlineinc.com\/de\/produkte\/"},{"@type":"ListItem","position":3,"name":"Kaufen Sie Seconal Natrium online"}]},{"@type":"WebSite","@id":"https:\/\/globalmedsonlineinc.com\/de\/#website","url":"https:\/\/globalmedsonlineinc.com\/de\/","name":"Global Meds Inc","description":"","potentialAction":[{"@type":"SearchAction","target":{"@type":"EntryPoint","urlTemplate":"https:\/\/globalmedsonlineinc.com\/de\/?s={search_term_string}"},"query-input":{"@type":"PropertyValueSpecification","valueRequired":true,"valueName":"search_term_string"}}],"inLanguage":"de"}]}},"_links":{"self":[{"href":"https:\/\/globalmedsonlineinc.com\/de\/wp-json\/wp\/v2\/product\/8973","targetHints":{"allow":["GET"]}}],"collection":[{"href":"https:\/\/globalmedsonlineinc.com\/de\/wp-json\/wp\/v2\/product"}],"about":[{"href":"https:\/\/globalmedsonlineinc.com\/de\/wp-json\/wp\/v2\/types\/product"}],"replies":[{"embeddable":true,"href":"https:\/\/globalmedsonlineinc.com\/de\/wp-json\/wp\/v2\/comments?post=8973"}],"wp:featuredmedia":[{"embeddable":true,"href":"https:\/\/globalmedsonlineinc.com\/de\/wp-json\/wp\/v2\/media\/8994"}],"wp:attachment":[{"href":"https:\/\/globalmedsonlineinc.com\/de\/wp-json\/wp\/v2\/media?parent=8973"}],"wp:term":[{"taxonomy":"product_brand","embeddable":true,"href":"https:\/\/globalmedsonlineinc.com\/de\/wp-json\/wp\/v2\/product_brand?post=8973"},{"taxonomy":"product_cat","embeddable":true,"href":"https:\/\/globalmedsonlineinc.com\/de\/wp-json\/wp\/v2\/product_cat?post=8973"},{"taxonomy":"product_tag","embeddable":true,"href":"https:\/\/globalmedsonlineinc.com\/de\/wp-json\/wp\/v2\/product_tag?post=8973"}],"curies":[{"name":"wp","href":"https:\/\/api.w.org\/{rel}","templated":true}]}}