{"id":8927,"date":"2021-06-30T20:43:54","date_gmt":"2021-06-30T20:43:54","guid":{"rendered":"https:\/\/globalmedsonlineinc.com\/de\/?post_type=product&#038;p=8927"},"modified":"2024-02-19T11:43:17","modified_gmt":"2024-02-19T11:43:17","slug":"kaufen-sie-pentobarbital-natrium-fluessigkeit-oral-online","status":"publish","type":"product","link":"https:\/\/globalmedsonlineinc.com\/de\/product\/nembutal-pentobarbital\/kaufen-sie-pentobarbital-natrium-fluessigkeit-oral-online\/","title":{"rendered":"Kaufen Sie Pentobarbital-Natrium (Fl\u00fcssigkeit) (Oral) Online"},"content":{"rendered":"<h1 class=\"tt\"><span class=\"VIiyi\" lang=\"de\"><span class=\"JLqJ4b ChMk0b\" data-language-for-alternatives=\"de\" data-language-to-translate-into=\"en\" data-phrase-index=\"0\">Pentobarbital Natrium orale fl\u00fcssige L\u00f6sung zum Verkauf online<\/span><\/span><\/h1>\n<p><span class=\"VIiyi\" lang=\"de\"><span class=\"JLqJ4b ChMk0b\" data-language-for-alternatives=\"de\" data-language-to-translate-into=\"en\" data-phrase-index=\"0\"><a href=\"https:\/\/globalmedsonlineinc.com\/de\/product\/nembutal-pentobarbital\/kaufen-sie-pentobarbital-natrium-fluessigkeit-oral-online\/\">Pentobarbital Natrium orale<\/a> fl\u00fcssige L\u00f6sung zum Verkauf online<\/span><\/span>. NEMBUTAL Natriuml\u00f6sung (Pentobarbital-Natrium-Injektion) ist eine sterile L\u00f6sung zur intraven\u00f6sen oder intramuskul\u00e4ren Injektion. Jeder mL enth\u00e4lt 50 mg Pentobarbital-Natrium in einem Vehikel aus Propylenglykol, 40 %, Alkohol, 10 % und Wasser f\u00fcr Injektionszwecke, auf Volumen. Der pH-Wert wird mit Salzs\u00e4ure und\/oder Natriumhydroxid auf etwa 9,5 eingestellt. Dieses Medikament ist f\u00fcr die Injektion in einen Muskel oder eine Vene. Kaufen Sie Pentobarbital-Natrium online, Pentobarbital f\u00fcr Euthanasie, Pentobarbital-Natrium-Gruppe, Pentobarbital-Natrium-Fl\u00fcssigkeit, Natrium-Pentobarbital f\u00fcr die Euthanasie von Tieren.<\/p>\n<p>Natrium Pentobarbital Kauf online ist jetzt m\u00f6glich bei Nembutal Gruppe. Sie k\u00f6nnen jetzt in Auftrag zu kaufen Pentobarbital Natrium Injektion und erhalten es an Ihre Adresse innerhalb der versprochenen Zeitrahmen geliefert. Kontaktieren Sie <a href=\"https:\/\/de.wikipedia.org\/wiki\/Pentobarbital\">uns<\/a> jetzt! Pentobarbital zur Euthanasie, Pentobarbital Natrium fl\u00fcssig, Natrium Pentobarbital zur Euthanasie von Tieren,<\/p>\n<p class=\"tt\"><strong>Was ist Pentobarbital und seine Anwendungen?<\/strong><\/p>\n<p>Pentobarbital ist ein Barbiturat, das als Depressivum oder Sedativum wirkt und kurzfristig zur Behandlung von Schlaflosigkeit eingesetzt wird. Pentobarbital wird auch als Notfall-Behandlung f\u00fcr Anf\u00e4lle verwendet, und um Patienten zum Einschlafen f\u00fcr die Operation zu bringen. Kaufen Sie Pentobarbital-Natrium online, Pentobarbital f\u00fcr Euthanasie, Natrium-Pentobarbital f\u00fcr die Euthanasie von Tieren.<\/p>\n<p>In hohen Dosen verursacht Pentobarbital den Tod durch Atemstillstand. Es wird f\u00fcr die tier\u00e4rztliche Euthanasie verwendet und wird von einigen US-Bundesstaaten und der US-Bundesregierung f\u00fcr Hinrichtungen von verurteilten Verbrechern verwendet. Pentobarbital-Natrium online kaufen<sup id=\"cite_ref-2\" class=\"reference\"><\/sup><\/p>\n<p>Pentobarbital kann zum Tod f\u00fchren, wenn es in hohen Dosen verwendet wird. Es wird f\u00fcr die Euthanasie f\u00fcr Menschen als auch f\u00fcr Tiere verwendet. Es wird auch allein oder in Kombination mit erg\u00e4nzenden Wirkstoffen wie Phenytoin in kommerziellen Euthanasie-Injektionsl\u00f6sungen f\u00fcr Tiere verwendet.<\/p>\n<p><strong>Pentobarbital zur Euthanasie<\/strong><\/p>\n<p>Pentobarbital (Nembutal) ist ein kurzwirksames Barbiturat-Sedativum-Hypnotikum, das in der tier\u00e4rztlichen Praxis h\u00e4ufig zur An\u00e4sthesie und Euthanasie eingesetzt wird. Es wird auch als Medikament f\u00fcr die Euthanasie oder den assistierten Suizid empfohlen, da es ein schnelles Einsetzen des Komas und die Wahrnehmung eines friedlichen Todes erm\u00f6glicht. Pentobarbital-Natrium online kaufen<\/p>\n<p><strong>Wie wird Pentobarbital-Natrium verabreicht?<\/strong><\/p>\n<div id=\"_joT9X9rQHMb1gQa08rz4CA32\" class=\"gy6Qzb oNjtBb V1sL5c\" aria-labelledby=\"_joT9X9rQHMb1gQa08rz4CA33\">\n<div>\n<div id=\"_joT9X9rQHMb1gQa08rz4CA34\" class=\"y8URue\" data-hveid=\"CBEQDA\" data-ved=\"2ahUKEwjaz5v_oZbuAhXGesAKHTQ5D48Qu04oAXoECBEQDA\">\n<div class=\"mod\" data-md=\"61\">\n<div class=\"LGOjhe\" role=\"heading\" data-attrid=\"wa:\/description\" data-hveid=\"CAsQAA\"><span class=\"ILfuVd NA6bn\"><span class=\"hgKElc\">Pentobarbital kann intraperitoneal oder intraven\u00f6s verabreicht werden. Bei Verwendung als Allgemeinan\u00e4sthetikum kann Pentobarbital als Bolus (Borkowski et al., 1990) oder CRI verabreicht werden. Kommerzielle L\u00f6sungen enthalten in der Regel Propylenglykol, das bei der Injektion Schmerzen und Thrombophlebitis verursachen kann. Pentobarbital-Natrium online kaufen<\/span><\/span><\/div>\n<\/div>\n<\/div>\n<\/div>\n<\/div>\n","protected":false},"excerpt":{"rendered":"<p>Pentobarbital-Natrium-Injektion ist eine sterile L\u00f6sung zur intraven\u00f6sen oder intramuskul\u00e4ren Injektion. Jeder mL enth\u00e4lt 50 mg Pentobarbital-Natrium in einem Vehikel aus Propylenglykol, 40 %, Alkohol, 10 % und Wasser f\u00fcr Injektionszwecke, auf Volumen. Der pH-Wert ist mit Salzs\u00e4ure und\/oder Natriumhydroxid auf ca. 9,5 eingestellt.<\/p>\n","protected":false},"featured_media":8969,"comment_status":"open","ping_status":"closed","template":"","meta":{"_acf_changed":false,"_monsterinsights_skip_tracking":false,"_monsterinsights_sitenote_active":false,"_monsterinsights_sitenote_note":"","_monsterinsights_sitenote_category":0},"product_brand":[],"product_cat":[87],"product_tag":[817,816,812,813,814,815,819,818,784,826,828,829,831,830,827,96,97,822,823,824,820,821,825,755,780,758,768,761,762,757,769,770,775,771,756,760,763,767,772,773,777,778,779,759,783,832,833,795,792,836,835,834,781],"class_list":{"0":"post-8927","1":"product","2":"type-product","3":"status-publish","4":"has-post-thumbnail","6":"product_cat-nembutal-pentobarbital","7":"product_tag-kann-ich-kaufen-pentobarbital","8":"product_tag-kaufen-natrium-pentobarbital-uk","9":"product_tag-kaufen-nembutal-pentobarbital-natrium","10":"product_tag-kaufen-pentobarbital-natrium","11":"product_tag-kaufen-pentobarbital-natrium-2021","12":"product_tag-kaufen-pentobarbital-natrium-pentobarbital-natriumsalz","13":"product_tag-koennen-sie-kaufen-natrium-pentobarbital","14":"product_tag-koennen-sie-kaufen-pentobarbital-natrium-ueber-den-ladentisch","15":"product_tag-natrium","16":"product_tag-natrium-pentobarbital-nembutal","17":"product_tag-natrium-pentobarbital-fuer-die-euthanasie-von-tieren","18":"product_tag-natrium-pentobarbital-fuer-euthanasie","19":"product_tag-natrium-pentobarbital-haltbarkeit","20":"product_tag-natrium-pentobarbital-hersteller","21":"product_tag-natrium-pentobarbital-kosten","22":"product_tag-nembutal","23":"product_tag-pentobarbital","24":"product_tag-pentobarbital-natrium-injektion-loesung","25":"product_tag-pentobarbital-natrium-rezeptpflichtig","26":"product_tag-pentobarbital-natrium-salz","27":"product_tag-pentobarbital-natrium-spritze-fuer-hunde","28":"product_tag-pentobarbital-natrium-spritze-fuer-menschen","29":"product_tag-pentobarbital-verwenden","30":"product_tag-pentobarbital-de-natrium-dosis-letale","31":"product_tag-pentobarbital-natrium","32":"product_tag-pentobarbital-natrium-china","33":"product_tag-pentobarbital-natrium-fluessig","34":"product_tag-pentobarbital-natrium-fuer-hunde","35":"product_tag-pentobarbital-natrium-fuer-menschen","36":"product_tag-pentobarbital-natrium-kaufen","37":"product_tag-pentobarbital-natrium-nz","38":"product_tag-pentobarbital-natrium-oral","39":"product_tag-pentobarbital-natrium-preis","40":"product_tag-pentobarbital-natrium-rezeptfrei","41":"product_tag-pentobarbital-natrium-anaesthesie","42":"product_tag-pentobarbital-natrium-dosierung","43":"product_tag-pentobarbital-natrium-gruppe","44":"product_tag-pentobarbital-natrium-injektion-usp","45":"product_tag-pentobarbital-natrium-pillen","46":"product_tag-pentobarbital-natrium-pulver","47":"product_tag-pentobarbital-natrium-schlaftabletten","48":"product_tag-pentobarbital-natrium-schlaftabletten-rezeptfrei","49":"product_tag-pentobarbital-natrium-tabletten","50":"product_tag-pentobarbital-natrium-tod","51":"product_tag-phenobarbital-natrium-intravenoes","52":"product_tag-wo-kann-ich-kaufen-nembutal-natrium-pentobarbital","53":"product_tag-wo-kann-ich-kaufen-pentobarbital-natrium-schlaftabletten","54":"product_tag-wo-kann-ich-kaufen-pentobarbital-natrium","55":"product_tag-wo-kann-ich-pentobarbital-natrium-kaufen","56":"product_tag-wo-kann-man-pentobarbital-natrium-bekommen","57":"product_tag-wo-kann-man-pentobarbital-natrium-fuer-hunde-kaufen","58":"product_tag-wo-kann-man-pentobarbital-natrium-kaufen","59":"product_tag-wo-zu-kaufen","61":"first","62":"instock","63":"shipping-taxable","64":"purchasable","65":"product-type-variable","66":"has-default-attributes"},"acf":[],"yoast_head":"<!-- This site is optimized with the Yoast SEO plugin v27.2 - https:\/\/yoast.com\/product\/yoast-seo-wordpress\/ -->\n<title>Pentobarbital Natrium orale fl\u00fcssige L\u00f6sung zum Verkauf online<\/title>\n<meta name=\"description\" content=\"Pentobarbital Natrium fl\u00fcssige L\u00f6sung zum Verkauf online. Wir verkaufen Pentobarbital-Natrium in bester Qualit\u00e4t. F\u00fcr weitere Informationen.\" \/>\n<meta name=\"robots\" content=\"index, follow, max-snippet:-1, max-image-preview:large, max-video-preview:-1\" \/>\n<link rel=\"canonical\" href=\"https:\/\/globalmedsonlineinc.com\/de\/product\/nembutal-pentobarbital\/kaufen-sie-pentobarbital-natrium-fluessigkeit-oral-online\/\" \/>\n<meta property=\"og:locale\" content=\"de_DE\" \/>\n<meta property=\"og:type\" content=\"article\" \/>\n<meta property=\"og:title\" content=\"Pentobarbital Natrium orale fl\u00fcssige L\u00f6sung zum Verkauf online\" \/>\n<meta property=\"og:description\" content=\"Pentobarbital Natrium fl\u00fcssige L\u00f6sung zum Verkauf online. Wir verkaufen Pentobarbital-Natrium in bester Qualit\u00e4t. F\u00fcr weitere Informationen.\" \/>\n<meta property=\"og:url\" content=\"https:\/\/globalmedsonlineinc.com\/de\/product\/nembutal-pentobarbital\/kaufen-sie-pentobarbital-natrium-fluessigkeit-oral-online\/\" \/>\n<meta property=\"og:site_name\" content=\"Global Meds Inc\" \/>\n<meta property=\"article:modified_time\" content=\"2024-02-19T11:43:17+00:00\" \/>\n<meta property=\"og:image\" content=\"https:\/\/globalmedsonlineinc.com\/de\/content\/media\/uploads\/sites\/2\/2021\/06\/Pentobarbital-sodium.jpg\" \/>\n\t<meta property=\"og:image:width\" content=\"600\" \/>\n\t<meta property=\"og:image:height\" content=\"600\" \/>\n\t<meta property=\"og:image:type\" content=\"image\/jpeg\" \/>\n<meta name=\"twitter:card\" content=\"summary_large_image\" \/>\n<meta name=\"twitter:label1\" content=\"Gesch\u00e4tzte Lesezeit\" \/>\n\t<meta name=\"twitter:data1\" content=\"3\u00a0Minuten\" \/>\n<script type=\"application\/ld+json\" class=\"yoast-schema-graph\">{\"@context\":\"https:\/\/schema.org\",\"@graph\":[{\"@type\":\"WebPage\",\"@id\":\"https:\/\/globalmedsonlineinc.com\/de\/product\/nembutal-pentobarbital\/kaufen-sie-pentobarbital-natrium-fluessigkeit-oral-online\/\",\"url\":\"https:\/\/globalmedsonlineinc.com\/de\/product\/nembutal-pentobarbital\/kaufen-sie-pentobarbital-natrium-fluessigkeit-oral-online\/\",\"name\":\"Pentobarbital Natrium orale fl\u00fcssige L\u00f6sung zum Verkauf online\",\"isPartOf\":{\"@id\":\"https:\/\/globalmedsonlineinc.com\/de\/#website\"},\"primaryImageOfPage\":{\"@id\":\"https:\/\/globalmedsonlineinc.com\/de\/product\/nembutal-pentobarbital\/kaufen-sie-pentobarbital-natrium-fluessigkeit-oral-online\/#primaryimage\"},\"image\":{\"@id\":\"https:\/\/globalmedsonlineinc.com\/de\/product\/nembutal-pentobarbital\/kaufen-sie-pentobarbital-natrium-fluessigkeit-oral-online\/#primaryimage\"},\"thumbnailUrl\":\"https:\/\/globalmedsonlineinc.com\/de\/content\/media\/uploads\/sites\/2\/2021\/06\/Pentobarbital-sodium.jpg\",\"datePublished\":\"2021-06-30T20:43:54+00:00\",\"dateModified\":\"2024-02-19T11:43:17+00:00\",\"description\":\"Pentobarbital Natrium fl\u00fcssige L\u00f6sung zum Verkauf online. Wir verkaufen Pentobarbital-Natrium in bester Qualit\u00e4t. F\u00fcr weitere Informationen.\",\"breadcrumb\":{\"@id\":\"https:\/\/globalmedsonlineinc.com\/de\/product\/nembutal-pentobarbital\/kaufen-sie-pentobarbital-natrium-fluessigkeit-oral-online\/#breadcrumb\"},\"inLanguage\":\"de\",\"potentialAction\":[{\"@type\":\"ReadAction\",\"target\":[\"https:\/\/globalmedsonlineinc.com\/de\/product\/nembutal-pentobarbital\/kaufen-sie-pentobarbital-natrium-fluessigkeit-oral-online\/\"]}]},{\"@type\":\"ImageObject\",\"inLanguage\":\"de\",\"@id\":\"https:\/\/globalmedsonlineinc.com\/de\/product\/nembutal-pentobarbital\/kaufen-sie-pentobarbital-natrium-fluessigkeit-oral-online\/#primaryimage\",\"url\":\"https:\/\/globalmedsonlineinc.com\/de\/content\/media\/uploads\/sites\/2\/2021\/06\/Pentobarbital-sodium.jpg\",\"contentUrl\":\"https:\/\/globalmedsonlineinc.com\/de\/content\/media\/uploads\/sites\/2\/2021\/06\/Pentobarbital-sodium.jpg\",\"width\":600,\"height\":600},{\"@type\":\"BreadcrumbList\",\"@id\":\"https:\/\/globalmedsonlineinc.com\/de\/product\/nembutal-pentobarbital\/kaufen-sie-pentobarbital-natrium-fluessigkeit-oral-online\/#breadcrumb\",\"itemListElement\":[{\"@type\":\"ListItem\",\"position\":1,\"name\":\"Home\",\"item\":\"https:\/\/globalmedsonlineinc.com\/de\/\"},{\"@type\":\"ListItem\",\"position\":2,\"name\":\"Produkte\",\"item\":\"https:\/\/globalmedsonlineinc.com\/de\/produkte\/\"},{\"@type\":\"ListItem\",\"position\":3,\"name\":\"Kaufen Sie Pentobarbital-Natrium (Fl\u00fcssigkeit) (Oral) Online\"}]},{\"@type\":\"WebSite\",\"@id\":\"https:\/\/globalmedsonlineinc.com\/de\/#website\",\"url\":\"https:\/\/globalmedsonlineinc.com\/de\/\",\"name\":\"Global Meds Inc\",\"description\":\"\",\"potentialAction\":[{\"@type\":\"SearchAction\",\"target\":{\"@type\":\"EntryPoint\",\"urlTemplate\":\"https:\/\/globalmedsonlineinc.com\/de\/?s={search_term_string}\"},\"query-input\":{\"@type\":\"PropertyValueSpecification\",\"valueRequired\":true,\"valueName\":\"search_term_string\"}}],\"inLanguage\":\"de\"}]}<\/script>\n<!-- \/ Yoast SEO plugin. -->","yoast_head_json":{"title":"Pentobarbital Natrium orale fl\u00fcssige L\u00f6sung zum Verkauf online","description":"Pentobarbital Natrium fl\u00fcssige L\u00f6sung zum Verkauf online. Wir verkaufen Pentobarbital-Natrium in bester Qualit\u00e4t. F\u00fcr weitere Informationen.","robots":{"index":"index","follow":"follow","max-snippet":"max-snippet:-1","max-image-preview":"max-image-preview:large","max-video-preview":"max-video-preview:-1"},"canonical":"https:\/\/globalmedsonlineinc.com\/de\/product\/nembutal-pentobarbital\/kaufen-sie-pentobarbital-natrium-fluessigkeit-oral-online\/","og_locale":"de_DE","og_type":"article","og_title":"Pentobarbital Natrium orale fl\u00fcssige L\u00f6sung zum Verkauf online","og_description":"Pentobarbital Natrium fl\u00fcssige L\u00f6sung zum Verkauf online. Wir verkaufen Pentobarbital-Natrium in bester Qualit\u00e4t. F\u00fcr weitere Informationen.","og_url":"https:\/\/globalmedsonlineinc.com\/de\/product\/nembutal-pentobarbital\/kaufen-sie-pentobarbital-natrium-fluessigkeit-oral-online\/","og_site_name":"Global Meds Inc","article_modified_time":"2024-02-19T11:43:17+00:00","og_image":[{"width":600,"height":600,"url":"https:\/\/globalmedsonlineinc.com\/de\/content\/media\/uploads\/sites\/2\/2021\/06\/Pentobarbital-sodium.jpg","type":"image\/jpeg"}],"twitter_card":"summary_large_image","twitter_misc":{"Gesch\u00e4tzte Lesezeit":"3\u00a0Minuten"},"schema":{"@context":"https:\/\/schema.org","@graph":[{"@type":"WebPage","@id":"https:\/\/globalmedsonlineinc.com\/de\/product\/nembutal-pentobarbital\/kaufen-sie-pentobarbital-natrium-fluessigkeit-oral-online\/","url":"https:\/\/globalmedsonlineinc.com\/de\/product\/nembutal-pentobarbital\/kaufen-sie-pentobarbital-natrium-fluessigkeit-oral-online\/","name":"Pentobarbital Natrium orale fl\u00fcssige L\u00f6sung zum Verkauf online","isPartOf":{"@id":"https:\/\/globalmedsonlineinc.com\/de\/#website"},"primaryImageOfPage":{"@id":"https:\/\/globalmedsonlineinc.com\/de\/product\/nembutal-pentobarbital\/kaufen-sie-pentobarbital-natrium-fluessigkeit-oral-online\/#primaryimage"},"image":{"@id":"https:\/\/globalmedsonlineinc.com\/de\/product\/nembutal-pentobarbital\/kaufen-sie-pentobarbital-natrium-fluessigkeit-oral-online\/#primaryimage"},"thumbnailUrl":"https:\/\/globalmedsonlineinc.com\/de\/content\/media\/uploads\/sites\/2\/2021\/06\/Pentobarbital-sodium.jpg","datePublished":"2021-06-30T20:43:54+00:00","dateModified":"2024-02-19T11:43:17+00:00","description":"Pentobarbital Natrium fl\u00fcssige L\u00f6sung zum Verkauf online. Wir verkaufen Pentobarbital-Natrium in bester Qualit\u00e4t. F\u00fcr weitere Informationen.","breadcrumb":{"@id":"https:\/\/globalmedsonlineinc.com\/de\/product\/nembutal-pentobarbital\/kaufen-sie-pentobarbital-natrium-fluessigkeit-oral-online\/#breadcrumb"},"inLanguage":"de","potentialAction":[{"@type":"ReadAction","target":["https:\/\/globalmedsonlineinc.com\/de\/product\/nembutal-pentobarbital\/kaufen-sie-pentobarbital-natrium-fluessigkeit-oral-online\/"]}]},{"@type":"ImageObject","inLanguage":"de","@id":"https:\/\/globalmedsonlineinc.com\/de\/product\/nembutal-pentobarbital\/kaufen-sie-pentobarbital-natrium-fluessigkeit-oral-online\/#primaryimage","url":"https:\/\/globalmedsonlineinc.com\/de\/content\/media\/uploads\/sites\/2\/2021\/06\/Pentobarbital-sodium.jpg","contentUrl":"https:\/\/globalmedsonlineinc.com\/de\/content\/media\/uploads\/sites\/2\/2021\/06\/Pentobarbital-sodium.jpg","width":600,"height":600},{"@type":"BreadcrumbList","@id":"https:\/\/globalmedsonlineinc.com\/de\/product\/nembutal-pentobarbital\/kaufen-sie-pentobarbital-natrium-fluessigkeit-oral-online\/#breadcrumb","itemListElement":[{"@type":"ListItem","position":1,"name":"Home","item":"https:\/\/globalmedsonlineinc.com\/de\/"},{"@type":"ListItem","position":2,"name":"Produkte","item":"https:\/\/globalmedsonlineinc.com\/de\/produkte\/"},{"@type":"ListItem","position":3,"name":"Kaufen Sie Pentobarbital-Natrium (Fl\u00fcssigkeit) (Oral) Online"}]},{"@type":"WebSite","@id":"https:\/\/globalmedsonlineinc.com\/de\/#website","url":"https:\/\/globalmedsonlineinc.com\/de\/","name":"Global Meds Inc","description":"","potentialAction":[{"@type":"SearchAction","target":{"@type":"EntryPoint","urlTemplate":"https:\/\/globalmedsonlineinc.com\/de\/?s={search_term_string}"},"query-input":{"@type":"PropertyValueSpecification","valueRequired":true,"valueName":"search_term_string"}}],"inLanguage":"de"}]}},"_links":{"self":[{"href":"https:\/\/globalmedsonlineinc.com\/de\/wp-json\/wp\/v2\/product\/8927","targetHints":{"allow":["GET"]}}],"collection":[{"href":"https:\/\/globalmedsonlineinc.com\/de\/wp-json\/wp\/v2\/product"}],"about":[{"href":"https:\/\/globalmedsonlineinc.com\/de\/wp-json\/wp\/v2\/types\/product"}],"replies":[{"embeddable":true,"href":"https:\/\/globalmedsonlineinc.com\/de\/wp-json\/wp\/v2\/comments?post=8927"}],"wp:featuredmedia":[{"embeddable":true,"href":"https:\/\/globalmedsonlineinc.com\/de\/wp-json\/wp\/v2\/media\/8969"}],"wp:attachment":[{"href":"https:\/\/globalmedsonlineinc.com\/de\/wp-json\/wp\/v2\/media?parent=8927"}],"wp:term":[{"taxonomy":"product_brand","embeddable":true,"href":"https:\/\/globalmedsonlineinc.com\/de\/wp-json\/wp\/v2\/product_brand?post=8927"},{"taxonomy":"product_cat","embeddable":true,"href":"https:\/\/globalmedsonlineinc.com\/de\/wp-json\/wp\/v2\/product_cat?post=8927"},{"taxonomy":"product_tag","embeddable":true,"href":"https:\/\/globalmedsonlineinc.com\/de\/wp-json\/wp\/v2\/product_tag?post=8927"}],"curies":[{"name":"wp","href":"https:\/\/api.w.org\/{rel}","templated":true}]}}