{"id":8924,"date":"2021-06-30T20:43:12","date_gmt":"2021-06-30T20:43:12","guid":{"rendered":"https:\/\/globalmedsonlineinc.com\/de\/?post_type=product&#038;p=8924"},"modified":"2024-02-19T11:46:35","modified_gmt":"2024-02-19T11:46:35","slug":"nembutal-kapseln-online-kaufen","status":"publish","type":"product","link":"https:\/\/globalmedsonlineinc.com\/de\/product\/nembutal-pentobarbital\/nembutal-kapseln-online-kaufen\/","title":{"rendered":"Kaufen Sie Nembutal-Kapseln online"},"content":{"rendered":"<h1 class=\"tt\"><span class=\"VIiyi\" lang=\"de\"><span class=\"JLqJ4b ChMk0b C1N51c\" data-language-for-alternatives=\"de\" data-language-to-translate-into=\"en\" data-phrase-index=\"0\">Nembutal-Kapseln zum Online-Verkauf <\/span><\/span><\/h1>\n<p><span class=\"VIiyi\" lang=\"de\"><span class=\"JLqJ4b ChMk0b C1N51c\" data-language-for-alternatives=\"de\" data-language-to-translate-into=\"en\" data-phrase-index=\"0\"><a href=\"https:\/\/globalmedsonlineinc.com\/de\/product\/nembutal-pentobarbital\/nembutal-kapseln-online-kaufen\/\">Nembutal-Kapseln zum Online-Verkauf<\/a> <\/span><\/span>. Sind Sie auf der Suche nach einer zuverl\u00e4ssigen und professionellen Online-Apotheke, die Ihnen helfen kann, Nembutal-Kapseln online zum besten Preis zu kaufen? Wenn ja, dann sind Sie definitiv an der richtigen Stelle. Wir sind eine anerkannte Online-Apotheke, bekannt unter dem Namen Online Nembutal Pharmacy. Als die besten Verk\u00e4ufer und Lieferanten im Online-Markt, haben wir eine Menge von treuen Kunden, <a href=\"https:\/\/de.wikipedia.org\/wiki\/Pentobarbital\">die<\/a> regelm\u00e4\u00dfig den Kauf f\u00fcr Nembutal-Kapseln aus unserer Online-Apotheke gewonnen.<\/p>\n<p>Auch wenn Sie Nembutal Kapseln zum ersten Mal von unserer Online-Apotheke kaufen, machen Sie sich keine Sorgen \u00fcber alles. Sie werden nur das Beste von hier bekommen. Wir sind immer hier, um Sie zu unterst\u00fctzen, um Nembutal Kapseln online in einer bequemen Weise zu kaufen. Wir folgen richtigen Industriestandards und versorgen unsere Kunden mit ihren Produkten in der gleichen Weise. Kein Kompromiss wird mit der Qualit\u00e4t, Verpackung oder Lieferung der Nembutal-Kapseln von unserer Online-Apotheke gemacht. Wenn Sie freuen sich auf den Kauf von Nembutal Kapseln, dann kontaktieren Sie uns heute und erhalten Sie Ihre Anforderungen in einem kurzen Zeitraum erf\u00fcllt.<\/p>\n<p class=\"tt\"><strong>Warum die Wahl der Online-Apotheke Nembutal ist die beste Entscheidung zu kaufen Nembutal Kapseln?<\/strong><\/p>\n<p>Wenn Sie wollen Nembutal Kapseln in einer pr\u00e4zisen Art und Weise mit Qualit\u00e4t gepr\u00fcft und schnelle Lieferung Einrichtung, dann die Wahl uns ist immer die beste Wahl. Online Nembutal Apotheke verkauft die beste Qualit\u00e4t Nembutal Kapseln zu erschwinglichen Preisen auf der ganzen Welt. Eine Sache, die uns auf der Strecke bleibt, ist, dass wir keine Vermittler in unserem Transaktionsprozess verwenden. Wir kommunizieren direkt mit den Kunden und schlie\u00dfen ihre Bestellung rechtzeitig ab. Nembutal-Kapseln zum Online-Verkauf<\/p>\n<p>F\u00fcr die Arbeit in diesem Bereich \u00fcber einen langen Zeitraum, haben wir von unseren Kunden in Form von positiven Bewertungen und Feedbacks gesch\u00e4tzt. Unser Team sorgt daf\u00fcr, dass Nembutal Kapseln ist das Erreichen der Kunden in eine sichere und sichere Weise. Mit jedem Produkt, bieten wir eine Reihe von Anweisungen beigef\u00fcgt. Diese Anleitung wird Ihnen helfen, Ihre Medikamente auf Nembutal Capsules in einer gesch\u00fctzten Weise zu verwalten.<\/p>\n<p>Unser exzellenter Service ist jederzeit f\u00fcr Sie verf\u00fcgbar. Sie k\u00f6nnen mehr Informationen \u00fcber die Medikation auf Nembutal Capsules mit Hilfe unserer Online-Apotheke zu greifen. Fr\u00fcher hatten die Menschen mit dem Kauf von Nembutal Kapseln zu k\u00e4mpfen. Aber mit dem Fortschritt in der Zeit, hat unsere Online-Apotheke mit Nembutal Produkte angekommen. Sie k\u00f6nnen sie jederzeit und \u00fcberall kaufen.<\/p>\n<p>Nembutal-Kapseln von guter Qualit\u00e4t online: Es ist v\u00f6llig klar, dass die Leute der Qualit\u00e4t von online verkauften Nembutal-Kapseln nicht schnell vertrauen, weil sie sie nicht physisch untersuchen k\u00f6nnen. Aber es ist nicht dasselbe bei Online-Anbietern von Nembutal-Kapseln. Die Produkte hier entsprechen ihrer Beschreibung mit einer hochwertigen Wartung unter der Aufsicht von Experten. Nembutal-Kapseln zum Online-Verkauf<\/p>\n<p>Schneller &amp; diskreter Versand: Die Lieferung der Nembutal-Kapseln online nach Eingang der Bestellung erfolgt innerhalb des zugesagten Zeitrahmens. Das Versandteam setzt alles daran, den Versand- und Liefervorgang reibungslos und schnell zu gestalten. Auch beim Online-Kauf von Nembutal-Kapseln vom Profi auf der Online-Plattform k\u00f6nnen Sie einen exzellenten Service erwarten.<\/p>\n","protected":false},"excerpt":{"rendered":"<p><strong>Wie kann man eine Bestellung f\u00fcr Nembutal-Kapseln online aufgeben?<\/strong><\/p>\n<p>Auf unserer offiziellen Website k\u00f6nnen Sie Ihre Anforderung, Nembutal Kapseln online zum besten Preis zu kaufen und erhalten es in einem kurzen Zeitraum von Zeit erreicht. Ihre Bestellung ist unsere Verantwortung. Kontaktieren Sie uns heute und bekommen Nembutal Kapseln zum Verkauf in der einfachsten Weise!<\/p>\n","protected":false},"featured_media":8961,"comment_status":"closed","ping_status":"closed","template":"","meta":{"_acf_changed":false,"_monsterinsights_skip_tracking":false,"_monsterinsights_sitenote_active":false,"_monsterinsights_sitenote_note":"","_monsterinsights_sitenote_category":0},"product_brand":[],"product_cat":[87],"product_tag":[],"class_list":{"0":"post-8924","1":"product","2":"type-product","3":"status-publish","4":"has-post-thumbnail","6":"product_cat-nembutal-pentobarbital","8":"first","9":"instock","10":"featured","11":"shipping-taxable","12":"purchasable","13":"product-type-variable","14":"has-default-attributes"},"acf":[],"yoast_head":"<!-- This site is optimized with the Yoast SEO plugin v27.2 - https:\/\/yoast.com\/product\/yoast-seo-wordpress\/ -->\n<title>Nembutal-Kapseln zum Online-Verkauf | Global Meds Inc.<\/title>\n<meta name=\"description\" content=\"Nembutal-Kapseln zum Online-Verkauf. Wir verkaufen Nembutal-Kapseln von bester Qualit\u00e4t. F\u00fcr weitere Informationen und Preise kontaktieren Sie uns bitte.\" \/>\n<meta name=\"robots\" content=\"index, follow, max-snippet:-1, max-image-preview:large, max-video-preview:-1\" \/>\n<link rel=\"canonical\" href=\"https:\/\/globalmedsonlineinc.com\/de\/product\/nembutal-pentobarbital\/nembutal-kapseln-online-kaufen\/\" \/>\n<meta property=\"og:locale\" content=\"de_DE\" \/>\n<meta property=\"og:type\" content=\"article\" \/>\n<meta property=\"og:title\" content=\"Nembutal-Kapseln zum Online-Verkauf | Global Meds Inc.\" \/>\n<meta property=\"og:description\" content=\"Nembutal-Kapseln zum Online-Verkauf. Wir verkaufen Nembutal-Kapseln von bester Qualit\u00e4t. F\u00fcr weitere Informationen und Preise kontaktieren Sie uns bitte.\" \/>\n<meta property=\"og:url\" content=\"https:\/\/globalmedsonlineinc.com\/de\/product\/nembutal-pentobarbital\/nembutal-kapseln-online-kaufen\/\" \/>\n<meta property=\"og:site_name\" content=\"Global Meds Inc\" \/>\n<meta property=\"article:modified_time\" content=\"2024-02-19T11:46:35+00:00\" \/>\n<meta property=\"og:image\" content=\"https:\/\/globalmedsonlineinc.com\/de\/content\/media\/uploads\/sites\/2\/2021\/06\/nembutal-capsules.jpg\" \/>\n\t<meta property=\"og:image:width\" content=\"600\" \/>\n\t<meta property=\"og:image:height\" content=\"600\" \/>\n\t<meta property=\"og:image:type\" content=\"image\/jpeg\" \/>\n<meta name=\"twitter:card\" content=\"summary_large_image\" \/>\n<meta name=\"twitter:label1\" content=\"Gesch\u00e4tzte Lesezeit\" \/>\n\t<meta name=\"twitter:data1\" content=\"3\u00a0Minuten\" \/>\n<script type=\"application\/ld+json\" class=\"yoast-schema-graph\">{\"@context\":\"https:\/\/schema.org\",\"@graph\":[{\"@type\":\"WebPage\",\"@id\":\"https:\/\/globalmedsonlineinc.com\/de\/product\/nembutal-pentobarbital\/nembutal-kapseln-online-kaufen\/\",\"url\":\"https:\/\/globalmedsonlineinc.com\/de\/product\/nembutal-pentobarbital\/nembutal-kapseln-online-kaufen\/\",\"name\":\"Nembutal-Kapseln zum Online-Verkauf | Global Meds Inc.\",\"isPartOf\":{\"@id\":\"https:\/\/globalmedsonlineinc.com\/de\/#website\"},\"primaryImageOfPage\":{\"@id\":\"https:\/\/globalmedsonlineinc.com\/de\/product\/nembutal-pentobarbital\/nembutal-kapseln-online-kaufen\/#primaryimage\"},\"image\":{\"@id\":\"https:\/\/globalmedsonlineinc.com\/de\/product\/nembutal-pentobarbital\/nembutal-kapseln-online-kaufen\/#primaryimage\"},\"thumbnailUrl\":\"https:\/\/globalmedsonlineinc.com\/de\/content\/media\/uploads\/sites\/2\/2021\/06\/nembutal-capsules.jpg\",\"datePublished\":\"2021-06-30T20:43:12+00:00\",\"dateModified\":\"2024-02-19T11:46:35+00:00\",\"description\":\"Nembutal-Kapseln zum Online-Verkauf. Wir verkaufen Nembutal-Kapseln von bester Qualit\u00e4t. F\u00fcr weitere Informationen und Preise kontaktieren Sie uns bitte.\",\"breadcrumb\":{\"@id\":\"https:\/\/globalmedsonlineinc.com\/de\/product\/nembutal-pentobarbital\/nembutal-kapseln-online-kaufen\/#breadcrumb\"},\"inLanguage\":\"de\",\"potentialAction\":[{\"@type\":\"ReadAction\",\"target\":[\"https:\/\/globalmedsonlineinc.com\/de\/product\/nembutal-pentobarbital\/nembutal-kapseln-online-kaufen\/\"]}]},{\"@type\":\"ImageObject\",\"inLanguage\":\"de\",\"@id\":\"https:\/\/globalmedsonlineinc.com\/de\/product\/nembutal-pentobarbital\/nembutal-kapseln-online-kaufen\/#primaryimage\",\"url\":\"https:\/\/globalmedsonlineinc.com\/de\/content\/media\/uploads\/sites\/2\/2021\/06\/nembutal-capsules.jpg\",\"contentUrl\":\"https:\/\/globalmedsonlineinc.com\/de\/content\/media\/uploads\/sites\/2\/2021\/06\/nembutal-capsules.jpg\",\"width\":600,\"height\":600,\"caption\":\"Nembutal-Kapseln zum Online-Verkauf\"},{\"@type\":\"BreadcrumbList\",\"@id\":\"https:\/\/globalmedsonlineinc.com\/de\/product\/nembutal-pentobarbital\/nembutal-kapseln-online-kaufen\/#breadcrumb\",\"itemListElement\":[{\"@type\":\"ListItem\",\"position\":1,\"name\":\"Home\",\"item\":\"https:\/\/globalmedsonlineinc.com\/de\/\"},{\"@type\":\"ListItem\",\"position\":2,\"name\":\"Produkte\",\"item\":\"https:\/\/globalmedsonlineinc.com\/de\/produkte\/\"},{\"@type\":\"ListItem\",\"position\":3,\"name\":\"Kaufen Sie Nembutal-Kapseln online\"}]},{\"@type\":\"WebSite\",\"@id\":\"https:\/\/globalmedsonlineinc.com\/de\/#website\",\"url\":\"https:\/\/globalmedsonlineinc.com\/de\/\",\"name\":\"Global Meds Inc\",\"description\":\"\",\"potentialAction\":[{\"@type\":\"SearchAction\",\"target\":{\"@type\":\"EntryPoint\",\"urlTemplate\":\"https:\/\/globalmedsonlineinc.com\/de\/?s={search_term_string}\"},\"query-input\":{\"@type\":\"PropertyValueSpecification\",\"valueRequired\":true,\"valueName\":\"search_term_string\"}}],\"inLanguage\":\"de\"}]}<\/script>\n<!-- \/ Yoast SEO plugin. -->","yoast_head_json":{"title":"Nembutal-Kapseln zum Online-Verkauf | Global Meds Inc.","description":"Nembutal-Kapseln zum Online-Verkauf. Wir verkaufen Nembutal-Kapseln von bester Qualit\u00e4t. F\u00fcr weitere Informationen und Preise kontaktieren Sie uns bitte.","robots":{"index":"index","follow":"follow","max-snippet":"max-snippet:-1","max-image-preview":"max-image-preview:large","max-video-preview":"max-video-preview:-1"},"canonical":"https:\/\/globalmedsonlineinc.com\/de\/product\/nembutal-pentobarbital\/nembutal-kapseln-online-kaufen\/","og_locale":"de_DE","og_type":"article","og_title":"Nembutal-Kapseln zum Online-Verkauf | Global Meds Inc.","og_description":"Nembutal-Kapseln zum Online-Verkauf. Wir verkaufen Nembutal-Kapseln von bester Qualit\u00e4t. F\u00fcr weitere Informationen und Preise kontaktieren Sie uns bitte.","og_url":"https:\/\/globalmedsonlineinc.com\/de\/product\/nembutal-pentobarbital\/nembutal-kapseln-online-kaufen\/","og_site_name":"Global Meds Inc","article_modified_time":"2024-02-19T11:46:35+00:00","og_image":[{"width":600,"height":600,"url":"https:\/\/globalmedsonlineinc.com\/de\/content\/media\/uploads\/sites\/2\/2021\/06\/nembutal-capsules.jpg","type":"image\/jpeg"}],"twitter_card":"summary_large_image","twitter_misc":{"Gesch\u00e4tzte Lesezeit":"3\u00a0Minuten"},"schema":{"@context":"https:\/\/schema.org","@graph":[{"@type":"WebPage","@id":"https:\/\/globalmedsonlineinc.com\/de\/product\/nembutal-pentobarbital\/nembutal-kapseln-online-kaufen\/","url":"https:\/\/globalmedsonlineinc.com\/de\/product\/nembutal-pentobarbital\/nembutal-kapseln-online-kaufen\/","name":"Nembutal-Kapseln zum Online-Verkauf | Global Meds Inc.","isPartOf":{"@id":"https:\/\/globalmedsonlineinc.com\/de\/#website"},"primaryImageOfPage":{"@id":"https:\/\/globalmedsonlineinc.com\/de\/product\/nembutal-pentobarbital\/nembutal-kapseln-online-kaufen\/#primaryimage"},"image":{"@id":"https:\/\/globalmedsonlineinc.com\/de\/product\/nembutal-pentobarbital\/nembutal-kapseln-online-kaufen\/#primaryimage"},"thumbnailUrl":"https:\/\/globalmedsonlineinc.com\/de\/content\/media\/uploads\/sites\/2\/2021\/06\/nembutal-capsules.jpg","datePublished":"2021-06-30T20:43:12+00:00","dateModified":"2024-02-19T11:46:35+00:00","description":"Nembutal-Kapseln zum Online-Verkauf. Wir verkaufen Nembutal-Kapseln von bester Qualit\u00e4t. F\u00fcr weitere Informationen und Preise kontaktieren Sie uns bitte.","breadcrumb":{"@id":"https:\/\/globalmedsonlineinc.com\/de\/product\/nembutal-pentobarbital\/nembutal-kapseln-online-kaufen\/#breadcrumb"},"inLanguage":"de","potentialAction":[{"@type":"ReadAction","target":["https:\/\/globalmedsonlineinc.com\/de\/product\/nembutal-pentobarbital\/nembutal-kapseln-online-kaufen\/"]}]},{"@type":"ImageObject","inLanguage":"de","@id":"https:\/\/globalmedsonlineinc.com\/de\/product\/nembutal-pentobarbital\/nembutal-kapseln-online-kaufen\/#primaryimage","url":"https:\/\/globalmedsonlineinc.com\/de\/content\/media\/uploads\/sites\/2\/2021\/06\/nembutal-capsules.jpg","contentUrl":"https:\/\/globalmedsonlineinc.com\/de\/content\/media\/uploads\/sites\/2\/2021\/06\/nembutal-capsules.jpg","width":600,"height":600,"caption":"Nembutal-Kapseln zum Online-Verkauf"},{"@type":"BreadcrumbList","@id":"https:\/\/globalmedsonlineinc.com\/de\/product\/nembutal-pentobarbital\/nembutal-kapseln-online-kaufen\/#breadcrumb","itemListElement":[{"@type":"ListItem","position":1,"name":"Home","item":"https:\/\/globalmedsonlineinc.com\/de\/"},{"@type":"ListItem","position":2,"name":"Produkte","item":"https:\/\/globalmedsonlineinc.com\/de\/produkte\/"},{"@type":"ListItem","position":3,"name":"Kaufen Sie Nembutal-Kapseln online"}]},{"@type":"WebSite","@id":"https:\/\/globalmedsonlineinc.com\/de\/#website","url":"https:\/\/globalmedsonlineinc.com\/de\/","name":"Global Meds Inc","description":"","potentialAction":[{"@type":"SearchAction","target":{"@type":"EntryPoint","urlTemplate":"https:\/\/globalmedsonlineinc.com\/de\/?s={search_term_string}"},"query-input":{"@type":"PropertyValueSpecification","valueRequired":true,"valueName":"search_term_string"}}],"inLanguage":"de"}]}},"_links":{"self":[{"href":"https:\/\/globalmedsonlineinc.com\/de\/wp-json\/wp\/v2\/product\/8924","targetHints":{"allow":["GET"]}}],"collection":[{"href":"https:\/\/globalmedsonlineinc.com\/de\/wp-json\/wp\/v2\/product"}],"about":[{"href":"https:\/\/globalmedsonlineinc.com\/de\/wp-json\/wp\/v2\/types\/product"}],"replies":[{"embeddable":true,"href":"https:\/\/globalmedsonlineinc.com\/de\/wp-json\/wp\/v2\/comments?post=8924"}],"wp:featuredmedia":[{"embeddable":true,"href":"https:\/\/globalmedsonlineinc.com\/de\/wp-json\/wp\/v2\/media\/8961"}],"wp:attachment":[{"href":"https:\/\/globalmedsonlineinc.com\/de\/wp-json\/wp\/v2\/media?parent=8924"}],"wp:term":[{"taxonomy":"product_brand","embeddable":true,"href":"https:\/\/globalmedsonlineinc.com\/de\/wp-json\/wp\/v2\/product_brand?post=8924"},{"taxonomy":"product_cat","embeddable":true,"href":"https:\/\/globalmedsonlineinc.com\/de\/wp-json\/wp\/v2\/product_cat?post=8924"},{"taxonomy":"product_tag","embeddable":true,"href":"https:\/\/globalmedsonlineinc.com\/de\/wp-json\/wp\/v2\/product_tag?post=8924"}],"curies":[{"name":"wp","href":"https:\/\/api.w.org\/{rel}","templated":true}]}}