{"id":8923,"date":"2021-06-30T20:43:06","date_gmt":"2021-06-30T20:43:06","guid":{"rendered":"https:\/\/globalmedsonlineinc.com\/de\/?post_type=product&#038;p=8923"},"modified":"2024-02-19T11:48:02","modified_gmt":"2024-02-19T11:48:02","slug":"kaufen-butalbital-online","status":"publish","type":"product","link":"https:\/\/globalmedsonlineinc.com\/de\/product\/nembutal-pentobarbital\/kaufen-butalbital-online\/","title":{"rendered":"Butalbital online kaufen"},"content":{"rendered":"<h1><span class=\"VIiyi\" lang=\"de\"><span class=\"JLqJ4b ChMk0b\" data-language-for-alternatives=\"de\" data-language-to-translate-into=\"en\" data-phrase-index=\"0\">Butalbital-pillen zum Verkauf online ohne Rezept<\/span><\/span><\/h1>\n<p class=\"tt\"><span class=\"VIiyi\" lang=\"de\"><span class=\"JLqJ4b ChMk0b\" data-language-for-alternatives=\"de\" data-language-to-translate-into=\"en\" data-phrase-index=\"0\"><a href=\"https:\/\/globalmedsonlineinc.com\/de\/product\/nembutal-pentobarbital\/kaufen-butalbital-online\/\">Butalbital-pillen zum Verkauf<\/a> online ohne Rezept<\/span><\/span>. Buy Butalbital Online Ohne Rezept Von Der Besten Online Apotheke<\/p>\n<p>Online Nembutal Apotheke ist eine geehrte Online-Apotheke, die f\u00fcr ihre Professionalit\u00e4t und erstklassige Qualit\u00e4t Medikamente bekannt ist. Hier k\u00f6nnen Sie Butalbital ohne Rezept bequem online kaufen. Wir sind konsequent mit dem Verkauf der hochwertigen Produkt an Kunden weltweit. Wir k\u00fcmmern uns um jedes Bed\u00fcrfnis und Anforderung unserer Kunden und immer vervollst\u00e4ndigen sie innerhalb des Zeitrahmens.<\/p>\n<p>Sie k\u00f6nnen sich sofort mit uns \u00fcber die Online-Plattform in Verbindung setzen <a href=\"https:\/\/de.wikipedia.org\/wiki\/Butalbital\">und<\/a> die gew\u00fcnschten Medikamente in einem kurzen Zeitrahmen erhalten. Bestellen Sie Butalbital noch heute online!<\/p>\n<p class=\"tt\"><strong>Wie profitiert man von Butalbital?<\/strong><\/p>\n<p>Butalbital ist ein Kurzzeitmedikament. Sie k\u00f6nnen dieses Medikament bequem in Kombination mit anderen Medikamenten wie Paracetamol (Paracetamol) oder Aspirin f\u00fcr die Behandlung von Schmerzen und Kopfschmerzen verwenden. Es ist auch f\u00fcr die Behandlung von Spannungskopfschmerzen zugelassen.<\/p>\n<p>Um Butalbital online zum besten Preis zu kaufen, k\u00f6nnen Sie damit beginnen, es in den Warenkorb zu legen. Sobald die Hinzuf\u00fcgung erfolgt ist, k\u00f6nnen Sie weiter mit der Zahlungsabwicklung gehen. Wir haben eine Reihe von Zahlungsgateways zur Verf\u00fcgung gestellt. Sie k\u00f6nnen das passende ausw\u00e4hlen und die Zahlung f\u00fcr Ihr Produkt vornehmen.<\/p>\n<p class=\"tt\"><strong>Wo kann man eine Bestellung f\u00fcr Butalbital online zum besten Preis aufgeben?<\/strong><\/p>\n<p>Wenn Sie mit Butalbital verschrieben worden sind, dann ist es Zeit zu kaufen Butalbital zum Verkauf an Online Nembutal Pharmacy.Connect mit unserer Online-Apotheke hat sich die einfachste Sache \u00fcberhaupt. Wir haben eine sehr einfache und benutzerfreundliche Website, damit unsere Kunden sich wohl f\u00fchlen, w\u00e4hrend sie ihre Produkte bestellen.<\/p>\n<p>Butalbital von guter Qualit\u00e4t online: Es ist v\u00f6llig klar, dass die Leute der Qualit\u00e4t von online verkauftem Butalbital nicht schnell vertrauen, weil sie es nicht physisch \u00fcberpr\u00fcfen k\u00f6nnen. Bei Online-Butalbital-Online-Anbietern ist es jedoch nicht dasselbe. Die Produkte hier entsprechen ihrer Beschreibung mit einer hochwertigen Wartung unter der Aufsicht von Experten.<\/p>\n<p>Schneller &amp; diskreter Versand: Die Lieferung des Butalbitals online nach Eingang der Bestellung erfolgt innerhalb des zugesagten Zeitrahmens. Das Versandteam setzt alles daran, den Versand- und Liefervorgang reibungslos und schnell zu gestalten. Auch beim Online-Kauf von Butalbital vom Profi auf der Online-Plattform k\u00f6nnen Sie exzellente Services erwarten.<\/p>\n","protected":false},"excerpt":{"rendered":"<p>In dem Moment, in dem Ihre Bestellung aufgegeben wird, wird sie von unserer Online-Apotheke empfangen. Wir werden es auf Priorit\u00e4t halten und es so schnell wie m\u00f6glich zu erreichen. Wir nehmen in der Regel eine Woche Zeit in der Lieferung der Produkte und es umfasst die Arbeitstage nur. In einer Angelegenheit von einer Woche Zeit, werden Sie Butalbital in der besten Weise erhalten. Schlagen Sie gleich bei Ihrer Bestellung zu!<\/p>\n","protected":false},"featured_media":8959,"comment_status":"closed","ping_status":"closed","template":"","meta":{"_acf_changed":false,"_monsterinsights_skip_tracking":false,"_monsterinsights_sitenote_active":false,"_monsterinsights_sitenote_note":"","_monsterinsights_sitenote_category":0},"product_brand":[],"product_cat":[87],"product_tag":[],"class_list":{"0":"post-8923","1":"product","2":"type-product","3":"status-publish","4":"has-post-thumbnail","6":"product_cat-nembutal-pentobarbital","8":"first","9":"instock","10":"featured","11":"shipping-taxable","12":"purchasable","13":"product-type-variable","14":"has-default-attributes"},"acf":[],"yoast_head":"<!-- This site is optimized with the Yoast SEO plugin v27.2 - https:\/\/yoast.com\/product\/yoast-seo-wordpress\/ -->\n<title>Butalbital-pillen zum Verkauf online ohne Rezept - Global Meds Inc.<\/title>\n<meta name=\"description\" content=\"Butalbital-pillen zum Verkauf online ohne Rezept. Wir verkaufen Butalbital-pillen in bester Qualit\u00e4t. F\u00fcr weitere Informationen und Preise kontaktieren Sie uns bitte.\" \/>\n<meta name=\"robots\" content=\"index, follow, max-snippet:-1, max-image-preview:large, max-video-preview:-1\" \/>\n<link rel=\"canonical\" href=\"https:\/\/globalmedsonlineinc.com\/de\/product\/nembutal-pentobarbital\/kaufen-butalbital-online\/\" \/>\n<meta property=\"og:locale\" content=\"de_DE\" \/>\n<meta property=\"og:type\" content=\"article\" \/>\n<meta property=\"og:title\" content=\"Butalbital-pillen zum Verkauf online ohne Rezept - Global Meds Inc.\" \/>\n<meta property=\"og:description\" content=\"Butalbital-pillen zum Verkauf online ohne Rezept. Wir verkaufen Butalbital-pillen in bester Qualit\u00e4t. F\u00fcr weitere Informationen und Preise kontaktieren Sie uns bitte.\" \/>\n<meta property=\"og:url\" content=\"https:\/\/globalmedsonlineinc.com\/de\/product\/nembutal-pentobarbital\/kaufen-butalbital-online\/\" \/>\n<meta property=\"og:site_name\" content=\"Global Meds Inc\" \/>\n<meta property=\"article:modified_time\" content=\"2024-02-19T11:48:02+00:00\" \/>\n<meta property=\"og:image\" content=\"https:\/\/globalmedsonlineinc.com\/de\/content\/media\/uploads\/sites\/2\/2021\/06\/Butalbital.jpg\" \/>\n\t<meta property=\"og:image:width\" content=\"600\" \/>\n\t<meta property=\"og:image:height\" content=\"600\" \/>\n\t<meta property=\"og:image:type\" content=\"image\/jpeg\" \/>\n<meta name=\"twitter:card\" content=\"summary_large_image\" \/>\n<meta name=\"twitter:label1\" content=\"Gesch\u00e4tzte Lesezeit\" \/>\n\t<meta name=\"twitter:data1\" content=\"2\u00a0Minuten\" \/>\n<script type=\"application\/ld+json\" class=\"yoast-schema-graph\">{\"@context\":\"https:\/\/schema.org\",\"@graph\":[{\"@type\":\"WebPage\",\"@id\":\"https:\/\/globalmedsonlineinc.com\/de\/product\/nembutal-pentobarbital\/kaufen-butalbital-online\/\",\"url\":\"https:\/\/globalmedsonlineinc.com\/de\/product\/nembutal-pentobarbital\/kaufen-butalbital-online\/\",\"name\":\"Butalbital-pillen zum Verkauf online ohne Rezept - Global Meds Inc.\",\"isPartOf\":{\"@id\":\"https:\/\/globalmedsonlineinc.com\/de\/#website\"},\"primaryImageOfPage\":{\"@id\":\"https:\/\/globalmedsonlineinc.com\/de\/product\/nembutal-pentobarbital\/kaufen-butalbital-online\/#primaryimage\"},\"image\":{\"@id\":\"https:\/\/globalmedsonlineinc.com\/de\/product\/nembutal-pentobarbital\/kaufen-butalbital-online\/#primaryimage\"},\"thumbnailUrl\":\"https:\/\/globalmedsonlineinc.com\/de\/content\/media\/uploads\/sites\/2\/2021\/06\/Butalbital.jpg\",\"datePublished\":\"2021-06-30T20:43:06+00:00\",\"dateModified\":\"2024-02-19T11:48:02+00:00\",\"description\":\"Butalbital-pillen zum Verkauf online ohne Rezept. Wir verkaufen Butalbital-pillen in bester Qualit\u00e4t. F\u00fcr weitere Informationen und Preise kontaktieren Sie uns bitte.\",\"breadcrumb\":{\"@id\":\"https:\/\/globalmedsonlineinc.com\/de\/product\/nembutal-pentobarbital\/kaufen-butalbital-online\/#breadcrumb\"},\"inLanguage\":\"de\",\"potentialAction\":[{\"@type\":\"ReadAction\",\"target\":[\"https:\/\/globalmedsonlineinc.com\/de\/product\/nembutal-pentobarbital\/kaufen-butalbital-online\/\"]}]},{\"@type\":\"ImageObject\",\"inLanguage\":\"de\",\"@id\":\"https:\/\/globalmedsonlineinc.com\/de\/product\/nembutal-pentobarbital\/kaufen-butalbital-online\/#primaryimage\",\"url\":\"https:\/\/globalmedsonlineinc.com\/de\/content\/media\/uploads\/sites\/2\/2021\/06\/Butalbital.jpg\",\"contentUrl\":\"https:\/\/globalmedsonlineinc.com\/de\/content\/media\/uploads\/sites\/2\/2021\/06\/Butalbital.jpg\",\"width\":600,\"height\":600,\"caption\":\"Butalbital-pillen zum Verkauf online ohne Rezept\"},{\"@type\":\"BreadcrumbList\",\"@id\":\"https:\/\/globalmedsonlineinc.com\/de\/product\/nembutal-pentobarbital\/kaufen-butalbital-online\/#breadcrumb\",\"itemListElement\":[{\"@type\":\"ListItem\",\"position\":1,\"name\":\"Home\",\"item\":\"https:\/\/globalmedsonlineinc.com\/de\/\"},{\"@type\":\"ListItem\",\"position\":2,\"name\":\"Produkte\",\"item\":\"https:\/\/globalmedsonlineinc.com\/de\/produkte\/\"},{\"@type\":\"ListItem\",\"position\":3,\"name\":\"Butalbital online kaufen\"}]},{\"@type\":\"WebSite\",\"@id\":\"https:\/\/globalmedsonlineinc.com\/de\/#website\",\"url\":\"https:\/\/globalmedsonlineinc.com\/de\/\",\"name\":\"Global Meds Inc\",\"description\":\"\",\"potentialAction\":[{\"@type\":\"SearchAction\",\"target\":{\"@type\":\"EntryPoint\",\"urlTemplate\":\"https:\/\/globalmedsonlineinc.com\/de\/?s={search_term_string}\"},\"query-input\":{\"@type\":\"PropertyValueSpecification\",\"valueRequired\":true,\"valueName\":\"search_term_string\"}}],\"inLanguage\":\"de\"}]}<\/script>\n<!-- \/ Yoast SEO plugin. -->","yoast_head_json":{"title":"Butalbital-pillen zum Verkauf online ohne Rezept - Global Meds Inc.","description":"Butalbital-pillen zum Verkauf online ohne Rezept. Wir verkaufen Butalbital-pillen in bester Qualit\u00e4t. F\u00fcr weitere Informationen und Preise kontaktieren Sie uns bitte.","robots":{"index":"index","follow":"follow","max-snippet":"max-snippet:-1","max-image-preview":"max-image-preview:large","max-video-preview":"max-video-preview:-1"},"canonical":"https:\/\/globalmedsonlineinc.com\/de\/product\/nembutal-pentobarbital\/kaufen-butalbital-online\/","og_locale":"de_DE","og_type":"article","og_title":"Butalbital-pillen zum Verkauf online ohne Rezept - Global Meds Inc.","og_description":"Butalbital-pillen zum Verkauf online ohne Rezept. Wir verkaufen Butalbital-pillen in bester Qualit\u00e4t. F\u00fcr weitere Informationen und Preise kontaktieren Sie uns bitte.","og_url":"https:\/\/globalmedsonlineinc.com\/de\/product\/nembutal-pentobarbital\/kaufen-butalbital-online\/","og_site_name":"Global Meds Inc","article_modified_time":"2024-02-19T11:48:02+00:00","og_image":[{"width":600,"height":600,"url":"https:\/\/globalmedsonlineinc.com\/de\/content\/media\/uploads\/sites\/2\/2021\/06\/Butalbital.jpg","type":"image\/jpeg"}],"twitter_card":"summary_large_image","twitter_misc":{"Gesch\u00e4tzte Lesezeit":"2\u00a0Minuten"},"schema":{"@context":"https:\/\/schema.org","@graph":[{"@type":"WebPage","@id":"https:\/\/globalmedsonlineinc.com\/de\/product\/nembutal-pentobarbital\/kaufen-butalbital-online\/","url":"https:\/\/globalmedsonlineinc.com\/de\/product\/nembutal-pentobarbital\/kaufen-butalbital-online\/","name":"Butalbital-pillen zum Verkauf online ohne Rezept - Global Meds Inc.","isPartOf":{"@id":"https:\/\/globalmedsonlineinc.com\/de\/#website"},"primaryImageOfPage":{"@id":"https:\/\/globalmedsonlineinc.com\/de\/product\/nembutal-pentobarbital\/kaufen-butalbital-online\/#primaryimage"},"image":{"@id":"https:\/\/globalmedsonlineinc.com\/de\/product\/nembutal-pentobarbital\/kaufen-butalbital-online\/#primaryimage"},"thumbnailUrl":"https:\/\/globalmedsonlineinc.com\/de\/content\/media\/uploads\/sites\/2\/2021\/06\/Butalbital.jpg","datePublished":"2021-06-30T20:43:06+00:00","dateModified":"2024-02-19T11:48:02+00:00","description":"Butalbital-pillen zum Verkauf online ohne Rezept. Wir verkaufen Butalbital-pillen in bester Qualit\u00e4t. F\u00fcr weitere Informationen und Preise kontaktieren Sie uns bitte.","breadcrumb":{"@id":"https:\/\/globalmedsonlineinc.com\/de\/product\/nembutal-pentobarbital\/kaufen-butalbital-online\/#breadcrumb"},"inLanguage":"de","potentialAction":[{"@type":"ReadAction","target":["https:\/\/globalmedsonlineinc.com\/de\/product\/nembutal-pentobarbital\/kaufen-butalbital-online\/"]}]},{"@type":"ImageObject","inLanguage":"de","@id":"https:\/\/globalmedsonlineinc.com\/de\/product\/nembutal-pentobarbital\/kaufen-butalbital-online\/#primaryimage","url":"https:\/\/globalmedsonlineinc.com\/de\/content\/media\/uploads\/sites\/2\/2021\/06\/Butalbital.jpg","contentUrl":"https:\/\/globalmedsonlineinc.com\/de\/content\/media\/uploads\/sites\/2\/2021\/06\/Butalbital.jpg","width":600,"height":600,"caption":"Butalbital-pillen zum Verkauf online ohne Rezept"},{"@type":"BreadcrumbList","@id":"https:\/\/globalmedsonlineinc.com\/de\/product\/nembutal-pentobarbital\/kaufen-butalbital-online\/#breadcrumb","itemListElement":[{"@type":"ListItem","position":1,"name":"Home","item":"https:\/\/globalmedsonlineinc.com\/de\/"},{"@type":"ListItem","position":2,"name":"Produkte","item":"https:\/\/globalmedsonlineinc.com\/de\/produkte\/"},{"@type":"ListItem","position":3,"name":"Butalbital online kaufen"}]},{"@type":"WebSite","@id":"https:\/\/globalmedsonlineinc.com\/de\/#website","url":"https:\/\/globalmedsonlineinc.com\/de\/","name":"Global Meds Inc","description":"","potentialAction":[{"@type":"SearchAction","target":{"@type":"EntryPoint","urlTemplate":"https:\/\/globalmedsonlineinc.com\/de\/?s={search_term_string}"},"query-input":{"@type":"PropertyValueSpecification","valueRequired":true,"valueName":"search_term_string"}}],"inLanguage":"de"}]}},"_links":{"self":[{"href":"https:\/\/globalmedsonlineinc.com\/de\/wp-json\/wp\/v2\/product\/8923","targetHints":{"allow":["GET"]}}],"collection":[{"href":"https:\/\/globalmedsonlineinc.com\/de\/wp-json\/wp\/v2\/product"}],"about":[{"href":"https:\/\/globalmedsonlineinc.com\/de\/wp-json\/wp\/v2\/types\/product"}],"replies":[{"embeddable":true,"href":"https:\/\/globalmedsonlineinc.com\/de\/wp-json\/wp\/v2\/comments?post=8923"}],"wp:featuredmedia":[{"embeddable":true,"href":"https:\/\/globalmedsonlineinc.com\/de\/wp-json\/wp\/v2\/media\/8959"}],"wp:attachment":[{"href":"https:\/\/globalmedsonlineinc.com\/de\/wp-json\/wp\/v2\/media?parent=8923"}],"wp:term":[{"taxonomy":"product_brand","embeddable":true,"href":"https:\/\/globalmedsonlineinc.com\/de\/wp-json\/wp\/v2\/product_brand?post=8923"},{"taxonomy":"product_cat","embeddable":true,"href":"https:\/\/globalmedsonlineinc.com\/de\/wp-json\/wp\/v2\/product_cat?post=8923"},{"taxonomy":"product_tag","embeddable":true,"href":"https:\/\/globalmedsonlineinc.com\/de\/wp-json\/wp\/v2\/product_tag?post=8923"}],"curies":[{"name":"wp","href":"https:\/\/api.w.org\/{rel}","templated":true}]}}