{"id":8922,"date":"2021-06-30T20:42:55","date_gmt":"2021-06-30T20:42:55","guid":{"rendered":"https:\/\/globalmedsonlineinc.com\/de\/?post_type=product&#038;p=8922"},"modified":"2024-02-19T11:49:45","modified_gmt":"2024-02-19T11:49:45","slug":"kaufen-butabarbital-online","status":"publish","type":"product","link":"https:\/\/globalmedsonlineinc.com\/de\/product\/nembutal-pentobarbital\/kaufen-butabarbital-online\/","title":{"rendered":"Kaufen Sie Butabarbital online"},"content":{"rendered":"<h1><span class=\"VIiyi\" lang=\"de\"><span class=\"JLqJ4b ChMk0b\" data-language-for-alternatives=\"de\" data-language-to-translate-into=\"en\" data-phrase-index=\"0\">Butabarbital-Pillen zum Verkauf online ohne Rezept<\/span><\/span><\/h1>\n<p class=\"tt\"><span class=\"VIiyi\" lang=\"de\"><span class=\"JLqJ4b ChMk0b\" data-language-for-alternatives=\"de\" data-language-to-translate-into=\"en\" data-phrase-index=\"0\"><a href=\"https:\/\/globalmedsonlineinc.com\/de\/product\/nembutal-pentobarbital\/kaufen-butabarbital-online\/\">Butabarbital-Pillen zum Verkauf<\/a> online ohne Rezept<\/span><\/span>. Butabarbital Natrium 50 mg tabletten online kaufen von The Top Apotheke<\/p>\n<p>Online Nembutal Pharmacy ist eine ideale Apotheke zu kaufen Butabarbital Natrium 50 mg Tabletten zu den besten Preisen. Wir sind in dieser Medizin-Industrie f\u00fcr einen l\u00e4ngeren Zeitraum besch\u00e4ftigt. Sie k\u00f6nnen sich auf uns verlassen, wenn es darum geht, das Beste f\u00fcr Ihre Gesundheit zu erhalten. Unsere professionellen Teammitglieder werden Ihre Erwartung in keiner <a href=\"https:\/\/en.wikipedia.org\/wiki\/Butabarbital\">Weise<\/a> entt\u00e4uschen. Kaufen Sie jetzt!<\/p>\n<p class=\"tt\"><strong>Wie k\u00f6nnen Sie den besten Gebrauch von Butabarbital-Natrium nach dem Kauf von uns machen?<\/strong><\/p>\n<p>Butabarbital Natrium ist ein perfektes Medikament, das f\u00fcr die Behandlung <a href=\"https:\/\/de.wikipedia.org\/wiki\/Barbiturate\">von<\/a> Schlaflosigkeit bei Menschen verwendet werden kann. Es ist in der Regel eine kurzfristige Medikamente. Die medizinische Industrie kann dieses Produkt als ein Beruhigungsmittel vor jeder Operation.<\/p>\n<p>Um sicherzustellen, dass eine ordnungsgem\u00e4\u00dfe Medikation auf Butabarbital Natrium, bieten wir ein Handbuch F\u00fchrer f\u00fcr unsere Kunden. In diesem Leitfaden sind alle Anweisungen im Zusammenhang mit der Medikation erw\u00e4hnt. Sie k\u00f6nnen leicht lesen sie eine nach der anderen und verwenden Sie es f\u00fcr Ihre beabsichtigten Zwecke. Sie k\u00f6nnen Ihr komplettes Vertrauen in unsere professionelle Online-Apotheke haben. Wir denken immer das Beste f\u00fcr unsere wertvollen Kunden. Wir sorgen uns immer um die Gesundheit der Menschen und pr\u00fcfen alle Produkte, bevor wir sie liefern.<\/p>\n<p>Um Butabarbital Natrium zum besten Preis zu kaufen, k\u00f6nnen Sie uns kontaktieren. Unser Team wird Ihre Bestellung interpretieren und bereiten das gleiche f\u00fcr die Lieferung im n\u00e4chsten Moment. Ihre Medikamente werden Sie innerhalb der von unserer Online-Apotheke vorgesehenen Zeit erreichen. Bestellen Sie billig Nembutal jetzt!<\/p>\n<p>Butabarbital von guter Qualit\u00e4t online: Es ist v\u00f6llig klar, dass die Leute der Qualit\u00e4t von online verkauftem Butabarbital nicht schnell vertrauen, weil sie es nicht physisch untersuchen k\u00f6nnen. Aber bei Online-Butabarbital-Online-Anbietern ist es nicht dasselbe. Die Produkte hier entsprechen ihrer Beschreibung mit einer hochwertigen Wartung unter der Aufsicht von Experten.<\/p>\n<p>Schneller &amp; diskreter Versand: Die Lieferung des Butabarbitals online nach Eingang der Bestellung erfolgt innerhalb des zugesagten Zeitrahmens. Das Versandteam setzt alles daran, den Versand- und Liefervorgang reibungslos und schnell zu gestalten. Auch beim Online-Kauf von Butabarbital vom Profi auf der Online-Plattform k\u00f6nnen Sie exzellente Services erwarten.<\/p>\n","protected":false},"excerpt":{"rendered":"<p><strong>Wie bestelle ich Butabarbital Natrium von Online Nembutal Pharmacy?<\/strong><\/p>\n<p>Online Nembutal Apotheke ist jetzt auf der Online-B\u00fchne zur Verf\u00fcgung. Senden Sie Ihre Bestellung Details zu kaufen Butabarbital Natrium 50 mg Tabletten auf unserer offiziellen Website nach mit der Zahlung f\u00fcr die gleiche. Sobald die Bestellung aufgegeben wird, wird es innerhalb der genannten Zeitrahmen abgeschlossen werden. Bestellen Sie noch heute!<\/p>\n","protected":false},"featured_media":8957,"comment_status":"open","ping_status":"closed","template":"","meta":{"_acf_changed":false,"_monsterinsights_skip_tracking":false,"_monsterinsights_sitenote_active":false,"_monsterinsights_sitenote_note":"","_monsterinsights_sitenote_category":0},"product_brand":[],"product_cat":[87],"product_tag":[],"class_list":{"0":"post-8922","1":"product","2":"type-product","3":"status-publish","4":"has-post-thumbnail","6":"product_cat-nembutal-pentobarbital","8":"first","9":"instock","10":"featured","11":"shipping-taxable","12":"purchasable","13":"product-type-variable","14":"has-default-attributes"},"acf":[],"yoast_head":"<!-- This site is optimized with the Yoast SEO plugin v27.2 - https:\/\/yoast.com\/product\/yoast-seo-wordpress\/ -->\n<title>Butabarbital-Pillen zum Verkauf online| Global Meds Inc.<\/title>\n<meta name=\"description\" content=\"Butabarbital-Pillen zum Verkauf online ohne Rezept. Wir verkaufen Butabarbital-Pillen in bester Qualit\u00e4t. F\u00fcr weitere Informationen.\" \/>\n<meta name=\"robots\" content=\"index, follow, max-snippet:-1, max-image-preview:large, max-video-preview:-1\" \/>\n<link rel=\"canonical\" href=\"https:\/\/globalmedsonlineinc.com\/de\/product\/nembutal-pentobarbital\/kaufen-butabarbital-online\/\" \/>\n<meta property=\"og:locale\" content=\"de_DE\" \/>\n<meta property=\"og:type\" content=\"article\" \/>\n<meta property=\"og:title\" content=\"Butabarbital-Pillen zum Verkauf online| Global Meds Inc.\" \/>\n<meta property=\"og:description\" content=\"Butabarbital-Pillen zum Verkauf online ohne Rezept. Wir verkaufen Butabarbital-Pillen in bester Qualit\u00e4t. F\u00fcr weitere Informationen.\" \/>\n<meta property=\"og:url\" content=\"https:\/\/globalmedsonlineinc.com\/de\/product\/nembutal-pentobarbital\/kaufen-butabarbital-online\/\" \/>\n<meta property=\"og:site_name\" content=\"Global Meds Inc\" \/>\n<meta property=\"article:modified_time\" content=\"2024-02-19T11:49:45+00:00\" \/>\n<meta property=\"og:image\" content=\"https:\/\/globalmedsonlineinc.com\/de\/content\/media\/uploads\/sites\/2\/2021\/06\/Butabarbital.jpg\" \/>\n\t<meta property=\"og:image:width\" content=\"600\" \/>\n\t<meta property=\"og:image:height\" content=\"600\" \/>\n\t<meta property=\"og:image:type\" content=\"image\/jpeg\" \/>\n<meta name=\"twitter:card\" content=\"summary_large_image\" \/>\n<meta name=\"twitter:label1\" content=\"Gesch\u00e4tzte Lesezeit\" \/>\n\t<meta name=\"twitter:data1\" content=\"2\u00a0Minuten\" \/>\n<script type=\"application\/ld+json\" class=\"yoast-schema-graph\">{\"@context\":\"https:\/\/schema.org\",\"@graph\":[{\"@type\":\"WebPage\",\"@id\":\"https:\/\/globalmedsonlineinc.com\/de\/product\/nembutal-pentobarbital\/kaufen-butabarbital-online\/\",\"url\":\"https:\/\/globalmedsonlineinc.com\/de\/product\/nembutal-pentobarbital\/kaufen-butabarbital-online\/\",\"name\":\"Butabarbital-Pillen zum Verkauf online| Global Meds Inc.\",\"isPartOf\":{\"@id\":\"https:\/\/globalmedsonlineinc.com\/de\/#website\"},\"primaryImageOfPage\":{\"@id\":\"https:\/\/globalmedsonlineinc.com\/de\/product\/nembutal-pentobarbital\/kaufen-butabarbital-online\/#primaryimage\"},\"image\":{\"@id\":\"https:\/\/globalmedsonlineinc.com\/de\/product\/nembutal-pentobarbital\/kaufen-butabarbital-online\/#primaryimage\"},\"thumbnailUrl\":\"https:\/\/globalmedsonlineinc.com\/de\/content\/media\/uploads\/sites\/2\/2021\/06\/Butabarbital.jpg\",\"datePublished\":\"2021-06-30T20:42:55+00:00\",\"dateModified\":\"2024-02-19T11:49:45+00:00\",\"description\":\"Butabarbital-Pillen zum Verkauf online ohne Rezept. Wir verkaufen Butabarbital-Pillen in bester Qualit\u00e4t. F\u00fcr weitere Informationen.\",\"breadcrumb\":{\"@id\":\"https:\/\/globalmedsonlineinc.com\/de\/product\/nembutal-pentobarbital\/kaufen-butabarbital-online\/#breadcrumb\"},\"inLanguage\":\"de\",\"potentialAction\":[{\"@type\":\"ReadAction\",\"target\":[\"https:\/\/globalmedsonlineinc.com\/de\/product\/nembutal-pentobarbital\/kaufen-butabarbital-online\/\"]}]},{\"@type\":\"ImageObject\",\"inLanguage\":\"de\",\"@id\":\"https:\/\/globalmedsonlineinc.com\/de\/product\/nembutal-pentobarbital\/kaufen-butabarbital-online\/#primaryimage\",\"url\":\"https:\/\/globalmedsonlineinc.com\/de\/content\/media\/uploads\/sites\/2\/2021\/06\/Butabarbital.jpg\",\"contentUrl\":\"https:\/\/globalmedsonlineinc.com\/de\/content\/media\/uploads\/sites\/2\/2021\/06\/Butabarbital.jpg\",\"width\":600,\"height\":600,\"caption\":\"Butabarbital-Pillen zum Verkauf online ohne Rezept\"},{\"@type\":\"BreadcrumbList\",\"@id\":\"https:\/\/globalmedsonlineinc.com\/de\/product\/nembutal-pentobarbital\/kaufen-butabarbital-online\/#breadcrumb\",\"itemListElement\":[{\"@type\":\"ListItem\",\"position\":1,\"name\":\"Home\",\"item\":\"https:\/\/globalmedsonlineinc.com\/de\/\"},{\"@type\":\"ListItem\",\"position\":2,\"name\":\"Produkte\",\"item\":\"https:\/\/globalmedsonlineinc.com\/de\/produkte\/\"},{\"@type\":\"ListItem\",\"position\":3,\"name\":\"Kaufen Sie Butabarbital online\"}]},{\"@type\":\"WebSite\",\"@id\":\"https:\/\/globalmedsonlineinc.com\/de\/#website\",\"url\":\"https:\/\/globalmedsonlineinc.com\/de\/\",\"name\":\"Global Meds Inc\",\"description\":\"\",\"potentialAction\":[{\"@type\":\"SearchAction\",\"target\":{\"@type\":\"EntryPoint\",\"urlTemplate\":\"https:\/\/globalmedsonlineinc.com\/de\/?s={search_term_string}\"},\"query-input\":{\"@type\":\"PropertyValueSpecification\",\"valueRequired\":true,\"valueName\":\"search_term_string\"}}],\"inLanguage\":\"de\"}]}<\/script>\n<!-- \/ Yoast SEO plugin. -->","yoast_head_json":{"title":"Butabarbital-Pillen zum Verkauf online| Global Meds Inc.","description":"Butabarbital-Pillen zum Verkauf online ohne Rezept. Wir verkaufen Butabarbital-Pillen in bester Qualit\u00e4t. F\u00fcr weitere Informationen.","robots":{"index":"index","follow":"follow","max-snippet":"max-snippet:-1","max-image-preview":"max-image-preview:large","max-video-preview":"max-video-preview:-1"},"canonical":"https:\/\/globalmedsonlineinc.com\/de\/product\/nembutal-pentobarbital\/kaufen-butabarbital-online\/","og_locale":"de_DE","og_type":"article","og_title":"Butabarbital-Pillen zum Verkauf online| Global Meds Inc.","og_description":"Butabarbital-Pillen zum Verkauf online ohne Rezept. Wir verkaufen Butabarbital-Pillen in bester Qualit\u00e4t. F\u00fcr weitere Informationen.","og_url":"https:\/\/globalmedsonlineinc.com\/de\/product\/nembutal-pentobarbital\/kaufen-butabarbital-online\/","og_site_name":"Global Meds Inc","article_modified_time":"2024-02-19T11:49:45+00:00","og_image":[{"width":600,"height":600,"url":"https:\/\/globalmedsonlineinc.com\/de\/content\/media\/uploads\/sites\/2\/2021\/06\/Butabarbital.jpg","type":"image\/jpeg"}],"twitter_card":"summary_large_image","twitter_misc":{"Gesch\u00e4tzte Lesezeit":"2\u00a0Minuten"},"schema":{"@context":"https:\/\/schema.org","@graph":[{"@type":"WebPage","@id":"https:\/\/globalmedsonlineinc.com\/de\/product\/nembutal-pentobarbital\/kaufen-butabarbital-online\/","url":"https:\/\/globalmedsonlineinc.com\/de\/product\/nembutal-pentobarbital\/kaufen-butabarbital-online\/","name":"Butabarbital-Pillen zum Verkauf online| Global Meds Inc.","isPartOf":{"@id":"https:\/\/globalmedsonlineinc.com\/de\/#website"},"primaryImageOfPage":{"@id":"https:\/\/globalmedsonlineinc.com\/de\/product\/nembutal-pentobarbital\/kaufen-butabarbital-online\/#primaryimage"},"image":{"@id":"https:\/\/globalmedsonlineinc.com\/de\/product\/nembutal-pentobarbital\/kaufen-butabarbital-online\/#primaryimage"},"thumbnailUrl":"https:\/\/globalmedsonlineinc.com\/de\/content\/media\/uploads\/sites\/2\/2021\/06\/Butabarbital.jpg","datePublished":"2021-06-30T20:42:55+00:00","dateModified":"2024-02-19T11:49:45+00:00","description":"Butabarbital-Pillen zum Verkauf online ohne Rezept. Wir verkaufen Butabarbital-Pillen in bester Qualit\u00e4t. F\u00fcr weitere Informationen.","breadcrumb":{"@id":"https:\/\/globalmedsonlineinc.com\/de\/product\/nembutal-pentobarbital\/kaufen-butabarbital-online\/#breadcrumb"},"inLanguage":"de","potentialAction":[{"@type":"ReadAction","target":["https:\/\/globalmedsonlineinc.com\/de\/product\/nembutal-pentobarbital\/kaufen-butabarbital-online\/"]}]},{"@type":"ImageObject","inLanguage":"de","@id":"https:\/\/globalmedsonlineinc.com\/de\/product\/nembutal-pentobarbital\/kaufen-butabarbital-online\/#primaryimage","url":"https:\/\/globalmedsonlineinc.com\/de\/content\/media\/uploads\/sites\/2\/2021\/06\/Butabarbital.jpg","contentUrl":"https:\/\/globalmedsonlineinc.com\/de\/content\/media\/uploads\/sites\/2\/2021\/06\/Butabarbital.jpg","width":600,"height":600,"caption":"Butabarbital-Pillen zum Verkauf online ohne Rezept"},{"@type":"BreadcrumbList","@id":"https:\/\/globalmedsonlineinc.com\/de\/product\/nembutal-pentobarbital\/kaufen-butabarbital-online\/#breadcrumb","itemListElement":[{"@type":"ListItem","position":1,"name":"Home","item":"https:\/\/globalmedsonlineinc.com\/de\/"},{"@type":"ListItem","position":2,"name":"Produkte","item":"https:\/\/globalmedsonlineinc.com\/de\/produkte\/"},{"@type":"ListItem","position":3,"name":"Kaufen Sie Butabarbital online"}]},{"@type":"WebSite","@id":"https:\/\/globalmedsonlineinc.com\/de\/#website","url":"https:\/\/globalmedsonlineinc.com\/de\/","name":"Global Meds Inc","description":"","potentialAction":[{"@type":"SearchAction","target":{"@type":"EntryPoint","urlTemplate":"https:\/\/globalmedsonlineinc.com\/de\/?s={search_term_string}"},"query-input":{"@type":"PropertyValueSpecification","valueRequired":true,"valueName":"search_term_string"}}],"inLanguage":"de"}]}},"_links":{"self":[{"href":"https:\/\/globalmedsonlineinc.com\/de\/wp-json\/wp\/v2\/product\/8922","targetHints":{"allow":["GET"]}}],"collection":[{"href":"https:\/\/globalmedsonlineinc.com\/de\/wp-json\/wp\/v2\/product"}],"about":[{"href":"https:\/\/globalmedsonlineinc.com\/de\/wp-json\/wp\/v2\/types\/product"}],"replies":[{"embeddable":true,"href":"https:\/\/globalmedsonlineinc.com\/de\/wp-json\/wp\/v2\/comments?post=8922"}],"wp:featuredmedia":[{"embeddable":true,"href":"https:\/\/globalmedsonlineinc.com\/de\/wp-json\/wp\/v2\/media\/8957"}],"wp:attachment":[{"href":"https:\/\/globalmedsonlineinc.com\/de\/wp-json\/wp\/v2\/media?parent=8922"}],"wp:term":[{"taxonomy":"product_brand","embeddable":true,"href":"https:\/\/globalmedsonlineinc.com\/de\/wp-json\/wp\/v2\/product_brand?post=8922"},{"taxonomy":"product_cat","embeddable":true,"href":"https:\/\/globalmedsonlineinc.com\/de\/wp-json\/wp\/v2\/product_cat?post=8922"},{"taxonomy":"product_tag","embeddable":true,"href":"https:\/\/globalmedsonlineinc.com\/de\/wp-json\/wp\/v2\/product_tag?post=8922"}],"curies":[{"name":"wp","href":"https:\/\/api.w.org\/{rel}","templated":true}]}}