{"id":8921,"date":"2021-06-30T20:42:49","date_gmt":"2021-06-30T20:42:49","guid":{"rendered":"https:\/\/globalmedsonlineinc.com\/de\/?post_type=product&#038;p=8921"},"modified":"2024-02-19T11:50:46","modified_gmt":"2024-02-19T11:50:46","slug":"brallobarbital-vesparax","status":"publish","type":"product","link":"https:\/\/globalmedsonlineinc.com\/de\/product\/nembutal-pentobarbital\/brallobarbital-vesparax\/","title":{"rendered":"Kaufen Sie Brallobarbital (Vesparax) online"},"content":{"rendered":"<h1>Brallobarbital zum Verkauf online ohne Rezept<\/h1>\n<p class=\"tt\"><span class=\"VIiyi\" lang=\"de\"><span class=\"JLqJ4b ChMk0b\" data-language-for-alternatives=\"de\" data-language-to-translate-into=\"en\" data-phrase-index=\"0\"><a href=\"https:\/\/globalmedsonlineinc.com\/de\/product\/nembutal-pentobarbital\/brallobarbital-vesparax\/\">Brallobarbital zum Verkauf<\/a> online ohne Rezept. <\/span><\/span>Kaufen Sie Brallobarbital (Vesparax) Online Von Der Professionellen Apotheke<\/p>\n<p>Online Nembutal Apotheke befasst sich mit Brallobarbital (Vesparax) auf der Online-Plattform und liefert es innerhalb des Zeitrahmens an Kunden, die eine Bestellung f\u00fcr sie platziert haben. Wir sind ein professionelles Online-Apotheke, von wo aus Sie kaufen k\u00f6nnen Vesparax online zu den besten Preisen zur Verf\u00fcgung. Unsere Preise sind unvergleichlich und erschwinglich f\u00fcr alle. Wir haben auch ein Team, das Ihre Bed\u00fcrfnisse und Anforderungen in Bezug auf Nembutal Brallobarbital in einer bequemen Art und Weise erreichen wird. Sie k\u00f6nnen jetzt effizient kaufen Nembutal Brallobarbital aus unserer Apotheke und erhalten es in K\u00fcrze an Ihrer Haust\u00fcr.<\/p>\n<h6 class=\"tt\">Was ist Brallobarbital (Vesparax) und was sind die Verwendungen von ihm?<\/h6>\n<p>Vesparax ist weithin als eine atypische antipsychotische Medizin. Es funktioniert durch die \u00c4nderung <a href=\"https:\/\/de.wikipedia.org\/wiki\/Barbiturate\">der<\/a> Aktivit\u00e4ten der Chemikalien, die in das Gehirn. Dieses Medikament hat sich als geeignet f\u00fcr die Verwendung von nur Erwachsene und sollte nicht gegeben werden, um jemanden unter 18 Jahren.<\/p>\n<h6><strong>Die Verwendungen von Vesparax geh\u00f6ren die folgenden:<\/strong><\/h6>\n<ul>\n<li>Hilft bei der Behandlung von Schizophrenie bei Erwachsenen und Kindern<\/li>\n<li>Bei der Behandlung der bipolaren St\u00f6rung bei Erwachsenen und Kindern<\/li>\n<li>Verwendet in Kombination mit Antidepressiva zur Behandlung der schweren depressiven St\u00f6rung bei Erwachsenen<strong>Wissen Sie, <\/strong>Brallobarbital (Vesparax) von guter Qualit\u00e4t online: Es ist v\u00f6llig klar, dass die Leute der Qualit\u00e4t von online verkauftem Brallobarbital nicht schnell vertrauen, weil sie es nicht physisch untersuchen k\u00f6nnen. Aber es ist nicht dasselbe mit Online-Brallobarbital-Online-Anbietern. Die Produkte hier entsprechen ihrer Beschreibung mit einer hochwertigen Wartung unter der Aufsicht von Experten.\n<p>Schneller &amp; diskreter Versand: Die Lieferung des Brallobarbitals online nach Eingang der Bestellung erfolgt innerhalb des zugesagten Zeitrahmens. Das Versandteam setzt alles daran, den Versand- und Liefervorgang reibungslos und schnell zu gestalten. Auch beim Online-Kauf von Brallobarbital vom Profi auf der Online-Plattform k\u00f6nnen Sie exzellente Leistungen erwarten.<\/li>\n<\/ul>\n","protected":false},"excerpt":{"rendered":"<p><strong>Setzen Sie sich mit Online Nembutal Pharmacy in Verbindung<\/strong><\/p>\n<p>Online Nembutal Apotheke ist jetzt nur einen Klick entfernt! Sie k\u00f6nnen uns einen Anruf, Text, oder eine E-Mail geben, um Ihre Fragen gel\u00f6st zu bekommen. Wir werden Ihre Bestellung innerhalb der versprochenen Zeitspanne sicher erf\u00fcllen. Schlagen Sie Ihre Bestellung zu kaufen Vesparax online jetzt!<\/p>\n","protected":false},"featured_media":8952,"comment_status":"open","ping_status":"closed","template":"","meta":{"_acf_changed":false,"_monsterinsights_skip_tracking":false,"_monsterinsights_sitenote_active":false,"_monsterinsights_sitenote_note":"","_monsterinsights_sitenote_category":0},"product_brand":[],"product_cat":[87],"product_tag":[],"class_list":{"0":"post-8921","1":"product","2":"type-product","3":"status-publish","4":"has-post-thumbnail","6":"product_cat-nembutal-pentobarbital","8":"first","9":"instock","10":"shipping-taxable","11":"purchasable","12":"product-type-variable","13":"has-default-attributes"},"acf":[],"yoast_head":"<!-- This site is optimized with the Yoast SEO plugin v27.2 - https:\/\/yoast.com\/product\/yoast-seo-wordpress\/ -->\n<title>Brallobarbital zum Verkauf online ohne Rezept | Global Meds Inc.<\/title>\n<meta name=\"description\" content=\"Brallobarbital zum Verkauf online ohne Rezept. Wir verkaufen Brallobarbital-Pillen in bester Qualit\u00e4t. F\u00fcr weitere Informationen.\" \/>\n<meta name=\"robots\" content=\"index, follow, max-snippet:-1, max-image-preview:large, max-video-preview:-1\" \/>\n<link rel=\"canonical\" href=\"https:\/\/globalmedsonlineinc.com\/de\/product\/nembutal-pentobarbital\/brallobarbital-vesparax\/\" \/>\n<meta property=\"og:locale\" content=\"de_DE\" \/>\n<meta property=\"og:type\" content=\"article\" \/>\n<meta property=\"og:title\" content=\"Brallobarbital zum Verkauf online ohne Rezept | Global Meds Inc.\" \/>\n<meta property=\"og:description\" content=\"Brallobarbital zum Verkauf online ohne Rezept. Wir verkaufen Brallobarbital-Pillen in bester Qualit\u00e4t. F\u00fcr weitere Informationen.\" \/>\n<meta property=\"og:url\" content=\"https:\/\/globalmedsonlineinc.com\/de\/product\/nembutal-pentobarbital\/brallobarbital-vesparax\/\" \/>\n<meta property=\"og:site_name\" content=\"Global Meds Inc\" \/>\n<meta property=\"article:modified_time\" content=\"2024-02-19T11:50:46+00:00\" \/>\n<meta property=\"og:image\" content=\"https:\/\/globalmedsonlineinc.com\/de\/content\/media\/uploads\/sites\/2\/2021\/06\/brallobarbital-Vesparax.jpg\" \/>\n\t<meta property=\"og:image:width\" content=\"600\" \/>\n\t<meta property=\"og:image:height\" content=\"600\" \/>\n\t<meta property=\"og:image:type\" content=\"image\/jpeg\" \/>\n<meta name=\"twitter:card\" content=\"summary_large_image\" \/>\n<meta name=\"twitter:label1\" content=\"Gesch\u00e4tzte Lesezeit\" \/>\n\t<meta name=\"twitter:data1\" content=\"2\u00a0Minuten\" \/>\n<script type=\"application\/ld+json\" class=\"yoast-schema-graph\">{\"@context\":\"https:\/\/schema.org\",\"@graph\":[{\"@type\":\"WebPage\",\"@id\":\"https:\/\/globalmedsonlineinc.com\/de\/product\/nembutal-pentobarbital\/brallobarbital-vesparax\/\",\"url\":\"https:\/\/globalmedsonlineinc.com\/de\/product\/nembutal-pentobarbital\/brallobarbital-vesparax\/\",\"name\":\"Brallobarbital zum Verkauf online ohne Rezept | Global Meds Inc.\",\"isPartOf\":{\"@id\":\"https:\/\/globalmedsonlineinc.com\/de\/#website\"},\"primaryImageOfPage\":{\"@id\":\"https:\/\/globalmedsonlineinc.com\/de\/product\/nembutal-pentobarbital\/brallobarbital-vesparax\/#primaryimage\"},\"image\":{\"@id\":\"https:\/\/globalmedsonlineinc.com\/de\/product\/nembutal-pentobarbital\/brallobarbital-vesparax\/#primaryimage\"},\"thumbnailUrl\":\"https:\/\/globalmedsonlineinc.com\/de\/content\/media\/uploads\/sites\/2\/2021\/06\/brallobarbital-Vesparax.jpg\",\"datePublished\":\"2021-06-30T20:42:49+00:00\",\"dateModified\":\"2024-02-19T11:50:46+00:00\",\"description\":\"Brallobarbital zum Verkauf online ohne Rezept. Wir verkaufen Brallobarbital-Pillen in bester Qualit\u00e4t. F\u00fcr weitere Informationen.\",\"breadcrumb\":{\"@id\":\"https:\/\/globalmedsonlineinc.com\/de\/product\/nembutal-pentobarbital\/brallobarbital-vesparax\/#breadcrumb\"},\"inLanguage\":\"de\",\"potentialAction\":[{\"@type\":\"ReadAction\",\"target\":[\"https:\/\/globalmedsonlineinc.com\/de\/product\/nembutal-pentobarbital\/brallobarbital-vesparax\/\"]}]},{\"@type\":\"ImageObject\",\"inLanguage\":\"de\",\"@id\":\"https:\/\/globalmedsonlineinc.com\/de\/product\/nembutal-pentobarbital\/brallobarbital-vesparax\/#primaryimage\",\"url\":\"https:\/\/globalmedsonlineinc.com\/de\/content\/media\/uploads\/sites\/2\/2021\/06\/brallobarbital-Vesparax.jpg\",\"contentUrl\":\"https:\/\/globalmedsonlineinc.com\/de\/content\/media\/uploads\/sites\/2\/2021\/06\/brallobarbital-Vesparax.jpg\",\"width\":600,\"height\":600,\"caption\":\"Brallobarbital zum Verkauf online ohne Rezept\"},{\"@type\":\"BreadcrumbList\",\"@id\":\"https:\/\/globalmedsonlineinc.com\/de\/product\/nembutal-pentobarbital\/brallobarbital-vesparax\/#breadcrumb\",\"itemListElement\":[{\"@type\":\"ListItem\",\"position\":1,\"name\":\"Home\",\"item\":\"https:\/\/globalmedsonlineinc.com\/de\/\"},{\"@type\":\"ListItem\",\"position\":2,\"name\":\"Produkte\",\"item\":\"https:\/\/globalmedsonlineinc.com\/de\/produkte\/\"},{\"@type\":\"ListItem\",\"position\":3,\"name\":\"Kaufen Sie Brallobarbital (Vesparax) online\"}]},{\"@type\":\"WebSite\",\"@id\":\"https:\/\/globalmedsonlineinc.com\/de\/#website\",\"url\":\"https:\/\/globalmedsonlineinc.com\/de\/\",\"name\":\"Global Meds Inc\",\"description\":\"\",\"potentialAction\":[{\"@type\":\"SearchAction\",\"target\":{\"@type\":\"EntryPoint\",\"urlTemplate\":\"https:\/\/globalmedsonlineinc.com\/de\/?s={search_term_string}\"},\"query-input\":{\"@type\":\"PropertyValueSpecification\",\"valueRequired\":true,\"valueName\":\"search_term_string\"}}],\"inLanguage\":\"de\"}]}<\/script>\n<!-- \/ Yoast SEO plugin. -->","yoast_head_json":{"title":"Brallobarbital zum Verkauf online ohne Rezept | Global Meds Inc.","description":"Brallobarbital zum Verkauf online ohne Rezept. Wir verkaufen Brallobarbital-Pillen in bester Qualit\u00e4t. F\u00fcr weitere Informationen.","robots":{"index":"index","follow":"follow","max-snippet":"max-snippet:-1","max-image-preview":"max-image-preview:large","max-video-preview":"max-video-preview:-1"},"canonical":"https:\/\/globalmedsonlineinc.com\/de\/product\/nembutal-pentobarbital\/brallobarbital-vesparax\/","og_locale":"de_DE","og_type":"article","og_title":"Brallobarbital zum Verkauf online ohne Rezept | Global Meds Inc.","og_description":"Brallobarbital zum Verkauf online ohne Rezept. Wir verkaufen Brallobarbital-Pillen in bester Qualit\u00e4t. F\u00fcr weitere Informationen.","og_url":"https:\/\/globalmedsonlineinc.com\/de\/product\/nembutal-pentobarbital\/brallobarbital-vesparax\/","og_site_name":"Global Meds Inc","article_modified_time":"2024-02-19T11:50:46+00:00","og_image":[{"width":600,"height":600,"url":"https:\/\/globalmedsonlineinc.com\/de\/content\/media\/uploads\/sites\/2\/2021\/06\/brallobarbital-Vesparax.jpg","type":"image\/jpeg"}],"twitter_card":"summary_large_image","twitter_misc":{"Gesch\u00e4tzte Lesezeit":"2\u00a0Minuten"},"schema":{"@context":"https:\/\/schema.org","@graph":[{"@type":"WebPage","@id":"https:\/\/globalmedsonlineinc.com\/de\/product\/nembutal-pentobarbital\/brallobarbital-vesparax\/","url":"https:\/\/globalmedsonlineinc.com\/de\/product\/nembutal-pentobarbital\/brallobarbital-vesparax\/","name":"Brallobarbital zum Verkauf online ohne Rezept | Global Meds Inc.","isPartOf":{"@id":"https:\/\/globalmedsonlineinc.com\/de\/#website"},"primaryImageOfPage":{"@id":"https:\/\/globalmedsonlineinc.com\/de\/product\/nembutal-pentobarbital\/brallobarbital-vesparax\/#primaryimage"},"image":{"@id":"https:\/\/globalmedsonlineinc.com\/de\/product\/nembutal-pentobarbital\/brallobarbital-vesparax\/#primaryimage"},"thumbnailUrl":"https:\/\/globalmedsonlineinc.com\/de\/content\/media\/uploads\/sites\/2\/2021\/06\/brallobarbital-Vesparax.jpg","datePublished":"2021-06-30T20:42:49+00:00","dateModified":"2024-02-19T11:50:46+00:00","description":"Brallobarbital zum Verkauf online ohne Rezept. Wir verkaufen Brallobarbital-Pillen in bester Qualit\u00e4t. F\u00fcr weitere Informationen.","breadcrumb":{"@id":"https:\/\/globalmedsonlineinc.com\/de\/product\/nembutal-pentobarbital\/brallobarbital-vesparax\/#breadcrumb"},"inLanguage":"de","potentialAction":[{"@type":"ReadAction","target":["https:\/\/globalmedsonlineinc.com\/de\/product\/nembutal-pentobarbital\/brallobarbital-vesparax\/"]}]},{"@type":"ImageObject","inLanguage":"de","@id":"https:\/\/globalmedsonlineinc.com\/de\/product\/nembutal-pentobarbital\/brallobarbital-vesparax\/#primaryimage","url":"https:\/\/globalmedsonlineinc.com\/de\/content\/media\/uploads\/sites\/2\/2021\/06\/brallobarbital-Vesparax.jpg","contentUrl":"https:\/\/globalmedsonlineinc.com\/de\/content\/media\/uploads\/sites\/2\/2021\/06\/brallobarbital-Vesparax.jpg","width":600,"height":600,"caption":"Brallobarbital zum Verkauf online ohne Rezept"},{"@type":"BreadcrumbList","@id":"https:\/\/globalmedsonlineinc.com\/de\/product\/nembutal-pentobarbital\/brallobarbital-vesparax\/#breadcrumb","itemListElement":[{"@type":"ListItem","position":1,"name":"Home","item":"https:\/\/globalmedsonlineinc.com\/de\/"},{"@type":"ListItem","position":2,"name":"Produkte","item":"https:\/\/globalmedsonlineinc.com\/de\/produkte\/"},{"@type":"ListItem","position":3,"name":"Kaufen Sie Brallobarbital (Vesparax) online"}]},{"@type":"WebSite","@id":"https:\/\/globalmedsonlineinc.com\/de\/#website","url":"https:\/\/globalmedsonlineinc.com\/de\/","name":"Global Meds Inc","description":"","potentialAction":[{"@type":"SearchAction","target":{"@type":"EntryPoint","urlTemplate":"https:\/\/globalmedsonlineinc.com\/de\/?s={search_term_string}"},"query-input":{"@type":"PropertyValueSpecification","valueRequired":true,"valueName":"search_term_string"}}],"inLanguage":"de"}]}},"_links":{"self":[{"href":"https:\/\/globalmedsonlineinc.com\/de\/wp-json\/wp\/v2\/product\/8921","targetHints":{"allow":["GET"]}}],"collection":[{"href":"https:\/\/globalmedsonlineinc.com\/de\/wp-json\/wp\/v2\/product"}],"about":[{"href":"https:\/\/globalmedsonlineinc.com\/de\/wp-json\/wp\/v2\/types\/product"}],"replies":[{"embeddable":true,"href":"https:\/\/globalmedsonlineinc.com\/de\/wp-json\/wp\/v2\/comments?post=8921"}],"wp:featuredmedia":[{"embeddable":true,"href":"https:\/\/globalmedsonlineinc.com\/de\/wp-json\/wp\/v2\/media\/8952"}],"wp:attachment":[{"href":"https:\/\/globalmedsonlineinc.com\/de\/wp-json\/wp\/v2\/media?parent=8921"}],"wp:term":[{"taxonomy":"product_brand","embeddable":true,"href":"https:\/\/globalmedsonlineinc.com\/de\/wp-json\/wp\/v2\/product_brand?post=8921"},{"taxonomy":"product_cat","embeddable":true,"href":"https:\/\/globalmedsonlineinc.com\/de\/wp-json\/wp\/v2\/product_cat?post=8921"},{"taxonomy":"product_tag","embeddable":true,"href":"https:\/\/globalmedsonlineinc.com\/de\/wp-json\/wp\/v2\/product_tag?post=8921"}],"curies":[{"name":"wp","href":"https:\/\/api.w.org\/{rel}","templated":true}]}}