{"id":8920,"date":"2021-06-30T20:42:25","date_gmt":"2021-06-30T20:42:25","guid":{"rendered":"https:\/\/globalmedsonlineinc.com\/de\/?post_type=product&#038;p=8920"},"modified":"2024-02-19T11:51:42","modified_gmt":"2024-02-19T11:51:42","slug":"aprobarbiton","status":"publish","type":"product","link":"https:\/\/globalmedsonlineinc.com\/de\/product\/nembutal-pentobarbital\/aprobarbiton\/","title":{"rendered":"Kaufen Sie Aprobarbiton online"},"content":{"rendered":"<h1><span class=\"VIiyi\" lang=\"de\"><span class=\"JLqJ4b ChMk0b\" data-language-for-alternatives=\"de\" data-language-to-translate-into=\"en\" data-phrase-index=\"0\">Aprobarbiton zum Verkauf online ohne Rezept<\/span><\/span><\/h1>\n<p class=\"tt\"><span class=\"VIiyi\" lang=\"de\"><span class=\"JLqJ4b ChMk0b\" data-language-for-alternatives=\"de\" data-language-to-translate-into=\"en\" data-phrase-index=\"0\"><a href=\"https:\/\/globalmedsonlineinc.com\/de\/product\/nembutal-pentobarbital\/aprobarbiton\/\">Aprobarbiton zum Verkauf<\/a> online ohne Rezept<\/span><\/span>. Kaufen Sie Aprobarbiton Online von der Top-Notch Online Nembutal Apotheke<\/p>\n<p>Online-Nembutal-Apotheke hat in dieser Branche f\u00fcr eine lange Zeit gearbeitet. Wir haben jetzt vollst\u00e4ndig verstanden, die Perspektiven und Anforderungen der Kunden aus der ganzen Welt. Wir sind hier, um alle Anforderungen bez\u00fcglich Aprobarbiton zu erf\u00fcllen. Wenn Sie Aprobarbitone online kaufen wollen, dann ist unsere Apotheke die beste, um es zu tun. Wir sind mit diesem medizinischen Produkt zu bescheidenen Preisen zur Verf\u00fcgung. Sie k\u00f6nnen es bequem bei uns kaufen und wir werden es Ihnen innerhalb der genannten Zeitspanne liefern.<\/p>\n<h6 class=\"tt\">Was kann Aprobarbiton f\u00fcr Sie tun?<\/h6>\n<p>Die Verwendung von Aprobarbitone kann Ihnen helfen, eine gute Nachtruhe zu bekommen. Kurz gesagt, es ist eine perfekte Behandlung f\u00fcr Menschen mit Schlaflosigkeit. Es ist bekannt f\u00fcr seine unglaublichen Eigenschaften, ein Beruhigungsmittel, Hypnotikum und Antikonvulsivum zu sein.<\/p>\n<h6 class=\"tt\">Warum sollten Sie uns w\u00e4hlen, um Aprobarbitone online zu kaufen?<\/h6>\n<p>Wir sind ein spezialisiertes Team von Menschen, die tiefgreifende Erfahrungen auf dem Gebiet der Medikamente und Drogen sind. Auf der Oberseite von, dass wir Aprobarbitone und andere Produkte in allen Teilen der world.you k\u00f6nnen jetzt kaufen Aprobarbitone online zum besten Preis von zu Hause aus selbst. Wir sind nur einen Klick entfernt. <a href=\"https:\/\/de.wikipedia.org\/wiki\/Barbiturate\">Geben<\/a> Sie Ihre Bestellung auf, um Aprobarbitone heute online zu kaufen und es bald an Ihre angegebene Adresse geliefert zu bekommen.<\/p>\n<p>Aprobarbitone (Vesparax) von guter Qualit\u00e4t online: Es ist v\u00f6llig klar, dass die Leute der Qualit\u00e4t von online verkauftem Aprobarbitone nicht schnell vertrauen, weil sie es nicht physisch untersuchen k\u00f6nnen. Bei den Online-Anbietern von Aprobarbitone ist es jedoch nicht dasselbe. Die Produkte hier entsprechen ihrer Beschreibung mit einer hochwertigen Wartung unter der Aufsicht von Experten.<\/p>\n<p>Schneller &amp; diskreter Versand: Die Lieferung des Aprobarbitone online nach Eingang der Bestellung erfolgt innerhalb des zugesagten Zeitrahmens. Das Versandteam setzt alles daran, den Versand- und Liefervorgang reibungslos und schnell zu gestalten. Auch beim Online-Kauf von Aprobarbitone vom Profi auf der Online-Plattform k\u00f6nnen Sie exzellente Leistungen erwarten.<\/p>\n","protected":false},"excerpt":{"rendered":"<p><strong>Wie bestellt man Aprobarbitone bei Online Nembutal Pharmacy?<\/strong><\/p>\n<p>Online Nembutal Apotheke ist ein perfektes Ziel, um Ihre Bed\u00fcrfnisse und Anforderungen in Bezug auf Aprobarbitone zu erf\u00fcllen. Sie k\u00f6nnen einfach Ihr Medikament in den Warenkorb legen, den Bezahlvorgang abschlie\u00dfen und eine Bestellung auf unserer Website aufgeben. Erreichen Sie unsere Apotheke jetzt und erhalten Sie das Beste f\u00fcr Ihre Gesundheit.Get Aprobarbital zum Verkauf heute!<\/p>\n","protected":false},"featured_media":8950,"comment_status":"open","ping_status":"closed","template":"","meta":{"_acf_changed":false,"_monsterinsights_skip_tracking":false,"_monsterinsights_sitenote_active":false,"_monsterinsights_sitenote_note":"","_monsterinsights_sitenote_category":0},"product_brand":[],"product_cat":[87],"product_tag":[],"class_list":{"0":"post-8920","1":"product","2":"type-product","3":"status-publish","4":"has-post-thumbnail","6":"product_cat-nembutal-pentobarbital","8":"first","9":"instock","10":"featured","11":"shipping-taxable","12":"purchasable","13":"product-type-variable","14":"has-default-attributes"},"acf":[],"yoast_head":"<!-- This site is optimized with the Yoast SEO plugin v27.2 - https:\/\/yoast.com\/product\/yoast-seo-wordpress\/ -->\n<title>Aprobarbiton zum Verkauf online ohne Rezept | Global Meds Inc.<\/title>\n<meta name=\"description\" content=\"Aprobarbiton zum Verkauf online ohne Rezept. Wir verkaufen Aprobarbiton-Pillen in bester Qualit\u00e4t. F\u00fcr weitere Informationen.\" \/>\n<meta name=\"robots\" content=\"index, follow, max-snippet:-1, max-image-preview:large, max-video-preview:-1\" \/>\n<link rel=\"canonical\" href=\"https:\/\/globalmedsonlineinc.com\/de\/product\/nembutal-pentobarbital\/aprobarbiton\/\" \/>\n<meta property=\"og:locale\" content=\"de_DE\" \/>\n<meta property=\"og:type\" content=\"article\" \/>\n<meta property=\"og:title\" content=\"Aprobarbiton zum Verkauf online ohne Rezept | Global Meds Inc.\" \/>\n<meta property=\"og:description\" content=\"Aprobarbiton zum Verkauf online ohne Rezept. Wir verkaufen Aprobarbiton-Pillen in bester Qualit\u00e4t. F\u00fcr weitere Informationen.\" \/>\n<meta property=\"og:url\" content=\"https:\/\/globalmedsonlineinc.com\/de\/product\/nembutal-pentobarbital\/aprobarbiton\/\" \/>\n<meta property=\"og:site_name\" content=\"Global Meds Inc\" \/>\n<meta property=\"article:modified_time\" content=\"2024-02-19T11:51:42+00:00\" \/>\n<meta property=\"og:image\" content=\"https:\/\/globalmedsonlineinc.com\/de\/content\/media\/uploads\/sites\/2\/2021\/06\/Aprobarbitone-1.jpg\" \/>\n\t<meta property=\"og:image:width\" content=\"600\" \/>\n\t<meta property=\"og:image:height\" content=\"600\" \/>\n\t<meta property=\"og:image:type\" content=\"image\/jpeg\" \/>\n<meta name=\"twitter:card\" content=\"summary_large_image\" \/>\n<meta name=\"twitter:label1\" content=\"Gesch\u00e4tzte Lesezeit\" \/>\n\t<meta name=\"twitter:data1\" content=\"2\u00a0Minuten\" \/>\n<script type=\"application\/ld+json\" class=\"yoast-schema-graph\">{\"@context\":\"https:\/\/schema.org\",\"@graph\":[{\"@type\":\"WebPage\",\"@id\":\"https:\/\/globalmedsonlineinc.com\/de\/product\/nembutal-pentobarbital\/aprobarbiton\/\",\"url\":\"https:\/\/globalmedsonlineinc.com\/de\/product\/nembutal-pentobarbital\/aprobarbiton\/\",\"name\":\"Aprobarbiton zum Verkauf online ohne Rezept | Global Meds Inc.\",\"isPartOf\":{\"@id\":\"https:\/\/globalmedsonlineinc.com\/de\/#website\"},\"primaryImageOfPage\":{\"@id\":\"https:\/\/globalmedsonlineinc.com\/de\/product\/nembutal-pentobarbital\/aprobarbiton\/#primaryimage\"},\"image\":{\"@id\":\"https:\/\/globalmedsonlineinc.com\/de\/product\/nembutal-pentobarbital\/aprobarbiton\/#primaryimage\"},\"thumbnailUrl\":\"https:\/\/globalmedsonlineinc.com\/de\/content\/media\/uploads\/sites\/2\/2021\/06\/Aprobarbitone-1.jpg\",\"datePublished\":\"2021-06-30T20:42:25+00:00\",\"dateModified\":\"2024-02-19T11:51:42+00:00\",\"description\":\"Aprobarbiton zum Verkauf online ohne Rezept. Wir verkaufen Aprobarbiton-Pillen in bester Qualit\u00e4t. F\u00fcr weitere Informationen.\",\"breadcrumb\":{\"@id\":\"https:\/\/globalmedsonlineinc.com\/de\/product\/nembutal-pentobarbital\/aprobarbiton\/#breadcrumb\"},\"inLanguage\":\"de\",\"potentialAction\":[{\"@type\":\"ReadAction\",\"target\":[\"https:\/\/globalmedsonlineinc.com\/de\/product\/nembutal-pentobarbital\/aprobarbiton\/\"]}]},{\"@type\":\"ImageObject\",\"inLanguage\":\"de\",\"@id\":\"https:\/\/globalmedsonlineinc.com\/de\/product\/nembutal-pentobarbital\/aprobarbiton\/#primaryimage\",\"url\":\"https:\/\/globalmedsonlineinc.com\/de\/content\/media\/uploads\/sites\/2\/2021\/06\/Aprobarbitone-1.jpg\",\"contentUrl\":\"https:\/\/globalmedsonlineinc.com\/de\/content\/media\/uploads\/sites\/2\/2021\/06\/Aprobarbitone-1.jpg\",\"width\":600,\"height\":600,\"caption\":\"Aprobarbiton zum Verkauf online ohne Rezept\"},{\"@type\":\"BreadcrumbList\",\"@id\":\"https:\/\/globalmedsonlineinc.com\/de\/product\/nembutal-pentobarbital\/aprobarbiton\/#breadcrumb\",\"itemListElement\":[{\"@type\":\"ListItem\",\"position\":1,\"name\":\"Home\",\"item\":\"https:\/\/globalmedsonlineinc.com\/de\/\"},{\"@type\":\"ListItem\",\"position\":2,\"name\":\"Produkte\",\"item\":\"https:\/\/globalmedsonlineinc.com\/de\/produkte\/\"},{\"@type\":\"ListItem\",\"position\":3,\"name\":\"Kaufen Sie Aprobarbiton online\"}]},{\"@type\":\"WebSite\",\"@id\":\"https:\/\/globalmedsonlineinc.com\/de\/#website\",\"url\":\"https:\/\/globalmedsonlineinc.com\/de\/\",\"name\":\"Global Meds Inc\",\"description\":\"\",\"potentialAction\":[{\"@type\":\"SearchAction\",\"target\":{\"@type\":\"EntryPoint\",\"urlTemplate\":\"https:\/\/globalmedsonlineinc.com\/de\/?s={search_term_string}\"},\"query-input\":{\"@type\":\"PropertyValueSpecification\",\"valueRequired\":true,\"valueName\":\"search_term_string\"}}],\"inLanguage\":\"de\"}]}<\/script>\n<!-- \/ Yoast SEO plugin. -->","yoast_head_json":{"title":"Aprobarbiton zum Verkauf online ohne Rezept | Global Meds Inc.","description":"Aprobarbiton zum Verkauf online ohne Rezept. Wir verkaufen Aprobarbiton-Pillen in bester Qualit\u00e4t. F\u00fcr weitere Informationen.","robots":{"index":"index","follow":"follow","max-snippet":"max-snippet:-1","max-image-preview":"max-image-preview:large","max-video-preview":"max-video-preview:-1"},"canonical":"https:\/\/globalmedsonlineinc.com\/de\/product\/nembutal-pentobarbital\/aprobarbiton\/","og_locale":"de_DE","og_type":"article","og_title":"Aprobarbiton zum Verkauf online ohne Rezept | Global Meds Inc.","og_description":"Aprobarbiton zum Verkauf online ohne Rezept. Wir verkaufen Aprobarbiton-Pillen in bester Qualit\u00e4t. F\u00fcr weitere Informationen.","og_url":"https:\/\/globalmedsonlineinc.com\/de\/product\/nembutal-pentobarbital\/aprobarbiton\/","og_site_name":"Global Meds Inc","article_modified_time":"2024-02-19T11:51:42+00:00","og_image":[{"width":600,"height":600,"url":"https:\/\/globalmedsonlineinc.com\/de\/content\/media\/uploads\/sites\/2\/2021\/06\/Aprobarbitone-1.jpg","type":"image\/jpeg"}],"twitter_card":"summary_large_image","twitter_misc":{"Gesch\u00e4tzte Lesezeit":"2\u00a0Minuten"},"schema":{"@context":"https:\/\/schema.org","@graph":[{"@type":"WebPage","@id":"https:\/\/globalmedsonlineinc.com\/de\/product\/nembutal-pentobarbital\/aprobarbiton\/","url":"https:\/\/globalmedsonlineinc.com\/de\/product\/nembutal-pentobarbital\/aprobarbiton\/","name":"Aprobarbiton zum Verkauf online ohne Rezept | Global Meds Inc.","isPartOf":{"@id":"https:\/\/globalmedsonlineinc.com\/de\/#website"},"primaryImageOfPage":{"@id":"https:\/\/globalmedsonlineinc.com\/de\/product\/nembutal-pentobarbital\/aprobarbiton\/#primaryimage"},"image":{"@id":"https:\/\/globalmedsonlineinc.com\/de\/product\/nembutal-pentobarbital\/aprobarbiton\/#primaryimage"},"thumbnailUrl":"https:\/\/globalmedsonlineinc.com\/de\/content\/media\/uploads\/sites\/2\/2021\/06\/Aprobarbitone-1.jpg","datePublished":"2021-06-30T20:42:25+00:00","dateModified":"2024-02-19T11:51:42+00:00","description":"Aprobarbiton zum Verkauf online ohne Rezept. Wir verkaufen Aprobarbiton-Pillen in bester Qualit\u00e4t. F\u00fcr weitere Informationen.","breadcrumb":{"@id":"https:\/\/globalmedsonlineinc.com\/de\/product\/nembutal-pentobarbital\/aprobarbiton\/#breadcrumb"},"inLanguage":"de","potentialAction":[{"@type":"ReadAction","target":["https:\/\/globalmedsonlineinc.com\/de\/product\/nembutal-pentobarbital\/aprobarbiton\/"]}]},{"@type":"ImageObject","inLanguage":"de","@id":"https:\/\/globalmedsonlineinc.com\/de\/product\/nembutal-pentobarbital\/aprobarbiton\/#primaryimage","url":"https:\/\/globalmedsonlineinc.com\/de\/content\/media\/uploads\/sites\/2\/2021\/06\/Aprobarbitone-1.jpg","contentUrl":"https:\/\/globalmedsonlineinc.com\/de\/content\/media\/uploads\/sites\/2\/2021\/06\/Aprobarbitone-1.jpg","width":600,"height":600,"caption":"Aprobarbiton zum Verkauf online ohne Rezept"},{"@type":"BreadcrumbList","@id":"https:\/\/globalmedsonlineinc.com\/de\/product\/nembutal-pentobarbital\/aprobarbiton\/#breadcrumb","itemListElement":[{"@type":"ListItem","position":1,"name":"Home","item":"https:\/\/globalmedsonlineinc.com\/de\/"},{"@type":"ListItem","position":2,"name":"Produkte","item":"https:\/\/globalmedsonlineinc.com\/de\/produkte\/"},{"@type":"ListItem","position":3,"name":"Kaufen Sie Aprobarbiton online"}]},{"@type":"WebSite","@id":"https:\/\/globalmedsonlineinc.com\/de\/#website","url":"https:\/\/globalmedsonlineinc.com\/de\/","name":"Global Meds Inc","description":"","potentialAction":[{"@type":"SearchAction","target":{"@type":"EntryPoint","urlTemplate":"https:\/\/globalmedsonlineinc.com\/de\/?s={search_term_string}"},"query-input":{"@type":"PropertyValueSpecification","valueRequired":true,"valueName":"search_term_string"}}],"inLanguage":"de"}]}},"_links":{"self":[{"href":"https:\/\/globalmedsonlineinc.com\/de\/wp-json\/wp\/v2\/product\/8920","targetHints":{"allow":["GET"]}}],"collection":[{"href":"https:\/\/globalmedsonlineinc.com\/de\/wp-json\/wp\/v2\/product"}],"about":[{"href":"https:\/\/globalmedsonlineinc.com\/de\/wp-json\/wp\/v2\/types\/product"}],"replies":[{"embeddable":true,"href":"https:\/\/globalmedsonlineinc.com\/de\/wp-json\/wp\/v2\/comments?post=8920"}],"wp:featuredmedia":[{"embeddable":true,"href":"https:\/\/globalmedsonlineinc.com\/de\/wp-json\/wp\/v2\/media\/8950"}],"wp:attachment":[{"href":"https:\/\/globalmedsonlineinc.com\/de\/wp-json\/wp\/v2\/media?parent=8920"}],"wp:term":[{"taxonomy":"product_brand","embeddable":true,"href":"https:\/\/globalmedsonlineinc.com\/de\/wp-json\/wp\/v2\/product_brand?post=8920"},{"taxonomy":"product_cat","embeddable":true,"href":"https:\/\/globalmedsonlineinc.com\/de\/wp-json\/wp\/v2\/product_cat?post=8920"},{"taxonomy":"product_tag","embeddable":true,"href":"https:\/\/globalmedsonlineinc.com\/de\/wp-json\/wp\/v2\/product_tag?post=8920"}],"curies":[{"name":"wp","href":"https:\/\/api.w.org\/{rel}","templated":true}]}}