{"id":10628,"date":"2021-11-05T08:09:26","date_gmt":"2021-11-05T08:09:26","guid":{"rendered":"https:\/\/globalmedsonlineinc.com\/de\/?post_type=product&#038;p=10628"},"modified":"2024-02-19T10:49:06","modified_gmt":"2024-02-19T10:49:06","slug":"gamma-hydroxybutyrat-ghb-pulver-online-kaufen","status":"publish","type":"product","link":"https:\/\/globalmedsonlineinc.com\/de\/product\/research-chemicals\/gamma-hydroxybutyrat-ghb-pulver-online-kaufen\/","title":{"rendered":"Gamma-Hydroxybutyrat (GHB)-Pulver online kaufen"},"content":{"rendered":"<h1><strong>Gamma Hydroxybutyrat (GHB) Pulver online kaufen<\/strong><\/h1>\n<p>Gamma-Hydroxybutyrat (GHB) Pulver online kaufen. Gamma-Hydroxybutters\u00e4ure oder \u03b3-Hydroxybutters\u00e4ure (GHB), auch bekannt als 4-Hydroxybutans\u00e4ure, ist ein nat\u00fcrlich vorkommender Neurotransmitter und eine psychoaktive Droge. Sie ist ein Vorl\u00e4ufer von GABA, Glutamat und Glycin in bestimmten Gehirnbereichen. Sie wirkt auf den GHB-Rezeptor und ist ein schwacher Agonist am GABAB-Rezeptor. GHB wird in der Medizin als allgemeines An\u00e4sthetikum und zur Behandlung von Kataplexie, Narkolepsie und Alkoholismus eingesetzt. Es wird auch illegal als Rauschmittel, als leistungssteigerndes Mittel f\u00fcr Sportler, als Vergewaltigungsdroge und als Freizeitdroge verwendet.<\/p>\n<p>Es wird \u00fcblicherweise in Form eines Salzes wie Natrium-\u03b3-hydroxybutyrat (NaGHB, Natrium oxybate, oder Xyrem) oder Kalium-\u03b3-hydroxybutyrat (KGHB, Kaliumoxybat) verwendet. GHB entsteht auch bei der G\u00e4rung und ist in geringen Mengen in einigen Bieren und Weinen, Rindfleisch und kleinen Zitrusfr\u00fcchten enthalten.<\/p>\n<p>Wir sind professionelle Anbieter, die ihre Pflichten und Verantwortung gegen\u00fcber den Kunden stets ernst nehmen. Die Preise bei den Online-Lieferanten f\u00fcr den Kauf von Gamma-Hydroxybutyrat (GHB) Online oder andere verwandte Produkte ist angemessen und erschwinglich f\u00fcr alle. Es besteht keine Notwendigkeit, ein Verm\u00f6gen f\u00fcr den Kauf dieser Produkte auszugeben.<\/p>\n<p>Das Team von F\u00fchrungskr\u00e4ften wird sich um die Details Ihrer Bestellung k\u00fcmmern und versuchen, sie so <a href=\"https:\/\/de.wikipedia.org\/wiki\/4-Hydroxybutans\u00e4ure\">schnell<\/a> wie m\u00f6glich zu erledigen. Das Verpackungsteam wird Ihre Bestellung mit \u00e4u\u00dferster Pr\u00e4zision verpacken, um sicherzustellen, dass sie w\u00e4hrend des Transports nicht besch\u00e4digt wird. Sie k\u00f6nnen also sehen, wie einfach es bei uns ist. Sie k\u00f6nnen Gamma Hydroxybutyrat (GHB) Online in die USA, Europa, Australien, USA, CHINA, Kanada und warum nicht weltweit bestellen.<\/p>\n<p>Es ist vergangene Zeit, als man verwendet, um wirklich hart zu k\u00e4mpfen, um Gamma-Hydroxybutyrat (GHB) Online in den Gesch\u00e4ften offline durch Reisen Kilometer zu kaufen und nur, wenn sie verf\u00fcgbar sind. Aber mit dem Fortschritt in der Zeit und Technologie, die Online-Modus ist angekommen. Sie k\u00f6nnen ganz einfach ein Gesch\u00e4ft mit Ihren Ger\u00e4ten direkt an Ihrem Platz kontaktieren und Gamma-Hydroxybutyrat (GHB) Online bestellen. Es gibt keine Notwendigkeit zu reisen \u00fcberall mehr k\u00f6nnen Sie immer bestellen Gamma Hydroxybutyrate (GHB) online mit uns.<\/p>\n","protected":false},"excerpt":{"rendered":"<p>Gamma Hydroxybutyrat (GHB) Pulver online kaufen. Unser GHB-Pulver ist 100% laborgepr\u00fcft. Wir versenden unser GHB-Pulver als diskrete und Expresslieferung international.<\/p>\n","protected":false},"featured_media":10635,"comment_status":"open","ping_status":"closed","template":"","meta":{"_acf_changed":false,"_monsterinsights_skip_tracking":false,"_monsterinsights_sitenote_active":false,"_monsterinsights_sitenote_note":"","_monsterinsights_sitenote_category":0},"product_brand":[],"product_cat":[53],"product_tag":[],"class_list":{"0":"post-10628","1":"product","2":"type-product","3":"status-publish","4":"has-post-thumbnail","6":"product_cat-research-chemicals","8":"first","9":"instock","10":"shipping-taxable","11":"purchasable","12":"product-type-simple"},"acf":[],"yoast_head":"<!-- This site is optimized with the Yoast SEO plugin v27.2 - https:\/\/yoast.com\/product\/yoast-seo-wordpress\/ -->\n<title>Gamma-Hydroxybutyrat (GHB)-Pulver online kaufen - Global Meds Inc<\/title>\n<meta name=\"description\" content=\"Gamma Hydroxybutyrat (GHB) Pulver online kaufen. Wir verkaufen GHB Pulver von bester Qualit\u00e4t. F\u00fcr weitere Informationen.\" \/>\n<meta name=\"robots\" content=\"index, follow, max-snippet:-1, max-image-preview:large, max-video-preview:-1\" \/>\n<link rel=\"canonical\" href=\"https:\/\/globalmedsonlineinc.com\/de\/product\/research-chemicals\/gamma-hydroxybutyrat-ghb-pulver-online-kaufen\/\" \/>\n<meta property=\"og:locale\" content=\"de_DE\" \/>\n<meta property=\"og:type\" content=\"article\" \/>\n<meta property=\"og:title\" content=\"Gamma-Hydroxybutyrat (GHB)-Pulver online kaufen - Global Meds Inc\" \/>\n<meta property=\"og:description\" content=\"Gamma Hydroxybutyrat (GHB) Pulver online kaufen. Wir verkaufen GHB Pulver von bester Qualit\u00e4t. F\u00fcr weitere Informationen.\" \/>\n<meta property=\"og:url\" content=\"https:\/\/globalmedsonlineinc.com\/de\/product\/research-chemicals\/gamma-hydroxybutyrat-ghb-pulver-online-kaufen\/\" \/>\n<meta property=\"og:site_name\" content=\"Global Meds Inc\" \/>\n<meta property=\"article:modified_time\" content=\"2024-02-19T10:49:06+00:00\" \/>\n<meta property=\"og:image\" content=\"https:\/\/globalmedsonlineinc.com\/de\/content\/media\/uploads\/sites\/2\/2021\/11\/Gamma-hydroxybutyrate-powder.jpg\" \/>\n\t<meta property=\"og:image:width\" content=\"600\" \/>\n\t<meta property=\"og:image:height\" content=\"600\" \/>\n\t<meta property=\"og:image:type\" content=\"image\/jpeg\" \/>\n<meta name=\"twitter:card\" content=\"summary_large_image\" \/>\n<meta name=\"twitter:label1\" content=\"Gesch\u00e4tzte Lesezeit\" \/>\n\t<meta name=\"twitter:data1\" content=\"2\u00a0Minuten\" \/>\n<script type=\"application\/ld+json\" class=\"yoast-schema-graph\">{\"@context\":\"https:\/\/schema.org\",\"@graph\":[{\"@type\":\"WebPage\",\"@id\":\"https:\/\/globalmedsonlineinc.com\/de\/product\/research-chemicals\/gamma-hydroxybutyrat-ghb-pulver-online-kaufen\/\",\"url\":\"https:\/\/globalmedsonlineinc.com\/de\/product\/research-chemicals\/gamma-hydroxybutyrat-ghb-pulver-online-kaufen\/\",\"name\":\"Gamma-Hydroxybutyrat (GHB)-Pulver online kaufen - Global Meds Inc\",\"isPartOf\":{\"@id\":\"https:\/\/globalmedsonlineinc.com\/de\/#website\"},\"primaryImageOfPage\":{\"@id\":\"https:\/\/globalmedsonlineinc.com\/de\/product\/research-chemicals\/gamma-hydroxybutyrat-ghb-pulver-online-kaufen\/#primaryimage\"},\"image\":{\"@id\":\"https:\/\/globalmedsonlineinc.com\/de\/product\/research-chemicals\/gamma-hydroxybutyrat-ghb-pulver-online-kaufen\/#primaryimage\"},\"thumbnailUrl\":\"https:\/\/globalmedsonlineinc.com\/de\/content\/media\/uploads\/sites\/2\/2021\/11\/Gamma-hydroxybutyrate-powder.jpg\",\"datePublished\":\"2021-11-05T08:09:26+00:00\",\"dateModified\":\"2024-02-19T10:49:06+00:00\",\"description\":\"Gamma Hydroxybutyrat (GHB) Pulver online kaufen. Wir verkaufen GHB Pulver von bester Qualit\u00e4t. F\u00fcr weitere Informationen.\",\"breadcrumb\":{\"@id\":\"https:\/\/globalmedsonlineinc.com\/de\/product\/research-chemicals\/gamma-hydroxybutyrat-ghb-pulver-online-kaufen\/#breadcrumb\"},\"inLanguage\":\"de\",\"potentialAction\":[{\"@type\":\"ReadAction\",\"target\":[\"https:\/\/globalmedsonlineinc.com\/de\/product\/research-chemicals\/gamma-hydroxybutyrat-ghb-pulver-online-kaufen\/\"]}]},{\"@type\":\"ImageObject\",\"inLanguage\":\"de\",\"@id\":\"https:\/\/globalmedsonlineinc.com\/de\/product\/research-chemicals\/gamma-hydroxybutyrat-ghb-pulver-online-kaufen\/#primaryimage\",\"url\":\"https:\/\/globalmedsonlineinc.com\/de\/content\/media\/uploads\/sites\/2\/2021\/11\/Gamma-hydroxybutyrate-powder.jpg\",\"contentUrl\":\"https:\/\/globalmedsonlineinc.com\/de\/content\/media\/uploads\/sites\/2\/2021\/11\/Gamma-hydroxybutyrate-powder.jpg\",\"width\":600,\"height\":600,\"caption\":\"Gamma Hydroxybutyrat (GHB) Pulver online kaufen\"},{\"@type\":\"BreadcrumbList\",\"@id\":\"https:\/\/globalmedsonlineinc.com\/de\/product\/research-chemicals\/gamma-hydroxybutyrat-ghb-pulver-online-kaufen\/#breadcrumb\",\"itemListElement\":[{\"@type\":\"ListItem\",\"position\":1,\"name\":\"Home\",\"item\":\"https:\/\/globalmedsonlineinc.com\/de\/\"},{\"@type\":\"ListItem\",\"position\":2,\"name\":\"Produkte\",\"item\":\"https:\/\/globalmedsonlineinc.com\/de\/produkte\/\"},{\"@type\":\"ListItem\",\"position\":3,\"name\":\"Gamma-Hydroxybutyrat (GHB)-Pulver online kaufen\"}]},{\"@type\":\"WebSite\",\"@id\":\"https:\/\/globalmedsonlineinc.com\/de\/#website\",\"url\":\"https:\/\/globalmedsonlineinc.com\/de\/\",\"name\":\"Global Meds Inc\",\"description\":\"\",\"potentialAction\":[{\"@type\":\"SearchAction\",\"target\":{\"@type\":\"EntryPoint\",\"urlTemplate\":\"https:\/\/globalmedsonlineinc.com\/de\/?s={search_term_string}\"},\"query-input\":{\"@type\":\"PropertyValueSpecification\",\"valueRequired\":true,\"valueName\":\"search_term_string\"}}],\"inLanguage\":\"de\"}]}<\/script>\n<!-- \/ Yoast SEO plugin. -->","yoast_head_json":{"title":"Gamma-Hydroxybutyrat (GHB)-Pulver online kaufen - Global Meds Inc","description":"Gamma Hydroxybutyrat (GHB) Pulver online kaufen. Wir verkaufen GHB Pulver von bester Qualit\u00e4t. F\u00fcr weitere Informationen.","robots":{"index":"index","follow":"follow","max-snippet":"max-snippet:-1","max-image-preview":"max-image-preview:large","max-video-preview":"max-video-preview:-1"},"canonical":"https:\/\/globalmedsonlineinc.com\/de\/product\/research-chemicals\/gamma-hydroxybutyrat-ghb-pulver-online-kaufen\/","og_locale":"de_DE","og_type":"article","og_title":"Gamma-Hydroxybutyrat (GHB)-Pulver online kaufen - Global Meds Inc","og_description":"Gamma Hydroxybutyrat (GHB) Pulver online kaufen. Wir verkaufen GHB Pulver von bester Qualit\u00e4t. F\u00fcr weitere Informationen.","og_url":"https:\/\/globalmedsonlineinc.com\/de\/product\/research-chemicals\/gamma-hydroxybutyrat-ghb-pulver-online-kaufen\/","og_site_name":"Global Meds Inc","article_modified_time":"2024-02-19T10:49:06+00:00","og_image":[{"width":600,"height":600,"url":"https:\/\/globalmedsonlineinc.com\/de\/content\/media\/uploads\/sites\/2\/2021\/11\/Gamma-hydroxybutyrate-powder.jpg","type":"image\/jpeg"}],"twitter_card":"summary_large_image","twitter_misc":{"Gesch\u00e4tzte Lesezeit":"2\u00a0Minuten"},"schema":{"@context":"https:\/\/schema.org","@graph":[{"@type":"WebPage","@id":"https:\/\/globalmedsonlineinc.com\/de\/product\/research-chemicals\/gamma-hydroxybutyrat-ghb-pulver-online-kaufen\/","url":"https:\/\/globalmedsonlineinc.com\/de\/product\/research-chemicals\/gamma-hydroxybutyrat-ghb-pulver-online-kaufen\/","name":"Gamma-Hydroxybutyrat (GHB)-Pulver online kaufen - Global Meds Inc","isPartOf":{"@id":"https:\/\/globalmedsonlineinc.com\/de\/#website"},"primaryImageOfPage":{"@id":"https:\/\/globalmedsonlineinc.com\/de\/product\/research-chemicals\/gamma-hydroxybutyrat-ghb-pulver-online-kaufen\/#primaryimage"},"image":{"@id":"https:\/\/globalmedsonlineinc.com\/de\/product\/research-chemicals\/gamma-hydroxybutyrat-ghb-pulver-online-kaufen\/#primaryimage"},"thumbnailUrl":"https:\/\/globalmedsonlineinc.com\/de\/content\/media\/uploads\/sites\/2\/2021\/11\/Gamma-hydroxybutyrate-powder.jpg","datePublished":"2021-11-05T08:09:26+00:00","dateModified":"2024-02-19T10:49:06+00:00","description":"Gamma Hydroxybutyrat (GHB) Pulver online kaufen. Wir verkaufen GHB Pulver von bester Qualit\u00e4t. F\u00fcr weitere Informationen.","breadcrumb":{"@id":"https:\/\/globalmedsonlineinc.com\/de\/product\/research-chemicals\/gamma-hydroxybutyrat-ghb-pulver-online-kaufen\/#breadcrumb"},"inLanguage":"de","potentialAction":[{"@type":"ReadAction","target":["https:\/\/globalmedsonlineinc.com\/de\/product\/research-chemicals\/gamma-hydroxybutyrat-ghb-pulver-online-kaufen\/"]}]},{"@type":"ImageObject","inLanguage":"de","@id":"https:\/\/globalmedsonlineinc.com\/de\/product\/research-chemicals\/gamma-hydroxybutyrat-ghb-pulver-online-kaufen\/#primaryimage","url":"https:\/\/globalmedsonlineinc.com\/de\/content\/media\/uploads\/sites\/2\/2021\/11\/Gamma-hydroxybutyrate-powder.jpg","contentUrl":"https:\/\/globalmedsonlineinc.com\/de\/content\/media\/uploads\/sites\/2\/2021\/11\/Gamma-hydroxybutyrate-powder.jpg","width":600,"height":600,"caption":"Gamma Hydroxybutyrat (GHB) Pulver online kaufen"},{"@type":"BreadcrumbList","@id":"https:\/\/globalmedsonlineinc.com\/de\/product\/research-chemicals\/gamma-hydroxybutyrat-ghb-pulver-online-kaufen\/#breadcrumb","itemListElement":[{"@type":"ListItem","position":1,"name":"Home","item":"https:\/\/globalmedsonlineinc.com\/de\/"},{"@type":"ListItem","position":2,"name":"Produkte","item":"https:\/\/globalmedsonlineinc.com\/de\/produkte\/"},{"@type":"ListItem","position":3,"name":"Gamma-Hydroxybutyrat (GHB)-Pulver online kaufen"}]},{"@type":"WebSite","@id":"https:\/\/globalmedsonlineinc.com\/de\/#website","url":"https:\/\/globalmedsonlineinc.com\/de\/","name":"Global Meds Inc","description":"","potentialAction":[{"@type":"SearchAction","target":{"@type":"EntryPoint","urlTemplate":"https:\/\/globalmedsonlineinc.com\/de\/?s={search_term_string}"},"query-input":{"@type":"PropertyValueSpecification","valueRequired":true,"valueName":"search_term_string"}}],"inLanguage":"de"}]}},"_links":{"self":[{"href":"https:\/\/globalmedsonlineinc.com\/de\/wp-json\/wp\/v2\/product\/10628","targetHints":{"allow":["GET"]}}],"collection":[{"href":"https:\/\/globalmedsonlineinc.com\/de\/wp-json\/wp\/v2\/product"}],"about":[{"href":"https:\/\/globalmedsonlineinc.com\/de\/wp-json\/wp\/v2\/types\/product"}],"replies":[{"embeddable":true,"href":"https:\/\/globalmedsonlineinc.com\/de\/wp-json\/wp\/v2\/comments?post=10628"}],"wp:featuredmedia":[{"embeddable":true,"href":"https:\/\/globalmedsonlineinc.com\/de\/wp-json\/wp\/v2\/media\/10635"}],"wp:attachment":[{"href":"https:\/\/globalmedsonlineinc.com\/de\/wp-json\/wp\/v2\/media?parent=10628"}],"wp:term":[{"taxonomy":"product_brand","embeddable":true,"href":"https:\/\/globalmedsonlineinc.com\/de\/wp-json\/wp\/v2\/product_brand?post=10628"},{"taxonomy":"product_cat","embeddable":true,"href":"https:\/\/globalmedsonlineinc.com\/de\/wp-json\/wp\/v2\/product_cat?post=10628"},{"taxonomy":"product_tag","embeddable":true,"href":"https:\/\/globalmedsonlineinc.com\/de\/wp-json\/wp\/v2\/product_tag?post=10628"}],"curies":[{"name":"wp","href":"https:\/\/api.w.org\/{rel}","templated":true}]}}