{"id":1744,"date":"2020-10-21T08:27:27","date_gmt":"2020-10-21T08:27:27","guid":{"rendered":"http:\/\/iqonic.design\/wp-themes\/kivicare\/?page_id=1744"},"modified":"2021-07-16T21:08:18","modified_gmt":"2021-07-16T21:08:18","slug":"faq","status":"publish","type":"page","link":"https:\/\/globalmedsonlineinc.com\/de\/faq\/","title":{"rendered":"FAQ"},"content":{"rendered":"\t\t<div data-elementor-type=\"wp-page\" data-elementor-id=\"1744\" class=\"elementor elementor-1744\">\n\t\t\t\t\t\t<div data-marvy_enable_birds_animation=\"false\" data-marvy_enable_cells_animation=\"false\" data-marvy_enable_dots_animation=\"false\" data-marvy_enable_fog_animation=\"false\" data-marvy_enable_globe_animation=\"false\" data-marvy_enable_halo_animation=\"false\" data-marvy_enable_net_animation=\"false\" data-marvy_enable_trunk_animation=\"false\" data-marvy_enable_fluid_animation=\"false\" data-marvy_enable_digitalStream_animation=\"false\" data-marvy_enable_floating_heart_animation=\"false\" data-marvy_enable_particles_wave_animation=\"false\" data-marvy_enable_dna_animation=\"false\" data-marvy_enable_drop_animation=\"false\" data-marvy_enable_fancy_rotate=\"false\" data-marvy_enable_flying_object=\"false\" data-marvy_enable_ripples_animation=\"false\" data-marvy_enable_waves_animation=\"false\" data-marvy_enable_rings_animation=\"false\" data-marvy_enable_topology_animation=\"false\" data-marvy_enable_gradient_animation=\"false\" data-marvy_enable_snow_animation=\"false\" data-marvy_enable_firework_animation=\"false\" data-marvy_enable_cloud_animation=\"false\" class=\"elementor-section elementor-top-section elementor-element elementor-element-1a58882 elementor-section-boxed elementor-section-height-default elementor-section-height-default\" data-id=\"1a58882\" data-element_type=\"section\" data-e-type=\"section\">\n\t\t\t\t\t\t<div class=\"elementor-container elementor-column-gap-default\">\n\t\t\t\t\t<div class=\"elementor-column elementor-col-100 elementor-top-column elementor-element elementor-element-44aa2ccd\" data-id=\"44aa2ccd\" data-element_type=\"column\" data-e-type=\"column\">\n\t\t\t<div class=\"elementor-widget-wrap elementor-element-populated\">\n\t\t\t\t\t\t<div class=\"elementor-element elementor-element-61468f02 elementor-widget elementor-widget-section_title\" data-id=\"61468f02\" data-element_type=\"widget\" data-e-type=\"widget\" data-widget_type=\"section_title.default\">\n\t\t\t\t<div class=\"elementor-widget-container\">\n\t\t\t\t\t\t<div class=\"text-center iq-title-box\">\n\t\t<div class=\"iq-title-icon\">\n\t\t\t\t\t<\/div>\n\n\t\t<span class=\"iq-subtitle\">FAQ<\/span>\n\t\t<h2 class=\"iq-title iq-heading-title\">\n\t\t\t<span class=\"right-text\">H\u00e4ufig Gestellte<\/span>\n\t\t\t<span class=\"left-text\">Fragen<\/span>\n\t\t<\/h2>\n\t\t\t<\/div>\n\t\t\t\t<\/div>\n\t\t\t\t<\/div>\n\t\t\t\t<div class=\"elementor-element elementor-element-a399fde elementor-absolute elementor-hidden-tablet elementor-hidden-phone elementor-widget__width-auto elementor-widget elementor-widget-Iq_scrolling_text\" data-id=\"a399fde\" data-element_type=\"widget\" data-e-type=\"widget\" data-settings=\"{&quot;_position&quot;:&quot;absolute&quot;}\" data-widget_type=\"Iq_scrolling_text.default\">\n\t\t\t\t<div class=\"elementor-widget-container\">\n\t\t\t\t\t\n<div class=\"scrolling-text middle right\">\n            <div data-bottom=\"transform:translatex(-300px)\" data-top=\"transform:translatex(0);\">\n            FAQ        <\/div>\n    <\/div>\t\t\t\t<\/div>\n\t\t\t\t<\/div>\n\t\t\t\t<div data-marvy_enable_birds_animation=\"false\" data-marvy_enable_cells_animation=\"false\" data-marvy_enable_dots_animation=\"false\" data-marvy_enable_fog_animation=\"false\" data-marvy_enable_globe_animation=\"false\" data-marvy_enable_halo_animation=\"false\" data-marvy_enable_net_animation=\"false\" data-marvy_enable_trunk_animation=\"false\" data-marvy_enable_fluid_animation=\"false\" data-marvy_enable_digitalStream_animation=\"false\" data-marvy_enable_floating_heart_animation=\"false\" data-marvy_enable_particles_wave_animation=\"false\" data-marvy_enable_dna_animation=\"false\" data-marvy_enable_drop_animation=\"false\" data-marvy_enable_fancy_rotate=\"false\" data-marvy_enable_flying_object=\"false\" data-marvy_enable_ripples_animation=\"false\" data-marvy_enable_waves_animation=\"false\" data-marvy_enable_rings_animation=\"false\" data-marvy_enable_topology_animation=\"false\" data-marvy_enable_gradient_animation=\"false\" data-marvy_enable_snow_animation=\"false\" data-marvy_enable_firework_animation=\"false\" data-marvy_enable_cloud_animation=\"false\" class=\"elementor-section elementor-inner-section elementor-element elementor-element-606f3561 elementor-section-boxed elementor-section-height-default elementor-section-height-default\" data-id=\"606f3561\" data-element_type=\"section\" data-e-type=\"section\">\n\t\t\t\t\t\t<div class=\"elementor-container elementor-column-gap-default\">\n\t\t\t\t\t<div class=\"elementor-column elementor-col-100 elementor-inner-column elementor-element elementor-element-3c97a2e\" data-id=\"3c97a2e\" data-element_type=\"column\" data-e-type=\"column\">\n\t\t\t<div class=\"elementor-widget-wrap elementor-element-populated\">\n\t\t\t\t\t\t<div class=\"elementor-element elementor-element-67a6b52 elementor-widget elementor-widget-iqonic_accordion\" data-id=\"67a6b52\" data-element_type=\"widget\" data-e-type=\"widget\" data-widget_type=\"iqonic_accordion.default\">\n\t\t\t\t<div class=\"elementor-widget-container\">\n\t\t\t\t\t<div class=\"iq-accordion iq-accordion-square iq-accordion-classic\">\n  \n    <div class=\"iq-accordion-block iq-active  1\">\n      <div class=\"iq-accordion-title\">\n        <div class=\"iq-icon-right\"><i aria-hidden=\"true\" class=\"ion ion-minus-round active\"><\/i><i aria-hidden=\"true\" class=\"ion ion-plus inactive\"><\/i><\/div>        <h5 class=\"mb-0 accordion-title iq-heading-title\">\n          Ich bin Stammkunde, kann ich einen Rabatt bekommen?        <\/h5>\n      <\/div>\n      <div class=\"iq-accordion-details\">\n        <p class=\"iq-content-text\"> Nein, wir entscheiden, wann wir Rabatte anbieten. Normalerweise werden Sie per E-Mail oder \u00fcber unseren Blog benachrichtigt, also stellen Sie sicher, dass Sie ein Konto anlegen, um alle Rabatte und Angebote zu nutzen. \u00dcberpr\u00fcfen Sie unseren Blog f\u00fcr Angebote auf jetzt! <\/p>\n      <\/div>\n    <\/div>\n  \n    <div class=\"iq-accordion-block   2\">\n      <div class=\"iq-accordion-title\">\n        <div class=\"iq-icon-right\"><i aria-hidden=\"true\" class=\"ion ion-minus-round active\"><\/i><i aria-hidden=\"true\" class=\"ion ion-plus inactive\"><\/i><\/div>        <h5 class=\"mb-0 accordion-title iq-heading-title\">\n          Ich habe auf einer anderen Website Preise gesehen, die g\u00fcnstiger sind als Ihre, werden Sie den Preis anpassen?        <\/h5>\n      <\/div>\n      <div class=\"iq-accordion-details\">\n        <p class=\"iq-content-text\"> Ja, solange die Website ein vertrauensw\u00fcrdiger, seri\u00f6ser EU-Anbieter ist. Senden Sie uns eine E-Mail. <\/p>\n      <\/div>\n    <\/div>\n  \n    <div class=\"iq-accordion-block   3\">\n      <div class=\"iq-accordion-title\">\n        <div class=\"iq-icon-right\"><i aria-hidden=\"true\" class=\"ion ion-minus-round active\"><\/i><i aria-hidden=\"true\" class=\"ion ion-plus inactive\"><\/i><\/div>        <h5 class=\"mb-0 accordion-title iq-heading-title\">\n          Meine Bestellung ist nach 21 Tagen noch nicht angekommen. Kann ich eine R\u00fcckerstattung statt einer erneuten Lieferung erhalten?        <\/h5>\n      <\/div>\n      <div class=\"iq-accordion-details\">\n        <p class=\"iq-content-text\"> Nein, Sie erhalten keine R\u00fcckerstattung, wir sind so freundlich, einen KOSTENLOSEN R\u00fcckversand bei fehlenden verfolgten Bestellungen anzubieten, was mehr ist, als manche Anbieter anbieten, so dass eine R\u00fcckerstattung nicht in Frage kommt. <\/p>\n      <\/div>\n    <\/div>\n  \n    <div class=\"iq-accordion-block   4\">\n      <div class=\"iq-accordion-title\">\n        <div class=\"iq-icon-right\"><i aria-hidden=\"true\" class=\"ion ion-minus-round active\"><\/i><i aria-hidden=\"true\" class=\"ion ion-plus inactive\"><\/i><\/div>        <h5 class=\"mb-0 accordion-title iq-heading-title\">\n          Haben Sie ein Produkt, das nicht auf Ihrer Website aufgef\u00fchrt ist?        <\/h5>\n      <\/div>\n      <div class=\"iq-accordion-details\">\n        <p class=\"iq-content-text\"> Wir k\u00f6nnen die meisten Produkte in jeder beliebigen Menge beschaffen. Wenn es sich um ein Produkt handelt, an dem Sie interessiert sind, k\u00f6nnen Sie uns f\u00fcr weitere Informationen kontaktieren. Wir beschaffen nur Produkte, die nicht auf unserer Website aufgef\u00fchrt sind, wenn die Bestellung 100g oder mehr betr\u00e4gt. <\/p>\n      <\/div>\n    <\/div>\n  \n    <div class=\"iq-accordion-block   5\">\n      <div class=\"iq-accordion-title\">\n        <div class=\"iq-icon-right\"><i aria-hidden=\"true\" class=\"ion ion-minus-round active\"><\/i><i aria-hidden=\"true\" class=\"ion ion-plus inactive\"><\/i><\/div>        <h5 class=\"mb-0 accordion-title iq-heading-title\">\n          Bekomme ich eine Tracking-Nummer mit meiner Bestellung?        <\/h5>\n      <\/div>\n      <div class=\"iq-accordion-details\">\n        <p class=\"iq-content-text\"> Ja, alle Bestellungen werden mit einer Tracking-Nummer geliefert, es sei denn, Sie w\u00e4hlen die Option ohne Tracking (AIRMAIL). Bei Luftpost gibt es keine Versicherung oder R\u00fccksendeoption. <\/p>\n      <\/div>\n    <\/div>\n  \n    <div class=\"iq-accordion-block   6\">\n      <div class=\"iq-accordion-title\">\n        <div class=\"iq-icon-right\"><i aria-hidden=\"true\" class=\"ion ion-minus-round active\"><\/i><i aria-hidden=\"true\" class=\"ion ion-plus inactive\"><\/i><\/div>        <h5 class=\"mb-0 accordion-title iq-heading-title\">\n          Meine Bestellung ist noch nicht angekommen, k\u00f6nnen Sie den Postdienst anrufen und nachfragen, warum sich die Bestellung verz\u00f6gert?        <\/h5>\n      <\/div>\n      <div class=\"iq-accordion-details\">\n        <p class=\"iq-content-text\"> Nein, wir verfolgen keine Bestellungen, bis die 21-Tage-Frist verstrichen ist, und wir werden einfach nur die Bestellung erneut versenden, und dann werden wir eine Forderung f\u00fcr ein verlorenes Paket einreichen, ein Anruf bei der Post wird keine Antworten erhalten. <\/p>\n      <\/div>\n    <\/div>\n  \n    <div class=\"iq-accordion-block   7\">\n      <div class=\"iq-accordion-title\">\n        <div class=\"iq-icon-right\"><i aria-hidden=\"true\" class=\"ion ion-minus-round active\"><\/i><i aria-hidden=\"true\" class=\"ion ion-plus inactive\"><\/i><\/div>        <h5 class=\"mb-0 accordion-title iq-heading-title\">\n          Wie k\u00f6nnen Sie garantieren, dass meine Bestellung an meiner Adresse ankommt?        <\/h5>\n      <\/div>\n      <div class=\"iq-accordion-details\">\n        <p class=\"iq-content-text\"> Wenn Ihre Bestellung nicht ankommt, werden wir sie einfach kostenlos nach 21 Tagen ab Versanddatum erneut versenden (nur verfolgte Bestellungen). Bitte beachten Sie, dass wir nur 1 kostenlose R\u00fccksendung erlauben und es in Ihrer Verantwortung liegt, die Legalit\u00e4t zu \u00fcberpr\u00fcfen, wenn das Paket vom Zoll genommen wurde, weil es in Ihrem Land nicht legal ist oder Ihr Paket nicht als verfolgtes Paket aufgezeichnet wurde, dann werden Sie sich NICHT f\u00fcr eine kostenlose R\u00fccksendung qualifizieren. <\/p>\n      <\/div>\n    <\/div>\n  \n    <div class=\"iq-accordion-block   8\">\n      <div class=\"iq-accordion-title\">\n        <div class=\"iq-icon-right\"><i aria-hidden=\"true\" class=\"ion ion-minus-round active\"><\/i><i aria-hidden=\"true\" class=\"ion ion-plus inactive\"><\/i><\/div>        <h5 class=\"mb-0 accordion-title iq-heading-title\">\n          Wie wird meine Bestellung verpackt?        <\/h5>\n      <\/div>\n      <div class=\"iq-accordion-details\">\n        <p class=\"iq-content-text\"> Alle Auftr\u00e4ge sind Paket sehr sehr diskret in gepolsterten Umschl\u00e4gen und oder enverlopes, keine Erw\u00e4hnung der Produkte Namen oder der Website-Name sind auf der Au\u00dfenseite der Pakete. WICHTIG: Wir verwenden keine R\u00fccksendeadresse. <\/p>\n      <\/div>\n    <\/div>\n  \n    <div class=\"iq-accordion-block   9\">\n      <div class=\"iq-accordion-title\">\n        <div class=\"iq-icon-right\"><i aria-hidden=\"true\" class=\"ion ion-minus-round active\"><\/i><i aria-hidden=\"true\" class=\"ion ion-plus inactive\"><\/i><\/div>        <h5 class=\"mb-0 accordion-title iq-heading-title\">\n          Ist Ihr Unternehmen seri\u00f6s und sicher in der Anwendung?        <\/h5>\n      <\/div>\n      <div class=\"iq-accordion-details\">\n        <p class=\"iq-content-text\"> Die Antwort ist ja, wir sind 100% legitimen Handel in 1 Form oder Form f\u00fcr mehrere Jahre jetzt. Sie k\u00f6nnen online f\u00fcr echte Online-Rezensionen (nicht Trolle) und Bewertungen von ehemaligen Kunden links suchen. <\/p>\n      <\/div>\n    <\/div>\n  \n    <div class=\"iq-accordion-block   10\">\n      <div class=\"iq-accordion-title\">\n        <div class=\"iq-icon-right\"><i aria-hidden=\"true\" class=\"ion ion-minus-round active\"><\/i><i aria-hidden=\"true\" class=\"ion ion-plus inactive\"><\/i><\/div>        <h5 class=\"mb-0 accordion-title iq-heading-title\">\n          Ich habe den falschen Artikel bestellt, kann ich ihn zur\u00fcckgeben oder umtauschen?        <\/h5>\n      <\/div>\n      <div class=\"iq-accordion-details\">\n        <p class=\"iq-content-text\"> Nein, tut mir leid, aufgrund der Natur des Gesch\u00e4fts sind alle Verk\u00e4ufe endg\u00fcltig, Sie haben ab dem Zeitpunkt des Kaufs bis zum Zeitpunkt des Versands, um Ihre Bestellung zu stornieren oder zu \u00e4ndern. keine Ausnahmen! <\/p>\n      <\/div>\n    <\/div>\n  \n    <div class=\"iq-accordion-block   11\">\n      <div class=\"iq-accordion-title\">\n        <div class=\"iq-icon-right\"><i aria-hidden=\"true\" class=\"ion ion-minus-round active\"><\/i><i aria-hidden=\"true\" class=\"ion ion-plus inactive\"><\/i><\/div>        <h5 class=\"mb-0 accordion-title iq-heading-title\">\n          Liefern Sie KOSTENLOSE Muster?        <\/h5>\n      <\/div>\n      <div class=\"iq-accordion-details\">\n        <p class=\"iq-content-text\"> Nein, wir liefern KEINE GRATIS-Muster. Allerdings verkaufen wir kleine Mustermengen auf der Website und sehr preisg\u00fcnstig. <\/p>\n      <\/div>\n    <\/div>\n  \n    <div class=\"iq-accordion-block   12\">\n      <div class=\"iq-accordion-title\">\n        <div class=\"iq-icon-right\"><i aria-hidden=\"true\" class=\"ion ion-minus-round active\"><\/i><i aria-hidden=\"true\" class=\"ion ion-plus inactive\"><\/i><\/div>        <h5 class=\"mb-0 accordion-title iq-heading-title\">\n          Akzeptieren Sie PayPal?        <\/h5>\n      <\/div>\n      <div class=\"iq-accordion-details\">\n        <p class=\"iq-content-text\"> Nein, wir akzeptieren PayPal nicht, weil es gegen die AGB von PayPal verst\u00f6\u00dft und jeder, der PayPal verwendet, um Zahlungen f\u00fcr Research Chemicals entgegenzunehmen, illegal Zahlungen entgegennimmt. Sie und der Verk\u00e4ufer laufen Gefahr, dass Ihr PayPal-Konto geschlossen und Gelder f\u00fcr 180 Tage oder gar nicht gehalten werden. <\/p>\n      <\/div>\n    <\/div>\n  \n    <div class=\"iq-accordion-block   13\">\n      <div class=\"iq-accordion-title\">\n        <div class=\"iq-icon-right\"><i aria-hidden=\"true\" class=\"ion ion-minus-round active\"><\/i><i aria-hidden=\"true\" class=\"ion ion-plus inactive\"><\/i><\/div>        <h5 class=\"mb-0 accordion-title iq-heading-title\">\n          Wie viel kann ich bei Ihnen bestellen?        <\/h5>\n      <\/div>\n      <div class=\"iq-accordion-details\">\n        <p class=\"iq-content-text\"> kontaktieren Sie uns f\u00fcr ein Angebot. <\/p>\n      <\/div>\n    <\/div>\n  \n    <div class=\"iq-accordion-block   14\">\n      <div class=\"iq-accordion-title\">\n        <div class=\"iq-icon-right\"><i aria-hidden=\"true\" class=\"ion ion-minus-round active\"><\/i><i aria-hidden=\"true\" class=\"ion ion-plus inactive\"><\/i><\/div>        <h5 class=\"mb-0 accordion-title iq-heading-title\">\n          Bieten Sie UPS Express-Versand an?        <\/h5>\n      <\/div>\n      <div class=\"iq-accordion-details\">\n        <p class=\"iq-content-text\"> Bald. <\/p>\n      <\/div>\n    <\/div>\n  \n<\/div>\t\t<script type=\"text\/javascript\">\n\t\t\t\/*------------------------\n                Accordion\n                --------------------------*\/\n\t\t\tjQuery('.iq-accordion .iq-accordion-block .iq-accordion-details').hide();\n\t\t\tjQuery('.iq-accordion .iq-accordion-block:first').addClass('iq-active').children().slideDown('slow');\n\t\t\tjQuery('.iq-accordion .iq-accordion-block').on(\"click\", function() {\n\t\t\t\tif (jQuery(this).children('div.iq-accordion-details').is(':hidden')) {\n\t\t\t\t\tjQuery('.iq-accordion .iq-accordion-block').removeClass('iq-active').children('div.iq-accordion-details').slideUp('slow');\n\t\t\t\t\tjQuery(this).toggleClass('iq-active').children('div.iq-accordion-details').slideDown('slow');\n\t\t\t\t}\n\t\t\t});\n\t\t<\/script>\n\t\t\t\t<\/div>\n\t\t\t\t<\/div>\n\t\t\t\t\t<\/div>\n\t\t<\/div>\n\t\t\t\t\t<\/div>\n\t\t<\/div>\n\t\t\t\t\t<\/div>\n\t\t<\/div>\n\t\t\t\t\t<\/div>\n\t\t<\/div>\n\t\t\t\t<\/div>\n\t\t","protected":false},"excerpt":{"rendered":"<p>FAQ H\u00e4ufig Gestellte Fragen FAQ Ich bin Stammkunde, kann ich einen Rabatt bekommen? Nein, wir entscheiden, wann wir Rabatte anbieten. Normalerweise werden Sie per E-Mail oder \u00fcber unseren Blog benachrichtigt, also stellen Sie sicher, dass Sie ein Konto anlegen, um alle Rabatte und Angebote zu nutzen. \u00dcberpr\u00fcfen Sie unseren Blog f\u00fcr Angebote auf jetzt! Ich [&hellip;]<\/p>\n","protected":false},"author":1,"featured_media":0,"parent":0,"menu_order":0,"comment_status":"closed","ping_status":"closed","template":"","meta":{"_acf_changed":false,"_monsterinsights_skip_tracking":false,"_monsterinsights_sitenote_active":false,"_monsterinsights_sitenote_note":"","_monsterinsights_sitenote_category":0,"footnotes":""},"class_list":["post-1744","page","type-page","status-publish","hentry"],"acf":[],"yoast_head":"<!-- This site is optimized with the Yoast SEO plugin v27.2 - https:\/\/yoast.com\/product\/yoast-seo-wordpress\/ -->\n<title>FAQ - Global Meds Inc<\/title>\n<meta name=\"robots\" content=\"index, follow, max-snippet:-1, max-image-preview:large, max-video-preview:-1\" \/>\n<link rel=\"canonical\" href=\"https:\/\/globalmedsonlineinc.com\/de\/faq\/\" \/>\n<meta property=\"og:locale\" content=\"de_DE\" \/>\n<meta property=\"og:type\" content=\"article\" \/>\n<meta property=\"og:title\" content=\"FAQ - Global Meds Inc\" \/>\n<meta property=\"og:description\" content=\"FAQ H\u00e4ufig Gestellte Fragen FAQ Ich bin Stammkunde, kann ich einen Rabatt bekommen? Nein, wir entscheiden, wann wir Rabatte anbieten. Normalerweise werden Sie per E-Mail oder \u00fcber unseren Blog benachrichtigt, also stellen Sie sicher, dass Sie ein Konto anlegen, um alle Rabatte und Angebote zu nutzen. \u00dcberpr\u00fcfen Sie unseren Blog f\u00fcr Angebote auf jetzt! Ich [&hellip;]\" \/>\n<meta property=\"og:url\" content=\"https:\/\/globalmedsonlineinc.com\/de\/faq\/\" \/>\n<meta property=\"og:site_name\" content=\"Global Meds Inc\" \/>\n<meta property=\"article:modified_time\" content=\"2021-07-16T21:08:18+00:00\" \/>\n<meta name=\"twitter:card\" content=\"summary_large_image\" \/>\n<meta name=\"twitter:label1\" content=\"Gesch\u00e4tzte Lesezeit\" \/>\n\t<meta name=\"twitter:data1\" content=\"3\u00a0Minuten\" \/>\n<script type=\"application\/ld+json\" class=\"yoast-schema-graph\">{\"@context\":\"https:\/\/schema.org\",\"@graph\":[{\"@type\":\"WebPage\",\"@id\":\"https:\/\/globalmedsonlineinc.com\/de\/faq\/\",\"url\":\"https:\/\/globalmedsonlineinc.com\/de\/faq\/\",\"name\":\"FAQ - Global Meds Inc\",\"isPartOf\":{\"@id\":\"https:\/\/globalmedsonlineinc.com\/de\/#website\"},\"datePublished\":\"2020-10-21T08:27:27+00:00\",\"dateModified\":\"2021-07-16T21:08:18+00:00\",\"breadcrumb\":{\"@id\":\"https:\/\/globalmedsonlineinc.com\/de\/faq\/#breadcrumb\"},\"inLanguage\":\"de\",\"potentialAction\":[{\"@type\":\"ReadAction\",\"target\":[\"https:\/\/globalmedsonlineinc.com\/de\/faq\/\"]}]},{\"@type\":\"BreadcrumbList\",\"@id\":\"https:\/\/globalmedsonlineinc.com\/de\/faq\/#breadcrumb\",\"itemListElement\":[{\"@type\":\"ListItem\",\"position\":1,\"name\":\"Home\",\"item\":\"https:\/\/globalmedsonlineinc.com\/de\/\"},{\"@type\":\"ListItem\",\"position\":2,\"name\":\"FAQ\"}]},{\"@type\":\"WebSite\",\"@id\":\"https:\/\/globalmedsonlineinc.com\/de\/#website\",\"url\":\"https:\/\/globalmedsonlineinc.com\/de\/\",\"name\":\"Global Meds Inc\",\"description\":\"\",\"potentialAction\":[{\"@type\":\"SearchAction\",\"target\":{\"@type\":\"EntryPoint\",\"urlTemplate\":\"https:\/\/globalmedsonlineinc.com\/de\/?s={search_term_string}\"},\"query-input\":{\"@type\":\"PropertyValueSpecification\",\"valueRequired\":true,\"valueName\":\"search_term_string\"}}],\"inLanguage\":\"de\"}]}<\/script>\n<!-- \/ Yoast SEO plugin. -->","yoast_head_json":{"title":"FAQ - Global Meds Inc","robots":{"index":"index","follow":"follow","max-snippet":"max-snippet:-1","max-image-preview":"max-image-preview:large","max-video-preview":"max-video-preview:-1"},"canonical":"https:\/\/globalmedsonlineinc.com\/de\/faq\/","og_locale":"de_DE","og_type":"article","og_title":"FAQ - Global Meds Inc","og_description":"FAQ H\u00e4ufig Gestellte Fragen FAQ Ich bin Stammkunde, kann ich einen Rabatt bekommen? Nein, wir entscheiden, wann wir Rabatte anbieten. Normalerweise werden Sie per E-Mail oder \u00fcber unseren Blog benachrichtigt, also stellen Sie sicher, dass Sie ein Konto anlegen, um alle Rabatte und Angebote zu nutzen. \u00dcberpr\u00fcfen Sie unseren Blog f\u00fcr Angebote auf jetzt! Ich [&hellip;]","og_url":"https:\/\/globalmedsonlineinc.com\/de\/faq\/","og_site_name":"Global Meds Inc","article_modified_time":"2021-07-16T21:08:18+00:00","twitter_card":"summary_large_image","twitter_misc":{"Gesch\u00e4tzte Lesezeit":"3\u00a0Minuten"},"schema":{"@context":"https:\/\/schema.org","@graph":[{"@type":"WebPage","@id":"https:\/\/globalmedsonlineinc.com\/de\/faq\/","url":"https:\/\/globalmedsonlineinc.com\/de\/faq\/","name":"FAQ - Global Meds Inc","isPartOf":{"@id":"https:\/\/globalmedsonlineinc.com\/de\/#website"},"datePublished":"2020-10-21T08:27:27+00:00","dateModified":"2021-07-16T21:08:18+00:00","breadcrumb":{"@id":"https:\/\/globalmedsonlineinc.com\/de\/faq\/#breadcrumb"},"inLanguage":"de","potentialAction":[{"@type":"ReadAction","target":["https:\/\/globalmedsonlineinc.com\/de\/faq\/"]}]},{"@type":"BreadcrumbList","@id":"https:\/\/globalmedsonlineinc.com\/de\/faq\/#breadcrumb","itemListElement":[{"@type":"ListItem","position":1,"name":"Home","item":"https:\/\/globalmedsonlineinc.com\/de\/"},{"@type":"ListItem","position":2,"name":"FAQ"}]},{"@type":"WebSite","@id":"https:\/\/globalmedsonlineinc.com\/de\/#website","url":"https:\/\/globalmedsonlineinc.com\/de\/","name":"Global Meds Inc","description":"","potentialAction":[{"@type":"SearchAction","target":{"@type":"EntryPoint","urlTemplate":"https:\/\/globalmedsonlineinc.com\/de\/?s={search_term_string}"},"query-input":{"@type":"PropertyValueSpecification","valueRequired":true,"valueName":"search_term_string"}}],"inLanguage":"de"}]}},"_links":{"self":[{"href":"https:\/\/globalmedsonlineinc.com\/de\/wp-json\/wp\/v2\/pages\/1744","targetHints":{"allow":["GET"]}}],"collection":[{"href":"https:\/\/globalmedsonlineinc.com\/de\/wp-json\/wp\/v2\/pages"}],"about":[{"href":"https:\/\/globalmedsonlineinc.com\/de\/wp-json\/wp\/v2\/types\/page"}],"author":[{"embeddable":true,"href":"https:\/\/globalmedsonlineinc.com\/de\/wp-json\/wp\/v2\/users\/1"}],"replies":[{"embeddable":true,"href":"https:\/\/globalmedsonlineinc.com\/de\/wp-json\/wp\/v2\/comments?post=1744"}],"version-history":[{"count":7,"href":"https:\/\/globalmedsonlineinc.com\/de\/wp-json\/wp\/v2\/pages\/1744\/revisions"}],"predecessor-version":[{"id":10515,"href":"https:\/\/globalmedsonlineinc.com\/de\/wp-json\/wp\/v2\/pages\/1744\/revisions\/10515"}],"wp:attachment":[{"href":"https:\/\/globalmedsonlineinc.com\/de\/wp-json\/wp\/v2\/media?parent=1744"}],"curies":[{"name":"wp","href":"https:\/\/api.w.org\/{rel}","templated":true}]}}