{"id":1186,"date":"2020-10-16T05:30:57","date_gmt":"2020-10-16T05:30:57","guid":{"rendered":"http:\/\/iqonic.design\/wp-themes\/kivicare\/?page_id=1186"},"modified":"2021-07-16T21:40:13","modified_gmt":"2021-07-16T21:40:13","slug":"kontaktieren-sie-uns","status":"publish","type":"page","link":"https:\/\/globalmedsonlineinc.com\/de\/kontaktieren-sie-uns\/","title":{"rendered":"Kontaktieren Sie uns"},"content":{"rendered":"\t\t<div data-elementor-type=\"wp-page\" data-elementor-id=\"1186\" class=\"elementor elementor-1186\">\n\t\t\t\t\t\t<div data-marvy_enable_birds_animation=\"false\" data-marvy_enable_cells_animation=\"false\" data-marvy_enable_dots_animation=\"false\" data-marvy_enable_fog_animation=\"false\" data-marvy_enable_globe_animation=\"false\" data-marvy_enable_halo_animation=\"false\" data-marvy_enable_net_animation=\"false\" data-marvy_enable_trunk_animation=\"false\" data-marvy_enable_fluid_animation=\"false\" data-marvy_enable_digitalStream_animation=\"false\" data-marvy_enable_floating_heart_animation=\"false\" data-marvy_enable_particles_wave_animation=\"false\" data-marvy_enable_dna_animation=\"false\" data-marvy_enable_drop_animation=\"false\" data-marvy_enable_fancy_rotate=\"false\" data-marvy_enable_flying_object=\"false\" data-marvy_enable_ripples_animation=\"false\" data-marvy_enable_waves_animation=\"false\" data-marvy_enable_rings_animation=\"false\" data-marvy_enable_topology_animation=\"false\" data-marvy_enable_gradient_animation=\"false\" data-marvy_enable_snow_animation=\"false\" data-marvy_enable_firework_animation=\"false\" data-marvy_enable_cloud_animation=\"false\" class=\"elementor-section elementor-top-section elementor-element elementor-element-b3fd02d elementor-section-boxed elementor-section-height-default elementor-section-height-default\" data-id=\"b3fd02d\" data-element_type=\"section\" data-e-type=\"section\">\n\t\t\t\t\t\t<div class=\"elementor-container elementor-column-gap-default\">\n\t\t\t\t\t<div class=\"elementor-column elementor-col-33 elementor-top-column elementor-element elementor-element-570e941 elementor-invisible\" data-id=\"570e941\" data-element_type=\"column\" data-e-type=\"column\" data-settings=\"{&quot;animation&quot;:&quot;fadeInUp&quot;,&quot;animation_delay&quot;:200}\">\n\t\t\t<div class=\"elementor-widget-wrap elementor-element-populated\">\n\t\t\t\t\t\t<div class=\"elementor-element elementor-element-88c4d3e elementor-widget elementor-widget-section_title\" data-id=\"88c4d3e\" data-element_type=\"widget\" data-e-type=\"widget\" data-widget_type=\"section_title.default\">\n\t\t\t\t<div class=\"elementor-widget-container\">\n\t\t\t\t\t\n\t<div class=\"text-center iq-title-box iq-title-box-1\">\n\t\t<div class=\"iq-title-icon\">\n\t\t\t<i aria-hidden=\"true\" class=\"typcn typcn-location-outline\"><\/i>\t\t<\/div>\n\t\t<span class=\"iq-subtitle\">STANDORT<\/span>\n\t\t<h5 class=\"iq-title iq-heading-title\">\n\t\t\tCuvrystra\u00dfe 53, 10997 Berlin, Deutschland\t\t<\/h5>\n\t\t\t<\/div>\n\t\t\t\t<\/div>\n\t\t\t\t<\/div>\n\t\t\t\t\t<\/div>\n\t\t<\/div>\n\t\t\t\t<div class=\"elementor-column elementor-col-33 elementor-top-column elementor-element elementor-element-969a3ba elementor-invisible\" data-id=\"969a3ba\" data-element_type=\"column\" data-e-type=\"column\" data-settings=\"{&quot;animation&quot;:&quot;fadeInUp&quot;,&quot;animation_delay&quot;:400}\">\n\t\t\t<div class=\"elementor-widget-wrap elementor-element-populated\">\n\t\t\t\t\t\t<div class=\"elementor-element elementor-element-5f1027b elementor-widget elementor-widget-section_title\" data-id=\"5f1027b\" data-element_type=\"widget\" data-e-type=\"widget\" data-widget_type=\"section_title.default\">\n\t\t\t\t<div class=\"elementor-widget-container\">\n\t\t\t\t\t\n\t<div class=\"text-center iq-title-box iq-title-box-1\">\n\t\t<div class=\"iq-title-icon\">\n\t\t\t<i aria-hidden=\"true\" class=\"typcn typcn-mail\"><\/i>\t\t<\/div>\n\t\t<span class=\"iq-subtitle\">EMAIL <\/span>\n\t\t<h5 class=\"iq-title iq-heading-title\">\n\t\t\tsupport@globalmedsonlineinc.com\t\t<\/h5>\n\t\t\t<\/div>\n\t\t\t\t<\/div>\n\t\t\t\t<\/div>\n\t\t\t\t\t<\/div>\n\t\t<\/div>\n\t\t\t\t<div class=\"elementor-column elementor-col-33 elementor-top-column elementor-element elementor-element-ce1ae2c elementor-invisible\" data-id=\"ce1ae2c\" data-element_type=\"column\" data-e-type=\"column\" data-settings=\"{&quot;animation&quot;:&quot;fadeInUp&quot;,&quot;animation_delay&quot;:600}\">\n\t\t\t<div class=\"elementor-widget-wrap elementor-element-populated\">\n\t\t\t\t\t\t<div class=\"elementor-element elementor-element-e363930 elementor-widget elementor-widget-section_title\" data-id=\"e363930\" data-element_type=\"widget\" data-e-type=\"widget\" data-widget_type=\"section_title.default\">\n\t\t\t\t<div class=\"elementor-widget-container\">\n\t\t\t\t\t\n\t<div class=\"text-center iq-title-box iq-title-box-1\">\n\t\t<div class=\"iq-title-icon\">\n\t\t\t<i aria-hidden=\"true\" class=\"typcn typcn-phone-outline\"><\/i>\t\t<\/div>\n\t\t<span class=\"iq-subtitle\">JEDERZEIT ANRUFEN<\/span>\n\t\t<h5 class=\"iq-title iq-heading-title\">\n\t\t\t+4915214511657\t\t<\/h5>\n\t\t\t<\/div>\n\t\t\t\t<\/div>\n\t\t\t\t<\/div>\n\t\t\t\t\t<\/div>\n\t\t<\/div>\n\t\t\t\t\t<\/div>\n\t\t<\/div>\n\t\t\t\t<section data-marvy_enable_birds_animation=\"false\" data-marvy_enable_cells_animation=\"false\" data-marvy_enable_dots_animation=\"false\" data-marvy_enable_fog_animation=\"false\" data-marvy_enable_globe_animation=\"false\" data-marvy_enable_halo_animation=\"false\" data-marvy_enable_net_animation=\"false\" data-marvy_enable_trunk_animation=\"false\" data-marvy_enable_fluid_animation=\"false\" data-marvy_enable_digitalStream_animation=\"false\" data-marvy_enable_floating_heart_animation=\"false\" data-marvy_enable_particles_wave_animation=\"false\" data-marvy_enable_dna_animation=\"false\" data-marvy_enable_drop_animation=\"false\" data-marvy_enable_fancy_rotate=\"false\" data-marvy_enable_flying_object=\"false\" data-marvy_enable_ripples_animation=\"false\" data-marvy_enable_waves_animation=\"false\" data-marvy_enable_rings_animation=\"false\" data-marvy_enable_topology_animation=\"false\" data-marvy_enable_gradient_animation=\"false\" data-marvy_enable_snow_animation=\"false\" data-marvy_enable_firework_animation=\"false\" data-marvy_enable_cloud_animation=\"false\" class=\"elementor-section elementor-top-section elementor-element elementor-element-340471f elementor-section-boxed elementor-section-height-default elementor-section-height-default\" data-id=\"340471f\" data-element_type=\"section\" data-e-type=\"section\">\n\t\t\t\t\t\t<div class=\"elementor-container elementor-column-gap-default\">\n\t\t\t\t\t<div class=\"elementor-column elementor-col-100 elementor-top-column elementor-element elementor-element-e45fac4\" data-id=\"e45fac4\" data-element_type=\"column\" data-e-type=\"column\">\n\t\t\t<div class=\"elementor-widget-wrap elementor-element-populated\">\n\t\t\t\t\t\t<div class=\"elementor-element elementor-element-f692d64 elementor-widget elementor-widget-iq_divider\" data-id=\"f692d64\" data-element_type=\"widget\" data-e-type=\"widget\" data-widget_type=\"iq_divider.default\">\n\t\t\t\t<div class=\"elementor-widget-container\">\n\t\t\t\t\t\t<div class=\"iq-divider iq-divider-style-1 \">\n\t\t<div class=\"iq-divider-left\">\n\t\t<\/div>\n\t<\/div>\n\t\t\t\t<\/div>\n\t\t\t\t<\/div>\n\t\t\t\t\t<\/div>\n\t\t<\/div>\n\t\t\t\t\t<\/div>\n\t\t<\/section>\n\t\t\t\t<section data-marvy_enable_birds_animation=\"false\" data-marvy_enable_cells_animation=\"false\" data-marvy_enable_dots_animation=\"false\" data-marvy_enable_fog_animation=\"false\" data-marvy_enable_globe_animation=\"false\" data-marvy_enable_halo_animation=\"false\" data-marvy_enable_net_animation=\"false\" data-marvy_enable_trunk_animation=\"false\" data-marvy_enable_fluid_animation=\"false\" data-marvy_enable_digitalStream_animation=\"false\" data-marvy_enable_floating_heart_animation=\"false\" data-marvy_enable_particles_wave_animation=\"false\" data-marvy_enable_dna_animation=\"false\" data-marvy_enable_drop_animation=\"false\" data-marvy_enable_fancy_rotate=\"false\" data-marvy_enable_flying_object=\"false\" data-marvy_enable_ripples_animation=\"false\" data-marvy_enable_waves_animation=\"false\" data-marvy_enable_rings_animation=\"false\" data-marvy_enable_topology_animation=\"false\" data-marvy_enable_gradient_animation=\"false\" data-marvy_enable_snow_animation=\"false\" data-marvy_enable_firework_animation=\"false\" data-marvy_enable_cloud_animation=\"false\" class=\"elementor-section elementor-top-section elementor-element elementor-element-1051cb6 elementor-section-boxed elementor-section-height-default elementor-section-height-default\" data-id=\"1051cb6\" data-element_type=\"section\" data-e-type=\"section\">\n\t\t\t\t\t\t<div class=\"elementor-container elementor-column-gap-default\">\n\t\t\t\t\t<div class=\"elementor-column elementor-col-100 elementor-top-column elementor-element elementor-element-580afd7\" data-id=\"580afd7\" data-element_type=\"column\" data-e-type=\"column\">\n\t\t\t<div class=\"elementor-widget-wrap elementor-element-populated\">\n\t\t\t\t\t\t<div class=\"elementor-element elementor-element-9b14058 elementor-widget elementor-widget-section_title\" data-id=\"9b14058\" data-element_type=\"widget\" data-e-type=\"widget\" data-widget_type=\"section_title.default\">\n\t\t\t\t<div class=\"elementor-widget-container\">\n\t\t\t\t\t\t<div class=\"text-center iq-title-box\">\n\t\t<div class=\"iq-title-icon\">\n\t\t\t\t\t<\/div>\n\n\t\t<span class=\"iq-subtitle\">Nur einen Anruf entfernt<\/span>\n\t\t<h2 class=\"iq-title iq-heading-title\">\n\t\t\t<span class=\"right-text\">Wir w\u00fcrden uns freuen, <\/span>\n\t\t\t<span class=\"left-text\">von Ihnen zu h\u00f6ren!<\/span>\n\t\t<\/h2>\n\t\t<p class=\"iq-title-desc\">Wir sind hier und immer bereit, Ihnen zu helfen. Lassen Sie uns wissen, wie wir Ihnen dienen k\u00f6nnen und wir melden uns in k\u00fcrzester Zeit zur\u00fcck.<\/p>\t<\/div>\n\t\t\t\t<\/div>\n\t\t\t\t<\/div>\n\t\t\t\t\t<\/div>\n\t\t<\/div>\n\t\t\t\t\t<\/div>\n\t\t<\/section>\n\t\t\t\t<section data-marvy_enable_birds_animation=\"false\" data-marvy_enable_cells_animation=\"false\" data-marvy_enable_dots_animation=\"false\" data-marvy_enable_fog_animation=\"false\" data-marvy_enable_globe_animation=\"false\" data-marvy_enable_halo_animation=\"false\" data-marvy_enable_net_animation=\"false\" data-marvy_enable_trunk_animation=\"false\" data-marvy_enable_fluid_animation=\"false\" data-marvy_enable_digitalStream_animation=\"false\" data-marvy_enable_floating_heart_animation=\"false\" data-marvy_enable_particles_wave_animation=\"false\" data-marvy_enable_dna_animation=\"false\" data-marvy_enable_drop_animation=\"false\" data-marvy_enable_fancy_rotate=\"false\" data-marvy_enable_flying_object=\"false\" data-marvy_enable_ripples_animation=\"false\" data-marvy_enable_waves_animation=\"false\" data-marvy_enable_rings_animation=\"false\" data-marvy_enable_topology_animation=\"false\" data-marvy_enable_gradient_animation=\"false\" data-marvy_enable_snow_animation=\"false\" data-marvy_enable_firework_animation=\"false\" data-marvy_enable_cloud_animation=\"false\" class=\"elementor-section elementor-top-section elementor-element elementor-element-df95608 elementor-section-boxed elementor-section-height-default elementor-section-height-default\" data-id=\"df95608\" data-element_type=\"section\" data-e-type=\"section\">\n\t\t\t\t\t\t<div class=\"elementor-container elementor-column-gap-default\">\n\t\t\t\t\t<div class=\"elementor-column elementor-col-50 elementor-top-column elementor-element elementor-element-438548f\" data-id=\"438548f\" data-element_type=\"column\" data-e-type=\"column\">\n\t\t\t<div class=\"elementor-widget-wrap elementor-element-populated\">\n\t\t\t\t\t\t<div class=\"elementor-element elementor-element-034462a elementor-widget elementor-widget-shortcode\" data-id=\"034462a\" data-element_type=\"widget\" data-e-type=\"widget\" data-widget_type=\"shortcode.default\">\n\t\t\t\t<div class=\"elementor-widget-container\">\n\t\t\t\t\t\t\t<div class=\"elementor-shortcode\">\n<div class=\"wpcf7 no-js\" id=\"wpcf7-f5-o1\" lang=\"en-US\" dir=\"ltr\" data-wpcf7-id=\"5\">\n<div class=\"screen-reader-response\"><p role=\"status\" aria-live=\"polite\" aria-atomic=\"true\"><\/p> <ul><\/ul><\/div>\n<form action=\"\/de\/wp-json\/wp\/v2\/pages\/1186#wpcf7-f5-o1\" method=\"post\" class=\"wpcf7-form init\" aria-label=\"Contact form\" novalidate=\"novalidate\" data-status=\"init\">\n<fieldset class=\"hidden-fields-container\"><input type=\"hidden\" name=\"_wpcf7\" value=\"5\" \/><input type=\"hidden\" name=\"_wpcf7_version\" value=\"6.1.5\" \/><input type=\"hidden\" name=\"_wpcf7_locale\" value=\"en_US\" \/><input type=\"hidden\" name=\"_wpcf7_unit_tag\" value=\"wpcf7-f5-o1\" \/><input type=\"hidden\" name=\"_wpcf7_container_post\" value=\"0\" \/><input type=\"hidden\" name=\"_wpcf7_posted_data_hash\" value=\"\" \/>\n<\/fieldset>\n<p><label> Ihr Name<br \/>\n<span class=\"wpcf7-form-control-wrap\" data-name=\"your-name\"><input size=\"40\" maxlength=\"400\" class=\"wpcf7-form-control wpcf7-text wpcf7-validates-as-required\" aria-required=\"true\" aria-invalid=\"false\" value=\"\" type=\"text\" name=\"your-name\" \/><\/span> <\/label>\n<\/p>\n<p><label> Ihre E-Mail<br \/>\n<span class=\"wpcf7-form-control-wrap\" data-name=\"your-email\"><input size=\"40\" maxlength=\"400\" class=\"wpcf7-form-control wpcf7-email wpcf7-validates-as-required wpcf7-text wpcf7-validates-as-email\" aria-required=\"true\" aria-invalid=\"false\" value=\"\" type=\"email\" name=\"your-email\" \/><\/span> <\/label>\n<\/p>\n<p><label> Betreff<br \/>\n<span class=\"wpcf7-form-control-wrap\" data-name=\"your-subject\"><input size=\"40\" maxlength=\"400\" class=\"wpcf7-form-control wpcf7-text wpcf7-validates-as-required\" aria-required=\"true\" aria-invalid=\"false\" value=\"\" type=\"text\" name=\"your-subject\" \/><\/span> <\/label>\n<\/p>\n<p><label> Ihre Nachricht (wahlweise)<br \/>\n<span class=\"wpcf7-form-control-wrap\" data-name=\"your-message\"><textarea cols=\"40\" rows=\"10\" maxlength=\"2000\" class=\"wpcf7-form-control wpcf7-textarea\" aria-invalid=\"false\" name=\"your-message\"><\/textarea><\/span> <\/label>\n<\/p>\n<p><input class=\"wpcf7-form-control wpcf7-submit has-spinner\" type=\"submit\" value=\"Senden\" \/>\n<\/p><div class=\"wpcf7-response-output\" aria-hidden=\"true\"><\/div>\n<\/form>\n<\/div>\n<\/div>\n\t\t\t\t\t\t<\/div>\n\t\t\t\t<\/div>\n\t\t\t\t\t<\/div>\n\t\t<\/div>\n\t\t\t\t<div class=\"elementor-column elementor-col-50 elementor-top-column elementor-element elementor-element-190b5b0\" data-id=\"190b5b0\" data-element_type=\"column\" data-e-type=\"column\">\n\t\t\t<div class=\"elementor-widget-wrap elementor-element-populated\">\n\t\t\t\t\t\t<div class=\"elementor-element elementor-element-a220ef4 elementor-widget elementor-widget-google_maps\" data-id=\"a220ef4\" data-element_type=\"widget\" data-e-type=\"widget\" data-widget_type=\"google_maps.default\">\n\t\t\t\t<div class=\"elementor-widget-container\">\n\t\t\t\t\t\t\t<div class=\"elementor-custom-embed\">\n\t\t\t<iframe loading=\"lazy\"\n\t\t\t\t\tsrc=\"https:\/\/maps.google.com\/maps?q=Cuvrystra%C3%9Fe%2053%2C%2010997%20Berlin%2C%20Deutschland&#038;t=m&#038;z=10&#038;output=embed&#038;iwloc=near\"\n\t\t\t\t\ttitle=\"Cuvrystra\u00dfe 53, 10997 Berlin, Deutschland\"\n\t\t\t\t\taria-label=\"Cuvrystra\u00dfe 53, 10997 Berlin, Deutschland\"\n\t\t\t><\/iframe>\n\t\t<\/div>\n\t\t\t\t\t\t<\/div>\n\t\t\t\t<\/div>\n\t\t\t\t\t<\/div>\n\t\t<\/div>\n\t\t\t\t\t<\/div>\n\t\t<\/section>\n\t\t\t\t<\/div>\n\t\t","protected":false},"excerpt":{"rendered":"<p>STANDORT Cuvrystra\u00dfe 53, 10997 Berlin, Deutschland EMAIL support@globalmedsonlineinc.com JEDERZEIT ANRUFEN +4915214511657 Nur einen Anruf entfernt Wir w\u00fcrden uns freuen, von Ihnen zu h\u00f6ren! Wir sind hier und immer bereit, Ihnen zu helfen. Lassen Sie uns wissen, wie wir Ihnen dienen k\u00f6nnen und wir melden uns in k\u00fcrzester Zeit zur\u00fcck.<\/p>\n","protected":false},"author":1,"featured_media":0,"parent":0,"menu_order":0,"comment_status":"closed","ping_status":"closed","template":"","meta":{"_acf_changed":false,"_monsterinsights_skip_tracking":false,"_monsterinsights_sitenote_active":false,"_monsterinsights_sitenote_note":"","_monsterinsights_sitenote_category":0,"footnotes":""},"class_list":["post-1186","page","type-page","status-publish","hentry"],"acf":[],"yoast_head":"<!-- This site is optimized with the Yoast SEO plugin v27.2 - https:\/\/yoast.com\/product\/yoast-seo-wordpress\/ -->\n<title>Kontaktieren Sie uns - Global Meds Inc<\/title>\n<meta name=\"robots\" content=\"index, follow, max-snippet:-1, max-image-preview:large, max-video-preview:-1\" \/>\n<link rel=\"canonical\" href=\"https:\/\/globalmedsonlineinc.com\/de\/kontaktieren-sie-uns\/\" \/>\n<meta property=\"og:locale\" content=\"de_DE\" \/>\n<meta property=\"og:type\" content=\"article\" \/>\n<meta property=\"og:title\" content=\"Kontaktieren Sie uns - Global Meds Inc\" \/>\n<meta property=\"og:description\" content=\"STANDORT Cuvrystra\u00dfe 53, 10997 Berlin, Deutschland EMAIL support@globalmedsonlineinc.com JEDERZEIT ANRUFEN +4915214511657 Nur einen Anruf entfernt Wir w\u00fcrden uns freuen, von Ihnen zu h\u00f6ren! Wir sind hier und immer bereit, Ihnen zu helfen. Lassen Sie uns wissen, wie wir Ihnen dienen k\u00f6nnen und wir melden uns in k\u00fcrzester Zeit zur\u00fcck.\" \/>\n<meta property=\"og:url\" content=\"https:\/\/globalmedsonlineinc.com\/de\/kontaktieren-sie-uns\/\" \/>\n<meta property=\"og:site_name\" content=\"Global Meds Inc\" \/>\n<meta property=\"article:modified_time\" content=\"2021-07-16T21:40:13+00:00\" \/>\n<meta name=\"twitter:card\" content=\"summary_large_image\" \/>\n<script type=\"application\/ld+json\" class=\"yoast-schema-graph\">{\"@context\":\"https:\/\/schema.org\",\"@graph\":[{\"@type\":\"WebPage\",\"@id\":\"https:\/\/globalmedsonlineinc.com\/de\/kontaktieren-sie-uns\/\",\"url\":\"https:\/\/globalmedsonlineinc.com\/de\/kontaktieren-sie-uns\/\",\"name\":\"Kontaktieren Sie uns - Global Meds Inc\",\"isPartOf\":{\"@id\":\"https:\/\/globalmedsonlineinc.com\/de\/#website\"},\"datePublished\":\"2020-10-16T05:30:57+00:00\",\"dateModified\":\"2021-07-16T21:40:13+00:00\",\"breadcrumb\":{\"@id\":\"https:\/\/globalmedsonlineinc.com\/de\/kontaktieren-sie-uns\/#breadcrumb\"},\"inLanguage\":\"de\",\"potentialAction\":[{\"@type\":\"ReadAction\",\"target\":[\"https:\/\/globalmedsonlineinc.com\/de\/kontaktieren-sie-uns\/\"]}]},{\"@type\":\"BreadcrumbList\",\"@id\":\"https:\/\/globalmedsonlineinc.com\/de\/kontaktieren-sie-uns\/#breadcrumb\",\"itemListElement\":[{\"@type\":\"ListItem\",\"position\":1,\"name\":\"Home\",\"item\":\"https:\/\/globalmedsonlineinc.com\/de\/\"},{\"@type\":\"ListItem\",\"position\":2,\"name\":\"Kontaktieren Sie uns\"}]},{\"@type\":\"WebSite\",\"@id\":\"https:\/\/globalmedsonlineinc.com\/de\/#website\",\"url\":\"https:\/\/globalmedsonlineinc.com\/de\/\",\"name\":\"Global Meds Inc\",\"description\":\"\",\"potentialAction\":[{\"@type\":\"SearchAction\",\"target\":{\"@type\":\"EntryPoint\",\"urlTemplate\":\"https:\/\/globalmedsonlineinc.com\/de\/?s={search_term_string}\"},\"query-input\":{\"@type\":\"PropertyValueSpecification\",\"valueRequired\":true,\"valueName\":\"search_term_string\"}}],\"inLanguage\":\"de\"}]}<\/script>\n<!-- \/ Yoast SEO plugin. -->","yoast_head_json":{"title":"Kontaktieren Sie uns - Global Meds Inc","robots":{"index":"index","follow":"follow","max-snippet":"max-snippet:-1","max-image-preview":"max-image-preview:large","max-video-preview":"max-video-preview:-1"},"canonical":"https:\/\/globalmedsonlineinc.com\/de\/kontaktieren-sie-uns\/","og_locale":"de_DE","og_type":"article","og_title":"Kontaktieren Sie uns - Global Meds Inc","og_description":"STANDORT Cuvrystra\u00dfe 53, 10997 Berlin, Deutschland EMAIL support@globalmedsonlineinc.com JEDERZEIT ANRUFEN +4915214511657 Nur einen Anruf entfernt Wir w\u00fcrden uns freuen, von Ihnen zu h\u00f6ren! Wir sind hier und immer bereit, Ihnen zu helfen. Lassen Sie uns wissen, wie wir Ihnen dienen k\u00f6nnen und wir melden uns in k\u00fcrzester Zeit zur\u00fcck.","og_url":"https:\/\/globalmedsonlineinc.com\/de\/kontaktieren-sie-uns\/","og_site_name":"Global Meds Inc","article_modified_time":"2021-07-16T21:40:13+00:00","twitter_card":"summary_large_image","schema":{"@context":"https:\/\/schema.org","@graph":[{"@type":"WebPage","@id":"https:\/\/globalmedsonlineinc.com\/de\/kontaktieren-sie-uns\/","url":"https:\/\/globalmedsonlineinc.com\/de\/kontaktieren-sie-uns\/","name":"Kontaktieren Sie uns - Global Meds Inc","isPartOf":{"@id":"https:\/\/globalmedsonlineinc.com\/de\/#website"},"datePublished":"2020-10-16T05:30:57+00:00","dateModified":"2021-07-16T21:40:13+00:00","breadcrumb":{"@id":"https:\/\/globalmedsonlineinc.com\/de\/kontaktieren-sie-uns\/#breadcrumb"},"inLanguage":"de","potentialAction":[{"@type":"ReadAction","target":["https:\/\/globalmedsonlineinc.com\/de\/kontaktieren-sie-uns\/"]}]},{"@type":"BreadcrumbList","@id":"https:\/\/globalmedsonlineinc.com\/de\/kontaktieren-sie-uns\/#breadcrumb","itemListElement":[{"@type":"ListItem","position":1,"name":"Home","item":"https:\/\/globalmedsonlineinc.com\/de\/"},{"@type":"ListItem","position":2,"name":"Kontaktieren Sie uns"}]},{"@type":"WebSite","@id":"https:\/\/globalmedsonlineinc.com\/de\/#website","url":"https:\/\/globalmedsonlineinc.com\/de\/","name":"Global Meds Inc","description":"","potentialAction":[{"@type":"SearchAction","target":{"@type":"EntryPoint","urlTemplate":"https:\/\/globalmedsonlineinc.com\/de\/?s={search_term_string}"},"query-input":{"@type":"PropertyValueSpecification","valueRequired":true,"valueName":"search_term_string"}}],"inLanguage":"de"}]}},"_links":{"self":[{"href":"https:\/\/globalmedsonlineinc.com\/de\/wp-json\/wp\/v2\/pages\/1186","targetHints":{"allow":["GET"]}}],"collection":[{"href":"https:\/\/globalmedsonlineinc.com\/de\/wp-json\/wp\/v2\/pages"}],"about":[{"href":"https:\/\/globalmedsonlineinc.com\/de\/wp-json\/wp\/v2\/types\/page"}],"author":[{"embeddable":true,"href":"https:\/\/globalmedsonlineinc.com\/de\/wp-json\/wp\/v2\/users\/1"}],"replies":[{"embeddable":true,"href":"https:\/\/globalmedsonlineinc.com\/de\/wp-json\/wp\/v2\/comments?post=1186"}],"version-history":[{"count":7,"href":"https:\/\/globalmedsonlineinc.com\/de\/wp-json\/wp\/v2\/pages\/1186\/revisions"}],"predecessor-version":[{"id":10529,"href":"https:\/\/globalmedsonlineinc.com\/de\/wp-json\/wp\/v2\/pages\/1186\/revisions\/10529"}],"wp:attachment":[{"href":"https:\/\/globalmedsonlineinc.com\/de\/wp-json\/wp\/v2\/media?parent=1186"}],"curies":[{"name":"wp","href":"https:\/\/api.w.org\/{rel}","templated":true}]}}